{"id":68594,"date":"2026-03-10T10:56:40","date_gmt":"2026-03-10T16:56:40","guid":{"rendered":"https:\/\/thebelizecollection.com\/belize-strand-schnorchel-retreat\/"},"modified":"2026-03-16T13:04:50","modified_gmt":"2026-03-16T19:04:50","slug":"belize-strand-schnorchel-retreat","status":"publish","type":"page","link":"https:\/\/thebelizecollection.com\/de\/belize-strand-schnorchel-retreat\/","title":{"rendered":"Belize Strand- &amp; Schnorchel-Retreat"},"content":{"rendered":"\t\t<div data-elementor-type=\"wp-page\" data-elementor-id=\"68594\" class=\"elementor elementor-68594 elementor-68400\" data-elementor-post-type=\"page\">\n\t\t\t\t<div class=\"elementor-element elementor-element-77efa722 e-con-full elementor-hidden-mobile e-flex e-con e-parent\" data-id=\"77efa722\" data-element_type=\"container\" data-e-type=\"container\" data-settings=\"{&quot;background_background&quot;:&quot;classic&quot;}\">\n\t\t\t\t<\/div>\n\t\t<div class=\"elementor-element elementor-element-61e72602 e-flex e-con-boxed e-con e-parent\" data-id=\"61e72602\" data-element_type=\"container\" data-e-type=\"container\">\n\t\t\t\t\t<div class=\"e-con-inner\">\n\t\t<div class=\"elementor-element elementor-element-4a8c92e4 e-con-full e-flex e-con e-child\" data-id=\"4a8c92e4\" data-element_type=\"container\" data-e-type=\"container\" data-settings=\"{&quot;background_background&quot;:&quot;classic&quot;}\">\n\t\t\t\t<\/div>\n\t\t<div class=\"elementor-element elementor-element-30a4e8bc e-con-full e-flex e-con e-child\" data-id=\"30a4e8bc\" data-element_type=\"container\" data-e-type=\"container\">\n\t\t\t\t<div class=\"elementor-element elementor-element-194eaabd elementor-widget elementor-widget-heading\" data-id=\"194eaabd\" data-element_type=\"widget\" data-e-type=\"widget\" data-widget_type=\"heading.default\">\n\t\t\t\t<div class=\"elementor-widget-container\">\n\t\t\t\t\t<h1 class=\"elementor-heading-title elementor-size-default\">Belize Strand- &amp; Schnorchel-Retreat<\/h1>\t\t\t\t<\/div>\n\t\t\t\t<\/div>\n\t\t\t\t<div class=\"elementor-element elementor-element-19cf3edc elementor-widget elementor-widget-heading\" data-id=\"19cf3edc\" data-element_type=\"widget\" data-e-type=\"widget\" data-widget_type=\"heading.default\">\n\t\t\t\t<div class=\"elementor-widget-container\">\n\t\t\t\t\t<h3 class=\"elementor-heading-title elementor-size-default\">Ein unvergesslicher Strandurlaub<\/h3>\t\t\t\t<\/div>\n\t\t\t\t<\/div>\n\t\t\t\t<div class=\"elementor-element elementor-element-2f5a4680 elementor-widget elementor-widget-text-editor\" data-id=\"2f5a4680\" data-element_type=\"widget\" data-e-type=\"widget\" data-widget_type=\"text-editor.default\">\n\t\t\t\t<div class=\"elementor-widget-container\">\n\t\t\t\t\t\t\t\t\t<div class=\"elementor-element elementor-element-3fd73d8 elementor-widget elementor-widget-text-editor\" data-id=\"3fd73d8\" data-element_type=\"widget\" data-widget_type=\"text-editor.default\"><div class=\"elementor-widget-container\">Entfliehen Sie dem Alltag mit einem Belize Strand- &amp; Schnorchel-Retreat, einem erholsamen Kurzurlaub an der K\u00fcste. Verbringen Sie Ihre Tage in einer Suite mit Poolblick und genie\u00dfen Sie k\u00f6stliche Mahlzeiten sowie die ruhige Sch\u00f6nheit des Ufers. Erkunden Sie die lebendige Unterwasserwelt bei einem Schnorchelabenteuer f\u00fcr 2 Personen am Silk Caye und lassen Sie Sonne, Sand und Meer von der Ankunft bis zur Abreise unvergessliche Erinnerungen schaffen.  <\/div><\/div>\t\t\t\t\t\t\t\t<\/div>\n\t\t\t\t<\/div>\n\t\t\t\t<div class=\"elementor-element elementor-element-1cf9d517 elementor-widget elementor-widget-heading\" data-id=\"1cf9d517\" data-element_type=\"widget\" data-e-type=\"widget\" data-widget_type=\"heading.default\">\n\t\t\t\t<div class=\"elementor-widget-container\">\n\t\t\t\t\t<h2 class=\"elementor-heading-title elementor-size-default\">In diesem Erlebnis enthalten:<\/h2>\t\t\t\t<\/div>\n\t\t\t\t<\/div>\n\t\t\t\t<div class=\"elementor-element elementor-element-1ea6bd6 elementor-widget elementor-widget-text-editor\" data-id=\"1ea6bd6\" data-element_type=\"widget\" data-e-type=\"widget\" data-widget_type=\"text-editor.default\">\n\t\t\t\t<div class=\"elementor-widget-container\">\n\t\t\t\t\t\t\t\t\t<div class=\"elementor-element elementor-element-3fd73d8 elementor-widget elementor-widget-text-editor\" data-id=\"3fd73d8\" data-element_type=\"widget\" data-widget_type=\"text-editor.default\"><div class=\"elementor-widget-container\"><ul><li>Inlands-Hinflug vom Belize International Airport zum Placencia Airstrip am Anreisetag<\/li><li>4 \u00dcbernachtungen in einer Suite mit Poolblick<\/li><li>T\u00e4gliches 1-Gang-Fr\u00fchst\u00fcck, 2-Gang-Mittagessen und 3-Gang-Abendessen <em>** Hummer und Steak gegen einen Aufpreis von 18,38 US$<\/em><\/li><li>Silk Caye Schnorcheltour f\u00fcr 2 Personen<\/li><li>Inlands-R\u00fcckflug vom Placencia Airstrip zum Belize International Airport am Abreisetag<\/li><\/ul><\/div><\/div>\t\t\t\t\t\t\t\t<\/div>\n\t\t\t\t<\/div>\n\t\t\t\t<div class=\"elementor-element elementor-element-573cab3b elementor-widget elementor-widget-heading\" data-id=\"573cab3b\" data-element_type=\"widget\" data-e-type=\"widget\" data-widget_type=\"heading.default\">\n\t\t\t\t<div class=\"elementor-widget-container\">\n\t\t\t\t\t<h2 class=\"elementor-heading-title elementor-size-default\">AB 3.499,00 USD<\/h2>\t\t\t\t<\/div>\n\t\t\t\t<\/div>\n\t\t\t\t<div class=\"elementor-element elementor-element-6af4589d elementor-widget elementor-widget-text-editor\" data-id=\"6af4589d\" data-element_type=\"widget\" data-e-type=\"widget\" data-widget_type=\"text-editor.default\">\n\t\t\t\t<div class=\"elementor-widget-container\">\n\t\t\t\t\t\t\t\t\t<div class=\"elementor-element elementor-element-3fd73d8 elementor-widget elementor-widget-text-editor\" data-id=\"3fd73d8\" data-element_type=\"widget\" data-widget_type=\"text-editor.default\"><div class=\"elementor-widget-container\"><ul><li>Der Paketpreis basiert auf 2 Personen.<\/li><\/ul><\/div><\/div>\t\t\t\t\t\t\t\t<\/div>\n\t\t\t\t<\/div>\n\t\t<div class=\"elementor-element elementor-element-af947ac e-grid e-con-full e-con e-child\" data-id=\"af947ac\" data-element_type=\"container\" data-e-type=\"container\">\n\t\t\t\t<div class=\"elementor-element elementor-element-2179d652 elementor-align-left elementor-widget elementor-widget-button\" data-id=\"2179d652\" data-element_type=\"widget\" data-e-type=\"widget\" data-widget_type=\"button.default\">\n\t\t\t\t<div class=\"elementor-widget-container\">\n\t\t\t\t\t\t\t\t\t<div class=\"elementor-button-wrapper\">\n\t\t\t\t\t<a class=\"elementor-button elementor-button-link elementor-size-sm\" href=\"https:\/\/thebelizecollection.com\/contact-us\/\">\n\t\t\t\t\t\t<span class=\"elementor-button-content-wrapper\">\n\t\t\t\t\t\t\t\t\t<span class=\"elementor-button-text\">KONTAKTIEREN SIE UNS<\/span>\n\t\t\t\t\t<\/span>\n\t\t\t\t\t<\/a>\n\t\t\t\t<\/div>\n\t\t\t\t\t\t\t\t<\/div>\n\t\t\t\t<\/div>\n\t\t\t\t<div class=\"elementor-element elementor-element-8ac75dd elementor-align-left elementor-widget elementor-widget-button\" data-id=\"8ac75dd\" data-element_type=\"widget\" data-e-type=\"widget\" id=\"tbc-go-back\" data-widget_type=\"button.default\">\n\t\t\t\t<div class=\"elementor-widget-container\">\n\t\t\t\t\t\t\t\t\t<div class=\"elementor-button-wrapper\">\n\t\t\t\t\t<a class=\"elementor-button elementor-button-link elementor-size-sm\" href=\"https:\/\/thebelizecollection.com\/vacation-packages\/\">\n\t\t\t\t\t\t<span class=\"elementor-button-content-wrapper\">\n\t\t\t\t\t\t<span class=\"elementor-button-icon\">\n\t\t\t\t<svg aria-hidden=\"true\" class=\"e-font-icon-svg e-fas-arrow-left\" viewBox=\"0 0 448 512\" xmlns=\"http:\/\/www.w3.org\/2000\/svg\"><path d=\"M257.5 445.1l-22.2 22.2c-9.4 9.4-24.6 9.4-33.9 0L7 273c-9.4-9.4-9.4-24.6 0-33.9L201.4 44.7c9.4-9.4 24.6-9.4 33.9 0l22.2 22.2c9.5 9.5 9.3 25-.4 34.3L136.6 216H424c13.3 0 24 10.7 24 24v32c0 13.3-10.7 24-24 24H136.6l120.5 114.8c9.8 9.3 10 24.8.4 34.3z\"><\/path><\/svg>\t\t\t<\/span>\n\t\t\t\t\t\t\t\t\t<span class=\"elementor-button-text\">URLAUBSPAKETE ANSEHEN<\/span>\n\t\t\t\t\t<\/span>\n\t\t\t\t\t<\/a>\n\t\t\t\t<\/div>\n\t\t\t\t\t\t\t\t<\/div>\n\t\t\t\t<\/div>\n\t\t\t\t<\/div>\n\t\t\t\t<\/div>\n\t\t\t\t\t<\/div>\n\t\t\t\t<\/div>\n\t\t<div class=\"elementor-element elementor-element-24c626f2 e-flex e-con-boxed e-con e-parent\" data-id=\"24c626f2\" data-element_type=\"container\" data-e-type=\"container\">\n\t\t\t\t\t<div class=\"e-con-inner\">\n\t\t\t\t<div class=\"elementor-element elementor-element-bb33e2 elementor-widget elementor-widget-spacer\" data-id=\"bb33e2\" data-element_type=\"widget\" data-e-type=\"widget\" data-widget_type=\"spacer.default\">\n\t\t\t\t<div class=\"elementor-widget-container\">\n\t\t\t\t\t\t\t<div class=\"elementor-spacer\">\n\t\t\t<div class=\"elementor-spacer-inner\"><\/div>\n\t\t<\/div>\n\t\t\t\t\t\t<\/div>\n\t\t\t\t<\/div>\n\t\t\t\t\t<\/div>\n\t\t\t\t<\/div>\n\t\t\t\t<\/div>\n\t\t","protected":false},"excerpt":{"rendered":"<p>Belize Strand- &amp; Schnorchel-Retreat Ein unvergesslicher Strandurlaub Entfliehen Sie dem Alltag mit einem Belize Strand- &amp; Schnorchel-Retreat, einem erholsamen Kurzurlaub an der K\u00fcste. Verbringen Sie Ihre Tage in einer Suite mit Poolblick und genie\u00dfen Sie k\u00f6stliche Mahlzeiten sowie die ruhige Sch\u00f6nheit des Ufers. Erkunden Sie die lebendige Unterwasserwelt bei einem Schnorchelabenteuer f\u00fcr 2 Personen am [&hellip;]<\/p>\n","protected":false},"author":4,"featured_media":0,"parent":0,"menu_order":0,"comment_status":"closed","ping_status":"closed","template":"page-full-width.php","meta":{"_acf_changed":false,"_vp_format_video_url":"","_vp_image_focal_point":[],"footnotes":""},"categories":[],"tags":[],"class_list":["post-68594","page","type-page","status-publish","hentry"],"acf":[],"yoast_head":"<!-- This site is optimized with the Yoast SEO plugin v27.4 - https:\/\/yoast.com\/product\/yoast-seo-wordpress\/ -->\n<title>Belize Strand- &amp; Schnorchel-Retreat - The Belize Collection<\/title>\n<meta name=\"robots\" content=\"index, follow, max-snippet:-1, max-image-preview:large, max-video-preview:-1\" \/>\n<link rel=\"canonical\" href=\"https:\/\/thebelizecollection.com\/de\/belize-strand-schnorchel-retreat\/\" \/>\n<meta property=\"og:locale\" content=\"de_DE\" \/>\n<meta property=\"og:type\" content=\"article\" \/>\n<meta property=\"og:title\" content=\"Belize Strand- &amp; Schnorchel-Retreat - The Belize Collection\" \/>\n<meta property=\"og:description\" content=\"Belize Strand- &amp; Schnorchel-Retreat Ein unvergesslicher Strandurlaub Entfliehen Sie dem Alltag mit einem Belize Strand- &amp; Schnorchel-Retreat, einem erholsamen Kurzurlaub an der K\u00fcste. Verbringen Sie Ihre Tage in einer Suite mit Poolblick und genie\u00dfen Sie k\u00f6stliche Mahlzeiten sowie die ruhige Sch\u00f6nheit des Ufers. Erkunden Sie die lebendige Unterwasserwelt bei einem Schnorchelabenteuer f\u00fcr 2 Personen am [&hellip;]\" \/>\n<meta property=\"og:url\" content=\"https:\/\/thebelizecollection.com\/de\/belize-strand-schnorchel-retreat\/\" \/>\n<meta property=\"og:site_name\" content=\"The Belize Collection\" \/>\n<meta property=\"article:modified_time\" content=\"2026-03-16T19:04:50+00:00\" \/>\n<meta name=\"twitter:card\" content=\"summary_large_image\" \/>\n<meta name=\"twitter:label1\" content=\"Gesch\u00e4tzte Lesezeit\" \/>\n\t<meta name=\"twitter:data1\" content=\"1\u00a0Minute\" \/>\n<script type=\"application\/ld+json\" class=\"yoast-schema-graph\">{\"@context\":\"https:\\\/\\\/schema.org\",\"@graph\":[{\"@type\":\"WebPage\",\"@id\":\"https:\\\/\\\/thebelizecollection.com\\\/de\\\/belize-strand-schnorchel-retreat\\\/\",\"url\":\"https:\\\/\\\/thebelizecollection.com\\\/de\\\/belize-strand-schnorchel-retreat\\\/\",\"name\":\"Belize Strand- &amp; Schnorchel-Retreat - The Belize Collection\",\"isPartOf\":{\"@id\":\"https:\\\/\\\/thebelizecollection.com\\\/de\\\/#website\"},\"datePublished\":\"2026-03-10T16:56:40+00:00\",\"dateModified\":\"2026-03-16T19:04:50+00:00\",\"breadcrumb\":{\"@id\":\"https:\\\/\\\/thebelizecollection.com\\\/de\\\/belize-strand-schnorchel-retreat\\\/#breadcrumb\"},\"inLanguage\":\"de\",\"potentialAction\":[{\"@type\":\"ReadAction\",\"target\":[\"https:\\\/\\\/thebelizecollection.com\\\/de\\\/belize-strand-schnorchel-retreat\\\/\"]}]},{\"@type\":\"BreadcrumbList\",\"@id\":\"https:\\\/\\\/thebelizecollection.com\\\/de\\\/belize-strand-schnorchel-retreat\\\/#breadcrumb\",\"itemListElement\":[{\"@type\":\"ListItem\",\"position\":1,\"name\":\"Home\",\"item\":\"https:\\\/\\\/thebelizecollection.com\\\/de\\\/\"},{\"@type\":\"ListItem\",\"position\":2,\"name\":\"Belize Strand- &amp; Schnorchel-Retreat\"}]},{\"@type\":\"WebSite\",\"@id\":\"https:\\\/\\\/thebelizecollection.com\\\/de\\\/#website\",\"url\":\"https:\\\/\\\/thebelizecollection.com\\\/de\\\/\",\"name\":\"The Belize Collection\",\"description\":\"Everything Belize\",\"potentialAction\":[{\"@type\":\"SearchAction\",\"target\":{\"@type\":\"EntryPoint\",\"urlTemplate\":\"https:\\\/\\\/thebelizecollection.com\\\/de\\\/?s={search_term_string}\"},\"query-input\":{\"@type\":\"PropertyValueSpecification\",\"valueRequired\":true,\"valueName\":\"search_term_string\"}}],\"inLanguage\":\"de\"}]}<\/script>\n<!-- \/ Yoast SEO plugin. -->","yoast_head_json":{"title":"Belize Strand- &amp; Schnorchel-Retreat - The Belize Collection","robots":{"index":"index","follow":"follow","max-snippet":"max-snippet:-1","max-image-preview":"max-image-preview:large","max-video-preview":"max-video-preview:-1"},"canonical":"https:\/\/thebelizecollection.com\/de\/belize-strand-schnorchel-retreat\/","og_locale":"de_DE","og_type":"article","og_title":"Belize Strand- &amp; Schnorchel-Retreat - The Belize Collection","og_description":"Belize Strand- &amp; Schnorchel-Retreat Ein unvergesslicher Strandurlaub Entfliehen Sie dem Alltag mit einem Belize Strand- &amp; Schnorchel-Retreat, einem erholsamen Kurzurlaub an der K\u00fcste. Verbringen Sie Ihre Tage in einer Suite mit Poolblick und genie\u00dfen Sie k\u00f6stliche Mahlzeiten sowie die ruhige Sch\u00f6nheit des Ufers. Erkunden Sie die lebendige Unterwasserwelt bei einem Schnorchelabenteuer f\u00fcr 2 Personen am [&hellip;]","og_url":"https:\/\/thebelizecollection.com\/de\/belize-strand-schnorchel-retreat\/","og_site_name":"The Belize Collection","article_modified_time":"2026-03-16T19:04:50+00:00","twitter_card":"summary_large_image","twitter_misc":{"Gesch\u00e4tzte Lesezeit":"1\u00a0Minute"},"schema":{"@context":"https:\/\/schema.org","@graph":[{"@type":"WebPage","@id":"https:\/\/thebelizecollection.com\/de\/belize-strand-schnorchel-retreat\/","url":"https:\/\/thebelizecollection.com\/de\/belize-strand-schnorchel-retreat\/","name":"Belize Strand- &amp; Schnorchel-Retreat - The Belize Collection","isPartOf":{"@id":"https:\/\/thebelizecollection.com\/de\/#website"},"datePublished":"2026-03-10T16:56:40+00:00","dateModified":"2026-03-16T19:04:50+00:00","breadcrumb":{"@id":"https:\/\/thebelizecollection.com\/de\/belize-strand-schnorchel-retreat\/#breadcrumb"},"inLanguage":"de","potentialAction":[{"@type":"ReadAction","target":["https:\/\/thebelizecollection.com\/de\/belize-strand-schnorchel-retreat\/"]}]},{"@type":"BreadcrumbList","@id":"https:\/\/thebelizecollection.com\/de\/belize-strand-schnorchel-retreat\/#breadcrumb","itemListElement":[{"@type":"ListItem","position":1,"name":"Home","item":"https:\/\/thebelizecollection.com\/de\/"},{"@type":"ListItem","position":2,"name":"Belize Strand- &amp; Schnorchel-Retreat"}]},{"@type":"WebSite","@id":"https:\/\/thebelizecollection.com\/de\/#website","url":"https:\/\/thebelizecollection.com\/de\/","name":"The Belize Collection","description":"Everything Belize","potentialAction":[{"@type":"SearchAction","target":{"@type":"EntryPoint","urlTemplate":"https:\/\/thebelizecollection.com\/de\/?s={search_term_string}"},"query-input":{"@type":"PropertyValueSpecification","valueRequired":true,"valueName":"search_term_string"}}],"inLanguage":"de"}]}},"jetpack_sharing_enabled":true,"_links":{"self":[{"href":"https:\/\/thebelizecollection.com\/de\/wp-json\/wp\/v2\/pages\/68594","targetHints":{"allow":["GET"]}}],"collection":[{"href":"https:\/\/thebelizecollection.com\/de\/wp-json\/wp\/v2\/pages"}],"about":[{"href":"https:\/\/thebelizecollection.com\/de\/wp-json\/wp\/v2\/types\/page"}],"author":[{"embeddable":true,"href":"https:\/\/thebelizecollection.com\/de\/wp-json\/wp\/v2\/users\/4"}],"replies":[{"embeddable":true,"href":"https:\/\/thebelizecollection.com\/de\/wp-json\/wp\/v2\/comments?post=68594"}],"version-history":[{"count":3,"href":"https:\/\/thebelizecollection.com\/de\/wp-json\/wp\/v2\/pages\/68594\/revisions"}],"predecessor-version":[{"id":68649,"href":"https:\/\/thebelizecollection.com\/de\/wp-json\/wp\/v2\/pages\/68594\/revisions\/68649"}],"wp:attachment":[{"href":"https:\/\/thebelizecollection.com\/de\/wp-json\/wp\/v2\/media?parent=68594"}],"wp:term":[{"taxonomy":"category","embeddable":true,"href":"https:\/\/thebelizecollection.com\/de\/wp-json\/wp\/v2\/categories?post=68594"},{"taxonomy":"post_tag","embeddable":true,"href":"https:\/\/thebelizecollection.com\/de\/wp-json\/wp\/v2\/tags?post=68594"}],"curies":[{"name":"wp","href":"https:\/\/api.w.org\/{rel}","templated":true}]}}