{"id":68595,"date":"2026-03-11T09:55:42","date_gmt":"2026-03-11T15:55:42","guid":{"rendered":"https:\/\/thebelizecollection.com\/rhythmen-am-fluss\/"},"modified":"2026-03-16T13:30:32","modified_gmt":"2026-03-16T19:30:32","slug":"rhythmen-am-fluss","status":"publish","type":"page","link":"https:\/\/thebelizecollection.com\/de\/rhythmen-am-fluss\/","title":{"rendered":"Rhythmen am Fluss"},"content":{"rendered":"\t\t<div data-elementor-type=\"wp-page\" data-elementor-id=\"68595\" class=\"elementor elementor-68595 elementor-62393\" data-elementor-post-type=\"page\">\n\t\t\t\t<div class=\"elementor-element elementor-element-e0c3fa8 e-con-full e-flex e-con e-parent\" data-id=\"e0c3fa8\" data-element_type=\"container\" data-e-type=\"container\" data-settings=\"{&quot;background_background&quot;:&quot;classic&quot;}\">\n\t\t\t\t<\/div>\n\t\t<div class=\"elementor-element elementor-element-22753ee e-flex e-con-boxed e-con e-parent\" data-id=\"22753ee\" data-element_type=\"container\" data-e-type=\"container\">\n\t\t\t\t\t<div class=\"e-con-inner\">\n\t\t\t\t<div class=\"elementor-element elementor-element-f1d6bf9 elementor-widget elementor-widget-spacer\" data-id=\"f1d6bf9\" data-element_type=\"widget\" data-e-type=\"widget\" data-widget_type=\"spacer.default\">\n\t\t\t\t<div class=\"elementor-widget-container\">\n\t\t\t\t\t\t\t<div class=\"elementor-spacer\">\n\t\t\t<div class=\"elementor-spacer-inner\"><\/div>\n\t\t<\/div>\n\t\t\t\t\t\t<\/div>\n\t\t\t\t<\/div>\n\t\t\t\t\t<\/div>\n\t\t\t\t<\/div>\n\t\t<div class=\"elementor-element elementor-element-e5b8605 e-flex e-con-boxed e-con e-parent\" data-id=\"e5b8605\" data-element_type=\"container\" data-e-type=\"container\">\n\t\t\t\t\t<div class=\"e-con-inner\">\n\t\t<div class=\"elementor-element elementor-element-5863e3a e-con-full e-flex e-con e-child\" data-id=\"5863e3a\" data-element_type=\"container\" data-e-type=\"container\">\n\t\t\t\t<div class=\"elementor-element elementor-element-2d3aff2 elementor-widget elementor-widget-heading\" data-id=\"2d3aff2\" data-element_type=\"widget\" data-e-type=\"widget\" data-widget_type=\"heading.default\">\n\t\t\t\t<div class=\"elementor-widget-container\">\n\t\t\t\t\t<h1 class=\"elementor-heading-title elementor-size-default\">Rhythmen am Fluss<\/h1>\t\t\t\t<\/div>\n\t\t\t\t<\/div>\n\t\t\t\t<div class=\"elementor-element elementor-element-db9c635 elementor-widget elementor-widget-text-editor\" data-id=\"db9c635\" data-element_type=\"widget\" data-e-type=\"widget\" data-widget_type=\"text-editor.default\">\n\t\t\t\t<div class=\"elementor-widget-container\">\n\t\t\t\t\t\t\t\t\t<div class=\"elementor-element elementor-element-3fd73d8 elementor-widget elementor-widget-text-editor\" data-id=\"3fd73d8\" data-element_type=\"widget\" data-widget_type=\"text-editor.default\"><div class=\"elementor-widget-container\">Begleiten Sie uns zu einer stilvollen Nacht mit Live-Jazz unter dem Sternenhimmel im The Banks Resort. Lassen Sie sich vom Rhythmus des Abends am Flussufer mit gef\u00fchlvollen Melodien, \u00fcppiger Umgebung und Signature-Cocktails aus Humos Bar davontragen. Bitte reservieren Sie Ihr Abendessen im Voraus. Begrenzte Pl\u00e4tze verf\u00fcgbar. Bitte sagen Sie per WhatsApp unter <a href=\"callto:+501-615-2167\">+501-615-2167<\/a> zu.  <\/div><\/div>\t\t\t\t\t\t\t\t<\/div>\n\t\t\t\t<\/div>\n\t\t\t\t<div class=\"elementor-element elementor-element-df230a5 elementor-widget elementor-widget-text-editor\" data-id=\"df230a5\" data-element_type=\"widget\" data-e-type=\"widget\" data-widget_type=\"text-editor.default\">\n\t\t\t\t<div class=\"elementor-widget-container\">\n\t\t\t\t\t\t\t\t\t<p><strong>Ort: <span style=\"font-weight: 400;\">Humo Restaurant &amp; Bar<\/span><\/strong><\/p><p><strong>Datum:<\/strong> 26. M\u00e4rz 2026<\/p><p><strong>Uhrzeit:<\/strong> 19:00\u201321:00 Uhr<\/p><p><strong>Preis:<\/strong> 20 $ USD pro Person <em>(im Ticketpreis enthalten ist ein Glas Wein oder Bier)<\/em><\/p>\t\t\t\t\t\t\t\t<\/div>\n\t\t\t\t<\/div>\n\t\t\t\t<div class=\"elementor-element elementor-element-d5c7fba elementor-widget elementor-widget-button\" data-id=\"d5c7fba\" data-element_type=\"widget\" data-e-type=\"widget\" data-widget_type=\"button.default\">\n\t\t\t\t<div class=\"elementor-widget-container\">\n\t\t\t\t\t\t\t\t\t<div class=\"elementor-button-wrapper\">\n\t\t\t\t\t<a class=\"elementor-button elementor-button-link elementor-size-sm\" href=\"mailto:reservations@thebelizecollection.com\">\n\t\t\t\t\t\t<span class=\"elementor-button-content-wrapper\">\n\t\t\t\t\t\t\t\t\t<span class=\"elementor-button-text\">Hier klicken, um zuzusagen<\/span>\n\t\t\t\t\t<\/span>\n\t\t\t\t\t<\/a>\n\t\t\t\t<\/div>\n\t\t\t\t\t\t\t\t<\/div>\n\t\t\t\t<\/div>\n\t\t\t\t<\/div>\n\t\t<div class=\"elementor-element elementor-element-f2f5dbf e-con-full e-flex e-con e-child\" data-id=\"f2f5dbf\" data-element_type=\"container\" data-e-type=\"container\" data-settings=\"{&quot;background_background&quot;:&quot;classic&quot;}\">\n\t\t\t\t<\/div>\n\t\t\t\t\t<\/div>\n\t\t\t\t<\/div>\n\t\t<div class=\"elementor-element elementor-element-482a04c e-flex e-con-boxed e-con e-parent\" data-id=\"482a04c\" data-element_type=\"container\" data-e-type=\"container\">\n\t\t\t\t\t<div class=\"e-con-inner\">\n\t\t\t\t<div class=\"elementor-element elementor-element-355d8fa elementor-widget elementor-widget-spacer\" data-id=\"355d8fa\" data-element_type=\"widget\" data-e-type=\"widget\" data-widget_type=\"spacer.default\">\n\t\t\t\t<div class=\"elementor-widget-container\">\n\t\t\t\t\t\t\t<div class=\"elementor-spacer\">\n\t\t\t<div class=\"elementor-spacer-inner\"><\/div>\n\t\t<\/div>\n\t\t\t\t\t\t<\/div>\n\t\t\t\t<\/div>\n\t\t\t\t\t<\/div>\n\t\t\t\t<\/div>\n\t\t<div class=\"elementor-element elementor-element-2a190b4 e-flex e-con-boxed e-con e-parent\" data-id=\"2a190b4\" data-element_type=\"container\" data-e-type=\"container\">\n\t\t\t\t\t<div class=\"e-con-inner\">\n\t\t\t\t<div class=\"elementor-element elementor-element-7e3d1a7 elementor-widget elementor-widget-heading\" data-id=\"7e3d1a7\" data-element_type=\"widget\" data-e-type=\"widget\" data-widget_type=\"heading.default\">\n\t\t\t\t<div class=\"elementor-widget-container\">\n\t\t\t\t\t<h1 class=\"elementor-heading-title elementor-size-default\">Ari &amp; Anton<\/h1>\t\t\t\t<\/div>\n\t\t\t\t<\/div>\n\t\t\t\t<div class=\"elementor-element elementor-element-a1b8f90 elementor-widget elementor-widget-text-editor\" data-id=\"a1b8f90\" data-element_type=\"widget\" data-e-type=\"widget\" data-widget_type=\"text-editor.default\">\n\t\t\t\t<div class=\"elementor-widget-container\">\n\t\t\t\t\t\t\t\t\t<div class=\"elementor-element elementor-element-3fd73d8 elementor-widget elementor-widget-text-editor\" data-id=\"3fd73d8\" data-element_type=\"widget\" data-widget_type=\"text-editor.default\"><div class=\"elementor-widget-container\"><p>Anton Alvarez und Arianna Quiroz sind ein dynamisches Musikduo, geboren und ans\u00e4ssig in Belize, Zentralamerika, das nahezu ein Jahrzehnt B\u00fchnenerfahrung mitbringt. Bekannt f\u00fcr ihre harmonische Chemie und ihren vollen, souligen Sound, lassen sie sich von Legenden wie Stevie Wonder, Ella Fitzgerald, Chet Baker und den Beatles inspirieren und verbinden Jazz, Soul und R&amp;B zu einem eleganten, emotionalen Performance-Stil.<\/p><p>Gemeinsam sind sie in ganz Zentralamerika und den Vereinigten Staaten aufgetreten und haben das Publikum mit ihrer feinen Kunstfertigkeit und ihrem zeitlosen Repertoire begeistert. Ob sie beliebte Klassiker interpretieren oder ihre eigenen, einzigartigen Arrangements pr\u00e4sentieren \u2013 Anton und Arianna schaffen eine warme, anspruchsvolle Atmosph\u00e4re.<\/p><\/div><\/div>\t\t\t\t\t\t\t\t<\/div>\n\t\t\t\t<\/div>\n\t\t\t\t\t<\/div>\n\t\t\t\t<\/div>\n\t\t<div class=\"elementor-element elementor-element-73cd0e7 e-flex e-con-boxed e-con e-parent\" data-id=\"73cd0e7\" data-element_type=\"container\" data-e-type=\"container\">\n\t\t\t\t\t<div class=\"e-con-inner\">\n\t\t\t\t<div class=\"elementor-element elementor-element-d294a06 elementor-widget elementor-widget-spacer\" data-id=\"d294a06\" data-element_type=\"widget\" data-e-type=\"widget\" data-widget_type=\"spacer.default\">\n\t\t\t\t<div class=\"elementor-widget-container\">\n\t\t\t\t\t\t\t<div class=\"elementor-spacer\">\n\t\t\t<div class=\"elementor-spacer-inner\"><\/div>\n\t\t<\/div>\n\t\t\t\t\t\t<\/div>\n\t\t\t\t<\/div>\n\t\t\t\t\t<\/div>\n\t\t\t\t<\/div>\n\t\t\t\t<\/div>\n\t\t","protected":false},"excerpt":{"rendered":"<p>Rhythmen am Fluss Begleiten Sie uns zu einer stilvollen Nacht mit Live-Jazz unter dem Sternenhimmel im The Banks Resort. Lassen Sie sich vom Rhythmus des Abends am Flussufer mit gef\u00fchlvollen Melodien, \u00fcppiger Umgebung und Signature-Cocktails aus Humos Bar davontragen. Bitte reservieren Sie Ihr Abendessen im Voraus. Begrenzte Pl\u00e4tze verf\u00fcgbar. Bitte sagen Sie per WhatsApp unter [&hellip;]<\/p>\n","protected":false},"author":4,"featured_media":68614,"parent":0,"menu_order":0,"comment_status":"closed","ping_status":"closed","template":"page-full-width.php","meta":{"_acf_changed":false,"_vp_format_video_url":"","_vp_image_focal_point":[],"footnotes":""},"categories":[198],"tags":[],"class_list":["post-68595","page","type-page","status-publish","has-post-thumbnail","hentry","category-tbc-treffen"],"acf":[],"yoast_head":"<!-- This site is optimized with the Yoast SEO plugin v27.4 - https:\/\/yoast.com\/product\/yoast-seo-wordpress\/ -->\n<title>Rhythmen am Fluss - The Belize Collection<\/title>\n<meta name=\"robots\" content=\"index, follow, max-snippet:-1, max-image-preview:large, max-video-preview:-1\" \/>\n<link rel=\"canonical\" href=\"https:\/\/thebelizecollection.com\/de\/rhythmen-am-fluss\/\" \/>\n<meta property=\"og:locale\" content=\"de_DE\" \/>\n<meta property=\"og:type\" content=\"article\" \/>\n<meta property=\"og:title\" content=\"Rhythmen am Fluss - The Belize Collection\" \/>\n<meta property=\"og:description\" content=\"Rhythmen am Fluss Begleiten Sie uns zu einer stilvollen Nacht mit Live-Jazz unter dem Sternenhimmel im The Banks Resort. Lassen Sie sich vom Rhythmus des Abends am Flussufer mit gef\u00fchlvollen Melodien, \u00fcppiger Umgebung und Signature-Cocktails aus Humos Bar davontragen. Bitte reservieren Sie Ihr Abendessen im Voraus. Begrenzte Pl\u00e4tze verf\u00fcgbar. Bitte sagen Sie per WhatsApp unter [&hellip;]\" \/>\n<meta property=\"og:url\" content=\"https:\/\/thebelizecollection.com\/de\/rhythmen-am-fluss\/\" \/>\n<meta property=\"og:site_name\" content=\"The Belize Collection\" \/>\n<meta property=\"article:modified_time\" content=\"2026-03-16T19:30:32+00:00\" \/>\n<meta property=\"og:image\" content=\"https:\/\/thebelizecollection.com\/wp-content\/uploads\/2026\/03\/Riverside-Rhythms_1200x628-1.jpg\" \/>\n\t<meta property=\"og:image:width\" content=\"2048\" \/>\n\t<meta property=\"og:image:height\" content=\"1365\" \/>\n\t<meta property=\"og:image:type\" content=\"image\/jpeg\" \/>\n<meta name=\"twitter:card\" content=\"summary_large_image\" \/>\n<meta name=\"twitter:label1\" content=\"Gesch\u00e4tzte Lesezeit\" \/>\n\t<meta name=\"twitter:data1\" content=\"1\u00a0Minute\" \/>\n<script type=\"application\/ld+json\" class=\"yoast-schema-graph\">{\"@context\":\"https:\\\/\\\/schema.org\",\"@graph\":[{\"@type\":\"WebPage\",\"@id\":\"https:\\\/\\\/thebelizecollection.com\\\/de\\\/rhythmen-am-fluss\\\/\",\"url\":\"https:\\\/\\\/thebelizecollection.com\\\/de\\\/rhythmen-am-fluss\\\/\",\"name\":\"Rhythmen am Fluss - The Belize Collection\",\"isPartOf\":{\"@id\":\"https:\\\/\\\/thebelizecollection.com\\\/de\\\/#website\"},\"primaryImageOfPage\":{\"@id\":\"https:\\\/\\\/thebelizecollection.com\\\/de\\\/rhythmen-am-fluss\\\/#primaryimage\"},\"image\":{\"@id\":\"https:\\\/\\\/thebelizecollection.com\\\/de\\\/rhythmen-am-fluss\\\/#primaryimage\"},\"thumbnailUrl\":\"https:\\\/\\\/thebelizecollection.com\\\/wp-content\\\/uploads\\\/2026\\\/03\\\/Riverside-Rhythms_1200x628-1.jpg\",\"datePublished\":\"2026-03-11T15:55:42+00:00\",\"dateModified\":\"2026-03-16T19:30:32+00:00\",\"breadcrumb\":{\"@id\":\"https:\\\/\\\/thebelizecollection.com\\\/de\\\/rhythmen-am-fluss\\\/#breadcrumb\"},\"inLanguage\":\"de\",\"potentialAction\":[{\"@type\":\"ReadAction\",\"target\":[\"https:\\\/\\\/thebelizecollection.com\\\/de\\\/rhythmen-am-fluss\\\/\"]}]},{\"@type\":\"ImageObject\",\"inLanguage\":\"de\",\"@id\":\"https:\\\/\\\/thebelizecollection.com\\\/de\\\/rhythmen-am-fluss\\\/#primaryimage\",\"url\":\"https:\\\/\\\/thebelizecollection.com\\\/wp-content\\\/uploads\\\/2026\\\/03\\\/Riverside-Rhythms_1200x628-1.jpg\",\"contentUrl\":\"https:\\\/\\\/thebelizecollection.com\\\/wp-content\\\/uploads\\\/2026\\\/03\\\/Riverside-Rhythms_1200x628-1.jpg\",\"width\":2048,\"height\":1365},{\"@type\":\"BreadcrumbList\",\"@id\":\"https:\\\/\\\/thebelizecollection.com\\\/de\\\/rhythmen-am-fluss\\\/#breadcrumb\",\"itemListElement\":[{\"@type\":\"ListItem\",\"position\":1,\"name\":\"Home\",\"item\":\"https:\\\/\\\/thebelizecollection.com\\\/de\\\/\"},{\"@type\":\"ListItem\",\"position\":2,\"name\":\"Rhythmen am Fluss\"}]},{\"@type\":\"WebSite\",\"@id\":\"https:\\\/\\\/thebelizecollection.com\\\/de\\\/#website\",\"url\":\"https:\\\/\\\/thebelizecollection.com\\\/de\\\/\",\"name\":\"The Belize Collection\",\"description\":\"Everything Belize\",\"potentialAction\":[{\"@type\":\"SearchAction\",\"target\":{\"@type\":\"EntryPoint\",\"urlTemplate\":\"https:\\\/\\\/thebelizecollection.com\\\/de\\\/?s={search_term_string}\"},\"query-input\":{\"@type\":\"PropertyValueSpecification\",\"valueRequired\":true,\"valueName\":\"search_term_string\"}}],\"inLanguage\":\"de\"}]}<\/script>\n<!-- \/ Yoast SEO plugin. -->","yoast_head_json":{"title":"Rhythmen am Fluss - The Belize Collection","robots":{"index":"index","follow":"follow","max-snippet":"max-snippet:-1","max-image-preview":"max-image-preview:large","max-video-preview":"max-video-preview:-1"},"canonical":"https:\/\/thebelizecollection.com\/de\/rhythmen-am-fluss\/","og_locale":"de_DE","og_type":"article","og_title":"Rhythmen am Fluss - The Belize Collection","og_description":"Rhythmen am Fluss Begleiten Sie uns zu einer stilvollen Nacht mit Live-Jazz unter dem Sternenhimmel im The Banks Resort. Lassen Sie sich vom Rhythmus des Abends am Flussufer mit gef\u00fchlvollen Melodien, \u00fcppiger Umgebung und Signature-Cocktails aus Humos Bar davontragen. Bitte reservieren Sie Ihr Abendessen im Voraus. Begrenzte Pl\u00e4tze verf\u00fcgbar. Bitte sagen Sie per WhatsApp unter [&hellip;]","og_url":"https:\/\/thebelizecollection.com\/de\/rhythmen-am-fluss\/","og_site_name":"The Belize Collection","article_modified_time":"2026-03-16T19:30:32+00:00","og_image":[{"width":2048,"height":1365,"url":"https:\/\/thebelizecollection.com\/wp-content\/uploads\/2026\/03\/Riverside-Rhythms_1200x628-1.jpg","type":"image\/jpeg"}],"twitter_card":"summary_large_image","twitter_misc":{"Gesch\u00e4tzte Lesezeit":"1\u00a0Minute"},"schema":{"@context":"https:\/\/schema.org","@graph":[{"@type":"WebPage","@id":"https:\/\/thebelizecollection.com\/de\/rhythmen-am-fluss\/","url":"https:\/\/thebelizecollection.com\/de\/rhythmen-am-fluss\/","name":"Rhythmen am Fluss - The Belize Collection","isPartOf":{"@id":"https:\/\/thebelizecollection.com\/de\/#website"},"primaryImageOfPage":{"@id":"https:\/\/thebelizecollection.com\/de\/rhythmen-am-fluss\/#primaryimage"},"image":{"@id":"https:\/\/thebelizecollection.com\/de\/rhythmen-am-fluss\/#primaryimage"},"thumbnailUrl":"https:\/\/thebelizecollection.com\/wp-content\/uploads\/2026\/03\/Riverside-Rhythms_1200x628-1.jpg","datePublished":"2026-03-11T15:55:42+00:00","dateModified":"2026-03-16T19:30:32+00:00","breadcrumb":{"@id":"https:\/\/thebelizecollection.com\/de\/rhythmen-am-fluss\/#breadcrumb"},"inLanguage":"de","potentialAction":[{"@type":"ReadAction","target":["https:\/\/thebelizecollection.com\/de\/rhythmen-am-fluss\/"]}]},{"@type":"ImageObject","inLanguage":"de","@id":"https:\/\/thebelizecollection.com\/de\/rhythmen-am-fluss\/#primaryimage","url":"https:\/\/thebelizecollection.com\/wp-content\/uploads\/2026\/03\/Riverside-Rhythms_1200x628-1.jpg","contentUrl":"https:\/\/thebelizecollection.com\/wp-content\/uploads\/2026\/03\/Riverside-Rhythms_1200x628-1.jpg","width":2048,"height":1365},{"@type":"BreadcrumbList","@id":"https:\/\/thebelizecollection.com\/de\/rhythmen-am-fluss\/#breadcrumb","itemListElement":[{"@type":"ListItem","position":1,"name":"Home","item":"https:\/\/thebelizecollection.com\/de\/"},{"@type":"ListItem","position":2,"name":"Rhythmen am Fluss"}]},{"@type":"WebSite","@id":"https:\/\/thebelizecollection.com\/de\/#website","url":"https:\/\/thebelizecollection.com\/de\/","name":"The Belize Collection","description":"Everything Belize","potentialAction":[{"@type":"SearchAction","target":{"@type":"EntryPoint","urlTemplate":"https:\/\/thebelizecollection.com\/de\/?s={search_term_string}"},"query-input":{"@type":"PropertyValueSpecification","valueRequired":true,"valueName":"search_term_string"}}],"inLanguage":"de"}]}},"jetpack_sharing_enabled":true,"_links":{"self":[{"href":"https:\/\/thebelizecollection.com\/de\/wp-json\/wp\/v2\/pages\/68595","targetHints":{"allow":["GET"]}}],"collection":[{"href":"https:\/\/thebelizecollection.com\/de\/wp-json\/wp\/v2\/pages"}],"about":[{"href":"https:\/\/thebelizecollection.com\/de\/wp-json\/wp\/v2\/types\/page"}],"author":[{"embeddable":true,"href":"https:\/\/thebelizecollection.com\/de\/wp-json\/wp\/v2\/users\/4"}],"replies":[{"embeddable":true,"href":"https:\/\/thebelizecollection.com\/de\/wp-json\/wp\/v2\/comments?post=68595"}],"version-history":[{"count":2,"href":"https:\/\/thebelizecollection.com\/de\/wp-json\/wp\/v2\/pages\/68595\/revisions"}],"predecessor-version":[{"id":68874,"href":"https:\/\/thebelizecollection.com\/de\/wp-json\/wp\/v2\/pages\/68595\/revisions\/68874"}],"wp:featuredmedia":[{"embeddable":true,"href":"https:\/\/thebelizecollection.com\/de\/wp-json\/wp\/v2\/media\/68614"}],"wp:attachment":[{"href":"https:\/\/thebelizecollection.com\/de\/wp-json\/wp\/v2\/media?parent=68595"}],"wp:term":[{"taxonomy":"category","embeddable":true,"href":"https:\/\/thebelizecollection.com\/de\/wp-json\/wp\/v2\/categories?post=68595"},{"taxonomy":"post_tag","embeddable":true,"href":"https:\/\/thebelizecollection.com\/de\/wp-json\/wp\/v2\/tags?post=68595"}],"curies":[{"name":"wp","href":"https:\/\/api.w.org\/{rel}","templated":true}]}}