{"id":68596,"date":"2026-02-10T12:04:20","date_gmt":"2026-02-10T18:04:20","guid":{"rendered":"https:\/\/thebelizecollection.com\/e-bike-verleih\/"},"modified":"2026-03-16T13:15:40","modified_gmt":"2026-03-16T19:15:40","slug":"e-bike-verleih","status":"publish","type":"page","link":"https:\/\/thebelizecollection.com\/de\/e-bike-verleih\/","title":{"rendered":"E-Bike-Verleih"},"content":{"rendered":"\t\t<div data-elementor-type=\"wp-page\" data-elementor-id=\"68596\" class=\"elementor elementor-68596 elementor-67395\" data-elementor-post-type=\"page\">\n\t\t\t\t<div class=\"elementor-element elementor-element-2a73fc58 e-con-full elementor-hidden-mobile e-flex e-con e-parent\" data-id=\"2a73fc58\" data-element_type=\"container\" data-e-type=\"container\" data-settings=\"{&quot;background_background&quot;:&quot;classic&quot;}\">\n\t\t\t\t<\/div>\n\t\t<div class=\"elementor-element elementor-element-78ba4936 e-flex e-con-boxed e-con e-parent\" data-id=\"78ba4936\" data-element_type=\"container\" data-e-type=\"container\">\n\t\t\t\t\t<div class=\"e-con-inner\">\n\t\t<div class=\"elementor-element elementor-element-1224048a e-con-full e-flex e-con e-child\" data-id=\"1224048a\" data-element_type=\"container\" data-e-type=\"container\">\n\t\t\t\t<div class=\"elementor-element elementor-element-79a383d elementor-widget elementor-widget-heading\" data-id=\"79a383d\" data-element_type=\"widget\" data-e-type=\"widget\" data-widget_type=\"heading.default\">\n\t\t\t\t<div class=\"elementor-widget-container\">\n\t\t\t\t\t<h1 class=\"elementor-heading-title elementor-size-default\">E-Bike-Verleih<\/h1>\t\t\t\t<\/div>\n\t\t\t\t<\/div>\n\t\t\t\t<div class=\"elementor-element elementor-element-334604ff elementor-widget elementor-widget-heading\" data-id=\"334604ff\" data-element_type=\"widget\" data-e-type=\"widget\" data-widget_type=\"heading.default\">\n\t\t\t\t<div class=\"elementor-widget-container\">\n\t\t\t\t\t<h3 class=\"elementor-heading-title elementor-size-default\">Abfahrt ab The Banks<\/h3>\t\t\t\t<\/div>\n\t\t\t\t<\/div>\n\t\t\t\t<div class=\"elementor-element elementor-element-23dd3f6e elementor-widget elementor-widget-text-editor\" data-id=\"23dd3f6e\" data-element_type=\"widget\" data-e-type=\"widget\" data-widget_type=\"text-editor.default\">\n\t\t\t\t<div class=\"elementor-widget-container\">\n\t\t\t\t\t\t\t\t\t<div class=\"elementor-element elementor-element-3fd73d8 elementor-widget elementor-widget-text-editor\" data-id=\"3fd73d8\" data-element_type=\"widget\" data-widget_type=\"text-editor.default\"><div class=\"elementor-widget-container\">Erkunden Sie das Anwesen auf eine ganz neue Art mit unseren E-Bikes. Gleiten Sie m\u00fchelos durch \u00fcppige Obstg\u00e4rten und verschlungene Dschungelpfade, w\u00e4hrend Sie die Landschaft in Ihrem eigenen Tempo genie\u00dfen. Es ist die perfekte Mischung aus Abenteuer und Komfort, die es Ihnen erm\u00f6glicht, mehr zu sehen, weiter zu fahren und sich wie nie zuvor mit der Natur zu verbinden.  <\/div><\/div>\t\t\t\t\t\t\t\t<\/div>\n\t\t\t\t<\/div>\n\t\t\t\t<div class=\"elementor-element elementor-element-162bab6 elementor-widget elementor-widget-text-editor\" data-id=\"162bab6\" data-element_type=\"widget\" data-e-type=\"widget\" data-widget_type=\"text-editor.default\">\n\t\t\t\t<div class=\"elementor-widget-container\">\n\t\t\t\t\t\t\t\t\t<p><strong>Mietbedingungen:<\/strong><\/p><ul><li>E-Bikes sind von Sonnenaufgang bis Sonnenuntergang verf\u00fcgbar.<\/li><li>Fahrer m\u00fcssen mindestens 18 Jahre alt sein.<\/li><li>Ein Fahrer pro E-Bike; Helme sind jederzeit Pflicht.<\/li><li>Bitte melden Sie St\u00f6rungen umgehend an der Rezeption.<\/li><\/ul>\t\t\t\t\t\t\t\t<\/div>\n\t\t\t\t<\/div>\n\t\t\t\t<div class=\"elementor-element elementor-element-2908b5ec elementor-widget elementor-widget-text-editor\" data-id=\"2908b5ec\" data-element_type=\"widget\" data-e-type=\"widget\" data-widget_type=\"text-editor.default\">\n\t\t\t\t<div class=\"elementor-widget-container\">\n\t\t\t\t\t\t\t\t\t\n<table id=\"tablepress-111\" class=\"tablepress tablepress-id-111\">\n<tbody class=\"row-striping\">\n<tr class=\"row-1\">\n\t<td class=\"column-1\"><center><b>Price (BZD)<\/b><\/center><\/td><td class=\"column-2\"><center><b>Length of Time<\/b><\/center><\/td>\n<\/tr>\n<tr class=\"row-2\">\n\t<td class=\"column-1\"><center>$10.00<\/center><\/td><td class=\"column-2\"><center>2 Hours (minimum)<\/center><\/td>\n<\/tr>\n<tr class=\"row-3\">\n\t<td class=\"column-1\"><center>$15.00<\/center><\/td><td class=\"column-2\"><center>3 Hours<\/center><\/td>\n<\/tr>\n<tr class=\"row-4\">\n\t<td class=\"column-1\"><center>$30.00<\/center><\/td><td class=\"column-2\"><center>Full Day<\/center><\/td>\n<\/tr>\n<\/tbody>\n<\/table>\n<!-- #tablepress-111 from cache -->\t\t\t\t\t\t\t\t<\/div>\n\t\t\t\t<\/div>\n\t\t\t\t<div class=\"elementor-element elementor-element-410fb90 elementor-widget elementor-widget-button\" data-id=\"410fb90\" data-element_type=\"widget\" data-e-type=\"widget\" data-widget_type=\"button.default\">\n\t\t\t\t<div class=\"elementor-widget-container\">\n\t\t\t\t\t\t\t\t\t<div class=\"elementor-button-wrapper\">\n\t\t\t\t\t<a class=\"elementor-button elementor-button-link elementor-size-sm\" href=\"mailto:reservations@thebelizecollection.com\">\n\t\t\t\t\t\t<span class=\"elementor-button-content-wrapper\">\n\t\t\t\t\t\t\t\t\t<span class=\"elementor-button-text\">KONTAKTIEREN SIE UNS<\/span>\n\t\t\t\t\t<\/span>\n\t\t\t\t\t<\/a>\n\t\t\t\t<\/div>\n\t\t\t\t\t\t\t\t<\/div>\n\t\t\t\t<\/div>\n\t\t\t\t<\/div>\n\t\t<div class=\"elementor-element elementor-element-26a9b633 e-con-full e-flex e-con e-child\" data-id=\"26a9b633\" data-element_type=\"container\" data-e-type=\"container\" data-settings=\"{&quot;background_background&quot;:&quot;slideshow&quot;,&quot;background_slideshow_gallery&quot;:[{&quot;id&quot;:67401,&quot;url&quot;:&quot;https:\\\/\\\/thebelizecollection.com\\\/wp-content\\\/uploads\\\/2026\\\/02\\\/23A0445-scaled.jpg&quot;}],&quot;background_slideshow_loop&quot;:&quot;yes&quot;,&quot;background_slideshow_slide_duration&quot;:5000,&quot;background_slideshow_slide_transition&quot;:&quot;fade&quot;,&quot;background_slideshow_transition_duration&quot;:500}\">\n\t\t\t\t<div class=\"elementor-element elementor-element-3c50a54 elementor-widget elementor-widget-spacer\" data-id=\"3c50a54\" data-element_type=\"widget\" data-e-type=\"widget\" data-widget_type=\"spacer.default\">\n\t\t\t\t<div class=\"elementor-widget-container\">\n\t\t\t\t\t\t\t<div class=\"elementor-spacer\">\n\t\t\t<div class=\"elementor-spacer-inner\"><\/div>\n\t\t<\/div>\n\t\t\t\t\t\t<\/div>\n\t\t\t\t<\/div>\n\t\t\t\t<\/div>\n\t\t\t\t\t<\/div>\n\t\t\t\t<\/div>\n\t\t<div class=\"elementor-element elementor-element-ea867d6 e-flex e-con-boxed e-con e-parent\" data-id=\"ea867d6\" data-element_type=\"container\" data-e-type=\"container\">\n\t\t\t\t\t<div class=\"e-con-inner\">\n\t\t\t\t<div class=\"elementor-element elementor-element-426757ac elementor-widget elementor-widget-spacer\" data-id=\"426757ac\" data-element_type=\"widget\" data-e-type=\"widget\" data-widget_type=\"spacer.default\">\n\t\t\t\t<div class=\"elementor-widget-container\">\n\t\t\t\t\t\t\t<div class=\"elementor-spacer\">\n\t\t\t<div class=\"elementor-spacer-inner\"><\/div>\n\t\t<\/div>\n\t\t\t\t\t\t<\/div>\n\t\t\t\t<\/div>\n\t\t\t\t\t<\/div>\n\t\t\t\t<\/div>\n\t\t<div class=\"elementor-element elementor-element-05f6911 e-con-full e-flex e-con e-parent\" data-id=\"05f6911\" data-element_type=\"container\" data-e-type=\"container\" data-settings=\"{&quot;background_background&quot;:&quot;classic&quot;}\">\n\t\t\t\t<\/div>\n\t\t\t\t<\/div>\n\t\t","protected":false},"excerpt":{"rendered":"<p>E-Bike-Verleih Abfahrt ab The Banks Erkunden Sie das Anwesen auf eine ganz neue Art mit unseren E-Bikes. Gleiten Sie m\u00fchelos durch \u00fcppige Obstg\u00e4rten und verschlungene Dschungelpfade, w\u00e4hrend Sie die Landschaft in Ihrem eigenen Tempo genie\u00dfen. Es ist die perfekte Mischung aus Abenteuer und Komfort, die es Ihnen erm\u00f6glicht, mehr zu sehen, weiter zu fahren und [&hellip;]<\/p>\n","protected":false},"author":4,"featured_media":0,"parent":0,"menu_order":0,"comment_status":"closed","ping_status":"closed","template":"page-full-width.php","meta":{"_acf_changed":false,"_vp_format_video_url":"","_vp_image_focal_point":[],"footnotes":""},"categories":[],"tags":[],"class_list":["post-68596","page","type-page","status-publish","hentry"],"acf":[],"yoast_head":"<!-- This site is optimized with the Yoast SEO plugin v27.4 - https:\/\/yoast.com\/product\/yoast-seo-wordpress\/ -->\n<title>E-Bike-Verleih - The Belize Collection<\/title>\n<meta name=\"robots\" content=\"index, follow, max-snippet:-1, max-image-preview:large, max-video-preview:-1\" \/>\n<link rel=\"canonical\" href=\"https:\/\/thebelizecollection.com\/de\/e-bike-verleih\/\" \/>\n<meta property=\"og:locale\" content=\"de_DE\" \/>\n<meta property=\"og:type\" content=\"article\" \/>\n<meta property=\"og:title\" content=\"E-Bike-Verleih - The Belize Collection\" \/>\n<meta property=\"og:description\" content=\"E-Bike-Verleih Abfahrt ab The Banks Erkunden Sie das Anwesen auf eine ganz neue Art mit unseren E-Bikes. Gleiten Sie m\u00fchelos durch \u00fcppige Obstg\u00e4rten und verschlungene Dschungelpfade, w\u00e4hrend Sie die Landschaft in Ihrem eigenen Tempo genie\u00dfen. Es ist die perfekte Mischung aus Abenteuer und Komfort, die es Ihnen erm\u00f6glicht, mehr zu sehen, weiter zu fahren und [&hellip;]\" \/>\n<meta property=\"og:url\" content=\"https:\/\/thebelizecollection.com\/de\/e-bike-verleih\/\" \/>\n<meta property=\"og:site_name\" content=\"The Belize Collection\" \/>\n<meta property=\"article:modified_time\" content=\"2026-03-16T19:15:40+00:00\" \/>\n<meta name=\"twitter:card\" content=\"summary_large_image\" \/>\n<meta name=\"twitter:label1\" content=\"Gesch\u00e4tzte Lesezeit\" \/>\n\t<meta name=\"twitter:data1\" content=\"1\u00a0Minute\" \/>\n<script type=\"application\/ld+json\" class=\"yoast-schema-graph\">{\"@context\":\"https:\\\/\\\/schema.org\",\"@graph\":[{\"@type\":\"WebPage\",\"@id\":\"https:\\\/\\\/thebelizecollection.com\\\/de\\\/e-bike-verleih\\\/\",\"url\":\"https:\\\/\\\/thebelizecollection.com\\\/de\\\/e-bike-verleih\\\/\",\"name\":\"E-Bike-Verleih - The Belize Collection\",\"isPartOf\":{\"@id\":\"https:\\\/\\\/thebelizecollection.com\\\/de\\\/#website\"},\"datePublished\":\"2026-02-10T18:04:20+00:00\",\"dateModified\":\"2026-03-16T19:15:40+00:00\",\"breadcrumb\":{\"@id\":\"https:\\\/\\\/thebelizecollection.com\\\/de\\\/e-bike-verleih\\\/#breadcrumb\"},\"inLanguage\":\"de\",\"potentialAction\":[{\"@type\":\"ReadAction\",\"target\":[\"https:\\\/\\\/thebelizecollection.com\\\/de\\\/e-bike-verleih\\\/\"]}]},{\"@type\":\"BreadcrumbList\",\"@id\":\"https:\\\/\\\/thebelizecollection.com\\\/de\\\/e-bike-verleih\\\/#breadcrumb\",\"itemListElement\":[{\"@type\":\"ListItem\",\"position\":1,\"name\":\"Home\",\"item\":\"https:\\\/\\\/thebelizecollection.com\\\/de\\\/\"},{\"@type\":\"ListItem\",\"position\":2,\"name\":\"E-Bike-Verleih\"}]},{\"@type\":\"WebSite\",\"@id\":\"https:\\\/\\\/thebelizecollection.com\\\/de\\\/#website\",\"url\":\"https:\\\/\\\/thebelizecollection.com\\\/de\\\/\",\"name\":\"The Belize Collection\",\"description\":\"Everything Belize\",\"potentialAction\":[{\"@type\":\"SearchAction\",\"target\":{\"@type\":\"EntryPoint\",\"urlTemplate\":\"https:\\\/\\\/thebelizecollection.com\\\/de\\\/?s={search_term_string}\"},\"query-input\":{\"@type\":\"PropertyValueSpecification\",\"valueRequired\":true,\"valueName\":\"search_term_string\"}}],\"inLanguage\":\"de\"}]}<\/script>\n<!-- \/ Yoast SEO plugin. -->","yoast_head_json":{"title":"E-Bike-Verleih - The Belize Collection","robots":{"index":"index","follow":"follow","max-snippet":"max-snippet:-1","max-image-preview":"max-image-preview:large","max-video-preview":"max-video-preview:-1"},"canonical":"https:\/\/thebelizecollection.com\/de\/e-bike-verleih\/","og_locale":"de_DE","og_type":"article","og_title":"E-Bike-Verleih - The Belize Collection","og_description":"E-Bike-Verleih Abfahrt ab The Banks Erkunden Sie das Anwesen auf eine ganz neue Art mit unseren E-Bikes. Gleiten Sie m\u00fchelos durch \u00fcppige Obstg\u00e4rten und verschlungene Dschungelpfade, w\u00e4hrend Sie die Landschaft in Ihrem eigenen Tempo genie\u00dfen. Es ist die perfekte Mischung aus Abenteuer und Komfort, die es Ihnen erm\u00f6glicht, mehr zu sehen, weiter zu fahren und [&hellip;]","og_url":"https:\/\/thebelizecollection.com\/de\/e-bike-verleih\/","og_site_name":"The Belize Collection","article_modified_time":"2026-03-16T19:15:40+00:00","twitter_card":"summary_large_image","twitter_misc":{"Gesch\u00e4tzte Lesezeit":"1\u00a0Minute"},"schema":{"@context":"https:\/\/schema.org","@graph":[{"@type":"WebPage","@id":"https:\/\/thebelizecollection.com\/de\/e-bike-verleih\/","url":"https:\/\/thebelizecollection.com\/de\/e-bike-verleih\/","name":"E-Bike-Verleih - The Belize Collection","isPartOf":{"@id":"https:\/\/thebelizecollection.com\/de\/#website"},"datePublished":"2026-02-10T18:04:20+00:00","dateModified":"2026-03-16T19:15:40+00:00","breadcrumb":{"@id":"https:\/\/thebelizecollection.com\/de\/e-bike-verleih\/#breadcrumb"},"inLanguage":"de","potentialAction":[{"@type":"ReadAction","target":["https:\/\/thebelizecollection.com\/de\/e-bike-verleih\/"]}]},{"@type":"BreadcrumbList","@id":"https:\/\/thebelizecollection.com\/de\/e-bike-verleih\/#breadcrumb","itemListElement":[{"@type":"ListItem","position":1,"name":"Home","item":"https:\/\/thebelizecollection.com\/de\/"},{"@type":"ListItem","position":2,"name":"E-Bike-Verleih"}]},{"@type":"WebSite","@id":"https:\/\/thebelizecollection.com\/de\/#website","url":"https:\/\/thebelizecollection.com\/de\/","name":"The Belize Collection","description":"Everything Belize","potentialAction":[{"@type":"SearchAction","target":{"@type":"EntryPoint","urlTemplate":"https:\/\/thebelizecollection.com\/de\/?s={search_term_string}"},"query-input":{"@type":"PropertyValueSpecification","valueRequired":true,"valueName":"search_term_string"}}],"inLanguage":"de"}]}},"jetpack_sharing_enabled":true,"_links":{"self":[{"href":"https:\/\/thebelizecollection.com\/de\/wp-json\/wp\/v2\/pages\/68596","targetHints":{"allow":["GET"]}}],"collection":[{"href":"https:\/\/thebelizecollection.com\/de\/wp-json\/wp\/v2\/pages"}],"about":[{"href":"https:\/\/thebelizecollection.com\/de\/wp-json\/wp\/v2\/types\/page"}],"author":[{"embeddable":true,"href":"https:\/\/thebelizecollection.com\/de\/wp-json\/wp\/v2\/users\/4"}],"replies":[{"embeddable":true,"href":"https:\/\/thebelizecollection.com\/de\/wp-json\/wp\/v2\/comments?post=68596"}],"version-history":[{"count":4,"href":"https:\/\/thebelizecollection.com\/de\/wp-json\/wp\/v2\/pages\/68596\/revisions"}],"predecessor-version":[{"id":68841,"href":"https:\/\/thebelizecollection.com\/de\/wp-json\/wp\/v2\/pages\/68596\/revisions\/68841"}],"wp:attachment":[{"href":"https:\/\/thebelizecollection.com\/de\/wp-json\/wp\/v2\/media?parent=68596"}],"wp:term":[{"taxonomy":"category","embeddable":true,"href":"https:\/\/thebelizecollection.com\/de\/wp-json\/wp\/v2\/categories?post=68596"},{"taxonomy":"post_tag","embeddable":true,"href":"https:\/\/thebelizecollection.com\/de\/wp-json\/wp\/v2\/tags?post=68596"}],"curies":[{"name":"wp","href":"https:\/\/api.w.org\/{rel}","templated":true}]}}