{"id":68600,"date":"2026-03-11T13:29:10","date_gmt":"2026-03-11T19:29:10","guid":{"rendered":"https:\/\/thebelizecollection.com\/unsere-geschichte\/"},"modified":"2026-03-16T13:01:02","modified_gmt":"2026-03-16T19:01:02","slug":"unsere-geschichte","status":"publish","type":"page","link":"https:\/\/thebelizecollection.com\/de\/unsere-geschichte\/","title":{"rendered":"Unsere Geschichte"},"content":{"rendered":"\t\t<div data-elementor-type=\"wp-page\" data-elementor-id=\"68600\" class=\"elementor elementor-68600 elementor-68505\" data-elementor-post-type=\"page\">\n\t\t\t\t<div class=\"elementor-element elementor-element-c14cdab e-con-full elementor-hidden-mobile e-flex e-con e-parent\" data-id=\"c14cdab\" data-element_type=\"container\" data-e-type=\"container\" data-settings=\"{&quot;background_background&quot;:&quot;classic&quot;}\">\n\t\t\t\t<\/div>\n\t\t<div class=\"elementor-element elementor-element-e51c3a4 e-flex e-con-boxed e-con e-parent\" data-id=\"e51c3a4\" data-element_type=\"container\" data-e-type=\"container\">\n\t\t\t\t\t<div class=\"e-con-inner\">\n\t\t\t\t<div class=\"elementor-element elementor-element-149ccaa elementor-widget elementor-widget-spacer\" data-id=\"149ccaa\" data-element_type=\"widget\" data-e-type=\"widget\" data-widget_type=\"spacer.default\">\n\t\t\t\t<div class=\"elementor-widget-container\">\n\t\t\t\t\t\t\t<div class=\"elementor-spacer\">\n\t\t\t<div class=\"elementor-spacer-inner\"><\/div>\n\t\t<\/div>\n\t\t\t\t\t\t<\/div>\n\t\t\t\t<\/div>\n\t\t\t\t<div class=\"elementor-element elementor-element-d2a37ee elementor-widget elementor-widget-heading\" data-id=\"d2a37ee\" data-element_type=\"widget\" data-e-type=\"widget\" data-widget_type=\"heading.default\">\n\t\t\t\t<div class=\"elementor-widget-container\">\n\t\t\t\t\t<h1 class=\"elementor-heading-title elementor-size-default\">The Belize Collection: Die Kraft des Reisens<\/h1>\t\t\t\t<\/div>\n\t\t\t\t<\/div>\n\t\t\t\t<div class=\"elementor-element elementor-element-f4ee5e4 elementor-widget elementor-widget-text-editor\" data-id=\"f4ee5e4\" data-element_type=\"widget\" data-e-type=\"widget\" data-widget_type=\"text-editor.default\">\n\t\t\t\t<div class=\"elementor-widget-container\">\n\t\t\t\t\t\t\t\t\t<div class=\"elementor-element elementor-element-3fd73d8 elementor-widget elementor-widget-text-editor\" data-id=\"3fd73d8\" data-element_type=\"widget\" data-widget_type=\"text-editor.default\"><div class=\"elementor-widget-container\"><p>Bei The Belize Collection glauben wir an kulturelle Authentizit\u00e4t, St\u00e4rkung der Gemeinschaft und Nachhaltigkeit. Wenn wir nicht zur\u00fcckgeben, verfehlen wir unser Ziel. Seit unserer Gr\u00fcndung ist diese Verpflichtung unser Auftrag geblieben.  <\/p><\/div><\/div>\t\t\t\t\t\t\t\t<\/div>\n\t\t\t\t<\/div>\n\t\t\t\t\t<\/div>\n\t\t\t\t<\/div>\n\t\t<div class=\"elementor-element elementor-element-acb648e e-flex e-con-boxed e-con e-parent\" data-id=\"acb648e\" data-element_type=\"container\" data-e-type=\"container\">\n\t\t\t\t\t<div class=\"e-con-inner\">\n\t\t<div class=\"elementor-element elementor-element-6c18cc0 e-con-full e-flex e-con e-child\" data-id=\"6c18cc0\" data-element_type=\"container\" data-e-type=\"container\">\n\t\t<div class=\"elementor-element elementor-element-9588ca8 e-con-full e-flex e-con e-child\" data-id=\"9588ca8\" data-element_type=\"container\" data-e-type=\"container\">\n\t\t\t\t<div class=\"elementor-element elementor-element-96deeb4 elementor-widget elementor-widget-heading\" data-id=\"96deeb4\" data-element_type=\"widget\" data-e-type=\"widget\" data-widget_type=\"heading.default\">\n\t\t\t\t<div class=\"elementor-widget-container\">\n\t\t\t\t\t<h1 class=\"elementor-heading-title elementor-size-default\">Alles begann im Jahr 2015 \u2026<\/h1>\t\t\t\t<\/div>\n\t\t\t\t<\/div>\n\t\t\t\t<div class=\"elementor-element elementor-element-da7dbcb elementor-widget elementor-widget-text-editor\" data-id=\"da7dbcb\" data-element_type=\"widget\" data-e-type=\"widget\" data-widget_type=\"text-editor.default\">\n\t\t\t\t<div class=\"elementor-widget-container\">\n\t\t\t\t\t\t\t\t\t<div class=\"elementor-element elementor-element-3fd73d8 elementor-widget elementor-widget-text-editor\" data-id=\"3fd73d8\" data-element_type=\"widget\" data-widget_type=\"text-editor.default\"><div class=\"elementor-widget-container\"><p>Als David Hayles und Ian Lizarraga die Hotelgruppe Viva Belize \u00fcbernahmen, umfasste diese The Lodge at Jaguar Reef, Almond Beach Resort, The Colonial Inn \u2013 alle nebeneinander in Hopkins gelegen \u2013 sowie The Rainforest Lodge at Sleeping Giant entlang des Hummingbird Highway.<\/p><p>Der merkw\u00fcrdige Name Viva Belize f\u00fchlte sich f\u00fcr uns nie richtig an. Er klang wie ein Reisebrosch\u00fcren-Klischee, nicht wie ein Versprechen lokalen Charmes. Gepaart mit Plastiktischen und orangefarbenen W\u00e4nden im Restaurant des Jaguar Reef drohte er, das \u00fcppige, wundersch\u00f6ne Belize in eine Version \u00fcberbauter Resorts zu verwandeln, wie man sie jenseits unserer Grenzen findet.  <\/p><p>Die \u00dcbernahme der Hotelgruppe bot uns jedoch eine leere Leinwand, um als Innovatoren ein wahrhaft au\u00dfergew\u00f6hnliches Belize-Erlebnis f\u00fcr Sie als Reisenden zu schaffen und gleichzeitig unsere Rolle als Mentoren f\u00fcr Belizer in der Tourismusbranche zu etablieren und den Gemeinden um uns herum etwas zur\u00fcckzugeben.<\/p><p>Einer der vielen entscheidenden Schritte in der Transformation war die Umbenennung in einen Namen, der widerspiegelt, was Sie bei einem Aufenthalt bei uns erleben \u2013 eine Sammlung au\u00dfergew\u00f6hnlicher Momente. Daher The Belize Collection. <\/p><\/div><\/div>\t\t\t\t\t\t\t\t<\/div>\n\t\t\t\t<\/div>\n\t\t\t\t<\/div>\n\t\t<div class=\"elementor-element elementor-element-c926ef0 e-con-full e-flex e-con e-child\" data-id=\"c926ef0\" data-element_type=\"container\" data-e-type=\"container\" data-settings=\"{&quot;background_background&quot;:&quot;classic&quot;}\">\n\t\t\t\t<div class=\"elementor-element elementor-element-ebb272e elementor-widget elementor-widget-spacer\" data-id=\"ebb272e\" data-element_type=\"widget\" data-e-type=\"widget\" data-widget_type=\"spacer.default\">\n\t\t\t\t<div class=\"elementor-widget-container\">\n\t\t\t\t\t\t\t<div class=\"elementor-spacer\">\n\t\t\t<div class=\"elementor-spacer-inner\"><\/div>\n\t\t<\/div>\n\t\t\t\t\t\t<\/div>\n\t\t\t\t<\/div>\n\t\t\t\t<\/div>\n\t\t\t\t<\/div>\n\t\t\t\t\t<\/div>\n\t\t\t\t<\/div>\n\t\t<div class=\"elementor-element elementor-element-30cc5b3 e-flex e-con-boxed e-con e-parent\" data-id=\"30cc5b3\" data-element_type=\"container\" data-e-type=\"container\">\n\t\t\t\t\t<div class=\"e-con-inner\">\n\t\t\t\t<div class=\"elementor-element elementor-element-74ab9c2 elementor-widget elementor-widget-heading\" data-id=\"74ab9c2\" data-element_type=\"widget\" data-e-type=\"widget\" data-widget_type=\"heading.default\">\n\t\t\t\t<div class=\"elementor-widget-container\">\n\t\t\t\t\t<h1 class=\"elementor-heading-title elementor-size-default\">Was uns in der Reisebranche von Belize auszeichnet \u2026<\/h1>\t\t\t\t<\/div>\n\t\t\t\t<\/div>\n\t\t\t\t<div class=\"elementor-element elementor-element-19fa561 elementor-widget elementor-widget-text-editor\" data-id=\"19fa561\" data-element_type=\"widget\" data-e-type=\"widget\" data-widget_type=\"text-editor.default\">\n\t\t\t\t<div class=\"elementor-widget-container\">\n\t\t\t\t\t\t\t\t\t<div class=\"elementor-element elementor-element-3fd73d8 elementor-widget elementor-widget-text-editor\" data-id=\"3fd73d8\" data-element_type=\"widget\" data-widget_type=\"text-editor.default\"><div class=\"elementor-widget-container\"><p>In unseren Boutique-Resorts, Residenzen und Restaurants setzen mehr als 400 Belizer kontinuierlich neue Ma\u00dfst\u00e4be f\u00fcr Gastfreundschaft in Belize.<\/p><p>Von Einstiegspositionen bis zum Senior Management wird jede Position von lokalen Talenten besetzt, die gr\u00f6\u00dftenteils aus den umliegenden Gemeinden stammen. Wettbewerbsf\u00e4hige Verg\u00fctung und starke Entwicklungsm\u00f6glichkeiten haben eine au\u00dfergew\u00f6hnlich hohe Mitarbeiterbindung gef\u00f6rdert, was die Kultur unterstreicht, die wir aufgebaut haben. <\/p><p>Um diese Talente zu f\u00f6rdern, verf\u00fcgen wir \u00fcber eigene Schulungseinrichtungen, die Programme anbieten, welche Neueinsteiger in der Branche unterst\u00fctzen und die berufliche Entwicklung unseres Teams vorantreiben.<\/p><p>Wir glauben auch, dass Wachstum durch Erfahrung entsteht. Beispielsweise veranstalten unsere Resorts jedes Jahr einen Barkeeper-Wettbewerb, der zu erfinderischen Kreationen inspiriert. Mehrere unserer Barkeeper haben Belize seitdem bei internationalen Wettbewerben vertreten.  <\/p><p>Ebenso heben wir unser kulinarisches Angebot an, indem wir unsere K\u00f6che nach Mexiko-Stadt und andere kulinarische Zentren schicken, um sich mit vielf\u00e4ltigen Techniken vertraut zu machen. Diese Erfahrungen erweitern ihren Horizont, da sie mit neuen F\u00e4higkeiten und Inspiration zur\u00fcckkehren, die unsere Resort-K\u00fcchen transformieren. <\/p><p>Dar\u00fcber hinaus sind wir immens stolz darauf, dass The Belize Collection den Standard f\u00fcr die St\u00e4rkung von Frauen setzt. \u00dcber die H\u00e4lfte unseres Senior-Management-Teams besteht aus au\u00dfergew\u00f6hnlichen Frauen. <\/p><p>Diese dynamische F\u00fchrung schafft nicht nur st\u00e4rkende Arbeitsumgebungen, sondern erzeugt einen Welleneffekt in unseren Gemeinden. Wenn Einheimische sehen, dass eine von ihnen zur Hauptverdienerin wird, ver\u00e4ndert dies Perspektiven und inspiriert andere Frauen zu erkennen, was m\u00f6glich ist. <\/p><\/div><\/div>\t\t\t\t\t\t\t\t<\/div>\n\t\t\t\t<\/div>\n\t\t\t\t\t<\/div>\n\t\t\t\t<\/div>\n\t\t<div class=\"elementor-element elementor-element-24391a6 e-flex e-con-boxed e-con e-parent\" data-id=\"24391a6\" data-element_type=\"container\" data-e-type=\"container\">\n\t\t\t\t\t<div class=\"e-con-inner\">\n\t\t\t\t<div class=\"elementor-element elementor-element-c9ba539 elementor-widget elementor-widget-heading\" data-id=\"c9ba539\" data-element_type=\"widget\" data-e-type=\"widget\" data-widget_type=\"heading.default\">\n\t\t\t\t<div class=\"elementor-widget-container\">\n\t\t\t\t\t<h1 class=\"elementor-heading-title elementor-size-default\">Wir treiben unsere Belize-Geschichte stets voran \u2026<\/h1>\t\t\t\t<\/div>\n\t\t\t\t<\/div>\n\t\t\t\t<div class=\"elementor-element elementor-element-89a0c86 elementor-widget elementor-widget-text-editor\" data-id=\"89a0c86\" data-element_type=\"widget\" data-e-type=\"widget\" data-widget_type=\"text-editor.default\">\n\t\t\t\t<div class=\"elementor-widget-container\">\n\t\t\t\t\t\t\t\t\t<div class=\"elementor-element elementor-element-3fd73d8 elementor-widget elementor-widget-text-editor\" data-id=\"3fd73d8\" data-element_type=\"widget\" data-widget_type=\"text-editor.default\"><div class=\"elementor-widget-container\"><p>Als f\u00fchrendes Gastgewerbeunternehmen war es schon immer unser Auftrag, ein leidenschaftlicher belizischer Geschichtenerz\u00e4hler f\u00fcr lokale und internationale Reisende zu sein. Und welcher bessere Weg, eine Kultur zu erkunden, als durch Essen? <\/p><p>Also machten wir uns daran, jenes merkw\u00fcrdige Paradoxon des Reisens zu \u00fcberwinden: Besucher m\u00f6chten sich immer dort versammeln, wo die Einheimischen sind, denn Essen ist es, was alle zusammenbringt.<\/p><p>Um diese Geschichte authentisch zu erz\u00e4hlen, kehrten wir zu Rezepten und Getr\u00e4nken zur\u00fcck, die von unseren Gro\u00dfm\u00fcttern und Urgro\u00dfm\u00fcttern weitergegeben wurden, und interpretierten sie f\u00fcr die heutige Zeit neu \u2013 dennoch reflektieren sie unser tropisches Land und seine reichen Traditionen.<\/p><p>Ein solches Gericht ist ger\u00e4ucherter Schweinebauch mit Kokosnussschale. Und ein Getr\u00e4nk, das nostalgische Kindheitserinnerungen weckt, ist die Sugar Corn Colada, die f\u00fcr viele von uns das Eis schlechthin in der Kindheit war. <\/p><\/div><\/div>\t\t\t\t\t\t\t\t<\/div>\n\t\t\t\t<\/div>\n\t\t\t\t\t<\/div>\n\t\t\t\t<\/div>\n\t\t<div class=\"elementor-element elementor-element-deb8ba8 e-flex e-con-boxed e-con e-parent\" data-id=\"deb8ba8\" data-element_type=\"container\" data-e-type=\"container\">\n\t\t\t\t\t<div class=\"e-con-inner\">\n\t\t\t\t<div class=\"elementor-element elementor-element-72c6e40 elementor-widget elementor-widget-heading\" data-id=\"72c6e40\" data-element_type=\"widget\" data-e-type=\"widget\" data-widget_type=\"heading.default\">\n\t\t\t\t<div class=\"elementor-widget-container\">\n\t\t\t\t\t<h1 class=\"elementor-heading-title elementor-size-default\">Aber unser Erfolg endet hier nicht \u2026<\/h1>\t\t\t\t<\/div>\n\t\t\t\t<\/div>\n\t\t\t\t<div class=\"elementor-element elementor-element-6031589 elementor-widget elementor-widget-text-editor\" data-id=\"6031589\" data-element_type=\"widget\" data-e-type=\"widget\" data-widget_type=\"text-editor.default\">\n\t\t\t\t<div class=\"elementor-widget-container\">\n\t\t\t\t\t\t\t\t\t<div class=\"elementor-element elementor-element-3fd73d8 elementor-widget elementor-widget-text-editor\" data-id=\"3fd73d8\" data-element_type=\"widget\" data-widget_type=\"text-editor.default\"><div class=\"elementor-widget-container\"><p>Um alle Sinne zu erwecken, sind wir \u00fcber Unterk\u00fcnfte, Essen und Getr\u00e4nke hinausgegangen. Unser Geschichtenerz\u00e4hlen erstreckt sich auf Kunst und Musik und von dort tiefer in <a href=\"https:\/\/thebelizecollection.com\/de\/unser-ethos\/\">unser Ethos hinter Ihrem Aufenthalt.<\/a> <\/p><\/div><\/div>\t\t\t\t\t\t\t\t<\/div>\n\t\t\t\t<\/div>\n\t\t\t\t\t<\/div>\n\t\t\t\t<\/div>\n\t\t<div class=\"elementor-element elementor-element-4eba449 e-flex e-con-boxed e-con e-parent\" data-id=\"4eba449\" data-element_type=\"container\" data-e-type=\"container\">\n\t\t\t\t\t<div class=\"e-con-inner\">\n\t\t\t\t<div class=\"elementor-element elementor-element-adb1db9 elementor-widget elementor-widget-spacer\" data-id=\"adb1db9\" data-element_type=\"widget\" data-e-type=\"widget\" data-widget_type=\"spacer.default\">\n\t\t\t\t<div class=\"elementor-widget-container\">\n\t\t\t\t\t\t\t<div class=\"elementor-spacer\">\n\t\t\t<div class=\"elementor-spacer-inner\"><\/div>\n\t\t<\/div>\n\t\t\t\t\t\t<\/div>\n\t\t\t\t<\/div>\n\t\t\t\t\t<\/div>\n\t\t\t\t<\/div>\n\t\t\t\t<\/div>\n\t\t","protected":false},"excerpt":{"rendered":"<p>The Belize Collection: Die Kraft des Reisens Bei The Belize Collection glauben wir an kulturelle Authentizit\u00e4t, St\u00e4rkung der Gemeinschaft und Nachhaltigkeit. Wenn wir nicht zur\u00fcckgeben, verfehlen wir unser Ziel. Seit unserer Gr\u00fcndung ist diese Verpflichtung unser Auftrag geblieben. Alles begann im Jahr 2015 \u2026 Als David Hayles und Ian Lizarraga die Hotelgruppe Viva Belize \u00fcbernahmen, [&hellip;]<\/p>\n","protected":false},"author":4,"featured_media":0,"parent":0,"menu_order":0,"comment_status":"closed","ping_status":"closed","template":"page-full-width.php","meta":{"_acf_changed":false,"_vp_format_video_url":"","_vp_image_focal_point":[],"footnotes":""},"categories":[],"tags":[],"class_list":["post-68600","page","type-page","status-publish","hentry"],"acf":[],"yoast_head":"<!-- This site is optimized with the Yoast SEO plugin v27.5 - https:\/\/yoast.com\/product\/yoast-seo-wordpress\/ -->\n<title>Unsere Geschichte - The Belize Collection<\/title>\n<meta name=\"description\" content=\"Entdecken Sie, wie The Belize Collection kulturelle Authentizit\u00e4t und St\u00e4rkung der Gemeinschaft verk\u00f6rpert. Erleben Sie lokal gef\u00fchrte Gastfreundschaft in unseren Boutique-Resorts in Belize.\" \/>\n<meta name=\"robots\" content=\"index, follow, max-snippet:-1, max-image-preview:large, max-video-preview:-1\" \/>\n<link rel=\"canonical\" href=\"https:\/\/thebelizecollection.com\/de\/unsere-geschichte\/\" \/>\n<meta property=\"og:locale\" content=\"de_DE\" \/>\n<meta property=\"og:type\" content=\"article\" \/>\n<meta property=\"og:title\" content=\"Unsere Geschichte - The Belize Collection\" \/>\n<meta property=\"og:description\" content=\"Entdecken Sie, wie The Belize Collection kulturelle Authentizit\u00e4t und St\u00e4rkung der Gemeinschaft verk\u00f6rpert. Erleben Sie lokal gef\u00fchrte Gastfreundschaft in unseren Boutique-Resorts in Belize.\" \/>\n<meta property=\"og:url\" content=\"https:\/\/thebelizecollection.com\/de\/unsere-geschichte\/\" \/>\n<meta property=\"og:site_name\" content=\"The Belize Collection\" \/>\n<meta property=\"article:modified_time\" content=\"2026-03-16T19:01:02+00:00\" \/>\n<meta name=\"twitter:card\" content=\"summary_large_image\" \/>\n<meta name=\"twitter:label1\" content=\"Gesch\u00e4tzte Lesezeit\" \/>\n\t<meta name=\"twitter:data1\" content=\"3\u00a0Minuten\" \/>\n<script type=\"application\/ld+json\" class=\"yoast-schema-graph\">{\"@context\":\"https:\\\/\\\/schema.org\",\"@graph\":[{\"@type\":\"WebPage\",\"@id\":\"https:\\\/\\\/thebelizecollection.com\\\/de\\\/unsere-geschichte\\\/\",\"url\":\"https:\\\/\\\/thebelizecollection.com\\\/de\\\/unsere-geschichte\\\/\",\"name\":\"Unsere Geschichte - The Belize Collection\",\"isPartOf\":{\"@id\":\"https:\\\/\\\/thebelizecollection.com\\\/de\\\/#website\"},\"datePublished\":\"2026-03-11T19:29:10+00:00\",\"dateModified\":\"2026-03-16T19:01:02+00:00\",\"description\":\"Entdecken Sie, wie The Belize Collection kulturelle Authentizit\u00e4t und St\u00e4rkung der Gemeinschaft verk\u00f6rpert. Erleben Sie lokal gef\u00fchrte Gastfreundschaft in unseren Boutique-Resorts in Belize.\",\"breadcrumb\":{\"@id\":\"https:\\\/\\\/thebelizecollection.com\\\/de\\\/unsere-geschichte\\\/#breadcrumb\"},\"inLanguage\":\"de\",\"potentialAction\":[{\"@type\":\"ReadAction\",\"target\":[\"https:\\\/\\\/thebelizecollection.com\\\/de\\\/unsere-geschichte\\\/\"]}]},{\"@type\":\"BreadcrumbList\",\"@id\":\"https:\\\/\\\/thebelizecollection.com\\\/de\\\/unsere-geschichte\\\/#breadcrumb\",\"itemListElement\":[{\"@type\":\"ListItem\",\"position\":1,\"name\":\"Home\",\"item\":\"https:\\\/\\\/thebelizecollection.com\\\/de\\\/\"},{\"@type\":\"ListItem\",\"position\":2,\"name\":\"Unsere Geschichte\"}]},{\"@type\":\"WebSite\",\"@id\":\"https:\\\/\\\/thebelizecollection.com\\\/de\\\/#website\",\"url\":\"https:\\\/\\\/thebelizecollection.com\\\/de\\\/\",\"name\":\"The Belize Collection\",\"description\":\"Everything Belize\",\"potentialAction\":[{\"@type\":\"SearchAction\",\"target\":{\"@type\":\"EntryPoint\",\"urlTemplate\":\"https:\\\/\\\/thebelizecollection.com\\\/de\\\/?s={search_term_string}\"},\"query-input\":{\"@type\":\"PropertyValueSpecification\",\"valueRequired\":true,\"valueName\":\"search_term_string\"}}],\"inLanguage\":\"de\"}]}<\/script>\n<!-- \/ Yoast SEO plugin. -->","yoast_head_json":{"title":"Unsere Geschichte - The Belize Collection","description":"Entdecken Sie, wie The Belize Collection kulturelle Authentizit\u00e4t und St\u00e4rkung der Gemeinschaft verk\u00f6rpert. Erleben Sie lokal gef\u00fchrte Gastfreundschaft in unseren Boutique-Resorts in Belize.","robots":{"index":"index","follow":"follow","max-snippet":"max-snippet:-1","max-image-preview":"max-image-preview:large","max-video-preview":"max-video-preview:-1"},"canonical":"https:\/\/thebelizecollection.com\/de\/unsere-geschichte\/","og_locale":"de_DE","og_type":"article","og_title":"Unsere Geschichte - The Belize Collection","og_description":"Entdecken Sie, wie The Belize Collection kulturelle Authentizit\u00e4t und St\u00e4rkung der Gemeinschaft verk\u00f6rpert. Erleben Sie lokal gef\u00fchrte Gastfreundschaft in unseren Boutique-Resorts in Belize.","og_url":"https:\/\/thebelizecollection.com\/de\/unsere-geschichte\/","og_site_name":"The Belize Collection","article_modified_time":"2026-03-16T19:01:02+00:00","twitter_card":"summary_large_image","twitter_misc":{"Gesch\u00e4tzte Lesezeit":"3\u00a0Minuten"},"schema":{"@context":"https:\/\/schema.org","@graph":[{"@type":"WebPage","@id":"https:\/\/thebelizecollection.com\/de\/unsere-geschichte\/","url":"https:\/\/thebelizecollection.com\/de\/unsere-geschichte\/","name":"Unsere Geschichte - The Belize Collection","isPartOf":{"@id":"https:\/\/thebelizecollection.com\/de\/#website"},"datePublished":"2026-03-11T19:29:10+00:00","dateModified":"2026-03-16T19:01:02+00:00","description":"Entdecken Sie, wie The Belize Collection kulturelle Authentizit\u00e4t und St\u00e4rkung der Gemeinschaft verk\u00f6rpert. Erleben Sie lokal gef\u00fchrte Gastfreundschaft in unseren Boutique-Resorts in Belize.","breadcrumb":{"@id":"https:\/\/thebelizecollection.com\/de\/unsere-geschichte\/#breadcrumb"},"inLanguage":"de","potentialAction":[{"@type":"ReadAction","target":["https:\/\/thebelizecollection.com\/de\/unsere-geschichte\/"]}]},{"@type":"BreadcrumbList","@id":"https:\/\/thebelizecollection.com\/de\/unsere-geschichte\/#breadcrumb","itemListElement":[{"@type":"ListItem","position":1,"name":"Home","item":"https:\/\/thebelizecollection.com\/de\/"},{"@type":"ListItem","position":2,"name":"Unsere Geschichte"}]},{"@type":"WebSite","@id":"https:\/\/thebelizecollection.com\/de\/#website","url":"https:\/\/thebelizecollection.com\/de\/","name":"The Belize Collection","description":"Everything Belize","potentialAction":[{"@type":"SearchAction","target":{"@type":"EntryPoint","urlTemplate":"https:\/\/thebelizecollection.com\/de\/?s={search_term_string}"},"query-input":{"@type":"PropertyValueSpecification","valueRequired":true,"valueName":"search_term_string"}}],"inLanguage":"de"}]}},"jetpack_sharing_enabled":true,"_links":{"self":[{"href":"https:\/\/thebelizecollection.com\/de\/wp-json\/wp\/v2\/pages\/68600","targetHints":{"allow":["GET"]}}],"collection":[{"href":"https:\/\/thebelizecollection.com\/de\/wp-json\/wp\/v2\/pages"}],"about":[{"href":"https:\/\/thebelizecollection.com\/de\/wp-json\/wp\/v2\/types\/page"}],"author":[{"embeddable":true,"href":"https:\/\/thebelizecollection.com\/de\/wp-json\/wp\/v2\/users\/4"}],"replies":[{"embeddable":true,"href":"https:\/\/thebelizecollection.com\/de\/wp-json\/wp\/v2\/comments?post=68600"}],"version-history":[{"count":1,"href":"https:\/\/thebelizecollection.com\/de\/wp-json\/wp\/v2\/pages\/68600\/revisions"}],"predecessor-version":[{"id":68636,"href":"https:\/\/thebelizecollection.com\/de\/wp-json\/wp\/v2\/pages\/68600\/revisions\/68636"}],"wp:attachment":[{"href":"https:\/\/thebelizecollection.com\/de\/wp-json\/wp\/v2\/media?parent=68600"}],"wp:term":[{"taxonomy":"category","embeddable":true,"href":"https:\/\/thebelizecollection.com\/de\/wp-json\/wp\/v2\/categories?post=68600"},{"taxonomy":"post_tag","embeddable":true,"href":"https:\/\/thebelizecollection.com\/de\/wp-json\/wp\/v2\/tags?post=68600"}],"curies":[{"name":"wp","href":"https:\/\/api.w.org\/{rel}","templated":true}]}}