{"id":68626,"date":"2026-02-07T09:26:47","date_gmt":"2026-02-07T15:26:47","guid":{"rendered":"https:\/\/thebelizecollection.com\/ein-toast-auf-die-wildnis\/"},"modified":"2026-03-16T13:00:53","modified_gmt":"2026-03-16T19:00:53","slug":"ein-toast-auf-die-wildnis","status":"publish","type":"page","link":"https:\/\/thebelizecollection.com\/de\/ein-toast-auf-die-wildnis\/","title":{"rendered":"Ein Toast auf die Wildnis"},"content":{"rendered":"\t\t<div data-elementor-type=\"wp-page\" data-elementor-id=\"68626\" class=\"elementor elementor-68626 elementor-67216\" data-elementor-post-type=\"page\">\n\t\t\t\t<div class=\"elementor-element elementor-element-287690d e-con-full elementor-hidden-mobile e-flex e-con e-parent\" data-id=\"287690d\" data-element_type=\"container\" data-e-type=\"container\" data-settings=\"{&quot;background_background&quot;:&quot;classic&quot;}\">\n\t\t\t\t<\/div>\n\t\t<div class=\"elementor-element elementor-element-7e32a51 e-flex e-con-boxed e-con e-parent\" data-id=\"7e32a51\" data-element_type=\"container\" data-e-type=\"container\">\n\t\t\t\t\t<div class=\"e-con-inner\">\n\t\t\t\t<div class=\"elementor-element elementor-element-8b0fce4 elementor-widget elementor-widget-spacer\" data-id=\"8b0fce4\" data-element_type=\"widget\" data-e-type=\"widget\" data-widget_type=\"spacer.default\">\n\t\t\t\t<div class=\"elementor-widget-container\">\n\t\t\t\t\t\t\t<div class=\"elementor-spacer\">\n\t\t\t<div class=\"elementor-spacer-inner\"><\/div>\n\t\t<\/div>\n\t\t\t\t\t\t<\/div>\n\t\t\t\t<\/div>\n\t\t\t\t\t<\/div>\n\t\t\t\t<\/div>\n\t\t<div class=\"elementor-element elementor-element-a507215 e-flex e-con-boxed e-con e-parent\" data-id=\"a507215\" data-element_type=\"container\" data-e-type=\"container\">\n\t\t\t\t\t<div class=\"e-con-inner\">\n\t\t<div class=\"elementor-element elementor-element-7fdd774 e-con-full e-flex e-con e-child\" data-id=\"7fdd774\" data-element_type=\"container\" data-e-type=\"container\">\n\t\t\t\t<div class=\"elementor-element elementor-element-f0828dd elementor-widget elementor-widget-heading\" data-id=\"f0828dd\" data-element_type=\"widget\" data-e-type=\"widget\" data-widget_type=\"heading.default\">\n\t\t\t\t<div class=\"elementor-widget-container\">\n\t\t\t\t\t<h1 class=\"elementor-heading-title elementor-size-default\">Ein Toast auf die Wildnis<\/h1>\t\t\t\t<\/div>\n\t\t\t\t<\/div>\n\t\t\t\t<div class=\"elementor-element elementor-element-5c623c2 elementor-widget elementor-widget-text-editor\" data-id=\"5c623c2\" data-element_type=\"widget\" data-e-type=\"widget\" data-widget_type=\"text-editor.default\">\n\t\t\t\t<div class=\"elementor-widget-container\">\n\t\t\t\t\t\t\t\t\t<div class=\"elementor-element elementor-element-3fd73d8 elementor-widget elementor-widget-text-editor\" data-id=\"3fd73d8\" data-element_type=\"widget\" data-widget_type=\"text-editor.default\"><div class=\"elementor-widget-container\">Suchen Sie nach einer M\u00f6glichkeit, die Earth Hour zu feiern? Begleiten Sie uns zu einem unvergesslichen Abend mit Belize Wild Cats. Die erste Stunde beginnt an der Big Dock Bar mit einer Cocktailstunde, gefolgt von einem Abendessen am Strand unter dem Mandelbaum. Jedes Ticket unterst\u00fctzt die Wiederaufforstung, den Schutz von Wildkatzen und Belize Wild Cats.   <\/div><\/div>\t\t\t\t\t\t\t\t<\/div>\n\t\t\t\t<\/div>\n\t\t\t\t<div class=\"elementor-element elementor-element-8f93bc4 elementor-widget elementor-widget-text-editor\" data-id=\"8f93bc4\" data-element_type=\"widget\" data-e-type=\"widget\" data-widget_type=\"text-editor.default\">\n\t\t\t\t<div class=\"elementor-widget-container\">\n\t\t\t\t\t\t\t\t\t<p><strong>Ort: <\/strong>Big Dock Bar<\/p><p><strong>Datum:<\/strong> 22. M\u00e4rz 2026<\/p><p><strong>Zeit:<\/strong> 17:00 Uhr &#8211; 21:00 Uhr<\/p><p><strong>Preis:<\/strong> 100 BZD pro Person<\/p>\t\t\t\t\t\t\t\t<\/div>\n\t\t\t\t<\/div>\n\t\t\t\t<div class=\"elementor-element elementor-element-4447ca2 elementor-widget elementor-widget-button\" data-id=\"4447ca2\" data-element_type=\"widget\" data-e-type=\"widget\" data-widget_type=\"button.default\">\n\t\t\t\t<div class=\"elementor-widget-container\">\n\t\t\t\t\t\t\t\t\t<div class=\"elementor-button-wrapper\">\n\t\t\t\t\t<a class=\"elementor-button elementor-button-link elementor-size-sm\" href=\"mailto:reservations@thebelizecollection.com\">\n\t\t\t\t\t\t<span class=\"elementor-button-content-wrapper\">\n\t\t\t\t\t\t\t\t\t<span class=\"elementor-button-text\">Hier klicken, um zuzusagen<\/span>\n\t\t\t\t\t<\/span>\n\t\t\t\t\t<\/a>\n\t\t\t\t<\/div>\n\t\t\t\t\t\t\t\t<\/div>\n\t\t\t\t<\/div>\n\t\t\t\t<\/div>\n\t\t<div class=\"elementor-element elementor-element-3adf8b1 e-con-full e-flex e-con e-child\" data-id=\"3adf8b1\" data-element_type=\"container\" data-e-type=\"container\" data-settings=\"{&quot;background_background&quot;:&quot;classic&quot;}\">\n\t\t\t\t<div class=\"elementor-element elementor-element-9479002 elementor-widget elementor-widget-spacer\" data-id=\"9479002\" data-element_type=\"widget\" data-e-type=\"widget\" data-widget_type=\"spacer.default\">\n\t\t\t\t<div class=\"elementor-widget-container\">\n\t\t\t\t\t\t\t<div class=\"elementor-spacer\">\n\t\t\t<div class=\"elementor-spacer-inner\"><\/div>\n\t\t<\/div>\n\t\t\t\t\t\t<\/div>\n\t\t\t\t<\/div>\n\t\t\t\t<\/div>\n\t\t\t\t\t<\/div>\n\t\t\t\t<\/div>\n\t\t<div class=\"elementor-element elementor-element-13b4b10 e-flex e-con-boxed e-con e-parent\" data-id=\"13b4b10\" data-element_type=\"container\" data-e-type=\"container\">\n\t\t\t\t\t<div class=\"e-con-inner\">\n\t\t\t\t<div class=\"elementor-element elementor-element-4e49227 elementor-widget elementor-widget-spacer\" data-id=\"4e49227\" data-element_type=\"widget\" data-e-type=\"widget\" data-widget_type=\"spacer.default\">\n\t\t\t\t<div class=\"elementor-widget-container\">\n\t\t\t\t\t\t\t<div class=\"elementor-spacer\">\n\t\t\t<div class=\"elementor-spacer-inner\"><\/div>\n\t\t<\/div>\n\t\t\t\t\t\t<\/div>\n\t\t\t\t<\/div>\n\t\t\t\t\t<\/div>\n\t\t\t\t<\/div>\n\t\t<div class=\"elementor-element elementor-element-ffb5134 e-flex e-con-boxed e-con e-parent\" data-id=\"ffb5134\" data-element_type=\"container\" data-e-type=\"container\">\n\t\t\t\t\t<div class=\"e-con-inner\">\n\t\t\t\t<div class=\"elementor-element elementor-element-0c09dfd elementor-widget elementor-widget-heading\" data-id=\"0c09dfd\" data-element_type=\"widget\" data-e-type=\"widget\" data-widget_type=\"heading.default\">\n\t\t\t\t<div class=\"elementor-widget-container\">\n\t\t\t\t\t<h1 class=\"elementor-heading-title elementor-size-default\">\u00dcber Belize Wild Cats<\/h1>\t\t\t\t<\/div>\n\t\t\t\t<\/div>\n\t\t\t\t<div class=\"elementor-element elementor-element-5f8cf92 elementor-widget elementor-widget-text-editor\" data-id=\"5f8cf92\" data-element_type=\"widget\" data-e-type=\"widget\" data-widget_type=\"text-editor.default\">\n\t\t\t\t<div class=\"elementor-widget-container\">\n\t\t\t\t\t\t\t\t\t<div class=\"elementor-element elementor-element-3fd73d8 elementor-widget elementor-widget-text-editor\" data-id=\"3fd73d8\" data-element_type=\"widget\" data-widget_type=\"text-editor.default\"><div class=\"elementor-widget-container\"><p>Belize Wild Cats widmet sich dem Ziel, die Wildkatzen von Belize in Freiheit und Wohlstand zu erhalten. Wir konzentrieren uns darauf, Bedrohungen zu mindern, Gemeinschaften einzubinden und Aufkl\u00e4rungsarbeit zu leisten, w\u00e4hrend wir das ganze Jahr \u00fcber alle f\u00fcnf einheimischen Katzenarten erforschen, insbesondere die weniger untersuchten Margays und Jaguarundis. In Partnerschaft mit The Belize Collection stellen wir zudem Lebensr\u00e4ume wieder her, indem wir Wildtierkorridore schaffen, die den Katzen helfen, ihre Reviere zu erweitern und ihre Best\u00e4nde zu st\u00e4rken.  <\/p><\/div><\/div>\t\t\t\t\t\t\t\t<\/div>\n\t\t\t\t<\/div>\n\t\t\t\t\t<\/div>\n\t\t\t\t<\/div>\n\t\t<div class=\"elementor-element elementor-element-edf4035 e-flex e-con-boxed e-con e-parent\" data-id=\"edf4035\" data-element_type=\"container\" data-e-type=\"container\">\n\t\t\t\t\t<div class=\"e-con-inner\">\n\t\t\t\t<div class=\"elementor-element elementor-element-f3f20e0 elementor-widget elementor-widget-spacer\" data-id=\"f3f20e0\" data-element_type=\"widget\" data-e-type=\"widget\" data-widget_type=\"spacer.default\">\n\t\t\t\t<div class=\"elementor-widget-container\">\n\t\t\t\t\t\t\t<div class=\"elementor-spacer\">\n\t\t\t<div class=\"elementor-spacer-inner\"><\/div>\n\t\t<\/div>\n\t\t\t\t\t\t<\/div>\n\t\t\t\t<\/div>\n\t\t\t\t\t<\/div>\n\t\t\t\t<\/div>\n\t\t\t\t<\/div>\n\t\t","protected":false},"excerpt":{"rendered":"<p>Ein Toast auf die Wildnis Suchen Sie nach einer M\u00f6glichkeit, die Earth Hour zu feiern? Begleiten Sie uns zu einem unvergesslichen Abend mit Belize Wild Cats. Die erste Stunde beginnt an der Big Dock Bar mit einer Cocktailstunde, gefolgt von einem Abendessen am Strand unter dem Mandelbaum. Jedes Ticket unterst\u00fctzt die Wiederaufforstung, den Schutz von [&hellip;]<\/p>\n","protected":false},"author":4,"featured_media":68633,"parent":0,"menu_order":0,"comment_status":"closed","ping_status":"closed","template":"page-full-width.php","meta":{"_acf_changed":false,"_vp_format_video_url":"","_vp_image_focal_point":[],"footnotes":""},"categories":[198],"tags":[],"class_list":["post-68626","page","type-page","status-publish","has-post-thumbnail","hentry","category-tbc-treffen"],"acf":[],"yoast_head":"<!-- This site is optimized with the Yoast SEO plugin v27.4 - https:\/\/yoast.com\/product\/yoast-seo-wordpress\/ -->\n<title>Ein Toast auf die Wildnis - The Belize Collection<\/title>\n<meta name=\"robots\" content=\"index, follow, max-snippet:-1, max-image-preview:large, max-video-preview:-1\" \/>\n<link rel=\"canonical\" href=\"https:\/\/thebelizecollection.com\/de\/ein-toast-auf-die-wildnis\/\" \/>\n<meta property=\"og:locale\" content=\"de_DE\" \/>\n<meta property=\"og:type\" content=\"article\" \/>\n<meta property=\"og:title\" content=\"Ein Toast auf die Wildnis - The Belize Collection\" \/>\n<meta property=\"og:description\" content=\"Ein Toast auf die Wildnis Suchen Sie nach einer M\u00f6glichkeit, die Earth Hour zu feiern? Begleiten Sie uns zu einem unvergesslichen Abend mit Belize Wild Cats. Die erste Stunde beginnt an der Big Dock Bar mit einer Cocktailstunde, gefolgt von einem Abendessen am Strand unter dem Mandelbaum. Jedes Ticket unterst\u00fctzt die Wiederaufforstung, den Schutz von [&hellip;]\" \/>\n<meta property=\"og:url\" content=\"https:\/\/thebelizecollection.com\/de\/ein-toast-auf-die-wildnis\/\" \/>\n<meta property=\"og:site_name\" content=\"The Belize Collection\" \/>\n<meta property=\"article:modified_time\" content=\"2026-03-16T19:00:53+00:00\" \/>\n<meta property=\"og:image\" content=\"https:\/\/thebelizecollection.com\/wp-content\/uploads\/2026\/02\/DJI_20240831002411_0022_D.jpg\" \/>\n\t<meta property=\"og:image:width\" content=\"2048\" \/>\n\t<meta property=\"og:image:height\" content=\"1365\" \/>\n\t<meta property=\"og:image:type\" content=\"image\/jpeg\" \/>\n<meta name=\"twitter:card\" content=\"summary_large_image\" \/>\n<meta name=\"twitter:label1\" content=\"Gesch\u00e4tzte Lesezeit\" \/>\n\t<meta name=\"twitter:data1\" content=\"1\u00a0Minute\" \/>\n<script type=\"application\/ld+json\" class=\"yoast-schema-graph\">{\"@context\":\"https:\\\/\\\/schema.org\",\"@graph\":[{\"@type\":\"WebPage\",\"@id\":\"https:\\\/\\\/thebelizecollection.com\\\/de\\\/ein-toast-auf-die-wildnis\\\/\",\"url\":\"https:\\\/\\\/thebelizecollection.com\\\/de\\\/ein-toast-auf-die-wildnis\\\/\",\"name\":\"Ein Toast auf die Wildnis - The Belize Collection\",\"isPartOf\":{\"@id\":\"https:\\\/\\\/thebelizecollection.com\\\/de\\\/#website\"},\"primaryImageOfPage\":{\"@id\":\"https:\\\/\\\/thebelizecollection.com\\\/de\\\/ein-toast-auf-die-wildnis\\\/#primaryimage\"},\"image\":{\"@id\":\"https:\\\/\\\/thebelizecollection.com\\\/de\\\/ein-toast-auf-die-wildnis\\\/#primaryimage\"},\"thumbnailUrl\":\"https:\\\/\\\/thebelizecollection.com\\\/wp-content\\\/uploads\\\/2026\\\/02\\\/DJI_20240831002411_0022_D.jpg\",\"datePublished\":\"2026-02-07T15:26:47+00:00\",\"dateModified\":\"2026-03-16T19:00:53+00:00\",\"breadcrumb\":{\"@id\":\"https:\\\/\\\/thebelizecollection.com\\\/de\\\/ein-toast-auf-die-wildnis\\\/#breadcrumb\"},\"inLanguage\":\"de\",\"potentialAction\":[{\"@type\":\"ReadAction\",\"target\":[\"https:\\\/\\\/thebelizecollection.com\\\/de\\\/ein-toast-auf-die-wildnis\\\/\"]}]},{\"@type\":\"ImageObject\",\"inLanguage\":\"de\",\"@id\":\"https:\\\/\\\/thebelizecollection.com\\\/de\\\/ein-toast-auf-die-wildnis\\\/#primaryimage\",\"url\":\"https:\\\/\\\/thebelizecollection.com\\\/wp-content\\\/uploads\\\/2026\\\/02\\\/DJI_20240831002411_0022_D.jpg\",\"contentUrl\":\"https:\\\/\\\/thebelizecollection.com\\\/wp-content\\\/uploads\\\/2026\\\/02\\\/DJI_20240831002411_0022_D.jpg\",\"width\":2048,\"height\":1365},{\"@type\":\"BreadcrumbList\",\"@id\":\"https:\\\/\\\/thebelizecollection.com\\\/de\\\/ein-toast-auf-die-wildnis\\\/#breadcrumb\",\"itemListElement\":[{\"@type\":\"ListItem\",\"position\":1,\"name\":\"Home\",\"item\":\"https:\\\/\\\/thebelizecollection.com\\\/de\\\/\"},{\"@type\":\"ListItem\",\"position\":2,\"name\":\"Ein Toast auf die Wildnis\"}]},{\"@type\":\"WebSite\",\"@id\":\"https:\\\/\\\/thebelizecollection.com\\\/de\\\/#website\",\"url\":\"https:\\\/\\\/thebelizecollection.com\\\/de\\\/\",\"name\":\"The Belize Collection\",\"description\":\"Everything Belize\",\"potentialAction\":[{\"@type\":\"SearchAction\",\"target\":{\"@type\":\"EntryPoint\",\"urlTemplate\":\"https:\\\/\\\/thebelizecollection.com\\\/de\\\/?s={search_term_string}\"},\"query-input\":{\"@type\":\"PropertyValueSpecification\",\"valueRequired\":true,\"valueName\":\"search_term_string\"}}],\"inLanguage\":\"de\"}]}<\/script>\n<!-- \/ Yoast SEO plugin. -->","yoast_head_json":{"title":"Ein Toast auf die Wildnis - The Belize Collection","robots":{"index":"index","follow":"follow","max-snippet":"max-snippet:-1","max-image-preview":"max-image-preview:large","max-video-preview":"max-video-preview:-1"},"canonical":"https:\/\/thebelizecollection.com\/de\/ein-toast-auf-die-wildnis\/","og_locale":"de_DE","og_type":"article","og_title":"Ein Toast auf die Wildnis - The Belize Collection","og_description":"Ein Toast auf die Wildnis Suchen Sie nach einer M\u00f6glichkeit, die Earth Hour zu feiern? Begleiten Sie uns zu einem unvergesslichen Abend mit Belize Wild Cats. Die erste Stunde beginnt an der Big Dock Bar mit einer Cocktailstunde, gefolgt von einem Abendessen am Strand unter dem Mandelbaum. Jedes Ticket unterst\u00fctzt die Wiederaufforstung, den Schutz von [&hellip;]","og_url":"https:\/\/thebelizecollection.com\/de\/ein-toast-auf-die-wildnis\/","og_site_name":"The Belize Collection","article_modified_time":"2026-03-16T19:00:53+00:00","og_image":[{"width":2048,"height":1365,"url":"https:\/\/thebelizecollection.com\/wp-content\/uploads\/2026\/02\/DJI_20240831002411_0022_D.jpg","type":"image\/jpeg"}],"twitter_card":"summary_large_image","twitter_misc":{"Gesch\u00e4tzte Lesezeit":"1\u00a0Minute"},"schema":{"@context":"https:\/\/schema.org","@graph":[{"@type":"WebPage","@id":"https:\/\/thebelizecollection.com\/de\/ein-toast-auf-die-wildnis\/","url":"https:\/\/thebelizecollection.com\/de\/ein-toast-auf-die-wildnis\/","name":"Ein Toast auf die Wildnis - The Belize Collection","isPartOf":{"@id":"https:\/\/thebelizecollection.com\/de\/#website"},"primaryImageOfPage":{"@id":"https:\/\/thebelizecollection.com\/de\/ein-toast-auf-die-wildnis\/#primaryimage"},"image":{"@id":"https:\/\/thebelizecollection.com\/de\/ein-toast-auf-die-wildnis\/#primaryimage"},"thumbnailUrl":"https:\/\/thebelizecollection.com\/wp-content\/uploads\/2026\/02\/DJI_20240831002411_0022_D.jpg","datePublished":"2026-02-07T15:26:47+00:00","dateModified":"2026-03-16T19:00:53+00:00","breadcrumb":{"@id":"https:\/\/thebelizecollection.com\/de\/ein-toast-auf-die-wildnis\/#breadcrumb"},"inLanguage":"de","potentialAction":[{"@type":"ReadAction","target":["https:\/\/thebelizecollection.com\/de\/ein-toast-auf-die-wildnis\/"]}]},{"@type":"ImageObject","inLanguage":"de","@id":"https:\/\/thebelizecollection.com\/de\/ein-toast-auf-die-wildnis\/#primaryimage","url":"https:\/\/thebelizecollection.com\/wp-content\/uploads\/2026\/02\/DJI_20240831002411_0022_D.jpg","contentUrl":"https:\/\/thebelizecollection.com\/wp-content\/uploads\/2026\/02\/DJI_20240831002411_0022_D.jpg","width":2048,"height":1365},{"@type":"BreadcrumbList","@id":"https:\/\/thebelizecollection.com\/de\/ein-toast-auf-die-wildnis\/#breadcrumb","itemListElement":[{"@type":"ListItem","position":1,"name":"Home","item":"https:\/\/thebelizecollection.com\/de\/"},{"@type":"ListItem","position":2,"name":"Ein Toast auf die Wildnis"}]},{"@type":"WebSite","@id":"https:\/\/thebelizecollection.com\/de\/#website","url":"https:\/\/thebelizecollection.com\/de\/","name":"The Belize Collection","description":"Everything Belize","potentialAction":[{"@type":"SearchAction","target":{"@type":"EntryPoint","urlTemplate":"https:\/\/thebelizecollection.com\/de\/?s={search_term_string}"},"query-input":{"@type":"PropertyValueSpecification","valueRequired":true,"valueName":"search_term_string"}}],"inLanguage":"de"}]}},"jetpack_sharing_enabled":true,"_links":{"self":[{"href":"https:\/\/thebelizecollection.com\/de\/wp-json\/wp\/v2\/pages\/68626","targetHints":{"allow":["GET"]}}],"collection":[{"href":"https:\/\/thebelizecollection.com\/de\/wp-json\/wp\/v2\/pages"}],"about":[{"href":"https:\/\/thebelizecollection.com\/de\/wp-json\/wp\/v2\/types\/page"}],"author":[{"embeddable":true,"href":"https:\/\/thebelizecollection.com\/de\/wp-json\/wp\/v2\/users\/4"}],"replies":[{"embeddable":true,"href":"https:\/\/thebelizecollection.com\/de\/wp-json\/wp\/v2\/comments?post=68626"}],"version-history":[{"count":1,"href":"https:\/\/thebelizecollection.com\/de\/wp-json\/wp\/v2\/pages\/68626\/revisions"}],"predecessor-version":[{"id":68639,"href":"https:\/\/thebelizecollection.com\/de\/wp-json\/wp\/v2\/pages\/68626\/revisions\/68639"}],"wp:featuredmedia":[{"embeddable":true,"href":"https:\/\/thebelizecollection.com\/de\/wp-json\/wp\/v2\/media\/68633"}],"wp:attachment":[{"href":"https:\/\/thebelizecollection.com\/de\/wp-json\/wp\/v2\/media?parent=68626"}],"wp:term":[{"taxonomy":"category","embeddable":true,"href":"https:\/\/thebelizecollection.com\/de\/wp-json\/wp\/v2\/categories?post=68626"},{"taxonomy":"post_tag","embeddable":true,"href":"https:\/\/thebelizecollection.com\/de\/wp-json\/wp\/v2\/tags?post=68626"}],"curies":[{"name":"wp","href":"https:\/\/api.w.org\/{rel}","templated":true}]}}