{"id":68708,"date":"2026-02-06T14:27:22","date_gmt":"2026-02-06T20:27:22","guid":{"rendered":"https:\/\/thebelizecollection.com\/equine-wellness-retreat\/"},"modified":"2026-03-16T13:12:38","modified_gmt":"2026-03-16T19:12:38","slug":"equine-wellness-retreat","status":"publish","type":"page","link":"https:\/\/thebelizecollection.com\/de\/equine-wellness-retreat\/","title":{"rendered":"Equine Wellness Retreat"},"content":{"rendered":"\t\t<div data-elementor-type=\"wp-page\" data-elementor-id=\"68708\" class=\"elementor elementor-68708 elementor-65986\" data-elementor-post-type=\"page\">\n\t\t\t\t<div class=\"elementor-element elementor-element-f21b8fe e-con-full elementor-hidden-mobile e-flex e-con e-parent\" data-id=\"f21b8fe\" data-element_type=\"container\" data-e-type=\"container\" data-settings=\"{&quot;background_background&quot;:&quot;classic&quot;}\">\n\t\t\t\t<\/div>\n\t\t<div class=\"elementor-element elementor-element-3a5c8f7 e-flex e-con-boxed e-con e-parent\" data-id=\"3a5c8f7\" data-element_type=\"container\" data-e-type=\"container\">\n\t\t\t\t\t<div class=\"e-con-inner\">\n\t\t\t\t<div class=\"elementor-element elementor-element-3e1c6ab elementor-widget elementor-widget-spacer\" data-id=\"3e1c6ab\" data-element_type=\"widget\" data-e-type=\"widget\" data-widget_type=\"spacer.default\">\n\t\t\t\t<div class=\"elementor-widget-container\">\n\t\t\t\t\t\t\t<div class=\"elementor-spacer\">\n\t\t\t<div class=\"elementor-spacer-inner\"><\/div>\n\t\t<\/div>\n\t\t\t\t\t\t<\/div>\n\t\t\t\t<\/div>\n\t\t\t\t\t<\/div>\n\t\t\t\t<\/div>\n\t\t<div class=\"elementor-element elementor-element-27fe456 e-flex e-con-boxed e-con e-parent\" data-id=\"27fe456\" data-element_type=\"container\" data-e-type=\"container\">\n\t\t\t\t\t<div class=\"e-con-inner\">\n\t\t\t\t<div class=\"elementor-element elementor-element-8aa3571 elementor-widget elementor-widget-heading\" data-id=\"8aa3571\" data-element_type=\"widget\" data-e-type=\"widget\" data-widget_type=\"heading.default\">\n\t\t\t\t<div class=\"elementor-widget-container\">\n\t\t\t\t\t<h1 class=\"elementor-heading-title elementor-size-default\">Von Pferden gef\u00fchrt: Eine Wellness-Auszeit<\/h1>\t\t\t\t<\/div>\n\t\t\t\t<\/div>\n\t\t\t\t<div class=\"elementor-element elementor-element-6cf3c59 elementor-widget elementor-widget-heading\" data-id=\"6cf3c59\" data-element_type=\"widget\" data-e-type=\"widget\" data-widget_type=\"heading.default\">\n\t\t\t\t<div class=\"elementor-widget-container\">\n\t\t\t\t\t<h3 class=\"elementor-heading-title elementor-size-default\">14. M\u00e4rz 2026<\/h3>\t\t\t\t<\/div>\n\t\t\t\t<\/div>\n\t\t\t\t<div class=\"elementor-element elementor-element-3a5ea5c elementor-widget elementor-widget-text-editor\" data-id=\"3a5ea5c\" data-element_type=\"widget\" data-e-type=\"widget\" data-widget_type=\"text-editor.default\">\n\t\t\t\t<div class=\"elementor-widget-container\">\n\t\t\t\t\t\t\t\t\t<p><strong>F\u00fcr Reiter jeder Erfahrungsstufe<\/strong><\/p>\t\t\t\t\t\t\t\t<\/div>\n\t\t\t\t<\/div>\n\t\t\t\t<div class=\"elementor-element elementor-element-9adf30b elementor-widget elementor-widget-text-editor\" data-id=\"9adf30b\" data-element_type=\"widget\" data-e-type=\"widget\" data-widget_type=\"text-editor.default\">\n\t\t\t\t<div class=\"elementor-widget-container\">\n\t\t\t\t\t\t\t\t\t<p>Ein ganzt\u00e4giger, intensiver Workshop \u00fcber ethische Pferdepflege und grundlegende Reitkunst, geleitet von Apryl Nicole. Diese praxisorientierte Erfahrung ist f\u00fcr alle Erfahrungsstufen konzipiert und f\u00f6rdert eine respektvolle, achtsame Verbindung zu Pferden, wobei das Mittagessen als Teil des Tages inbegriffen ist. <\/p>\t\t\t\t\t\t\t\t<\/div>\n\t\t\t\t<\/div>\n\t\t\t\t<div class=\"elementor-element elementor-element-5e582ad elementor-widget elementor-widget-heading\" data-id=\"5e582ad\" data-element_type=\"widget\" data-e-type=\"widget\" data-widget_type=\"heading.default\">\n\t\t\t\t<div class=\"elementor-widget-container\">\n\t\t\t\t\t<h4 class=\"elementor-heading-title elementor-size-default\">In diesem Erlebnis enthalten:<\/h4>\t\t\t\t<\/div>\n\t\t\t\t<\/div>\n\t\t\t\t<div class=\"elementor-element elementor-element-ea26d59 elementor-widget elementor-widget-text-editor\" data-id=\"ea26d59\" data-element_type=\"widget\" data-e-type=\"widget\" data-widget_type=\"text-editor.default\">\n\t\t\t\t<div class=\"elementor-widget-container\">\n\t\t\t\t\t\t\t\t\t<ul><li>Somatischer Beziehungsaufbau<\/li><li>Satteln und Z\u00e4umen des Pferdes<\/li><li>Gef\u00fchrter Ausritt<\/li><li>Pflege nach dem Ritt und Integration<\/li><\/ul>\t\t\t\t\t\t\t\t<\/div>\n\t\t\t\t<\/div>\n\t\t\t\t<div class=\"elementor-element elementor-element-e41ae14 elementor-widget elementor-widget-heading\" data-id=\"e41ae14\" data-element_type=\"widget\" data-e-type=\"widget\" data-widget_type=\"heading.default\">\n\t\t\t\t<div class=\"elementor-widget-container\">\n\t\t\t\t\t<h4 class=\"elementor-heading-title elementor-size-default\">Preis:<\/h4>\t\t\t\t<\/div>\n\t\t\t\t<\/div>\n\t\t\t\t<div class=\"elementor-element elementor-element-3b0689d elementor-widget elementor-widget-text-editor\" data-id=\"3b0689d\" data-element_type=\"widget\" data-e-type=\"widget\" data-widget_type=\"text-editor.default\">\n\t\t\t\t<div class=\"elementor-widget-container\">\n\t\t\t\t\t\t\t\t\t<ul><li>60 USD pro Person (inkl. Steuern)<\/li><li>Es k\u00f6nnen weitere Bedingungen gelten<\/li><\/ul>\t\t\t\t\t\t\t\t<\/div>\n\t\t\t\t<\/div>\n\t\t\t\t<div class=\"elementor-element elementor-element-fa1e905 elementor-widget elementor-widget-heading\" data-id=\"fa1e905\" data-element_type=\"widget\" data-e-type=\"widget\" data-widget_type=\"heading.default\">\n\t\t\t\t<div class=\"elementor-widget-container\">\n\t\t\t\t\t<h4 class=\"elementor-heading-title elementor-size-default\">Was Sie tragen sollten:<\/h4>\t\t\t\t<\/div>\n\t\t\t\t<\/div>\n\t\t\t\t<div class=\"elementor-element elementor-element-bf0740b elementor-widget elementor-widget-text-editor\" data-id=\"bf0740b\" data-element_type=\"widget\" data-e-type=\"widget\" data-widget_type=\"text-editor.default\">\n\t\t\t\t<div class=\"elementor-widget-container\">\n\t\t\t\t\t\t\t\t\t<p>Wir empfehlen das Tragen von Stretchhosen und geschlossenen Schuhen mit leichtem Absatz f\u00fcr einen bequemen Ritt. Reithelme sind auf Anfrage erh\u00e4ltlich, um Ihre Sicherheit und Ihr Wohlbefinden zu gew\u00e4hrleisten. <\/p>\t\t\t\t\t\t\t\t<\/div>\n\t\t\t\t<\/div>\n\t\t\t\t\t<\/div>\n\t\t\t\t<\/div>\n\t\t<div class=\"elementor-element elementor-element-f260794 e-flex e-con-boxed e-con e-parent\" data-id=\"f260794\" data-element_type=\"container\" data-e-type=\"container\">\n\t\t\t\t\t<div class=\"e-con-inner\">\n\t\t\t\t<div class=\"elementor-element elementor-element-0340862 elementor-align-center elementor-widget elementor-widget-button\" data-id=\"0340862\" data-element_type=\"widget\" data-e-type=\"widget\" data-widget_type=\"button.default\">\n\t\t\t\t<div class=\"elementor-widget-container\">\n\t\t\t\t\t\t\t\t\t<div class=\"elementor-button-wrapper\">\n\t\t\t\t\t<a class=\"elementor-button elementor-button-link elementor-size-sm\" href=\"tel:+501%20615-2167\">\n\t\t\t\t\t\t<span class=\"elementor-button-content-wrapper\">\n\t\t\t\t\t\t\t\t\t<span class=\"elementor-button-text\">KLICKEN SIE HIER ZUR ANMELDUNG<\/span>\n\t\t\t\t\t<\/span>\n\t\t\t\t\t<\/a>\n\t\t\t\t<\/div>\n\t\t\t\t\t\t\t\t<\/div>\n\t\t\t\t<\/div>\n\t\t\t\t\t<\/div>\n\t\t\t\t<\/div>\n\t\t<div class=\"elementor-element elementor-element-8757c2d e-flex e-con-boxed e-con e-parent\" data-id=\"8757c2d\" data-element_type=\"container\" data-e-type=\"container\">\n\t\t\t\t\t<div class=\"e-con-inner\">\n\t\t\t\t<div class=\"elementor-element elementor-element-c5e8ab6 elementor-widget elementor-widget-spacer\" data-id=\"c5e8ab6\" data-element_type=\"widget\" data-e-type=\"widget\" data-widget_type=\"spacer.default\">\n\t\t\t\t<div class=\"elementor-widget-container\">\n\t\t\t\t\t\t\t<div class=\"elementor-spacer\">\n\t\t\t<div class=\"elementor-spacer-inner\"><\/div>\n\t\t<\/div>\n\t\t\t\t\t\t<\/div>\n\t\t\t\t<\/div>\n\t\t<div class=\"elementor-element elementor-element-be106b5 e-con-full e-flex e-con e-child\" data-id=\"be106b5\" data-element_type=\"container\" data-e-type=\"container\">\n\t\t<div class=\"elementor-element elementor-element-db5fb9c e-con-full e-flex e-con e-child\" data-id=\"db5fb9c\" data-element_type=\"container\" data-e-type=\"container\" data-settings=\"{&quot;background_background&quot;:&quot;classic&quot;}\">\n\t\t\t\t<div class=\"elementor-element elementor-element-bab64fb elementor-widget elementor-widget-spacer\" data-id=\"bab64fb\" data-element_type=\"widget\" data-e-type=\"widget\" data-widget_type=\"spacer.default\">\n\t\t\t\t<div class=\"elementor-widget-container\">\n\t\t\t\t\t\t\t<div class=\"elementor-spacer\">\n\t\t\t<div class=\"elementor-spacer-inner\"><\/div>\n\t\t<\/div>\n\t\t\t\t\t\t<\/div>\n\t\t\t\t<\/div>\n\t\t\t\t<\/div>\n\t\t<div class=\"elementor-element elementor-element-60e2940 e-con-full e-flex e-con e-child\" data-id=\"60e2940\" data-element_type=\"container\" data-e-type=\"container\">\n\t\t\t\t<div class=\"elementor-element elementor-element-a4a9faf elementor-widget elementor-widget-heading\" data-id=\"a4a9faf\" data-element_type=\"widget\" data-e-type=\"widget\" data-widget_type=\"heading.default\">\n\t\t\t\t<div class=\"elementor-widget-container\">\n\t\t\t\t\t<h1 class=\"elementor-heading-title elementor-size-default\">\u00dcber Apryl Nicole<\/h1>\t\t\t\t<\/div>\n\t\t\t\t<\/div>\n\t\t\t\t<div class=\"elementor-element elementor-element-133d91a elementor-widget elementor-widget-text-editor\" data-id=\"133d91a\" data-element_type=\"widget\" data-e-type=\"widget\" data-widget_type=\"text-editor.default\">\n\t\t\t\t<div class=\"elementor-widget-container\">\n\t\t\t\t\t\t\t\t\t<p data-start=\"64\" data-end=\"431\">Als zertifizierte Reittherapeutin, trauma-informierte Praktikerin und Energiearbeiterin spezialisiere ich mich darauf, Reitkunst mit somatischen Praktiken und Techniken zur Regulierung des Nervensystems zu integrieren. Mein Ansatz l\u00e4dt die Teilnehmer dazu ein, Pferde nicht nur als majest\u00e4tische Tiere zu erleben, sondern als intuitive Partner f\u00fcr emotionales Bewusstsein, Loslassen und bedeutsame Transformation. <\/p><p data-start=\"438\" data-end=\"484\">Erfahren Sie mehr unter <a class=\"decorated-link\" href=\"https:\/\/www.aprylnicole.com\/\" target=\"_new\" rel=\"noopener\" data-start=\"454\" data-end=\"482\">https:\/\/www.aprylnicole.com\/<\/a><\/p>\t\t\t\t\t\t\t\t<\/div>\n\t\t\t\t<\/div>\n\t\t\t\t<\/div>\n\t\t\t\t<\/div>\n\t\t\t\t<div class=\"elementor-element elementor-element-af618c4 elementor-widget elementor-widget-spacer\" data-id=\"af618c4\" data-element_type=\"widget\" data-e-type=\"widget\" data-widget_type=\"spacer.default\">\n\t\t\t\t<div class=\"elementor-widget-container\">\n\t\t\t\t\t\t\t<div class=\"elementor-spacer\">\n\t\t\t<div class=\"elementor-spacer-inner\"><\/div>\n\t\t<\/div>\n\t\t\t\t\t\t<\/div>\n\t\t\t\t<\/div>\n\t\t\t\t\t<\/div>\n\t\t\t\t<\/div>\n\t\t\t\t<\/div>\n\t\t","protected":false},"excerpt":{"rendered":"<p>Von Pferden gef\u00fchrt: Eine Wellness-Auszeit 14. M\u00e4rz 2026 F\u00fcr Reiter jeder Erfahrungsstufe Ein ganzt\u00e4giger, intensiver Workshop \u00fcber ethische Pferdepflege und grundlegende Reitkunst, geleitet von Apryl Nicole. Diese praxisorientierte Erfahrung ist f\u00fcr alle Erfahrungsstufen konzipiert und f\u00f6rdert eine respektvolle, achtsame Verbindung zu Pferden, wobei das Mittagessen als Teil des Tages inbegriffen ist. In diesem Erlebnis enthalten: [&hellip;]<\/p>\n","protected":false},"author":4,"featured_media":68716,"parent":0,"menu_order":0,"comment_status":"closed","ping_status":"closed","template":"page-full-width.php","meta":{"_acf_changed":false,"_vp_format_video_url":"","_vp_image_focal_point":[],"footnotes":""},"categories":[198],"tags":[],"class_list":["post-68708","page","type-page","status-publish","has-post-thumbnail","hentry","category-tbc-treffen"],"acf":[],"yoast_head":"<!-- This site is optimized with the Yoast SEO plugin v27.4 - https:\/\/yoast.com\/product\/yoast-seo-wordpress\/ -->\n<title>Equine Wellness Retreat - The Belize Collection<\/title>\n<meta name=\"robots\" content=\"index, follow, max-snippet:-1, max-image-preview:large, max-video-preview:-1\" \/>\n<link rel=\"canonical\" href=\"https:\/\/thebelizecollection.com\/de\/equine-wellness-retreat\/\" \/>\n<meta property=\"og:locale\" content=\"de_DE\" \/>\n<meta property=\"og:type\" content=\"article\" \/>\n<meta property=\"og:title\" content=\"Equine Wellness Retreat - The Belize Collection\" \/>\n<meta property=\"og:description\" content=\"Von Pferden gef\u00fchrt: Eine Wellness-Auszeit 14. M\u00e4rz 2026 F\u00fcr Reiter jeder Erfahrungsstufe Ein ganzt\u00e4giger, intensiver Workshop \u00fcber ethische Pferdepflege und grundlegende Reitkunst, geleitet von Apryl Nicole. Diese praxisorientierte Erfahrung ist f\u00fcr alle Erfahrungsstufen konzipiert und f\u00f6rdert eine respektvolle, achtsame Verbindung zu Pferden, wobei das Mittagessen als Teil des Tages inbegriffen ist. In diesem Erlebnis enthalten: [&hellip;]\" \/>\n<meta property=\"og:url\" content=\"https:\/\/thebelizecollection.com\/de\/equine-wellness-retreat\/\" \/>\n<meta property=\"og:site_name\" content=\"The Belize Collection\" \/>\n<meta property=\"article:modified_time\" content=\"2026-03-16T19:12:38+00:00\" \/>\n<meta property=\"og:image\" content=\"https:\/\/thebelizecollection.com\/wp-content\/uploads\/2025\/12\/223A3350.jpg\" \/>\n\t<meta property=\"og:image:width\" content=\"2048\" \/>\n\t<meta property=\"og:image:height\" content=\"1365\" \/>\n\t<meta property=\"og:image:type\" content=\"image\/jpeg\" \/>\n<meta name=\"twitter:card\" content=\"summary_large_image\" \/>\n<meta name=\"twitter:label1\" content=\"Gesch\u00e4tzte Lesezeit\" \/>\n\t<meta name=\"twitter:data1\" content=\"1\u00a0Minute\" \/>\n<script type=\"application\/ld+json\" class=\"yoast-schema-graph\">{\"@context\":\"https:\\\/\\\/schema.org\",\"@graph\":[{\"@type\":\"WebPage\",\"@id\":\"https:\\\/\\\/thebelizecollection.com\\\/de\\\/equine-wellness-retreat\\\/\",\"url\":\"https:\\\/\\\/thebelizecollection.com\\\/de\\\/equine-wellness-retreat\\\/\",\"name\":\"Equine Wellness Retreat - The Belize Collection\",\"isPartOf\":{\"@id\":\"https:\\\/\\\/thebelizecollection.com\\\/de\\\/#website\"},\"primaryImageOfPage\":{\"@id\":\"https:\\\/\\\/thebelizecollection.com\\\/de\\\/equine-wellness-retreat\\\/#primaryimage\"},\"image\":{\"@id\":\"https:\\\/\\\/thebelizecollection.com\\\/de\\\/equine-wellness-retreat\\\/#primaryimage\"},\"thumbnailUrl\":\"https:\\\/\\\/thebelizecollection.com\\\/wp-content\\\/uploads\\\/2025\\\/12\\\/223A3350.jpg\",\"datePublished\":\"2026-02-06T20:27:22+00:00\",\"dateModified\":\"2026-03-16T19:12:38+00:00\",\"breadcrumb\":{\"@id\":\"https:\\\/\\\/thebelizecollection.com\\\/de\\\/equine-wellness-retreat\\\/#breadcrumb\"},\"inLanguage\":\"de\",\"potentialAction\":[{\"@type\":\"ReadAction\",\"target\":[\"https:\\\/\\\/thebelizecollection.com\\\/de\\\/equine-wellness-retreat\\\/\"]}]},{\"@type\":\"ImageObject\",\"inLanguage\":\"de\",\"@id\":\"https:\\\/\\\/thebelizecollection.com\\\/de\\\/equine-wellness-retreat\\\/#primaryimage\",\"url\":\"https:\\\/\\\/thebelizecollection.com\\\/wp-content\\\/uploads\\\/2025\\\/12\\\/223A3350.jpg\",\"contentUrl\":\"https:\\\/\\\/thebelizecollection.com\\\/wp-content\\\/uploads\\\/2025\\\/12\\\/223A3350.jpg\",\"width\":2048,\"height\":1365},{\"@type\":\"BreadcrumbList\",\"@id\":\"https:\\\/\\\/thebelizecollection.com\\\/de\\\/equine-wellness-retreat\\\/#breadcrumb\",\"itemListElement\":[{\"@type\":\"ListItem\",\"position\":1,\"name\":\"Home\",\"item\":\"https:\\\/\\\/thebelizecollection.com\\\/de\\\/\"},{\"@type\":\"ListItem\",\"position\":2,\"name\":\"Equine Wellness Retreat\"}]},{\"@type\":\"WebSite\",\"@id\":\"https:\\\/\\\/thebelizecollection.com\\\/de\\\/#website\",\"url\":\"https:\\\/\\\/thebelizecollection.com\\\/de\\\/\",\"name\":\"The Belize Collection\",\"description\":\"Everything Belize\",\"potentialAction\":[{\"@type\":\"SearchAction\",\"target\":{\"@type\":\"EntryPoint\",\"urlTemplate\":\"https:\\\/\\\/thebelizecollection.com\\\/de\\\/?s={search_term_string}\"},\"query-input\":{\"@type\":\"PropertyValueSpecification\",\"valueRequired\":true,\"valueName\":\"search_term_string\"}}],\"inLanguage\":\"de\"}]}<\/script>\n<!-- \/ Yoast SEO plugin. -->","yoast_head_json":{"title":"Equine Wellness Retreat - The Belize Collection","robots":{"index":"index","follow":"follow","max-snippet":"max-snippet:-1","max-image-preview":"max-image-preview:large","max-video-preview":"max-video-preview:-1"},"canonical":"https:\/\/thebelizecollection.com\/de\/equine-wellness-retreat\/","og_locale":"de_DE","og_type":"article","og_title":"Equine Wellness Retreat - The Belize Collection","og_description":"Von Pferden gef\u00fchrt: Eine Wellness-Auszeit 14. M\u00e4rz 2026 F\u00fcr Reiter jeder Erfahrungsstufe Ein ganzt\u00e4giger, intensiver Workshop \u00fcber ethische Pferdepflege und grundlegende Reitkunst, geleitet von Apryl Nicole. Diese praxisorientierte Erfahrung ist f\u00fcr alle Erfahrungsstufen konzipiert und f\u00f6rdert eine respektvolle, achtsame Verbindung zu Pferden, wobei das Mittagessen als Teil des Tages inbegriffen ist. In diesem Erlebnis enthalten: [&hellip;]","og_url":"https:\/\/thebelizecollection.com\/de\/equine-wellness-retreat\/","og_site_name":"The Belize Collection","article_modified_time":"2026-03-16T19:12:38+00:00","og_image":[{"width":2048,"height":1365,"url":"https:\/\/thebelizecollection.com\/wp-content\/uploads\/2025\/12\/223A3350.jpg","type":"image\/jpeg"}],"twitter_card":"summary_large_image","twitter_misc":{"Gesch\u00e4tzte Lesezeit":"1\u00a0Minute"},"schema":{"@context":"https:\/\/schema.org","@graph":[{"@type":"WebPage","@id":"https:\/\/thebelizecollection.com\/de\/equine-wellness-retreat\/","url":"https:\/\/thebelizecollection.com\/de\/equine-wellness-retreat\/","name":"Equine Wellness Retreat - The Belize Collection","isPartOf":{"@id":"https:\/\/thebelizecollection.com\/de\/#website"},"primaryImageOfPage":{"@id":"https:\/\/thebelizecollection.com\/de\/equine-wellness-retreat\/#primaryimage"},"image":{"@id":"https:\/\/thebelizecollection.com\/de\/equine-wellness-retreat\/#primaryimage"},"thumbnailUrl":"https:\/\/thebelizecollection.com\/wp-content\/uploads\/2025\/12\/223A3350.jpg","datePublished":"2026-02-06T20:27:22+00:00","dateModified":"2026-03-16T19:12:38+00:00","breadcrumb":{"@id":"https:\/\/thebelizecollection.com\/de\/equine-wellness-retreat\/#breadcrumb"},"inLanguage":"de","potentialAction":[{"@type":"ReadAction","target":["https:\/\/thebelizecollection.com\/de\/equine-wellness-retreat\/"]}]},{"@type":"ImageObject","inLanguage":"de","@id":"https:\/\/thebelizecollection.com\/de\/equine-wellness-retreat\/#primaryimage","url":"https:\/\/thebelizecollection.com\/wp-content\/uploads\/2025\/12\/223A3350.jpg","contentUrl":"https:\/\/thebelizecollection.com\/wp-content\/uploads\/2025\/12\/223A3350.jpg","width":2048,"height":1365},{"@type":"BreadcrumbList","@id":"https:\/\/thebelizecollection.com\/de\/equine-wellness-retreat\/#breadcrumb","itemListElement":[{"@type":"ListItem","position":1,"name":"Home","item":"https:\/\/thebelizecollection.com\/de\/"},{"@type":"ListItem","position":2,"name":"Equine Wellness Retreat"}]},{"@type":"WebSite","@id":"https:\/\/thebelizecollection.com\/de\/#website","url":"https:\/\/thebelizecollection.com\/de\/","name":"The Belize Collection","description":"Everything Belize","potentialAction":[{"@type":"SearchAction","target":{"@type":"EntryPoint","urlTemplate":"https:\/\/thebelizecollection.com\/de\/?s={search_term_string}"},"query-input":{"@type":"PropertyValueSpecification","valueRequired":true,"valueName":"search_term_string"}}],"inLanguage":"de"}]}},"jetpack_sharing_enabled":true,"_links":{"self":[{"href":"https:\/\/thebelizecollection.com\/de\/wp-json\/wp\/v2\/pages\/68708","targetHints":{"allow":["GET"]}}],"collection":[{"href":"https:\/\/thebelizecollection.com\/de\/wp-json\/wp\/v2\/pages"}],"about":[{"href":"https:\/\/thebelizecollection.com\/de\/wp-json\/wp\/v2\/types\/page"}],"author":[{"embeddable":true,"href":"https:\/\/thebelizecollection.com\/de\/wp-json\/wp\/v2\/users\/4"}],"replies":[{"embeddable":true,"href":"https:\/\/thebelizecollection.com\/de\/wp-json\/wp\/v2\/comments?post=68708"}],"version-history":[{"count":3,"href":"https:\/\/thebelizecollection.com\/de\/wp-json\/wp\/v2\/pages\/68708\/revisions"}],"predecessor-version":[{"id":68779,"href":"https:\/\/thebelizecollection.com\/de\/wp-json\/wp\/v2\/pages\/68708\/revisions\/68779"}],"wp:featuredmedia":[{"embeddable":true,"href":"https:\/\/thebelizecollection.com\/de\/wp-json\/wp\/v2\/media\/68716"}],"wp:attachment":[{"href":"https:\/\/thebelizecollection.com\/de\/wp-json\/wp\/v2\/media?parent=68708"}],"wp:term":[{"taxonomy":"category","embeddable":true,"href":"https:\/\/thebelizecollection.com\/de\/wp-json\/wp\/v2\/categories?post=68708"},{"taxonomy":"post_tag","embeddable":true,"href":"https:\/\/thebelizecollection.com\/de\/wp-json\/wp\/v2\/tags?post=68708"}],"curies":[{"name":"wp","href":"https:\/\/api.w.org\/{rel}","templated":true}]}}