{"id":68718,"date":"2026-04-15T16:06:56","date_gmt":"2026-04-15T22:06:56","guid":{"rendered":"https:\/\/thebelizecollection.com\/bamboo-sessions\/"},"modified":"2026-03-16T13:16:36","modified_gmt":"2026-03-16T19:16:36","slug":"bamboo-sessions","status":"publish","type":"page","link":"https:\/\/thebelizecollection.com\/de\/bamboo-sessions\/","title":{"rendered":"Bamboo Sessions"},"content":{"rendered":"\t\t<div data-elementor-type=\"wp-page\" data-elementor-id=\"68718\" class=\"elementor elementor-68718 elementor-67353\" data-elementor-post-type=\"page\">\n\t\t\t\t<div class=\"elementor-element elementor-element-a67b721 e-con-full e-flex e-con e-parent\" data-id=\"a67b721\" data-element_type=\"container\" data-e-type=\"container\" data-settings=\"{&quot;background_background&quot;:&quot;classic&quot;}\">\n\t\t\t\t<\/div>\n\t\t<div class=\"elementor-element elementor-element-0b5a25c e-flex e-con-boxed e-con e-parent\" data-id=\"0b5a25c\" data-element_type=\"container\" data-e-type=\"container\">\n\t\t\t\t\t<div class=\"e-con-inner\">\n\t\t\t\t<div class=\"elementor-element elementor-element-24219fe elementor-widget elementor-widget-spacer\" data-id=\"24219fe\" data-element_type=\"widget\" data-e-type=\"widget\" data-widget_type=\"spacer.default\">\n\t\t\t\t<div class=\"elementor-widget-container\">\n\t\t\t\t\t\t\t<div class=\"elementor-spacer\">\n\t\t\t<div class=\"elementor-spacer-inner\"><\/div>\n\t\t<\/div>\n\t\t\t\t\t\t<\/div>\n\t\t\t\t<\/div>\n\t\t\t\t\t<\/div>\n\t\t\t\t<\/div>\n\t\t<div class=\"elementor-element elementor-element-d08b642 e-flex e-con-boxed e-con e-parent\" data-id=\"d08b642\" data-element_type=\"container\" data-e-type=\"container\">\n\t\t\t\t\t<div class=\"e-con-inner\">\n\t\t<div class=\"elementor-element elementor-element-3d5ed1e e-con-full e-flex e-con e-child\" data-id=\"3d5ed1e\" data-element_type=\"container\" data-e-type=\"container\">\n\t\t\t\t<div class=\"elementor-element elementor-element-9a56be9 elementor-widget elementor-widget-heading\" data-id=\"9a56be9\" data-element_type=\"widget\" data-e-type=\"widget\" data-widget_type=\"heading.default\">\n\t\t\t\t<div class=\"elementor-widget-container\">\n\t\t\t\t\t<h1 class=\"elementor-heading-title elementor-size-default\">Bamboo Sessions<\/h1>\t\t\t\t<\/div>\n\t\t\t\t<\/div>\n\t\t\t\t<div class=\"elementor-element elementor-element-6e7faf5 elementor-widget elementor-widget-text-editor\" data-id=\"6e7faf5\" data-element_type=\"widget\" data-e-type=\"widget\" data-widget_type=\"text-editor.default\">\n\t\t\t\t<div class=\"elementor-widget-container\">\n\t\t\t\t\t\t\t\t\t<div class=\"elementor-element elementor-element-3fd73d8 elementor-widget elementor-widget-text-editor\" data-id=\"3fd73d8\" data-element_type=\"widget\" data-widget_type=\"text-editor.default\"><div class=\"elementor-widget-container\">Diesen M\u00e4rz erwartet Sie\u2026 Barfu\u00df-Atmosph\u00e4re, kalte Getr\u00e4nke und die Geschichtenerz\u00e4hler-Seele von Jeff Rich.<\/div><div> <\/div><\/div><div>Am Freitag, den 13. M\u00e4rz, im Blue Reef widmen wir uns der Erz\u00e4hlkunst. Jeff nimmt die G\u00e4ste mit auf eine Reise von den staubigen Stra\u00dfen Nashvilles zu den t\u00fcrkisfarbenen K\u00fcsten von Placencia. Ob er den rauen Charme von Kris Kristofferson oder den Inselrhythmus von Bob Marley verk\u00f6rpert, sein Akustik-Set f\u00e4ngt die wahre Essenz der goldenen Stunde ein.  <\/div><div> <\/div><div>Kommen Sie wegen der Aussicht, bleiben Sie wegen der Lieder und entdecken Sie dabei ein paar neue Favoriten. Bitte melden Sie sich per WhatsApp unter <a href=\"callto:+501-616-0985.\">+501-616-0985<\/a> an. <\/div>\t\t\t\t\t\t\t\t<\/div>\n\t\t\t\t<\/div>\n\t\t\t\t<div class=\"elementor-element elementor-element-783576c elementor-widget elementor-widget-text-editor\" data-id=\"783576c\" data-element_type=\"widget\" data-e-type=\"widget\" data-widget_type=\"text-editor.default\">\n\t\t\t\t<div class=\"elementor-widget-container\">\n\t\t\t\t\t\t\t\t\t<p><strong>Ort: <span style=\"font-weight: 400;\">Bamboo Beach Bistro<\/span><\/strong><\/p><p><strong>Datum:<\/strong> 13. M\u00e4rz 2026<\/p><p><strong>Happy Hour: <\/strong>ab 15:00 Uhr<\/p><p><strong>Live-Musik:<\/strong> 18:00 Uhr &#8211; 21:00 Uhr<\/p><p><strong>Preis:<\/strong> Kein Eintritt<\/p>\t\t\t\t\t\t\t\t<\/div>\n\t\t\t\t<\/div>\n\t\t\t\t<div class=\"elementor-element elementor-element-5ccec93 elementor-widget elementor-widget-button\" data-id=\"5ccec93\" data-element_type=\"widget\" data-e-type=\"widget\" data-widget_type=\"button.default\">\n\t\t\t\t<div class=\"elementor-widget-container\">\n\t\t\t\t\t\t\t\t\t<div class=\"elementor-button-wrapper\">\n\t\t\t\t\t<a class=\"elementor-button elementor-button-link elementor-size-sm\" href=\"mailto:reservations@thebelizecollection.com\">\n\t\t\t\t\t\t<span class=\"elementor-button-content-wrapper\">\n\t\t\t\t\t\t\t\t\t<span class=\"elementor-button-text\">Hier klicken zur Anmeldung<\/span>\n\t\t\t\t\t<\/span>\n\t\t\t\t\t<\/a>\n\t\t\t\t<\/div>\n\t\t\t\t\t\t\t\t<\/div>\n\t\t\t\t<\/div>\n\t\t\t\t<\/div>\n\t\t<div class=\"elementor-element elementor-element-d377942 e-con-full e-flex e-con e-child\" data-id=\"d377942\" data-element_type=\"container\" data-e-type=\"container\" data-settings=\"{&quot;background_background&quot;:&quot;classic&quot;}\">\n\t\t\t\t<\/div>\n\t\t\t\t\t<\/div>\n\t\t\t\t<\/div>\n\t\t<div class=\"elementor-element elementor-element-a61596c e-flex e-con-boxed e-con e-parent\" data-id=\"a61596c\" data-element_type=\"container\" data-e-type=\"container\">\n\t\t\t\t\t<div class=\"e-con-inner\">\n\t\t\t\t<div class=\"elementor-element elementor-element-063bf66 elementor-widget elementor-widget-spacer\" data-id=\"063bf66\" data-element_type=\"widget\" data-e-type=\"widget\" data-widget_type=\"spacer.default\">\n\t\t\t\t<div class=\"elementor-widget-container\">\n\t\t\t\t\t\t\t<div class=\"elementor-spacer\">\n\t\t\t<div class=\"elementor-spacer-inner\"><\/div>\n\t\t<\/div>\n\t\t\t\t\t\t<\/div>\n\t\t\t\t<\/div>\n\t\t\t\t\t<\/div>\n\t\t\t\t<\/div>\n\t\t<div class=\"elementor-element elementor-element-a77d931 elementor-hidden-desktop elementor-hidden-tablet elementor-hidden-mobile e-flex e-con-boxed e-con e-parent\" data-id=\"a77d931\" data-element_type=\"container\" data-e-type=\"container\">\n\t\t\t\t\t<div class=\"e-con-inner\">\n\t\t\t\t<div class=\"elementor-element elementor-element-76fe942 elementor-widget elementor-widget-heading\" data-id=\"76fe942\" data-element_type=\"widget\" data-e-type=\"widget\" data-widget_type=\"heading.default\">\n\t\t\t\t<div class=\"elementor-widget-container\">\n\t\t\t\t\t<h1 class=\"elementor-heading-title elementor-size-default\">Ari &amp; Anton<\/h1>\t\t\t\t<\/div>\n\t\t\t\t<\/div>\n\t\t\t\t<div class=\"elementor-element elementor-element-c8aca9f elementor-widget elementor-widget-text-editor\" data-id=\"c8aca9f\" data-element_type=\"widget\" data-e-type=\"widget\" data-widget_type=\"text-editor.default\">\n\t\t\t\t<div class=\"elementor-widget-container\">\n\t\t\t\t\t\t\t\t\t<div class=\"elementor-element elementor-element-3fd73d8 elementor-widget elementor-widget-text-editor\" data-id=\"3fd73d8\" data-element_type=\"widget\" data-widget_type=\"text-editor.default\">\n<div class=\"elementor-widget-container\">\n\nAnton Alvarez und Arianna Quiroz sind ein dynamisches Musikduo, das in Belize, Mittelamerika, geboren und ans\u00e4ssig ist und fast ein Jahrzehnt B\u00fchnenerfahrung mitbringt. Bekannt f\u00fcr ihre harmonische Chemie und ihren reichen, gef\u00fchlvollen Klang, lassen sie sich von Legenden wie Stevie Wonder, Ella Fitzgerald, Chet Baker und The Beatles inspirieren und verbinden Jazz, Soul und R&amp;B zu einem eleganten und emotionalen Performance-Stil. \n\nGemeinsam traten sie in ganz Mittelamerika und den Vereinigten Staaten auf und begeisterten das Publikum mit ihrer raffinierten Kunstfertigkeit und ihrem zeitlosen Repertoire. Ob sie geliebte Klassiker interpretieren oder ihre eigenen einzigartigen Arrangements pr\u00e4sentieren, Anton und Arianna schaffen eine warme, anspruchsvolle Atmosph\u00e4re. \n\n<\/div>\n<\/div>\t\t\t\t\t\t\t\t<\/div>\n\t\t\t\t<\/div>\n\t\t\t\t\t<\/div>\n\t\t\t\t<\/div>\n\t\t<div class=\"elementor-element elementor-element-1e050c9 e-flex e-con-boxed e-con e-parent\" data-id=\"1e050c9\" data-element_type=\"container\" data-e-type=\"container\">\n\t\t\t\t\t<div class=\"e-con-inner\">\n\t\t\t\t<div class=\"elementor-element elementor-element-91f3e04 elementor-widget elementor-widget-spacer\" data-id=\"91f3e04\" data-element_type=\"widget\" data-e-type=\"widget\" data-widget_type=\"spacer.default\">\n\t\t\t\t<div class=\"elementor-widget-container\">\n\t\t\t\t\t\t\t<div class=\"elementor-spacer\">\n\t\t\t<div class=\"elementor-spacer-inner\"><\/div>\n\t\t<\/div>\n\t\t\t\t\t\t<\/div>\n\t\t\t\t<\/div>\n\t\t\t\t\t<\/div>\n\t\t\t\t<\/div>\n\t\t\t\t<\/div>\n\t\t","protected":false},"excerpt":{"rendered":"<p>Bamboo Sessions Diesen M\u00e4rz erwartet Sie\u2026 Barfu\u00df-Atmosph\u00e4re, kalte Getr\u00e4nke und die Geschichtenerz\u00e4hler-Seele von Jeff Rich. Am Freitag, den 13. M\u00e4rz, im Blue Reef widmen wir uns der Erz\u00e4hlkunst. Jeff nimmt die G\u00e4ste mit auf eine Reise von den staubigen Stra\u00dfen Nashvilles zu den t\u00fcrkisfarbenen K\u00fcsten von Placencia. Ob er den rauen Charme von Kris Kristofferson [&hellip;]<\/p>\n","protected":false},"author":4,"featured_media":68755,"parent":0,"menu_order":0,"comment_status":"closed","ping_status":"closed","template":"page-full-width.php","meta":{"_acf_changed":false,"_vp_format_video_url":"","_vp_image_focal_point":[],"footnotes":""},"categories":[198],"tags":[],"class_list":["post-68718","page","type-page","status-publish","has-post-thumbnail","hentry","category-tbc-treffen"],"acf":[],"yoast_head":"<!-- This site is optimized with the Yoast SEO plugin v27.4 - https:\/\/yoast.com\/product\/yoast-seo-wordpress\/ -->\n<title>Bamboo Sessions - The Belize Collection<\/title>\n<meta name=\"robots\" content=\"index, follow, max-snippet:-1, max-image-preview:large, max-video-preview:-1\" \/>\n<link rel=\"canonical\" href=\"https:\/\/thebelizecollection.com\/de\/bamboo-sessions\/\" \/>\n<meta property=\"og:locale\" content=\"de_DE\" \/>\n<meta property=\"og:type\" content=\"article\" \/>\n<meta property=\"og:title\" content=\"Bamboo Sessions - The Belize Collection\" \/>\n<meta property=\"og:description\" content=\"Bamboo Sessions Diesen M\u00e4rz erwartet Sie\u2026 Barfu\u00df-Atmosph\u00e4re, kalte Getr\u00e4nke und die Geschichtenerz\u00e4hler-Seele von Jeff Rich. Am Freitag, den 13. M\u00e4rz, im Blue Reef widmen wir uns der Erz\u00e4hlkunst. Jeff nimmt die G\u00e4ste mit auf eine Reise von den staubigen Stra\u00dfen Nashvilles zu den t\u00fcrkisfarbenen K\u00fcsten von Placencia. Ob er den rauen Charme von Kris Kristofferson [&hellip;]\" \/>\n<meta property=\"og:url\" content=\"https:\/\/thebelizecollection.com\/de\/bamboo-sessions\/\" \/>\n<meta property=\"og:site_name\" content=\"The Belize Collection\" \/>\n<meta property=\"og:image\" content=\"https:\/\/thebelizecollection.com\/wp-content\/uploads\/2026\/01\/20251001brrbz00_set-1-1125-1.jpg\" \/>\n\t<meta property=\"og:image:width\" content=\"2048\" \/>\n\t<meta property=\"og:image:height\" content=\"1365\" \/>\n\t<meta property=\"og:image:type\" content=\"image\/jpeg\" \/>\n<meta name=\"twitter:card\" content=\"summary_large_image\" \/>\n<meta name=\"twitter:label1\" content=\"Gesch\u00e4tzte Lesezeit\" \/>\n\t<meta name=\"twitter:data1\" content=\"1\u00a0Minute\" \/>\n<script type=\"application\/ld+json\" class=\"yoast-schema-graph\">{\"@context\":\"https:\\\/\\\/schema.org\",\"@graph\":[{\"@type\":\"WebPage\",\"@id\":\"https:\\\/\\\/thebelizecollection.com\\\/de\\\/bamboo-sessions\\\/\",\"url\":\"https:\\\/\\\/thebelizecollection.com\\\/de\\\/bamboo-sessions\\\/\",\"name\":\"Bamboo Sessions - The Belize Collection\",\"isPartOf\":{\"@id\":\"https:\\\/\\\/thebelizecollection.com\\\/de\\\/#website\"},\"primaryImageOfPage\":{\"@id\":\"https:\\\/\\\/thebelizecollection.com\\\/de\\\/bamboo-sessions\\\/#primaryimage\"},\"image\":{\"@id\":\"https:\\\/\\\/thebelizecollection.com\\\/de\\\/bamboo-sessions\\\/#primaryimage\"},\"thumbnailUrl\":\"https:\\\/\\\/thebelizecollection.com\\\/wp-content\\\/uploads\\\/2026\\\/01\\\/20251001brrbz00_set-1-1125-1.jpg\",\"datePublished\":\"2026-04-15T22:06:56+00:00\",\"breadcrumb\":{\"@id\":\"https:\\\/\\\/thebelizecollection.com\\\/de\\\/bamboo-sessions\\\/#breadcrumb\"},\"inLanguage\":\"de\",\"potentialAction\":[{\"@type\":\"ReadAction\",\"target\":[\"https:\\\/\\\/thebelizecollection.com\\\/de\\\/bamboo-sessions\\\/\"]}]},{\"@type\":\"ImageObject\",\"inLanguage\":\"de\",\"@id\":\"https:\\\/\\\/thebelizecollection.com\\\/de\\\/bamboo-sessions\\\/#primaryimage\",\"url\":\"https:\\\/\\\/thebelizecollection.com\\\/wp-content\\\/uploads\\\/2026\\\/01\\\/20251001brrbz00_set-1-1125-1.jpg\",\"contentUrl\":\"https:\\\/\\\/thebelizecollection.com\\\/wp-content\\\/uploads\\\/2026\\\/01\\\/20251001brrbz00_set-1-1125-1.jpg\",\"width\":2048,\"height\":1365},{\"@type\":\"BreadcrumbList\",\"@id\":\"https:\\\/\\\/thebelizecollection.com\\\/de\\\/bamboo-sessions\\\/#breadcrumb\",\"itemListElement\":[{\"@type\":\"ListItem\",\"position\":1,\"name\":\"Home\",\"item\":\"https:\\\/\\\/thebelizecollection.com\\\/de\\\/\"},{\"@type\":\"ListItem\",\"position\":2,\"name\":\"Bamboo Sessions\"}]},{\"@type\":\"WebSite\",\"@id\":\"https:\\\/\\\/thebelizecollection.com\\\/de\\\/#website\",\"url\":\"https:\\\/\\\/thebelizecollection.com\\\/de\\\/\",\"name\":\"The Belize Collection\",\"description\":\"Everything Belize\",\"potentialAction\":[{\"@type\":\"SearchAction\",\"target\":{\"@type\":\"EntryPoint\",\"urlTemplate\":\"https:\\\/\\\/thebelizecollection.com\\\/de\\\/?s={search_term_string}\"},\"query-input\":{\"@type\":\"PropertyValueSpecification\",\"valueRequired\":true,\"valueName\":\"search_term_string\"}}],\"inLanguage\":\"de\"}]}<\/script>\n<!-- \/ Yoast SEO plugin. -->","yoast_head_json":{"title":"Bamboo Sessions - The Belize Collection","robots":{"index":"index","follow":"follow","max-snippet":"max-snippet:-1","max-image-preview":"max-image-preview:large","max-video-preview":"max-video-preview:-1"},"canonical":"https:\/\/thebelizecollection.com\/de\/bamboo-sessions\/","og_locale":"de_DE","og_type":"article","og_title":"Bamboo Sessions - The Belize Collection","og_description":"Bamboo Sessions Diesen M\u00e4rz erwartet Sie\u2026 Barfu\u00df-Atmosph\u00e4re, kalte Getr\u00e4nke und die Geschichtenerz\u00e4hler-Seele von Jeff Rich. Am Freitag, den 13. M\u00e4rz, im Blue Reef widmen wir uns der Erz\u00e4hlkunst. Jeff nimmt die G\u00e4ste mit auf eine Reise von den staubigen Stra\u00dfen Nashvilles zu den t\u00fcrkisfarbenen K\u00fcsten von Placencia. Ob er den rauen Charme von Kris Kristofferson [&hellip;]","og_url":"https:\/\/thebelizecollection.com\/de\/bamboo-sessions\/","og_site_name":"The Belize Collection","og_image":[{"width":2048,"height":1365,"url":"https:\/\/thebelizecollection.com\/wp-content\/uploads\/2026\/01\/20251001brrbz00_set-1-1125-1.jpg","type":"image\/jpeg"}],"twitter_card":"summary_large_image","twitter_misc":{"Gesch\u00e4tzte Lesezeit":"1\u00a0Minute"},"schema":{"@context":"https:\/\/schema.org","@graph":[{"@type":"WebPage","@id":"https:\/\/thebelizecollection.com\/de\/bamboo-sessions\/","url":"https:\/\/thebelizecollection.com\/de\/bamboo-sessions\/","name":"Bamboo Sessions - The Belize Collection","isPartOf":{"@id":"https:\/\/thebelizecollection.com\/de\/#website"},"primaryImageOfPage":{"@id":"https:\/\/thebelizecollection.com\/de\/bamboo-sessions\/#primaryimage"},"image":{"@id":"https:\/\/thebelizecollection.com\/de\/bamboo-sessions\/#primaryimage"},"thumbnailUrl":"https:\/\/thebelizecollection.com\/wp-content\/uploads\/2026\/01\/20251001brrbz00_set-1-1125-1.jpg","datePublished":"2026-04-15T22:06:56+00:00","breadcrumb":{"@id":"https:\/\/thebelizecollection.com\/de\/bamboo-sessions\/#breadcrumb"},"inLanguage":"de","potentialAction":[{"@type":"ReadAction","target":["https:\/\/thebelizecollection.com\/de\/bamboo-sessions\/"]}]},{"@type":"ImageObject","inLanguage":"de","@id":"https:\/\/thebelizecollection.com\/de\/bamboo-sessions\/#primaryimage","url":"https:\/\/thebelizecollection.com\/wp-content\/uploads\/2026\/01\/20251001brrbz00_set-1-1125-1.jpg","contentUrl":"https:\/\/thebelizecollection.com\/wp-content\/uploads\/2026\/01\/20251001brrbz00_set-1-1125-1.jpg","width":2048,"height":1365},{"@type":"BreadcrumbList","@id":"https:\/\/thebelizecollection.com\/de\/bamboo-sessions\/#breadcrumb","itemListElement":[{"@type":"ListItem","position":1,"name":"Home","item":"https:\/\/thebelizecollection.com\/de\/"},{"@type":"ListItem","position":2,"name":"Bamboo Sessions"}]},{"@type":"WebSite","@id":"https:\/\/thebelizecollection.com\/de\/#website","url":"https:\/\/thebelizecollection.com\/de\/","name":"The Belize Collection","description":"Everything Belize","potentialAction":[{"@type":"SearchAction","target":{"@type":"EntryPoint","urlTemplate":"https:\/\/thebelizecollection.com\/de\/?s={search_term_string}"},"query-input":{"@type":"PropertyValueSpecification","valueRequired":true,"valueName":"search_term_string"}}],"inLanguage":"de"}]}},"jetpack_sharing_enabled":true,"_links":{"self":[{"href":"https:\/\/thebelizecollection.com\/de\/wp-json\/wp\/v2\/pages\/68718","targetHints":{"allow":["GET"]}}],"collection":[{"href":"https:\/\/thebelizecollection.com\/de\/wp-json\/wp\/v2\/pages"}],"about":[{"href":"https:\/\/thebelizecollection.com\/de\/wp-json\/wp\/v2\/types\/page"}],"author":[{"embeddable":true,"href":"https:\/\/thebelizecollection.com\/de\/wp-json\/wp\/v2\/users\/4"}],"replies":[{"embeddable":true,"href":"https:\/\/thebelizecollection.com\/de\/wp-json\/wp\/v2\/comments?post=68718"}],"version-history":[{"count":15,"href":"https:\/\/thebelizecollection.com\/de\/wp-json\/wp\/v2\/pages\/68718\/revisions"}],"predecessor-version":[{"id":68860,"href":"https:\/\/thebelizecollection.com\/de\/wp-json\/wp\/v2\/pages\/68718\/revisions\/68860"}],"wp:featuredmedia":[{"embeddable":true,"href":"https:\/\/thebelizecollection.com\/de\/wp-json\/wp\/v2\/media\/68755"}],"wp:attachment":[{"href":"https:\/\/thebelizecollection.com\/de\/wp-json\/wp\/v2\/media?parent=68718"}],"wp:term":[{"taxonomy":"category","embeddable":true,"href":"https:\/\/thebelizecollection.com\/de\/wp-json\/wp\/v2\/categories?post=68718"},{"taxonomy":"post_tag","embeddable":true,"href":"https:\/\/thebelizecollection.com\/de\/wp-json\/wp\/v2\/tags?post=68718"}],"curies":[{"name":"wp","href":"https:\/\/api.w.org\/{rel}","templated":true}]}}