{"id":69192,"date":"2025-09-17T15:04:49","date_gmt":"2025-09-17T21:04:49","guid":{"rendered":"https:\/\/thebelizecollection.com\/erleben-sie-zentralamerika\/"},"modified":"2026-03-16T17:37:43","modified_gmt":"2026-03-16T23:37:43","slug":"erleben-sie-zentralamerika","status":"publish","type":"page","link":"https:\/\/thebelizecollection.com\/de\/erleben-sie-zentralamerika\/","title":{"rendered":"Erleben Sie Zentralamerika"},"content":{"rendered":"\t\t<div data-elementor-type=\"wp-page\" data-elementor-id=\"69192\" class=\"elementor elementor-69192 elementor-63313\" data-elementor-post-type=\"page\">\n\t\t\t\t<div class=\"elementor-element elementor-element-d0a2c24 e-con-full elementor-hidden-mobile e-flex e-con e-parent\" data-id=\"d0a2c24\" data-element_type=\"container\" data-e-type=\"container\" data-settings=\"{&quot;background_background&quot;:&quot;classic&quot;}\">\n\t\t\t\t<\/div>\n\t\t<div class=\"elementor-element elementor-element-0f7fc22 e-flex e-con-boxed e-con e-parent\" data-id=\"0f7fc22\" data-element_type=\"container\" data-e-type=\"container\">\n\t\t\t\t\t<div class=\"e-con-inner\">\n\t\t<div class=\"elementor-element elementor-element-c16880b e-con-full e-flex e-con e-child\" data-id=\"c16880b\" data-element_type=\"container\" data-e-type=\"container\" data-settings=\"{&quot;background_background&quot;:&quot;classic&quot;}\">\n\t\t\t\t<\/div>\n\t\t<div class=\"elementor-element elementor-element-368d7bf e-con-full e-flex e-con e-child\" data-id=\"368d7bf\" data-element_type=\"container\" data-e-type=\"container\">\n\t\t\t\t<div class=\"elementor-element elementor-element-d9b9905 elementor-widget elementor-widget-heading\" data-id=\"d9b9905\" data-element_type=\"widget\" data-e-type=\"widget\" data-widget_type=\"heading.default\">\n\t\t\t\t<div class=\"elementor-widget-container\">\n\t\t\t\t\t<h1 class=\"elementor-heading-title elementor-size-default\">Erleben Sie Zentralamerika  <\/h1>\t\t\t\t<\/div>\n\t\t\t\t<\/div>\n\t\t\t\t<div class=\"elementor-element elementor-element-85cc20d elementor-widget elementor-widget-heading\" data-id=\"85cc20d\" data-element_type=\"widget\" data-e-type=\"widget\" data-widget_type=\"heading.default\">\n\t\t\t\t<div class=\"elementor-widget-container\">\n\t\t\t\t\t<h3 class=\"elementor-heading-title elementor-size-default\">Antike St\u00e4dte und goldene Str\u00e4nde  <\/h3>\t\t\t\t<\/div>\n\t\t\t\t<\/div>\n\t\t\t\t<div class=\"elementor-element elementor-element-5adf920 elementor-widget elementor-widget-text-editor\" data-id=\"5adf920\" data-element_type=\"widget\" data-e-type=\"widget\" data-widget_type=\"text-editor.default\">\n\t\t\t\t<div class=\"elementor-widget-container\">\n\t\t\t\t\t\t\t\t\t<div class=\"elementor-element elementor-element-3fd73d8 elementor-widget elementor-widget-text-editor\" data-id=\"3fd73d8\" data-element_type=\"widget\" data-widget_type=\"text-editor.default\"><div class=\"elementor-widget-container\">Dieses Urlaubspaket beginnt mit der Stille und Gelassenheit des Lake Pet\u00e9n Itz\u00e1 in Guatemala und f\u00fchrt Sie anschlie\u00dfend zu den Wellen und dem Rhythmus der Karibik, die auf die K\u00fcste von Belize trifft. Kombinieren Sie ein Abenteuer im Landesinneren im Bolontiku mit einem Strandaufenthalt im The Lodge at Jaguar Reef. <\/div><\/div>\t\t\t\t\t\t\t\t<\/div>\n\t\t\t\t<\/div>\n\t\t\t\t<div class=\"elementor-element elementor-element-86420eb elementor-widget elementor-widget-heading\" data-id=\"86420eb\" data-element_type=\"widget\" data-e-type=\"widget\" data-widget_type=\"heading.default\">\n\t\t\t\t<div class=\"elementor-widget-container\">\n\t\t\t\t\t<h2 class=\"elementor-heading-title elementor-size-default\">In diesem Erlebnis enthalten:<\/h2>\t\t\t\t<\/div>\n\t\t\t\t<\/div>\n\t\t\t\t<div class=\"elementor-element elementor-element-f94d184 elementor-widget elementor-widget-text-editor\" data-id=\"f94d184\" data-element_type=\"widget\" data-e-type=\"widget\" data-widget_type=\"text-editor.default\">\n\t\t\t\t<div class=\"elementor-widget-container\">\n\t\t\t\t\t\t\t\t\t<p aria-level=\"3\"><strong>Im Bolontiku  <\/strong><\/p><ul><li><span data-contrast=\"auto\">Stra\u00dfentransfer vom internationalen Flughafen Flores zum Anleger am See, anschlie\u00dfend Bootstransfer zum Hotel<\/span><span data-ccp-props=\"{}\"> <\/span><\/li><li><span data-contrast=\"auto\">3 N\u00e4chte in einer Garden View Suite oder Lake View Suite<\/span><span data-ccp-props=\"{}\"> <\/span><\/li><li><span data-contrast=\"auto\">T\u00e4glich 2-G\u00e4nge-Fr\u00fchst\u00fcck und 3-G\u00e4nge-Abendessen mit Saft und Kaffee<\/span><span data-ccp-props=\"{}\"> <\/span><\/li><li><span data-contrast=\"auto\">Ganzt\u00e4gige arch\u00e4ologische Tour nach Tikal f\u00fcr zwei Personen<\/span><span data-ccp-props=\"{}\"> <\/span><\/li><li><span data-contrast=\"auto\">Halbt\u00e4gige arch\u00e4ologische Tour nach Tayasal f\u00fcr zwei Personen<\/span><span data-ccp-props=\"{}\"> <\/span><\/li><li><span data-contrast=\"auto\">Rundgang durch die Stadt Flores, Guatemala<\/span><span data-ccp-props=\"{}\"> <\/span><\/li><li><span data-contrast=\"auto\">Privater Transfer von Bolontiku zur Westgrenze Belize\/Guatemala<\/span><span data-ccp-props=\"{}\"> <\/span><\/li><\/ul><p aria-level=\"3\"><strong>Im The Lodge at Jaguar Reef<\/strong><\/p><ul><li><span data-contrast=\"auto\">Privater Stra\u00dfentransfer von der Westgrenze Belize\/Guatemala  <\/span><span data-ccp-props=\"{}\"> <\/span><\/li><li><span data-contrast=\"auto\">3 bis 4 N\u00e4chte Aufenthalt in einer Deluxe Suite oder Seafront Suite mit Plunge Pool<\/span><span data-ccp-props=\"{}\"> <\/span><\/li><li><span data-contrast=\"auto\">T\u00e4glich 1-Gang-Fr\u00fchst\u00fcck, 2-G\u00e4nge-Mittagessen und 3-G\u00e4nge-Abendessen mit Saft, Kaffee und Wasser<\/span><span data-ccp-props=\"{}\"> <\/span><\/li><li><span data-contrast=\"auto\">Rhythm Reef Caye Experience f\u00fcr zwei Personen<\/span><span data-ccp-props=\"{}\"> <\/span><\/li><li><span data-contrast=\"auto\">Privater Transfer vom The Lodge at Jaguar Reef zum internationalen Flughafen Belize<\/span><span data-ccp-props=\"{}\"> <\/span><\/li><\/ul>\t\t\t\t\t\t\t\t<\/div>\n\t\t\t\t<\/div>\n\t\t\t\t<div class=\"elementor-element elementor-element-f455631 elementor-widget elementor-widget-heading\" data-id=\"f455631\" data-element_type=\"widget\" data-e-type=\"widget\" data-widget_type=\"heading.default\">\n\t\t\t\t<div class=\"elementor-widget-container\">\n\t\t\t\t\t<h2 class=\"elementor-heading-title elementor-size-default\">Preis ab 6.500 $ USD<\/h2>\t\t\t\t<\/div>\n\t\t\t\t<\/div>\n\t\t\t\t<div class=\"elementor-element elementor-element-2b16ca4 elementor-widget elementor-widget-text-editor\" data-id=\"2b16ca4\" data-element_type=\"widget\" data-e-type=\"widget\" data-widget_type=\"text-editor.default\">\n\t\t\t\t<div class=\"elementor-widget-container\">\n\t\t\t\t\t\t\t\t\t<ul><li><span data-contrast=\"auto\">Inklusive aller Steuern und Geb\u00fchren\u202f<\/span><span data-ccp-props=\"{\"201341983\":0,\"335559739\":0,\"335559740\":240}\"> <\/span><\/li><li><span data-contrast=\"auto\">Preis in USD und basierend auf Doppelbelegung\u202f<\/span><span data-ccp-props=\"{\"201341983\":0,\"335559739\":0,\"335559740\":240}\"> <\/span><\/li><li><span data-contrast=\"auto\">Nicht in Anspruch genommene Leistungen des Pakets k\u00f6nnen nicht als Gutschrift geltend gemacht werden\u202f<\/span><span data-ccp-props=\"{\"201341983\":0,\"335559739\":0,\"335559740\":240}\"> <\/span><\/li><li><span data-contrast=\"auto\">Weitere Bedingungen k\u00f6nnen gelten\u202f<\/span><span data-ccp-props=\"{\"201341983\":0,\"335559739\":0,\"335559740\":240}\"> <\/span><\/li><\/ul>\t\t\t\t\t\t\t\t<\/div>\n\t\t\t\t<\/div>\n\t\t<div class=\"elementor-element elementor-element-c98ade2 e-grid e-con-full e-con e-child\" data-id=\"c98ade2\" data-element_type=\"container\" data-e-type=\"container\">\n\t\t\t\t<div class=\"elementor-element elementor-element-8b5956d elementor-align-left elementor-widget elementor-widget-button\" data-id=\"8b5956d\" data-element_type=\"widget\" data-e-type=\"widget\" data-widget_type=\"button.default\">\n\t\t\t\t<div class=\"elementor-widget-container\">\n\t\t\t\t\t\t\t\t\t<div class=\"elementor-button-wrapper\">\n\t\t\t\t\t<a class=\"elementor-button elementor-button-link elementor-size-sm\" href=\"https:\/\/thebelizecollection.com\/contact-us\/\">\n\t\t\t\t\t\t<span class=\"elementor-button-content-wrapper\">\n\t\t\t\t\t\t\t\t\t<span class=\"elementor-button-text\">KONTAKTIEREN SIE UNS<\/span>\n\t\t\t\t\t<\/span>\n\t\t\t\t\t<\/a>\n\t\t\t\t<\/div>\n\t\t\t\t\t\t\t\t<\/div>\n\t\t\t\t<\/div>\n\t\t\t\t<div class=\"elementor-element elementor-element-df19453 elementor-align-left elementor-widget elementor-widget-button\" data-id=\"df19453\" data-element_type=\"widget\" data-e-type=\"widget\" data-widget_type=\"button.default\">\n\t\t\t\t<div class=\"elementor-widget-container\">\n\t\t\t\t\t\t\t\t\t<div class=\"elementor-button-wrapper\">\n\t\t\t\t\t<a class=\"elementor-button elementor-button-link elementor-size-sm\" href=\"https:\/\/thebelizecollection.com\/vacation-packages\/\">\n\t\t\t\t\t\t<span class=\"elementor-button-content-wrapper\">\n\t\t\t\t\t\t<span class=\"elementor-button-icon\">\n\t\t\t\t<svg aria-hidden=\"true\" class=\"e-font-icon-svg e-fas-arrow-left\" viewBox=\"0 0 448 512\" xmlns=\"http:\/\/www.w3.org\/2000\/svg\"><path d=\"M257.5 445.1l-22.2 22.2c-9.4 9.4-24.6 9.4-33.9 0L7 273c-9.4-9.4-9.4-24.6 0-33.9L201.4 44.7c9.4-9.4 24.6-9.4 33.9 0l22.2 22.2c9.5 9.5 9.3 25-.4 34.3L136.6 216H424c13.3 0 24 10.7 24 24v32c0 13.3-10.7 24-24 24H136.6l120.5 114.8c9.8 9.3 10 24.8.4 34.3z\"><\/path><\/svg>\t\t\t<\/span>\n\t\t\t\t\t\t\t\t\t<span class=\"elementor-button-text\">URLAUBSPAKETE ANSEHEN<\/span>\n\t\t\t\t\t<\/span>\n\t\t\t\t\t<\/a>\n\t\t\t\t<\/div>\n\t\t\t\t\t\t\t\t<\/div>\n\t\t\t\t<\/div>\n\t\t\t\t<\/div>\n\t\t\t\t<\/div>\n\t\t\t\t\t<\/div>\n\t\t\t\t<\/div>\n\t\t\t\t<\/div>\n\t\t","protected":false},"excerpt":{"rendered":"<p>Erleben Sie Zentralamerika Antike St\u00e4dte und goldene Str\u00e4nde Dieses Urlaubspaket beginnt mit der Stille und Gelassenheit des Lake Pet\u00e9n Itz\u00e1 in Guatemala und f\u00fchrt Sie anschlie\u00dfend zu den Wellen und dem Rhythmus der Karibik, die auf die K\u00fcste von Belize trifft. Kombinieren Sie ein Abenteuer im Landesinneren im Bolontiku mit einem Strandaufenthalt im The Lodge [&hellip;]<\/p>\n","protected":false},"author":4,"featured_media":0,"parent":0,"menu_order":0,"comment_status":"closed","ping_status":"closed","template":"page-full-width.php","meta":{"_acf_changed":false,"_vp_format_video_url":"","_vp_image_focal_point":[],"footnotes":""},"categories":[],"tags":[],"class_list":["post-69192","page","type-page","status-publish","hentry"],"acf":[],"yoast_head":"<!-- This site is optimized with the Yoast SEO plugin v27.5 - https:\/\/yoast.com\/product\/yoast-seo-wordpress\/ -->\n<title>Erleben Sie Zentralamerika - The Belize Collection<\/title>\n<meta name=\"robots\" content=\"index, follow, max-snippet:-1, max-image-preview:large, max-video-preview:-1\" \/>\n<link rel=\"canonical\" href=\"https:\/\/thebelizecollection.com\/de\/erleben-sie-zentralamerika\/\" \/>\n<meta property=\"og:locale\" content=\"de_DE\" \/>\n<meta property=\"og:type\" content=\"article\" \/>\n<meta property=\"og:title\" content=\"Erleben Sie Zentralamerika - The Belize Collection\" \/>\n<meta property=\"og:description\" content=\"Erleben Sie Zentralamerika Antike St\u00e4dte und goldene Str\u00e4nde Dieses Urlaubspaket beginnt mit der Stille und Gelassenheit des Lake Pet\u00e9n Itz\u00e1 in Guatemala und f\u00fchrt Sie anschlie\u00dfend zu den Wellen und dem Rhythmus der Karibik, die auf die K\u00fcste von Belize trifft. Kombinieren Sie ein Abenteuer im Landesinneren im Bolontiku mit einem Strandaufenthalt im The Lodge [&hellip;]\" \/>\n<meta property=\"og:url\" content=\"https:\/\/thebelizecollection.com\/de\/erleben-sie-zentralamerika\/\" \/>\n<meta property=\"og:site_name\" content=\"The Belize Collection\" \/>\n<meta property=\"article:modified_time\" content=\"2026-03-16T23:37:43+00:00\" \/>\n<meta name=\"twitter:card\" content=\"summary_large_image\" \/>\n<meta name=\"twitter:label1\" content=\"Gesch\u00e4tzte Lesezeit\" \/>\n\t<meta name=\"twitter:data1\" content=\"1\u00a0Minute\" \/>\n<script type=\"application\/ld+json\" class=\"yoast-schema-graph\">{\"@context\":\"https:\\\/\\\/schema.org\",\"@graph\":[{\"@type\":\"WebPage\",\"@id\":\"https:\\\/\\\/thebelizecollection.com\\\/de\\\/erleben-sie-zentralamerika\\\/\",\"url\":\"https:\\\/\\\/thebelizecollection.com\\\/de\\\/erleben-sie-zentralamerika\\\/\",\"name\":\"Erleben Sie Zentralamerika - The Belize Collection\",\"isPartOf\":{\"@id\":\"https:\\\/\\\/thebelizecollection.com\\\/de\\\/#website\"},\"datePublished\":\"2025-09-17T21:04:49+00:00\",\"dateModified\":\"2026-03-16T23:37:43+00:00\",\"breadcrumb\":{\"@id\":\"https:\\\/\\\/thebelizecollection.com\\\/de\\\/erleben-sie-zentralamerika\\\/#breadcrumb\"},\"inLanguage\":\"de\",\"potentialAction\":[{\"@type\":\"ReadAction\",\"target\":[\"https:\\\/\\\/thebelizecollection.com\\\/de\\\/erleben-sie-zentralamerika\\\/\"]}]},{\"@type\":\"BreadcrumbList\",\"@id\":\"https:\\\/\\\/thebelizecollection.com\\\/de\\\/erleben-sie-zentralamerika\\\/#breadcrumb\",\"itemListElement\":[{\"@type\":\"ListItem\",\"position\":1,\"name\":\"Home\",\"item\":\"https:\\\/\\\/thebelizecollection.com\\\/de\\\/\"},{\"@type\":\"ListItem\",\"position\":2,\"name\":\"Erleben Sie Zentralamerika\"}]},{\"@type\":\"WebSite\",\"@id\":\"https:\\\/\\\/thebelizecollection.com\\\/de\\\/#website\",\"url\":\"https:\\\/\\\/thebelizecollection.com\\\/de\\\/\",\"name\":\"The Belize Collection\",\"description\":\"Everything Belize\",\"potentialAction\":[{\"@type\":\"SearchAction\",\"target\":{\"@type\":\"EntryPoint\",\"urlTemplate\":\"https:\\\/\\\/thebelizecollection.com\\\/de\\\/?s={search_term_string}\"},\"query-input\":{\"@type\":\"PropertyValueSpecification\",\"valueRequired\":true,\"valueName\":\"search_term_string\"}}],\"inLanguage\":\"de\"}]}<\/script>\n<!-- \/ Yoast SEO plugin. -->","yoast_head_json":{"title":"Erleben Sie Zentralamerika - The Belize Collection","robots":{"index":"index","follow":"follow","max-snippet":"max-snippet:-1","max-image-preview":"max-image-preview:large","max-video-preview":"max-video-preview:-1"},"canonical":"https:\/\/thebelizecollection.com\/de\/erleben-sie-zentralamerika\/","og_locale":"de_DE","og_type":"article","og_title":"Erleben Sie Zentralamerika - The Belize Collection","og_description":"Erleben Sie Zentralamerika Antike St\u00e4dte und goldene Str\u00e4nde Dieses Urlaubspaket beginnt mit der Stille und Gelassenheit des Lake Pet\u00e9n Itz\u00e1 in Guatemala und f\u00fchrt Sie anschlie\u00dfend zu den Wellen und dem Rhythmus der Karibik, die auf die K\u00fcste von Belize trifft. Kombinieren Sie ein Abenteuer im Landesinneren im Bolontiku mit einem Strandaufenthalt im The Lodge [&hellip;]","og_url":"https:\/\/thebelizecollection.com\/de\/erleben-sie-zentralamerika\/","og_site_name":"The Belize Collection","article_modified_time":"2026-03-16T23:37:43+00:00","twitter_card":"summary_large_image","twitter_misc":{"Gesch\u00e4tzte Lesezeit":"1\u00a0Minute"},"schema":{"@context":"https:\/\/schema.org","@graph":[{"@type":"WebPage","@id":"https:\/\/thebelizecollection.com\/de\/erleben-sie-zentralamerika\/","url":"https:\/\/thebelizecollection.com\/de\/erleben-sie-zentralamerika\/","name":"Erleben Sie Zentralamerika - The Belize Collection","isPartOf":{"@id":"https:\/\/thebelizecollection.com\/de\/#website"},"datePublished":"2025-09-17T21:04:49+00:00","dateModified":"2026-03-16T23:37:43+00:00","breadcrumb":{"@id":"https:\/\/thebelizecollection.com\/de\/erleben-sie-zentralamerika\/#breadcrumb"},"inLanguage":"de","potentialAction":[{"@type":"ReadAction","target":["https:\/\/thebelizecollection.com\/de\/erleben-sie-zentralamerika\/"]}]},{"@type":"BreadcrumbList","@id":"https:\/\/thebelizecollection.com\/de\/erleben-sie-zentralamerika\/#breadcrumb","itemListElement":[{"@type":"ListItem","position":1,"name":"Home","item":"https:\/\/thebelizecollection.com\/de\/"},{"@type":"ListItem","position":2,"name":"Erleben Sie Zentralamerika"}]},{"@type":"WebSite","@id":"https:\/\/thebelizecollection.com\/de\/#website","url":"https:\/\/thebelizecollection.com\/de\/","name":"The Belize Collection","description":"Everything Belize","potentialAction":[{"@type":"SearchAction","target":{"@type":"EntryPoint","urlTemplate":"https:\/\/thebelizecollection.com\/de\/?s={search_term_string}"},"query-input":{"@type":"PropertyValueSpecification","valueRequired":true,"valueName":"search_term_string"}}],"inLanguage":"de"}]}},"jetpack_sharing_enabled":true,"_links":{"self":[{"href":"https:\/\/thebelizecollection.com\/de\/wp-json\/wp\/v2\/pages\/69192","targetHints":{"allow":["GET"]}}],"collection":[{"href":"https:\/\/thebelizecollection.com\/de\/wp-json\/wp\/v2\/pages"}],"about":[{"href":"https:\/\/thebelizecollection.com\/de\/wp-json\/wp\/v2\/types\/page"}],"author":[{"embeddable":true,"href":"https:\/\/thebelizecollection.com\/de\/wp-json\/wp\/v2\/users\/4"}],"replies":[{"embeddable":true,"href":"https:\/\/thebelizecollection.com\/de\/wp-json\/wp\/v2\/comments?post=69192"}],"version-history":[{"count":1,"href":"https:\/\/thebelizecollection.com\/de\/wp-json\/wp\/v2\/pages\/69192\/revisions"}],"predecessor-version":[{"id":69226,"href":"https:\/\/thebelizecollection.com\/de\/wp-json\/wp\/v2\/pages\/69192\/revisions\/69226"}],"wp:attachment":[{"href":"https:\/\/thebelizecollection.com\/de\/wp-json\/wp\/v2\/media?parent=69192"}],"wp:term":[{"taxonomy":"category","embeddable":true,"href":"https:\/\/thebelizecollection.com\/de\/wp-json\/wp\/v2\/categories?post=69192"},{"taxonomy":"post_tag","embeddable":true,"href":"https:\/\/thebelizecollection.com\/de\/wp-json\/wp\/v2\/tags?post=69192"}],"curies":[{"name":"wp","href":"https:\/\/api.w.org\/{rel}","templated":true}]}}