{"id":69228,"date":"2025-09-15T08:20:16","date_gmt":"2025-09-15T14:20:16","guid":{"rendered":"https:\/\/thebelizecollection.com\/gezeiten-pfade\/"},"modified":"2026-03-16T17:43:14","modified_gmt":"2026-03-16T23:43:14","slug":"gezeiten-pfade","status":"publish","type":"page","link":"https:\/\/thebelizecollection.com\/de\/gezeiten-pfade\/","title":{"rendered":"Gezeiten &amp; Pfade"},"content":{"rendered":"\t\t<div data-elementor-type=\"wp-page\" data-elementor-id=\"69228\" class=\"elementor elementor-69228 elementor-63232\" data-elementor-post-type=\"page\">\n\t\t\t\t<div class=\"elementor-element elementor-element-4473328 e-con-full elementor-hidden-mobile e-flex e-con e-parent\" data-id=\"4473328\" data-element_type=\"container\" data-e-type=\"container\" data-settings=\"{&quot;background_background&quot;:&quot;classic&quot;}\">\n\t\t\t\t<\/div>\n\t\t<div class=\"elementor-element elementor-element-2196309 e-flex e-con-boxed e-con e-parent\" data-id=\"2196309\" data-element_type=\"container\" data-e-type=\"container\">\n\t\t\t\t\t<div class=\"e-con-inner\">\n\t\t<div class=\"elementor-element elementor-element-7146179 e-con-full e-flex e-con e-child\" data-id=\"7146179\" data-element_type=\"container\" data-e-type=\"container\" data-settings=\"{&quot;background_background&quot;:&quot;classic&quot;}\">\n\t\t\t\t<\/div>\n\t\t<div class=\"elementor-element elementor-element-794abc5 e-con-full e-flex e-con e-child\" data-id=\"794abc5\" data-element_type=\"container\" data-e-type=\"container\">\n\t\t\t\t<div class=\"elementor-element elementor-element-f8fac7e elementor-widget elementor-widget-heading\" data-id=\"f8fac7e\" data-element_type=\"widget\" data-e-type=\"widget\" data-widget_type=\"heading.default\">\n\t\t\t\t<div class=\"elementor-widget-container\">\n\t\t\t\t\t<h1 class=\"elementor-heading-title elementor-size-default\">Gezeiten &amp; Pfade<\/h1>\t\t\t\t<\/div>\n\t\t\t\t<\/div>\n\t\t\t\t<div class=\"elementor-element elementor-element-448a2d8 elementor-widget elementor-widget-heading\" data-id=\"448a2d8\" data-element_type=\"widget\" data-e-type=\"widget\" data-widget_type=\"heading.default\">\n\t\t\t\t<div class=\"elementor-widget-container\">\n\t\t\t\t\t<h3 class=\"elementor-heading-title elementor-size-default\">Segeln Sie \u00fcber das Meer, durchqueren Sie den Dschungel<\/h3>\t\t\t\t<\/div>\n\t\t\t\t<\/div>\n\t\t\t\t<div class=\"elementor-element elementor-element-6a5b9fa elementor-widget elementor-widget-text-editor\" data-id=\"6a5b9fa\" data-element_type=\"widget\" data-e-type=\"widget\" data-widget_type=\"text-editor.default\">\n\t\t\t\t<div class=\"elementor-widget-container\">\n\t\t\t\t\t\t\t\t\t<div class=\"elementor-element elementor-element-3fd73d8 elementor-widget elementor-widget-text-editor\" data-id=\"3fd73d8\" data-element_type=\"widget\" data-widget_type=\"text-editor.default\"><div class=\"elementor-widget-container\"><span class=\"TextRun SCXW108837009 BCX0\" lang=\"EN-BZ\" xml:lang=\"EN-BZ\" data-contrast=\"auto\"><span class=\"NormalTextRun SCXW108837009 BCX0\">Erleben <\/span><span class=\"NormalTextRun SCXW108837009 BCX0\">Sie<\/span><span class=\"NormalTextRun SCXW108837009 BCX0\"> die Gezeiten &amp; Pfade<\/span><span class=\"NormalTextRun SCXW108837009 BCX0\"> von Belize<\/span><span class=\"NormalTextRun SCXW108837009 BCX0\">, wenn Sie dieses <\/span><span class=\"NormalTextRun SCXW108837009 BCX0\">7-N\u00e4chte-<\/span><span class=\"NormalTextRun SCXW108837009 BCX0\">Paket mit <\/span><span class=\"NormalTextRun SCXW108837009 BCX0\">The Rainforest Lodge at Sleeping Giant und Belize Sailing Vacations<\/span><span class=\"NormalTextRun SCXW108837009 BCX0\"> buchen. <\/span><span class=\"NormalTextRun SCXW108837009 BCX0\">Wir<\/span> <span class=\"NormalTextRun SCXW108837009 BCX0\">haben uns zusammengetan<\/span><span class=\"NormalTextRun SCXW108837009 BCX0\">, um <\/span><span class=\"NormalTextRun SCXW108837009 BCX0\">die Anblicke des Meeres und die Ger\u00e4usche des Dschungels in einem unglaublichen Aufenthalt anzubieten.<\/span><\/span><\/div><\/div>\t\t\t\t\t\t\t\t<\/div>\n\t\t\t\t<\/div>\n\t\t\t\t<div class=\"elementor-element elementor-element-6afd7e8 elementor-widget elementor-widget-heading\" data-id=\"6afd7e8\" data-element_type=\"widget\" data-e-type=\"widget\" data-widget_type=\"heading.default\">\n\t\t\t\t<div class=\"elementor-widget-container\">\n\t\t\t\t\t<h2 class=\"elementor-heading-title elementor-size-default\">In diesem Erlebnis enthalten:<\/h2>\t\t\t\t<\/div>\n\t\t\t\t<\/div>\n\t\t\t\t<div class=\"elementor-element elementor-element-ff86a5f elementor-widget elementor-widget-text-editor\" data-id=\"ff86a5f\" data-element_type=\"widget\" data-e-type=\"widget\" data-widget_type=\"text-editor.default\">\n\t\t\t\t<div class=\"elementor-widget-container\">\n\t\t\t\t\t\t\t\t\t<p aria-level=\"3\"><strong>Mit Belize Sailing Vacations <\/strong><\/p><ul><li><span data-contrast=\"auto\">Privater Stra\u00dfentransfer vom internationalen Flughafen Belize zur Cucumber Beach Marina<\/span><span data-ccp-props=\"{}\"> <\/span><\/li><li><span data-contrast=\"auto\">4 N\u00e4chte in Queen Cabins an Bord der Magnificent, einem BALI 4.8 Katamaran<\/span><span data-ccp-props=\"{}\"> <\/span><\/li><li><span data-contrast=\"auto\">Engagierte Crew aus Kapit\u00e4n und Koch\/Erstem Offizier<\/span><span data-ccp-props=\"{}\"> <\/span><\/li><li><span data-contrast=\"auto\">Alle Mahlzeiten inklusive Fr\u00fchst\u00fcck, Mittagessen, Canap\u00e9s, Abendessen und Dessert<\/span><span data-ccp-props=\"{}\"> <\/span><\/li><li><span data-contrast=\"auto\">Offene Schiffsbar inklusive Bier, Rum-Cocktails und Wein zum Abendessen<\/span><span data-ccp-props=\"{}\"> <\/span><\/li><li><span data-contrast=\"auto\">Ausr\u00fcstung zum Angeln, Kajakfahren, Paddle-Boarding und Schnorcheln<\/span><span data-ccp-props=\"{}\"> <\/span><\/li><\/ul><p><i><span data-contrast=\"auto\">Trinkgeld f\u00fcr die Crew und Aktivit\u00e4ten au\u00dferhalb des Bootes wie Restaurantbesuche, Tauchen, Spezialfischen oder Spa-Behandlungen sind nicht im Preis inbegriffen.<\/span><\/i><span data-ccp-props=\"{}\"> <\/span><\/p><p> <\/p><p aria-level=\"3\"><strong>In The Rainforest Lodge at Sleeping Giant <\/strong><\/p><ul><li><span data-contrast=\"auto\">Privater Stra\u00dfentransfer von der Sittee River Marina zur The Rainforest Lodge at Sleeping Giant, mit einem Zwischenstopp im The Paddle House at Jaguar Reef f\u00fcr ein zweig\u00e4ngiges Mittagessen<\/span><span data-ccp-props=\"{}\"> <\/span><\/li><li><span data-contrast=\"auto\">3 N\u00e4chte in zwei Mountain View Suiten mit Tauchbecken<\/span><span data-ccp-props=\"{}\"> <\/span><\/li><li><span data-contrast=\"auto\">T\u00e4gliches Ein-Gang-Fr\u00fchst\u00fcck, Zwei-G\u00e4nge-Mittagessen und Drei-G\u00e4nge-Abendessen<\/span><span data-ccp-props=\"{}\"> <\/span><\/li><li><span data-contrast=\"auto\">Privates Picknick im Gazebo oder Nest, inklusive 1 Flasche Champagner und Obstplatte<\/span><span data-ccp-props=\"{}\"> <\/span><\/li><li><span data-contrast=\"auto\">Maya-Kochkurs-Erlebnis<\/span><span data-ccp-props=\"{}\"> <\/span><\/li><li><span data-contrast=\"auto\">Privates Drei-G\u00e4nge-Men\u00fc im The Cliff<\/span><span data-ccp-props=\"{}\"> <\/span><\/li><li><span data-contrast=\"auto\">Zeremonielle H\u00f6hlentour<\/span><span data-ccp-props=\"{}\"> <\/span><\/li><li><span data-contrast=\"auto\">Privater Transfer zum internationalen Flughafen Belize<\/span><span data-ccp-props=\"{}\"> <\/span><\/li><li><span data-contrast=\"auto\">Zugang zu kostenlosen Fahrr\u00e4dern und Kajaks<\/span><span data-ccp-props=\"{}\"> <\/span><\/li><\/ul>\t\t\t\t\t\t\t\t<\/div>\n\t\t\t\t<\/div>\n\t\t\t\t<div class=\"elementor-element elementor-element-1155a70 elementor-widget elementor-widget-heading\" data-id=\"1155a70\" data-element_type=\"widget\" data-e-type=\"widget\" data-widget_type=\"heading.default\">\n\t\t\t\t<div class=\"elementor-widget-container\">\n\t\t\t\t\t<h2 class=\"elementor-heading-title elementor-size-default\">18.655,00 USD<\/h2>\t\t\t\t<\/div>\n\t\t\t\t<\/div>\n\t\t\t\t<div class=\"elementor-element elementor-element-1a3155e elementor-widget elementor-widget-text-editor\" data-id=\"1a3155e\" data-element_type=\"widget\" data-e-type=\"widget\" data-widget_type=\"text-editor.default\">\n\t\t\t\t<div class=\"elementor-widget-container\">\n\t\t\t\t\t\t\t\t\t<ul><li><span data-contrast=\"auto\">Inklusive aller Steuern und Geb\u00fchren<\/span><span data-ccp-props=\"{}\"> <\/span><\/li><li><span data-contrast=\"auto\">Der Preis ist in USD angegeben und basiert auf vier Personen<\/span><span data-ccp-props=\"{}\"> <\/span><\/li><li><span data-contrast=\"auto\">Nicht genutzte Teile des Pakets k\u00f6nnen nicht als Gutschrift beansprucht werden<\/span><span data-ccp-props=\"{}\"> <\/span><\/li><li><span data-contrast=\"auto\">Es k\u00f6nnen weitere Bedingungen gelten<\/span><span data-ccp-props=\"{}\"> <\/span><\/li><\/ul>\t\t\t\t\t\t\t\t<\/div>\n\t\t\t\t<\/div>\n\t\t<div class=\"elementor-element elementor-element-15989e3 e-grid e-con-full e-con e-child\" data-id=\"15989e3\" data-element_type=\"container\" data-e-type=\"container\">\n\t\t\t\t<div class=\"elementor-element elementor-element-d46ed7b elementor-align-left elementor-widget elementor-widget-button\" data-id=\"d46ed7b\" data-element_type=\"widget\" data-e-type=\"widget\" data-widget_type=\"button.default\">\n\t\t\t\t<div class=\"elementor-widget-container\">\n\t\t\t\t\t\t\t\t\t<div class=\"elementor-button-wrapper\">\n\t\t\t\t\t<a class=\"elementor-button elementor-button-link elementor-size-sm\" href=\"https:\/\/thebelizecollection.com\/contact-us\/\">\n\t\t\t\t\t\t<span class=\"elementor-button-content-wrapper\">\n\t\t\t\t\t\t\t\t\t<span class=\"elementor-button-text\">KONTAKTIEREN SIE UNS<\/span>\n\t\t\t\t\t<\/span>\n\t\t\t\t\t<\/a>\n\t\t\t\t<\/div>\n\t\t\t\t\t\t\t\t<\/div>\n\t\t\t\t<\/div>\n\t\t\t\t<div class=\"elementor-element elementor-element-fade907 elementor-align-left elementor-widget elementor-widget-button\" data-id=\"fade907\" data-element_type=\"widget\" data-e-type=\"widget\" data-widget_type=\"button.default\">\n\t\t\t\t<div class=\"elementor-widget-container\">\n\t\t\t\t\t\t\t\t\t<div class=\"elementor-button-wrapper\">\n\t\t\t\t\t<a class=\"elementor-button elementor-button-link elementor-size-sm\" href=\"https:\/\/thebelizecollection.com\/vacation-packages\/\">\n\t\t\t\t\t\t<span class=\"elementor-button-content-wrapper\">\n\t\t\t\t\t\t<span class=\"elementor-button-icon\">\n\t\t\t\t<svg aria-hidden=\"true\" class=\"e-font-icon-svg e-fas-arrow-left\" viewBox=\"0 0 448 512\" xmlns=\"http:\/\/www.w3.org\/2000\/svg\"><path d=\"M257.5 445.1l-22.2 22.2c-9.4 9.4-24.6 9.4-33.9 0L7 273c-9.4-9.4-9.4-24.6 0-33.9L201.4 44.7c9.4-9.4 24.6-9.4 33.9 0l22.2 22.2c9.5 9.5 9.3 25-.4 34.3L136.6 216H424c13.3 0 24 10.7 24 24v32c0 13.3-10.7 24-24 24H136.6l120.5 114.8c9.8 9.3 10 24.8.4 34.3z\"><\/path><\/svg>\t\t\t<\/span>\n\t\t\t\t\t\t\t\t\t<span class=\"elementor-button-text\">URLAUBSPAKETE ANSEHEN<\/span>\n\t\t\t\t\t<\/span>\n\t\t\t\t\t<\/a>\n\t\t\t\t<\/div>\n\t\t\t\t\t\t\t\t<\/div>\n\t\t\t\t<\/div>\n\t\t\t\t<\/div>\n\t\t\t\t<\/div>\n\t\t\t\t\t<\/div>\n\t\t\t\t<\/div>\n\t\t<div class=\"elementor-element elementor-element-b6e03b7 e-flex e-con-boxed e-con e-parent\" data-id=\"b6e03b7\" data-element_type=\"container\" data-e-type=\"container\">\n\t\t\t\t\t<div class=\"e-con-inner\">\n\t\t\t\t<div class=\"elementor-element elementor-element-e89418f elementor-widget elementor-widget-spacer\" data-id=\"e89418f\" data-element_type=\"widget\" data-e-type=\"widget\" data-widget_type=\"spacer.default\">\n\t\t\t\t<div class=\"elementor-widget-container\">\n\t\t\t\t\t\t\t<div class=\"elementor-spacer\">\n\t\t\t<div class=\"elementor-spacer-inner\"><\/div>\n\t\t<\/div>\n\t\t\t\t\t\t<\/div>\n\t\t\t\t<\/div>\n\t\t\t\t\t<\/div>\n\t\t\t\t<\/div>\n\t\t\t\t<\/div>\n\t\t","protected":false},"excerpt":{"rendered":"<p>Gezeiten &amp; Pfade Segeln Sie \u00fcber das Meer, durchqueren Sie den Dschungel Erleben Sie die Gezeiten &amp; Pfade von Belize, wenn Sie dieses 7-N\u00e4chte-Paket mit The Rainforest Lodge at Sleeping Giant und Belize Sailing Vacations buchen. Wir haben uns zusammengetan, um die Anblicke des Meeres und die Ger\u00e4usche des Dschungels in einem unglaublichen Aufenthalt anzubieten. [&hellip;]<\/p>\n","protected":false},"author":4,"featured_media":0,"parent":0,"menu_order":0,"comment_status":"closed","ping_status":"closed","template":"page-full-width.php","meta":{"_acf_changed":false,"_vp_format_video_url":"","_vp_image_focal_point":[],"footnotes":""},"categories":[],"tags":[],"class_list":["post-69228","page","type-page","status-publish","hentry"],"acf":[],"yoast_head":"<!-- This site is optimized with the Yoast SEO plugin v27.5 - https:\/\/yoast.com\/product\/yoast-seo-wordpress\/ -->\n<title>Gezeiten &amp; Pfade - The Belize Collection<\/title>\n<meta name=\"robots\" content=\"index, follow, max-snippet:-1, max-image-preview:large, max-video-preview:-1\" \/>\n<link rel=\"canonical\" href=\"https:\/\/thebelizecollection.com\/de\/gezeiten-pfade\/\" \/>\n<meta property=\"og:locale\" content=\"de_DE\" \/>\n<meta property=\"og:type\" content=\"article\" \/>\n<meta property=\"og:title\" content=\"Gezeiten &amp; Pfade - The Belize Collection\" \/>\n<meta property=\"og:description\" content=\"Gezeiten &amp; Pfade Segeln Sie \u00fcber das Meer, durchqueren Sie den Dschungel Erleben Sie die Gezeiten &amp; Pfade von Belize, wenn Sie dieses 7-N\u00e4chte-Paket mit The Rainforest Lodge at Sleeping Giant und Belize Sailing Vacations buchen. Wir haben uns zusammengetan, um die Anblicke des Meeres und die Ger\u00e4usche des Dschungels in einem unglaublichen Aufenthalt anzubieten. [&hellip;]\" \/>\n<meta property=\"og:url\" content=\"https:\/\/thebelizecollection.com\/de\/gezeiten-pfade\/\" \/>\n<meta property=\"og:site_name\" content=\"The Belize Collection\" \/>\n<meta property=\"article:modified_time\" content=\"2026-03-16T23:43:14+00:00\" \/>\n<meta name=\"twitter:card\" content=\"summary_large_image\" \/>\n<meta name=\"twitter:label1\" content=\"Gesch\u00e4tzte Lesezeit\" \/>\n\t<meta name=\"twitter:data1\" content=\"1\u00a0Minute\" \/>\n<script type=\"application\/ld+json\" class=\"yoast-schema-graph\">{\"@context\":\"https:\\\/\\\/schema.org\",\"@graph\":[{\"@type\":\"WebPage\",\"@id\":\"https:\\\/\\\/thebelizecollection.com\\\/de\\\/gezeiten-pfade\\\/\",\"url\":\"https:\\\/\\\/thebelizecollection.com\\\/de\\\/gezeiten-pfade\\\/\",\"name\":\"Gezeiten &amp; Pfade - The Belize Collection\",\"isPartOf\":{\"@id\":\"https:\\\/\\\/thebelizecollection.com\\\/de\\\/#website\"},\"datePublished\":\"2025-09-15T14:20:16+00:00\",\"dateModified\":\"2026-03-16T23:43:14+00:00\",\"breadcrumb\":{\"@id\":\"https:\\\/\\\/thebelizecollection.com\\\/de\\\/gezeiten-pfade\\\/#breadcrumb\"},\"inLanguage\":\"de\",\"potentialAction\":[{\"@type\":\"ReadAction\",\"target\":[\"https:\\\/\\\/thebelizecollection.com\\\/de\\\/gezeiten-pfade\\\/\"]}]},{\"@type\":\"BreadcrumbList\",\"@id\":\"https:\\\/\\\/thebelizecollection.com\\\/de\\\/gezeiten-pfade\\\/#breadcrumb\",\"itemListElement\":[{\"@type\":\"ListItem\",\"position\":1,\"name\":\"Home\",\"item\":\"https:\\\/\\\/thebelizecollection.com\\\/de\\\/\"},{\"@type\":\"ListItem\",\"position\":2,\"name\":\"Gezeiten &amp; Pfade\"}]},{\"@type\":\"WebSite\",\"@id\":\"https:\\\/\\\/thebelizecollection.com\\\/de\\\/#website\",\"url\":\"https:\\\/\\\/thebelizecollection.com\\\/de\\\/\",\"name\":\"The Belize Collection\",\"description\":\"Everything Belize\",\"potentialAction\":[{\"@type\":\"SearchAction\",\"target\":{\"@type\":\"EntryPoint\",\"urlTemplate\":\"https:\\\/\\\/thebelizecollection.com\\\/de\\\/?s={search_term_string}\"},\"query-input\":{\"@type\":\"PropertyValueSpecification\",\"valueRequired\":true,\"valueName\":\"search_term_string\"}}],\"inLanguage\":\"de\"}]}<\/script>\n<!-- \/ Yoast SEO plugin. -->","yoast_head_json":{"title":"Gezeiten &amp; Pfade - The Belize Collection","robots":{"index":"index","follow":"follow","max-snippet":"max-snippet:-1","max-image-preview":"max-image-preview:large","max-video-preview":"max-video-preview:-1"},"canonical":"https:\/\/thebelizecollection.com\/de\/gezeiten-pfade\/","og_locale":"de_DE","og_type":"article","og_title":"Gezeiten &amp; Pfade - The Belize Collection","og_description":"Gezeiten &amp; Pfade Segeln Sie \u00fcber das Meer, durchqueren Sie den Dschungel Erleben Sie die Gezeiten &amp; Pfade von Belize, wenn Sie dieses 7-N\u00e4chte-Paket mit The Rainforest Lodge at Sleeping Giant und Belize Sailing Vacations buchen. Wir haben uns zusammengetan, um die Anblicke des Meeres und die Ger\u00e4usche des Dschungels in einem unglaublichen Aufenthalt anzubieten. [&hellip;]","og_url":"https:\/\/thebelizecollection.com\/de\/gezeiten-pfade\/","og_site_name":"The Belize Collection","article_modified_time":"2026-03-16T23:43:14+00:00","twitter_card":"summary_large_image","twitter_misc":{"Gesch\u00e4tzte Lesezeit":"1\u00a0Minute"},"schema":{"@context":"https:\/\/schema.org","@graph":[{"@type":"WebPage","@id":"https:\/\/thebelizecollection.com\/de\/gezeiten-pfade\/","url":"https:\/\/thebelizecollection.com\/de\/gezeiten-pfade\/","name":"Gezeiten &amp; Pfade - The Belize Collection","isPartOf":{"@id":"https:\/\/thebelizecollection.com\/de\/#website"},"datePublished":"2025-09-15T14:20:16+00:00","dateModified":"2026-03-16T23:43:14+00:00","breadcrumb":{"@id":"https:\/\/thebelizecollection.com\/de\/gezeiten-pfade\/#breadcrumb"},"inLanguage":"de","potentialAction":[{"@type":"ReadAction","target":["https:\/\/thebelizecollection.com\/de\/gezeiten-pfade\/"]}]},{"@type":"BreadcrumbList","@id":"https:\/\/thebelizecollection.com\/de\/gezeiten-pfade\/#breadcrumb","itemListElement":[{"@type":"ListItem","position":1,"name":"Home","item":"https:\/\/thebelizecollection.com\/de\/"},{"@type":"ListItem","position":2,"name":"Gezeiten &amp; Pfade"}]},{"@type":"WebSite","@id":"https:\/\/thebelizecollection.com\/de\/#website","url":"https:\/\/thebelizecollection.com\/de\/","name":"The Belize Collection","description":"Everything Belize","potentialAction":[{"@type":"SearchAction","target":{"@type":"EntryPoint","urlTemplate":"https:\/\/thebelizecollection.com\/de\/?s={search_term_string}"},"query-input":{"@type":"PropertyValueSpecification","valueRequired":true,"valueName":"search_term_string"}}],"inLanguage":"de"}]}},"jetpack_sharing_enabled":true,"_links":{"self":[{"href":"https:\/\/thebelizecollection.com\/de\/wp-json\/wp\/v2\/pages\/69228","targetHints":{"allow":["GET"]}}],"collection":[{"href":"https:\/\/thebelizecollection.com\/de\/wp-json\/wp\/v2\/pages"}],"about":[{"href":"https:\/\/thebelizecollection.com\/de\/wp-json\/wp\/v2\/types\/page"}],"author":[{"embeddable":true,"href":"https:\/\/thebelizecollection.com\/de\/wp-json\/wp\/v2\/users\/4"}],"replies":[{"embeddable":true,"href":"https:\/\/thebelizecollection.com\/de\/wp-json\/wp\/v2\/comments?post=69228"}],"version-history":[{"count":2,"href":"https:\/\/thebelizecollection.com\/de\/wp-json\/wp\/v2\/pages\/69228\/revisions"}],"predecessor-version":[{"id":69260,"href":"https:\/\/thebelizecollection.com\/de\/wp-json\/wp\/v2\/pages\/69228\/revisions\/69260"}],"wp:attachment":[{"href":"https:\/\/thebelizecollection.com\/de\/wp-json\/wp\/v2\/media?parent=69228"}],"wp:term":[{"taxonomy":"category","embeddable":true,"href":"https:\/\/thebelizecollection.com\/de\/wp-json\/wp\/v2\/categories?post=69228"},{"taxonomy":"post_tag","embeddable":true,"href":"https:\/\/thebelizecollection.com\/de\/wp-json\/wp\/v2\/tags?post=69228"}],"curies":[{"name":"wp","href":"https:\/\/api.w.org\/{rel}","templated":true}]}}