{"id":69285,"date":"2025-09-17T14:21:33","date_gmt":"2025-09-17T20:21:33","guid":{"rendered":"https:\/\/thebelizecollection.com\/entdecken-sie-mundo-maya\/"},"modified":"2026-03-16T17:52:55","modified_gmt":"2026-03-16T23:52:55","slug":"entdecken-sie-mundo-maya","status":"publish","type":"page","link":"https:\/\/thebelizecollection.com\/de\/entdecken-sie-mundo-maya\/","title":{"rendered":"Entdecken Sie Mundo Maya"},"content":{"rendered":"\t\t<div data-elementor-type=\"wp-page\" data-elementor-id=\"69285\" class=\"elementor elementor-69285 elementor-63294\" data-elementor-post-type=\"page\">\n\t\t\t\t<div class=\"elementor-element elementor-element-099a814 e-con-full elementor-hidden-mobile e-flex e-con e-parent\" data-id=\"099a814\" data-element_type=\"container\" data-e-type=\"container\" data-settings=\"{&quot;background_background&quot;:&quot;classic&quot;}\">\n\t\t\t\t<\/div>\n\t\t<div class=\"elementor-element elementor-element-7b4ae98 e-flex e-con-boxed e-con e-parent\" data-id=\"7b4ae98\" data-element_type=\"container\" data-e-type=\"container\">\n\t\t\t\t\t<div class=\"e-con-inner\">\n\t\t<div class=\"elementor-element elementor-element-dd51f1e e-con-full e-flex e-con e-child\" data-id=\"dd51f1e\" data-element_type=\"container\" data-e-type=\"container\" data-settings=\"{&quot;background_background&quot;:&quot;classic&quot;}\">\n\t\t\t\t<\/div>\n\t\t<div class=\"elementor-element elementor-element-c56142c e-con-full e-flex e-con e-child\" data-id=\"c56142c\" data-element_type=\"container\" data-e-type=\"container\">\n\t\t\t\t<div class=\"elementor-element elementor-element-bd08f74 elementor-widget elementor-widget-heading\" data-id=\"bd08f74\" data-element_type=\"widget\" data-e-type=\"widget\" data-widget_type=\"heading.default\">\n\t\t\t\t<div class=\"elementor-widget-container\">\n\t\t\t\t\t<h1 class=\"elementor-heading-title elementor-size-default\">Entdecken Sie Mundo Maya<\/h1>\t\t\t\t<\/div>\n\t\t\t\t<\/div>\n\t\t\t\t<div class=\"elementor-element elementor-element-cb0c736 elementor-widget elementor-widget-heading\" data-id=\"cb0c736\" data-element_type=\"widget\" data-e-type=\"widget\" data-widget_type=\"heading.default\">\n\t\t\t\t<div class=\"elementor-widget-container\">\n\t\t\t\t\t<h3 class=\"elementor-heading-title elementor-size-default\">Enth\u00fcllen Sie die Geheimnisse Zentralamerikas<\/h3>\t\t\t\t<\/div>\n\t\t\t\t<\/div>\n\t\t\t\t<div class=\"elementor-element elementor-element-14bac4c elementor-widget elementor-widget-text-editor\" data-id=\"14bac4c\" data-element_type=\"widget\" data-e-type=\"widget\" data-widget_type=\"text-editor.default\">\n\t\t\t\t<div class=\"elementor-widget-container\">\n\t\t\t\t\t\t\t\t\t<div class=\"elementor-element elementor-element-3fd73d8 elementor-widget elementor-widget-text-editor\" data-id=\"3fd73d8\" data-element_type=\"widget\" data-widget_type=\"text-editor.default\"><div class=\"elementor-widget-container\"><span class=\"TextRun SCXW125948553 BCX0\" lang=\"EN-BZ\" xml:lang=\"EN-BZ\" data-contrast=\"auto\"><span class=\"NormalTextRun SCXW125948553 BCX0\">Mit diesem Urlaubspaket <\/span><span class=\"NormalTextRun SCXW125948553 BCX0\">beginnt Ihr Abenteuer am<\/span> <span class=\"NormalTextRun SCXW125948553 BCX0\">Pet\u00e9n-Itz\u00e1-See<\/span><span class=\"NormalTextRun SCXW125948553 BCX0\"> in Guatemala<\/span><span class=\"NormalTextRun SCXW125948553 BCX0\">,<\/span> <span class=\"NormalTextRun SCXW125948553 BCX0\">eingeh\u00fcllt in stille Gelassenheit. Sobald Sie die Grenze \u00fcberquert haben, f\u00fchrt Sie Ihre Reise in<\/span> <span class=\"NormalTextRun SCXW125948553 BCX0\"> den <\/span><span class=\"NormalTextRun SCXW125948553 BCX0\">\u00fcppigen<\/span><span class=\"NormalTextRun SCXW125948553 BCX0\"> Dschungel<\/span><span class=\"NormalTextRun SCXW125948553 BCX0\"> von Belize<\/span><span class=\"NormalTextRun SCXW125948553 BCX0\">, wo <\/span><span class=\"NormalTextRun SCXW125948553 BCX0\">Sie<\/span><span class=\"NormalTextRun SCXW125948553 BCX0\"> vom<\/span><span class=\"NormalTextRun SCXW125948553 BCX0\"> Alltagsstress<\/span><span class=\"NormalTextRun SCXW125948553 BCX0\"> abschalten k\u00f6nnen<\/span><span class=\"NormalTextRun SCXW125948553 BCX0\">. <\/span><span class=\"NormalTextRun SCXW125948553 BCX0\">Diese auf<\/span><span class=\"NormalTextRun SCXW125948553 BCX0\"> neugierige Reisende<\/span><span class=\"NormalTextRun SCXW125948553 BCX0\"> zugeschnittenen <\/span><span class=\"NormalTextRun SCXW125948553 BCX0\">Aktivit\u00e4ten lassen Sie tief in die Mundo Maya<\/span><span class=\"NormalTextRun SCXW125948553 BCX0\"> in ganz Zentralamerika eintauchen.<\/span><\/span><\/div><\/div>\t\t\t\t\t\t\t\t<\/div>\n\t\t\t\t<\/div>\n\t\t\t\t<div class=\"elementor-element elementor-element-87e31eb elementor-widget elementor-widget-heading\" data-id=\"87e31eb\" data-element_type=\"widget\" data-e-type=\"widget\" data-widget_type=\"heading.default\">\n\t\t\t\t<div class=\"elementor-widget-container\">\n\t\t\t\t\t<h2 class=\"elementor-heading-title elementor-size-default\">In diesem Erlebnis enthalten:<\/h2>\t\t\t\t<\/div>\n\t\t\t\t<\/div>\n\t\t\t\t<div class=\"elementor-element elementor-element-12eab30 elementor-widget elementor-widget-text-editor\" data-id=\"12eab30\" data-element_type=\"widget\" data-e-type=\"widget\" data-widget_type=\"text-editor.default\">\n\t\t\t\t<div class=\"elementor-widget-container\">\n\t\t\t\t\t\t\t\t\t<p aria-level=\"3\"><strong>Im Bolontiku  <\/strong><\/p><ul><li><span data-contrast=\"auto\">Stra\u00dfentransfer vom internationalen Flughafen Flores zum See-Anleger, gefolgt von einem Bootstransfer zum Hotel<\/span><span data-ccp-props=\"{}\"> <\/span><\/li><li><span data-contrast=\"auto\">3 \u00dcbernachtungen in einer Garden View Suite oder Lake View Suite<\/span><span data-ccp-props=\"{}\"> <\/span><\/li><li><span data-contrast=\"auto\">T\u00e4gliches 2-G\u00e4nge-Fr\u00fchst\u00fcck und 3-G\u00e4nge-Abendessen inklusive Saft und Kaffee<\/span><span data-ccp-props=\"{}\"> <\/span><\/li><li><span data-contrast=\"auto\">Ganzt\u00e4gige arch\u00e4ologische Tikal-Tour f\u00fcr zwei Personen<\/span><span data-ccp-props=\"{}\"> <\/span><\/li><li><span data-contrast=\"auto\">Halbt\u00e4gige arch\u00e4ologische Tayasal-Tour f\u00fcr zwei Personen<\/span><span data-ccp-props=\"{}\"> <\/span><\/li><li><span data-contrast=\"auto\">Rundgang durch die Stadt Flores, Guatemala<\/span><span data-ccp-props=\"{}\"> <\/span><\/li><li><span data-contrast=\"auto\">Privater Transfer von Bolontiku zur westlichen Grenze zwischen Belize und Guatemala<\/span><span data-ccp-props=\"{}\"> <\/span><\/li><\/ul><p aria-level=\"3\"><strong>In der Rainforest Lodge at Sleeping Giant  <\/strong><\/p><ul><li><span data-contrast=\"auto\">Privater Stra\u00dfentransfer von der westlichen Grenze zwischen Belize und Guatemala  <\/span><span data-ccp-props=\"{}\"> <\/span><\/li><li><span data-contrast=\"auto\">3 bis 4 \u00dcbernachtungen in einer Riverview Suite oder Mountain View Suite mit Tauchbecken<\/span><span data-ccp-props=\"{}\"> <\/span><\/li><li><span data-contrast=\"auto\">T\u00e4gliches 1-Gang-Fr\u00fchst\u00fcck, 2-G\u00e4nge-Mittagessen und 3-G\u00e4nge-Abendessen inklusive Saft, Kaffee und Wasser<\/span><span data-ccp-props=\"{}\"> <\/span><\/li><li><span data-contrast=\"auto\">Maya-Kochkurs f\u00fcr zwei Personen.  <\/span><span data-ccp-props=\"{}\"> <\/span><ul><li><i><span data-contrast=\"auto\">Die Tour ist anpassbar. G\u00e4ste k\u00f6nnen auch die Reittour oder die zeremonielle H\u00f6hlentour w\u00e4hlen. <\/span><\/i><span data-ccp-props=\"{}\"> <\/span><\/li><\/ul><\/li><li><span data-contrast=\"auto\">Privater Transfer von der Rainforest Lodge at Sleeping Giant zum internationalen Flughafen von Belize<\/span><span data-ccp-props=\"{}\"> <\/span><\/li><\/ul>\t\t\t\t\t\t\t\t<\/div>\n\t\t\t\t<\/div>\n\t\t\t\t<div class=\"elementor-element elementor-element-570ddb8 elementor-widget elementor-widget-heading\" data-id=\"570ddb8\" data-element_type=\"widget\" data-e-type=\"widget\" data-widget_type=\"heading.default\">\n\t\t\t\t<div class=\"elementor-widget-container\">\n\t\t\t\t\t<h2 class=\"elementor-heading-title elementor-size-default\">Preise ab 6.000 $ USD<\/h2>\t\t\t\t<\/div>\n\t\t\t\t<\/div>\n\t\t\t\t<div class=\"elementor-element elementor-element-ca2a751 elementor-widget elementor-widget-text-editor\" data-id=\"ca2a751\" data-element_type=\"widget\" data-e-type=\"widget\" data-widget_type=\"text-editor.default\">\n\t\t\t\t<div class=\"elementor-widget-container\">\n\t\t\t\t\t\t\t\t\t<ul><li><span data-contrast=\"auto\">Inklusive aller Steuern und Geb\u00fchren<\/span><span data-ccp-props=\"{\"201341983\":0,\"335559739\":0,\"335559740\":240}\"> <\/span><\/li><li><span data-contrast=\"auto\">Der Preis versteht sich in USD und basiert auf Doppelbelegung<\/span><span data-ccp-props=\"{\"201341983\":0,\"335559739\":0,\"335559740\":240}\"> <\/span><\/li><li><span data-contrast=\"auto\">Nicht genutzte Teile des Pakets k\u00f6nnen nicht als Gutschrift geltend gemacht werden<\/span><span data-ccp-props=\"{\"201341983\":0,\"335559739\":0,\"335559740\":240}\"> <\/span><\/li><li><span data-contrast=\"auto\">Es k\u00f6nnen weitere Bedingungen gelten<\/span><span data-ccp-props=\"{\"201341983\":0,\"335559739\":0,\"335559740\":240}\"> <\/span><\/li><\/ul>\t\t\t\t\t\t\t\t<\/div>\n\t\t\t\t<\/div>\n\t\t<div class=\"elementor-element elementor-element-6835a3e e-grid e-con-full e-con e-child\" data-id=\"6835a3e\" data-element_type=\"container\" data-e-type=\"container\">\n\t\t\t\t<div class=\"elementor-element elementor-element-35a6f72 elementor-align-left elementor-widget elementor-widget-button\" data-id=\"35a6f72\" data-element_type=\"widget\" data-e-type=\"widget\" data-widget_type=\"button.default\">\n\t\t\t\t<div class=\"elementor-widget-container\">\n\t\t\t\t\t\t\t\t\t<div class=\"elementor-button-wrapper\">\n\t\t\t\t\t<a class=\"elementor-button elementor-button-link elementor-size-sm\" href=\"https:\/\/thebelizecollection.com\/contact-us\/\">\n\t\t\t\t\t\t<span class=\"elementor-button-content-wrapper\">\n\t\t\t\t\t\t\t\t\t<span class=\"elementor-button-text\">KONTAKTIEREN SIE UNS<\/span>\n\t\t\t\t\t<\/span>\n\t\t\t\t\t<\/a>\n\t\t\t\t<\/div>\n\t\t\t\t\t\t\t\t<\/div>\n\t\t\t\t<\/div>\n\t\t\t\t<div class=\"elementor-element elementor-element-9019179 elementor-align-left elementor-widget elementor-widget-button\" data-id=\"9019179\" data-element_type=\"widget\" data-e-type=\"widget\" data-widget_type=\"button.default\">\n\t\t\t\t<div class=\"elementor-widget-container\">\n\t\t\t\t\t\t\t\t\t<div class=\"elementor-button-wrapper\">\n\t\t\t\t\t<a class=\"elementor-button elementor-button-link elementor-size-sm\" href=\"https:\/\/thebelizecollection.com\/vacation-packages\/\">\n\t\t\t\t\t\t<span class=\"elementor-button-content-wrapper\">\n\t\t\t\t\t\t<span class=\"elementor-button-icon\">\n\t\t\t\t<svg aria-hidden=\"true\" class=\"e-font-icon-svg e-fas-arrow-left\" viewBox=\"0 0 448 512\" xmlns=\"http:\/\/www.w3.org\/2000\/svg\"><path d=\"M257.5 445.1l-22.2 22.2c-9.4 9.4-24.6 9.4-33.9 0L7 273c-9.4-9.4-9.4-24.6 0-33.9L201.4 44.7c9.4-9.4 24.6-9.4 33.9 0l22.2 22.2c9.5 9.5 9.3 25-.4 34.3L136.6 216H424c13.3 0 24 10.7 24 24v32c0 13.3-10.7 24-24 24H136.6l120.5 114.8c9.8 9.3 10 24.8.4 34.3z\"><\/path><\/svg>\t\t\t<\/span>\n\t\t\t\t\t\t\t\t\t<span class=\"elementor-button-text\">URLAUBSPAKETE ANSEHEN<\/span>\n\t\t\t\t\t<\/span>\n\t\t\t\t\t<\/a>\n\t\t\t\t<\/div>\n\t\t\t\t\t\t\t\t<\/div>\n\t\t\t\t<\/div>\n\t\t\t\t<\/div>\n\t\t\t\t<\/div>\n\t\t\t\t\t<\/div>\n\t\t\t\t<\/div>\n\t\t\t\t<\/div>\n\t\t","protected":false},"excerpt":{"rendered":"<p>Entdecken Sie Mundo Maya Enth\u00fcllen Sie die Geheimnisse Zentralamerikas Mit diesem Urlaubspaket beginnt Ihr Abenteuer am Pet\u00e9n-Itz\u00e1-See in Guatemala, eingeh\u00fcllt in stille Gelassenheit. Sobald Sie die Grenze \u00fcberquert haben, f\u00fchrt Sie Ihre Reise in den \u00fcppigen Dschungel von Belize, wo Sie vom Alltagsstress abschalten k\u00f6nnen. Diese auf neugierige Reisende zugeschnittenen Aktivit\u00e4ten lassen Sie tief in [&hellip;]<\/p>\n","protected":false},"author":4,"featured_media":0,"parent":0,"menu_order":0,"comment_status":"closed","ping_status":"closed","template":"page-full-width.php","meta":{"_acf_changed":false,"_vp_format_video_url":"","_vp_image_focal_point":[],"footnotes":""},"categories":[],"tags":[],"class_list":["post-69285","page","type-page","status-publish","hentry"],"acf":[],"yoast_head":"<!-- This site is optimized with the Yoast SEO plugin v27.4 - https:\/\/yoast.com\/product\/yoast-seo-wordpress\/ -->\n<title>Entdecken Sie Mundo Maya - The Belize Collection<\/title>\n<meta name=\"robots\" content=\"index, follow, max-snippet:-1, max-image-preview:large, max-video-preview:-1\" \/>\n<link rel=\"canonical\" href=\"https:\/\/thebelizecollection.com\/de\/entdecken-sie-mundo-maya\/\" \/>\n<meta property=\"og:locale\" content=\"de_DE\" \/>\n<meta property=\"og:type\" content=\"article\" \/>\n<meta property=\"og:title\" content=\"Entdecken Sie Mundo Maya - The Belize Collection\" \/>\n<meta property=\"og:description\" content=\"Entdecken Sie Mundo Maya Enth\u00fcllen Sie die Geheimnisse Zentralamerikas Mit diesem Urlaubspaket beginnt Ihr Abenteuer am Pet\u00e9n-Itz\u00e1-See in Guatemala, eingeh\u00fcllt in stille Gelassenheit. Sobald Sie die Grenze \u00fcberquert haben, f\u00fchrt Sie Ihre Reise in den \u00fcppigen Dschungel von Belize, wo Sie vom Alltagsstress abschalten k\u00f6nnen. Diese auf neugierige Reisende zugeschnittenen Aktivit\u00e4ten lassen Sie tief in [&hellip;]\" \/>\n<meta property=\"og:url\" content=\"https:\/\/thebelizecollection.com\/de\/entdecken-sie-mundo-maya\/\" \/>\n<meta property=\"og:site_name\" content=\"The Belize Collection\" \/>\n<meta property=\"article:modified_time\" content=\"2026-03-16T23:52:55+00:00\" \/>\n<meta name=\"twitter:card\" content=\"summary_large_image\" \/>\n<meta name=\"twitter:label1\" content=\"Gesch\u00e4tzte Lesezeit\" \/>\n\t<meta name=\"twitter:data1\" content=\"1\u00a0Minute\" \/>\n<script type=\"application\/ld+json\" class=\"yoast-schema-graph\">{\"@context\":\"https:\\\/\\\/schema.org\",\"@graph\":[{\"@type\":\"WebPage\",\"@id\":\"https:\\\/\\\/thebelizecollection.com\\\/de\\\/entdecken-sie-mundo-maya\\\/\",\"url\":\"https:\\\/\\\/thebelizecollection.com\\\/de\\\/entdecken-sie-mundo-maya\\\/\",\"name\":\"Entdecken Sie Mundo Maya - The Belize Collection\",\"isPartOf\":{\"@id\":\"https:\\\/\\\/thebelizecollection.com\\\/de\\\/#website\"},\"datePublished\":\"2025-09-17T20:21:33+00:00\",\"dateModified\":\"2026-03-16T23:52:55+00:00\",\"breadcrumb\":{\"@id\":\"https:\\\/\\\/thebelizecollection.com\\\/de\\\/entdecken-sie-mundo-maya\\\/#breadcrumb\"},\"inLanguage\":\"de\",\"potentialAction\":[{\"@type\":\"ReadAction\",\"target\":[\"https:\\\/\\\/thebelizecollection.com\\\/de\\\/entdecken-sie-mundo-maya\\\/\"]}]},{\"@type\":\"BreadcrumbList\",\"@id\":\"https:\\\/\\\/thebelizecollection.com\\\/de\\\/entdecken-sie-mundo-maya\\\/#breadcrumb\",\"itemListElement\":[{\"@type\":\"ListItem\",\"position\":1,\"name\":\"Home\",\"item\":\"https:\\\/\\\/thebelizecollection.com\\\/de\\\/\"},{\"@type\":\"ListItem\",\"position\":2,\"name\":\"Entdecken Sie Mundo Maya\"}]},{\"@type\":\"WebSite\",\"@id\":\"https:\\\/\\\/thebelizecollection.com\\\/de\\\/#website\",\"url\":\"https:\\\/\\\/thebelizecollection.com\\\/de\\\/\",\"name\":\"The Belize Collection\",\"description\":\"Everything Belize\",\"potentialAction\":[{\"@type\":\"SearchAction\",\"target\":{\"@type\":\"EntryPoint\",\"urlTemplate\":\"https:\\\/\\\/thebelizecollection.com\\\/de\\\/?s={search_term_string}\"},\"query-input\":{\"@type\":\"PropertyValueSpecification\",\"valueRequired\":true,\"valueName\":\"search_term_string\"}}],\"inLanguage\":\"de\"}]}<\/script>\n<!-- \/ Yoast SEO plugin. -->","yoast_head_json":{"title":"Entdecken Sie Mundo Maya - The Belize Collection","robots":{"index":"index","follow":"follow","max-snippet":"max-snippet:-1","max-image-preview":"max-image-preview:large","max-video-preview":"max-video-preview:-1"},"canonical":"https:\/\/thebelizecollection.com\/de\/entdecken-sie-mundo-maya\/","og_locale":"de_DE","og_type":"article","og_title":"Entdecken Sie Mundo Maya - The Belize Collection","og_description":"Entdecken Sie Mundo Maya Enth\u00fcllen Sie die Geheimnisse Zentralamerikas Mit diesem Urlaubspaket beginnt Ihr Abenteuer am Pet\u00e9n-Itz\u00e1-See in Guatemala, eingeh\u00fcllt in stille Gelassenheit. Sobald Sie die Grenze \u00fcberquert haben, f\u00fchrt Sie Ihre Reise in den \u00fcppigen Dschungel von Belize, wo Sie vom Alltagsstress abschalten k\u00f6nnen. Diese auf neugierige Reisende zugeschnittenen Aktivit\u00e4ten lassen Sie tief in [&hellip;]","og_url":"https:\/\/thebelizecollection.com\/de\/entdecken-sie-mundo-maya\/","og_site_name":"The Belize Collection","article_modified_time":"2026-03-16T23:52:55+00:00","twitter_card":"summary_large_image","twitter_misc":{"Gesch\u00e4tzte Lesezeit":"1\u00a0Minute"},"schema":{"@context":"https:\/\/schema.org","@graph":[{"@type":"WebPage","@id":"https:\/\/thebelizecollection.com\/de\/entdecken-sie-mundo-maya\/","url":"https:\/\/thebelizecollection.com\/de\/entdecken-sie-mundo-maya\/","name":"Entdecken Sie Mundo Maya - The Belize Collection","isPartOf":{"@id":"https:\/\/thebelizecollection.com\/de\/#website"},"datePublished":"2025-09-17T20:21:33+00:00","dateModified":"2026-03-16T23:52:55+00:00","breadcrumb":{"@id":"https:\/\/thebelizecollection.com\/de\/entdecken-sie-mundo-maya\/#breadcrumb"},"inLanguage":"de","potentialAction":[{"@type":"ReadAction","target":["https:\/\/thebelizecollection.com\/de\/entdecken-sie-mundo-maya\/"]}]},{"@type":"BreadcrumbList","@id":"https:\/\/thebelizecollection.com\/de\/entdecken-sie-mundo-maya\/#breadcrumb","itemListElement":[{"@type":"ListItem","position":1,"name":"Home","item":"https:\/\/thebelizecollection.com\/de\/"},{"@type":"ListItem","position":2,"name":"Entdecken Sie Mundo Maya"}]},{"@type":"WebSite","@id":"https:\/\/thebelizecollection.com\/de\/#website","url":"https:\/\/thebelizecollection.com\/de\/","name":"The Belize Collection","description":"Everything Belize","potentialAction":[{"@type":"SearchAction","target":{"@type":"EntryPoint","urlTemplate":"https:\/\/thebelizecollection.com\/de\/?s={search_term_string}"},"query-input":{"@type":"PropertyValueSpecification","valueRequired":true,"valueName":"search_term_string"}}],"inLanguage":"de"}]}},"jetpack_sharing_enabled":true,"_links":{"self":[{"href":"https:\/\/thebelizecollection.com\/de\/wp-json\/wp\/v2\/pages\/69285","targetHints":{"allow":["GET"]}}],"collection":[{"href":"https:\/\/thebelizecollection.com\/de\/wp-json\/wp\/v2\/pages"}],"about":[{"href":"https:\/\/thebelizecollection.com\/de\/wp-json\/wp\/v2\/types\/page"}],"author":[{"embeddable":true,"href":"https:\/\/thebelizecollection.com\/de\/wp-json\/wp\/v2\/users\/4"}],"replies":[{"embeddable":true,"href":"https:\/\/thebelizecollection.com\/de\/wp-json\/wp\/v2\/comments?post=69285"}],"version-history":[{"count":2,"href":"https:\/\/thebelizecollection.com\/de\/wp-json\/wp\/v2\/pages\/69285\/revisions"}],"predecessor-version":[{"id":69307,"href":"https:\/\/thebelizecollection.com\/de\/wp-json\/wp\/v2\/pages\/69285\/revisions\/69307"}],"wp:attachment":[{"href":"https:\/\/thebelizecollection.com\/de\/wp-json\/wp\/v2\/media?parent=69285"}],"wp:term":[{"taxonomy":"category","embeddable":true,"href":"https:\/\/thebelizecollection.com\/de\/wp-json\/wp\/v2\/categories?post=69285"},{"taxonomy":"post_tag","embeddable":true,"href":"https:\/\/thebelizecollection.com\/de\/wp-json\/wp\/v2\/tags?post=69285"}],"curies":[{"name":"wp","href":"https:\/\/api.w.org\/{rel}","templated":true}]}}