{"id":77576,"date":"2026-04-13T16:06:46","date_gmt":"2026-04-13T22:06:46","guid":{"rendered":"https:\/\/thebelizecollection.com\/martalk-hopkins-beach-cleanup\/"},"modified":"2026-05-11T14:59:30","modified_gmt":"2026-05-11T20:59:30","slug":"martalk-hopkins-beach-cleanup","status":"publish","type":"page","link":"https:\/\/thebelizecollection.com\/de\/martalk-hopkins-beach-cleanup\/","title":{"rendered":"MarTalk &#038; Hopkins Beach Cleanup"},"content":{"rendered":"\t\t<div data-elementor-type=\"wp-page\" data-elementor-id=\"77576\" class=\"elementor elementor-77576 elementor-73701\" data-elementor-post-type=\"page\">\n\t\t\t\t<div class=\"elementor-element elementor-element-2cc2d20 e-con-full e-flex e-con e-parent\" data-id=\"2cc2d20\" data-element_type=\"container\" data-e-type=\"container\" data-settings=\"{&quot;background_background&quot;:&quot;classic&quot;}\">\n\t\t\t\t<\/div>\n\t\t<div class=\"elementor-element elementor-element-e1b8d7f e-flex e-con-boxed e-con e-parent\" data-id=\"e1b8d7f\" data-element_type=\"container\" data-e-type=\"container\">\n\t\t\t\t\t<div class=\"e-con-inner\">\n\t\t\t\t<div class=\"elementor-element elementor-element-c987a09 elementor-widget elementor-widget-spacer\" data-id=\"c987a09\" data-element_type=\"widget\" data-e-type=\"widget\" data-widget_type=\"spacer.default\">\n\t\t\t\t<div class=\"elementor-widget-container\">\n\t\t\t\t\t\t\t<div class=\"elementor-spacer\">\n\t\t\t<div class=\"elementor-spacer-inner\"><\/div>\n\t\t<\/div>\n\t\t\t\t\t\t<\/div>\n\t\t\t\t<\/div>\n\t\t\t\t\t<\/div>\n\t\t\t\t<\/div>\n\t\t<div class=\"elementor-element elementor-element-d22dfd9 e-flex e-con-boxed e-con e-parent\" data-id=\"d22dfd9\" data-element_type=\"container\" data-e-type=\"container\">\n\t\t\t\t\t<div class=\"e-con-inner\">\n\t\t<div class=\"elementor-element elementor-element-3d261d3 e-con-full e-flex e-con e-child\" data-id=\"3d261d3\" data-element_type=\"container\" data-e-type=\"container\">\n\t\t\t\t<div class=\"elementor-element elementor-element-44ce055 elementor-widget elementor-widget-heading\" data-id=\"44ce055\" data-element_type=\"widget\" data-e-type=\"widget\" data-widget_type=\"heading.default\">\n\t\t\t\t<div class=\"elementor-widget-container\">\n\t\t\t\t\t<h1 class=\"elementor-heading-title elementor-size-default\">MarTalk &amp; Hopkins Beach Cleanup<\/h1>\t\t\t\t<\/div>\n\t\t\t\t<\/div>\n\t\t\t\t<div class=\"elementor-element elementor-element-6699540 elementor-widget elementor-widget-heading\" data-id=\"6699540\" data-element_type=\"widget\" data-e-type=\"widget\" data-widget_type=\"heading.default\">\n\t\t\t\t<div class=\"elementor-widget-container\">\n\t\t\t\t\t<h1 class=\"elementor-heading-title elementor-size-default\">Unterst\u00fctzen Sie den Meeresschutz w\u00e4hrend Ihres Besuchs in Belize<\/h1>\t\t\t\t<\/div>\n\t\t\t\t<\/div>\n\t\t\t\t<div class=\"elementor-element elementor-element-59efba4 elementor-widget elementor-widget-text-editor\" data-id=\"59efba4\" data-element_type=\"widget\" data-e-type=\"widget\" data-widget_type=\"text-editor.default\">\n\t\t\t\t<div class=\"elementor-widget-container\">\n\t\t\t\t\t\t\t\t\t<div class=\"elementor-element elementor-element-3fd73d8 elementor-widget elementor-widget-text-editor\" data-id=\"3fd73d8\" data-element_type=\"widget\" data-widget_type=\"text-editor.default\"><div class=\"elementor-widget-container\">Wenn Ihnen Haie, Rochen, Meeresschildkr\u00f6ten und viele andere Meeresbewohner am Herzen liegen, ist dieser Moment entscheidend. Die Megafauna der Meere steht vor wachsenden Herausforderungen \u2013 schrumpfende Nist- und Futterpl\u00e4tze, Beifang, Verfangen in Fischereiger\u00e4ten und die sich beschleunigenden Auswirkungen des Klimawandels. F\u00fcr viele Arten macht jedes Jahr ohne Ma\u00dfnahmen eine Erholung schwieriger.  <\/div><div class=\"elementor-widget-container\"><br>Doch selbst bei wachsendem Druck haben wir echte Fortschritte erzielt, wenn Unterst\u00fctzer wie Sie uns zur Seite stehen. Unsere \u00dcberwachungsprogramme werden ausgeweitet. Lokale Gemeinschaften \u00fcbernehmen die F\u00fchrung. Arten sind in Gebieten wieder aufgetaucht, in denen Sichtungen fast g\u00e4nzlich verschwunden waren.   <\/div><div class=\"elementor-widget-container\"> <\/div><div class=\"elementor-widget-container\">Wir laden Sie ein, unsere Arbeit durch eine einmalige oder monatliche Spende zu unterst\u00fctzen und dazu beizutragen, unsere laufende Mission voranzutreiben.<\/div><\/div>\t\t\t\t\t\t\t\t<\/div>\n\t\t\t\t<\/div>\n\t\t\t\t<div class=\"elementor-element elementor-element-0f632e2 elementor-widget elementor-widget-text-editor\" data-id=\"0f632e2\" data-element_type=\"widget\" data-e-type=\"widget\" data-widget_type=\"text-editor.default\">\n\t\t\t\t<div class=\"elementor-widget-container\">\n\t\t\t\t\t\t\t\t\t<div class=\"elementor-element elementor-element-7b6add7 elementor-widget elementor-widget-text-editor\" data-id=\"7b6add7\" data-element_type=\"widget\" data-widget_type=\"text-editor.default\"><div class=\"elementor-widget-container\"><p><strong>Datum:<\/strong> 22. April 2026 |<\/p><p><strong>Aktivit\u00e4ten:<\/strong> MarTalk \u2013 12:00 Uhr | Hopkins Beach Cleanup \u2013 13:30 Uhr<\/p><p><strong>Ort: <\/strong><span class=\"single-location term-32\">The Lodge at Jaguar Reef<\/span><\/p><p><em>*Ein kostenloser Shuttle f\u00e4hrt um 13:30 Uhr am Jaguar Reef ab. <\/em><\/p><\/div><\/div>\t\t\t\t\t\t\t\t<\/div>\n\t\t\t\t<\/div>\n\t\t\t\t<div class=\"elementor-element elementor-element-0cd9b9a elementor-widget elementor-widget-button\" data-id=\"0cd9b9a\" data-element_type=\"widget\" data-e-type=\"widget\" data-widget_type=\"button.default\">\n\t\t\t\t<div class=\"elementor-widget-container\">\n\t\t\t\t\t\t\t\t\t<div class=\"elementor-button-wrapper\">\n\t\t\t\t\t<a class=\"elementor-button elementor-button-link elementor-size-sm\" href=\"\">\n\t\t\t\t\t\t<span class=\"elementor-button-content-wrapper\">\n\t\t\t\t\t\t\t\t\t<span class=\"elementor-button-text\">HIER KLICKEN ZUR ANMELDUNG<\/span>\n\t\t\t\t\t<\/span>\n\t\t\t\t\t<\/a>\n\t\t\t\t<\/div>\n\t\t\t\t\t\t\t\t<\/div>\n\t\t\t\t<\/div>\n\t\t\t\t<\/div>\n\t\t<div class=\"elementor-element elementor-element-cf13c85 e-con-full e-flex e-con e-child\" data-id=\"cf13c85\" data-element_type=\"container\" data-e-type=\"container\" data-settings=\"{&quot;background_background&quot;:&quot;classic&quot;}\">\n\t\t\t\t<\/div>\n\t\t\t\t\t<\/div>\n\t\t\t\t<\/div>\n\t\t<div class=\"elementor-element elementor-element-67f1e6e e-flex e-con-boxed e-con e-parent\" data-id=\"67f1e6e\" data-element_type=\"container\" data-e-type=\"container\">\n\t\t\t\t\t<div class=\"e-con-inner\">\n\t\t<div class=\"elementor-element elementor-element-bcf44ec e-con-full e-flex e-con e-child\" data-id=\"bcf44ec\" data-element_type=\"container\" data-e-type=\"container\">\n\t\t\t\t<div class=\"elementor-element elementor-element-1ade157 elementor-widget elementor-widget-heading\" data-id=\"1ade157\" data-element_type=\"widget\" data-e-type=\"widget\" data-widget_type=\"heading.default\">\n\t\t\t\t<div class=\"elementor-widget-container\">\n\t\t\t\t\t<h1 class=\"elementor-heading-title elementor-size-default\">\u00dcber MarAlliance<\/h1>\t\t\t\t<\/div>\n\t\t\t\t<\/div>\n\t\t\t\t<div class=\"elementor-element elementor-element-73063a4 elementor-widget elementor-widget-text-editor\" data-id=\"73063a4\" data-element_type=\"widget\" data-e-type=\"widget\" data-widget_type=\"text-editor.default\">\n\t\t\t\t<div class=\"elementor-widget-container\">\n\t\t\t\t\t\t\t\t\t<div class=\"elementor-element elementor-element-3fd73d8 elementor-widget elementor-widget-text-editor\" data-id=\"3fd73d8\" data-element_type=\"widget\" data-widget_type=\"text-editor.default\"><div class=\"elementor-widget-container\">MarAlliance arbeitet daran, den Schutz bedrohter Meereslebewesen und ihrer Lebensr\u00e4ume gemeinsam mit lokalen Gemeinschaften zu erforschen, zu erm\u00f6glichen und zu inspirieren. Wir kombinieren Forschung, Kapazit\u00e4tsaufbau, \u00d6ffentlichkeitsarbeit und politische Unterst\u00fctzung und arbeiten mit Fischern, Regierungen, NGOs, dem Tourismus- und Bildungssektor sowie anderen Partnern zusammen, um die Best\u00e4nde bedrohter Meeresbewohner wiederherzustellen und die Resilienz von \u00d6kosystemen und K\u00fcstengemeinden zu st\u00e4rken. <\/div><\/div>\t\t\t\t\t\t\t\t<\/div>\n\t\t\t\t<\/div>\n\t\t\t\t<\/div>\n\t\t\t\t\t<\/div>\n\t\t\t\t<\/div>\n\t\t<div class=\"elementor-element elementor-element-8635f75 e-flex e-con-boxed e-con e-parent\" data-id=\"8635f75\" data-element_type=\"container\" data-e-type=\"container\">\n\t\t\t\t\t<div class=\"e-con-inner\">\n\t\t\t\t<div class=\"elementor-element elementor-element-1c8d641 elementor-widget elementor-widget-spacer\" data-id=\"1c8d641\" data-element_type=\"widget\" data-e-type=\"widget\" data-widget_type=\"spacer.default\">\n\t\t\t\t<div class=\"elementor-widget-container\">\n\t\t\t\t\t\t\t<div class=\"elementor-spacer\">\n\t\t\t<div class=\"elementor-spacer-inner\"><\/div>\n\t\t<\/div>\n\t\t\t\t\t\t<\/div>\n\t\t\t\t<\/div>\n\t\t\t\t\t<\/div>\n\t\t\t\t<\/div>\n\t\t\t\t<\/div>\n\t\t","protected":false},"excerpt":{"rendered":"<p>MarTalk &amp; Hopkins Beach Cleanup Unterst\u00fctzen Sie den Meeresschutz w\u00e4hrend Ihres Besuchs in Belize Wenn Ihnen Haie, Rochen, Meeresschildkr\u00f6ten und viele andere Meeresbewohner am Herzen liegen, ist dieser Moment entscheidend. Die Megafauna der Meere steht vor wachsenden Herausforderungen \u2013 schrumpfende Nist- und Futterpl\u00e4tze, Beifang, Verfangen in Fischereiger\u00e4ten und die sich beschleunigenden Auswirkungen des Klimawandels. F\u00fcr [&hellip;]<\/p>\n","protected":false},"author":4,"featured_media":73709,"parent":0,"menu_order":0,"comment_status":"closed","ping_status":"closed","template":"page-full-width.php","meta":{"_acf_changed":false,"_vp_format_video_url":"","_vp_image_focal_point":[],"footnotes":""},"categories":[198],"tags":[],"class_list":["post-77576","page","type-page","status-publish","has-post-thumbnail","hentry","category-tbc-treffen"],"acf":[],"yoast_head":"<!-- This site is optimized with the Yoast SEO plugin v27.6 - https:\/\/yoast.com\/product\/yoast-seo-wordpress\/ -->\n<title>MarTalk &amp; Hopkins Beach Cleanup - The Belize Collection<\/title>\n<meta name=\"robots\" content=\"index, follow, max-snippet:-1, max-image-preview:large, max-video-preview:-1\" \/>\n<link rel=\"canonical\" href=\"https:\/\/thebelizecollection.com\/de\/martalk-hopkins-beach-cleanup\/\" \/>\n<meta property=\"og:locale\" content=\"de_DE\" \/>\n<meta property=\"og:type\" content=\"article\" \/>\n<meta property=\"og:title\" content=\"MarTalk &amp; Hopkins Beach Cleanup - The Belize Collection\" \/>\n<meta property=\"og:description\" content=\"MarTalk &amp; Hopkins Beach Cleanup Unterst\u00fctzen Sie den Meeresschutz w\u00e4hrend Ihres Besuchs in Belize Wenn Ihnen Haie, Rochen, Meeresschildkr\u00f6ten und viele andere Meeresbewohner am Herzen liegen, ist dieser Moment entscheidend. Die Megafauna der Meere steht vor wachsenden Herausforderungen \u2013 schrumpfende Nist- und Futterpl\u00e4tze, Beifang, Verfangen in Fischereiger\u00e4ten und die sich beschleunigenden Auswirkungen des Klimawandels. F\u00fcr [&hellip;]\" \/>\n<meta property=\"og:url\" content=\"https:\/\/thebelizecollection.com\/de\/martalk-hopkins-beach-cleanup\/\" \/>\n<meta property=\"og:site_name\" content=\"The Belize Collection\" \/>\n<meta property=\"article:modified_time\" content=\"2026-05-11T20:59:30+00:00\" \/>\n<meta property=\"og:image\" content=\"https:\/\/thebelizecollection.com\/wp-content\/uploads\/2026\/04\/Caribbean-Reef-Shark-2_Rachel-Grahamjpg.jpg\" \/>\n\t<meta property=\"og:image:width\" content=\"1600\" \/>\n\t<meta property=\"og:image:height\" content=\"1080\" \/>\n\t<meta property=\"og:image:type\" content=\"image\/jpeg\" \/>\n<meta name=\"twitter:card\" content=\"summary_large_image\" \/>\n<meta name=\"twitter:label1\" content=\"Gesch\u00e4tzte Lesezeit\" \/>\n\t<meta name=\"twitter:data1\" content=\"1\u00a0Minute\" \/>\n<script type=\"application\/ld+json\" class=\"yoast-schema-graph\">{\"@context\":\"https:\\\/\\\/schema.org\",\"@graph\":[{\"@type\":\"WebPage\",\"@id\":\"https:\\\/\\\/thebelizecollection.com\\\/de\\\/martalk-hopkins-beach-cleanup\\\/\",\"url\":\"https:\\\/\\\/thebelizecollection.com\\\/de\\\/martalk-hopkins-beach-cleanup\\\/\",\"name\":\"MarTalk & Hopkins Beach Cleanup - The Belize Collection\",\"isPartOf\":{\"@id\":\"https:\\\/\\\/thebelizecollection.com\\\/de\\\/#website\"},\"primaryImageOfPage\":{\"@id\":\"https:\\\/\\\/thebelizecollection.com\\\/de\\\/martalk-hopkins-beach-cleanup\\\/#primaryimage\"},\"image\":{\"@id\":\"https:\\\/\\\/thebelizecollection.com\\\/de\\\/martalk-hopkins-beach-cleanup\\\/#primaryimage\"},\"thumbnailUrl\":\"https:\\\/\\\/thebelizecollection.com\\\/wp-content\\\/uploads\\\/2026\\\/04\\\/Caribbean-Reef-Shark-2_Rachel-Grahamjpg.jpg\",\"datePublished\":\"2026-04-13T22:06:46+00:00\",\"dateModified\":\"2026-05-11T20:59:30+00:00\",\"breadcrumb\":{\"@id\":\"https:\\\/\\\/thebelizecollection.com\\\/de\\\/martalk-hopkins-beach-cleanup\\\/#breadcrumb\"},\"inLanguage\":\"de\",\"potentialAction\":[{\"@type\":\"ReadAction\",\"target\":[\"https:\\\/\\\/thebelizecollection.com\\\/de\\\/martalk-hopkins-beach-cleanup\\\/\"]}]},{\"@type\":\"ImageObject\",\"inLanguage\":\"de\",\"@id\":\"https:\\\/\\\/thebelizecollection.com\\\/de\\\/martalk-hopkins-beach-cleanup\\\/#primaryimage\",\"url\":\"https:\\\/\\\/thebelizecollection.com\\\/wp-content\\\/uploads\\\/2026\\\/04\\\/Caribbean-Reef-Shark-2_Rachel-Grahamjpg.jpg\",\"contentUrl\":\"https:\\\/\\\/thebelizecollection.com\\\/wp-content\\\/uploads\\\/2026\\\/04\\\/Caribbean-Reef-Shark-2_Rachel-Grahamjpg.jpg\",\"width\":1600,\"height\":1080},{\"@type\":\"BreadcrumbList\",\"@id\":\"https:\\\/\\\/thebelizecollection.com\\\/de\\\/martalk-hopkins-beach-cleanup\\\/#breadcrumb\",\"itemListElement\":[{\"@type\":\"ListItem\",\"position\":1,\"name\":\"Home\",\"item\":\"https:\\\/\\\/thebelizecollection.com\\\/de\\\/\"},{\"@type\":\"ListItem\",\"position\":2,\"name\":\"MarTalk &#038; Hopkins Beach Cleanup\"}]},{\"@type\":\"WebSite\",\"@id\":\"https:\\\/\\\/thebelizecollection.com\\\/de\\\/#website\",\"url\":\"https:\\\/\\\/thebelizecollection.com\\\/de\\\/\",\"name\":\"The Belize Collection\",\"description\":\"Everything Belize\",\"potentialAction\":[{\"@type\":\"SearchAction\",\"target\":{\"@type\":\"EntryPoint\",\"urlTemplate\":\"https:\\\/\\\/thebelizecollection.com\\\/de\\\/?s={search_term_string}\"},\"query-input\":{\"@type\":\"PropertyValueSpecification\",\"valueRequired\":true,\"valueName\":\"search_term_string\"}}],\"inLanguage\":\"de\"}]}<\/script>\n<!-- \/ Yoast SEO plugin. -->","yoast_head_json":{"title":"MarTalk & Hopkins Beach Cleanup - The Belize Collection","robots":{"index":"index","follow":"follow","max-snippet":"max-snippet:-1","max-image-preview":"max-image-preview:large","max-video-preview":"max-video-preview:-1"},"canonical":"https:\/\/thebelizecollection.com\/de\/martalk-hopkins-beach-cleanup\/","og_locale":"de_DE","og_type":"article","og_title":"MarTalk & Hopkins Beach Cleanup - The Belize Collection","og_description":"MarTalk &amp; Hopkins Beach Cleanup Unterst\u00fctzen Sie den Meeresschutz w\u00e4hrend Ihres Besuchs in Belize Wenn Ihnen Haie, Rochen, Meeresschildkr\u00f6ten und viele andere Meeresbewohner am Herzen liegen, ist dieser Moment entscheidend. Die Megafauna der Meere steht vor wachsenden Herausforderungen \u2013 schrumpfende Nist- und Futterpl\u00e4tze, Beifang, Verfangen in Fischereiger\u00e4ten und die sich beschleunigenden Auswirkungen des Klimawandels. F\u00fcr [&hellip;]","og_url":"https:\/\/thebelizecollection.com\/de\/martalk-hopkins-beach-cleanup\/","og_site_name":"The Belize Collection","article_modified_time":"2026-05-11T20:59:30+00:00","og_image":[{"width":1600,"height":1080,"url":"https:\/\/thebelizecollection.com\/wp-content\/uploads\/2026\/04\/Caribbean-Reef-Shark-2_Rachel-Grahamjpg.jpg","type":"image\/jpeg"}],"twitter_card":"summary_large_image","twitter_misc":{"Gesch\u00e4tzte Lesezeit":"1\u00a0Minute"},"schema":{"@context":"https:\/\/schema.org","@graph":[{"@type":"WebPage","@id":"https:\/\/thebelizecollection.com\/de\/martalk-hopkins-beach-cleanup\/","url":"https:\/\/thebelizecollection.com\/de\/martalk-hopkins-beach-cleanup\/","name":"MarTalk & Hopkins Beach Cleanup - The Belize Collection","isPartOf":{"@id":"https:\/\/thebelizecollection.com\/de\/#website"},"primaryImageOfPage":{"@id":"https:\/\/thebelizecollection.com\/de\/martalk-hopkins-beach-cleanup\/#primaryimage"},"image":{"@id":"https:\/\/thebelizecollection.com\/de\/martalk-hopkins-beach-cleanup\/#primaryimage"},"thumbnailUrl":"https:\/\/thebelizecollection.com\/wp-content\/uploads\/2026\/04\/Caribbean-Reef-Shark-2_Rachel-Grahamjpg.jpg","datePublished":"2026-04-13T22:06:46+00:00","dateModified":"2026-05-11T20:59:30+00:00","breadcrumb":{"@id":"https:\/\/thebelizecollection.com\/de\/martalk-hopkins-beach-cleanup\/#breadcrumb"},"inLanguage":"de","potentialAction":[{"@type":"ReadAction","target":["https:\/\/thebelizecollection.com\/de\/martalk-hopkins-beach-cleanup\/"]}]},{"@type":"ImageObject","inLanguage":"de","@id":"https:\/\/thebelizecollection.com\/de\/martalk-hopkins-beach-cleanup\/#primaryimage","url":"https:\/\/thebelizecollection.com\/wp-content\/uploads\/2026\/04\/Caribbean-Reef-Shark-2_Rachel-Grahamjpg.jpg","contentUrl":"https:\/\/thebelizecollection.com\/wp-content\/uploads\/2026\/04\/Caribbean-Reef-Shark-2_Rachel-Grahamjpg.jpg","width":1600,"height":1080},{"@type":"BreadcrumbList","@id":"https:\/\/thebelizecollection.com\/de\/martalk-hopkins-beach-cleanup\/#breadcrumb","itemListElement":[{"@type":"ListItem","position":1,"name":"Home","item":"https:\/\/thebelizecollection.com\/de\/"},{"@type":"ListItem","position":2,"name":"MarTalk &#038; Hopkins Beach Cleanup"}]},{"@type":"WebSite","@id":"https:\/\/thebelizecollection.com\/de\/#website","url":"https:\/\/thebelizecollection.com\/de\/","name":"The Belize Collection","description":"Everything Belize","potentialAction":[{"@type":"SearchAction","target":{"@type":"EntryPoint","urlTemplate":"https:\/\/thebelizecollection.com\/de\/?s={search_term_string}"},"query-input":{"@type":"PropertyValueSpecification","valueRequired":true,"valueName":"search_term_string"}}],"inLanguage":"de"}]}},"jetpack_sharing_enabled":true,"_links":{"self":[{"href":"https:\/\/thebelizecollection.com\/de\/wp-json\/wp\/v2\/pages\/77576","targetHints":{"allow":["GET"]}}],"collection":[{"href":"https:\/\/thebelizecollection.com\/de\/wp-json\/wp\/v2\/pages"}],"about":[{"href":"https:\/\/thebelizecollection.com\/de\/wp-json\/wp\/v2\/types\/page"}],"author":[{"embeddable":true,"href":"https:\/\/thebelizecollection.com\/de\/wp-json\/wp\/v2\/users\/4"}],"replies":[{"embeddable":true,"href":"https:\/\/thebelizecollection.com\/de\/wp-json\/wp\/v2\/comments?post=77576"}],"version-history":[{"count":2,"href":"https:\/\/thebelizecollection.com\/de\/wp-json\/wp\/v2\/pages\/77576\/revisions"}],"predecessor-version":[{"id":78356,"href":"https:\/\/thebelizecollection.com\/de\/wp-json\/wp\/v2\/pages\/77576\/revisions\/78356"}],"wp:featuredmedia":[{"embeddable":true,"href":"https:\/\/thebelizecollection.com\/de\/wp-json\/wp\/v2\/media\/73709"}],"wp:attachment":[{"href":"https:\/\/thebelizecollection.com\/de\/wp-json\/wp\/v2\/media?parent=77576"}],"wp:term":[{"taxonomy":"category","embeddable":true,"href":"https:\/\/thebelizecollection.com\/de\/wp-json\/wp\/v2\/categories?post=77576"},{"taxonomy":"post_tag","embeddable":true,"href":"https:\/\/thebelizecollection.com\/de\/wp-json\/wp\/v2\/tags?post=77576"}],"curies":[{"name":"wp","href":"https:\/\/api.w.org\/{rel}","templated":true}]}}