{"id":77588,"date":"2026-04-14T15:23:41","date_gmt":"2026-04-14T21:23:41","guid":{"rendered":"https:\/\/thebelizecollection.com\/winemakers-dinner\/"},"modified":"2026-05-11T14:59:03","modified_gmt":"2026-05-11T20:59:03","slug":"winemakers-dinner","status":"publish","type":"page","link":"https:\/\/thebelizecollection.com\/de\/winemakers-dinner\/","title":{"rendered":"Winzer-Dinner"},"content":{"rendered":"\t\t<div data-elementor-type=\"wp-page\" data-elementor-id=\"77588\" class=\"elementor elementor-77588 elementor-71138\" data-elementor-post-type=\"page\">\n\t\t\t\t<div class=\"elementor-element elementor-element-90356e4 e-con-full e-flex e-con e-parent\" data-id=\"90356e4\" data-element_type=\"container\" data-e-type=\"container\" data-settings=\"{&quot;background_background&quot;:&quot;classic&quot;}\">\n\t\t\t\t<\/div>\n\t\t<div class=\"elementor-element elementor-element-b6a47dc e-flex e-con-boxed e-con e-parent\" data-id=\"b6a47dc\" data-element_type=\"container\" data-e-type=\"container\">\n\t\t\t\t\t<div class=\"e-con-inner\">\n\t\t\t\t<div class=\"elementor-element elementor-element-52b771d elementor-widget elementor-widget-spacer\" data-id=\"52b771d\" data-element_type=\"widget\" data-e-type=\"widget\" data-widget_type=\"spacer.default\">\n\t\t\t\t<div class=\"elementor-widget-container\">\n\t\t\t\t\t\t\t<div class=\"elementor-spacer\">\n\t\t\t<div class=\"elementor-spacer-inner\"><\/div>\n\t\t<\/div>\n\t\t\t\t\t\t<\/div>\n\t\t\t\t<\/div>\n\t\t\t\t\t<\/div>\n\t\t\t\t<\/div>\n\t\t<div class=\"elementor-element elementor-element-f320cc8 e-flex e-con-boxed e-con e-parent\" data-id=\"f320cc8\" data-element_type=\"container\" data-e-type=\"container\">\n\t\t\t\t\t<div class=\"e-con-inner\">\n\t\t<div class=\"elementor-element elementor-element-5cf0646 e-con-full e-flex e-con e-child\" data-id=\"5cf0646\" data-element_type=\"container\" data-e-type=\"container\">\n\t\t\t\t<div class=\"elementor-element elementor-element-d34d32c elementor-widget elementor-widget-heading\" data-id=\"d34d32c\" data-element_type=\"widget\" data-e-type=\"widget\" data-widget_type=\"heading.default\">\n\t\t\t\t<div class=\"elementor-widget-container\">\n\t\t\t\t\t<h1 class=\"elementor-heading-title elementor-size-default\">Winzer-Dinner<\/h1>\t\t\t\t<\/div>\n\t\t\t\t<\/div>\n\t\t\t\t<div class=\"elementor-element elementor-element-20c32f2 elementor-widget elementor-widget-text-editor\" data-id=\"20c32f2\" data-element_type=\"widget\" data-e-type=\"widget\" data-widget_type=\"text-editor.default\">\n\t\t\t\t<div class=\"elementor-widget-container\">\n\t\t\t\t\t\t\t\t\t<div class=\"elementor-element elementor-element-3fd73d8 elementor-widget elementor-widget-text-editor\" data-id=\"3fd73d8\" data-element_type=\"widget\" data-widget_type=\"text-editor.default\"><div class=\"elementor-widget-container\"><p>Begleiten Sie uns in Placencia zu einem einzigartigen Abend im Blue Reef Beach and Marina.<\/p><p>Wir haben uns mit Chefs of Belize zusammengetan, um Ihnen ein entspanntes, intimes Dinner-Erlebnis mit einem Prix-fixe-Men\u00fc inklusive Weinbegleitung zu bieten. Freuen Sie sich auf sorgf\u00e4ltig komponierte Gerichte, w\u00e4hrend Winzer Sie durch jede Pairing-Kombination f\u00fchren \u2013 unterhaltsam, interaktiv und voller Geschmack. <\/p><p>Ein echtes belizisches Kulinarik-Erlebnis, das Sie nicht verpassen sollten.<\/p><\/div><\/div>\t\t\t\t\t\t\t\t<\/div>\n\t\t\t\t<\/div>\n\t\t\t\t<div class=\"elementor-element elementor-element-4f89b1f elementor-widget elementor-widget-text-editor\" data-id=\"4f89b1f\" data-element_type=\"widget\" data-e-type=\"widget\" data-widget_type=\"text-editor.default\">\n\t\t\t\t<div class=\"elementor-widget-container\">\n\t\t\t\t\t\t\t\t\t<p><strong>Ort:<\/strong> Bamboo Beach Bistro<\/p><p><strong>Datum:<\/strong> Freitag, 1. Mai 2026<\/p><p><strong>Uhrzeit:<\/strong> Beginn um 18:00 Uhr<\/p><p><strong>Preis:<\/strong> 160,00 $<\/p><p><em>Tickets m\u00fcssen \u00fcber Ticketverkaufsstellen in Belize erworben werden \u2013 Details folgen in K\u00fcrze.<\/em><\/p>\t\t\t\t\t\t\t\t<\/div>\n\t\t\t\t<\/div>\n\t\t\t\t<div class=\"elementor-element elementor-element-f868212 elementor-widget elementor-widget-button\" data-id=\"f868212\" data-element_type=\"widget\" data-e-type=\"widget\" data-widget_type=\"button.default\">\n\t\t\t\t<div class=\"elementor-widget-container\">\n\t\t\t\t\t\t\t\t\t<div class=\"elementor-button-wrapper\">\n\t\t\t\t\t<a class=\"elementor-button elementor-button-link elementor-size-sm\" href=\"https:\/\/www.blackvines.net\/store\/p\/bvbelize-htyna\">\n\t\t\t\t\t\t<span class=\"elementor-button-content-wrapper\">\n\t\t\t\t\t\t\t\t\t<span class=\"elementor-button-text\">Klicken Sie hier, um zuzusagen<\/span>\n\t\t\t\t\t<\/span>\n\t\t\t\t\t<\/a>\n\t\t\t\t<\/div>\n\t\t\t\t\t\t\t\t<\/div>\n\t\t\t\t<\/div>\n\t\t\t\t<\/div>\n\t\t<div class=\"elementor-element elementor-element-fd989d7 e-con-full e-flex e-con e-child\" data-id=\"fd989d7\" data-element_type=\"container\" data-e-type=\"container\" data-settings=\"{&quot;background_background&quot;:&quot;classic&quot;}\">\n\t\t\t\t<\/div>\n\t\t\t\t\t<\/div>\n\t\t\t\t<\/div>\n\t\t<div class=\"elementor-element elementor-element-5833a0d e-flex e-con-boxed e-con e-parent\" data-id=\"5833a0d\" data-element_type=\"container\" data-e-type=\"container\">\n\t\t\t\t\t<div class=\"e-con-inner\">\n\t\t\t\t<div class=\"elementor-element elementor-element-cc607f1 elementor-widget elementor-widget-spacer\" data-id=\"cc607f1\" data-element_type=\"widget\" data-e-type=\"widget\" data-widget_type=\"spacer.default\">\n\t\t\t\t<div class=\"elementor-widget-container\">\n\t\t\t\t\t\t\t<div class=\"elementor-spacer\">\n\t\t\t<div class=\"elementor-spacer-inner\"><\/div>\n\t\t<\/div>\n\t\t\t\t\t\t<\/div>\n\t\t\t\t<\/div>\n\t\t\t\t\t<\/div>\n\t\t\t\t<\/div>\n\t\t\t\t<\/div>\n\t\t","protected":false},"excerpt":{"rendered":"<p>Winzer-Dinner Begleiten Sie uns in Placencia zu einem einzigartigen Abend im Blue Reef Beach and Marina. Wir haben uns mit Chefs of Belize zusammengetan, um Ihnen ein entspanntes, intimes Dinner-Erlebnis mit einem Prix-fixe-Men\u00fc inklusive Weinbegleitung zu bieten. Freuen Sie sich auf sorgf\u00e4ltig komponierte Gerichte, w\u00e4hrend Winzer Sie durch jede Pairing-Kombination f\u00fchren \u2013 unterhaltsam, interaktiv und [&hellip;]<\/p>\n","protected":false},"author":4,"featured_media":71141,"parent":0,"menu_order":0,"comment_status":"closed","ping_status":"closed","template":"page-full-width.php","meta":{"_acf_changed":false,"_vp_format_video_url":"","_vp_image_focal_point":[],"footnotes":""},"categories":[198],"tags":[],"class_list":["post-77588","page","type-page","status-publish","has-post-thumbnail","hentry","category-tbc-treffen"],"acf":[],"yoast_head":"<!-- This site is optimized with the Yoast SEO plugin v27.6 - https:\/\/yoast.com\/product\/yoast-seo-wordpress\/ -->\n<title>Winzer-Dinner - The Belize Collection<\/title>\n<meta name=\"robots\" content=\"index, follow, max-snippet:-1, max-image-preview:large, max-video-preview:-1\" \/>\n<link rel=\"canonical\" href=\"https:\/\/thebelizecollection.com\/de\/winemakers-dinner\/\" \/>\n<meta property=\"og:locale\" content=\"de_DE\" \/>\n<meta property=\"og:type\" content=\"article\" \/>\n<meta property=\"og:title\" content=\"Winzer-Dinner - The Belize Collection\" \/>\n<meta property=\"og:description\" content=\"Winzer-Dinner Begleiten Sie uns in Placencia zu einem einzigartigen Abend im Blue Reef Beach and Marina. Wir haben uns mit Chefs of Belize zusammengetan, um Ihnen ein entspanntes, intimes Dinner-Erlebnis mit einem Prix-fixe-Men\u00fc inklusive Weinbegleitung zu bieten. Freuen Sie sich auf sorgf\u00e4ltig komponierte Gerichte, w\u00e4hrend Winzer Sie durch jede Pairing-Kombination f\u00fchren \u2013 unterhaltsam, interaktiv und [&hellip;]\" \/>\n<meta property=\"og:url\" content=\"https:\/\/thebelizecollection.com\/de\/winemakers-dinner\/\" \/>\n<meta property=\"og:site_name\" content=\"The Belize Collection\" \/>\n<meta property=\"article:modified_time\" content=\"2026-05-11T20:59:03+00:00\" \/>\n<meta property=\"og:image\" content=\"https:\/\/thebelizecollection.com\/wp-content\/uploads\/2026\/03\/115-18-1-1-18-18-28m.jpg\" \/>\n\t<meta property=\"og:image:width\" content=\"720\" \/>\n\t<meta property=\"og:image:height\" content=\"481\" \/>\n\t<meta property=\"og:image:type\" content=\"image\/jpeg\" \/>\n<meta name=\"twitter:card\" content=\"summary_large_image\" \/>\n<script type=\"application\/ld+json\" class=\"yoast-schema-graph\">{\"@context\":\"https:\\\/\\\/schema.org\",\"@graph\":[{\"@type\":\"WebPage\",\"@id\":\"https:\\\/\\\/thebelizecollection.com\\\/de\\\/winemakers-dinner\\\/\",\"url\":\"https:\\\/\\\/thebelizecollection.com\\\/de\\\/winemakers-dinner\\\/\",\"name\":\"Winzer-Dinner - The Belize Collection\",\"isPartOf\":{\"@id\":\"https:\\\/\\\/thebelizecollection.com\\\/de\\\/#website\"},\"primaryImageOfPage\":{\"@id\":\"https:\\\/\\\/thebelizecollection.com\\\/de\\\/winemakers-dinner\\\/#primaryimage\"},\"image\":{\"@id\":\"https:\\\/\\\/thebelizecollection.com\\\/de\\\/winemakers-dinner\\\/#primaryimage\"},\"thumbnailUrl\":\"https:\\\/\\\/thebelizecollection.com\\\/wp-content\\\/uploads\\\/2026\\\/03\\\/115-18-1-1-18-18-28m.jpg\",\"datePublished\":\"2026-04-14T21:23:41+00:00\",\"dateModified\":\"2026-05-11T20:59:03+00:00\",\"breadcrumb\":{\"@id\":\"https:\\\/\\\/thebelizecollection.com\\\/de\\\/winemakers-dinner\\\/#breadcrumb\"},\"inLanguage\":\"de\",\"potentialAction\":[{\"@type\":\"ReadAction\",\"target\":[\"https:\\\/\\\/thebelizecollection.com\\\/de\\\/winemakers-dinner\\\/\"]}]},{\"@type\":\"ImageObject\",\"inLanguage\":\"de\",\"@id\":\"https:\\\/\\\/thebelizecollection.com\\\/de\\\/winemakers-dinner\\\/#primaryimage\",\"url\":\"https:\\\/\\\/thebelizecollection.com\\\/wp-content\\\/uploads\\\/2026\\\/03\\\/115-18-1-1-18-18-28m.jpg\",\"contentUrl\":\"https:\\\/\\\/thebelizecollection.com\\\/wp-content\\\/uploads\\\/2026\\\/03\\\/115-18-1-1-18-18-28m.jpg\",\"width\":720,\"height\":481},{\"@type\":\"BreadcrumbList\",\"@id\":\"https:\\\/\\\/thebelizecollection.com\\\/de\\\/winemakers-dinner\\\/#breadcrumb\",\"itemListElement\":[{\"@type\":\"ListItem\",\"position\":1,\"name\":\"Home\",\"item\":\"https:\\\/\\\/thebelizecollection.com\\\/de\\\/\"},{\"@type\":\"ListItem\",\"position\":2,\"name\":\"Winzer-Dinner\"}]},{\"@type\":\"WebSite\",\"@id\":\"https:\\\/\\\/thebelizecollection.com\\\/de\\\/#website\",\"url\":\"https:\\\/\\\/thebelizecollection.com\\\/de\\\/\",\"name\":\"The Belize Collection\",\"description\":\"Everything Belize\",\"potentialAction\":[{\"@type\":\"SearchAction\",\"target\":{\"@type\":\"EntryPoint\",\"urlTemplate\":\"https:\\\/\\\/thebelizecollection.com\\\/de\\\/?s={search_term_string}\"},\"query-input\":{\"@type\":\"PropertyValueSpecification\",\"valueRequired\":true,\"valueName\":\"search_term_string\"}}],\"inLanguage\":\"de\"}]}<\/script>\n<!-- \/ Yoast SEO plugin. -->","yoast_head_json":{"title":"Winzer-Dinner - The Belize Collection","robots":{"index":"index","follow":"follow","max-snippet":"max-snippet:-1","max-image-preview":"max-image-preview:large","max-video-preview":"max-video-preview:-1"},"canonical":"https:\/\/thebelizecollection.com\/de\/winemakers-dinner\/","og_locale":"de_DE","og_type":"article","og_title":"Winzer-Dinner - The Belize Collection","og_description":"Winzer-Dinner Begleiten Sie uns in Placencia zu einem einzigartigen Abend im Blue Reef Beach and Marina. Wir haben uns mit Chefs of Belize zusammengetan, um Ihnen ein entspanntes, intimes Dinner-Erlebnis mit einem Prix-fixe-Men\u00fc inklusive Weinbegleitung zu bieten. Freuen Sie sich auf sorgf\u00e4ltig komponierte Gerichte, w\u00e4hrend Winzer Sie durch jede Pairing-Kombination f\u00fchren \u2013 unterhaltsam, interaktiv und [&hellip;]","og_url":"https:\/\/thebelizecollection.com\/de\/winemakers-dinner\/","og_site_name":"The Belize Collection","article_modified_time":"2026-05-11T20:59:03+00:00","og_image":[{"width":720,"height":481,"url":"https:\/\/thebelizecollection.com\/wp-content\/uploads\/2026\/03\/115-18-1-1-18-18-28m.jpg","type":"image\/jpeg"}],"twitter_card":"summary_large_image","schema":{"@context":"https:\/\/schema.org","@graph":[{"@type":"WebPage","@id":"https:\/\/thebelizecollection.com\/de\/winemakers-dinner\/","url":"https:\/\/thebelizecollection.com\/de\/winemakers-dinner\/","name":"Winzer-Dinner - The Belize Collection","isPartOf":{"@id":"https:\/\/thebelizecollection.com\/de\/#website"},"primaryImageOfPage":{"@id":"https:\/\/thebelizecollection.com\/de\/winemakers-dinner\/#primaryimage"},"image":{"@id":"https:\/\/thebelizecollection.com\/de\/winemakers-dinner\/#primaryimage"},"thumbnailUrl":"https:\/\/thebelizecollection.com\/wp-content\/uploads\/2026\/03\/115-18-1-1-18-18-28m.jpg","datePublished":"2026-04-14T21:23:41+00:00","dateModified":"2026-05-11T20:59:03+00:00","breadcrumb":{"@id":"https:\/\/thebelizecollection.com\/de\/winemakers-dinner\/#breadcrumb"},"inLanguage":"de","potentialAction":[{"@type":"ReadAction","target":["https:\/\/thebelizecollection.com\/de\/winemakers-dinner\/"]}]},{"@type":"ImageObject","inLanguage":"de","@id":"https:\/\/thebelizecollection.com\/de\/winemakers-dinner\/#primaryimage","url":"https:\/\/thebelizecollection.com\/wp-content\/uploads\/2026\/03\/115-18-1-1-18-18-28m.jpg","contentUrl":"https:\/\/thebelizecollection.com\/wp-content\/uploads\/2026\/03\/115-18-1-1-18-18-28m.jpg","width":720,"height":481},{"@type":"BreadcrumbList","@id":"https:\/\/thebelizecollection.com\/de\/winemakers-dinner\/#breadcrumb","itemListElement":[{"@type":"ListItem","position":1,"name":"Home","item":"https:\/\/thebelizecollection.com\/de\/"},{"@type":"ListItem","position":2,"name":"Winzer-Dinner"}]},{"@type":"WebSite","@id":"https:\/\/thebelizecollection.com\/de\/#website","url":"https:\/\/thebelizecollection.com\/de\/","name":"The Belize Collection","description":"Everything Belize","potentialAction":[{"@type":"SearchAction","target":{"@type":"EntryPoint","urlTemplate":"https:\/\/thebelizecollection.com\/de\/?s={search_term_string}"},"query-input":{"@type":"PropertyValueSpecification","valueRequired":true,"valueName":"search_term_string"}}],"inLanguage":"de"}]}},"jetpack_sharing_enabled":true,"_links":{"self":[{"href":"https:\/\/thebelizecollection.com\/de\/wp-json\/wp\/v2\/pages\/77588","targetHints":{"allow":["GET"]}}],"collection":[{"href":"https:\/\/thebelizecollection.com\/de\/wp-json\/wp\/v2\/pages"}],"about":[{"href":"https:\/\/thebelizecollection.com\/de\/wp-json\/wp\/v2\/types\/page"}],"author":[{"embeddable":true,"href":"https:\/\/thebelizecollection.com\/de\/wp-json\/wp\/v2\/users\/4"}],"replies":[{"embeddable":true,"href":"https:\/\/thebelizecollection.com\/de\/wp-json\/wp\/v2\/comments?post=77588"}],"version-history":[{"count":3,"href":"https:\/\/thebelizecollection.com\/de\/wp-json\/wp\/v2\/pages\/77588\/revisions"}],"predecessor-version":[{"id":78345,"href":"https:\/\/thebelizecollection.com\/de\/wp-json\/wp\/v2\/pages\/77588\/revisions\/78345"}],"wp:featuredmedia":[{"embeddable":true,"href":"https:\/\/thebelizecollection.com\/de\/wp-json\/wp\/v2\/media\/71141"}],"wp:attachment":[{"href":"https:\/\/thebelizecollection.com\/de\/wp-json\/wp\/v2\/media?parent=77588"}],"wp:term":[{"taxonomy":"category","embeddable":true,"href":"https:\/\/thebelizecollection.com\/de\/wp-json\/wp\/v2\/categories?post=77588"},{"taxonomy":"post_tag","embeddable":true,"href":"https:\/\/thebelizecollection.com\/de\/wp-json\/wp\/v2\/tags?post=77588"}],"curies":[{"name":"wp","href":"https:\/\/api.w.org\/{rel}","templated":true}]}}