{"id":77595,"date":"2026-04-08T11:28:03","date_gmt":"2026-04-08T17:28:03","guid":{"rendered":"https:\/\/thebelizecollection.com\/tag-der-erde-licht-aus-am-cliff\/"},"modified":"2026-05-11T15:01:15","modified_gmt":"2026-05-11T21:01:15","slug":"tag-der-erde-licht-aus-am-cliff","status":"publish","type":"page","link":"https:\/\/thebelizecollection.com\/de\/tag-der-erde-licht-aus-am-cliff\/","title":{"rendered":"Earth Day: Lights Out on the Cliff"},"content":{"rendered":"\t\t<div data-elementor-type=\"wp-page\" data-elementor-id=\"77595\" class=\"elementor elementor-77595 elementor-73178\" data-elementor-post-type=\"page\">\n\t\t\t\t<div class=\"elementor-element elementor-element-2cc2d20 e-con-full e-flex e-con e-parent\" data-id=\"2cc2d20\" data-element_type=\"container\" data-e-type=\"container\" data-settings=\"{&quot;background_background&quot;:&quot;classic&quot;}\">\n\t\t\t\t<\/div>\n\t\t<div class=\"elementor-element elementor-element-e1b8d7f e-flex e-con-boxed e-con e-parent\" data-id=\"e1b8d7f\" data-element_type=\"container\" data-e-type=\"container\">\n\t\t\t\t\t<div class=\"e-con-inner\">\n\t\t\t\t<div class=\"elementor-element elementor-element-c987a09 elementor-widget elementor-widget-spacer\" data-id=\"c987a09\" data-element_type=\"widget\" data-e-type=\"widget\" data-widget_type=\"spacer.default\">\n\t\t\t\t<div class=\"elementor-widget-container\">\n\t\t\t\t\t\t\t<div class=\"elementor-spacer\">\n\t\t\t<div class=\"elementor-spacer-inner\"><\/div>\n\t\t<\/div>\n\t\t\t\t\t\t<\/div>\n\t\t\t\t<\/div>\n\t\t\t\t\t<\/div>\n\t\t\t\t<\/div>\n\t\t<div class=\"elementor-element elementor-element-d22dfd9 e-flex e-con-boxed e-con e-parent\" data-id=\"d22dfd9\" data-element_type=\"container\" data-e-type=\"container\">\n\t\t\t\t\t<div class=\"e-con-inner\">\n\t\t<div class=\"elementor-element elementor-element-3d261d3 e-con-full e-flex e-con e-child\" data-id=\"3d261d3\" data-element_type=\"container\" data-e-type=\"container\">\n\t\t\t\t<div class=\"elementor-element elementor-element-44ce055 elementor-widget elementor-widget-heading\" data-id=\"44ce055\" data-element_type=\"widget\" data-e-type=\"widget\" data-widget_type=\"heading.default\">\n\t\t\t\t<div class=\"elementor-widget-container\">\n\t\t\t\t\t<h1 class=\"elementor-heading-title elementor-size-default\">Earth Day: Lights Out on the Cliff<\/h1>\t\t\t\t<\/div>\n\t\t\t\t<\/div>\n\t\t\t\t<div class=\"elementor-element elementor-element-59efba4 elementor-widget elementor-widget-text-editor\" data-id=\"59efba4\" data-element_type=\"widget\" data-e-type=\"widget\" data-widget_type=\"text-editor.default\">\n\t\t\t\t<div class=\"elementor-widget-container\">\n\t\t\t\t\t\t\t\t\t<div class=\"elementor-element elementor-element-3fd73d8 elementor-widget elementor-widget-text-editor\" data-id=\"3fd73d8\" data-element_type=\"widget\" data-widget_type=\"text-editor.default\"><div class=\"elementor-widget-container\">Feiern Sie den Earth Day 2026 mit einem unvergesslichen Abend auf den Klippen, an dem Natur, Geschmack und Sinnhaftigkeit aufeinandertreffen. Vor der Kulisse eines weiten Ausblicks und den Kl\u00e4ngen der Wildnis bietet dieses intime Dinner-Erlebnis sorgf\u00e4ltig zusammengestellte Gerichte, die von Land und Meer inspiriert sind. Begleiten Sie uns, wenn wir die Sch\u00f6nheit von Belize durch nachhaltige Kulinarik, bedeutungsvolle Begegnungen und ein gemeinsames Engagement f\u00fcr den Schutz unserer nat\u00fcrlichen Welt ehren.  <\/div><\/div>\t\t\t\t\t\t\t\t<\/div>\n\t\t\t\t<\/div>\n\t\t\t\t<div class=\"elementor-element elementor-element-0f632e2 elementor-widget elementor-widget-text-editor\" data-id=\"0f632e2\" data-element_type=\"widget\" data-e-type=\"widget\" data-widget_type=\"text-editor.default\">\n\t\t\t\t<div class=\"elementor-widget-container\">\n\t\t\t\t\t\t\t\t\t<p><strong>Veranstaltungsort:<\/strong> The Cliff at Sleeping Giant<\/p><p><strong>Datum:<\/strong> 22. April 2026<\/p><p><strong>Zeit:<\/strong> 18:00 Uhr<\/p><p><strong>Option 1: <\/strong>Vorspeise, Fischgericht + Dessert = 65 $ USD + MwSt.<\/p><p><strong>Option 2: <\/strong>Vorspeise, H\u00e4hnchengericht + Dessert = 59 $ USD + MwSt.<\/p><p>Ein kostenloser Shuttle-Service f\u00e4hrt um 17:30 Uhr von der Lobby der Rainforest Lodge at Sleeping Giant ab. Maximale Kapazit\u00e4t: 20 G\u00e4ste. <\/p>\t\t\t\t\t\t\t\t<\/div>\n\t\t\t\t<\/div>\n\t\t<div class=\"elementor-element elementor-element-495ca02 e-grid e-con-full e-con e-child\" data-id=\"495ca02\" data-element_type=\"container\" data-e-type=\"container\">\n\t\t\t\t<div class=\"elementor-element elementor-element-16af8e0 elementor-widget elementor-widget-button\" data-id=\"16af8e0\" data-element_type=\"widget\" data-e-type=\"widget\" data-widget_type=\"button.default\">\n\t\t\t\t<div class=\"elementor-widget-container\">\n\t\t\t\t\t\t\t\t\t<div class=\"elementor-button-wrapper\">\n\t\t\t\t\t<a class=\"elementor-button elementor-button-link elementor-size-sm\" href=\"tel:+501-615-2167\">\n\t\t\t\t\t\t<span class=\"elementor-button-content-wrapper\">\n\t\t\t\t\t\t\t\t\t<span class=\"elementor-button-text\">Hier klicken f\u00fcr Ihre RSVP<\/span>\n\t\t\t\t\t<\/span>\n\t\t\t\t\t<\/a>\n\t\t\t\t<\/div>\n\t\t\t\t\t\t\t\t<\/div>\n\t\t\t\t<\/div>\n\t\t\t\t<div class=\"elementor-element elementor-element-38e4897 elementor-widget elementor-widget-button\" data-id=\"38e4897\" data-element_type=\"widget\" data-e-type=\"widget\" data-widget_type=\"button.default\">\n\t\t\t\t<div class=\"elementor-widget-container\">\n\t\t\t\t\t\t\t\t\t<div class=\"elementor-button-wrapper\">\n\t\t\t\t\t<a class=\"elementor-button elementor-button-link elementor-size-sm\" href=\"#elementor-action%3Aaction%3Dpopup%3Aopen%26settings%3DeyJpZCI6NzM1NTQsInRvZ2dsZSI6ZmFsc2V9\">\n\t\t\t\t\t\t<span class=\"elementor-button-content-wrapper\">\n\t\t\t\t\t\t\t\t\t<span class=\"elementor-button-text\">Hier klicken, um das Men\u00fc anzuzeigen<\/span>\n\t\t\t\t\t<\/span>\n\t\t\t\t\t<\/a>\n\t\t\t\t<\/div>\n\t\t\t\t\t\t\t\t<\/div>\n\t\t\t\t<\/div>\n\t\t\t\t<\/div>\n\t\t\t\t<\/div>\n\t\t<div class=\"elementor-element elementor-element-cf13c85 e-con-full e-flex e-con e-child\" data-id=\"cf13c85\" data-element_type=\"container\" data-e-type=\"container\" data-settings=\"{&quot;background_background&quot;:&quot;classic&quot;}\">\n\t\t\t\t<\/div>\n\t\t\t\t\t<\/div>\n\t\t\t\t<\/div>\n\t\t<div class=\"elementor-element elementor-element-8635f75 e-flex e-con-boxed e-con e-parent\" data-id=\"8635f75\" data-element_type=\"container\" data-e-type=\"container\">\n\t\t\t\t\t<div class=\"e-con-inner\">\n\t\t\t\t<div class=\"elementor-element elementor-element-1c8d641 elementor-widget elementor-widget-spacer\" data-id=\"1c8d641\" data-element_type=\"widget\" data-e-type=\"widget\" data-widget_type=\"spacer.default\">\n\t\t\t\t<div class=\"elementor-widget-container\">\n\t\t\t\t\t\t\t<div class=\"elementor-spacer\">\n\t\t\t<div class=\"elementor-spacer-inner\"><\/div>\n\t\t<\/div>\n\t\t\t\t\t\t<\/div>\n\t\t\t\t<\/div>\n\t\t\t\t\t<\/div>\n\t\t\t\t<\/div>\n\t\t\t\t<\/div>\n\t\t","protected":false},"excerpt":{"rendered":"<p>Earth Day: Lights Out on the Cliff Feiern Sie den Earth Day 2026 mit einem unvergesslichen Abend auf den Klippen, an dem Natur, Geschmack und Sinnhaftigkeit aufeinandertreffen. Vor der Kulisse eines weiten Ausblicks und den Kl\u00e4ngen der Wildnis bietet dieses intime Dinner-Erlebnis sorgf\u00e4ltig zusammengestellte Gerichte, die von Land und Meer inspiriert sind. Begleiten Sie uns, [&hellip;]<\/p>\n","protected":false},"author":4,"featured_media":73536,"parent":0,"menu_order":0,"comment_status":"closed","ping_status":"closed","template":"page-full-width.php","meta":{"_acf_changed":false,"_vp_format_video_url":"","_vp_image_focal_point":[],"footnotes":""},"categories":[198],"tags":[],"class_list":["post-77595","page","type-page","status-publish","has-post-thumbnail","hentry","category-tbc-treffen"],"acf":[],"yoast_head":"<!-- This site is optimized with the Yoast SEO plugin v27.6 - https:\/\/yoast.com\/product\/yoast-seo-wordpress\/ -->\n<title>Earth Day: Lights Out on the Cliff - The Belize Collection<\/title>\n<meta name=\"robots\" content=\"index, follow, max-snippet:-1, max-image-preview:large, max-video-preview:-1\" \/>\n<link rel=\"canonical\" href=\"https:\/\/thebelizecollection.com\/de\/tag-der-erde-licht-aus-am-cliff\/\" \/>\n<meta property=\"og:locale\" content=\"de_DE\" \/>\n<meta property=\"og:type\" content=\"article\" \/>\n<meta property=\"og:title\" content=\"Earth Day: Lights Out on the Cliff - The Belize Collection\" \/>\n<meta property=\"og:description\" content=\"Earth Day: Lights Out on the Cliff Feiern Sie den Earth Day 2026 mit einem unvergesslichen Abend auf den Klippen, an dem Natur, Geschmack und Sinnhaftigkeit aufeinandertreffen. Vor der Kulisse eines weiten Ausblicks und den Kl\u00e4ngen der Wildnis bietet dieses intime Dinner-Erlebnis sorgf\u00e4ltig zusammengestellte Gerichte, die von Land und Meer inspiriert sind. Begleiten Sie uns, [&hellip;]\" \/>\n<meta property=\"og:url\" content=\"https:\/\/thebelizecollection.com\/de\/tag-der-erde-licht-aus-am-cliff\/\" \/>\n<meta property=\"og:site_name\" content=\"The Belize Collection\" \/>\n<meta property=\"article:modified_time\" content=\"2026-05-11T21:01:15+00:00\" \/>\n<meta property=\"og:image\" content=\"https:\/\/thebelizecollection.com\/wp-content\/uploads\/2026\/04\/LEX02616.jpg\" \/>\n\t<meta property=\"og:image:width\" content=\"2048\" \/>\n\t<meta property=\"og:image:height\" content=\"1365\" \/>\n\t<meta property=\"og:image:type\" content=\"image\/jpeg\" \/>\n<meta name=\"twitter:card\" content=\"summary_large_image\" \/>\n<meta name=\"twitter:label1\" content=\"Gesch\u00e4tzte Lesezeit\" \/>\n\t<meta name=\"twitter:data1\" content=\"1\u00a0Minute\" \/>\n<script type=\"application\/ld+json\" class=\"yoast-schema-graph\">{\"@context\":\"https:\\\/\\\/schema.org\",\"@graph\":[{\"@type\":\"WebPage\",\"@id\":\"https:\\\/\\\/thebelizecollection.com\\\/de\\\/tag-der-erde-licht-aus-am-cliff\\\/\",\"url\":\"https:\\\/\\\/thebelizecollection.com\\\/de\\\/tag-der-erde-licht-aus-am-cliff\\\/\",\"name\":\"Earth Day: Lights Out on the Cliff - The Belize Collection\",\"isPartOf\":{\"@id\":\"https:\\\/\\\/thebelizecollection.com\\\/de\\\/#website\"},\"primaryImageOfPage\":{\"@id\":\"https:\\\/\\\/thebelizecollection.com\\\/de\\\/tag-der-erde-licht-aus-am-cliff\\\/#primaryimage\"},\"image\":{\"@id\":\"https:\\\/\\\/thebelizecollection.com\\\/de\\\/tag-der-erde-licht-aus-am-cliff\\\/#primaryimage\"},\"thumbnailUrl\":\"https:\\\/\\\/thebelizecollection.com\\\/wp-content\\\/uploads\\\/2026\\\/04\\\/LEX02616.jpg\",\"datePublished\":\"2026-04-08T17:28:03+00:00\",\"dateModified\":\"2026-05-11T21:01:15+00:00\",\"breadcrumb\":{\"@id\":\"https:\\\/\\\/thebelizecollection.com\\\/de\\\/tag-der-erde-licht-aus-am-cliff\\\/#breadcrumb\"},\"inLanguage\":\"de\",\"potentialAction\":[{\"@type\":\"ReadAction\",\"target\":[\"https:\\\/\\\/thebelizecollection.com\\\/de\\\/tag-der-erde-licht-aus-am-cliff\\\/\"]}]},{\"@type\":\"ImageObject\",\"inLanguage\":\"de\",\"@id\":\"https:\\\/\\\/thebelizecollection.com\\\/de\\\/tag-der-erde-licht-aus-am-cliff\\\/#primaryimage\",\"url\":\"https:\\\/\\\/thebelizecollection.com\\\/wp-content\\\/uploads\\\/2026\\\/04\\\/LEX02616.jpg\",\"contentUrl\":\"https:\\\/\\\/thebelizecollection.com\\\/wp-content\\\/uploads\\\/2026\\\/04\\\/LEX02616.jpg\",\"width\":2048,\"height\":1365},{\"@type\":\"BreadcrumbList\",\"@id\":\"https:\\\/\\\/thebelizecollection.com\\\/de\\\/tag-der-erde-licht-aus-am-cliff\\\/#breadcrumb\",\"itemListElement\":[{\"@type\":\"ListItem\",\"position\":1,\"name\":\"Home\",\"item\":\"https:\\\/\\\/thebelizecollection.com\\\/de\\\/\"},{\"@type\":\"ListItem\",\"position\":2,\"name\":\"Earth Day: Lights Out on the Cliff\"}]},{\"@type\":\"WebSite\",\"@id\":\"https:\\\/\\\/thebelizecollection.com\\\/de\\\/#website\",\"url\":\"https:\\\/\\\/thebelizecollection.com\\\/de\\\/\",\"name\":\"The Belize Collection\",\"description\":\"Everything Belize\",\"potentialAction\":[{\"@type\":\"SearchAction\",\"target\":{\"@type\":\"EntryPoint\",\"urlTemplate\":\"https:\\\/\\\/thebelizecollection.com\\\/de\\\/?s={search_term_string}\"},\"query-input\":{\"@type\":\"PropertyValueSpecification\",\"valueRequired\":true,\"valueName\":\"search_term_string\"}}],\"inLanguage\":\"de\"}]}<\/script>\n<!-- \/ Yoast SEO plugin. -->","yoast_head_json":{"title":"Earth Day: Lights Out on the Cliff - The Belize Collection","robots":{"index":"index","follow":"follow","max-snippet":"max-snippet:-1","max-image-preview":"max-image-preview:large","max-video-preview":"max-video-preview:-1"},"canonical":"https:\/\/thebelizecollection.com\/de\/tag-der-erde-licht-aus-am-cliff\/","og_locale":"de_DE","og_type":"article","og_title":"Earth Day: Lights Out on the Cliff - The Belize Collection","og_description":"Earth Day: Lights Out on the Cliff Feiern Sie den Earth Day 2026 mit einem unvergesslichen Abend auf den Klippen, an dem Natur, Geschmack und Sinnhaftigkeit aufeinandertreffen. Vor der Kulisse eines weiten Ausblicks und den Kl\u00e4ngen der Wildnis bietet dieses intime Dinner-Erlebnis sorgf\u00e4ltig zusammengestellte Gerichte, die von Land und Meer inspiriert sind. Begleiten Sie uns, [&hellip;]","og_url":"https:\/\/thebelizecollection.com\/de\/tag-der-erde-licht-aus-am-cliff\/","og_site_name":"The Belize Collection","article_modified_time":"2026-05-11T21:01:15+00:00","og_image":[{"width":2048,"height":1365,"url":"https:\/\/thebelizecollection.com\/wp-content\/uploads\/2026\/04\/LEX02616.jpg","type":"image\/jpeg"}],"twitter_card":"summary_large_image","twitter_misc":{"Gesch\u00e4tzte Lesezeit":"1\u00a0Minute"},"schema":{"@context":"https:\/\/schema.org","@graph":[{"@type":"WebPage","@id":"https:\/\/thebelizecollection.com\/de\/tag-der-erde-licht-aus-am-cliff\/","url":"https:\/\/thebelizecollection.com\/de\/tag-der-erde-licht-aus-am-cliff\/","name":"Earth Day: Lights Out on the Cliff - The Belize Collection","isPartOf":{"@id":"https:\/\/thebelizecollection.com\/de\/#website"},"primaryImageOfPage":{"@id":"https:\/\/thebelizecollection.com\/de\/tag-der-erde-licht-aus-am-cliff\/#primaryimage"},"image":{"@id":"https:\/\/thebelizecollection.com\/de\/tag-der-erde-licht-aus-am-cliff\/#primaryimage"},"thumbnailUrl":"https:\/\/thebelizecollection.com\/wp-content\/uploads\/2026\/04\/LEX02616.jpg","datePublished":"2026-04-08T17:28:03+00:00","dateModified":"2026-05-11T21:01:15+00:00","breadcrumb":{"@id":"https:\/\/thebelizecollection.com\/de\/tag-der-erde-licht-aus-am-cliff\/#breadcrumb"},"inLanguage":"de","potentialAction":[{"@type":"ReadAction","target":["https:\/\/thebelizecollection.com\/de\/tag-der-erde-licht-aus-am-cliff\/"]}]},{"@type":"ImageObject","inLanguage":"de","@id":"https:\/\/thebelizecollection.com\/de\/tag-der-erde-licht-aus-am-cliff\/#primaryimage","url":"https:\/\/thebelizecollection.com\/wp-content\/uploads\/2026\/04\/LEX02616.jpg","contentUrl":"https:\/\/thebelizecollection.com\/wp-content\/uploads\/2026\/04\/LEX02616.jpg","width":2048,"height":1365},{"@type":"BreadcrumbList","@id":"https:\/\/thebelizecollection.com\/de\/tag-der-erde-licht-aus-am-cliff\/#breadcrumb","itemListElement":[{"@type":"ListItem","position":1,"name":"Home","item":"https:\/\/thebelizecollection.com\/de\/"},{"@type":"ListItem","position":2,"name":"Earth Day: Lights Out on the Cliff"}]},{"@type":"WebSite","@id":"https:\/\/thebelizecollection.com\/de\/#website","url":"https:\/\/thebelizecollection.com\/de\/","name":"The Belize Collection","description":"Everything Belize","potentialAction":[{"@type":"SearchAction","target":{"@type":"EntryPoint","urlTemplate":"https:\/\/thebelizecollection.com\/de\/?s={search_term_string}"},"query-input":{"@type":"PropertyValueSpecification","valueRequired":true,"valueName":"search_term_string"}}],"inLanguage":"de"}]}},"jetpack_sharing_enabled":true,"_links":{"self":[{"href":"https:\/\/thebelizecollection.com\/de\/wp-json\/wp\/v2\/pages\/77595","targetHints":{"allow":["GET"]}}],"collection":[{"href":"https:\/\/thebelizecollection.com\/de\/wp-json\/wp\/v2\/pages"}],"about":[{"href":"https:\/\/thebelizecollection.com\/de\/wp-json\/wp\/v2\/types\/page"}],"author":[{"embeddable":true,"href":"https:\/\/thebelizecollection.com\/de\/wp-json\/wp\/v2\/users\/4"}],"replies":[{"embeddable":true,"href":"https:\/\/thebelizecollection.com\/de\/wp-json\/wp\/v2\/comments?post=77595"}],"version-history":[{"count":4,"href":"https:\/\/thebelizecollection.com\/de\/wp-json\/wp\/v2\/pages\/77595\/revisions"}],"predecessor-version":[{"id":78371,"href":"https:\/\/thebelizecollection.com\/de\/wp-json\/wp\/v2\/pages\/77595\/revisions\/78371"}],"wp:featuredmedia":[{"embeddable":true,"href":"https:\/\/thebelizecollection.com\/de\/wp-json\/wp\/v2\/media\/73536"}],"wp:attachment":[{"href":"https:\/\/thebelizecollection.com\/de\/wp-json\/wp\/v2\/media?parent=77595"}],"wp:term":[{"taxonomy":"category","embeddable":true,"href":"https:\/\/thebelizecollection.com\/de\/wp-json\/wp\/v2\/categories?post=77595"},{"taxonomy":"post_tag","embeddable":true,"href":"https:\/\/thebelizecollection.com\/de\/wp-json\/wp\/v2\/tags?post=77595"}],"curies":[{"name":"wp","href":"https:\/\/api.w.org\/{rel}","templated":true}]}}