{"id":77600,"date":"2026-04-11T16:09:15","date_gmt":"2026-04-11T22:09:15","guid":{"rendered":"https:\/\/thebelizecollection.com\/bewegung-mobilitaet-achtsamkeit\/"},"modified":"2026-05-11T14:59:16","modified_gmt":"2026-05-11T20:59:16","slug":"bewegung-mobilitaet-achtsamkeit","status":"publish","type":"page","link":"https:\/\/thebelizecollection.com\/de\/bewegung-mobilitaet-achtsamkeit\/","title":{"rendered":"Bewegung, Mobilit\u00e4t &#038; Achtsamkeit"},"content":{"rendered":"\t\t<div data-elementor-type=\"wp-page\" data-elementor-id=\"77600\" class=\"elementor elementor-77600 elementor-73916\" data-elementor-post-type=\"page\">\n\t\t\t\t<div class=\"elementor-element elementor-element-287690d e-con-full elementor-hidden-mobile e-flex e-con e-parent\" data-id=\"287690d\" data-element_type=\"container\" data-e-type=\"container\" data-settings=\"{&quot;background_background&quot;:&quot;classic&quot;}\">\n\t\t\t\t<\/div>\n\t\t<div class=\"elementor-element elementor-element-7e32a51 e-flex e-con-boxed e-con e-parent\" data-id=\"7e32a51\" data-element_type=\"container\" data-e-type=\"container\">\n\t\t\t\t\t<div class=\"e-con-inner\">\n\t\t\t\t<div class=\"elementor-element elementor-element-8b0fce4 elementor-widget elementor-widget-spacer\" data-id=\"8b0fce4\" data-element_type=\"widget\" data-e-type=\"widget\" data-widget_type=\"spacer.default\">\n\t\t\t\t<div class=\"elementor-widget-container\">\n\t\t\t\t\t\t\t<div class=\"elementor-spacer\">\n\t\t\t<div class=\"elementor-spacer-inner\"><\/div>\n\t\t<\/div>\n\t\t\t\t\t\t<\/div>\n\t\t\t\t<\/div>\n\t\t\t\t\t<\/div>\n\t\t\t\t<\/div>\n\t\t<div class=\"elementor-element elementor-element-a507215 e-flex e-con-boxed e-con e-parent\" data-id=\"a507215\" data-element_type=\"container\" data-e-type=\"container\">\n\t\t\t\t\t<div class=\"e-con-inner\">\n\t\t<div class=\"elementor-element elementor-element-7fdd774 e-con-full e-flex e-con e-child\" data-id=\"7fdd774\" data-element_type=\"container\" data-e-type=\"container\">\n\t\t\t\t<div class=\"elementor-element elementor-element-f0828dd elementor-widget elementor-widget-heading\" data-id=\"f0828dd\" data-element_type=\"widget\" data-e-type=\"widget\" data-widget_type=\"heading.default\">\n\t\t\t\t<div class=\"elementor-widget-container\">\n\t\t\t\t\t<h1 class=\"elementor-heading-title elementor-size-default\">Bewegung, Mobilit\u00e4t &amp; Achtsamkeit<\/h1>\t\t\t\t<\/div>\n\t\t\t\t<\/div>\n\t\t\t\t<div class=\"elementor-element elementor-element-5c623c2 elementor-widget elementor-widget-text-editor\" data-id=\"5c623c2\" data-element_type=\"widget\" data-e-type=\"widget\" data-widget_type=\"text-editor.default\">\n\t\t\t\t<div class=\"elementor-widget-container\">\n\t\t\t\t\t\t\t\t\t<div class=\"elementor-element elementor-element-3fd73d8 elementor-widget elementor-widget-text-editor\" data-id=\"3fd73d8\" data-element_type=\"widget\" data-widget_type=\"text-editor.default\"><div class=\"elementor-widget-container\"><p>Wir laden Sie ein, Teil eines unvergesslichen Erlebnisses voller gro\u00dfartiger Momente und f\u00fcr jeden etwas zu sein.<\/p><p>Erleben Sie eine sorgf\u00e4ltig kuratierte Reihe von Mini-Sessions mit Wellness-Mobilit\u00e4t, Yoga Sense und einem erholsamen Klangbad. Jede Session wurde entwickelt, um Sie erfrischt, wieder ins Gleichgewicht gebracht und vollst\u00e4ndig erholt zu f\u00fchlen. <\/p><\/div><\/div>\t\t\t\t\t\t\t\t<\/div>\n\t\t\t\t<\/div>\n\t\t\t\t<div class=\"elementor-element elementor-element-8f93bc4 elementor-widget elementor-widget-text-editor\" data-id=\"8f93bc4\" data-element_type=\"widget\" data-e-type=\"widget\" data-widget_type=\"text-editor.default\">\n\t\t\t\t<div class=\"elementor-widget-container\">\n\t\t\t\t\t\t\t\t\t<p><strong>Datum:<\/strong> Freitag, 17. April 2026<\/p><p><strong>Uhrzeit: <\/strong>14:00 &#8211; 16:00 Uhr<\/p><p><strong>Ort:<\/strong> Innenhof im Sleeping Giant<\/p><p><strong>Preis:<\/strong> 30 USD pro Person<\/p>\t\t\t\t\t\t\t\t<\/div>\n\t\t\t\t<\/div>\n\t\t\t\t<div class=\"elementor-element elementor-element-0ddae44 elementor-widget elementor-widget-button\" data-id=\"0ddae44\" data-element_type=\"widget\" data-e-type=\"widget\" data-widget_type=\"button.default\">\n\t\t\t\t<div class=\"elementor-widget-container\">\n\t\t\t\t\t\t\t\t\t<div class=\"elementor-button-wrapper\">\n\t\t\t\t\t<a class=\"elementor-button elementor-button-link elementor-size-sm\" href=\"mailto:reservations@thebelizecollection.com\">\n\t\t\t\t\t\t<span class=\"elementor-button-content-wrapper\">\n\t\t\t\t\t\t\t\t\t<span class=\"elementor-button-text\">Hier klicken zur Anmeldung<\/span>\n\t\t\t\t\t<\/span>\n\t\t\t\t\t<\/a>\n\t\t\t\t<\/div>\n\t\t\t\t\t\t\t\t<\/div>\n\t\t\t\t<\/div>\n\t\t\t\t<\/div>\n\t\t<div class=\"elementor-element elementor-element-3adf8b1 e-con-full e-flex e-con e-child\" data-id=\"3adf8b1\" data-element_type=\"container\" data-e-type=\"container\" data-settings=\"{&quot;background_background&quot;:&quot;classic&quot;}\">\n\t\t\t\t<\/div>\n\t\t\t\t\t<\/div>\n\t\t\t\t<\/div>\n\t\t<div class=\"elementor-element elementor-element-edf4035 e-flex e-con-boxed e-con e-parent\" data-id=\"edf4035\" data-element_type=\"container\" data-e-type=\"container\">\n\t\t\t\t\t<div class=\"e-con-inner\">\n\t\t\t\t<div class=\"elementor-element elementor-element-f3f20e0 elementor-widget elementor-widget-spacer\" data-id=\"f3f20e0\" data-element_type=\"widget\" data-e-type=\"widget\" data-widget_type=\"spacer.default\">\n\t\t\t\t<div class=\"elementor-widget-container\">\n\t\t\t\t\t\t\t<div class=\"elementor-spacer\">\n\t\t\t<div class=\"elementor-spacer-inner\"><\/div>\n\t\t<\/div>\n\t\t\t\t\t\t<\/div>\n\t\t\t\t<\/div>\n\t\t\t\t\t<\/div>\n\t\t\t\t<\/div>\n\t\t\t\t<\/div>\n\t\t","protected":false},"excerpt":{"rendered":"<p>Bewegung, Mobilit\u00e4t &amp; Achtsamkeit Wir laden Sie ein, Teil eines unvergesslichen Erlebnisses voller gro\u00dfartiger Momente und f\u00fcr jeden etwas zu sein. Erleben Sie eine sorgf\u00e4ltig kuratierte Reihe von Mini-Sessions mit Wellness-Mobilit\u00e4t, Yoga Sense und einem erholsamen Klangbad. Jede Session wurde entwickelt, um Sie erfrischt, wieder ins Gleichgewicht gebracht und vollst\u00e4ndig erholt zu f\u00fchlen. Datum: Freitag, [&hellip;]<\/p>\n","protected":false},"author":4,"featured_media":73936,"parent":0,"menu_order":0,"comment_status":"closed","ping_status":"closed","template":"page-full-width.php","meta":{"_acf_changed":false,"_vp_format_video_url":"","_vp_image_focal_point":[],"footnotes":""},"categories":[198],"tags":[],"class_list":["post-77600","page","type-page","status-publish","has-post-thumbnail","hentry","category-tbc-treffen"],"acf":[],"yoast_head":"<!-- This site is optimized with the Yoast SEO plugin v27.6 - https:\/\/yoast.com\/product\/yoast-seo-wordpress\/ -->\n<title>Bewegung, Mobilit\u00e4t &amp; Achtsamkeit - The Belize Collection<\/title>\n<meta name=\"robots\" content=\"index, follow, max-snippet:-1, max-image-preview:large, max-video-preview:-1\" \/>\n<link rel=\"canonical\" href=\"https:\/\/thebelizecollection.com\/de\/bewegung-mobilitaet-achtsamkeit\/\" \/>\n<meta property=\"og:locale\" content=\"de_DE\" \/>\n<meta property=\"og:type\" content=\"article\" \/>\n<meta property=\"og:title\" content=\"Bewegung, Mobilit\u00e4t &amp; Achtsamkeit - The Belize Collection\" \/>\n<meta property=\"og:description\" content=\"Bewegung, Mobilit\u00e4t &amp; Achtsamkeit Wir laden Sie ein, Teil eines unvergesslichen Erlebnisses voller gro\u00dfartiger Momente und f\u00fcr jeden etwas zu sein. Erleben Sie eine sorgf\u00e4ltig kuratierte Reihe von Mini-Sessions mit Wellness-Mobilit\u00e4t, Yoga Sense und einem erholsamen Klangbad. Jede Session wurde entwickelt, um Sie erfrischt, wieder ins Gleichgewicht gebracht und vollst\u00e4ndig erholt zu f\u00fchlen. Datum: Freitag, [&hellip;]\" \/>\n<meta property=\"og:url\" content=\"https:\/\/thebelizecollection.com\/de\/bewegung-mobilitaet-achtsamkeit\/\" \/>\n<meta property=\"og:site_name\" content=\"The Belize Collection\" \/>\n<meta property=\"article:modified_time\" content=\"2026-05-11T20:59:16+00:00\" \/>\n<meta property=\"og:image\" content=\"https:\/\/thebelizecollection.com\/wp-content\/uploads\/2026\/04\/ACP_TBC_GIANT_1884.jpg\" \/>\n\t<meta property=\"og:image:width\" content=\"2048\" \/>\n\t<meta property=\"og:image:height\" content=\"1366\" \/>\n\t<meta property=\"og:image:type\" content=\"image\/jpeg\" \/>\n<meta name=\"twitter:card\" content=\"summary_large_image\" \/>\n<script type=\"application\/ld+json\" class=\"yoast-schema-graph\">{\"@context\":\"https:\\\/\\\/schema.org\",\"@graph\":[{\"@type\":\"WebPage\",\"@id\":\"https:\\\/\\\/thebelizecollection.com\\\/de\\\/bewegung-mobilitaet-achtsamkeit\\\/\",\"url\":\"https:\\\/\\\/thebelizecollection.com\\\/de\\\/bewegung-mobilitaet-achtsamkeit\\\/\",\"name\":\"Bewegung, Mobilit\u00e4t & Achtsamkeit - The Belize Collection\",\"isPartOf\":{\"@id\":\"https:\\\/\\\/thebelizecollection.com\\\/de\\\/#website\"},\"primaryImageOfPage\":{\"@id\":\"https:\\\/\\\/thebelizecollection.com\\\/de\\\/bewegung-mobilitaet-achtsamkeit\\\/#primaryimage\"},\"image\":{\"@id\":\"https:\\\/\\\/thebelizecollection.com\\\/de\\\/bewegung-mobilitaet-achtsamkeit\\\/#primaryimage\"},\"thumbnailUrl\":\"https:\\\/\\\/thebelizecollection.com\\\/wp-content\\\/uploads\\\/2026\\\/04\\\/ACP_TBC_GIANT_1884.jpg\",\"datePublished\":\"2026-04-11T22:09:15+00:00\",\"dateModified\":\"2026-05-11T20:59:16+00:00\",\"breadcrumb\":{\"@id\":\"https:\\\/\\\/thebelizecollection.com\\\/de\\\/bewegung-mobilitaet-achtsamkeit\\\/#breadcrumb\"},\"inLanguage\":\"de\",\"potentialAction\":[{\"@type\":\"ReadAction\",\"target\":[\"https:\\\/\\\/thebelizecollection.com\\\/de\\\/bewegung-mobilitaet-achtsamkeit\\\/\"]}]},{\"@type\":\"ImageObject\",\"inLanguage\":\"de\",\"@id\":\"https:\\\/\\\/thebelizecollection.com\\\/de\\\/bewegung-mobilitaet-achtsamkeit\\\/#primaryimage\",\"url\":\"https:\\\/\\\/thebelizecollection.com\\\/wp-content\\\/uploads\\\/2026\\\/04\\\/ACP_TBC_GIANT_1884.jpg\",\"contentUrl\":\"https:\\\/\\\/thebelizecollection.com\\\/wp-content\\\/uploads\\\/2026\\\/04\\\/ACP_TBC_GIANT_1884.jpg\",\"width\":2048,\"height\":1366},{\"@type\":\"BreadcrumbList\",\"@id\":\"https:\\\/\\\/thebelizecollection.com\\\/de\\\/bewegung-mobilitaet-achtsamkeit\\\/#breadcrumb\",\"itemListElement\":[{\"@type\":\"ListItem\",\"position\":1,\"name\":\"Home\",\"item\":\"https:\\\/\\\/thebelizecollection.com\\\/de\\\/\"},{\"@type\":\"ListItem\",\"position\":2,\"name\":\"Bewegung, Mobilit\u00e4t &#038; Achtsamkeit\"}]},{\"@type\":\"WebSite\",\"@id\":\"https:\\\/\\\/thebelizecollection.com\\\/de\\\/#website\",\"url\":\"https:\\\/\\\/thebelizecollection.com\\\/de\\\/\",\"name\":\"The Belize Collection\",\"description\":\"Everything Belize\",\"potentialAction\":[{\"@type\":\"SearchAction\",\"target\":{\"@type\":\"EntryPoint\",\"urlTemplate\":\"https:\\\/\\\/thebelizecollection.com\\\/de\\\/?s={search_term_string}\"},\"query-input\":{\"@type\":\"PropertyValueSpecification\",\"valueRequired\":true,\"valueName\":\"search_term_string\"}}],\"inLanguage\":\"de\"}]}<\/script>\n<!-- \/ Yoast SEO plugin. -->","yoast_head_json":{"title":"Bewegung, Mobilit\u00e4t & Achtsamkeit - The Belize Collection","robots":{"index":"index","follow":"follow","max-snippet":"max-snippet:-1","max-image-preview":"max-image-preview:large","max-video-preview":"max-video-preview:-1"},"canonical":"https:\/\/thebelizecollection.com\/de\/bewegung-mobilitaet-achtsamkeit\/","og_locale":"de_DE","og_type":"article","og_title":"Bewegung, Mobilit\u00e4t & Achtsamkeit - The Belize Collection","og_description":"Bewegung, Mobilit\u00e4t &amp; Achtsamkeit Wir laden Sie ein, Teil eines unvergesslichen Erlebnisses voller gro\u00dfartiger Momente und f\u00fcr jeden etwas zu sein. Erleben Sie eine sorgf\u00e4ltig kuratierte Reihe von Mini-Sessions mit Wellness-Mobilit\u00e4t, Yoga Sense und einem erholsamen Klangbad. Jede Session wurde entwickelt, um Sie erfrischt, wieder ins Gleichgewicht gebracht und vollst\u00e4ndig erholt zu f\u00fchlen. Datum: Freitag, [&hellip;]","og_url":"https:\/\/thebelizecollection.com\/de\/bewegung-mobilitaet-achtsamkeit\/","og_site_name":"The Belize Collection","article_modified_time":"2026-05-11T20:59:16+00:00","og_image":[{"width":2048,"height":1366,"url":"https:\/\/thebelizecollection.com\/wp-content\/uploads\/2026\/04\/ACP_TBC_GIANT_1884.jpg","type":"image\/jpeg"}],"twitter_card":"summary_large_image","schema":{"@context":"https:\/\/schema.org","@graph":[{"@type":"WebPage","@id":"https:\/\/thebelizecollection.com\/de\/bewegung-mobilitaet-achtsamkeit\/","url":"https:\/\/thebelizecollection.com\/de\/bewegung-mobilitaet-achtsamkeit\/","name":"Bewegung, Mobilit\u00e4t & Achtsamkeit - The Belize Collection","isPartOf":{"@id":"https:\/\/thebelizecollection.com\/de\/#website"},"primaryImageOfPage":{"@id":"https:\/\/thebelizecollection.com\/de\/bewegung-mobilitaet-achtsamkeit\/#primaryimage"},"image":{"@id":"https:\/\/thebelizecollection.com\/de\/bewegung-mobilitaet-achtsamkeit\/#primaryimage"},"thumbnailUrl":"https:\/\/thebelizecollection.com\/wp-content\/uploads\/2026\/04\/ACP_TBC_GIANT_1884.jpg","datePublished":"2026-04-11T22:09:15+00:00","dateModified":"2026-05-11T20:59:16+00:00","breadcrumb":{"@id":"https:\/\/thebelizecollection.com\/de\/bewegung-mobilitaet-achtsamkeit\/#breadcrumb"},"inLanguage":"de","potentialAction":[{"@type":"ReadAction","target":["https:\/\/thebelizecollection.com\/de\/bewegung-mobilitaet-achtsamkeit\/"]}]},{"@type":"ImageObject","inLanguage":"de","@id":"https:\/\/thebelizecollection.com\/de\/bewegung-mobilitaet-achtsamkeit\/#primaryimage","url":"https:\/\/thebelizecollection.com\/wp-content\/uploads\/2026\/04\/ACP_TBC_GIANT_1884.jpg","contentUrl":"https:\/\/thebelizecollection.com\/wp-content\/uploads\/2026\/04\/ACP_TBC_GIANT_1884.jpg","width":2048,"height":1366},{"@type":"BreadcrumbList","@id":"https:\/\/thebelizecollection.com\/de\/bewegung-mobilitaet-achtsamkeit\/#breadcrumb","itemListElement":[{"@type":"ListItem","position":1,"name":"Home","item":"https:\/\/thebelizecollection.com\/de\/"},{"@type":"ListItem","position":2,"name":"Bewegung, Mobilit\u00e4t &#038; Achtsamkeit"}]},{"@type":"WebSite","@id":"https:\/\/thebelizecollection.com\/de\/#website","url":"https:\/\/thebelizecollection.com\/de\/","name":"The Belize Collection","description":"Everything Belize","potentialAction":[{"@type":"SearchAction","target":{"@type":"EntryPoint","urlTemplate":"https:\/\/thebelizecollection.com\/de\/?s={search_term_string}"},"query-input":{"@type":"PropertyValueSpecification","valueRequired":true,"valueName":"search_term_string"}}],"inLanguage":"de"}]}},"jetpack_sharing_enabled":true,"_links":{"self":[{"href":"https:\/\/thebelizecollection.com\/de\/wp-json\/wp\/v2\/pages\/77600","targetHints":{"allow":["GET"]}}],"collection":[{"href":"https:\/\/thebelizecollection.com\/de\/wp-json\/wp\/v2\/pages"}],"about":[{"href":"https:\/\/thebelizecollection.com\/de\/wp-json\/wp\/v2\/types\/page"}],"author":[{"embeddable":true,"href":"https:\/\/thebelizecollection.com\/de\/wp-json\/wp\/v2\/users\/4"}],"replies":[{"embeddable":true,"href":"https:\/\/thebelizecollection.com\/de\/wp-json\/wp\/v2\/comments?post=77600"}],"version-history":[{"count":2,"href":"https:\/\/thebelizecollection.com\/de\/wp-json\/wp\/v2\/pages\/77600\/revisions"}],"predecessor-version":[{"id":78349,"href":"https:\/\/thebelizecollection.com\/de\/wp-json\/wp\/v2\/pages\/77600\/revisions\/78349"}],"wp:featuredmedia":[{"embeddable":true,"href":"https:\/\/thebelizecollection.com\/de\/wp-json\/wp\/v2\/media\/73936"}],"wp:attachment":[{"href":"https:\/\/thebelizecollection.com\/de\/wp-json\/wp\/v2\/media?parent=77600"}],"wp:term":[{"taxonomy":"category","embeddable":true,"href":"https:\/\/thebelizecollection.com\/de\/wp-json\/wp\/v2\/categories?post=77600"},{"taxonomy":"post_tag","embeddable":true,"href":"https:\/\/thebelizecollection.com\/de\/wp-json\/wp\/v2\/tags?post=77600"}],"curies":[{"name":"wp","href":"https:\/\/api.w.org\/{rel}","templated":true}]}}