{"id":77609,"date":"2026-04-27T09:44:45","date_gmt":"2026-04-27T15:44:45","guid":{"rendered":"https:\/\/thebelizecollection.com\/dschungel-bis-caye-ein-belize-dual-resort-erlebnis\/"},"modified":"2026-05-11T15:06:06","modified_gmt":"2026-05-11T21:06:06","slug":"dschungel-bis-caye-ein-belize-dual-resort-erlebnis","status":"publish","type":"page","link":"https:\/\/thebelizecollection.com\/de\/dschungel-bis-caye-ein-belize-dual-resort-erlebnis\/","title":{"rendered":"Dschungel bis Caye: Ein Belize Doppel-Resort-Erlebnis"},"content":{"rendered":"\t\t<div data-elementor-type=\"wp-page\" data-elementor-id=\"77609\" class=\"elementor elementor-77609 elementor-75606\" data-elementor-post-type=\"page\">\n\t\t\t\t<div class=\"elementor-element elementor-element-77efa722 e-con-full elementor-hidden-mobile e-flex e-con e-parent\" data-id=\"77efa722\" data-element_type=\"container\" data-e-type=\"container\" data-settings=\"{&quot;background_background&quot;:&quot;classic&quot;}\">\n\t\t\t\t<\/div>\n\t\t<div class=\"elementor-element elementor-element-61e72602 e-flex e-con-boxed e-con e-parent\" data-id=\"61e72602\" data-element_type=\"container\" data-e-type=\"container\">\n\t\t\t\t\t<div class=\"e-con-inner\">\n\t\t<div class=\"elementor-element elementor-element-4a8c92e4 e-con-full e-flex e-con e-child\" data-id=\"4a8c92e4\" data-element_type=\"container\" data-e-type=\"container\" data-settings=\"{&quot;background_background&quot;:&quot;classic&quot;}\">\n\t\t\t\t<\/div>\n\t\t<div class=\"elementor-element elementor-element-30a4e8bc e-con-full e-flex e-con e-child\" data-id=\"30a4e8bc\" data-element_type=\"container\" data-e-type=\"container\">\n\t\t\t\t<div class=\"elementor-element elementor-element-194eaabd elementor-widget elementor-widget-heading\" data-id=\"194eaabd\" data-element_type=\"widget\" data-e-type=\"widget\" data-widget_type=\"heading.default\">\n\t\t\t\t<div class=\"elementor-widget-container\">\n\t\t\t\t\t<h1 class=\"elementor-heading-title elementor-size-default\">Dschungel bis Caye: Ein Belize Doppel-Resort-Erlebnis<\/h1>\t\t\t\t<\/div>\n\t\t\t\t<\/div>\n\t\t\t\t<div class=\"elementor-element elementor-element-19cf3edc elementor-widget elementor-widget-heading\" data-id=\"19cf3edc\" data-element_type=\"widget\" data-e-type=\"widget\" data-widget_type=\"heading.default\">\n\t\t\t\t<div class=\"elementor-widget-container\">\n\t\t\t\t\t<h3 class=\"elementor-heading-title elementor-size-default\">Zwei Welten und eine au\u00dfergew\u00f6hnliche Reise<\/h3>\t\t\t\t<\/div>\n\t\t\t\t<\/div>\n\t\t\t\t<div class=\"elementor-element elementor-element-2f5a4680 elementor-widget elementor-widget-text-editor\" data-id=\"2f5a4680\" data-element_type=\"widget\" data-e-type=\"widget\" data-widget_type=\"text-editor.default\">\n\t\t\t\t<div class=\"elementor-widget-container\">\n\t\t\t\t\t\t\t\t\t<div class=\"elementor-element elementor-element-3fd73d8 elementor-widget elementor-widget-text-editor\" data-id=\"3fd73d8\" data-element_type=\"widget\" data-widget_type=\"text-editor.default\"><div class=\"elementor-widget-container\">Beginnen Sie Ihre Auszeit im Herzen des Regenwaldes in der The Rainforest Lodge at Sleeping Giant. Ob Sie alte Maya-Geheimnisse erkunden, den Fluss entlangtreiben oder einfach alles von Ihrer Suite aus in sich aufnehmen \u2013 jeder Moment f\u00fchlt sich m\u00fchelos an. Dann segeln Sie \u00fcber das Karibische Meer zum St. George&#8217;s Caye Resort, wo Sie von einer Sch\u00f6nheit umh\u00fcllt werden, die nur eine Privatinsel bieten kann, mit authentischen Cabanas mit Strohdach und einem atemberaubenden Blick auf das Karibische Meer. Tauchen Sie ein in den Rhythmus des Insellebens und sto\u00dfen Sie mit einem kostenlosen Rum Punch auf den Sonnenuntergang an. Dies ist Belize von seiner magischsten Seite: zwei Welten und eine au\u00dfergew\u00f6hnliche Reise.    <\/div><\/div>\t\t\t\t\t\t\t\t<\/div>\n\t\t\t\t<\/div>\n\t\t\t\t<div class=\"elementor-element elementor-element-1cf9d517 elementor-widget elementor-widget-heading\" data-id=\"1cf9d517\" data-element_type=\"widget\" data-e-type=\"widget\" data-widget_type=\"heading.default\">\n\t\t\t\t<div class=\"elementor-widget-container\">\n\t\t\t\t\t<h2 class=\"elementor-heading-title elementor-size-default\">In diesem Erlebnis enthalten:<\/h2>\t\t\t\t<\/div>\n\t\t\t\t<\/div>\n\t\t\t\t<div class=\"elementor-element elementor-element-1ea6bd6 elementor-widget elementor-widget-text-editor\" data-id=\"1ea6bd6\" data-element_type=\"widget\" data-e-type=\"widget\" data-widget_type=\"text-editor.default\">\n\t\t\t\t<div class=\"elementor-widget-container\">\n\t\t\t\t\t\t\t\t\t<p data-start=\"194\" data-end=\"244\"><strong data-start=\"194\" data-end=\"244\">In der The Rainforest Lodge at Sleeping Giant:<\/strong><\/p><ul data-start=\"245\" data-end=\"722\"><li data-section-id=\"epbw3b\" data-start=\"245\" data-end=\"308\">Privater Transfer vom internationalen Flughafen zur The Rainforest Lodge at Sleeping Giant<\/li><li data-section-id=\"k3p4ti\" data-start=\"309\" data-end=\"362\">Drei (3) \u00dcbernachtungen in einer Riverview Suite mit Tauchbecken<\/li><li data-section-id=\"c8hb3l\" data-start=\"363\" data-end=\"446\">T\u00e4glich ein Ein-Gang-Fr\u00fchst\u00fcck, ein Zwei-Gang-Mittagessen und ein Drei-Gang-Abendessen f\u00fcr zwei (2) Personen<\/li><li data-section-id=\"1xfbafk\" data-start=\"447\" data-end=\"480\">Maya-Kochkurs f\u00fcr zwei (2) Personen<\/li><li data-section-id=\"16lzv2w\" data-start=\"481\" data-end=\"515\">Zeremonielle H\u00f6hlentour f\u00fcr zwei (2) Personen<\/li><li data-section-id=\"1o6lzf7\" data-start=\"516\" data-end=\"558\">Kostenloser Begr\u00fc\u00dfungsdrink bei Ankunft<\/li><li data-section-id=\"81un3q\" data-start=\"559\" data-end=\"616\">Kostenlose Nutzung von Kajaks, Paddleboards und Fahrr\u00e4dern<\/li><li data-section-id=\"1ps60kh\" data-start=\"617\" data-end=\"660\">Kostenloser Zugang zu allen Wanderwegen<\/li><li data-section-id=\"e9phyf\" data-start=\"661\" data-end=\"722\">Privater Transfer von Sleeping Giant zur Ramada Marina<\/li><\/ul><p data-start=\"724\" data-end=\"756\"><strong data-start=\"724\" data-end=\"756\">Im St. George&#8217;s Caye Resort:<\/strong><\/p><ul data-start=\"757\" data-end=\"1576\"><li data-section-id=\"1sbaefr\" data-start=\"757\" data-end=\"802\">Vier (4) \u00dcbernachtungen in einer Cabana mit Strohdach Ihrer Wahl<\/li><li data-section-id=\"19gfjgc\" data-start=\"803\" data-end=\"901\">Alle Mahlzeiten inbegriffen \u2013 vom Abendessen am Anreisetag bis zum Fr\u00fchst\u00fcck am Abreisetag<\/li><li data-section-id=\"19o4xid\" data-start=\"902\" data-end=\"979\">Hin- und R\u00fccktransfer zwischen dem internationalen Flughafen und dem Inselresort<\/li><li data-section-id=\"vu2612\" data-start=\"980\" data-end=\"1082\">Kostenloser morgendlicher Kaffee- oder Teeservice mit frisch gepresstem Saft, t\u00e4glich in Ihre Cabana geliefert<\/li><li data-section-id=\"1iwqkbb\" data-start=\"1083\" data-end=\"1122\">Der erste Rum Punch geht t\u00e4glich aufs Haus<\/li><li data-section-id=\"1r9qgma\" data-start=\"1123\" data-end=\"1191\">Unbegrenzt Kaffee und Tee den ganzen Tag \u00fcber in der Lodge verf\u00fcgbar<\/li><li data-section-id=\"1o1cufz\" data-start=\"1192\" data-end=\"1357\">Kostenlose Nutzung von Kajaks, Hobie Cat Segelbooten, Stand-Up-Paddleboards, Swimmingpool, Schnorchelausr\u00fcstung f\u00fcr das Schnorcheln abseits des Stegs, Angeln vom Steg aus und H\u00e4ngematten<\/li><li data-section-id=\"1tulgp9\" data-start=\"1358\" data-end=\"1392\">SCUBA-Erlebnis im Pool ausprobieren<\/li><li data-section-id=\"30up1j\" data-start=\"1393\" data-end=\"1474\">Concierge-Unterst\u00fctzung bei der Planung von Tauch-, Schnorchel- und Festlandausfl\u00fcgen<\/li><li data-section-id=\"5lvli8\" data-start=\"1475\" data-end=\"1576\">Frisch gefiltertes Trinkwasser ist im gesamten Resort \u00fcber ein Umkehrosmose-Filtersystem verf\u00fcgbar<\/li><\/ul>\t\t\t\t\t\t\t\t<\/div>\n\t\t\t\t<\/div>\n\t\t\t\t<div class=\"elementor-element elementor-element-573cab3b elementor-widget elementor-widget-heading\" data-id=\"573cab3b\" data-element_type=\"widget\" data-e-type=\"widget\" data-widget_type=\"heading.default\">\n\t\t\t\t<div class=\"elementor-widget-container\">\n\t\t\t\t\t<h2 class=\"elementor-heading-title elementor-size-default\">AB 6.200,00 USD<\/h2>\t\t\t\t<\/div>\n\t\t\t\t<\/div>\n\t\t\t\t<div class=\"elementor-element elementor-element-6af4589d elementor-widget elementor-widget-text-editor\" data-id=\"6af4589d\" data-element_type=\"widget\" data-e-type=\"widget\" data-widget_type=\"text-editor.default\">\n\t\t\t\t<div class=\"elementor-widget-container\">\n\t\t\t\t\t\t\t\t\t<div class=\"elementor-element elementor-element-3fd73d8 elementor-widget elementor-widget-text-editor\" data-id=\"3fd73d8\" data-element_type=\"widget\" data-widget_type=\"text-editor.default\"><div class=\"elementor-widget-container\"><ul><li>Der Paketpreis basiert auf 2 Personen.<\/li><li>Inklusive Steuern<\/li><\/ul><\/div><\/div>\t\t\t\t\t\t\t\t<\/div>\n\t\t\t\t<\/div>\n\t\t<div class=\"elementor-element elementor-element-af947ac e-grid e-con-full e-con e-child\" data-id=\"af947ac\" data-element_type=\"container\" data-e-type=\"container\">\n\t\t\t\t<div class=\"elementor-element elementor-element-2179d652 elementor-align-left elementor-widget elementor-widget-button\" data-id=\"2179d652\" data-element_type=\"widget\" data-e-type=\"widget\" data-widget_type=\"button.default\">\n\t\t\t\t<div class=\"elementor-widget-container\">\n\t\t\t\t\t\t\t\t\t<div class=\"elementor-button-wrapper\">\n\t\t\t\t\t<a class=\"elementor-button elementor-button-link elementor-size-sm\" href=\"https:\/\/thebelizecollection.com\/contact-us\/\">\n\t\t\t\t\t\t<span class=\"elementor-button-content-wrapper\">\n\t\t\t\t\t\t\t\t\t<span class=\"elementor-button-text\">KONTAKTIEREN SIE UNS<\/span>\n\t\t\t\t\t<\/span>\n\t\t\t\t\t<\/a>\n\t\t\t\t<\/div>\n\t\t\t\t\t\t\t\t<\/div>\n\t\t\t\t<\/div>\n\t\t\t\t<div class=\"elementor-element elementor-element-8ac75dd elementor-align-left elementor-widget elementor-widget-button\" data-id=\"8ac75dd\" data-element_type=\"widget\" data-e-type=\"widget\" id=\"tbc-go-back\" data-widget_type=\"button.default\">\n\t\t\t\t<div class=\"elementor-widget-container\">\n\t\t\t\t\t\t\t\t\t<div class=\"elementor-button-wrapper\">\n\t\t\t\t\t<a class=\"elementor-button elementor-button-link elementor-size-sm\" href=\"https:\/\/thebelizecollection.com\/vacation-packages\/\">\n\t\t\t\t\t\t<span class=\"elementor-button-content-wrapper\">\n\t\t\t\t\t\t<span class=\"elementor-button-icon\">\n\t\t\t\t<svg aria-hidden=\"true\" class=\"e-font-icon-svg e-fas-arrow-left\" viewBox=\"0 0 448 512\" xmlns=\"http:\/\/www.w3.org\/2000\/svg\"><path d=\"M257.5 445.1l-22.2 22.2c-9.4 9.4-24.6 9.4-33.9 0L7 273c-9.4-9.4-9.4-24.6 0-33.9L201.4 44.7c9.4-9.4 24.6-9.4 33.9 0l22.2 22.2c9.5 9.5 9.3 25-.4 34.3L136.6 216H424c13.3 0 24 10.7 24 24v32c0 13.3-10.7 24-24 24H136.6l120.5 114.8c9.8 9.3 10 24.8.4 34.3z\"><\/path><\/svg>\t\t\t<\/span>\n\t\t\t\t\t\t\t\t\t<span class=\"elementor-button-text\">URLAUBSPAKETE ANSEHEN<\/span>\n\t\t\t\t\t<\/span>\n\t\t\t\t\t<\/a>\n\t\t\t\t<\/div>\n\t\t\t\t\t\t\t\t<\/div>\n\t\t\t\t<\/div>\n\t\t\t\t<\/div>\n\t\t\t\t<\/div>\n\t\t\t\t\t<\/div>\n\t\t\t\t<\/div>\n\t\t<div class=\"elementor-element elementor-element-24c626f2 e-flex e-con-boxed e-con e-parent\" data-id=\"24c626f2\" data-element_type=\"container\" data-e-type=\"container\">\n\t\t\t\t\t<div class=\"e-con-inner\">\n\t\t\t\t<div class=\"elementor-element elementor-element-bb33e2 elementor-widget elementor-widget-spacer\" data-id=\"bb33e2\" data-element_type=\"widget\" data-e-type=\"widget\" data-widget_type=\"spacer.default\">\n\t\t\t\t<div class=\"elementor-widget-container\">\n\t\t\t\t\t\t\t<div class=\"elementor-spacer\">\n\t\t\t<div class=\"elementor-spacer-inner\"><\/div>\n\t\t<\/div>\n\t\t\t\t\t\t<\/div>\n\t\t\t\t<\/div>\n\t\t\t\t\t<\/div>\n\t\t\t\t<\/div>\n\t\t\t\t<\/div>\n\t\t","protected":false},"excerpt":{"rendered":"<p>Dschungel bis Caye: Ein Belize Doppel-Resort-Erlebnis Zwei Welten und eine au\u00dfergew\u00f6hnliche Reise Beginnen Sie Ihre Auszeit im Herzen des Regenwaldes in der The Rainforest Lodge at Sleeping Giant. Ob Sie alte Maya-Geheimnisse erkunden, den Fluss entlangtreiben oder einfach alles von Ihrer Suite aus in sich aufnehmen \u2013 jeder Moment f\u00fchlt sich m\u00fchelos an. Dann segeln [&hellip;]<\/p>\n","protected":false},"author":4,"featured_media":0,"parent":0,"menu_order":0,"comment_status":"closed","ping_status":"closed","template":"page-full-width.php","meta":{"_acf_changed":false,"_vp_format_video_url":"","_vp_image_focal_point":[],"footnotes":""},"categories":[],"tags":[],"class_list":["post-77609","page","type-page","status-publish","hentry"],"acf":[],"yoast_head":"<!-- This site is optimized with the Yoast SEO plugin v27.6 - https:\/\/yoast.com\/product\/yoast-seo-wordpress\/ -->\n<title>Dschungel bis Caye: Ein Belize Doppel-Resort-Erlebnis - The Belize Collection<\/title>\n<meta name=\"robots\" content=\"index, follow, max-snippet:-1, max-image-preview:large, max-video-preview:-1\" \/>\n<link rel=\"canonical\" href=\"https:\/\/thebelizecollection.com\/de\/dschungel-bis-caye-ein-belize-dual-resort-erlebnis\/\" \/>\n<meta property=\"og:locale\" content=\"de_DE\" \/>\n<meta property=\"og:type\" content=\"article\" \/>\n<meta property=\"og:title\" content=\"Dschungel bis Caye: Ein Belize Doppel-Resort-Erlebnis - The Belize Collection\" \/>\n<meta property=\"og:description\" content=\"Dschungel bis Caye: Ein Belize Doppel-Resort-Erlebnis Zwei Welten und eine au\u00dfergew\u00f6hnliche Reise Beginnen Sie Ihre Auszeit im Herzen des Regenwaldes in der The Rainforest Lodge at Sleeping Giant. Ob Sie alte Maya-Geheimnisse erkunden, den Fluss entlangtreiben oder einfach alles von Ihrer Suite aus in sich aufnehmen \u2013 jeder Moment f\u00fchlt sich m\u00fchelos an. Dann segeln [&hellip;]\" \/>\n<meta property=\"og:url\" content=\"https:\/\/thebelizecollection.com\/de\/dschungel-bis-caye-ein-belize-dual-resort-erlebnis\/\" \/>\n<meta property=\"og:site_name\" content=\"The Belize Collection\" \/>\n<meta property=\"article:modified_time\" content=\"2026-05-11T21:06:06+00:00\" \/>\n<meta name=\"twitter:card\" content=\"summary_large_image\" \/>\n<meta name=\"twitter:label1\" content=\"Gesch\u00e4tzte Lesezeit\" \/>\n\t<meta name=\"twitter:data1\" content=\"2\u00a0Minuten\" \/>\n<script type=\"application\/ld+json\" class=\"yoast-schema-graph\">{\"@context\":\"https:\\\/\\\/schema.org\",\"@graph\":[{\"@type\":\"WebPage\",\"@id\":\"https:\\\/\\\/thebelizecollection.com\\\/de\\\/dschungel-bis-caye-ein-belize-dual-resort-erlebnis\\\/\",\"url\":\"https:\\\/\\\/thebelizecollection.com\\\/de\\\/dschungel-bis-caye-ein-belize-dual-resort-erlebnis\\\/\",\"name\":\"Dschungel bis Caye: Ein Belize Doppel-Resort-Erlebnis - The Belize Collection\",\"isPartOf\":{\"@id\":\"https:\\\/\\\/thebelizecollection.com\\\/de\\\/#website\"},\"datePublished\":\"2026-04-27T15:44:45+00:00\",\"dateModified\":\"2026-05-11T21:06:06+00:00\",\"breadcrumb\":{\"@id\":\"https:\\\/\\\/thebelizecollection.com\\\/de\\\/dschungel-bis-caye-ein-belize-dual-resort-erlebnis\\\/#breadcrumb\"},\"inLanguage\":\"de\",\"potentialAction\":[{\"@type\":\"ReadAction\",\"target\":[\"https:\\\/\\\/thebelizecollection.com\\\/de\\\/dschungel-bis-caye-ein-belize-dual-resort-erlebnis\\\/\"]}]},{\"@type\":\"BreadcrumbList\",\"@id\":\"https:\\\/\\\/thebelizecollection.com\\\/de\\\/dschungel-bis-caye-ein-belize-dual-resort-erlebnis\\\/#breadcrumb\",\"itemListElement\":[{\"@type\":\"ListItem\",\"position\":1,\"name\":\"Home\",\"item\":\"https:\\\/\\\/thebelizecollection.com\\\/de\\\/\"},{\"@type\":\"ListItem\",\"position\":2,\"name\":\"Dschungel bis Caye: Ein Belize Doppel-Resort-Erlebnis\"}]},{\"@type\":\"WebSite\",\"@id\":\"https:\\\/\\\/thebelizecollection.com\\\/de\\\/#website\",\"url\":\"https:\\\/\\\/thebelizecollection.com\\\/de\\\/\",\"name\":\"The Belize Collection\",\"description\":\"Everything Belize\",\"potentialAction\":[{\"@type\":\"SearchAction\",\"target\":{\"@type\":\"EntryPoint\",\"urlTemplate\":\"https:\\\/\\\/thebelizecollection.com\\\/de\\\/?s={search_term_string}\"},\"query-input\":{\"@type\":\"PropertyValueSpecification\",\"valueRequired\":true,\"valueName\":\"search_term_string\"}}],\"inLanguage\":\"de\"}]}<\/script>\n<!-- \/ Yoast SEO plugin. -->","yoast_head_json":{"title":"Dschungel bis Caye: Ein Belize Doppel-Resort-Erlebnis - The Belize Collection","robots":{"index":"index","follow":"follow","max-snippet":"max-snippet:-1","max-image-preview":"max-image-preview:large","max-video-preview":"max-video-preview:-1"},"canonical":"https:\/\/thebelizecollection.com\/de\/dschungel-bis-caye-ein-belize-dual-resort-erlebnis\/","og_locale":"de_DE","og_type":"article","og_title":"Dschungel bis Caye: Ein Belize Doppel-Resort-Erlebnis - The Belize Collection","og_description":"Dschungel bis Caye: Ein Belize Doppel-Resort-Erlebnis Zwei Welten und eine au\u00dfergew\u00f6hnliche Reise Beginnen Sie Ihre Auszeit im Herzen des Regenwaldes in der The Rainforest Lodge at Sleeping Giant. Ob Sie alte Maya-Geheimnisse erkunden, den Fluss entlangtreiben oder einfach alles von Ihrer Suite aus in sich aufnehmen \u2013 jeder Moment f\u00fchlt sich m\u00fchelos an. Dann segeln [&hellip;]","og_url":"https:\/\/thebelizecollection.com\/de\/dschungel-bis-caye-ein-belize-dual-resort-erlebnis\/","og_site_name":"The Belize Collection","article_modified_time":"2026-05-11T21:06:06+00:00","twitter_card":"summary_large_image","twitter_misc":{"Gesch\u00e4tzte Lesezeit":"2\u00a0Minuten"},"schema":{"@context":"https:\/\/schema.org","@graph":[{"@type":"WebPage","@id":"https:\/\/thebelizecollection.com\/de\/dschungel-bis-caye-ein-belize-dual-resort-erlebnis\/","url":"https:\/\/thebelizecollection.com\/de\/dschungel-bis-caye-ein-belize-dual-resort-erlebnis\/","name":"Dschungel bis Caye: Ein Belize Doppel-Resort-Erlebnis - The Belize Collection","isPartOf":{"@id":"https:\/\/thebelizecollection.com\/de\/#website"},"datePublished":"2026-04-27T15:44:45+00:00","dateModified":"2026-05-11T21:06:06+00:00","breadcrumb":{"@id":"https:\/\/thebelizecollection.com\/de\/dschungel-bis-caye-ein-belize-dual-resort-erlebnis\/#breadcrumb"},"inLanguage":"de","potentialAction":[{"@type":"ReadAction","target":["https:\/\/thebelizecollection.com\/de\/dschungel-bis-caye-ein-belize-dual-resort-erlebnis\/"]}]},{"@type":"BreadcrumbList","@id":"https:\/\/thebelizecollection.com\/de\/dschungel-bis-caye-ein-belize-dual-resort-erlebnis\/#breadcrumb","itemListElement":[{"@type":"ListItem","position":1,"name":"Home","item":"https:\/\/thebelizecollection.com\/de\/"},{"@type":"ListItem","position":2,"name":"Dschungel bis Caye: Ein Belize Doppel-Resort-Erlebnis"}]},{"@type":"WebSite","@id":"https:\/\/thebelizecollection.com\/de\/#website","url":"https:\/\/thebelizecollection.com\/de\/","name":"The Belize Collection","description":"Everything Belize","potentialAction":[{"@type":"SearchAction","target":{"@type":"EntryPoint","urlTemplate":"https:\/\/thebelizecollection.com\/de\/?s={search_term_string}"},"query-input":{"@type":"PropertyValueSpecification","valueRequired":true,"valueName":"search_term_string"}}],"inLanguage":"de"}]}},"jetpack_sharing_enabled":true,"_links":{"self":[{"href":"https:\/\/thebelizecollection.com\/de\/wp-json\/wp\/v2\/pages\/77609","targetHints":{"allow":["GET"]}}],"collection":[{"href":"https:\/\/thebelizecollection.com\/de\/wp-json\/wp\/v2\/pages"}],"about":[{"href":"https:\/\/thebelizecollection.com\/de\/wp-json\/wp\/v2\/types\/page"}],"author":[{"embeddable":true,"href":"https:\/\/thebelizecollection.com\/de\/wp-json\/wp\/v2\/users\/4"}],"replies":[{"embeddable":true,"href":"https:\/\/thebelizecollection.com\/de\/wp-json\/wp\/v2\/comments?post=77609"}],"version-history":[{"count":3,"href":"https:\/\/thebelizecollection.com\/de\/wp-json\/wp\/v2\/pages\/77609\/revisions"}],"predecessor-version":[{"id":78406,"href":"https:\/\/thebelizecollection.com\/de\/wp-json\/wp\/v2\/pages\/77609\/revisions\/78406"}],"wp:attachment":[{"href":"https:\/\/thebelizecollection.com\/de\/wp-json\/wp\/v2\/media?parent=77609"}],"wp:term":[{"taxonomy":"category","embeddable":true,"href":"https:\/\/thebelizecollection.com\/de\/wp-json\/wp\/v2\/categories?post=77609"},{"taxonomy":"post_tag","embeddable":true,"href":"https:\/\/thebelizecollection.com\/de\/wp-json\/wp\/v2\/tags?post=77609"}],"curies":[{"name":"wp","href":"https:\/\/api.w.org\/{rel}","templated":true}]}}