{"id":77660,"date":"2025-11-28T16:42:01","date_gmt":"2025-11-28T22:42:01","guid":{"rendered":"https:\/\/thebelizecollection.com\/weihnachtsmarkt\/"},"modified":"2026-05-11T10:18:43","modified_gmt":"2026-05-11T16:18:43","slug":"weihnachtsmarkt","status":"publish","type":"page","link":"https:\/\/thebelizecollection.com\/de\/weihnachtsmarkt\/","title":{"rendered":"Weihnachtsmarkt"},"content":{"rendered":"\t\t<div data-elementor-type=\"wp-page\" data-elementor-id=\"77660\" class=\"elementor elementor-77660 elementor-65154\" data-elementor-post-type=\"page\">\n\t\t\t\t<div class=\"elementor-element elementor-element-a49a1fb e-con-full e-flex e-con e-parent\" data-id=\"a49a1fb\" data-element_type=\"container\" data-e-type=\"container\" data-settings=\"{&quot;background_background&quot;:&quot;classic&quot;}\">\n\t\t\t\t<\/div>\n\t\t<div class=\"elementor-element elementor-element-9e7ba2d e-flex e-con-boxed e-con e-parent\" data-id=\"9e7ba2d\" data-element_type=\"container\" data-e-type=\"container\">\n\t\t\t\t\t<div class=\"e-con-inner\">\n\t\t\t\t<div class=\"elementor-element elementor-element-bc8133e elementor-widget elementor-widget-spacer\" data-id=\"bc8133e\" data-element_type=\"widget\" data-e-type=\"widget\" data-widget_type=\"spacer.default\">\n\t\t\t\t<div class=\"elementor-widget-container\">\n\t\t\t\t\t\t\t<div class=\"elementor-spacer\">\n\t\t\t<div class=\"elementor-spacer-inner\"><\/div>\n\t\t<\/div>\n\t\t\t\t\t\t<\/div>\n\t\t\t\t<\/div>\n\t\t\t\t\t<\/div>\n\t\t\t\t<\/div>\n\t\t<div class=\"elementor-element elementor-element-dba4ba8 e-flex e-con-boxed e-con e-parent\" data-id=\"dba4ba8\" data-element_type=\"container\" data-e-type=\"container\">\n\t\t\t\t\t<div class=\"e-con-inner\">\n\t\t<div class=\"elementor-element elementor-element-a557729 e-con-full e-flex e-con e-child\" data-id=\"a557729\" data-element_type=\"container\" data-e-type=\"container\">\n\t\t\t\t<div class=\"elementor-element elementor-element-15c440d elementor-widget elementor-widget-heading\" data-id=\"15c440d\" data-element_type=\"widget\" data-e-type=\"widget\" data-widget_type=\"heading.default\">\n\t\t\t\t<div class=\"elementor-widget-container\">\n\t\t\t\t\t<h1 class=\"elementor-heading-title elementor-size-default\">Weihnachtsmarkt<\/h1>\t\t\t\t<\/div>\n\t\t\t\t<\/div>\n\t\t\t\t<div class=\"elementor-element elementor-element-1e12cb5 elementor-widget elementor-widget-text-editor\" data-id=\"1e12cb5\" data-element_type=\"widget\" data-e-type=\"widget\" data-widget_type=\"text-editor.default\">\n\t\t\t\t<div class=\"elementor-widget-container\">\n\t\t\t\t\t\t\t\t\t<div class=\"elementor-element elementor-element-3fd73d8 elementor-widget elementor-widget-text-editor\" data-id=\"3fd73d8\" data-element_type=\"widget\" data-widget_type=\"text-editor.default\"><div class=\"elementor-widget-container\"><p>Entdecken Sie etwas Besonderes auf dem Humo Deck im The Banks. Besuchen Sie unseren einzigartigen Jungle-Pop-up-Shop mit lokalen Kunsthandwerkern, handgefertigten Sch\u00e4tzen und Boutique-Fundst\u00fccken. Genie\u00dfen Sie k\u00f6stliches Essen, trinken Sie Ihre Lieblingsgetr\u00e4nke und entspannen Sie bei Live-Musik, w\u00e4hrend Sie durch den Bereich schlendern.  <\/p><\/div><\/div>\t\t\t\t\t\t\t\t<\/div>\n\t\t\t\t<\/div>\n\t\t\t\t<div class=\"elementor-element elementor-element-1ad1982 elementor-widget elementor-widget-text-editor\" data-id=\"1ad1982\" data-element_type=\"widget\" data-e-type=\"widget\" data-widget_type=\"text-editor.default\">\n\t\t\t\t<div class=\"elementor-widget-container\">\n\t\t\t\t\t\t\t\t\t<p><strong>Veranstaltungsort:<\/strong> The Deck at Humo<\/p><p><strong>Unterhaltung:<\/strong> Live-Musik<\/p><p><strong>Datum:<\/strong> 13. Dezember 2025<\/p><p><strong>Uhrzeit:<\/strong> Beginn um 10:00 Uhr<\/p>\t\t\t\t\t\t\t\t<\/div>\n\t\t\t\t<\/div>\n\t\t\t\t<div class=\"elementor-element elementor-element-87ca930 elementor-widget elementor-widget-button\" data-id=\"87ca930\" data-element_type=\"widget\" data-e-type=\"widget\" data-widget_type=\"button.default\">\n\t\t\t\t<div class=\"elementor-widget-container\">\n\t\t\t\t\t\t\t\t\t<div class=\"elementor-button-wrapper\">\n\t\t\t\t\t<a class=\"elementor-button elementor-button-link elementor-size-sm\" href=\"tel:+501-609-6825\">\n\t\t\t\t\t\t<span class=\"elementor-button-content-wrapper\">\n\t\t\t\t\t\t\t\t\t<span class=\"elementor-button-text\">Hier klicken, um zuzusagen<\/span>\n\t\t\t\t\t<\/span>\n\t\t\t\t\t<\/a>\n\t\t\t\t<\/div>\n\t\t\t\t\t\t\t\t<\/div>\n\t\t\t\t<\/div>\n\t\t\t\t<\/div>\n\t\t<div class=\"elementor-element elementor-element-4d3461a e-con-full e-flex e-con e-child\" data-id=\"4d3461a\" data-element_type=\"container\" data-e-type=\"container\" data-settings=\"{&quot;background_background&quot;:&quot;classic&quot;}\">\n\t\t\t\t<\/div>\n\t\t\t\t\t<\/div>\n\t\t\t\t<\/div>\n\t\t\t\t<\/div>\n\t\t","protected":false},"excerpt":{"rendered":"<p>Weihnachtsmarkt Entdecken Sie etwas Besonderes auf dem Humo Deck im The Banks. Besuchen Sie unseren einzigartigen Jungle-Pop-up-Shop mit lokalen Kunsthandwerkern, handgefertigten Sch\u00e4tzen und Boutique-Fundst\u00fccken. Genie\u00dfen Sie k\u00f6stliches Essen, trinken Sie Ihre Lieblingsgetr\u00e4nke und entspannen Sie bei Live-Musik, w\u00e4hrend Sie durch den Bereich schlendern. Veranstaltungsort: The Deck at Humo Unterhaltung: Live-Musik Datum: 13. Dezember 2025 Uhrzeit: [&hellip;]<\/p>\n","protected":false},"author":4,"featured_media":77661,"parent":0,"menu_order":0,"comment_status":"closed","ping_status":"closed","template":"page-full-width.php","meta":{"_acf_changed":false,"_vp_format_video_url":"","_vp_image_focal_point":[],"footnotes":""},"categories":[198],"tags":[],"class_list":["post-77660","page","type-page","status-publish","has-post-thumbnail","hentry","category-tbc-treffen"],"acf":[],"yoast_head":"<!-- This site is optimized with the Yoast SEO plugin v27.6 - https:\/\/yoast.com\/product\/yoast-seo-wordpress\/ -->\n<title>Weihnachtsmarkt - The Belize Collection<\/title>\n<meta name=\"robots\" content=\"index, follow, max-snippet:-1, max-image-preview:large, max-video-preview:-1\" \/>\n<link rel=\"canonical\" href=\"https:\/\/thebelizecollection.com\/de\/weihnachtsmarkt\/\" \/>\n<meta property=\"og:locale\" content=\"de_DE\" \/>\n<meta property=\"og:type\" content=\"article\" \/>\n<meta property=\"og:title\" content=\"Weihnachtsmarkt - The Belize Collection\" \/>\n<meta property=\"og:description\" content=\"Weihnachtsmarkt Entdecken Sie etwas Besonderes auf dem Humo Deck im The Banks. Besuchen Sie unseren einzigartigen Jungle-Pop-up-Shop mit lokalen Kunsthandwerkern, handgefertigten Sch\u00e4tzen und Boutique-Fundst\u00fccken. Genie\u00dfen Sie k\u00f6stliches Essen, trinken Sie Ihre Lieblingsgetr\u00e4nke und entspannen Sie bei Live-Musik, w\u00e4hrend Sie durch den Bereich schlendern. Veranstaltungsort: The Deck at Humo Unterhaltung: Live-Musik Datum: 13. Dezember 2025 Uhrzeit: [&hellip;]\" \/>\n<meta property=\"og:url\" content=\"https:\/\/thebelizecollection.com\/de\/weihnachtsmarkt\/\" \/>\n<meta property=\"og:site_name\" content=\"The Belize Collection\" \/>\n<meta property=\"article:modified_time\" content=\"2026-05-11T16:18:43+00:00\" \/>\n<meta property=\"og:image\" content=\"https:\/\/thebelizecollection.com\/wp-content\/uploads\/2025\/11\/TBR-Pop-Up-IG-Feed-1080-x-1350-2.png\" \/>\n\t<meta property=\"og:image:width\" content=\"2048\" \/>\n\t<meta property=\"og:image:height\" content=\"1365\" \/>\n\t<meta property=\"og:image:type\" content=\"image\/png\" \/>\n<meta name=\"twitter:card\" content=\"summary_large_image\" \/>\n<script type=\"application\/ld+json\" class=\"yoast-schema-graph\">{\"@context\":\"https:\\\/\\\/schema.org\",\"@graph\":[{\"@type\":\"WebPage\",\"@id\":\"https:\\\/\\\/thebelizecollection.com\\\/de\\\/weihnachtsmarkt\\\/\",\"url\":\"https:\\\/\\\/thebelizecollection.com\\\/de\\\/weihnachtsmarkt\\\/\",\"name\":\"Weihnachtsmarkt - The Belize Collection\",\"isPartOf\":{\"@id\":\"https:\\\/\\\/thebelizecollection.com\\\/de\\\/#website\"},\"primaryImageOfPage\":{\"@id\":\"https:\\\/\\\/thebelizecollection.com\\\/de\\\/weihnachtsmarkt\\\/#primaryimage\"},\"image\":{\"@id\":\"https:\\\/\\\/thebelizecollection.com\\\/de\\\/weihnachtsmarkt\\\/#primaryimage\"},\"thumbnailUrl\":\"https:\\\/\\\/thebelizecollection.com\\\/wp-content\\\/uploads\\\/2025\\\/11\\\/TBR-Pop-Up-IG-Feed-1080-x-1350-2.png\",\"datePublished\":\"2025-11-28T22:42:01+00:00\",\"dateModified\":\"2026-05-11T16:18:43+00:00\",\"breadcrumb\":{\"@id\":\"https:\\\/\\\/thebelizecollection.com\\\/de\\\/weihnachtsmarkt\\\/#breadcrumb\"},\"inLanguage\":\"de\",\"potentialAction\":[{\"@type\":\"ReadAction\",\"target\":[\"https:\\\/\\\/thebelizecollection.com\\\/de\\\/weihnachtsmarkt\\\/\"]}]},{\"@type\":\"ImageObject\",\"inLanguage\":\"de\",\"@id\":\"https:\\\/\\\/thebelizecollection.com\\\/de\\\/weihnachtsmarkt\\\/#primaryimage\",\"url\":\"https:\\\/\\\/thebelizecollection.com\\\/wp-content\\\/uploads\\\/2025\\\/11\\\/TBR-Pop-Up-IG-Feed-1080-x-1350-2.png\",\"contentUrl\":\"https:\\\/\\\/thebelizecollection.com\\\/wp-content\\\/uploads\\\/2025\\\/11\\\/TBR-Pop-Up-IG-Feed-1080-x-1350-2.png\",\"width\":2048,\"height\":1365},{\"@type\":\"BreadcrumbList\",\"@id\":\"https:\\\/\\\/thebelizecollection.com\\\/de\\\/weihnachtsmarkt\\\/#breadcrumb\",\"itemListElement\":[{\"@type\":\"ListItem\",\"position\":1,\"name\":\"Home\",\"item\":\"https:\\\/\\\/thebelizecollection.com\\\/de\\\/\"},{\"@type\":\"ListItem\",\"position\":2,\"name\":\"Weihnachtsmarkt\"}]},{\"@type\":\"WebSite\",\"@id\":\"https:\\\/\\\/thebelizecollection.com\\\/de\\\/#website\",\"url\":\"https:\\\/\\\/thebelizecollection.com\\\/de\\\/\",\"name\":\"The Belize Collection\",\"description\":\"Everything Belize\",\"potentialAction\":[{\"@type\":\"SearchAction\",\"target\":{\"@type\":\"EntryPoint\",\"urlTemplate\":\"https:\\\/\\\/thebelizecollection.com\\\/de\\\/?s={search_term_string}\"},\"query-input\":{\"@type\":\"PropertyValueSpecification\",\"valueRequired\":true,\"valueName\":\"search_term_string\"}}],\"inLanguage\":\"de\"}]}<\/script>\n<!-- \/ Yoast SEO plugin. -->","yoast_head_json":{"title":"Weihnachtsmarkt - The Belize Collection","robots":{"index":"index","follow":"follow","max-snippet":"max-snippet:-1","max-image-preview":"max-image-preview:large","max-video-preview":"max-video-preview:-1"},"canonical":"https:\/\/thebelizecollection.com\/de\/weihnachtsmarkt\/","og_locale":"de_DE","og_type":"article","og_title":"Weihnachtsmarkt - The Belize Collection","og_description":"Weihnachtsmarkt Entdecken Sie etwas Besonderes auf dem Humo Deck im The Banks. Besuchen Sie unseren einzigartigen Jungle-Pop-up-Shop mit lokalen Kunsthandwerkern, handgefertigten Sch\u00e4tzen und Boutique-Fundst\u00fccken. Genie\u00dfen Sie k\u00f6stliches Essen, trinken Sie Ihre Lieblingsgetr\u00e4nke und entspannen Sie bei Live-Musik, w\u00e4hrend Sie durch den Bereich schlendern. Veranstaltungsort: The Deck at Humo Unterhaltung: Live-Musik Datum: 13. Dezember 2025 Uhrzeit: [&hellip;]","og_url":"https:\/\/thebelizecollection.com\/de\/weihnachtsmarkt\/","og_site_name":"The Belize Collection","article_modified_time":"2026-05-11T16:18:43+00:00","og_image":[{"width":2048,"height":1365,"url":"https:\/\/thebelizecollection.com\/wp-content\/uploads\/2025\/11\/TBR-Pop-Up-IG-Feed-1080-x-1350-2.png","type":"image\/png"}],"twitter_card":"summary_large_image","schema":{"@context":"https:\/\/schema.org","@graph":[{"@type":"WebPage","@id":"https:\/\/thebelizecollection.com\/de\/weihnachtsmarkt\/","url":"https:\/\/thebelizecollection.com\/de\/weihnachtsmarkt\/","name":"Weihnachtsmarkt - The Belize Collection","isPartOf":{"@id":"https:\/\/thebelizecollection.com\/de\/#website"},"primaryImageOfPage":{"@id":"https:\/\/thebelizecollection.com\/de\/weihnachtsmarkt\/#primaryimage"},"image":{"@id":"https:\/\/thebelizecollection.com\/de\/weihnachtsmarkt\/#primaryimage"},"thumbnailUrl":"https:\/\/thebelizecollection.com\/wp-content\/uploads\/2025\/11\/TBR-Pop-Up-IG-Feed-1080-x-1350-2.png","datePublished":"2025-11-28T22:42:01+00:00","dateModified":"2026-05-11T16:18:43+00:00","breadcrumb":{"@id":"https:\/\/thebelizecollection.com\/de\/weihnachtsmarkt\/#breadcrumb"},"inLanguage":"de","potentialAction":[{"@type":"ReadAction","target":["https:\/\/thebelizecollection.com\/de\/weihnachtsmarkt\/"]}]},{"@type":"ImageObject","inLanguage":"de","@id":"https:\/\/thebelizecollection.com\/de\/weihnachtsmarkt\/#primaryimage","url":"https:\/\/thebelizecollection.com\/wp-content\/uploads\/2025\/11\/TBR-Pop-Up-IG-Feed-1080-x-1350-2.png","contentUrl":"https:\/\/thebelizecollection.com\/wp-content\/uploads\/2025\/11\/TBR-Pop-Up-IG-Feed-1080-x-1350-2.png","width":2048,"height":1365},{"@type":"BreadcrumbList","@id":"https:\/\/thebelizecollection.com\/de\/weihnachtsmarkt\/#breadcrumb","itemListElement":[{"@type":"ListItem","position":1,"name":"Home","item":"https:\/\/thebelizecollection.com\/de\/"},{"@type":"ListItem","position":2,"name":"Weihnachtsmarkt"}]},{"@type":"WebSite","@id":"https:\/\/thebelizecollection.com\/de\/#website","url":"https:\/\/thebelizecollection.com\/de\/","name":"The Belize Collection","description":"Everything Belize","potentialAction":[{"@type":"SearchAction","target":{"@type":"EntryPoint","urlTemplate":"https:\/\/thebelizecollection.com\/de\/?s={search_term_string}"},"query-input":{"@type":"PropertyValueSpecification","valueRequired":true,"valueName":"search_term_string"}}],"inLanguage":"de"}]}},"jetpack_sharing_enabled":true,"_links":{"self":[{"href":"https:\/\/thebelizecollection.com\/de\/wp-json\/wp\/v2\/pages\/77660","targetHints":{"allow":["GET"]}}],"collection":[{"href":"https:\/\/thebelizecollection.com\/de\/wp-json\/wp\/v2\/pages"}],"about":[{"href":"https:\/\/thebelizecollection.com\/de\/wp-json\/wp\/v2\/types\/page"}],"author":[{"embeddable":true,"href":"https:\/\/thebelizecollection.com\/de\/wp-json\/wp\/v2\/users\/4"}],"replies":[{"embeddable":true,"href":"https:\/\/thebelizecollection.com\/de\/wp-json\/wp\/v2\/comments?post=77660"}],"version-history":[{"count":1,"href":"https:\/\/thebelizecollection.com\/de\/wp-json\/wp\/v2\/pages\/77660\/revisions"}],"predecessor-version":[{"id":77665,"href":"https:\/\/thebelizecollection.com\/de\/wp-json\/wp\/v2\/pages\/77660\/revisions\/77665"}],"wp:featuredmedia":[{"embeddable":true,"href":"https:\/\/thebelizecollection.com\/de\/wp-json\/wp\/v2\/media\/77661"}],"wp:attachment":[{"href":"https:\/\/thebelizecollection.com\/de\/wp-json\/wp\/v2\/media?parent=77660"}],"wp:term":[{"taxonomy":"category","embeddable":true,"href":"https:\/\/thebelizecollection.com\/de\/wp-json\/wp\/v2\/categories?post=77660"},{"taxonomy":"post_tag","embeddable":true,"href":"https:\/\/thebelizecollection.com\/de\/wp-json\/wp\/v2\/tags?post=77660"}],"curies":[{"name":"wp","href":"https:\/\/api.w.org\/{rel}","templated":true}]}}