{"id":77666,"date":"2025-11-30T12:36:36","date_gmt":"2025-11-30T18:36:36","guid":{"rendered":"https:\/\/thebelizecollection.com\/achtsamkeit-im-regenwald\/"},"modified":"2026-05-11T10:18:43","modified_gmt":"2026-05-11T16:18:43","slug":"achtsamkeit-im-regenwald","status":"publish","type":"page","link":"https:\/\/thebelizecollection.com\/de\/achtsamkeit-im-regenwald\/","title":{"rendered":"Achtsamkeit im Regenwald"},"content":{"rendered":"\t\t<div data-elementor-type=\"wp-page\" data-elementor-id=\"77666\" class=\"elementor elementor-77666 elementor-65022\" data-elementor-post-type=\"page\">\n\t\t\t\t<div class=\"elementor-element elementor-element-bf3986e e-con-full e-flex e-con e-parent\" data-id=\"bf3986e\" data-element_type=\"container\" data-e-type=\"container\" data-settings=\"{&quot;background_background&quot;:&quot;classic&quot;}\">\n\t\t\t\t<div class=\"elementor-element elementor-element-8762e47 elementor-widget elementor-widget-heading\" data-id=\"8762e47\" data-element_type=\"widget\" data-e-type=\"widget\" data-widget_type=\"heading.default\">\n\t\t\t\t<div class=\"elementor-widget-container\">\n\t\t\t\t\t<h1 class=\"elementor-heading-title elementor-size-default\">Achtsamkeit im Regenwald<\/h1>\t\t\t\t<\/div>\n\t\t\t\t<\/div>\n\t\t\t\t<\/div>\n\t\t<div class=\"elementor-element elementor-element-5bf7a92 e-flex e-con-boxed e-con e-parent\" data-id=\"5bf7a92\" data-element_type=\"container\" data-e-type=\"container\">\n\t\t\t\t\t<div class=\"e-con-inner\">\n\t\t\t\t<div class=\"elementor-element elementor-element-944d698 elementor-widget elementor-widget-spacer\" data-id=\"944d698\" data-element_type=\"widget\" data-e-type=\"widget\" data-widget_type=\"spacer.default\">\n\t\t\t\t<div class=\"elementor-widget-container\">\n\t\t\t\t\t\t\t<div class=\"elementor-spacer\">\n\t\t\t<div class=\"elementor-spacer-inner\"><\/div>\n\t\t<\/div>\n\t\t\t\t\t\t<\/div>\n\t\t\t\t<\/div>\n\t\t\t\t\t<\/div>\n\t\t\t\t<\/div>\n\t\t<div class=\"elementor-element elementor-element-39c5137 e-flex e-con-boxed e-con e-parent\" data-id=\"39c5137\" data-element_type=\"container\" data-e-type=\"container\">\n\t\t\t\t\t<div class=\"e-con-inner\">\n\t\t<div class=\"elementor-element elementor-element-ee3712f e-con-full e-flex e-con e-child\" data-id=\"ee3712f\" data-element_type=\"container\" data-e-type=\"container\">\n\t\t\t\t<div class=\"elementor-element elementor-element-ebd4ba7 elementor-widget elementor-widget-heading\" data-id=\"ebd4ba7\" data-element_type=\"widget\" data-e-type=\"widget\" data-widget_type=\"heading.default\">\n\t\t\t\t<div class=\"elementor-widget-container\">\n\t\t\t\t\t<h1 class=\"elementor-heading-title elementor-size-default\">Achtsamkeit im Regenwald<\/h1>\t\t\t\t<\/div>\n\t\t\t\t<\/div>\n\t\t\t\t<div class=\"elementor-element elementor-element-f0adf3e elementor-widget elementor-widget-text-editor\" data-id=\"f0adf3e\" data-element_type=\"widget\" data-e-type=\"widget\" data-widget_type=\"text-editor.default\">\n\t\t\t\t<div class=\"elementor-widget-container\">\n\t\t\t\t\t\t\t\t\t<div class=\"elementor-element elementor-element-3fd73d8 elementor-widget elementor-widget-text-editor\" data-id=\"3fd73d8\" data-element_type=\"widget\" data-widget_type=\"text-editor.default\"><div class=\"elementor-widget-container\"><div class=\"elementor-element elementor-element-5853513 elementor-widget elementor-widget-text-editor\" data-id=\"5853513\" data-element_type=\"widget\" data-widget_type=\"text-editor.default\"><div class=\"elementor-widget-container\"><div class=\"elementor-element elementor-element-5853513 elementor-widget elementor-widget-text-editor\" data-id=\"5853513\" data-element_type=\"widget\" data-widget_type=\"text-editor.default\"><div class=\"elementor-widget-container\"><div class=\"elementor-element elementor-element-3fd73d8 elementor-widget elementor-widget-text-editor\" data-id=\"3fd73d8\" data-element_type=\"widget\" data-widget_type=\"text-editor.default\"><div class=\"elementor-widget-container\"><div class=\"elementor-element elementor-element-5853513 elementor-widget elementor-widget-text-editor\" data-id=\"5853513\" data-element_type=\"widget\" data-widget_type=\"text-editor.default\"><div class=\"elementor-widget-container\"><div class=\"elementor-element elementor-element-5853513 elementor-widget elementor-widget-text-editor\" data-id=\"5853513\" data-element_type=\"widget\" data-widget_type=\"text-editor.default\"><div class=\"elementor-widget-container\"><div class=\"elementor-element elementor-element-3fd73d8 elementor-widget elementor-widget-text-editor\" data-id=\"3fd73d8\" data-element_type=\"widget\" data-widget_type=\"text-editor.default\"><div class=\"elementor-widget-container\"><div class=\"elementor-element elementor-element-3fd73d8 elementor-widget elementor-widget-text-editor\" data-id=\"3fd73d8\" data-element_type=\"widget\" data-widget_type=\"text-editor.default\"><div class=\"elementor-widget-container\"><div class=\"elementor-element elementor-element-3fd73d8 elementor-widget elementor-widget-text-editor\" data-id=\"3fd73d8\" data-element_type=\"widget\" data-widget_type=\"text-editor.default\"><div class=\"elementor-widget-container\"><div class=\"elementor-element elementor-element-3fd73d8 elementor-widget elementor-widget-text-editor\" data-id=\"3fd73d8\" data-element_type=\"widget\" data-widget_type=\"text-editor.default\"><div class=\"elementor-widget-container\"><div class=\"elementor-element elementor-element-3fd73d8 elementor-widget elementor-widget-text-editor\" data-id=\"3fd73d8\" data-element_type=\"widget\" data-widget_type=\"text-editor.default\"><div class=\"elementor-widget-container\"><div class=\"elementor-element elementor-element-5853513 elementor-widget elementor-widget-text-editor\" data-id=\"5853513\" data-element_type=\"widget\" data-widget_type=\"text-editor.default\"><div class=\"elementor-widget-container\"><div class=\"elementor-element elementor-element-5853513 elementor-widget elementor-widget-text-editor\" data-id=\"5853513\" data-element_type=\"widget\" data-widget_type=\"text-editor.default\"><div class=\"elementor-widget-container\"><div class=\"elementor-element elementor-element-3fd73d8 elementor-widget elementor-widget-text-editor\" data-id=\"3fd73d8\" data-element_type=\"widget\" data-widget_type=\"text-editor.default\"><div class=\"elementor-widget-container\"><div class=\"elementor-element elementor-element-5853513 elementor-widget elementor-widget-text-editor\" data-id=\"5853513\" data-element_type=\"widget\" data-widget_type=\"text-editor.default\"><div class=\"elementor-widget-container\"><div class=\"elementor-element elementor-element-5853513 elementor-widget elementor-widget-text-editor\" data-id=\"5853513\" data-element_type=\"widget\" data-widget_type=\"text-editor.default\"><div class=\"elementor-widget-container\"><div class=\"elementor-element elementor-element-3fd73d8 elementor-widget elementor-widget-text-editor\" data-id=\"3fd73d8\" data-element_type=\"widget\" data-widget_type=\"text-editor.default\"><div class=\"elementor-widget-container\"><div class=\"elementor-element elementor-element-3fd73d8 elementor-widget elementor-widget-text-editor\" data-id=\"3fd73d8\" data-element_type=\"widget\" data-widget_type=\"text-editor.default\"><div class=\"elementor-widget-container\"><p>Begleiten Sie uns zu einem zweist\u00fcndigen Achtsamkeitserlebnis auf unserem abgelegenen Yoga-Deck, eingebettet in den \u00fcppigen Regenwald. Ein friedlicher Ort, um durchzuatmen, sich neu zu verbinden und ganz im Hier und Jetzt zu sein. <\/p><p>Unter der Leitung von Jane Mackler, einer zertifizierten Achtsamkeitstrainerin, umfasst diese immersive Sitzung achtsames Dehnen, Gehen und Essen sowie gef\u00fchrte Visualisierungsmeditationen. Sie werden zudem praktische Achtsamkeitswerkzeuge mit nach Hause nehmen, die Ihnen helfen, auch lange nach Ihrer Zeit im Regenwald mit mehr Ruhe, Bewusstsein und Gelassenheit zu leben. <\/p><\/div><\/div><\/div><\/div><\/div><\/div><\/div><\/div><\/div><\/div><\/div><\/div><\/div><\/div><\/div><\/div><\/div><\/div><\/div><\/div><\/div><\/div><\/div><\/div><\/div><\/div><\/div><\/div><\/div><\/div><\/div><\/div><\/div><\/div><\/div><\/div>\t\t\t\t\t\t\t\t<\/div>\n\t\t\t\t<\/div>\n\t\t\t\t<div class=\"elementor-element elementor-element-f2a4709 elementor-widget elementor-widget-text-editor\" data-id=\"f2a4709\" data-element_type=\"widget\" data-e-type=\"widget\" data-widget_type=\"text-editor.default\">\n\t\t\t\t<div class=\"elementor-widget-container\">\n\t\t\t\t\t\t\t\t\t<p>Preis: 50 USD zzgl. Steuern<\/p><p>Ort: Yoga-Deck im Sleeping Giant<\/p><p>Datum: 4. Januar 2025<\/p><p>Zeit: 10:00 \u2013 12:00 Uhr<\/p>\t\t\t\t\t\t\t\t<\/div>\n\t\t\t\t<\/div>\n\t\t\t\t<div class=\"elementor-element elementor-element-827be1d elementor-widget elementor-widget-heading\" data-id=\"827be1d\" data-element_type=\"widget\" data-e-type=\"widget\" data-widget_type=\"heading.default\">\n\t\t\t\t<div class=\"elementor-widget-container\">\n\t\t\t\t\t<h1 class=\"elementor-heading-title elementor-size-default\">Inklusive<\/h1>\t\t\t\t<\/div>\n\t\t\t\t<\/div>\n\t\t<div class=\"elementor-element elementor-element-2b93635 e-grid e-con-full e-con e-child\" data-id=\"2b93635\" data-element_type=\"container\" data-e-type=\"container\">\n\t\t\t\t<div class=\"elementor-element elementor-element-2a0a2f5 elementor-widget elementor-widget-text-editor\" data-id=\"2a0a2f5\" data-element_type=\"widget\" data-e-type=\"widget\" data-widget_type=\"text-editor.default\">\n\t\t\t\t<div class=\"elementor-widget-container\">\n\t\t\t\t\t\t\t\t\t<ul><li>Achtsamkeits-Workshop<\/li><li>Wasser &#038; Tee<\/li><li>Obst &#038; Snacks<\/li><li>Yoga-Matte<\/li><\/ul>\t\t\t\t\t\t\t\t<\/div>\n\t\t\t\t<\/div>\n\t\t\t\t<\/div>\n\t\t\t\t<div class=\"elementor-element elementor-element-4086e63 elementor-mobile-align-center elementor-widget elementor-widget-button\" data-id=\"4086e63\" data-element_type=\"widget\" data-e-type=\"widget\" data-widget_type=\"button.default\">\n\t\t\t\t<div class=\"elementor-widget-container\">\n\t\t\t\t\t\t\t\t\t<div class=\"elementor-button-wrapper\">\n\t\t\t\t\t<a class=\"elementor-button elementor-button-link elementor-size-sm\" href=\"tel:+501%20615-2167\">\n\t\t\t\t\t\t<span class=\"elementor-button-content-wrapper\">\n\t\t\t\t\t\t\t\t\t<span class=\"elementor-button-text\">Hier klicken, um zuzusagen<\/span>\n\t\t\t\t\t<\/span>\n\t\t\t\t\t<\/a>\n\t\t\t\t<\/div>\n\t\t\t\t\t\t\t\t<\/div>\n\t\t\t\t<\/div>\n\t\t\t\t<\/div>\n\t\t<div class=\"elementor-element elementor-element-05a2c3d e-con-full elementor-hidden-mobile e-flex e-con e-child\" data-id=\"05a2c3d\" data-element_type=\"container\" data-e-type=\"container\" data-settings=\"{&quot;background_background&quot;:&quot;classic&quot;}\">\n\t\t\t\t<\/div>\n\t\t\t\t\t<\/div>\n\t\t\t\t<\/div>\n\t\t<div class=\"elementor-element elementor-element-97d46d5 e-flex e-con-boxed e-con e-parent\" data-id=\"97d46d5\" data-element_type=\"container\" data-e-type=\"container\">\n\t\t\t\t\t<div class=\"e-con-inner\">\n\t\t\t\t<div class=\"elementor-element elementor-element-d00493b elementor-widget elementor-widget-spacer\" data-id=\"d00493b\" data-element_type=\"widget\" data-e-type=\"widget\" data-widget_type=\"spacer.default\">\n\t\t\t\t<div class=\"elementor-widget-container\">\n\t\t\t\t\t\t\t<div class=\"elementor-spacer\">\n\t\t\t<div class=\"elementor-spacer-inner\"><\/div>\n\t\t<\/div>\n\t\t\t\t\t\t<\/div>\n\t\t\t\t<\/div>\n\t\t\t\t<div class=\"elementor-element elementor-element-6d4e40b elementor-widget elementor-widget-heading\" data-id=\"6d4e40b\" data-element_type=\"widget\" data-e-type=\"widget\" data-widget_type=\"heading.default\">\n\t\t\t\t<div class=\"elementor-widget-container\">\n\t\t\t\t\t<h1 class=\"elementor-heading-title elementor-size-default\">Achtsamkeits-Agenda<\/h1>\t\t\t\t<\/div>\n\t\t\t\t<\/div>\n\t\t\t\t<div class=\"elementor-element elementor-element-8e89755 elementor-widget elementor-widget-text-editor\" data-id=\"8e89755\" data-element_type=\"widget\" data-e-type=\"widget\" data-widget_type=\"text-editor.default\">\n\t\t\t\t<div class=\"elementor-widget-container\">\n\t\t\t\t\t\t\t\t\t<table style=\"border-collapse: collapse; width: 100%;\">\n  <thead>\n    <tr style=\"background-color: #a8506e; color: white;\">\n      <th style=\"padding: 8px; text-align: left;\">Zeit<\/th>\n      <th style=\"padding: 8px; text-align: left;\">Aktivit\u00e4t<\/th>\n    <\/tr>\n  <\/thead>\n  <tbody>\n    <tr>\n      <td>09:45 Uhr<\/td>\n      <td>Abholung mit dem Van an der Rezeption des Sleeping Giant f\u00fcr die Fahrt zum Yoga-Deck<\/td>\n    <\/tr>\n    <tr>\n      <td>10:00 Uhr \u2013 11:00 Uhr<\/td>\n      <td>Ankunft &#038; Begr\u00fc\u00dfung \u2014 Er\u00f6ffnungskreis, Erdungsmeditation, achtsames Dehnen \/ sanftes Yoga<\/td>\n    <\/tr>\n    <tr>\n      <td>11:00 Uhr \u2013 11:20 Uhr<\/td>\n      <td>Achtsames Naturwandern \u2014 5-Sinne-Aktivit\u00e4t<\/td>\n    <\/tr>\n    <tr>\n      <td>11:20 Uhr \u2013 11:40 Uhr<\/td>\n      <td>Achtsames Essen &#038; informelle Achtsamkeitstipps<\/td>\n    <\/tr>\n    <tr>\n      <td>11:40 Uhr \u2013 12:00 Uhr<\/td>\n      <td>Abschlussmeditation<\/td>\n    <\/tr>\n    <tr>\n      <td>12:00 Uhr<\/td>\n      <td>Abreise<\/td>\n    <\/tr>\n  <\/tbody>\n<\/table>\n\t\t\t\t\t\t\t\t<\/div>\n\t\t\t\t<\/div>\n\t\t\t\t\t<\/div>\n\t\t\t\t<\/div>\n\t\t<div class=\"elementor-element elementor-element-3f59f43 e-flex e-con-boxed e-con e-parent\" data-id=\"3f59f43\" data-element_type=\"container\" data-e-type=\"container\">\n\t\t\t\t\t<div class=\"e-con-inner\">\n\t\t\t\t<div class=\"elementor-element elementor-element-543fd6d elementor-widget elementor-widget-spacer\" data-id=\"543fd6d\" data-element_type=\"widget\" data-e-type=\"widget\" data-widget_type=\"spacer.default\">\n\t\t\t\t<div class=\"elementor-widget-container\">\n\t\t\t\t\t\t\t<div class=\"elementor-spacer\">\n\t\t\t<div class=\"elementor-spacer-inner\"><\/div>\n\t\t<\/div>\n\t\t\t\t\t\t<\/div>\n\t\t\t\t<\/div>\n\t\t\t\t\t<\/div>\n\t\t\t\t<\/div>\n\t\t<div class=\"elementor-element elementor-element-a91f26b e-flex e-con-boxed e-con e-parent\" data-id=\"a91f26b\" data-element_type=\"container\" data-e-type=\"container\">\n\t\t\t\t\t<div class=\"e-con-inner\">\n\t\t<div class=\"elementor-element elementor-element-1d9fccb e-con-full e-flex e-con e-child\" data-id=\"1d9fccb\" data-element_type=\"container\" data-e-type=\"container\" data-settings=\"{&quot;background_background&quot;:&quot;classic&quot;}\">\n\t\t\t\t<div class=\"elementor-element elementor-element-57fd3ea elementor-widget elementor-widget-spacer\" data-id=\"57fd3ea\" data-element_type=\"widget\" data-e-type=\"widget\" data-widget_type=\"spacer.default\">\n\t\t\t\t<div class=\"elementor-widget-container\">\n\t\t\t\t\t\t\t<div class=\"elementor-spacer\">\n\t\t\t<div class=\"elementor-spacer-inner\"><\/div>\n\t\t<\/div>\n\t\t\t\t\t\t<\/div>\n\t\t\t\t<\/div>\n\t\t\t\t<\/div>\n\t\t<div class=\"elementor-element elementor-element-1f373b5 e-con-full e-flex e-con e-child\" data-id=\"1f373b5\" data-element_type=\"container\" data-e-type=\"container\">\n\t\t\t\t<div class=\"elementor-element elementor-element-8aad77c elementor-widget elementor-widget-heading\" data-id=\"8aad77c\" data-element_type=\"widget\" data-e-type=\"widget\" data-widget_type=\"heading.default\">\n\t\t\t\t<div class=\"elementor-widget-container\">\n\t\t\t\t\t<h1 class=\"elementor-heading-title elementor-size-default\">\u00dcber Jane Mackler<\/h1>\t\t\t\t<\/div>\n\t\t\t\t<\/div>\n\t\t\t\t<div class=\"elementor-element elementor-element-16adc28 elementor-widget elementor-widget-text-editor\" data-id=\"16adc28\" data-element_type=\"widget\" data-e-type=\"widget\" data-widget_type=\"text-editor.default\">\n\t\t\t\t<div class=\"elementor-widget-container\">\n\t\t\t\t\t\t\t\t\t<p>Lernen Sie Jane Mackler kennen, eine zertifizierte Achtsamkeitstrainerin mit einem B.Sc. in Psychologie der Tufts University. Mit jahrelanger Erfahrung in den USA, Belize und Mexiko erweckt Jane Achtsamkeit auf eine Weise zum Leben, die sowohl beruhigend als auch inspirierend wirkt. Sie war als Behavioral Health Coach bei Calm t\u00e4tig, erstellt beruhigende gef\u00fchrte Visualisierungen f\u00fcr Aura Meditation &#038; Sleep und gr\u00fcndete das Contemplative Education Center an der Universit\u00e4t von Quintana Roo. Zudem entwickelte Jane \u201eBelize Pathways to Wellbeing\u201c, um Menschen dabei zu helfen, sich geerdeter, entspannter und zentrierter zu f\u00fchlen.    <\/p><p>Entdecken Sie mehr unter: <a href=\"https:\/\/www.janespathways.com\/\">janespathways.com<\/a><\/p>\t\t\t\t\t\t\t\t<\/div>\n\t\t\t\t<\/div>\n\t\t\t\t<\/div>\n\t\t\t\t\t<\/div>\n\t\t\t\t<\/div>\n\t\t<div class=\"elementor-element elementor-element-7f74e92 e-flex e-con-boxed e-con e-parent\" data-id=\"7f74e92\" data-element_type=\"container\" data-e-type=\"container\">\n\t\t\t\t\t<div class=\"e-con-inner\">\n\t\t\t\t<div class=\"elementor-element elementor-element-d0ad691 elementor-widget elementor-widget-spacer\" data-id=\"d0ad691\" data-element_type=\"widget\" data-e-type=\"widget\" data-widget_type=\"spacer.default\">\n\t\t\t\t<div class=\"elementor-widget-container\">\n\t\t\t\t\t\t\t<div class=\"elementor-spacer\">\n\t\t\t<div class=\"elementor-spacer-inner\"><\/div>\n\t\t<\/div>\n\t\t\t\t\t\t<\/div>\n\t\t\t\t<\/div>\n\t\t\t\t\t<\/div>\n\t\t\t\t<\/div>\n\t\t\t\t<\/div>\n\t\t","protected":false},"excerpt":{"rendered":"<p>Achtsamkeit im Regenwald Achtsamkeit im Regenwald Begleiten Sie uns zu einem zweist\u00fcndigen Achtsamkeitserlebnis auf unserem abgelegenen Yoga-Deck, eingebettet in den \u00fcppigen Regenwald. Ein friedlicher Ort, um durchzuatmen, sich neu zu verbinden und ganz im Hier und Jetzt zu sein. Unter der Leitung von Jane Mackler, einer zertifizierten Achtsamkeitstrainerin, umfasst diese immersive Sitzung achtsames Dehnen, Gehen [&hellip;]<\/p>\n","protected":false},"author":4,"featured_media":77682,"parent":0,"menu_order":0,"comment_status":"closed","ping_status":"closed","template":"page-full-width.php","meta":{"_acf_changed":false,"_vp_format_video_url":"","_vp_image_focal_point":[],"footnotes":""},"categories":[198],"tags":[],"class_list":["post-77666","page","type-page","status-publish","has-post-thumbnail","hentry","category-tbc-treffen"],"acf":[],"yoast_head":"<!-- This site is optimized with the Yoast SEO plugin v27.6 - https:\/\/yoast.com\/product\/yoast-seo-wordpress\/ -->\n<title>Achtsamkeit im Regenwald - The Belize Collection<\/title>\n<meta name=\"robots\" content=\"index, follow, max-snippet:-1, max-image-preview:large, max-video-preview:-1\" \/>\n<link rel=\"canonical\" href=\"https:\/\/thebelizecollection.com\/de\/achtsamkeit-im-regenwald\/\" \/>\n<meta property=\"og:locale\" content=\"de_DE\" \/>\n<meta property=\"og:type\" content=\"article\" \/>\n<meta property=\"og:title\" content=\"Achtsamkeit im Regenwald - The Belize Collection\" \/>\n<meta property=\"og:description\" content=\"Achtsamkeit im Regenwald Achtsamkeit im Regenwald Begleiten Sie uns zu einem zweist\u00fcndigen Achtsamkeitserlebnis auf unserem abgelegenen Yoga-Deck, eingebettet in den \u00fcppigen Regenwald. Ein friedlicher Ort, um durchzuatmen, sich neu zu verbinden und ganz im Hier und Jetzt zu sein. Unter der Leitung von Jane Mackler, einer zertifizierten Achtsamkeitstrainerin, umfasst diese immersive Sitzung achtsames Dehnen, Gehen [&hellip;]\" \/>\n<meta property=\"og:url\" content=\"https:\/\/thebelizecollection.com\/de\/achtsamkeit-im-regenwald\/\" \/>\n<meta property=\"og:site_name\" content=\"The Belize Collection\" \/>\n<meta property=\"article:modified_time\" content=\"2026-05-11T16:18:43+00:00\" \/>\n<meta property=\"og:image\" content=\"https:\/\/thebelizecollection.com\/wp-content\/uploads\/2025\/12\/FB-post-ad-1.png\" \/>\n\t<meta property=\"og:image:width\" content=\"2048\" \/>\n\t<meta property=\"og:image:height\" content=\"1365\" \/>\n\t<meta property=\"og:image:type\" content=\"image\/png\" \/>\n<meta name=\"twitter:card\" content=\"summary_large_image\" \/>\n<meta name=\"twitter:label1\" content=\"Gesch\u00e4tzte Lesezeit\" \/>\n\t<meta name=\"twitter:data1\" content=\"1\u00a0Minute\" \/>\n<script type=\"application\/ld+json\" class=\"yoast-schema-graph\">{\"@context\":\"https:\\\/\\\/schema.org\",\"@graph\":[{\"@type\":\"WebPage\",\"@id\":\"https:\\\/\\\/thebelizecollection.com\\\/de\\\/achtsamkeit-im-regenwald\\\/\",\"url\":\"https:\\\/\\\/thebelizecollection.com\\\/de\\\/achtsamkeit-im-regenwald\\\/\",\"name\":\"Achtsamkeit im Regenwald - The Belize Collection\",\"isPartOf\":{\"@id\":\"https:\\\/\\\/thebelizecollection.com\\\/de\\\/#website\"},\"primaryImageOfPage\":{\"@id\":\"https:\\\/\\\/thebelizecollection.com\\\/de\\\/achtsamkeit-im-regenwald\\\/#primaryimage\"},\"image\":{\"@id\":\"https:\\\/\\\/thebelizecollection.com\\\/de\\\/achtsamkeit-im-regenwald\\\/#primaryimage\"},\"thumbnailUrl\":\"https:\\\/\\\/thebelizecollection.com\\\/wp-content\\\/uploads\\\/2025\\\/12\\\/FB-post-ad-1.png\",\"datePublished\":\"2025-11-30T18:36:36+00:00\",\"dateModified\":\"2026-05-11T16:18:43+00:00\",\"breadcrumb\":{\"@id\":\"https:\\\/\\\/thebelizecollection.com\\\/de\\\/achtsamkeit-im-regenwald\\\/#breadcrumb\"},\"inLanguage\":\"de\",\"potentialAction\":[{\"@type\":\"ReadAction\",\"target\":[\"https:\\\/\\\/thebelizecollection.com\\\/de\\\/achtsamkeit-im-regenwald\\\/\"]}]},{\"@type\":\"ImageObject\",\"inLanguage\":\"de\",\"@id\":\"https:\\\/\\\/thebelizecollection.com\\\/de\\\/achtsamkeit-im-regenwald\\\/#primaryimage\",\"url\":\"https:\\\/\\\/thebelizecollection.com\\\/wp-content\\\/uploads\\\/2025\\\/12\\\/FB-post-ad-1.png\",\"contentUrl\":\"https:\\\/\\\/thebelizecollection.com\\\/wp-content\\\/uploads\\\/2025\\\/12\\\/FB-post-ad-1.png\",\"width\":2048,\"height\":1365},{\"@type\":\"BreadcrumbList\",\"@id\":\"https:\\\/\\\/thebelizecollection.com\\\/de\\\/achtsamkeit-im-regenwald\\\/#breadcrumb\",\"itemListElement\":[{\"@type\":\"ListItem\",\"position\":1,\"name\":\"Home\",\"item\":\"https:\\\/\\\/thebelizecollection.com\\\/de\\\/\"},{\"@type\":\"ListItem\",\"position\":2,\"name\":\"Achtsamkeit im Regenwald\"}]},{\"@type\":\"WebSite\",\"@id\":\"https:\\\/\\\/thebelizecollection.com\\\/de\\\/#website\",\"url\":\"https:\\\/\\\/thebelizecollection.com\\\/de\\\/\",\"name\":\"The Belize Collection\",\"description\":\"Everything Belize\",\"potentialAction\":[{\"@type\":\"SearchAction\",\"target\":{\"@type\":\"EntryPoint\",\"urlTemplate\":\"https:\\\/\\\/thebelizecollection.com\\\/de\\\/?s={search_term_string}\"},\"query-input\":{\"@type\":\"PropertyValueSpecification\",\"valueRequired\":true,\"valueName\":\"search_term_string\"}}],\"inLanguage\":\"de\"}]}<\/script>\n<!-- \/ Yoast SEO plugin. -->","yoast_head_json":{"title":"Achtsamkeit im Regenwald - The Belize Collection","robots":{"index":"index","follow":"follow","max-snippet":"max-snippet:-1","max-image-preview":"max-image-preview:large","max-video-preview":"max-video-preview:-1"},"canonical":"https:\/\/thebelizecollection.com\/de\/achtsamkeit-im-regenwald\/","og_locale":"de_DE","og_type":"article","og_title":"Achtsamkeit im Regenwald - The Belize Collection","og_description":"Achtsamkeit im Regenwald Achtsamkeit im Regenwald Begleiten Sie uns zu einem zweist\u00fcndigen Achtsamkeitserlebnis auf unserem abgelegenen Yoga-Deck, eingebettet in den \u00fcppigen Regenwald. Ein friedlicher Ort, um durchzuatmen, sich neu zu verbinden und ganz im Hier und Jetzt zu sein. Unter der Leitung von Jane Mackler, einer zertifizierten Achtsamkeitstrainerin, umfasst diese immersive Sitzung achtsames Dehnen, Gehen [&hellip;]","og_url":"https:\/\/thebelizecollection.com\/de\/achtsamkeit-im-regenwald\/","og_site_name":"The Belize Collection","article_modified_time":"2026-05-11T16:18:43+00:00","og_image":[{"width":2048,"height":1365,"url":"https:\/\/thebelizecollection.com\/wp-content\/uploads\/2025\/12\/FB-post-ad-1.png","type":"image\/png"}],"twitter_card":"summary_large_image","twitter_misc":{"Gesch\u00e4tzte Lesezeit":"1\u00a0Minute"},"schema":{"@context":"https:\/\/schema.org","@graph":[{"@type":"WebPage","@id":"https:\/\/thebelizecollection.com\/de\/achtsamkeit-im-regenwald\/","url":"https:\/\/thebelizecollection.com\/de\/achtsamkeit-im-regenwald\/","name":"Achtsamkeit im Regenwald - The Belize Collection","isPartOf":{"@id":"https:\/\/thebelizecollection.com\/de\/#website"},"primaryImageOfPage":{"@id":"https:\/\/thebelizecollection.com\/de\/achtsamkeit-im-regenwald\/#primaryimage"},"image":{"@id":"https:\/\/thebelizecollection.com\/de\/achtsamkeit-im-regenwald\/#primaryimage"},"thumbnailUrl":"https:\/\/thebelizecollection.com\/wp-content\/uploads\/2025\/12\/FB-post-ad-1.png","datePublished":"2025-11-30T18:36:36+00:00","dateModified":"2026-05-11T16:18:43+00:00","breadcrumb":{"@id":"https:\/\/thebelizecollection.com\/de\/achtsamkeit-im-regenwald\/#breadcrumb"},"inLanguage":"de","potentialAction":[{"@type":"ReadAction","target":["https:\/\/thebelizecollection.com\/de\/achtsamkeit-im-regenwald\/"]}]},{"@type":"ImageObject","inLanguage":"de","@id":"https:\/\/thebelizecollection.com\/de\/achtsamkeit-im-regenwald\/#primaryimage","url":"https:\/\/thebelizecollection.com\/wp-content\/uploads\/2025\/12\/FB-post-ad-1.png","contentUrl":"https:\/\/thebelizecollection.com\/wp-content\/uploads\/2025\/12\/FB-post-ad-1.png","width":2048,"height":1365},{"@type":"BreadcrumbList","@id":"https:\/\/thebelizecollection.com\/de\/achtsamkeit-im-regenwald\/#breadcrumb","itemListElement":[{"@type":"ListItem","position":1,"name":"Home","item":"https:\/\/thebelizecollection.com\/de\/"},{"@type":"ListItem","position":2,"name":"Achtsamkeit im Regenwald"}]},{"@type":"WebSite","@id":"https:\/\/thebelizecollection.com\/de\/#website","url":"https:\/\/thebelizecollection.com\/de\/","name":"The Belize Collection","description":"Everything Belize","potentialAction":[{"@type":"SearchAction","target":{"@type":"EntryPoint","urlTemplate":"https:\/\/thebelizecollection.com\/de\/?s={search_term_string}"},"query-input":{"@type":"PropertyValueSpecification","valueRequired":true,"valueName":"search_term_string"}}],"inLanguage":"de"}]}},"jetpack_sharing_enabled":true,"_links":{"self":[{"href":"https:\/\/thebelizecollection.com\/de\/wp-json\/wp\/v2\/pages\/77666","targetHints":{"allow":["GET"]}}],"collection":[{"href":"https:\/\/thebelizecollection.com\/de\/wp-json\/wp\/v2\/pages"}],"about":[{"href":"https:\/\/thebelizecollection.com\/de\/wp-json\/wp\/v2\/types\/page"}],"author":[{"embeddable":true,"href":"https:\/\/thebelizecollection.com\/de\/wp-json\/wp\/v2\/users\/4"}],"replies":[{"embeddable":true,"href":"https:\/\/thebelizecollection.com\/de\/wp-json\/wp\/v2\/comments?post=77666"}],"version-history":[{"count":1,"href":"https:\/\/thebelizecollection.com\/de\/wp-json\/wp\/v2\/pages\/77666\/revisions"}],"predecessor-version":[{"id":77683,"href":"https:\/\/thebelizecollection.com\/de\/wp-json\/wp\/v2\/pages\/77666\/revisions\/77683"}],"wp:featuredmedia":[{"embeddable":true,"href":"https:\/\/thebelizecollection.com\/de\/wp-json\/wp\/v2\/media\/77682"}],"wp:attachment":[{"href":"https:\/\/thebelizecollection.com\/de\/wp-json\/wp\/v2\/media?parent=77666"}],"wp:term":[{"taxonomy":"category","embeddable":true,"href":"https:\/\/thebelizecollection.com\/de\/wp-json\/wp\/v2\/categories?post=77666"},{"taxonomy":"post_tag","embeddable":true,"href":"https:\/\/thebelizecollection.com\/de\/wp-json\/wp\/v2\/tags?post=77666"}],"curies":[{"name":"wp","href":"https:\/\/api.w.org\/{rel}","templated":true}]}}