{"id":77788,"date":"2025-11-18T11:15:25","date_gmt":"2025-11-18T17:15:25","guid":{"rendered":"https:\/\/thebelizecollection.com\/trail-tales\/"},"modified":"2026-05-11T10:19:48","modified_gmt":"2026-05-11T16:19:48","slug":"trail-tales","status":"publish","type":"page","link":"https:\/\/thebelizecollection.com\/de\/trail-tales\/","title":{"rendered":"Trail Tales"},"content":{"rendered":"\t\t<div data-elementor-type=\"wp-page\" data-elementor-id=\"77788\" class=\"elementor elementor-77788 elementor-64898\" data-elementor-post-type=\"page\">\n\t\t\t\t<div class=\"elementor-element elementor-element-3c1b90c e-con-full e-flex e-con e-parent\" data-id=\"3c1b90c\" data-element_type=\"container\" data-e-type=\"container\" data-settings=\"{&quot;background_background&quot;:&quot;classic&quot;}\">\n\t\t\t\t<div class=\"elementor-element elementor-element-c625b24 elementor-widget elementor-widget-heading\" data-id=\"c625b24\" data-element_type=\"widget\" data-e-type=\"widget\" data-widget_type=\"heading.default\">\n\t\t\t\t<div class=\"elementor-widget-container\">\n\t\t\t\t\t<h1 class=\"elementor-heading-title elementor-size-default\">Trail Tales<\/h1>\t\t\t\t<\/div>\n\t\t\t\t<\/div>\n\t\t\t\t<\/div>\n\t\t<div class=\"elementor-element elementor-element-d14caad e-flex e-con-boxed e-con e-parent\" data-id=\"d14caad\" data-element_type=\"container\" data-e-type=\"container\">\n\t\t\t\t\t<div class=\"e-con-inner\">\n\t\t\t\t<div class=\"elementor-element elementor-element-5413837 elementor-widget elementor-widget-image\" data-id=\"5413837\" data-element_type=\"widget\" data-e-type=\"widget\" data-widget_type=\"image.default\">\n\t\t\t\t<div class=\"elementor-widget-container\">\n\t\t\t\t\t\t\t\t\t\t\t\t\t\t\t<img decoding=\"async\" width=\"100\" height=\"100\" src=\"https:\/\/thebelizecollection.com\/wp-content\/uploads\/2025\/04\/the-Belize-collection-flower-logo.png\" class=\"attachment-full size-full wp-image-14319\" alt=\"\" \/>\t\t\t\t\t\t\t\t\t\t\t\t\t\t\t<\/div>\n\t\t\t\t<\/div>\n\t\t\t\t\t<\/div>\n\t\t\t\t<\/div>\n\t\t<div class=\"elementor-element elementor-element-7f320ab e-flex e-con-boxed elementor-invisible e-con e-parent\" data-id=\"7f320ab\" data-element_type=\"container\" data-e-type=\"container\" data-settings=\"{&quot;animation&quot;:&quot;slideInLeft&quot;}\">\n\t\t\t\t\t<div class=\"e-con-inner\">\n\t\t<div class=\"elementor-element elementor-element-b03b0f2 e-grid e-con-full e-con e-child\" data-id=\"b03b0f2\" data-element_type=\"container\" data-e-type=\"container\">\n\t\t\t\t<div class=\"elementor-element elementor-element-8147749 elementor-widget elementor-widget-heading\" data-id=\"8147749\" data-element_type=\"widget\" data-e-type=\"widget\" data-widget_type=\"heading.default\">\n\t\t\t\t<div class=\"elementor-widget-container\">\n\t\t\t\t\t<h1 class=\"elementor-heading-title elementor-size-default\">\u00dcBERSICHT<\/h1>\t\t\t\t<\/div>\n\t\t\t\t<\/div>\n\t\t\t\t<div class=\"elementor-element elementor-element-02b1a26 elementor-widget-divider--view-line elementor-widget elementor-widget-divider\" data-id=\"02b1a26\" data-element_type=\"widget\" data-e-type=\"widget\" data-widget_type=\"divider.default\">\n\t\t\t\t<div class=\"elementor-widget-container\">\n\t\t\t\t\t\t\t<div class=\"elementor-divider\">\n\t\t\t<span class=\"elementor-divider-separator\">\n\t\t\t\t\t\t<\/span>\n\t\t<\/div>\n\t\t\t\t\t\t<\/div>\n\t\t\t\t<\/div>\n\t\t\t\t<\/div>\n\t\t\t\t\t<\/div>\n\t\t\t\t<\/div>\n\t\t<div class=\"elementor-element elementor-element-b7809ce e-flex e-con-boxed elementor-invisible e-con e-parent\" data-id=\"b7809ce\" data-element_type=\"container\" data-e-type=\"container\" data-settings=\"{&quot;animation&quot;:&quot;fadeInUp&quot;}\">\n\t\t\t\t\t<div class=\"e-con-inner\">\n\t\t\t\t<div class=\"elementor-element elementor-element-fb76b58 elementor-widget elementor-widget-text-editor\" data-id=\"fb76b58\" data-element_type=\"widget\" data-e-type=\"widget\" data-widget_type=\"text-editor.default\">\n\t\t\t\t<div class=\"elementor-widget-container\">\n\t\t\t\t\t\t\t\t\t<p>Bei The Belize Collection engagieren wir uns f\u00fcr den Schutz der unglaublichen Tierwelt von Belize. Trail Tales ist ein Wildtier-Monitoring-Projekt, das ein Netzwerk von Wildtierkameras nutzt, die auf dem Gel\u00e4nde der Rainforest Lodge at Sleeping Giant installiert sind, um Wildkatzen und andere schwer fassbare Wildtiere zu verfolgen und zu studieren. Durch die Beobachtung dieser Tiere in ihren nat\u00fcrlichen Lebensr\u00e4umen k\u00f6nnen wir ein tieferes Verst\u00e4ndnis f\u00fcr ihr Verhalten, ihre Bewegungen und ihre Interaktionen mit dem \u00d6kosystem gewinnen. Dies ist ein Projekt in Zusammenarbeit mit den Belize Wild Cats.   <\/p>\t\t\t\t\t\t\t\t<\/div>\n\t\t\t\t<\/div>\n\t\t\t\t<div class=\"elementor-element elementor-element-e61a395 elementor-widget elementor-widget-spacer\" data-id=\"e61a395\" data-element_type=\"widget\" data-e-type=\"widget\" data-widget_type=\"spacer.default\">\n\t\t\t\t<div class=\"elementor-widget-container\">\n\t\t\t\t\t\t\t<div class=\"elementor-spacer\">\n\t\t\t<div class=\"elementor-spacer-inner\"><\/div>\n\t\t<\/div>\n\t\t\t\t\t\t<\/div>\n\t\t\t\t<\/div>\n\t\t\t\t\t<\/div>\n\t\t\t\t<\/div>\n\t\t<div class=\"elementor-element elementor-element-49cc02a e-flex e-con-boxed e-con e-parent\" data-id=\"49cc02a\" data-element_type=\"container\" data-e-type=\"container\">\n\t\t\t\t\t<div class=\"e-con-inner\">\n\t\t<div class=\"elementor-element elementor-element-6294336 e-con-full e-flex e-con e-child\" data-id=\"6294336\" data-element_type=\"container\" data-e-type=\"container\" data-settings=\"{&quot;animation&quot;:&quot;none&quot;}\">\n\t\t\t\t<div class=\"elementor-element elementor-element-db047ce elementor-invisible elementor-widget elementor-widget-heading\" data-id=\"db047ce\" data-element_type=\"widget\" data-e-type=\"widget\" data-settings=\"{&quot;_animation&quot;:&quot;fadeInLeft&quot;}\" data-widget_type=\"heading.default\">\n\t\t\t\t<div class=\"elementor-widget-container\">\n\t\t\t\t\t<h1 class=\"elementor-heading-title elementor-size-default\">Zweck des Projekts<\/h1>\t\t\t\t<\/div>\n\t\t\t\t<\/div>\n\t\t\t\t<div class=\"elementor-element elementor-element-f8482ca elementor-invisible elementor-widget elementor-widget-text-editor\" data-id=\"f8482ca\" data-element_type=\"widget\" data-e-type=\"widget\" data-settings=\"{&quot;_animation&quot;:&quot;fadeInUp&quot;}\" data-widget_type=\"text-editor.default\">\n\t\t\t\t<div class=\"elementor-widget-container\">\n\t\t\t\t\t\t\t\t\t<p>Das Projekt wurde entwickelt, um nicht-invasive Echtzeitdaten \u00fcber die Anwesenheit, das Verhalten und die Bewegung von Wildtieren zu sammeln. Diese Informationen sind von unsch\u00e4tzbarem Wert f\u00fcr die \u00dcberwachung von Populationen, die Untersuchung \u00f6kologischer Muster, die Erkennung potenzieller Bedrohungen und die Messung der Wirksamkeit von Schutzma\u00dfnahmen. <\/p><p>Die Verfolgung von Wildtieren geht \u00fcber Kameraaufnahmen hinaus. Durch das Studium von Fu\u00dfabdr\u00fccken, Kot, Markierungen und anderen Anzeichen k\u00f6nnen wir herausfinden, wie sich Tiere bewegen, jagen und Reviere etablieren. Diese Tracking-Daten erg\u00e4nzen die Informationen der Wildtierkameras und schaffen eine umfassende Datenbank \u00fcber die Wildtiere in der Region. Zusammen st\u00e4rken diese Erkenntnisse unsere F\u00e4higkeit, kritische Lebensr\u00e4ume zu sch\u00fctzen, die Biodiversit\u00e4t zu \u00fcberwachen und die Gesundheit unserer \u00d6kosysteme zu gew\u00e4hrleisten.   <\/p>\t\t\t\t\t\t\t\t<\/div>\n\t\t\t\t<\/div>\n\t\t\t\t<div class=\"elementor-element elementor-element-eb37731 elementor-widget elementor-widget-spacer\" data-id=\"eb37731\" data-element_type=\"widget\" data-e-type=\"widget\" data-widget_type=\"spacer.default\">\n\t\t\t\t<div class=\"elementor-widget-container\">\n\t\t\t\t\t\t\t<div class=\"elementor-spacer\">\n\t\t\t<div class=\"elementor-spacer-inner\"><\/div>\n\t\t<\/div>\n\t\t\t\t\t\t<\/div>\n\t\t\t\t<\/div>\n\t\t\t\t<\/div>\n\t\t<div class=\"elementor-element elementor-element-1b13766 e-con-full e-flex elementor-invisible e-con e-child\" data-id=\"1b13766\" data-element_type=\"container\" data-e-type=\"container\" data-settings=\"{&quot;background_background&quot;:&quot;video&quot;,&quot;background_video_link&quot;:&quot;https:\\\/\\\/thebelizecollection.com\\\/wp-content\\\/uploads\\\/2025\\\/11\\\/Copy-of-coati-3.mp4&quot;,&quot;background_play_on_mobile&quot;:&quot;yes&quot;,&quot;animation&quot;:&quot;fadeInUp&quot;}\">\n\t\t<div class=\"elementor-background-video-container\">\n\t\t\t\t\t\t\t<video class=\"elementor-background-video-hosted\" role=\"presentation\" autoplay muted playsinline loop><\/video>\n\t\t\t\t\t<\/div>\t\t<\/div>\n\t\t\t\t\t<\/div>\n\t\t\t\t<\/div>\n\t\t<div class=\"elementor-element elementor-element-ab719ea e-flex e-con-boxed elementor-invisible e-con e-parent\" data-id=\"ab719ea\" data-element_type=\"container\" data-e-type=\"container\" data-settings=\"{&quot;animation&quot;:&quot;slideInLeft&quot;}\">\n\t\t\t\t\t<div class=\"e-con-inner\">\n\t\t<div class=\"elementor-element elementor-element-b046d29 e-grid e-con-full e-con e-child\" data-id=\"b046d29\" data-element_type=\"container\" data-e-type=\"container\">\n\t\t\t\t<div class=\"elementor-element elementor-element-3d6fb24 elementor-widget elementor-widget-heading\" data-id=\"3d6fb24\" data-element_type=\"widget\" data-e-type=\"widget\" data-widget_type=\"heading.default\">\n\t\t\t\t<div class=\"elementor-widget-container\">\n\t\t\t\t\t<h1 class=\"elementor-heading-title elementor-size-default\">Verhaltenskodex f\u00fcr Wildtiere<\/h1>\t\t\t\t<\/div>\n\t\t\t\t<\/div>\n\t\t\t\t<div class=\"elementor-element elementor-element-5470d3b elementor-widget-divider--view-line elementor-widget elementor-widget-divider\" data-id=\"5470d3b\" data-element_type=\"widget\" data-e-type=\"widget\" data-widget_type=\"divider.default\">\n\t\t\t\t<div class=\"elementor-widget-container\">\n\t\t\t\t\t\t\t<div class=\"elementor-divider\">\n\t\t\t<span class=\"elementor-divider-separator\">\n\t\t\t\t\t\t<\/span>\n\t\t<\/div>\n\t\t\t\t\t\t<\/div>\n\t\t\t\t<\/div>\n\t\t\t\t<\/div>\n\t\t\t\t\t<\/div>\n\t\t\t\t<\/div>\n\t\t<div class=\"elementor-element elementor-element-a01a371 e-flex e-con-boxed elementor-invisible e-con e-parent\" data-id=\"a01a371\" data-element_type=\"container\" data-e-type=\"container\" data-settings=\"{&quot;animation&quot;:&quot;fadeInUp&quot;}\">\n\t\t\t\t\t<div class=\"e-con-inner\">\n\t\t\t\t<div class=\"elementor-element elementor-element-6f9229f elementor-widget elementor-widget-text-editor\" data-id=\"6f9229f\" data-element_type=\"widget\" data-e-type=\"widget\" data-widget_type=\"text-editor.default\">\n\t\t\t\t<div class=\"elementor-widget-container\">\n\t\t\t\t\t\t\t\t\t<p>Bei der Erkundung des Gel\u00e4ndes der Rainforest Lodge at Sleeping Giant ist es wichtig, sicher und respektvoll mit Wildtieren umzugehen. Die folgende Tabelle bietet eine einfache Anleitung mit Verhaltensregeln, die Sie beachten sollten, wenn Sie Tieren auf dem Gel\u00e4nde begegnen. <\/p>\t\t\t\t\t\t\t\t<\/div>\n\t\t\t\t<\/div>\n\t\t\t\t<div class=\"elementor-element elementor-element-558a74d elementor-widget elementor-widget-text-editor\" data-id=\"558a74d\" data-element_type=\"widget\" data-e-type=\"widget\" data-widget_type=\"text-editor.default\">\n\t\t\t\t<div class=\"elementor-widget-container\">\n\t\t\t\t\t\t\t\t\t<table style=\"width: 100%; border-collapse: collapse; text-align: left;\"><thead><tr style=\"background-color: #a8506e; color: white;\"><th style=\"padding: 12px; border: 1px solid #ddd;\">Gebote<\/th><th style=\"padding: 12px; border: 1px solid #ddd;\">Verbote<\/th><\/tr><\/thead><tbody><tr><td style=\"padding: 12px; border: 1px solid #ddd;\">Beobachten Sie Wildtiere aus sicherer Entfernung.<\/td><td style=\"padding: 12px; border: 1px solid #ddd;\">N\u00e4hern Sie sich Tieren nicht, jagen Sie sie nicht und versuchen Sie nicht, sie zu ber\u00fchren.<\/td><\/tr><tr><td style=\"padding: 12px; border: 1px solid #ddd;\">Bleiben Sie ruhig und minimieren Sie pl\u00f6tzliche Bewegungen.<\/td><td style=\"padding: 12px; border: 1px solid #ddd;\">Machen Sie keine lauten Ger\u00e4usche und erschrecken Sie die Tiere nicht.<\/td><\/tr><tr><td style=\"padding: 12px; border: 1px solid #ddd;\">Machen Sie Fotos ohne Blitz.<\/td><td style=\"padding: 12px; border: 1px solid #ddd;\">Verwenden Sie keine Blitzfotografie, die Tiere erschrecken oder verletzen kann.<\/td><\/tr><tr><td style=\"padding: 12px; border: 1px solid #ddd;\">Respektieren Sie nat\u00fcrliche Lebensr\u00e4ume und bleiben Sie auf den ausgewiesenen Wegen.<\/td><td style=\"padding: 12px; border: 1px solid #ddd;\">St\u00f6ren Sie keine Nester, H\u00f6hlen oder Futterpl\u00e4tze.<\/td><\/tr><tr><td style=\"padding: 12px; border: 1px solid #ddd;\">Bewahren Sie Ihre Lebensmittel und Abf\u00e4lle sicher auf.<\/td><td style=\"padding: 12px; border: 1px solid #ddd;\">F\u00fcttern Sie keine Wildtiere und lassen Sie keine Lebensmittel zur\u00fcck.<\/td><\/tr><tr><td style=\"padding: 12px; border: 1px solid #ddd;\">Befolgen Sie die Anweisungen des Parkw\u00e4chters\/Bodenpersonals.<\/td><td style=\"padding: 12px; border: 1px solid #ddd;\">Ignorieren Sie keine Schilder, Regeln oder Anweisungen der Parkw\u00e4chter\/des Bodenpersonals.<\/td><\/tr><tr><td style=\"padding: 12px; border: 1px solid #ddd;\">Sch\u00e4tzen Sie Tiere in ihrem nat\u00fcrlichen Verhalten.<\/td><td style=\"padding: 12px; border: 1px solid #ddd;\">Versuchen Sie nicht, Wildtiere zu provozieren, anzulocken oder zu handhaben.<\/td><\/tr><tr><td style=\"padding: 12px; border: 1px solid #ddd;\">Melden Sie verletzte oder gef\u00e4hrdete Wildtiere den Beh\u00f6rden.<\/td><td style=\"padding: 12px; border: 1px solid #ddd;\">Versuchen Sie nicht, Wildtiere selbst zu retten oder einzufangen.<\/td><\/tr><\/tbody><\/table>\t\t\t\t\t\t\t\t<\/div>\n\t\t\t\t<\/div>\n\t\t\t\t\t<\/div>\n\t\t\t\t<\/div>\n\t\t<div class=\"elementor-element elementor-element-4536384 e-flex e-con-boxed e-con e-parent\" data-id=\"4536384\" data-element_type=\"container\" data-e-type=\"container\">\n\t\t\t\t\t<div class=\"e-con-inner\">\n\t\t\t\t<div class=\"elementor-element elementor-element-5d73869 elementor-widget elementor-widget-spacer\" data-id=\"5d73869\" data-element_type=\"widget\" data-e-type=\"widget\" data-widget_type=\"spacer.default\">\n\t\t\t\t<div class=\"elementor-widget-container\">\n\t\t\t\t\t\t\t<div class=\"elementor-spacer\">\n\t\t\t<div class=\"elementor-spacer-inner\"><\/div>\n\t\t<\/div>\n\t\t\t\t\t\t<\/div>\n\t\t\t\t<\/div>\n\t\t\t\t\t<\/div>\n\t\t\t\t<\/div>\n\t\t<div class=\"elementor-element elementor-element-8e8a4c3 e-flex e-con-boxed elementor-invisible e-con e-parent\" data-id=\"8e8a4c3\" data-element_type=\"container\" data-e-type=\"container\" data-settings=\"{&quot;animation&quot;:&quot;fadeInUp&quot;}\">\n\t\t\t\t\t<div class=\"e-con-inner\">\n\t\t\t\t<div class=\"elementor-element elementor-element-f9c7c1a elementor-widget elementor-widget-text-editor\" data-id=\"f9c7c1a\" data-element_type=\"widget\" data-e-type=\"widget\" data-widget_type=\"text-editor.default\">\n\t\t\t\t<div class=\"elementor-widget-container\">\n\t\t\t\t\t\t\t\t\t<p>Unterst\u00fctzen Sie das Trail Tales Projekt und helfen Sie uns, die Tierwelt und die nat\u00fcrlichen Lebensr\u00e4ume von Belize zu sch\u00fctzen. Ihr Beitrag macht einen echten Unterschied. Engagieren Sie sich noch heute!   <\/p>\t\t\t\t\t\t\t\t<\/div>\n\t\t\t\t<\/div>\n\t\t\t\t<div class=\"elementor-element elementor-element-33548e8 elementor-align-center elementor-widget elementor-widget-paypal-button\" data-id=\"33548e8\" data-element_type=\"widget\" data-e-type=\"widget\" data-settings=\"{&quot;merchant_account&quot;:&quot;simple&quot;}\" data-widget_type=\"paypal-button.default\">\n\t\t\t\t<div class=\"elementor-widget-container\">\n\t\t\t\t\t\t\t\t\t<div class=\"elementor-button-wrapper\">\n\t\t\t\t\t\t\t<form action=\"https:\/\/www.paypal.com\/cgi-bin\/webscr\" method=\"post\" target=\"_blank\">\n\t\t\t<input type=\"hidden\" name=\"cmd\" value=\"_donations\" \/>\n\t\t\t<input type=\"hidden\" name=\"business\" value=\"debi@belizewildcats.com\" \/>\n\t\t\t<input type=\"hidden\" name=\"lc\" value=\"US\" \/>\n\t\t\t<input type=\"hidden\" name=\"item_name\" value=\"\" \/>\n\t\t\t<input type=\"hidden\" name=\"item_number\" value=\"\" \/>\n\t\t\t<input type=\"hidden\" name=\"currency_code\" value=\"USD\" \/>\n\t\t\t<input type=\"hidden\" name=\"amount\" value=\"1\" \/>\n\t\t\t<input type=\"hidden\" name=\"no_note\" value=\"1\">\n\n\t\t\t\t\t<button class=\"elementor-button elementor-size-sm elementor-paypal-legacy elementor-payment-button\" role=\"button\" type=\"submit\">\n\t\t\t\t\t<span class=\"elementor-button-content-wrapper\">\n\t\t\t\t\t\t<span class=\"elementor-button-icon\">\n\t\t\t\t<svg aria-hidden=\"true\" class=\"e-font-icon-svg e-fab-paypal\" viewBox=\"0 0 384 512\" xmlns=\"http:\/\/www.w3.org\/2000\/svg\"><path d=\"M111.4 295.9c-3.5 19.2-17.4 108.7-21.5 134-.3 1.8-1 2.5-3 2.5H12.3c-7.6 0-13.1-6.6-12.1-13.9L58.8 46.6c1.5-9.6 10.1-16.9 20-16.9 152.3 0 165.1-3.7 204 11.4 60.1 23.3 65.6 79.5 44 140.3-21.5 62.6-72.5 89.5-140.1 90.3-43.4.7-69.5-7-75.3 24.2zM357.1 152c-1.8-1.3-2.5-1.8-3 1.3-2 11.4-5.1 22.5-8.8 33.6-39.9 113.8-150.5 103.9-204.5 103.9-6.1 0-10.1 3.3-10.9 9.4-22.6 140.4-27.1 169.7-27.1 169.7-1 7.1 3.5 12.9 10.6 12.9h63.5c8.6 0 15.7-6.3 17.4-14.9.7-5.4-1.1 6.1 14.4-91.3 4.6-22 14.3-19.7 29.3-19.7 71 0 126.4-28.8 142.9-112.3 6.5-34.8 4.6-71.4-23.8-92.6z\"><\/path><\/svg>\t\t\t<\/span>\n\t\t\t\t\t\t\t\t\t<span class=\"elementor-button-text\">UNTERST\u00dcTZEN SIE DAS TRAIL TALES PROJEKT<\/span>\n\t\t\t\t\t<\/span>\n\t\t\t\t<\/button>\n\t\t\t\t<\/form>\n\t\t\t\t\t\t<\/div>\n\t\t\t\t\t\t\t\t<\/div>\n\t\t\t\t<\/div>\n\t\t\t\t\t<\/div>\n\t\t\t\t<\/div>\n\t\t\t\t<\/div>\n\t\t","protected":false},"excerpt":{"rendered":"<p>Trail Tales \u00dcBERSICHT Bei The Belize Collection engagieren wir uns f\u00fcr den Schutz der unglaublichen Tierwelt von Belize. Trail Tales ist ein Wildtier-Monitoring-Projekt, das ein Netzwerk von Wildtierkameras nutzt, die auf dem Gel\u00e4nde der Rainforest Lodge at Sleeping Giant installiert sind, um Wildkatzen und andere schwer fassbare Wildtiere zu verfolgen und zu studieren. Durch die [&hellip;]<\/p>\n","protected":false},"author":4,"featured_media":0,"parent":0,"menu_order":0,"comment_status":"closed","ping_status":"closed","template":"page-full-width.php","meta":{"_acf_changed":false,"_vp_format_video_url":"","_vp_image_focal_point":[],"footnotes":""},"categories":[],"tags":[],"class_list":["post-77788","page","type-page","status-publish","hentry"],"acf":[],"yoast_head":"<!-- This site is optimized with the Yoast SEO plugin v27.6 - https:\/\/yoast.com\/product\/yoast-seo-wordpress\/ -->\n<title>Trail Tales - The Belize Collection<\/title>\n<meta name=\"robots\" content=\"index, follow, max-snippet:-1, max-image-preview:large, max-video-preview:-1\" \/>\n<link rel=\"canonical\" href=\"https:\/\/thebelizecollection.com\/de\/trail-tales\/\" \/>\n<meta property=\"og:locale\" content=\"de_DE\" \/>\n<meta property=\"og:type\" content=\"article\" \/>\n<meta property=\"og:title\" content=\"Trail Tales - The Belize Collection\" \/>\n<meta property=\"og:description\" content=\"Trail Tales \u00dcBERSICHT Bei The Belize Collection engagieren wir uns f\u00fcr den Schutz der unglaublichen Tierwelt von Belize. Trail Tales ist ein Wildtier-Monitoring-Projekt, das ein Netzwerk von Wildtierkameras nutzt, die auf dem Gel\u00e4nde der Rainforest Lodge at Sleeping Giant installiert sind, um Wildkatzen und andere schwer fassbare Wildtiere zu verfolgen und zu studieren. Durch die [&hellip;]\" \/>\n<meta property=\"og:url\" content=\"https:\/\/thebelizecollection.com\/de\/trail-tales\/\" \/>\n<meta property=\"og:site_name\" content=\"The Belize Collection\" \/>\n<meta property=\"article:modified_time\" content=\"2026-05-11T16:19:48+00:00\" \/>\n<meta property=\"og:image\" content=\"https:\/\/thebelizecollection.com\/wp-content\/uploads\/2025\/04\/the-Belize-collection-flower-logo.png\" \/>\n\t<meta property=\"og:image:width\" content=\"100\" \/>\n\t<meta property=\"og:image:height\" content=\"100\" \/>\n\t<meta property=\"og:image:type\" content=\"image\/png\" \/>\n<meta name=\"twitter:card\" content=\"summary_large_image\" \/>\n<meta name=\"twitter:label1\" content=\"Gesch\u00e4tzte Lesezeit\" \/>\n\t<meta name=\"twitter:data1\" content=\"2\u00a0Minuten\" \/>\n<script type=\"application\/ld+json\" class=\"yoast-schema-graph\">{\"@context\":\"https:\\\/\\\/schema.org\",\"@graph\":[{\"@type\":\"WebPage\",\"@id\":\"https:\\\/\\\/thebelizecollection.com\\\/de\\\/trail-tales\\\/\",\"url\":\"https:\\\/\\\/thebelizecollection.com\\\/de\\\/trail-tales\\\/\",\"name\":\"Trail Tales - The Belize Collection\",\"isPartOf\":{\"@id\":\"https:\\\/\\\/thebelizecollection.com\\\/de\\\/#website\"},\"primaryImageOfPage\":{\"@id\":\"https:\\\/\\\/thebelizecollection.com\\\/de\\\/trail-tales\\\/#primaryimage\"},\"image\":{\"@id\":\"https:\\\/\\\/thebelizecollection.com\\\/de\\\/trail-tales\\\/#primaryimage\"},\"thumbnailUrl\":\"https:\\\/\\\/thebelizecollection.com\\\/wp-content\\\/uploads\\\/2025\\\/04\\\/the-Belize-collection-flower-logo.png\",\"datePublished\":\"2025-11-18T17:15:25+00:00\",\"dateModified\":\"2026-05-11T16:19:48+00:00\",\"breadcrumb\":{\"@id\":\"https:\\\/\\\/thebelizecollection.com\\\/de\\\/trail-tales\\\/#breadcrumb\"},\"inLanguage\":\"de\",\"potentialAction\":[{\"@type\":\"ReadAction\",\"target\":[\"https:\\\/\\\/thebelizecollection.com\\\/de\\\/trail-tales\\\/\"]}]},{\"@type\":\"ImageObject\",\"inLanguage\":\"de\",\"@id\":\"https:\\\/\\\/thebelizecollection.com\\\/de\\\/trail-tales\\\/#primaryimage\",\"url\":\"https:\\\/\\\/thebelizecollection.com\\\/wp-content\\\/uploads\\\/2025\\\/04\\\/the-Belize-collection-flower-logo.png\",\"contentUrl\":\"https:\\\/\\\/thebelizecollection.com\\\/wp-content\\\/uploads\\\/2025\\\/04\\\/the-Belize-collection-flower-logo.png\"},{\"@type\":\"BreadcrumbList\",\"@id\":\"https:\\\/\\\/thebelizecollection.com\\\/de\\\/trail-tales\\\/#breadcrumb\",\"itemListElement\":[{\"@type\":\"ListItem\",\"position\":1,\"name\":\"Home\",\"item\":\"https:\\\/\\\/thebelizecollection.com\\\/de\\\/\"},{\"@type\":\"ListItem\",\"position\":2,\"name\":\"Trail Tales\"}]},{\"@type\":\"WebSite\",\"@id\":\"https:\\\/\\\/thebelizecollection.com\\\/de\\\/#website\",\"url\":\"https:\\\/\\\/thebelizecollection.com\\\/de\\\/\",\"name\":\"The Belize Collection\",\"description\":\"Everything Belize\",\"potentialAction\":[{\"@type\":\"SearchAction\",\"target\":{\"@type\":\"EntryPoint\",\"urlTemplate\":\"https:\\\/\\\/thebelizecollection.com\\\/de\\\/?s={search_term_string}\"},\"query-input\":{\"@type\":\"PropertyValueSpecification\",\"valueRequired\":true,\"valueName\":\"search_term_string\"}}],\"inLanguage\":\"de\"}]}<\/script>\n<!-- \/ Yoast SEO plugin. -->","yoast_head_json":{"title":"Trail Tales - The Belize Collection","robots":{"index":"index","follow":"follow","max-snippet":"max-snippet:-1","max-image-preview":"max-image-preview:large","max-video-preview":"max-video-preview:-1"},"canonical":"https:\/\/thebelizecollection.com\/de\/trail-tales\/","og_locale":"de_DE","og_type":"article","og_title":"Trail Tales - The Belize Collection","og_description":"Trail Tales \u00dcBERSICHT Bei The Belize Collection engagieren wir uns f\u00fcr den Schutz der unglaublichen Tierwelt von Belize. Trail Tales ist ein Wildtier-Monitoring-Projekt, das ein Netzwerk von Wildtierkameras nutzt, die auf dem Gel\u00e4nde der Rainforest Lodge at Sleeping Giant installiert sind, um Wildkatzen und andere schwer fassbare Wildtiere zu verfolgen und zu studieren. Durch die [&hellip;]","og_url":"https:\/\/thebelizecollection.com\/de\/trail-tales\/","og_site_name":"The Belize Collection","article_modified_time":"2026-05-11T16:19:48+00:00","og_image":[{"width":100,"height":100,"url":"https:\/\/thebelizecollection.com\/wp-content\/uploads\/2025\/04\/the-Belize-collection-flower-logo.png","type":"image\/png"}],"twitter_card":"summary_large_image","twitter_misc":{"Gesch\u00e4tzte Lesezeit":"2\u00a0Minuten"},"schema":{"@context":"https:\/\/schema.org","@graph":[{"@type":"WebPage","@id":"https:\/\/thebelizecollection.com\/de\/trail-tales\/","url":"https:\/\/thebelizecollection.com\/de\/trail-tales\/","name":"Trail Tales - The Belize Collection","isPartOf":{"@id":"https:\/\/thebelizecollection.com\/de\/#website"},"primaryImageOfPage":{"@id":"https:\/\/thebelizecollection.com\/de\/trail-tales\/#primaryimage"},"image":{"@id":"https:\/\/thebelizecollection.com\/de\/trail-tales\/#primaryimage"},"thumbnailUrl":"https:\/\/thebelizecollection.com\/wp-content\/uploads\/2025\/04\/the-Belize-collection-flower-logo.png","datePublished":"2025-11-18T17:15:25+00:00","dateModified":"2026-05-11T16:19:48+00:00","breadcrumb":{"@id":"https:\/\/thebelizecollection.com\/de\/trail-tales\/#breadcrumb"},"inLanguage":"de","potentialAction":[{"@type":"ReadAction","target":["https:\/\/thebelizecollection.com\/de\/trail-tales\/"]}]},{"@type":"ImageObject","inLanguage":"de","@id":"https:\/\/thebelizecollection.com\/de\/trail-tales\/#primaryimage","url":"https:\/\/thebelizecollection.com\/wp-content\/uploads\/2025\/04\/the-Belize-collection-flower-logo.png","contentUrl":"https:\/\/thebelizecollection.com\/wp-content\/uploads\/2025\/04\/the-Belize-collection-flower-logo.png"},{"@type":"BreadcrumbList","@id":"https:\/\/thebelizecollection.com\/de\/trail-tales\/#breadcrumb","itemListElement":[{"@type":"ListItem","position":1,"name":"Home","item":"https:\/\/thebelizecollection.com\/de\/"},{"@type":"ListItem","position":2,"name":"Trail Tales"}]},{"@type":"WebSite","@id":"https:\/\/thebelizecollection.com\/de\/#website","url":"https:\/\/thebelizecollection.com\/de\/","name":"The Belize Collection","description":"Everything Belize","potentialAction":[{"@type":"SearchAction","target":{"@type":"EntryPoint","urlTemplate":"https:\/\/thebelizecollection.com\/de\/?s={search_term_string}"},"query-input":{"@type":"PropertyValueSpecification","valueRequired":true,"valueName":"search_term_string"}}],"inLanguage":"de"}]}},"jetpack_sharing_enabled":true,"_links":{"self":[{"href":"https:\/\/thebelizecollection.com\/de\/wp-json\/wp\/v2\/pages\/77788","targetHints":{"allow":["GET"]}}],"collection":[{"href":"https:\/\/thebelizecollection.com\/de\/wp-json\/wp\/v2\/pages"}],"about":[{"href":"https:\/\/thebelizecollection.com\/de\/wp-json\/wp\/v2\/types\/page"}],"author":[{"embeddable":true,"href":"https:\/\/thebelizecollection.com\/de\/wp-json\/wp\/v2\/users\/4"}],"replies":[{"embeddable":true,"href":"https:\/\/thebelizecollection.com\/de\/wp-json\/wp\/v2\/comments?post=77788"}],"version-history":[{"count":1,"href":"https:\/\/thebelizecollection.com\/de\/wp-json\/wp\/v2\/pages\/77788\/revisions"}],"predecessor-version":[{"id":77794,"href":"https:\/\/thebelizecollection.com\/de\/wp-json\/wp\/v2\/pages\/77788\/revisions\/77794"}],"wp:attachment":[{"href":"https:\/\/thebelizecollection.com\/de\/wp-json\/wp\/v2\/media?parent=77788"}],"wp:term":[{"taxonomy":"category","embeddable":true,"href":"https:\/\/thebelizecollection.com\/de\/wp-json\/wp\/v2\/categories?post=77788"},{"taxonomy":"post_tag","embeddable":true,"href":"https:\/\/thebelizecollection.com\/de\/wp-json\/wp\/v2\/tags?post=77788"}],"curies":[{"name":"wp","href":"https:\/\/api.w.org\/{rel}","templated":true}]}}