{"id":77975,"date":"2025-10-09T10:16:46","date_gmt":"2025-10-09T16:16:46","guid":{"rendered":"https:\/\/thebelizecollection.com\/folklore-am-feuer\/"},"modified":"2026-05-11T10:28:33","modified_gmt":"2026-05-11T16:28:33","slug":"folklore-am-feuer","status":"publish","type":"page","link":"https:\/\/thebelizecollection.com\/de\/folklore-am-feuer\/","title":{"rendered":"Folklore am Feuer"},"content":{"rendered":"\t\t<div data-elementor-type=\"wp-page\" data-elementor-id=\"77975\" class=\"elementor elementor-77975 elementor-63967\" data-elementor-post-type=\"page\">\n\t\t\t\t<div class=\"elementor-element elementor-element-a7e927c e-con-full e-flex e-con e-parent\" data-id=\"a7e927c\" data-element_type=\"container\" data-e-type=\"container\" data-settings=\"{&quot;background_background&quot;:&quot;classic&quot;}\">\n\t\t\t\t<\/div>\n\t\t<div class=\"elementor-element elementor-element-4ceee2b e-flex e-con-boxed e-con e-parent\" data-id=\"4ceee2b\" data-element_type=\"container\" data-e-type=\"container\">\n\t\t\t\t\t<div class=\"e-con-inner\">\n\t\t\t\t<div class=\"elementor-element elementor-element-2862095 elementor-widget elementor-widget-spacer\" data-id=\"2862095\" data-element_type=\"widget\" data-e-type=\"widget\" data-widget_type=\"spacer.default\">\n\t\t\t\t<div class=\"elementor-widget-container\">\n\t\t\t\t\t\t\t<div class=\"elementor-spacer\">\n\t\t\t<div class=\"elementor-spacer-inner\"><\/div>\n\t\t<\/div>\n\t\t\t\t\t\t<\/div>\n\t\t\t\t<\/div>\n\t\t\t\t\t<\/div>\n\t\t\t\t<\/div>\n\t\t<div class=\"elementor-element elementor-element-180663d e-flex e-con-boxed e-con e-parent\" data-id=\"180663d\" data-element_type=\"container\" data-e-type=\"container\">\n\t\t\t\t\t<div class=\"e-con-inner\">\n\t\t<div class=\"elementor-element elementor-element-d9a2a35 e-con-full e-flex e-con e-child\" data-id=\"d9a2a35\" data-element_type=\"container\" data-e-type=\"container\">\n\t\t\t\t<div class=\"elementor-element elementor-element-a2b53ec elementor-widget elementor-widget-heading\" data-id=\"a2b53ec\" data-element_type=\"widget\" data-e-type=\"widget\" data-widget_type=\"heading.default\">\n\t\t\t\t<div class=\"elementor-widget-container\">\n\t\t\t\t\t<h1 class=\"elementor-heading-title elementor-size-default\">Gruselnacht<\/h1>\t\t\t\t<\/div>\n\t\t\t\t<\/div>\n\t\t\t\t<div class=\"elementor-element elementor-element-0c6e08e elementor-widget elementor-widget-text-editor\" data-id=\"0c6e08e\" data-element_type=\"widget\" data-e-type=\"widget\" data-widget_type=\"text-editor.default\">\n\t\t\t\t<div class=\"elementor-widget-container\">\n\t\t\t\t\t\t\t\t\t<p>Besuchen Sie uns in The Lodge at Jaguar Reef f\u00fcr einen gem\u00fctlichen Abend unter dem Sternenhimmel, w\u00e4hrend wir den beliebten Film Coco am Feuer zeigen. Kommen Sie mit Freunden und Familie zusammen f\u00fcr einen Abend voller Lachen, Musik und dem Zauber des Geschichtenerz\u00e4hlens. Machen Sie es sich am Feuer gem\u00fctlich und genie\u00dfen Sie die bequemen Sitzgelegenheiten und einen Hauch belizianischer Tradition.  <\/p>\t\t\t\t\t\t\t\t<\/div>\n\t\t\t\t<\/div>\n\t\t\t\t<div class=\"elementor-element elementor-element-763cc7b elementor-widget elementor-widget-text-editor\" data-id=\"763cc7b\" data-element_type=\"widget\" data-e-type=\"widget\" data-widget_type=\"text-editor.default\">\n\t\t\t\t<div class=\"elementor-widget-container\">\n\t\t\t\t\t\t\t\t\t<p><strong>Veranstaltungsort:<\/strong> The Lodge at Jaguar Reef<\/p><p><strong>Datum:<\/strong> 31. Oktober 2025<\/p><p><strong>Uhrzeit:<\/strong> 17:00 Uhr bis 21:00 Uhr<\/p>\t\t\t\t\t\t\t\t<\/div>\n\t\t\t\t<\/div>\n\t\t\t\t<div class=\"elementor-element elementor-element-6a8f4b0 elementor-widget elementor-widget-heading\" data-id=\"6a8f4b0\" data-element_type=\"widget\" data-e-type=\"widget\" data-widget_type=\"heading.default\">\n\t\t\t\t<div class=\"elementor-widget-container\">\n\t\t\t\t\t<h1 class=\"elementor-heading-title elementor-size-default\">H\u00f6hepunkte der Veranstaltung<\/h1>\t\t\t\t<\/div>\n\t\t\t\t<\/div>\n\t\t\t\t<div class=\"elementor-element elementor-element-88b65df elementor-widget elementor-widget-text-editor\" data-id=\"88b65df\" data-element_type=\"widget\" data-e-type=\"widget\" data-widget_type=\"text-editor.default\">\n\t\t\t\t<div class=\"elementor-widget-container\">\n\t\t\t\t\t\t\t\t\t<ul><li>Halloween-Kekse verzieren<\/li><li>Geschichtenerz\u00e4hlen am Feuer<\/li><li>Filmabend: \u201eCoco\u201c<\/li><li>Kostenlose Popcorn- &#038; S\u00fc\u00dfigkeitent\u00fcten<\/li><li>Gruselige Getr\u00e4nkespezialit\u00e4ten an der Bar<\/li><\/ul>\t\t\t\t\t\t\t\t<\/div>\n\t\t\t\t<\/div>\n\t\t\t\t<div class=\"elementor-element elementor-element-5fd7fe4 elementor-widget elementor-widget-button\" data-id=\"5fd7fe4\" data-element_type=\"widget\" data-e-type=\"widget\" data-widget_type=\"button.default\">\n\t\t\t\t<div class=\"elementor-widget-container\">\n\t\t\t\t\t\t\t\t\t<div class=\"elementor-button-wrapper\">\n\t\t\t\t\t<a class=\"elementor-button elementor-button-link elementor-size-sm\" href=\"tel:+501-615-6208\">\n\t\t\t\t\t\t<span class=\"elementor-button-content-wrapper\">\n\t\t\t\t\t\t\t\t\t<span class=\"elementor-button-text\">Hier klicken, um zuzusagen<\/span>\n\t\t\t\t\t<\/span>\n\t\t\t\t\t<\/a>\n\t\t\t\t<\/div>\n\t\t\t\t\t\t\t\t<\/div>\n\t\t\t\t<\/div>\n\t\t\t\t<\/div>\n\t\t<div class=\"elementor-element elementor-element-3e767e2 e-con-full e-flex e-con e-child\" data-id=\"3e767e2\" data-element_type=\"container\" data-e-type=\"container\" data-settings=\"{&quot;background_background&quot;:&quot;classic&quot;}\">\n\t\t\t\t<\/div>\n\t\t\t\t\t<\/div>\n\t\t\t\t<\/div>\n\t\t<div class=\"elementor-element elementor-element-3198b8e e-flex e-con-boxed e-con e-parent\" data-id=\"3198b8e\" data-element_type=\"container\" data-e-type=\"container\">\n\t\t\t\t\t<div class=\"e-con-inner\">\n\t\t\t\t<div class=\"elementor-element elementor-element-3fcee6d elementor-widget elementor-widget-spacer\" data-id=\"3fcee6d\" data-element_type=\"widget\" data-e-type=\"widget\" data-widget_type=\"spacer.default\">\n\t\t\t\t<div class=\"elementor-widget-container\">\n\t\t\t\t\t\t\t<div class=\"elementor-spacer\">\n\t\t\t<div class=\"elementor-spacer-inner\"><\/div>\n\t\t<\/div>\n\t\t\t\t\t\t<\/div>\n\t\t\t\t<\/div>\n\t\t\t\t\t<\/div>\n\t\t\t\t<\/div>\n\t\t\t\t<\/div>\n\t\t","protected":false},"excerpt":{"rendered":"<p>Gruselnacht Besuchen Sie uns in The Lodge at Jaguar Reef f\u00fcr einen gem\u00fctlichen Abend unter dem Sternenhimmel, w\u00e4hrend wir den beliebten Film Coco am Feuer zeigen. Kommen Sie mit Freunden und Familie zusammen f\u00fcr einen Abend voller Lachen, Musik und dem Zauber des Geschichtenerz\u00e4hlens. Machen Sie es sich am Feuer gem\u00fctlich und genie\u00dfen Sie die [&hellip;]<\/p>\n","protected":false},"author":4,"featured_media":77978,"parent":0,"menu_order":0,"comment_status":"closed","ping_status":"closed","template":"page-full-width.php","meta":{"_acf_changed":false,"_vp_format_video_url":"","_vp_image_focal_point":[],"footnotes":""},"categories":[198],"tags":[],"class_list":["post-77975","page","type-page","status-publish","has-post-thumbnail","hentry","category-tbc-treffen"],"acf":[],"yoast_head":"<!-- This site is optimized with the Yoast SEO plugin v27.6 - https:\/\/yoast.com\/product\/yoast-seo-wordpress\/ -->\n<title>Folklore am Feuer - The Belize Collection<\/title>\n<meta name=\"robots\" content=\"index, follow, max-snippet:-1, max-image-preview:large, max-video-preview:-1\" \/>\n<link rel=\"canonical\" href=\"https:\/\/thebelizecollection.com\/de\/folklore-am-feuer\/\" \/>\n<meta property=\"og:locale\" content=\"de_DE\" \/>\n<meta property=\"og:type\" content=\"article\" \/>\n<meta property=\"og:title\" content=\"Folklore am Feuer - The Belize Collection\" \/>\n<meta property=\"og:description\" content=\"Gruselnacht Besuchen Sie uns in The Lodge at Jaguar Reef f\u00fcr einen gem\u00fctlichen Abend unter dem Sternenhimmel, w\u00e4hrend wir den beliebten Film Coco am Feuer zeigen. Kommen Sie mit Freunden und Familie zusammen f\u00fcr einen Abend voller Lachen, Musik und dem Zauber des Geschichtenerz\u00e4hlens. Machen Sie es sich am Feuer gem\u00fctlich und genie\u00dfen Sie die [&hellip;]\" \/>\n<meta property=\"og:url\" content=\"https:\/\/thebelizecollection.com\/de\/folklore-am-feuer\/\" \/>\n<meta property=\"og:site_name\" content=\"The Belize Collection\" \/>\n<meta property=\"article:modified_time\" content=\"2026-05-11T16:28:33+00:00\" \/>\n<meta property=\"og:image\" content=\"https:\/\/thebelizecollection.com\/wp-content\/uploads\/2025\/10\/JRL-Folklore-by-the-Fire-Cookie-Decorating-2.jpg\" \/>\n\t<meta property=\"og:image:width\" content=\"2048\" \/>\n\t<meta property=\"og:image:height\" content=\"1365\" \/>\n\t<meta property=\"og:image:type\" content=\"image\/jpeg\" \/>\n<meta name=\"twitter:card\" content=\"summary_large_image\" \/>\n<meta name=\"twitter:label1\" content=\"Gesch\u00e4tzte Lesezeit\" \/>\n\t<meta name=\"twitter:data1\" content=\"1\u00a0Minute\" \/>\n<script type=\"application\/ld+json\" class=\"yoast-schema-graph\">{\"@context\":\"https:\\\/\\\/schema.org\",\"@graph\":[{\"@type\":\"WebPage\",\"@id\":\"https:\\\/\\\/thebelizecollection.com\\\/de\\\/folklore-am-feuer\\\/\",\"url\":\"https:\\\/\\\/thebelizecollection.com\\\/de\\\/folklore-am-feuer\\\/\",\"name\":\"Folklore am Feuer - The Belize Collection\",\"isPartOf\":{\"@id\":\"https:\\\/\\\/thebelizecollection.com\\\/de\\\/#website\"},\"primaryImageOfPage\":{\"@id\":\"https:\\\/\\\/thebelizecollection.com\\\/de\\\/folklore-am-feuer\\\/#primaryimage\"},\"image\":{\"@id\":\"https:\\\/\\\/thebelizecollection.com\\\/de\\\/folklore-am-feuer\\\/#primaryimage\"},\"thumbnailUrl\":\"https:\\\/\\\/thebelizecollection.com\\\/wp-content\\\/uploads\\\/2025\\\/10\\\/JRL-Folklore-by-the-Fire-Cookie-Decorating-2.jpg\",\"datePublished\":\"2025-10-09T16:16:46+00:00\",\"dateModified\":\"2026-05-11T16:28:33+00:00\",\"breadcrumb\":{\"@id\":\"https:\\\/\\\/thebelizecollection.com\\\/de\\\/folklore-am-feuer\\\/#breadcrumb\"},\"inLanguage\":\"de\",\"potentialAction\":[{\"@type\":\"ReadAction\",\"target\":[\"https:\\\/\\\/thebelizecollection.com\\\/de\\\/folklore-am-feuer\\\/\"]}]},{\"@type\":\"ImageObject\",\"inLanguage\":\"de\",\"@id\":\"https:\\\/\\\/thebelizecollection.com\\\/de\\\/folklore-am-feuer\\\/#primaryimage\",\"url\":\"https:\\\/\\\/thebelizecollection.com\\\/wp-content\\\/uploads\\\/2025\\\/10\\\/JRL-Folklore-by-the-Fire-Cookie-Decorating-2.jpg\",\"contentUrl\":\"https:\\\/\\\/thebelizecollection.com\\\/wp-content\\\/uploads\\\/2025\\\/10\\\/JRL-Folklore-by-the-Fire-Cookie-Decorating-2.jpg\",\"width\":2048,\"height\":1365},{\"@type\":\"BreadcrumbList\",\"@id\":\"https:\\\/\\\/thebelizecollection.com\\\/de\\\/folklore-am-feuer\\\/#breadcrumb\",\"itemListElement\":[{\"@type\":\"ListItem\",\"position\":1,\"name\":\"Home\",\"item\":\"https:\\\/\\\/thebelizecollection.com\\\/de\\\/\"},{\"@type\":\"ListItem\",\"position\":2,\"name\":\"Folklore am Feuer\"}]},{\"@type\":\"WebSite\",\"@id\":\"https:\\\/\\\/thebelizecollection.com\\\/de\\\/#website\",\"url\":\"https:\\\/\\\/thebelizecollection.com\\\/de\\\/\",\"name\":\"The Belize Collection\",\"description\":\"Everything Belize\",\"potentialAction\":[{\"@type\":\"SearchAction\",\"target\":{\"@type\":\"EntryPoint\",\"urlTemplate\":\"https:\\\/\\\/thebelizecollection.com\\\/de\\\/?s={search_term_string}\"},\"query-input\":{\"@type\":\"PropertyValueSpecification\",\"valueRequired\":true,\"valueName\":\"search_term_string\"}}],\"inLanguage\":\"de\"}]}<\/script>\n<!-- \/ Yoast SEO plugin. -->","yoast_head_json":{"title":"Folklore am Feuer - The Belize Collection","robots":{"index":"index","follow":"follow","max-snippet":"max-snippet:-1","max-image-preview":"max-image-preview:large","max-video-preview":"max-video-preview:-1"},"canonical":"https:\/\/thebelizecollection.com\/de\/folklore-am-feuer\/","og_locale":"de_DE","og_type":"article","og_title":"Folklore am Feuer - The Belize Collection","og_description":"Gruselnacht Besuchen Sie uns in The Lodge at Jaguar Reef f\u00fcr einen gem\u00fctlichen Abend unter dem Sternenhimmel, w\u00e4hrend wir den beliebten Film Coco am Feuer zeigen. Kommen Sie mit Freunden und Familie zusammen f\u00fcr einen Abend voller Lachen, Musik und dem Zauber des Geschichtenerz\u00e4hlens. Machen Sie es sich am Feuer gem\u00fctlich und genie\u00dfen Sie die [&hellip;]","og_url":"https:\/\/thebelizecollection.com\/de\/folklore-am-feuer\/","og_site_name":"The Belize Collection","article_modified_time":"2026-05-11T16:28:33+00:00","og_image":[{"width":2048,"height":1365,"url":"https:\/\/thebelizecollection.com\/wp-content\/uploads\/2025\/10\/JRL-Folklore-by-the-Fire-Cookie-Decorating-2.jpg","type":"image\/jpeg"}],"twitter_card":"summary_large_image","twitter_misc":{"Gesch\u00e4tzte Lesezeit":"1\u00a0Minute"},"schema":{"@context":"https:\/\/schema.org","@graph":[{"@type":"WebPage","@id":"https:\/\/thebelizecollection.com\/de\/folklore-am-feuer\/","url":"https:\/\/thebelizecollection.com\/de\/folklore-am-feuer\/","name":"Folklore am Feuer - The Belize Collection","isPartOf":{"@id":"https:\/\/thebelizecollection.com\/de\/#website"},"primaryImageOfPage":{"@id":"https:\/\/thebelizecollection.com\/de\/folklore-am-feuer\/#primaryimage"},"image":{"@id":"https:\/\/thebelizecollection.com\/de\/folklore-am-feuer\/#primaryimage"},"thumbnailUrl":"https:\/\/thebelizecollection.com\/wp-content\/uploads\/2025\/10\/JRL-Folklore-by-the-Fire-Cookie-Decorating-2.jpg","datePublished":"2025-10-09T16:16:46+00:00","dateModified":"2026-05-11T16:28:33+00:00","breadcrumb":{"@id":"https:\/\/thebelizecollection.com\/de\/folklore-am-feuer\/#breadcrumb"},"inLanguage":"de","potentialAction":[{"@type":"ReadAction","target":["https:\/\/thebelizecollection.com\/de\/folklore-am-feuer\/"]}]},{"@type":"ImageObject","inLanguage":"de","@id":"https:\/\/thebelizecollection.com\/de\/folklore-am-feuer\/#primaryimage","url":"https:\/\/thebelizecollection.com\/wp-content\/uploads\/2025\/10\/JRL-Folklore-by-the-Fire-Cookie-Decorating-2.jpg","contentUrl":"https:\/\/thebelizecollection.com\/wp-content\/uploads\/2025\/10\/JRL-Folklore-by-the-Fire-Cookie-Decorating-2.jpg","width":2048,"height":1365},{"@type":"BreadcrumbList","@id":"https:\/\/thebelizecollection.com\/de\/folklore-am-feuer\/#breadcrumb","itemListElement":[{"@type":"ListItem","position":1,"name":"Home","item":"https:\/\/thebelizecollection.com\/de\/"},{"@type":"ListItem","position":2,"name":"Folklore am Feuer"}]},{"@type":"WebSite","@id":"https:\/\/thebelizecollection.com\/de\/#website","url":"https:\/\/thebelizecollection.com\/de\/","name":"The Belize Collection","description":"Everything Belize","potentialAction":[{"@type":"SearchAction","target":{"@type":"EntryPoint","urlTemplate":"https:\/\/thebelizecollection.com\/de\/?s={search_term_string}"},"query-input":{"@type":"PropertyValueSpecification","valueRequired":true,"valueName":"search_term_string"}}],"inLanguage":"de"}]}},"jetpack_sharing_enabled":true,"_links":{"self":[{"href":"https:\/\/thebelizecollection.com\/de\/wp-json\/wp\/v2\/pages\/77975","targetHints":{"allow":["GET"]}}],"collection":[{"href":"https:\/\/thebelizecollection.com\/de\/wp-json\/wp\/v2\/pages"}],"about":[{"href":"https:\/\/thebelizecollection.com\/de\/wp-json\/wp\/v2\/types\/page"}],"author":[{"embeddable":true,"href":"https:\/\/thebelizecollection.com\/de\/wp-json\/wp\/v2\/users\/4"}],"replies":[{"embeddable":true,"href":"https:\/\/thebelizecollection.com\/de\/wp-json\/wp\/v2\/comments?post=77975"}],"version-history":[{"count":1,"href":"https:\/\/thebelizecollection.com\/de\/wp-json\/wp\/v2\/pages\/77975\/revisions"}],"predecessor-version":[{"id":77980,"href":"https:\/\/thebelizecollection.com\/de\/wp-json\/wp\/v2\/pages\/77975\/revisions\/77980"}],"wp:featuredmedia":[{"embeddable":true,"href":"https:\/\/thebelizecollection.com\/de\/wp-json\/wp\/v2\/media\/77978"}],"wp:attachment":[{"href":"https:\/\/thebelizecollection.com\/de\/wp-json\/wp\/v2\/media?parent=77975"}],"wp:term":[{"taxonomy":"category","embeddable":true,"href":"https:\/\/thebelizecollection.com\/de\/wp-json\/wp\/v2\/categories?post=77975"},{"taxonomy":"post_tag","embeddable":true,"href":"https:\/\/thebelizecollection.com\/de\/wp-json\/wp\/v2\/tags?post=77975"}],"curies":[{"name":"wp","href":"https:\/\/api.w.org\/{rel}","templated":true}]}}