{"id":77998,"date":"2025-11-11T16:02:35","date_gmt":"2025-11-11T22:02:35","guid":{"rendered":"https:\/\/thebelizecollection.com\/weihnachtsbaumbeleuchtung-im-jaguar-reef\/"},"modified":"2026-05-11T10:28:33","modified_gmt":"2026-05-11T16:28:33","slug":"weihnachtsbaumbeleuchtung-im-jaguar-reef","status":"publish","type":"page","link":"https:\/\/thebelizecollection.com\/de\/weihnachtsbaumbeleuchtung-im-jaguar-reef\/","title":{"rendered":"Weihnachtsbaumbeleuchtung im Jaguar Reef"},"content":{"rendered":"\t\t<div data-elementor-type=\"wp-page\" data-elementor-id=\"77998\" class=\"elementor elementor-77998 elementor-64763\" data-elementor-post-type=\"page\">\n\t\t\t\t<div class=\"elementor-element elementor-element-531e954 e-con-full e-flex e-con e-parent\" data-id=\"531e954\" data-element_type=\"container\" data-e-type=\"container\" data-settings=\"{&quot;background_background&quot;:&quot;classic&quot;}\">\n\t\t\t\t<\/div>\n\t\t<div class=\"elementor-element elementor-element-3468037 e-flex e-con-boxed e-con e-parent\" data-id=\"3468037\" data-element_type=\"container\" data-e-type=\"container\">\n\t\t\t\t\t<div class=\"e-con-inner\">\n\t\t\t\t<div class=\"elementor-element elementor-element-f694c62 elementor-widget elementor-widget-spacer\" data-id=\"f694c62\" data-element_type=\"widget\" data-e-type=\"widget\" data-widget_type=\"spacer.default\">\n\t\t\t\t<div class=\"elementor-widget-container\">\n\t\t\t\t\t\t\t<div class=\"elementor-spacer\">\n\t\t\t<div class=\"elementor-spacer-inner\"><\/div>\n\t\t<\/div>\n\t\t\t\t\t\t<\/div>\n\t\t\t\t<\/div>\n\t\t\t\t\t<\/div>\n\t\t\t\t<\/div>\n\t\t<div class=\"elementor-element elementor-element-9e39366 e-flex e-con-boxed e-con e-parent\" data-id=\"9e39366\" data-element_type=\"container\" data-e-type=\"container\">\n\t\t\t\t\t<div class=\"e-con-inner\">\n\t\t<div class=\"elementor-element elementor-element-951ca31 e-con-full e-flex e-con e-child\" data-id=\"951ca31\" data-element_type=\"container\" data-e-type=\"container\">\n\t\t\t\t<div class=\"elementor-element elementor-element-3d4c006 elementor-widget elementor-widget-heading\" data-id=\"3d4c006\" data-element_type=\"widget\" data-e-type=\"widget\" data-widget_type=\"heading.default\">\n\t\t\t\t<div class=\"elementor-widget-container\">\n\t\t\t\t\t<h1 class=\"elementor-heading-title elementor-size-default\">Weihnachtsbaumbeleuchtung im Jaguar Reef<\/h1>\t\t\t\t<\/div>\n\t\t\t\t<\/div>\n\t\t\t\t<div class=\"elementor-element elementor-element-0bd3f14 elementor-widget elementor-widget-text-editor\" data-id=\"0bd3f14\" data-element_type=\"widget\" data-e-type=\"widget\" data-widget_type=\"text-editor.default\">\n\t\t\t\t<div class=\"elementor-widget-container\">\n\t\t\t\t\t\t\t\t\t<div class=\"elementor-element elementor-element-3fd73d8 elementor-widget elementor-widget-text-editor\" data-id=\"3fd73d8\" data-element_type=\"widget\" data-widget_type=\"text-editor.default\"><div class=\"elementor-widget-container\"><div class=\"elementor-element elementor-element-5853513 elementor-widget elementor-widget-text-editor\" data-id=\"5853513\" data-element_type=\"widget\" data-widget_type=\"text-editor.default\"><div class=\"elementor-widget-container\"><div class=\"elementor-element elementor-element-5853513 elementor-widget elementor-widget-text-editor\" data-id=\"5853513\" data-element_type=\"widget\" data-widget_type=\"text-editor.default\"><div class=\"elementor-widget-container\"><div class=\"elementor-element elementor-element-3fd73d8 elementor-widget elementor-widget-text-editor\" data-id=\"3fd73d8\" data-element_type=\"widget\" data-widget_type=\"text-editor.default\"><div class=\"elementor-widget-container\"><div class=\"elementor-element elementor-element-5853513 elementor-widget elementor-widget-text-editor\" data-id=\"5853513\" data-element_type=\"widget\" data-widget_type=\"text-editor.default\"><div class=\"elementor-widget-container\"><div class=\"elementor-element elementor-element-5853513 elementor-widget elementor-widget-text-editor\" data-id=\"5853513\" data-element_type=\"widget\" data-widget_type=\"text-editor.default\"><div class=\"elementor-widget-container\"><div class=\"elementor-element elementor-element-3fd73d8 elementor-widget elementor-widget-text-editor\" data-id=\"3fd73d8\" data-element_type=\"widget\" data-widget_type=\"text-editor.default\"><div class=\"elementor-widget-container\"><div class=\"elementor-element elementor-element-3fd73d8 elementor-widget elementor-widget-text-editor\" data-id=\"3fd73d8\" data-element_type=\"widget\" data-widget_type=\"text-editor.default\"><div class=\"elementor-widget-container\"><div class=\"elementor-element elementor-element-3fd73d8 elementor-widget elementor-widget-text-editor\" data-id=\"3fd73d8\" data-element_type=\"widget\" data-widget_type=\"text-editor.default\"><div class=\"elementor-widget-container\"><div class=\"elementor-element elementor-element-3fd73d8 elementor-widget elementor-widget-text-editor\" data-id=\"3fd73d8\" data-element_type=\"widget\" data-widget_type=\"text-editor.default\"><div class=\"elementor-widget-container\"><div class=\"elementor-element elementor-element-3fd73d8 elementor-widget elementor-widget-text-editor\" data-id=\"3fd73d8\" data-element_type=\"widget\" data-widget_type=\"text-editor.default\"><div class=\"elementor-widget-container\"><div class=\"elementor-element elementor-element-5853513 elementor-widget elementor-widget-text-editor\" data-id=\"5853513\" data-element_type=\"widget\" data-widget_type=\"text-editor.default\"><div class=\"elementor-widget-container\"><div class=\"elementor-element elementor-element-5853513 elementor-widget elementor-widget-text-editor\" data-id=\"5853513\" data-element_type=\"widget\" data-widget_type=\"text-editor.default\"><div class=\"elementor-widget-container\"><div class=\"elementor-element elementor-element-3fd73d8 elementor-widget elementor-widget-text-editor\" data-id=\"3fd73d8\" data-element_type=\"widget\" data-widget_type=\"text-editor.default\"><div class=\"elementor-widget-container\"><div class=\"elementor-element elementor-element-5853513 elementor-widget elementor-widget-text-editor\" data-id=\"5853513\" data-element_type=\"widget\" data-widget_type=\"text-editor.default\"><div class=\"elementor-widget-container\"><div class=\"elementor-element elementor-element-5853513 elementor-widget elementor-widget-text-editor\" data-id=\"5853513\" data-element_type=\"widget\" data-widget_type=\"text-editor.default\"><div class=\"elementor-widget-container\"><div class=\"elementor-element elementor-element-3fd73d8 elementor-widget elementor-widget-text-editor\" data-id=\"3fd73d8\" data-element_type=\"widget\" data-widget_type=\"text-editor.default\"><div class=\"elementor-widget-container\"><div class=\"elementor-element elementor-element-3fd73d8 elementor-widget elementor-widget-text-editor\" data-id=\"3fd73d8\" data-element_type=\"widget\" data-widget_type=\"text-editor.default\"><div class=\"elementor-widget-container\">Feiern Sie die Magie der Saison mit funkelnden Lichtern, festlichen Cocktails und weihnachtlicher Stimmung am Meer, w\u00e4hrend wir zusammenkommen, um die sch\u00f6nste Zeit des Jahres zu begr\u00fc\u00dfen. Senden Sie uns eine Nachricht an <a href=\"tel:+501 615-2167\">+501 615-2167<\/a>, um Ihren Platz zu reservieren. <\/div><\/div><\/div><\/div><\/div><\/div><\/div><\/div><\/div><\/div><\/div><\/div><\/div><\/div><\/div><\/div><\/div><\/div><\/div><\/div><\/div><\/div><\/div><\/div><\/div><\/div><\/div><\/div><\/div><\/div><\/div><\/div><\/div><\/div><\/div><\/div>\t\t\t\t\t\t\t\t<\/div>\n\t\t\t\t<\/div>\n\t\t\t\t<div class=\"elementor-element elementor-element-94f09b4 elementor-widget elementor-widget-text-editor\" data-id=\"94f09b4\" data-element_type=\"widget\" data-e-type=\"widget\" data-widget_type=\"text-editor.default\">\n\t\t\t\t<div class=\"elementor-widget-container\">\n\t\t\t\t\t\t\t\t\t<p><strong>Unterhaltung: <\/strong>Live-Musik von Ari &#038; Anton<\/p><p><strong>Ort: <span style=\"font-weight: 400;\">Unter dem Mandelbaum im Jaguar Reef<\/span><\/strong><\/p><p><strong>Datum:<\/strong> 21. November 2025<\/p><p><strong>Uhrzeit:<\/strong> 19:00\u201322:00 Uhr<\/p><p><strong>Preis:<\/strong> Freier Eintritt<\/p>\t\t\t\t\t\t\t\t<\/div>\n\t\t\t\t<\/div>\n\t\t\t\t<div class=\"elementor-element elementor-element-85682c3 elementor-mobile-align-center elementor-widget elementor-widget-button\" data-id=\"85682c3\" data-element_type=\"widget\" data-e-type=\"widget\" data-widget_type=\"button.default\">\n\t\t\t\t<div class=\"elementor-widget-container\">\n\t\t\t\t\t\t\t\t\t<div class=\"elementor-button-wrapper\">\n\t\t\t\t\t<a class=\"elementor-button elementor-button-link elementor-size-sm\" href=\"tel:+501%20615-2167\">\n\t\t\t\t\t\t<span class=\"elementor-button-content-wrapper\">\n\t\t\t\t\t\t\t\t\t<span class=\"elementor-button-text\">Hier klicken, um zuzusagen<\/span>\n\t\t\t\t\t<\/span>\n\t\t\t\t\t<\/a>\n\t\t\t\t<\/div>\n\t\t\t\t\t\t\t\t<\/div>\n\t\t\t\t<\/div>\n\t\t\t\t<\/div>\n\t\t<div class=\"elementor-element elementor-element-e524e5e e-con-full elementor-hidden-mobile e-flex e-con e-child\" data-id=\"e524e5e\" data-element_type=\"container\" data-e-type=\"container\" data-settings=\"{&quot;background_background&quot;:&quot;classic&quot;}\">\n\t\t\t\t<\/div>\n\t\t\t\t\t<\/div>\n\t\t\t\t<\/div>\n\t\t\t\t<\/div>\n\t\t","protected":false},"excerpt":{"rendered":"<p>Weihnachtsbaumbeleuchtung im Jaguar Reef Feiern Sie die Magie der Saison mit funkelnden Lichtern, festlichen Cocktails und weihnachtlicher Stimmung am Meer, w\u00e4hrend wir zusammenkommen, um die sch\u00f6nste Zeit des Jahres zu begr\u00fc\u00dfen. Senden Sie uns eine Nachricht an +501 615-2167, um Ihren Platz zu reservieren. Unterhaltung: Live-Musik von Ari &#038; Anton Ort: Unter dem Mandelbaum im [&hellip;]<\/p>\n","protected":false},"author":4,"featured_media":78001,"parent":0,"menu_order":0,"comment_status":"closed","ping_status":"closed","template":"page-full-width.php","meta":{"_acf_changed":false,"_vp_format_video_url":"","_vp_image_focal_point":[],"footnotes":""},"categories":[198],"tags":[],"class_list":["post-77998","page","type-page","status-publish","has-post-thumbnail","hentry","category-tbc-treffen"],"acf":[],"yoast_head":"<!-- This site is optimized with the Yoast SEO plugin v27.6 - https:\/\/yoast.com\/product\/yoast-seo-wordpress\/ -->\n<title>Weihnachtsbaumbeleuchtung im Jaguar Reef - The Belize Collection<\/title>\n<meta name=\"robots\" content=\"index, follow, max-snippet:-1, max-image-preview:large, max-video-preview:-1\" \/>\n<link rel=\"canonical\" href=\"https:\/\/thebelizecollection.com\/de\/weihnachtsbaumbeleuchtung-im-jaguar-reef\/\" \/>\n<meta property=\"og:locale\" content=\"de_DE\" \/>\n<meta property=\"og:type\" content=\"article\" \/>\n<meta property=\"og:title\" content=\"Weihnachtsbaumbeleuchtung im Jaguar Reef - The Belize Collection\" \/>\n<meta property=\"og:description\" content=\"Weihnachtsbaumbeleuchtung im Jaguar Reef Feiern Sie die Magie der Saison mit funkelnden Lichtern, festlichen Cocktails und weihnachtlicher Stimmung am Meer, w\u00e4hrend wir zusammenkommen, um die sch\u00f6nste Zeit des Jahres zu begr\u00fc\u00dfen. Senden Sie uns eine Nachricht an +501 615-2167, um Ihren Platz zu reservieren. Unterhaltung: Live-Musik von Ari &#038; Anton Ort: Unter dem Mandelbaum im [&hellip;]\" \/>\n<meta property=\"og:url\" content=\"https:\/\/thebelizecollection.com\/de\/weihnachtsbaumbeleuchtung-im-jaguar-reef\/\" \/>\n<meta property=\"og:site_name\" content=\"The Belize Collection\" \/>\n<meta property=\"article:modified_time\" content=\"2026-05-11T16:28:33+00:00\" \/>\n<meta property=\"og:image\" content=\"https:\/\/thebelizecollection.com\/wp-content\/uploads\/2025\/11\/JRL_TREE-LIGHTING_-WEBSITE_-2048X1365-2.png\" \/>\n\t<meta property=\"og:image:width\" content=\"2048\" \/>\n\t<meta property=\"og:image:height\" content=\"1365\" \/>\n\t<meta property=\"og:image:type\" content=\"image\/png\" \/>\n<meta name=\"twitter:card\" content=\"summary_large_image\" \/>\n<script type=\"application\/ld+json\" class=\"yoast-schema-graph\">{\"@context\":\"https:\\\/\\\/schema.org\",\"@graph\":[{\"@type\":\"WebPage\",\"@id\":\"https:\\\/\\\/thebelizecollection.com\\\/de\\\/weihnachtsbaumbeleuchtung-im-jaguar-reef\\\/\",\"url\":\"https:\\\/\\\/thebelizecollection.com\\\/de\\\/weihnachtsbaumbeleuchtung-im-jaguar-reef\\\/\",\"name\":\"Weihnachtsbaumbeleuchtung im Jaguar Reef - The Belize Collection\",\"isPartOf\":{\"@id\":\"https:\\\/\\\/thebelizecollection.com\\\/de\\\/#website\"},\"primaryImageOfPage\":{\"@id\":\"https:\\\/\\\/thebelizecollection.com\\\/de\\\/weihnachtsbaumbeleuchtung-im-jaguar-reef\\\/#primaryimage\"},\"image\":{\"@id\":\"https:\\\/\\\/thebelizecollection.com\\\/de\\\/weihnachtsbaumbeleuchtung-im-jaguar-reef\\\/#primaryimage\"},\"thumbnailUrl\":\"https:\\\/\\\/thebelizecollection.com\\\/wp-content\\\/uploads\\\/2025\\\/11\\\/JRL_TREE-LIGHTING_-WEBSITE_-2048X1365-2.png\",\"datePublished\":\"2025-11-11T22:02:35+00:00\",\"dateModified\":\"2026-05-11T16:28:33+00:00\",\"breadcrumb\":{\"@id\":\"https:\\\/\\\/thebelizecollection.com\\\/de\\\/weihnachtsbaumbeleuchtung-im-jaguar-reef\\\/#breadcrumb\"},\"inLanguage\":\"de\",\"potentialAction\":[{\"@type\":\"ReadAction\",\"target\":[\"https:\\\/\\\/thebelizecollection.com\\\/de\\\/weihnachtsbaumbeleuchtung-im-jaguar-reef\\\/\"]}]},{\"@type\":\"ImageObject\",\"inLanguage\":\"de\",\"@id\":\"https:\\\/\\\/thebelizecollection.com\\\/de\\\/weihnachtsbaumbeleuchtung-im-jaguar-reef\\\/#primaryimage\",\"url\":\"https:\\\/\\\/thebelizecollection.com\\\/wp-content\\\/uploads\\\/2025\\\/11\\\/JRL_TREE-LIGHTING_-WEBSITE_-2048X1365-2.png\",\"contentUrl\":\"https:\\\/\\\/thebelizecollection.com\\\/wp-content\\\/uploads\\\/2025\\\/11\\\/JRL_TREE-LIGHTING_-WEBSITE_-2048X1365-2.png\",\"width\":2048,\"height\":1365},{\"@type\":\"BreadcrumbList\",\"@id\":\"https:\\\/\\\/thebelizecollection.com\\\/de\\\/weihnachtsbaumbeleuchtung-im-jaguar-reef\\\/#breadcrumb\",\"itemListElement\":[{\"@type\":\"ListItem\",\"position\":1,\"name\":\"Home\",\"item\":\"https:\\\/\\\/thebelizecollection.com\\\/de\\\/\"},{\"@type\":\"ListItem\",\"position\":2,\"name\":\"Weihnachtsbaumbeleuchtung im Jaguar Reef\"}]},{\"@type\":\"WebSite\",\"@id\":\"https:\\\/\\\/thebelizecollection.com\\\/de\\\/#website\",\"url\":\"https:\\\/\\\/thebelizecollection.com\\\/de\\\/\",\"name\":\"The Belize Collection\",\"description\":\"Everything Belize\",\"potentialAction\":[{\"@type\":\"SearchAction\",\"target\":{\"@type\":\"EntryPoint\",\"urlTemplate\":\"https:\\\/\\\/thebelizecollection.com\\\/de\\\/?s={search_term_string}\"},\"query-input\":{\"@type\":\"PropertyValueSpecification\",\"valueRequired\":true,\"valueName\":\"search_term_string\"}}],\"inLanguage\":\"de\"}]}<\/script>\n<!-- \/ Yoast SEO plugin. -->","yoast_head_json":{"title":"Weihnachtsbaumbeleuchtung im Jaguar Reef - The Belize Collection","robots":{"index":"index","follow":"follow","max-snippet":"max-snippet:-1","max-image-preview":"max-image-preview:large","max-video-preview":"max-video-preview:-1"},"canonical":"https:\/\/thebelizecollection.com\/de\/weihnachtsbaumbeleuchtung-im-jaguar-reef\/","og_locale":"de_DE","og_type":"article","og_title":"Weihnachtsbaumbeleuchtung im Jaguar Reef - The Belize Collection","og_description":"Weihnachtsbaumbeleuchtung im Jaguar Reef Feiern Sie die Magie der Saison mit funkelnden Lichtern, festlichen Cocktails und weihnachtlicher Stimmung am Meer, w\u00e4hrend wir zusammenkommen, um die sch\u00f6nste Zeit des Jahres zu begr\u00fc\u00dfen. Senden Sie uns eine Nachricht an +501 615-2167, um Ihren Platz zu reservieren. Unterhaltung: Live-Musik von Ari &#038; Anton Ort: Unter dem Mandelbaum im [&hellip;]","og_url":"https:\/\/thebelizecollection.com\/de\/weihnachtsbaumbeleuchtung-im-jaguar-reef\/","og_site_name":"The Belize Collection","article_modified_time":"2026-05-11T16:28:33+00:00","og_image":[{"width":2048,"height":1365,"url":"https:\/\/thebelizecollection.com\/wp-content\/uploads\/2025\/11\/JRL_TREE-LIGHTING_-WEBSITE_-2048X1365-2.png","type":"image\/png"}],"twitter_card":"summary_large_image","schema":{"@context":"https:\/\/schema.org","@graph":[{"@type":"WebPage","@id":"https:\/\/thebelizecollection.com\/de\/weihnachtsbaumbeleuchtung-im-jaguar-reef\/","url":"https:\/\/thebelizecollection.com\/de\/weihnachtsbaumbeleuchtung-im-jaguar-reef\/","name":"Weihnachtsbaumbeleuchtung im Jaguar Reef - The Belize Collection","isPartOf":{"@id":"https:\/\/thebelizecollection.com\/de\/#website"},"primaryImageOfPage":{"@id":"https:\/\/thebelizecollection.com\/de\/weihnachtsbaumbeleuchtung-im-jaguar-reef\/#primaryimage"},"image":{"@id":"https:\/\/thebelizecollection.com\/de\/weihnachtsbaumbeleuchtung-im-jaguar-reef\/#primaryimage"},"thumbnailUrl":"https:\/\/thebelizecollection.com\/wp-content\/uploads\/2025\/11\/JRL_TREE-LIGHTING_-WEBSITE_-2048X1365-2.png","datePublished":"2025-11-11T22:02:35+00:00","dateModified":"2026-05-11T16:28:33+00:00","breadcrumb":{"@id":"https:\/\/thebelizecollection.com\/de\/weihnachtsbaumbeleuchtung-im-jaguar-reef\/#breadcrumb"},"inLanguage":"de","potentialAction":[{"@type":"ReadAction","target":["https:\/\/thebelizecollection.com\/de\/weihnachtsbaumbeleuchtung-im-jaguar-reef\/"]}]},{"@type":"ImageObject","inLanguage":"de","@id":"https:\/\/thebelizecollection.com\/de\/weihnachtsbaumbeleuchtung-im-jaguar-reef\/#primaryimage","url":"https:\/\/thebelizecollection.com\/wp-content\/uploads\/2025\/11\/JRL_TREE-LIGHTING_-WEBSITE_-2048X1365-2.png","contentUrl":"https:\/\/thebelizecollection.com\/wp-content\/uploads\/2025\/11\/JRL_TREE-LIGHTING_-WEBSITE_-2048X1365-2.png","width":2048,"height":1365},{"@type":"BreadcrumbList","@id":"https:\/\/thebelizecollection.com\/de\/weihnachtsbaumbeleuchtung-im-jaguar-reef\/#breadcrumb","itemListElement":[{"@type":"ListItem","position":1,"name":"Home","item":"https:\/\/thebelizecollection.com\/de\/"},{"@type":"ListItem","position":2,"name":"Weihnachtsbaumbeleuchtung im Jaguar Reef"}]},{"@type":"WebSite","@id":"https:\/\/thebelizecollection.com\/de\/#website","url":"https:\/\/thebelizecollection.com\/de\/","name":"The Belize Collection","description":"Everything Belize","potentialAction":[{"@type":"SearchAction","target":{"@type":"EntryPoint","urlTemplate":"https:\/\/thebelizecollection.com\/de\/?s={search_term_string}"},"query-input":{"@type":"PropertyValueSpecification","valueRequired":true,"valueName":"search_term_string"}}],"inLanguage":"de"}]}},"jetpack_sharing_enabled":true,"_links":{"self":[{"href":"https:\/\/thebelizecollection.com\/de\/wp-json\/wp\/v2\/pages\/77998","targetHints":{"allow":["GET"]}}],"collection":[{"href":"https:\/\/thebelizecollection.com\/de\/wp-json\/wp\/v2\/pages"}],"about":[{"href":"https:\/\/thebelizecollection.com\/de\/wp-json\/wp\/v2\/types\/page"}],"author":[{"embeddable":true,"href":"https:\/\/thebelizecollection.com\/de\/wp-json\/wp\/v2\/users\/4"}],"replies":[{"embeddable":true,"href":"https:\/\/thebelizecollection.com\/de\/wp-json\/wp\/v2\/comments?post=77998"}],"version-history":[{"count":1,"href":"https:\/\/thebelizecollection.com\/de\/wp-json\/wp\/v2\/pages\/77998\/revisions"}],"predecessor-version":[{"id":78007,"href":"https:\/\/thebelizecollection.com\/de\/wp-json\/wp\/v2\/pages\/77998\/revisions\/78007"}],"wp:featuredmedia":[{"embeddable":true,"href":"https:\/\/thebelizecollection.com\/de\/wp-json\/wp\/v2\/media\/78001"}],"wp:attachment":[{"href":"https:\/\/thebelizecollection.com\/de\/wp-json\/wp\/v2\/media?parent=77998"}],"wp:term":[{"taxonomy":"category","embeddable":true,"href":"https:\/\/thebelizecollection.com\/de\/wp-json\/wp\/v2\/categories?post=77998"},{"taxonomy":"post_tag","embeddable":true,"href":"https:\/\/thebelizecollection.com\/de\/wp-json\/wp\/v2\/tags?post=77998"}],"curies":[{"name":"wp","href":"https:\/\/api.w.org\/{rel}","templated":true}]}}