{"id":78016,"date":"2025-10-14T12:27:49","date_gmt":"2025-10-14T18:27:49","guid":{"rendered":"https:\/\/thebelizecollection.com\/dia-de-muertos-taco-bar\/"},"modified":"2026-05-11T10:28:49","modified_gmt":"2026-05-11T16:28:49","slug":"dia-de-muertos-taco-bar","status":"publish","type":"page","link":"https:\/\/thebelizecollection.com\/de\/dia-de-muertos-taco-bar\/","title":{"rendered":"Dia De Muertos Taco-Bar"},"content":{"rendered":"\t\t<div data-elementor-type=\"wp-page\" data-elementor-id=\"78016\" class=\"elementor elementor-78016 elementor-63991\" data-elementor-post-type=\"page\">\n\t\t\t\t<div class=\"elementor-element elementor-element-34e02c1 e-con-full e-flex e-con e-parent\" data-id=\"34e02c1\" data-element_type=\"container\" data-e-type=\"container\" data-settings=\"{&quot;background_background&quot;:&quot;classic&quot;}\">\n\t\t\t\t<\/div>\n\t\t<div class=\"elementor-element elementor-element-75aa95e e-flex e-con-boxed e-con e-parent\" data-id=\"75aa95e\" data-element_type=\"container\" data-e-type=\"container\">\n\t\t\t\t\t<div class=\"e-con-inner\">\n\t\t\t\t<div class=\"elementor-element elementor-element-5fdb01c elementor-widget elementor-widget-spacer\" data-id=\"5fdb01c\" data-element_type=\"widget\" data-e-type=\"widget\" data-widget_type=\"spacer.default\">\n\t\t\t\t<div class=\"elementor-widget-container\">\n\t\t\t\t\t\t\t<div class=\"elementor-spacer\">\n\t\t\t<div class=\"elementor-spacer-inner\"><\/div>\n\t\t<\/div>\n\t\t\t\t\t\t<\/div>\n\t\t\t\t<\/div>\n\t\t\t\t\t<\/div>\n\t\t\t\t<\/div>\n\t\t<div class=\"elementor-element elementor-element-e048493 e-flex e-con-boxed e-con e-parent\" data-id=\"e048493\" data-element_type=\"container\" data-e-type=\"container\">\n\t\t\t\t\t<div class=\"e-con-inner\">\n\t\t<div class=\"elementor-element elementor-element-e606d7b e-con-full e-flex e-con e-child\" data-id=\"e606d7b\" data-element_type=\"container\" data-e-type=\"container\">\n\t\t\t\t<div class=\"elementor-element elementor-element-35606e6 elementor-widget elementor-widget-heading\" data-id=\"35606e6\" data-element_type=\"widget\" data-e-type=\"widget\" data-widget_type=\"heading.default\">\n\t\t\t\t<div class=\"elementor-widget-container\">\n\t\t\t\t\t<h1 class=\"elementor-heading-title elementor-size-default\">Dia De Muertos im The Grove House<\/h1>\t\t\t\t<\/div>\n\t\t\t\t<\/div>\n\t\t\t\t<div class=\"elementor-element elementor-element-4c6b0b3 elementor-widget elementor-widget-text-editor\" data-id=\"4c6b0b3\" data-element_type=\"widget\" data-e-type=\"widget\" data-widget_type=\"text-editor.default\">\n\t\t\t\t<div class=\"elementor-widget-container\">\n\t\t\t\t\t\t\t\t\t<p>Feiern Sie D\u00eda de Muertos in der Rainforest Lodge at Sleeping Giant mit unserer festlichen Taco-Bar. Genie\u00dfen Sie k\u00f6stliche, authentische Aromen, tauchen Sie ein in die farbenfrohe, lebendige Atmosph\u00e4re und erleben Sie einen unterhaltsamen Abend zu Ehren dieser besonderen Tradition. Bringen Sie Ihre Freunde und Familie mit und machen Sie die Nacht zu einem Erlebnis voller Geschmack, Spa\u00df und Feierlichkeiten.  <\/p>\t\t\t\t\t\t\t\t<\/div>\n\t\t\t\t<\/div>\n\t\t\t\t<div class=\"elementor-element elementor-element-a60223b elementor-widget elementor-widget-text-editor\" data-id=\"a60223b\" data-element_type=\"widget\" data-e-type=\"widget\" data-widget_type=\"text-editor.default\">\n\t\t\t\t<div class=\"elementor-widget-container\">\n\t\t\t\t\t\t\t\t\t<p><strong>Veranstaltungsort:<\/strong> The Grove House at Sleeping Giant<\/p><p><strong>Datum:<\/strong> 1. November 2025<\/p><p><strong>Zeit:<\/strong> 18:00 Uhr bis 21:00 Uhr<\/p><p><strong>Eintrittspreis: <\/strong>75 BZD pro Person + MwSt. <\/p>\t\t\t\t\t\t\t\t<\/div>\n\t\t\t\t<\/div>\n\t\t\t\t<div class=\"elementor-element elementor-element-25afa3f elementor-widget elementor-widget-heading\" data-id=\"25afa3f\" data-element_type=\"widget\" data-e-type=\"widget\" data-widget_type=\"heading.default\">\n\t\t\t\t<div class=\"elementor-widget-container\">\n\t\t\t\t\t<h1 class=\"elementor-heading-title elementor-size-default\">Highlights der Veranstaltung<\/h1>\t\t\t\t<\/div>\n\t\t\t\t<\/div>\n\t\t\t\t<div class=\"elementor-element elementor-element-6caafd2 elementor-widget elementor-widget-text-editor\" data-id=\"6caafd2\" data-element_type=\"widget\" data-e-type=\"widget\" data-widget_type=\"text-editor.default\">\n\t\t\t\t<div class=\"elementor-widget-container\">\n\t\t\t\t\t\t\t\t\t<ul><li>Taco-Station<\/li><li>Live-Marimba-Band<\/li><\/ul>\t\t\t\t\t\t\t\t<\/div>\n\t\t\t\t<\/div>\n\t\t\t\t<div class=\"elementor-element elementor-element-2db15f8 elementor-widget elementor-widget-button\" data-id=\"2db15f8\" data-element_type=\"widget\" data-e-type=\"widget\" data-widget_type=\"button.default\">\n\t\t\t\t<div class=\"elementor-widget-container\">\n\t\t\t\t\t\t\t\t\t<div class=\"elementor-button-wrapper\">\n\t\t\t\t\t<a class=\"elementor-button elementor-button-link elementor-size-sm\" href=\"tel:+501-610-4333\">\n\t\t\t\t\t\t<span class=\"elementor-button-content-wrapper\">\n\t\t\t\t\t\t\t\t\t<span class=\"elementor-button-text\">Hier klicken, um zuzusagen<\/span>\n\t\t\t\t\t<\/span>\n\t\t\t\t\t<\/a>\n\t\t\t\t<\/div>\n\t\t\t\t\t\t\t\t<\/div>\n\t\t\t\t<\/div>\n\t\t\t\t<\/div>\n\t\t<div class=\"elementor-element elementor-element-d99112a e-con-full e-flex e-con e-child\" data-id=\"d99112a\" data-element_type=\"container\" data-e-type=\"container\" data-settings=\"{&quot;background_background&quot;:&quot;classic&quot;}\">\n\t\t\t\t<\/div>\n\t\t\t\t\t<\/div>\n\t\t\t\t<\/div>\n\t\t<div class=\"elementor-element elementor-element-5028e96 e-flex e-con-boxed e-con e-parent\" data-id=\"5028e96\" data-element_type=\"container\" data-e-type=\"container\">\n\t\t\t\t\t<div class=\"e-con-inner\">\n\t\t\t\t<div class=\"elementor-element elementor-element-b0127b3 elementor-widget elementor-widget-spacer\" data-id=\"b0127b3\" data-element_type=\"widget\" data-e-type=\"widget\" data-widget_type=\"spacer.default\">\n\t\t\t\t<div class=\"elementor-widget-container\">\n\t\t\t\t\t\t\t<div class=\"elementor-spacer\">\n\t\t\t<div class=\"elementor-spacer-inner\"><\/div>\n\t\t<\/div>\n\t\t\t\t\t\t<\/div>\n\t\t\t\t<\/div>\n\t\t\t\t\t<\/div>\n\t\t\t\t<\/div>\n\t\t\t\t<\/div>\n\t\t","protected":false},"excerpt":{"rendered":"<p>Dia De Muertos im The Grove House Feiern Sie D\u00eda de Muertos in der Rainforest Lodge at Sleeping Giant mit unserer festlichen Taco-Bar. Genie\u00dfen Sie k\u00f6stliche, authentische Aromen, tauchen Sie ein in die farbenfrohe, lebendige Atmosph\u00e4re und erleben Sie einen unterhaltsamen Abend zu Ehren dieser besonderen Tradition. Bringen Sie Ihre Freunde und Familie mit und [&hellip;]<\/p>\n","protected":false},"author":4,"featured_media":78024,"parent":0,"menu_order":0,"comment_status":"closed","ping_status":"closed","template":"page-full-width.php","meta":{"_acf_changed":false,"_vp_format_video_url":"","_vp_image_focal_point":[],"footnotes":""},"categories":[198],"tags":[],"class_list":["post-78016","page","type-page","status-publish","has-post-thumbnail","hentry","category-tbc-treffen"],"acf":[],"yoast_head":"<!-- This site is optimized with the Yoast SEO plugin v27.6 - https:\/\/yoast.com\/product\/yoast-seo-wordpress\/ -->\n<title>Dia De Muertos Taco-Bar - The Belize Collection<\/title>\n<meta name=\"robots\" content=\"index, follow, max-snippet:-1, max-image-preview:large, max-video-preview:-1\" \/>\n<link rel=\"canonical\" href=\"https:\/\/thebelizecollection.com\/de\/dia-de-muertos-taco-bar\/\" \/>\n<meta property=\"og:locale\" content=\"de_DE\" \/>\n<meta property=\"og:type\" content=\"article\" \/>\n<meta property=\"og:title\" content=\"Dia De Muertos Taco-Bar - The Belize Collection\" \/>\n<meta property=\"og:description\" content=\"Dia De Muertos im The Grove House Feiern Sie D\u00eda de Muertos in der Rainforest Lodge at Sleeping Giant mit unserer festlichen Taco-Bar. Genie\u00dfen Sie k\u00f6stliche, authentische Aromen, tauchen Sie ein in die farbenfrohe, lebendige Atmosph\u00e4re und erleben Sie einen unterhaltsamen Abend zu Ehren dieser besonderen Tradition. Bringen Sie Ihre Freunde und Familie mit und [&hellip;]\" \/>\n<meta property=\"og:url\" content=\"https:\/\/thebelizecollection.com\/de\/dia-de-muertos-taco-bar\/\" \/>\n<meta property=\"og:site_name\" content=\"The Belize Collection\" \/>\n<meta property=\"article:modified_time\" content=\"2026-05-11T16:28:49+00:00\" \/>\n<meta property=\"og:image\" content=\"https:\/\/thebelizecollection.com\/wp-content\/uploads\/2025\/10\/Grove-House-Dia-de-Muertos-7-1.png\" \/>\n\t<meta property=\"og:image:width\" content=\"2048\" \/>\n\t<meta property=\"og:image:height\" content=\"1365\" \/>\n\t<meta property=\"og:image:type\" content=\"image\/png\" \/>\n<meta name=\"twitter:card\" content=\"summary_large_image\" \/>\n<script type=\"application\/ld+json\" class=\"yoast-schema-graph\">{\"@context\":\"https:\\\/\\\/schema.org\",\"@graph\":[{\"@type\":\"WebPage\",\"@id\":\"https:\\\/\\\/thebelizecollection.com\\\/de\\\/dia-de-muertos-taco-bar\\\/\",\"url\":\"https:\\\/\\\/thebelizecollection.com\\\/de\\\/dia-de-muertos-taco-bar\\\/\",\"name\":\"Dia De Muertos Taco-Bar - The Belize Collection\",\"isPartOf\":{\"@id\":\"https:\\\/\\\/thebelizecollection.com\\\/de\\\/#website\"},\"primaryImageOfPage\":{\"@id\":\"https:\\\/\\\/thebelizecollection.com\\\/de\\\/dia-de-muertos-taco-bar\\\/#primaryimage\"},\"image\":{\"@id\":\"https:\\\/\\\/thebelizecollection.com\\\/de\\\/dia-de-muertos-taco-bar\\\/#primaryimage\"},\"thumbnailUrl\":\"https:\\\/\\\/thebelizecollection.com\\\/wp-content\\\/uploads\\\/2025\\\/10\\\/Grove-House-Dia-de-Muertos-7-1.png\",\"datePublished\":\"2025-10-14T18:27:49+00:00\",\"dateModified\":\"2026-05-11T16:28:49+00:00\",\"breadcrumb\":{\"@id\":\"https:\\\/\\\/thebelizecollection.com\\\/de\\\/dia-de-muertos-taco-bar\\\/#breadcrumb\"},\"inLanguage\":\"de\",\"potentialAction\":[{\"@type\":\"ReadAction\",\"target\":[\"https:\\\/\\\/thebelizecollection.com\\\/de\\\/dia-de-muertos-taco-bar\\\/\"]}]},{\"@type\":\"ImageObject\",\"inLanguage\":\"de\",\"@id\":\"https:\\\/\\\/thebelizecollection.com\\\/de\\\/dia-de-muertos-taco-bar\\\/#primaryimage\",\"url\":\"https:\\\/\\\/thebelizecollection.com\\\/wp-content\\\/uploads\\\/2025\\\/10\\\/Grove-House-Dia-de-Muertos-7-1.png\",\"contentUrl\":\"https:\\\/\\\/thebelizecollection.com\\\/wp-content\\\/uploads\\\/2025\\\/10\\\/Grove-House-Dia-de-Muertos-7-1.png\",\"width\":2048,\"height\":1365},{\"@type\":\"BreadcrumbList\",\"@id\":\"https:\\\/\\\/thebelizecollection.com\\\/de\\\/dia-de-muertos-taco-bar\\\/#breadcrumb\",\"itemListElement\":[{\"@type\":\"ListItem\",\"position\":1,\"name\":\"Home\",\"item\":\"https:\\\/\\\/thebelizecollection.com\\\/de\\\/\"},{\"@type\":\"ListItem\",\"position\":2,\"name\":\"Dia De Muertos Taco-Bar\"}]},{\"@type\":\"WebSite\",\"@id\":\"https:\\\/\\\/thebelizecollection.com\\\/de\\\/#website\",\"url\":\"https:\\\/\\\/thebelizecollection.com\\\/de\\\/\",\"name\":\"The Belize Collection\",\"description\":\"Everything Belize\",\"potentialAction\":[{\"@type\":\"SearchAction\",\"target\":{\"@type\":\"EntryPoint\",\"urlTemplate\":\"https:\\\/\\\/thebelizecollection.com\\\/de\\\/?s={search_term_string}\"},\"query-input\":{\"@type\":\"PropertyValueSpecification\",\"valueRequired\":true,\"valueName\":\"search_term_string\"}}],\"inLanguage\":\"de\"}]}<\/script>\n<!-- \/ Yoast SEO plugin. -->","yoast_head_json":{"title":"Dia De Muertos Taco-Bar - The Belize Collection","robots":{"index":"index","follow":"follow","max-snippet":"max-snippet:-1","max-image-preview":"max-image-preview:large","max-video-preview":"max-video-preview:-1"},"canonical":"https:\/\/thebelizecollection.com\/de\/dia-de-muertos-taco-bar\/","og_locale":"de_DE","og_type":"article","og_title":"Dia De Muertos Taco-Bar - The Belize Collection","og_description":"Dia De Muertos im The Grove House Feiern Sie D\u00eda de Muertos in der Rainforest Lodge at Sleeping Giant mit unserer festlichen Taco-Bar. Genie\u00dfen Sie k\u00f6stliche, authentische Aromen, tauchen Sie ein in die farbenfrohe, lebendige Atmosph\u00e4re und erleben Sie einen unterhaltsamen Abend zu Ehren dieser besonderen Tradition. Bringen Sie Ihre Freunde und Familie mit und [&hellip;]","og_url":"https:\/\/thebelizecollection.com\/de\/dia-de-muertos-taco-bar\/","og_site_name":"The Belize Collection","article_modified_time":"2026-05-11T16:28:49+00:00","og_image":[{"width":2048,"height":1365,"url":"https:\/\/thebelizecollection.com\/wp-content\/uploads\/2025\/10\/Grove-House-Dia-de-Muertos-7-1.png","type":"image\/png"}],"twitter_card":"summary_large_image","schema":{"@context":"https:\/\/schema.org","@graph":[{"@type":"WebPage","@id":"https:\/\/thebelizecollection.com\/de\/dia-de-muertos-taco-bar\/","url":"https:\/\/thebelizecollection.com\/de\/dia-de-muertos-taco-bar\/","name":"Dia De Muertos Taco-Bar - The Belize Collection","isPartOf":{"@id":"https:\/\/thebelizecollection.com\/de\/#website"},"primaryImageOfPage":{"@id":"https:\/\/thebelizecollection.com\/de\/dia-de-muertos-taco-bar\/#primaryimage"},"image":{"@id":"https:\/\/thebelizecollection.com\/de\/dia-de-muertos-taco-bar\/#primaryimage"},"thumbnailUrl":"https:\/\/thebelizecollection.com\/wp-content\/uploads\/2025\/10\/Grove-House-Dia-de-Muertos-7-1.png","datePublished":"2025-10-14T18:27:49+00:00","dateModified":"2026-05-11T16:28:49+00:00","breadcrumb":{"@id":"https:\/\/thebelizecollection.com\/de\/dia-de-muertos-taco-bar\/#breadcrumb"},"inLanguage":"de","potentialAction":[{"@type":"ReadAction","target":["https:\/\/thebelizecollection.com\/de\/dia-de-muertos-taco-bar\/"]}]},{"@type":"ImageObject","inLanguage":"de","@id":"https:\/\/thebelizecollection.com\/de\/dia-de-muertos-taco-bar\/#primaryimage","url":"https:\/\/thebelizecollection.com\/wp-content\/uploads\/2025\/10\/Grove-House-Dia-de-Muertos-7-1.png","contentUrl":"https:\/\/thebelizecollection.com\/wp-content\/uploads\/2025\/10\/Grove-House-Dia-de-Muertos-7-1.png","width":2048,"height":1365},{"@type":"BreadcrumbList","@id":"https:\/\/thebelizecollection.com\/de\/dia-de-muertos-taco-bar\/#breadcrumb","itemListElement":[{"@type":"ListItem","position":1,"name":"Home","item":"https:\/\/thebelizecollection.com\/de\/"},{"@type":"ListItem","position":2,"name":"Dia De Muertos Taco-Bar"}]},{"@type":"WebSite","@id":"https:\/\/thebelizecollection.com\/de\/#website","url":"https:\/\/thebelizecollection.com\/de\/","name":"The Belize Collection","description":"Everything Belize","potentialAction":[{"@type":"SearchAction","target":{"@type":"EntryPoint","urlTemplate":"https:\/\/thebelizecollection.com\/de\/?s={search_term_string}"},"query-input":{"@type":"PropertyValueSpecification","valueRequired":true,"valueName":"search_term_string"}}],"inLanguage":"de"}]}},"jetpack_sharing_enabled":true,"_links":{"self":[{"href":"https:\/\/thebelizecollection.com\/de\/wp-json\/wp\/v2\/pages\/78016","targetHints":{"allow":["GET"]}}],"collection":[{"href":"https:\/\/thebelizecollection.com\/de\/wp-json\/wp\/v2\/pages"}],"about":[{"href":"https:\/\/thebelizecollection.com\/de\/wp-json\/wp\/v2\/types\/page"}],"author":[{"embeddable":true,"href":"https:\/\/thebelizecollection.com\/de\/wp-json\/wp\/v2\/users\/4"}],"replies":[{"embeddable":true,"href":"https:\/\/thebelizecollection.com\/de\/wp-json\/wp\/v2\/comments?post=78016"}],"version-history":[{"count":1,"href":"https:\/\/thebelizecollection.com\/de\/wp-json\/wp\/v2\/pages\/78016\/revisions"}],"predecessor-version":[{"id":78025,"href":"https:\/\/thebelizecollection.com\/de\/wp-json\/wp\/v2\/pages\/78016\/revisions\/78025"}],"wp:featuredmedia":[{"embeddable":true,"href":"https:\/\/thebelizecollection.com\/de\/wp-json\/wp\/v2\/media\/78024"}],"wp:attachment":[{"href":"https:\/\/thebelizecollection.com\/de\/wp-json\/wp\/v2\/media?parent=78016"}],"wp:term":[{"taxonomy":"category","embeddable":true,"href":"https:\/\/thebelizecollection.com\/de\/wp-json\/wp\/v2\/categories?post=78016"},{"taxonomy":"post_tag","embeddable":true,"href":"https:\/\/thebelizecollection.com\/de\/wp-json\/wp\/v2\/tags?post=78016"}],"curies":[{"name":"wp","href":"https:\/\/api.w.org\/{rel}","templated":true}]}}