{"id":68881,"date":"2026-02-07T09:26:47","date_gmt":"2026-02-07T15:26:47","guid":{"rendered":"https:\/\/thebelizecollection.com\/un-brindis-por-lo-salvaje\/"},"modified":"2026-04-20T10:11:06","modified_gmt":"2026-04-20T16:11:06","slug":"un-brindis-por-lo-salvaje","status":"publish","type":"page","link":"https:\/\/thebelizecollection.com\/es\/un-brindis-por-lo-salvaje\/","title":{"rendered":"Un brindis por lo salvaje"},"content":{"rendered":"\t\t<div data-elementor-type=\"wp-page\" data-elementor-id=\"68881\" class=\"elementor elementor-68881 elementor-67216\" data-elementor-post-type=\"page\">\n\t\t\t\t<div class=\"elementor-element elementor-element-287690d e-con-full elementor-hidden-mobile e-flex e-con e-parent\" data-id=\"287690d\" data-element_type=\"container\" data-e-type=\"container\" data-settings=\"{&quot;background_background&quot;:&quot;classic&quot;}\">\n\t\t\t\t<\/div>\n\t\t<div class=\"elementor-element elementor-element-7e32a51 e-flex e-con-boxed e-con e-parent\" data-id=\"7e32a51\" data-element_type=\"container\" data-e-type=\"container\">\n\t\t\t\t\t<div class=\"e-con-inner\">\n\t\t\t\t<div class=\"elementor-element elementor-element-8b0fce4 elementor-widget elementor-widget-spacer\" data-id=\"8b0fce4\" data-element_type=\"widget\" data-e-type=\"widget\" data-widget_type=\"spacer.default\">\n\t\t\t\t<div class=\"elementor-widget-container\">\n\t\t\t\t\t\t\t<div class=\"elementor-spacer\">\n\t\t\t<div class=\"elementor-spacer-inner\"><\/div>\n\t\t<\/div>\n\t\t\t\t\t\t<\/div>\n\t\t\t\t<\/div>\n\t\t\t\t\t<\/div>\n\t\t\t\t<\/div>\n\t\t<div class=\"elementor-element elementor-element-a507215 e-flex e-con-boxed e-con e-parent\" data-id=\"a507215\" data-element_type=\"container\" data-e-type=\"container\">\n\t\t\t\t\t<div class=\"e-con-inner\">\n\t\t<div class=\"elementor-element elementor-element-7fdd774 e-con-full e-flex e-con e-child\" data-id=\"7fdd774\" data-element_type=\"container\" data-e-type=\"container\">\n\t\t\t\t<div class=\"elementor-element elementor-element-f0828dd elementor-widget elementor-widget-heading\" data-id=\"f0828dd\" data-element_type=\"widget\" data-e-type=\"widget\" data-widget_type=\"heading.default\">\n\t\t\t\t<div class=\"elementor-widget-container\">\n\t\t\t\t\t<h1 class=\"elementor-heading-title elementor-size-default\">Un brindis por lo salvaje<\/h1>\t\t\t\t<\/div>\n\t\t\t\t<\/div>\n\t\t\t\t<div class=\"elementor-element elementor-element-5c623c2 elementor-widget elementor-widget-text-editor\" data-id=\"5c623c2\" data-element_type=\"widget\" data-e-type=\"widget\" data-widget_type=\"text-editor.default\">\n\t\t\t\t<div class=\"elementor-widget-container\">\n\t\t\t\t\t\t\t\t\t<div class=\"elementor-element elementor-element-3fd73d8 elementor-widget elementor-widget-text-editor\" data-id=\"3fd73d8\" data-element_type=\"widget\" data-widget_type=\"text-editor.default\"><div class=\"elementor-widget-container\">\u00bfBusca una forma de celebrar la Hora del Planeta? Acomp\u00e1\u00f1enos en una velada inolvidable con Belize Wild Cats. La primera hora comienza en el Big Dock Bar con una hora de c\u00f3cteles, seguida de una cena junto a la playa bajo el almendro. Cada entrada apoya la reforestaci\u00f3n, la conservaci\u00f3n de los felinos salvajes y a Belize Wild Cats.<\/div><\/div>\t\t\t\t\t\t\t\t<\/div>\n\t\t\t\t<\/div>\n\t\t\t\t<div class=\"elementor-element elementor-element-8f93bc4 elementor-widget elementor-widget-text-editor\" data-id=\"8f93bc4\" data-element_type=\"widget\" data-e-type=\"widget\" data-widget_type=\"text-editor.default\">\n\t\t\t\t<div class=\"elementor-widget-container\">\n\t\t\t\t\t\t\t\t\t<p><strong>Ubicaci\u00f3n: <\/strong>Big Dock Bar<\/p><p><strong>Fecha:<\/strong> 22 de marzo de 2026<\/p><p><strong>Hora:<\/strong> 17:00 &#8211; 21:00<\/p><p><strong>Precio:<\/strong> 100 $ BZD por persona<\/p>\t\t\t\t\t\t\t\t<\/div>\n\t\t\t\t<\/div>\n\t\t\t\t<div class=\"elementor-element elementor-element-4447ca2 elementor-widget elementor-widget-button\" data-id=\"4447ca2\" data-element_type=\"widget\" data-e-type=\"widget\" data-widget_type=\"button.default\">\n\t\t\t\t<div class=\"elementor-widget-container\">\n\t\t\t\t\t\t\t\t\t<div class=\"elementor-button-wrapper\">\n\t\t\t\t\t<a class=\"elementor-button elementor-button-link elementor-size-sm\" href=\"mailto:reservations@thebelizecollection.com\">\n\t\t\t\t\t\t<span class=\"elementor-button-content-wrapper\">\n\t\t\t\t\t\t\t\t\t<span class=\"elementor-button-text\">Haga clic aqu\u00ed para confirmar su asistencia<\/span>\n\t\t\t\t\t<\/span>\n\t\t\t\t\t<\/a>\n\t\t\t\t<\/div>\n\t\t\t\t\t\t\t\t<\/div>\n\t\t\t\t<\/div>\n\t\t\t\t<\/div>\n\t\t<div class=\"elementor-element elementor-element-3adf8b1 e-con-full e-flex e-con e-child\" data-id=\"3adf8b1\" data-element_type=\"container\" data-e-type=\"container\" data-settings=\"{&quot;background_background&quot;:&quot;classic&quot;}\">\n\t\t\t\t<div class=\"elementor-element elementor-element-9479002 elementor-widget elementor-widget-spacer\" data-id=\"9479002\" data-element_type=\"widget\" data-e-type=\"widget\" data-widget_type=\"spacer.default\">\n\t\t\t\t<div class=\"elementor-widget-container\">\n\t\t\t\t\t\t\t<div class=\"elementor-spacer\">\n\t\t\t<div class=\"elementor-spacer-inner\"><\/div>\n\t\t<\/div>\n\t\t\t\t\t\t<\/div>\n\t\t\t\t<\/div>\n\t\t\t\t<\/div>\n\t\t\t\t\t<\/div>\n\t\t\t\t<\/div>\n\t\t<div class=\"elementor-element elementor-element-13b4b10 e-flex e-con-boxed e-con e-parent\" data-id=\"13b4b10\" data-element_type=\"container\" data-e-type=\"container\">\n\t\t\t\t\t<div class=\"e-con-inner\">\n\t\t\t\t<div class=\"elementor-element elementor-element-4e49227 elementor-widget elementor-widget-spacer\" data-id=\"4e49227\" data-element_type=\"widget\" data-e-type=\"widget\" data-widget_type=\"spacer.default\">\n\t\t\t\t<div class=\"elementor-widget-container\">\n\t\t\t\t\t\t\t<div class=\"elementor-spacer\">\n\t\t\t<div class=\"elementor-spacer-inner\"><\/div>\n\t\t<\/div>\n\t\t\t\t\t\t<\/div>\n\t\t\t\t<\/div>\n\t\t\t\t\t<\/div>\n\t\t\t\t<\/div>\n\t\t<div class=\"elementor-element elementor-element-ffb5134 e-flex e-con-boxed e-con e-parent\" data-id=\"ffb5134\" data-element_type=\"container\" data-e-type=\"container\">\n\t\t\t\t\t<div class=\"e-con-inner\">\n\t\t\t\t<div class=\"elementor-element elementor-element-0c09dfd elementor-widget elementor-widget-heading\" data-id=\"0c09dfd\" data-element_type=\"widget\" data-e-type=\"widget\" data-widget_type=\"heading.default\">\n\t\t\t\t<div class=\"elementor-widget-container\">\n\t\t\t\t\t<h1 class=\"elementor-heading-title elementor-size-default\">Acerca de Belize Wild Cats<\/h1>\t\t\t\t<\/div>\n\t\t\t\t<\/div>\n\t\t\t\t<div class=\"elementor-element elementor-element-5f8cf92 elementor-widget elementor-widget-text-editor\" data-id=\"5f8cf92\" data-element_type=\"widget\" data-e-type=\"widget\" data-widget_type=\"text-editor.default\">\n\t\t\t\t<div class=\"elementor-widget-container\">\n\t\t\t\t\t\t\t\t\t<div class=\"elementor-element elementor-element-3fd73d8 elementor-widget elementor-widget-text-editor\" data-id=\"3fd73d8\" data-element_type=\"widget\" data-widget_type=\"text-editor.default\"><div class=\"elementor-widget-container\"><p>Belize Wild Cats se dedica a mantener a los felinos salvajes de Belice libres y en pleno auge. Nos centramos en mitigar las amenazas, implicar a las comunidades y ofrecer educaci\u00f3n, a la vez que realizamos investigaci\u00f3n durante todo el a\u00f1o sobre las cinco especies felinas aut\u00f3ctonas, especialmente el margay y el jaguarundi, menos estudiados. En colaboraci\u00f3n con The Belize Collection, tambi\u00e9n restauramos h\u00e1bitats creando corredores de vida silvestre, ayudando a los felinos a ampliar sus territorios y a reforzar sus poblaciones.  <\/p><\/div><\/div>\t\t\t\t\t\t\t\t<\/div>\n\t\t\t\t<\/div>\n\t\t\t\t\t<\/div>\n\t\t\t\t<\/div>\n\t\t<div class=\"elementor-element elementor-element-edf4035 e-flex e-con-boxed e-con e-parent\" data-id=\"edf4035\" data-element_type=\"container\" data-e-type=\"container\">\n\t\t\t\t\t<div class=\"e-con-inner\">\n\t\t\t\t<div class=\"elementor-element elementor-element-f3f20e0 elementor-widget elementor-widget-spacer\" data-id=\"f3f20e0\" data-element_type=\"widget\" data-e-type=\"widget\" data-widget_type=\"spacer.default\">\n\t\t\t\t<div class=\"elementor-widget-container\">\n\t\t\t\t\t\t\t<div class=\"elementor-spacer\">\n\t\t\t<div class=\"elementor-spacer-inner\"><\/div>\n\t\t<\/div>\n\t\t\t\t\t\t<\/div>\n\t\t\t\t<\/div>\n\t\t\t\t\t<\/div>\n\t\t\t\t<\/div>\n\t\t\t\t<\/div>\n\t\t","protected":false},"excerpt":{"rendered":"<p>Un brindis por lo salvaje \u00bfBusca una forma de celebrar la Hora del Planeta? Acomp\u00e1\u00f1enos en una velada inolvidable con Belize Wild Cats. La primera hora comienza en el Big Dock Bar con una hora de c\u00f3cteles, seguida de una cena junto a la playa bajo el almendro. Cada entrada apoya la reforestaci\u00f3n, la conservaci\u00f3n [&hellip;]<\/p>\n","protected":false},"author":4,"featured_media":67236,"parent":0,"menu_order":0,"comment_status":"closed","ping_status":"closed","template":"page-full-width.php","meta":{"_acf_changed":false,"_vp_format_video_url":"","_vp_image_focal_point":[],"footnotes":""},"categories":[199],"tags":[],"class_list":["post-68881","page","type-page","status-publish","has-post-thumbnail","hentry","category-encuentro-tbc"],"acf":[],"yoast_head":"<!-- This site is optimized with the Yoast SEO plugin v27.4 - https:\/\/yoast.com\/product\/yoast-seo-wordpress\/ -->\n<title>Un brindis por lo salvaje - The Belize Collection<\/title>\n<meta name=\"robots\" content=\"index, follow, max-snippet:-1, max-image-preview:large, max-video-preview:-1\" \/>\n<link rel=\"canonical\" href=\"https:\/\/thebelizecollection.com\/es\/un-brindis-por-lo-salvaje\/\" \/>\n<meta property=\"og:locale\" content=\"es_ES\" \/>\n<meta property=\"og:type\" content=\"article\" \/>\n<meta property=\"og:title\" content=\"Un brindis por lo salvaje - The Belize Collection\" \/>\n<meta property=\"og:description\" content=\"Un brindis por lo salvaje \u00bfBusca una forma de celebrar la Hora del Planeta? Acomp\u00e1\u00f1enos en una velada inolvidable con Belize Wild Cats. La primera hora comienza en el Big Dock Bar con una hora de c\u00f3cteles, seguida de una cena junto a la playa bajo el almendro. Cada entrada apoya la reforestaci\u00f3n, la conservaci\u00f3n [&hellip;]\" \/>\n<meta property=\"og:url\" content=\"https:\/\/thebelizecollection.com\/es\/un-brindis-por-lo-salvaje\/\" \/>\n<meta property=\"og:site_name\" content=\"The Belize Collection\" \/>\n<meta property=\"article:modified_time\" content=\"2026-04-20T16:11:06+00:00\" \/>\n<meta property=\"og:image\" content=\"https:\/\/thebelizecollection.com\/wp-content\/uploads\/2026\/02\/DJI_20240831002411_0022_D.jpg\" \/>\n\t<meta property=\"og:image:width\" content=\"2048\" \/>\n\t<meta property=\"og:image:height\" content=\"1365\" \/>\n\t<meta property=\"og:image:type\" content=\"image\/jpeg\" \/>\n<meta name=\"twitter:card\" content=\"summary_large_image\" \/>\n<meta name=\"twitter:label1\" content=\"Tiempo de lectura\" \/>\n\t<meta name=\"twitter:data1\" content=\"2 minutos\" \/>\n<script type=\"application\/ld+json\" class=\"yoast-schema-graph\">{\"@context\":\"https:\\\/\\\/schema.org\",\"@graph\":[{\"@type\":\"WebPage\",\"@id\":\"https:\\\/\\\/thebelizecollection.com\\\/es\\\/un-brindis-por-lo-salvaje\\\/\",\"url\":\"https:\\\/\\\/thebelizecollection.com\\\/es\\\/un-brindis-por-lo-salvaje\\\/\",\"name\":\"Un brindis por lo salvaje - The Belize Collection\",\"isPartOf\":{\"@id\":\"https:\\\/\\\/thebelizecollection.com\\\/es\\\/#website\"},\"primaryImageOfPage\":{\"@id\":\"https:\\\/\\\/thebelizecollection.com\\\/es\\\/un-brindis-por-lo-salvaje\\\/#primaryimage\"},\"image\":{\"@id\":\"https:\\\/\\\/thebelizecollection.com\\\/es\\\/un-brindis-por-lo-salvaje\\\/#primaryimage\"},\"thumbnailUrl\":\"https:\\\/\\\/thebelizecollection.com\\\/wp-content\\\/uploads\\\/2026\\\/02\\\/DJI_20240831002411_0022_D.jpg\",\"datePublished\":\"2026-02-07T15:26:47+00:00\",\"dateModified\":\"2026-04-20T16:11:06+00:00\",\"breadcrumb\":{\"@id\":\"https:\\\/\\\/thebelizecollection.com\\\/es\\\/un-brindis-por-lo-salvaje\\\/#breadcrumb\"},\"inLanguage\":\"es\",\"potentialAction\":[{\"@type\":\"ReadAction\",\"target\":[\"https:\\\/\\\/thebelizecollection.com\\\/es\\\/un-brindis-por-lo-salvaje\\\/\"]}]},{\"@type\":\"ImageObject\",\"inLanguage\":\"es\",\"@id\":\"https:\\\/\\\/thebelizecollection.com\\\/es\\\/un-brindis-por-lo-salvaje\\\/#primaryimage\",\"url\":\"https:\\\/\\\/thebelizecollection.com\\\/wp-content\\\/uploads\\\/2026\\\/02\\\/DJI_20240831002411_0022_D.jpg\",\"contentUrl\":\"https:\\\/\\\/thebelizecollection.com\\\/wp-content\\\/uploads\\\/2026\\\/02\\\/DJI_20240831002411_0022_D.jpg\",\"width\":2048,\"height\":1365},{\"@type\":\"BreadcrumbList\",\"@id\":\"https:\\\/\\\/thebelizecollection.com\\\/es\\\/un-brindis-por-lo-salvaje\\\/#breadcrumb\",\"itemListElement\":[{\"@type\":\"ListItem\",\"position\":1,\"name\":\"Home\",\"item\":\"https:\\\/\\\/thebelizecollection.com\\\/es\\\/the-belize-collection\\\/\"},{\"@type\":\"ListItem\",\"position\":2,\"name\":\"Un brindis por lo salvaje\"}]},{\"@type\":\"WebSite\",\"@id\":\"https:\\\/\\\/thebelizecollection.com\\\/es\\\/#website\",\"url\":\"https:\\\/\\\/thebelizecollection.com\\\/es\\\/\",\"name\":\"The Belize Collection\",\"description\":\"Everything Belize\",\"potentialAction\":[{\"@type\":\"SearchAction\",\"target\":{\"@type\":\"EntryPoint\",\"urlTemplate\":\"https:\\\/\\\/thebelizecollection.com\\\/es\\\/?s={search_term_string}\"},\"query-input\":{\"@type\":\"PropertyValueSpecification\",\"valueRequired\":true,\"valueName\":\"search_term_string\"}}],\"inLanguage\":\"es\"}]}<\/script>\n<!-- \/ Yoast SEO plugin. -->","yoast_head_json":{"title":"Un brindis por lo salvaje - The Belize Collection","robots":{"index":"index","follow":"follow","max-snippet":"max-snippet:-1","max-image-preview":"max-image-preview:large","max-video-preview":"max-video-preview:-1"},"canonical":"https:\/\/thebelizecollection.com\/es\/un-brindis-por-lo-salvaje\/","og_locale":"es_ES","og_type":"article","og_title":"Un brindis por lo salvaje - The Belize Collection","og_description":"Un brindis por lo salvaje \u00bfBusca una forma de celebrar la Hora del Planeta? Acomp\u00e1\u00f1enos en una velada inolvidable con Belize Wild Cats. La primera hora comienza en el Big Dock Bar con una hora de c\u00f3cteles, seguida de una cena junto a la playa bajo el almendro. Cada entrada apoya la reforestaci\u00f3n, la conservaci\u00f3n [&hellip;]","og_url":"https:\/\/thebelizecollection.com\/es\/un-brindis-por-lo-salvaje\/","og_site_name":"The Belize Collection","article_modified_time":"2026-04-20T16:11:06+00:00","og_image":[{"width":2048,"height":1365,"url":"https:\/\/thebelizecollection.com\/wp-content\/uploads\/2026\/02\/DJI_20240831002411_0022_D.jpg","type":"image\/jpeg"}],"twitter_card":"summary_large_image","twitter_misc":{"Tiempo de lectura":"2 minutos"},"schema":{"@context":"https:\/\/schema.org","@graph":[{"@type":"WebPage","@id":"https:\/\/thebelizecollection.com\/es\/un-brindis-por-lo-salvaje\/","url":"https:\/\/thebelizecollection.com\/es\/un-brindis-por-lo-salvaje\/","name":"Un brindis por lo salvaje - The Belize Collection","isPartOf":{"@id":"https:\/\/thebelizecollection.com\/es\/#website"},"primaryImageOfPage":{"@id":"https:\/\/thebelizecollection.com\/es\/un-brindis-por-lo-salvaje\/#primaryimage"},"image":{"@id":"https:\/\/thebelizecollection.com\/es\/un-brindis-por-lo-salvaje\/#primaryimage"},"thumbnailUrl":"https:\/\/thebelizecollection.com\/wp-content\/uploads\/2026\/02\/DJI_20240831002411_0022_D.jpg","datePublished":"2026-02-07T15:26:47+00:00","dateModified":"2026-04-20T16:11:06+00:00","breadcrumb":{"@id":"https:\/\/thebelizecollection.com\/es\/un-brindis-por-lo-salvaje\/#breadcrumb"},"inLanguage":"es","potentialAction":[{"@type":"ReadAction","target":["https:\/\/thebelizecollection.com\/es\/un-brindis-por-lo-salvaje\/"]}]},{"@type":"ImageObject","inLanguage":"es","@id":"https:\/\/thebelizecollection.com\/es\/un-brindis-por-lo-salvaje\/#primaryimage","url":"https:\/\/thebelizecollection.com\/wp-content\/uploads\/2026\/02\/DJI_20240831002411_0022_D.jpg","contentUrl":"https:\/\/thebelizecollection.com\/wp-content\/uploads\/2026\/02\/DJI_20240831002411_0022_D.jpg","width":2048,"height":1365},{"@type":"BreadcrumbList","@id":"https:\/\/thebelizecollection.com\/es\/un-brindis-por-lo-salvaje\/#breadcrumb","itemListElement":[{"@type":"ListItem","position":1,"name":"Home","item":"https:\/\/thebelizecollection.com\/es\/the-belize-collection\/"},{"@type":"ListItem","position":2,"name":"Un brindis por lo salvaje"}]},{"@type":"WebSite","@id":"https:\/\/thebelizecollection.com\/es\/#website","url":"https:\/\/thebelizecollection.com\/es\/","name":"The Belize Collection","description":"Everything Belize","potentialAction":[{"@type":"SearchAction","target":{"@type":"EntryPoint","urlTemplate":"https:\/\/thebelizecollection.com\/es\/?s={search_term_string}"},"query-input":{"@type":"PropertyValueSpecification","valueRequired":true,"valueName":"search_term_string"}}],"inLanguage":"es"}]}},"jetpack_sharing_enabled":true,"_links":{"self":[{"href":"https:\/\/thebelizecollection.com\/es\/wp-json\/wp\/v2\/pages\/68881","targetHints":{"allow":["GET"]}}],"collection":[{"href":"https:\/\/thebelizecollection.com\/es\/wp-json\/wp\/v2\/pages"}],"about":[{"href":"https:\/\/thebelizecollection.com\/es\/wp-json\/wp\/v2\/types\/page"}],"author":[{"embeddable":true,"href":"https:\/\/thebelizecollection.com\/es\/wp-json\/wp\/v2\/users\/4"}],"replies":[{"embeddable":true,"href":"https:\/\/thebelizecollection.com\/es\/wp-json\/wp\/v2\/comments?post=68881"}],"version-history":[{"count":9,"href":"https:\/\/thebelizecollection.com\/es\/wp-json\/wp\/v2\/pages\/68881\/revisions"}],"predecessor-version":[{"id":74093,"href":"https:\/\/thebelizecollection.com\/es\/wp-json\/wp\/v2\/pages\/68881\/revisions\/74093"}],"wp:featuredmedia":[{"embeddable":true,"href":"https:\/\/thebelizecollection.com\/es\/wp-json\/wp\/v2\/media\/67236"}],"wp:attachment":[{"href":"https:\/\/thebelizecollection.com\/es\/wp-json\/wp\/v2\/media?parent=68881"}],"wp:term":[{"taxonomy":"category","embeddable":true,"href":"https:\/\/thebelizecollection.com\/es\/wp-json\/wp\/v2\/categories?post=68881"},{"taxonomy":"post_tag","embeddable":true,"href":"https:\/\/thebelizecollection.com\/es\/wp-json\/wp\/v2\/tags?post=68881"}],"curies":[{"name":"wp","href":"https:\/\/api.w.org\/{rel}","templated":true}]}}