{"id":68882,"date":"2025-10-14T12:27:49","date_gmt":"2025-10-14T18:27:49","guid":{"rendered":"https:\/\/thebelizecollection.com\/bar-de-tacos-del-dia-de-muertos\/"},"modified":"2026-03-16T14:03:22","modified_gmt":"2026-03-16T20:03:22","slug":"bar-de-tacos-del-dia-de-muertos","status":"publish","type":"page","link":"https:\/\/thebelizecollection.com\/es\/bar-de-tacos-del-dia-de-muertos\/","title":{"rendered":"Bar de tacos del D\u00eda de Muertos"},"content":{"rendered":"\t\t<div data-elementor-type=\"wp-page\" data-elementor-id=\"68882\" class=\"elementor elementor-68882 elementor-63991\" data-elementor-post-type=\"page\">\n\t\t\t\t<div class=\"elementor-element elementor-element-34e02c1 e-con-full e-flex e-con e-parent\" data-id=\"34e02c1\" data-element_type=\"container\" data-e-type=\"container\" data-settings=\"{&quot;background_background&quot;:&quot;classic&quot;}\">\n\t\t\t\t<\/div>\n\t\t<div class=\"elementor-element elementor-element-75aa95e e-flex e-con-boxed e-con e-parent\" data-id=\"75aa95e\" data-element_type=\"container\" data-e-type=\"container\">\n\t\t\t\t\t<div class=\"e-con-inner\">\n\t\t\t\t<div class=\"elementor-element elementor-element-5fdb01c elementor-widget elementor-widget-spacer\" data-id=\"5fdb01c\" data-element_type=\"widget\" data-e-type=\"widget\" data-widget_type=\"spacer.default\">\n\t\t\t\t<div class=\"elementor-widget-container\">\n\t\t\t\t\t\t\t<div class=\"elementor-spacer\">\n\t\t\t<div class=\"elementor-spacer-inner\"><\/div>\n\t\t<\/div>\n\t\t\t\t\t\t<\/div>\n\t\t\t\t<\/div>\n\t\t\t\t\t<\/div>\n\t\t\t\t<\/div>\n\t\t<div class=\"elementor-element elementor-element-e048493 e-flex e-con-boxed e-con e-parent\" data-id=\"e048493\" data-element_type=\"container\" data-e-type=\"container\">\n\t\t\t\t\t<div class=\"e-con-inner\">\n\t\t<div class=\"elementor-element elementor-element-e606d7b e-con-full e-flex e-con e-child\" data-id=\"e606d7b\" data-element_type=\"container\" data-e-type=\"container\">\n\t\t\t\t<div class=\"elementor-element elementor-element-35606e6 elementor-widget elementor-widget-heading\" data-id=\"35606e6\" data-element_type=\"widget\" data-e-type=\"widget\" data-widget_type=\"heading.default\">\n\t\t\t\t<div class=\"elementor-widget-container\">\n\t\t\t\t\t<h1 class=\"elementor-heading-title elementor-size-default\">D\u00eda de Muertos en The Grove House<\/h1>\t\t\t\t<\/div>\n\t\t\t\t<\/div>\n\t\t\t\t<div class=\"elementor-element elementor-element-4c6b0b3 elementor-widget elementor-widget-text-editor\" data-id=\"4c6b0b3\" data-element_type=\"widget\" data-e-type=\"widget\" data-widget_type=\"text-editor.default\">\n\t\t\t\t<div class=\"elementor-widget-container\">\n\t\t\t\t\t\t\t\t\t<p>Venga a celebrar el D\u00eda de Muertos en The Rainforest Lodge at Sleeping Giant con nuestro festivo bar de tacos. Disfrute de deliciosos sabores aut\u00e9nticos, emp\u00e1pese del ambiente colorido y animado, y pase una velada divertida en honor a esta tradici\u00f3n tan especial. Traiga a sus amigos y familiares y convi\u00e9rtalo en una noche llena de sabor, diversi\u00f3n y celebraci\u00f3n.  <\/p>\t\t\t\t\t\t\t\t<\/div>\n\t\t\t\t<\/div>\n\t\t\t\t<div class=\"elementor-element elementor-element-a60223b elementor-widget elementor-widget-text-editor\" data-id=\"a60223b\" data-element_type=\"widget\" data-e-type=\"widget\" data-widget_type=\"text-editor.default\">\n\t\t\t\t<div class=\"elementor-widget-container\">\n\t\t\t\t\t\t\t\t\t<p><strong>Lugar:<\/strong> The Grove House at Sleeping Giant<\/p><p><strong>Fecha:<\/strong> 1 de noviembre de 2025<\/p><p><strong>Hora:<\/strong> de 18:00 a 21:00<\/p><p><strong>Precio de entrada: <\/strong>75 BZD $ por persona + impuestos <\/p>\t\t\t\t\t\t\t\t<\/div>\n\t\t\t\t<\/div>\n\t\t\t\t<div class=\"elementor-element elementor-element-25afa3f elementor-widget elementor-widget-heading\" data-id=\"25afa3f\" data-element_type=\"widget\" data-e-type=\"widget\" data-widget_type=\"heading.default\">\n\t\t\t\t<div class=\"elementor-widget-container\">\n\t\t\t\t\t<h1 class=\"elementor-heading-title elementor-size-default\">Lo m\u00e1s destacado del evento<\/h1>\t\t\t\t<\/div>\n\t\t\t\t<\/div>\n\t\t\t\t<div class=\"elementor-element elementor-element-6caafd2 elementor-widget elementor-widget-text-editor\" data-id=\"6caafd2\" data-element_type=\"widget\" data-e-type=\"widget\" data-widget_type=\"text-editor.default\">\n\t\t\t\t<div class=\"elementor-widget-container\">\n\t\t\t\t\t\t\t\t\t<ul><li>Estaci\u00f3n de tacos<\/li><li>Banda de marimba en directo<\/li><\/ul>\t\t\t\t\t\t\t\t<\/div>\n\t\t\t\t<\/div>\n\t\t\t\t<div class=\"elementor-element elementor-element-2db15f8 elementor-widget elementor-widget-button\" data-id=\"2db15f8\" data-element_type=\"widget\" data-e-type=\"widget\" data-widget_type=\"button.default\">\n\t\t\t\t<div class=\"elementor-widget-container\">\n\t\t\t\t\t\t\t\t\t<div class=\"elementor-button-wrapper\">\n\t\t\t\t\t<a class=\"elementor-button elementor-button-link elementor-size-sm\" href=\"tel:+501-610-4333\">\n\t\t\t\t\t\t<span class=\"elementor-button-content-wrapper\">\n\t\t\t\t\t\t\t\t\t<span class=\"elementor-button-text\">Haga clic aqu\u00ed para confirmar su asistencia<\/span>\n\t\t\t\t\t<\/span>\n\t\t\t\t\t<\/a>\n\t\t\t\t<\/div>\n\t\t\t\t\t\t\t\t<\/div>\n\t\t\t\t<\/div>\n\t\t\t\t<\/div>\n\t\t<div class=\"elementor-element elementor-element-d99112a e-con-full e-flex e-con e-child\" data-id=\"d99112a\" data-element_type=\"container\" data-e-type=\"container\" data-settings=\"{&quot;background_background&quot;:&quot;classic&quot;}\">\n\t\t\t\t<\/div>\n\t\t\t\t\t<\/div>\n\t\t\t\t<\/div>\n\t\t<div class=\"elementor-element elementor-element-5028e96 e-flex e-con-boxed e-con e-parent\" data-id=\"5028e96\" data-element_type=\"container\" data-e-type=\"container\">\n\t\t\t\t\t<div class=\"e-con-inner\">\n\t\t\t\t<div class=\"elementor-element elementor-element-b0127b3 elementor-widget elementor-widget-spacer\" data-id=\"b0127b3\" data-element_type=\"widget\" data-e-type=\"widget\" data-widget_type=\"spacer.default\">\n\t\t\t\t<div class=\"elementor-widget-container\">\n\t\t\t\t\t\t\t<div class=\"elementor-spacer\">\n\t\t\t<div class=\"elementor-spacer-inner\"><\/div>\n\t\t<\/div>\n\t\t\t\t\t\t<\/div>\n\t\t\t\t<\/div>\n\t\t\t\t\t<\/div>\n\t\t\t\t<\/div>\n\t\t\t\t<\/div>\n\t\t","protected":false},"excerpt":{"rendered":"<p>D\u00eda de Muertos en The Grove House Venga a celebrar el D\u00eda de Muertos en The Rainforest Lodge at Sleeping Giant con nuestro festivo bar de tacos. Disfrute de deliciosos sabores aut\u00e9nticos, emp\u00e1pese del ambiente colorido y animado, y pase una velada divertida en honor a esta tradici\u00f3n tan especial. Traiga a sus amigos y [&hellip;]<\/p>\n","protected":false},"author":4,"featured_media":68891,"parent":0,"menu_order":0,"comment_status":"closed","ping_status":"closed","template":"page-full-width.php","meta":{"_acf_changed":false,"_vp_format_video_url":"","_vp_image_focal_point":[],"footnotes":""},"categories":[199],"tags":[],"class_list":["post-68882","page","type-page","status-publish","has-post-thumbnail","hentry","category-encuentro-tbc"],"acf":[],"yoast_head":"<!-- This site is optimized with the Yoast SEO plugin v27.4 - https:\/\/yoast.com\/product\/yoast-seo-wordpress\/ -->\n<title>Bar de tacos del D\u00eda de Muertos - The Belize Collection<\/title>\n<meta name=\"robots\" content=\"index, follow, max-snippet:-1, max-image-preview:large, max-video-preview:-1\" \/>\n<link rel=\"canonical\" href=\"https:\/\/thebelizecollection.com\/es\/bar-de-tacos-del-dia-de-muertos\/\" \/>\n<meta property=\"og:locale\" content=\"es_ES\" \/>\n<meta property=\"og:type\" content=\"article\" \/>\n<meta property=\"og:title\" content=\"Bar de tacos del D\u00eda de Muertos - The Belize Collection\" \/>\n<meta property=\"og:description\" content=\"D\u00eda de Muertos en The Grove House Venga a celebrar el D\u00eda de Muertos en The Rainforest Lodge at Sleeping Giant con nuestro festivo bar de tacos. Disfrute de deliciosos sabores aut\u00e9nticos, emp\u00e1pese del ambiente colorido y animado, y pase una velada divertida en honor a esta tradici\u00f3n tan especial. Traiga a sus amigos y [&hellip;]\" \/>\n<meta property=\"og:url\" content=\"https:\/\/thebelizecollection.com\/es\/bar-de-tacos-del-dia-de-muertos\/\" \/>\n<meta property=\"og:site_name\" content=\"The Belize Collection\" \/>\n<meta property=\"article:modified_time\" content=\"2026-03-16T20:03:22+00:00\" \/>\n<meta property=\"og:image\" content=\"https:\/\/thebelizecollection.com\/wp-content\/uploads\/2025\/10\/Grove-House-Dia-de-Muertos-7-1.png\" \/>\n\t<meta property=\"og:image:width\" content=\"2048\" \/>\n\t<meta property=\"og:image:height\" content=\"1365\" \/>\n\t<meta property=\"og:image:type\" content=\"image\/png\" \/>\n<meta name=\"twitter:card\" content=\"summary_large_image\" \/>\n<meta name=\"twitter:label1\" content=\"Tiempo de lectura\" \/>\n\t<meta name=\"twitter:data1\" content=\"1 minuto\" \/>\n<script type=\"application\/ld+json\" class=\"yoast-schema-graph\">{\"@context\":\"https:\\\/\\\/schema.org\",\"@graph\":[{\"@type\":\"WebPage\",\"@id\":\"https:\\\/\\\/thebelizecollection.com\\\/es\\\/bar-de-tacos-del-dia-de-muertos\\\/\",\"url\":\"https:\\\/\\\/thebelizecollection.com\\\/es\\\/bar-de-tacos-del-dia-de-muertos\\\/\",\"name\":\"Bar de tacos del D\u00eda de Muertos - The Belize Collection\",\"isPartOf\":{\"@id\":\"https:\\\/\\\/thebelizecollection.com\\\/es\\\/#website\"},\"primaryImageOfPage\":{\"@id\":\"https:\\\/\\\/thebelizecollection.com\\\/es\\\/bar-de-tacos-del-dia-de-muertos\\\/#primaryimage\"},\"image\":{\"@id\":\"https:\\\/\\\/thebelizecollection.com\\\/es\\\/bar-de-tacos-del-dia-de-muertos\\\/#primaryimage\"},\"thumbnailUrl\":\"https:\\\/\\\/thebelizecollection.com\\\/wp-content\\\/uploads\\\/2025\\\/10\\\/Grove-House-Dia-de-Muertos-7-1.png\",\"datePublished\":\"2025-10-14T18:27:49+00:00\",\"dateModified\":\"2026-03-16T20:03:22+00:00\",\"breadcrumb\":{\"@id\":\"https:\\\/\\\/thebelizecollection.com\\\/es\\\/bar-de-tacos-del-dia-de-muertos\\\/#breadcrumb\"},\"inLanguage\":\"es\",\"potentialAction\":[{\"@type\":\"ReadAction\",\"target\":[\"https:\\\/\\\/thebelizecollection.com\\\/es\\\/bar-de-tacos-del-dia-de-muertos\\\/\"]}]},{\"@type\":\"ImageObject\",\"inLanguage\":\"es\",\"@id\":\"https:\\\/\\\/thebelizecollection.com\\\/es\\\/bar-de-tacos-del-dia-de-muertos\\\/#primaryimage\",\"url\":\"https:\\\/\\\/thebelizecollection.com\\\/wp-content\\\/uploads\\\/2025\\\/10\\\/Grove-House-Dia-de-Muertos-7-1.png\",\"contentUrl\":\"https:\\\/\\\/thebelizecollection.com\\\/wp-content\\\/uploads\\\/2025\\\/10\\\/Grove-House-Dia-de-Muertos-7-1.png\",\"width\":2048,\"height\":1365},{\"@type\":\"BreadcrumbList\",\"@id\":\"https:\\\/\\\/thebelizecollection.com\\\/es\\\/bar-de-tacos-del-dia-de-muertos\\\/#breadcrumb\",\"itemListElement\":[{\"@type\":\"ListItem\",\"position\":1,\"name\":\"Home\",\"item\":\"https:\\\/\\\/thebelizecollection.com\\\/es\\\/the-belize-collection\\\/\"},{\"@type\":\"ListItem\",\"position\":2,\"name\":\"Bar de tacos del D\u00eda de Muertos\"}]},{\"@type\":\"WebSite\",\"@id\":\"https:\\\/\\\/thebelizecollection.com\\\/es\\\/#website\",\"url\":\"https:\\\/\\\/thebelizecollection.com\\\/es\\\/\",\"name\":\"The Belize Collection\",\"description\":\"Everything Belize\",\"potentialAction\":[{\"@type\":\"SearchAction\",\"target\":{\"@type\":\"EntryPoint\",\"urlTemplate\":\"https:\\\/\\\/thebelizecollection.com\\\/es\\\/?s={search_term_string}\"},\"query-input\":{\"@type\":\"PropertyValueSpecification\",\"valueRequired\":true,\"valueName\":\"search_term_string\"}}],\"inLanguage\":\"es\"}]}<\/script>\n<!-- \/ Yoast SEO plugin. -->","yoast_head_json":{"title":"Bar de tacos del D\u00eda de Muertos - The Belize Collection","robots":{"index":"index","follow":"follow","max-snippet":"max-snippet:-1","max-image-preview":"max-image-preview:large","max-video-preview":"max-video-preview:-1"},"canonical":"https:\/\/thebelizecollection.com\/es\/bar-de-tacos-del-dia-de-muertos\/","og_locale":"es_ES","og_type":"article","og_title":"Bar de tacos del D\u00eda de Muertos - The Belize Collection","og_description":"D\u00eda de Muertos en The Grove House Venga a celebrar el D\u00eda de Muertos en The Rainforest Lodge at Sleeping Giant con nuestro festivo bar de tacos. Disfrute de deliciosos sabores aut\u00e9nticos, emp\u00e1pese del ambiente colorido y animado, y pase una velada divertida en honor a esta tradici\u00f3n tan especial. Traiga a sus amigos y [&hellip;]","og_url":"https:\/\/thebelizecollection.com\/es\/bar-de-tacos-del-dia-de-muertos\/","og_site_name":"The Belize Collection","article_modified_time":"2026-03-16T20:03:22+00:00","og_image":[{"width":2048,"height":1365,"url":"https:\/\/thebelizecollection.com\/wp-content\/uploads\/2025\/10\/Grove-House-Dia-de-Muertos-7-1.png","type":"image\/png"}],"twitter_card":"summary_large_image","twitter_misc":{"Tiempo de lectura":"1 minuto"},"schema":{"@context":"https:\/\/schema.org","@graph":[{"@type":"WebPage","@id":"https:\/\/thebelizecollection.com\/es\/bar-de-tacos-del-dia-de-muertos\/","url":"https:\/\/thebelizecollection.com\/es\/bar-de-tacos-del-dia-de-muertos\/","name":"Bar de tacos del D\u00eda de Muertos - The Belize Collection","isPartOf":{"@id":"https:\/\/thebelizecollection.com\/es\/#website"},"primaryImageOfPage":{"@id":"https:\/\/thebelizecollection.com\/es\/bar-de-tacos-del-dia-de-muertos\/#primaryimage"},"image":{"@id":"https:\/\/thebelizecollection.com\/es\/bar-de-tacos-del-dia-de-muertos\/#primaryimage"},"thumbnailUrl":"https:\/\/thebelizecollection.com\/wp-content\/uploads\/2025\/10\/Grove-House-Dia-de-Muertos-7-1.png","datePublished":"2025-10-14T18:27:49+00:00","dateModified":"2026-03-16T20:03:22+00:00","breadcrumb":{"@id":"https:\/\/thebelizecollection.com\/es\/bar-de-tacos-del-dia-de-muertos\/#breadcrumb"},"inLanguage":"es","potentialAction":[{"@type":"ReadAction","target":["https:\/\/thebelizecollection.com\/es\/bar-de-tacos-del-dia-de-muertos\/"]}]},{"@type":"ImageObject","inLanguage":"es","@id":"https:\/\/thebelizecollection.com\/es\/bar-de-tacos-del-dia-de-muertos\/#primaryimage","url":"https:\/\/thebelizecollection.com\/wp-content\/uploads\/2025\/10\/Grove-House-Dia-de-Muertos-7-1.png","contentUrl":"https:\/\/thebelizecollection.com\/wp-content\/uploads\/2025\/10\/Grove-House-Dia-de-Muertos-7-1.png","width":2048,"height":1365},{"@type":"BreadcrumbList","@id":"https:\/\/thebelizecollection.com\/es\/bar-de-tacos-del-dia-de-muertos\/#breadcrumb","itemListElement":[{"@type":"ListItem","position":1,"name":"Home","item":"https:\/\/thebelizecollection.com\/es\/the-belize-collection\/"},{"@type":"ListItem","position":2,"name":"Bar de tacos del D\u00eda de Muertos"}]},{"@type":"WebSite","@id":"https:\/\/thebelizecollection.com\/es\/#website","url":"https:\/\/thebelizecollection.com\/es\/","name":"The Belize Collection","description":"Everything Belize","potentialAction":[{"@type":"SearchAction","target":{"@type":"EntryPoint","urlTemplate":"https:\/\/thebelizecollection.com\/es\/?s={search_term_string}"},"query-input":{"@type":"PropertyValueSpecification","valueRequired":true,"valueName":"search_term_string"}}],"inLanguage":"es"}]}},"jetpack_sharing_enabled":true,"_links":{"self":[{"href":"https:\/\/thebelizecollection.com\/es\/wp-json\/wp\/v2\/pages\/68882","targetHints":{"allow":["GET"]}}],"collection":[{"href":"https:\/\/thebelizecollection.com\/es\/wp-json\/wp\/v2\/pages"}],"about":[{"href":"https:\/\/thebelizecollection.com\/es\/wp-json\/wp\/v2\/types\/page"}],"author":[{"embeddable":true,"href":"https:\/\/thebelizecollection.com\/es\/wp-json\/wp\/v2\/users\/4"}],"replies":[{"embeddable":true,"href":"https:\/\/thebelizecollection.com\/es\/wp-json\/wp\/v2\/comments?post=68882"}],"version-history":[{"count":2,"href":"https:\/\/thebelizecollection.com\/es\/wp-json\/wp\/v2\/pages\/68882\/revisions"}],"predecessor-version":[{"id":68949,"href":"https:\/\/thebelizecollection.com\/es\/wp-json\/wp\/v2\/pages\/68882\/revisions\/68949"}],"wp:featuredmedia":[{"embeddable":true,"href":"https:\/\/thebelizecollection.com\/es\/wp-json\/wp\/v2\/media\/68891"}],"wp:attachment":[{"href":"https:\/\/thebelizecollection.com\/es\/wp-json\/wp\/v2\/media?parent=68882"}],"wp:term":[{"taxonomy":"category","embeddable":true,"href":"https:\/\/thebelizecollection.com\/es\/wp-json\/wp\/v2\/categories?post=68882"},{"taxonomy":"post_tag","embeddable":true,"href":"https:\/\/thebelizecollection.com\/es\/wp-json\/wp\/v2\/tags?post=68882"}],"curies":[{"name":"wp","href":"https:\/\/api.w.org\/{rel}","templated":true}]}}