{"id":68893,"date":"2025-11-28T16:42:01","date_gmt":"2025-11-28T22:42:01","guid":{"rendered":"https:\/\/thebelizecollection.com\/mercado-navideno\/"},"modified":"2026-03-16T13:50:12","modified_gmt":"2026-03-16T19:50:12","slug":"mercado-navideno","status":"publish","type":"page","link":"https:\/\/thebelizecollection.com\/es\/mercado-navideno\/","title":{"rendered":"Mercado navide\u00f1o"},"content":{"rendered":"\t\t<div data-elementor-type=\"wp-page\" data-elementor-id=\"68893\" class=\"elementor elementor-68893 elementor-65154\" data-elementor-post-type=\"page\">\n\t\t\t\t<div class=\"elementor-element elementor-element-a49a1fb e-con-full e-flex e-con e-parent\" data-id=\"a49a1fb\" data-element_type=\"container\" data-e-type=\"container\" data-settings=\"{&quot;background_background&quot;:&quot;classic&quot;}\">\n\t\t\t\t<\/div>\n\t\t<div class=\"elementor-element elementor-element-9e7ba2d e-flex e-con-boxed e-con e-parent\" data-id=\"9e7ba2d\" data-element_type=\"container\" data-e-type=\"container\">\n\t\t\t\t\t<div class=\"e-con-inner\">\n\t\t\t\t<div class=\"elementor-element elementor-element-bc8133e elementor-widget elementor-widget-spacer\" data-id=\"bc8133e\" data-element_type=\"widget\" data-e-type=\"widget\" data-widget_type=\"spacer.default\">\n\t\t\t\t<div class=\"elementor-widget-container\">\n\t\t\t\t\t\t\t<div class=\"elementor-spacer\">\n\t\t\t<div class=\"elementor-spacer-inner\"><\/div>\n\t\t<\/div>\n\t\t\t\t\t\t<\/div>\n\t\t\t\t<\/div>\n\t\t\t\t\t<\/div>\n\t\t\t\t<\/div>\n\t\t<div class=\"elementor-element elementor-element-dba4ba8 e-flex e-con-boxed e-con e-parent\" data-id=\"dba4ba8\" data-element_type=\"container\" data-e-type=\"container\">\n\t\t\t\t\t<div class=\"e-con-inner\">\n\t\t<div class=\"elementor-element elementor-element-a557729 e-con-full e-flex e-con e-child\" data-id=\"a557729\" data-element_type=\"container\" data-e-type=\"container\">\n\t\t\t\t<div class=\"elementor-element elementor-element-15c440d elementor-widget elementor-widget-heading\" data-id=\"15c440d\" data-element_type=\"widget\" data-e-type=\"widget\" data-widget_type=\"heading.default\">\n\t\t\t\t<div class=\"elementor-widget-container\">\n\t\t\t\t\t<h1 class=\"elementor-heading-title elementor-size-default\">Mercado navide\u00f1o<\/h1>\t\t\t\t<\/div>\n\t\t\t\t<\/div>\n\t\t\t\t<div class=\"elementor-element elementor-element-1e12cb5 elementor-widget elementor-widget-text-editor\" data-id=\"1e12cb5\" data-element_type=\"widget\" data-e-type=\"widget\" data-widget_type=\"text-editor.default\">\n\t\t\t\t<div class=\"elementor-widget-container\">\n\t\t\t\t\t\t\t\t\t<div class=\"elementor-element elementor-element-3fd73d8 elementor-widget elementor-widget-text-editor\" data-id=\"3fd73d8\" data-element_type=\"widget\" data-widget_type=\"text-editor.default\"><div class=\"elementor-widget-container\"><p>Descubra algo especial en Humo Deck, en The Banks. Acomp\u00e1\u00f1enos en una exclusiva tienda ef\u00edmera en la selva, con artesanos locales, tesoros hechos a mano y hallazgos de boutique. Disfrute de deliciosa comida, saboree sus bebidas favoritas y rel\u00e1jese con los sonidos de la m\u00fasica en directo mientras recorre el espacio.  <\/p><\/div><\/div>\t\t\t\t\t\t\t\t<\/div>\n\t\t\t\t<\/div>\n\t\t\t\t<div class=\"elementor-element elementor-element-1ad1982 elementor-widget elementor-widget-text-editor\" data-id=\"1ad1982\" data-element_type=\"widget\" data-e-type=\"widget\" data-widget_type=\"text-editor.default\">\n\t\t\t\t<div class=\"elementor-widget-container\">\n\t\t\t\t\t\t\t\t\t<p><strong>Lugar:<\/strong> The Deck at Humo<\/p><p><strong>Entretenimiento:<\/strong> M\u00fasica en directo<\/p><p><strong>Fecha:<\/strong> 13 de diciembre de 2025<\/p><p><strong>Hora:<\/strong> A partir de las 10:00<\/p>\t\t\t\t\t\t\t\t<\/div>\n\t\t\t\t<\/div>\n\t\t\t\t<div class=\"elementor-element elementor-element-87ca930 elementor-widget elementor-widget-button\" data-id=\"87ca930\" data-element_type=\"widget\" data-e-type=\"widget\" data-widget_type=\"button.default\">\n\t\t\t\t<div class=\"elementor-widget-container\">\n\t\t\t\t\t\t\t\t\t<div class=\"elementor-button-wrapper\">\n\t\t\t\t\t<a class=\"elementor-button elementor-button-link elementor-size-sm\" href=\"tel:+501-609-6825\">\n\t\t\t\t\t\t<span class=\"elementor-button-content-wrapper\">\n\t\t\t\t\t\t\t\t\t<span class=\"elementor-button-text\">Haga clic aqu\u00ed para confirmar su asistencia<\/span>\n\t\t\t\t\t<\/span>\n\t\t\t\t\t<\/a>\n\t\t\t\t<\/div>\n\t\t\t\t\t\t\t\t<\/div>\n\t\t\t\t<\/div>\n\t\t\t\t<\/div>\n\t\t<div class=\"elementor-element elementor-element-4d3461a e-con-full e-flex e-con e-child\" data-id=\"4d3461a\" data-element_type=\"container\" data-e-type=\"container\" data-settings=\"{&quot;background_background&quot;:&quot;classic&quot;}\">\n\t\t\t\t<\/div>\n\t\t\t\t\t<\/div>\n\t\t\t\t<\/div>\n\t\t\t\t<\/div>\n\t\t","protected":false},"excerpt":{"rendered":"<p>Mercado navide\u00f1o Descubra algo especial en Humo Deck, en The Banks. Acomp\u00e1\u00f1enos en una exclusiva tienda ef\u00edmera en la selva, con artesanos locales, tesoros hechos a mano y hallazgos de boutique. Disfrute de deliciosa comida, saboree sus bebidas favoritas y rel\u00e1jese con los sonidos de la m\u00fasica en directo mientras recorre el espacio. Lugar: The [&hellip;]<\/p>\n","protected":false},"author":4,"featured_media":68896,"parent":0,"menu_order":0,"comment_status":"closed","ping_status":"closed","template":"page-full-width.php","meta":{"_acf_changed":false,"_vp_format_video_url":"","_vp_image_focal_point":[],"footnotes":""},"categories":[199],"tags":[],"class_list":["post-68893","page","type-page","status-publish","has-post-thumbnail","hentry","category-encuentro-tbc"],"acf":[],"yoast_head":"<!-- This site is optimized with the Yoast SEO plugin v27.4 - https:\/\/yoast.com\/product\/yoast-seo-wordpress\/ -->\n<title>Mercado navide\u00f1o - The Belize Collection<\/title>\n<meta name=\"robots\" content=\"index, follow, max-snippet:-1, max-image-preview:large, max-video-preview:-1\" \/>\n<link rel=\"canonical\" href=\"https:\/\/thebelizecollection.com\/es\/mercado-navideno\/\" \/>\n<meta property=\"og:locale\" content=\"es_ES\" \/>\n<meta property=\"og:type\" content=\"article\" \/>\n<meta property=\"og:title\" content=\"Mercado navide\u00f1o - The Belize Collection\" \/>\n<meta property=\"og:description\" content=\"Mercado navide\u00f1o Descubra algo especial en Humo Deck, en The Banks. Acomp\u00e1\u00f1enos en una exclusiva tienda ef\u00edmera en la selva, con artesanos locales, tesoros hechos a mano y hallazgos de boutique. Disfrute de deliciosa comida, saboree sus bebidas favoritas y rel\u00e1jese con los sonidos de la m\u00fasica en directo mientras recorre el espacio. Lugar: The [&hellip;]\" \/>\n<meta property=\"og:url\" content=\"https:\/\/thebelizecollection.com\/es\/mercado-navideno\/\" \/>\n<meta property=\"og:site_name\" content=\"The Belize Collection\" \/>\n<meta property=\"article:modified_time\" content=\"2026-03-16T19:50:12+00:00\" \/>\n<meta property=\"og:image\" content=\"https:\/\/thebelizecollection.com\/wp-content\/uploads\/2025\/11\/TBR-Pop-Up-IG-Feed-1080-x-1350-2.png\" \/>\n\t<meta property=\"og:image:width\" content=\"2048\" \/>\n\t<meta property=\"og:image:height\" content=\"1365\" \/>\n\t<meta property=\"og:image:type\" content=\"image\/png\" \/>\n<meta name=\"twitter:card\" content=\"summary_large_image\" \/>\n<script type=\"application\/ld+json\" class=\"yoast-schema-graph\">{\"@context\":\"https:\\\/\\\/schema.org\",\"@graph\":[{\"@type\":\"WebPage\",\"@id\":\"https:\\\/\\\/thebelizecollection.com\\\/es\\\/mercado-navideno\\\/\",\"url\":\"https:\\\/\\\/thebelizecollection.com\\\/es\\\/mercado-navideno\\\/\",\"name\":\"Mercado navide\u00f1o - The Belize Collection\",\"isPartOf\":{\"@id\":\"https:\\\/\\\/thebelizecollection.com\\\/es\\\/#website\"},\"primaryImageOfPage\":{\"@id\":\"https:\\\/\\\/thebelizecollection.com\\\/es\\\/mercado-navideno\\\/#primaryimage\"},\"image\":{\"@id\":\"https:\\\/\\\/thebelizecollection.com\\\/es\\\/mercado-navideno\\\/#primaryimage\"},\"thumbnailUrl\":\"https:\\\/\\\/thebelizecollection.com\\\/wp-content\\\/uploads\\\/2025\\\/11\\\/TBR-Pop-Up-IG-Feed-1080-x-1350-2.png\",\"datePublished\":\"2025-11-28T22:42:01+00:00\",\"dateModified\":\"2026-03-16T19:50:12+00:00\",\"breadcrumb\":{\"@id\":\"https:\\\/\\\/thebelizecollection.com\\\/es\\\/mercado-navideno\\\/#breadcrumb\"},\"inLanguage\":\"es\",\"potentialAction\":[{\"@type\":\"ReadAction\",\"target\":[\"https:\\\/\\\/thebelizecollection.com\\\/es\\\/mercado-navideno\\\/\"]}]},{\"@type\":\"ImageObject\",\"inLanguage\":\"es\",\"@id\":\"https:\\\/\\\/thebelizecollection.com\\\/es\\\/mercado-navideno\\\/#primaryimage\",\"url\":\"https:\\\/\\\/thebelizecollection.com\\\/wp-content\\\/uploads\\\/2025\\\/11\\\/TBR-Pop-Up-IG-Feed-1080-x-1350-2.png\",\"contentUrl\":\"https:\\\/\\\/thebelizecollection.com\\\/wp-content\\\/uploads\\\/2025\\\/11\\\/TBR-Pop-Up-IG-Feed-1080-x-1350-2.png\",\"width\":2048,\"height\":1365},{\"@type\":\"BreadcrumbList\",\"@id\":\"https:\\\/\\\/thebelizecollection.com\\\/es\\\/mercado-navideno\\\/#breadcrumb\",\"itemListElement\":[{\"@type\":\"ListItem\",\"position\":1,\"name\":\"Home\",\"item\":\"https:\\\/\\\/thebelizecollection.com\\\/es\\\/the-belize-collection\\\/\"},{\"@type\":\"ListItem\",\"position\":2,\"name\":\"Mercado navide\u00f1o\"}]},{\"@type\":\"WebSite\",\"@id\":\"https:\\\/\\\/thebelizecollection.com\\\/es\\\/#website\",\"url\":\"https:\\\/\\\/thebelizecollection.com\\\/es\\\/\",\"name\":\"The Belize Collection\",\"description\":\"Everything Belize\",\"potentialAction\":[{\"@type\":\"SearchAction\",\"target\":{\"@type\":\"EntryPoint\",\"urlTemplate\":\"https:\\\/\\\/thebelizecollection.com\\\/es\\\/?s={search_term_string}\"},\"query-input\":{\"@type\":\"PropertyValueSpecification\",\"valueRequired\":true,\"valueName\":\"search_term_string\"}}],\"inLanguage\":\"es\"}]}<\/script>\n<!-- \/ Yoast SEO plugin. -->","yoast_head_json":{"title":"Mercado navide\u00f1o - The Belize Collection","robots":{"index":"index","follow":"follow","max-snippet":"max-snippet:-1","max-image-preview":"max-image-preview:large","max-video-preview":"max-video-preview:-1"},"canonical":"https:\/\/thebelizecollection.com\/es\/mercado-navideno\/","og_locale":"es_ES","og_type":"article","og_title":"Mercado navide\u00f1o - The Belize Collection","og_description":"Mercado navide\u00f1o Descubra algo especial en Humo Deck, en The Banks. Acomp\u00e1\u00f1enos en una exclusiva tienda ef\u00edmera en la selva, con artesanos locales, tesoros hechos a mano y hallazgos de boutique. Disfrute de deliciosa comida, saboree sus bebidas favoritas y rel\u00e1jese con los sonidos de la m\u00fasica en directo mientras recorre el espacio. Lugar: The [&hellip;]","og_url":"https:\/\/thebelizecollection.com\/es\/mercado-navideno\/","og_site_name":"The Belize Collection","article_modified_time":"2026-03-16T19:50:12+00:00","og_image":[{"width":2048,"height":1365,"url":"https:\/\/thebelizecollection.com\/wp-content\/uploads\/2025\/11\/TBR-Pop-Up-IG-Feed-1080-x-1350-2.png","type":"image\/png"}],"twitter_card":"summary_large_image","schema":{"@context":"https:\/\/schema.org","@graph":[{"@type":"WebPage","@id":"https:\/\/thebelizecollection.com\/es\/mercado-navideno\/","url":"https:\/\/thebelizecollection.com\/es\/mercado-navideno\/","name":"Mercado navide\u00f1o - The Belize Collection","isPartOf":{"@id":"https:\/\/thebelizecollection.com\/es\/#website"},"primaryImageOfPage":{"@id":"https:\/\/thebelizecollection.com\/es\/mercado-navideno\/#primaryimage"},"image":{"@id":"https:\/\/thebelizecollection.com\/es\/mercado-navideno\/#primaryimage"},"thumbnailUrl":"https:\/\/thebelizecollection.com\/wp-content\/uploads\/2025\/11\/TBR-Pop-Up-IG-Feed-1080-x-1350-2.png","datePublished":"2025-11-28T22:42:01+00:00","dateModified":"2026-03-16T19:50:12+00:00","breadcrumb":{"@id":"https:\/\/thebelizecollection.com\/es\/mercado-navideno\/#breadcrumb"},"inLanguage":"es","potentialAction":[{"@type":"ReadAction","target":["https:\/\/thebelizecollection.com\/es\/mercado-navideno\/"]}]},{"@type":"ImageObject","inLanguage":"es","@id":"https:\/\/thebelizecollection.com\/es\/mercado-navideno\/#primaryimage","url":"https:\/\/thebelizecollection.com\/wp-content\/uploads\/2025\/11\/TBR-Pop-Up-IG-Feed-1080-x-1350-2.png","contentUrl":"https:\/\/thebelizecollection.com\/wp-content\/uploads\/2025\/11\/TBR-Pop-Up-IG-Feed-1080-x-1350-2.png","width":2048,"height":1365},{"@type":"BreadcrumbList","@id":"https:\/\/thebelizecollection.com\/es\/mercado-navideno\/#breadcrumb","itemListElement":[{"@type":"ListItem","position":1,"name":"Home","item":"https:\/\/thebelizecollection.com\/es\/the-belize-collection\/"},{"@type":"ListItem","position":2,"name":"Mercado navide\u00f1o"}]},{"@type":"WebSite","@id":"https:\/\/thebelizecollection.com\/es\/#website","url":"https:\/\/thebelizecollection.com\/es\/","name":"The Belize Collection","description":"Everything Belize","potentialAction":[{"@type":"SearchAction","target":{"@type":"EntryPoint","urlTemplate":"https:\/\/thebelizecollection.com\/es\/?s={search_term_string}"},"query-input":{"@type":"PropertyValueSpecification","valueRequired":true,"valueName":"search_term_string"}}],"inLanguage":"es"}]}},"jetpack_sharing_enabled":true,"_links":{"self":[{"href":"https:\/\/thebelizecollection.com\/es\/wp-json\/wp\/v2\/pages\/68893","targetHints":{"allow":["GET"]}}],"collection":[{"href":"https:\/\/thebelizecollection.com\/es\/wp-json\/wp\/v2\/pages"}],"about":[{"href":"https:\/\/thebelizecollection.com\/es\/wp-json\/wp\/v2\/types\/page"}],"author":[{"embeddable":true,"href":"https:\/\/thebelizecollection.com\/es\/wp-json\/wp\/v2\/users\/4"}],"replies":[{"embeddable":true,"href":"https:\/\/thebelizecollection.com\/es\/wp-json\/wp\/v2\/comments?post=68893"}],"version-history":[{"count":1,"href":"https:\/\/thebelizecollection.com\/es\/wp-json\/wp\/v2\/pages\/68893\/revisions"}],"predecessor-version":[{"id":68901,"href":"https:\/\/thebelizecollection.com\/es\/wp-json\/wp\/v2\/pages\/68893\/revisions\/68901"}],"wp:featuredmedia":[{"embeddable":true,"href":"https:\/\/thebelizecollection.com\/es\/wp-json\/wp\/v2\/media\/68896"}],"wp:attachment":[{"href":"https:\/\/thebelizecollection.com\/es\/wp-json\/wp\/v2\/media?parent=68893"}],"wp:term":[{"taxonomy":"category","embeddable":true,"href":"https:\/\/thebelizecollection.com\/es\/wp-json\/wp\/v2\/categories?post=68893"},{"taxonomy":"post_tag","embeddable":true,"href":"https:\/\/thebelizecollection.com\/es\/wp-json\/wp\/v2\/tags?post=68893"}],"curies":[{"name":"wp","href":"https:\/\/api.w.org\/{rel}","templated":true}]}}