{"id":68968,"date":"2025-11-18T10:23:41","date_gmt":"2025-11-18T16:23:41","guid":{"rendered":"https:\/\/thebelizecollection.com\/encendido-del-arbol-de-navidad-en-sleeping-giant\/"},"modified":"2026-03-16T14:51:26","modified_gmt":"2026-03-16T20:51:26","slug":"encendido-del-arbol-de-navidad-en-sleeping-giant","status":"publish","type":"page","link":"https:\/\/thebelizecollection.com\/es\/encendido-del-arbol-de-navidad-en-sleeping-giant\/","title":{"rendered":"Encendido del \u00e1rbol de Navidad en Sleeping Giant"},"content":{"rendered":"\t\t<div data-elementor-type=\"wp-page\" data-elementor-id=\"68968\" class=\"elementor elementor-68968 elementor-64887\" data-elementor-post-type=\"page\">\n\t\t\t\t<div class=\"elementor-element elementor-element-714f8c3 e-con-full e-flex e-con e-parent\" data-id=\"714f8c3\" data-element_type=\"container\" data-e-type=\"container\" data-settings=\"{&quot;background_background&quot;:&quot;classic&quot;}\">\n\t\t\t\t<\/div>\n\t\t<div class=\"elementor-element elementor-element-a66d8e2 e-flex e-con-boxed e-con e-parent\" data-id=\"a66d8e2\" data-element_type=\"container\" data-e-type=\"container\">\n\t\t\t\t\t<div class=\"e-con-inner\">\n\t\t\t\t<div class=\"elementor-element elementor-element-afb7b3f elementor-widget elementor-widget-spacer\" data-id=\"afb7b3f\" data-element_type=\"widget\" data-e-type=\"widget\" data-widget_type=\"spacer.default\">\n\t\t\t\t<div class=\"elementor-widget-container\">\n\t\t\t\t\t\t\t<div class=\"elementor-spacer\">\n\t\t\t<div class=\"elementor-spacer-inner\"><\/div>\n\t\t<\/div>\n\t\t\t\t\t\t<\/div>\n\t\t\t\t<\/div>\n\t\t\t\t\t<\/div>\n\t\t\t\t<\/div>\n\t\t<div class=\"elementor-element elementor-element-59fd14d e-flex e-con-boxed e-con e-parent\" data-id=\"59fd14d\" data-element_type=\"container\" data-e-type=\"container\">\n\t\t\t\t\t<div class=\"e-con-inner\">\n\t\t<div class=\"elementor-element elementor-element-c74d395 e-con-full e-flex e-con e-child\" data-id=\"c74d395\" data-element_type=\"container\" data-e-type=\"container\">\n\t\t\t\t<div class=\"elementor-element elementor-element-7627bdd elementor-widget elementor-widget-heading\" data-id=\"7627bdd\" data-element_type=\"widget\" data-e-type=\"widget\" data-widget_type=\"heading.default\">\n\t\t\t\t<div class=\"elementor-widget-container\">\n\t\t\t\t\t<h1 class=\"elementor-heading-title elementor-size-default\">Encendido del \u00e1rbol de Navidad en Sleeping Giant<\/h1>\t\t\t\t<\/div>\n\t\t\t\t<\/div>\n\t\t\t\t<div class=\"elementor-element elementor-element-b1b98c0 elementor-widget elementor-widget-text-editor\" data-id=\"b1b98c0\" data-element_type=\"widget\" data-e-type=\"widget\" data-widget_type=\"text-editor.default\">\n\t\t\t\t<div class=\"elementor-widget-container\">\n\t\t\t\t\t\t\t\t\t<div class=\"elementor-element elementor-element-3fd73d8 elementor-widget elementor-widget-text-editor\" data-id=\"3fd73d8\" data-element_type=\"widget\" data-widget_type=\"text-editor.default\"><div class=\"elementor-widget-container\"><div class=\"elementor-element elementor-element-5853513 elementor-widget elementor-widget-text-editor\" data-id=\"5853513\" data-element_type=\"widget\" data-widget_type=\"text-editor.default\"><div class=\"elementor-widget-container\"><div class=\"elementor-element elementor-element-5853513 elementor-widget elementor-widget-text-editor\" data-id=\"5853513\" data-element_type=\"widget\" data-widget_type=\"text-editor.default\"><div class=\"elementor-widget-container\"><div class=\"elementor-element elementor-element-3fd73d8 elementor-widget elementor-widget-text-editor\" data-id=\"3fd73d8\" data-element_type=\"widget\" data-widget_type=\"text-editor.default\"><div class=\"elementor-widget-container\"><div class=\"elementor-element elementor-element-5853513 elementor-widget elementor-widget-text-editor\" data-id=\"5853513\" data-element_type=\"widget\" data-widget_type=\"text-editor.default\"><div class=\"elementor-widget-container\"><div class=\"elementor-element elementor-element-5853513 elementor-widget elementor-widget-text-editor\" data-id=\"5853513\" data-element_type=\"widget\" data-widget_type=\"text-editor.default\"><div class=\"elementor-widget-container\"><div class=\"elementor-element elementor-element-3fd73d8 elementor-widget elementor-widget-text-editor\" data-id=\"3fd73d8\" data-element_type=\"widget\" data-widget_type=\"text-editor.default\"><div class=\"elementor-widget-container\"><div class=\"elementor-element elementor-element-3fd73d8 elementor-widget elementor-widget-text-editor\" data-id=\"3fd73d8\" data-element_type=\"widget\" data-widget_type=\"text-editor.default\"><div class=\"elementor-widget-container\"><div class=\"elementor-element elementor-element-3fd73d8 elementor-widget elementor-widget-text-editor\" data-id=\"3fd73d8\" data-element_type=\"widget\" data-widget_type=\"text-editor.default\"><div class=\"elementor-widget-container\"><div class=\"elementor-element elementor-element-3fd73d8 elementor-widget elementor-widget-text-editor\" data-id=\"3fd73d8\" data-element_type=\"widget\" data-widget_type=\"text-editor.default\"><div class=\"elementor-widget-container\"><div class=\"elementor-element elementor-element-3fd73d8 elementor-widget elementor-widget-text-editor\" data-id=\"3fd73d8\" data-element_type=\"widget\" data-widget_type=\"text-editor.default\"><div class=\"elementor-widget-container\"><div class=\"elementor-element elementor-element-5853513 elementor-widget elementor-widget-text-editor\" data-id=\"5853513\" data-element_type=\"widget\" data-widget_type=\"text-editor.default\"><div class=\"elementor-widget-container\"><div class=\"elementor-element elementor-element-5853513 elementor-widget elementor-widget-text-editor\" data-id=\"5853513\" data-element_type=\"widget\" data-widget_type=\"text-editor.default\"><div class=\"elementor-widget-container\"><div class=\"elementor-element elementor-element-3fd73d8 elementor-widget elementor-widget-text-editor\" data-id=\"3fd73d8\" data-element_type=\"widget\" data-widget_type=\"text-editor.default\"><div class=\"elementor-widget-container\"><div class=\"elementor-element elementor-element-5853513 elementor-widget elementor-widget-text-editor\" data-id=\"5853513\" data-element_type=\"widget\" data-widget_type=\"text-editor.default\"><div class=\"elementor-widget-container\"><div class=\"elementor-element elementor-element-5853513 elementor-widget elementor-widget-text-editor\" data-id=\"5853513\" data-element_type=\"widget\" data-widget_type=\"text-editor.default\"><div class=\"elementor-widget-container\"><div class=\"elementor-element elementor-element-3fd73d8 elementor-widget elementor-widget-text-editor\" data-id=\"3fd73d8\" data-element_type=\"widget\" data-widget_type=\"text-editor.default\"><div class=\"elementor-widget-container\"><div class=\"elementor-element elementor-element-3fd73d8 elementor-widget elementor-widget-text-editor\" data-id=\"3fd73d8\" data-element_type=\"widget\" data-widget_type=\"text-editor.default\"><div class=\"elementor-widget-container\">Acomp\u00e1\u00f1enos en The Lodge at Sleeping Giant para el encendido del \u00e1rbol de Navidad. Celebre la temporada con familiares y amigos, y emp\u00e1pese del esp\u00edritu navide\u00f1o mientras iluminamos la noche juntos. <\/div><\/div><\/div><\/div><\/div><\/div><\/div><\/div><\/div><\/div><\/div><\/div><\/div><\/div><\/div><\/div><\/div><\/div><\/div><\/div><\/div><\/div><\/div><\/div><\/div><\/div><\/div><\/div><\/div><\/div><\/div><\/div><\/div><\/div><\/div><\/div>\t\t\t\t\t\t\t\t<\/div>\n\t\t\t\t<\/div>\n\t\t\t\t<div class=\"elementor-element elementor-element-ea50a05 elementor-widget elementor-widget-text-editor\" data-id=\"ea50a05\" data-element_type=\"widget\" data-e-type=\"widget\" data-widget_type=\"text-editor.default\">\n\t\t\t\t<div class=\"elementor-widget-container\">\n\t\t\t\t\t\t\t\t\t<p><strong>Entretenimiento: <\/strong>Banda de marimba en directo<\/p><p><strong>Ubicaci\u00f3n: <\/strong>El <strong><span style=\"font-weight: 400;\">patio interior de Sleeping Giant<\/span><\/strong><\/p><p><strong>Fecha:<\/strong> 29 de noviembre de 2025<\/p><p><strong>Hora:<\/strong> 18:00 &#8211; 21:00<\/p><p><strong>Precio:<\/strong> Entrada gratuita<\/p>\t\t\t\t\t\t\t\t<\/div>\n\t\t\t\t<\/div>\n\t\t\t\t<div class=\"elementor-element elementor-element-311412d elementor-mobile-align-center elementor-widget elementor-widget-button\" data-id=\"311412d\" data-element_type=\"widget\" data-e-type=\"widget\" data-widget_type=\"button.default\">\n\t\t\t\t<div class=\"elementor-widget-container\">\n\t\t\t\t\t\t\t\t\t<div class=\"elementor-button-wrapper\">\n\t\t\t\t\t<a class=\"elementor-button elementor-button-link elementor-size-sm\" href=\"tel:+501-610-4333\">\n\t\t\t\t\t\t<span class=\"elementor-button-content-wrapper\">\n\t\t\t\t\t\t\t\t\t<span class=\"elementor-button-text\">Haga clic aqu\u00ed para confirmar su asistencia<\/span>\n\t\t\t\t\t<\/span>\n\t\t\t\t\t<\/a>\n\t\t\t\t<\/div>\n\t\t\t\t\t\t\t\t<\/div>\n\t\t\t\t<\/div>\n\t\t\t\t<\/div>\n\t\t<div class=\"elementor-element elementor-element-fb54344 e-con-full elementor-hidden-mobile e-flex e-con e-child\" data-id=\"fb54344\" data-element_type=\"container\" data-e-type=\"container\" data-settings=\"{&quot;background_background&quot;:&quot;classic&quot;}\">\n\t\t\t\t<\/div>\n\t\t\t\t\t<\/div>\n\t\t\t\t<\/div>\n\t\t\t\t<\/div>\n\t\t","protected":false},"excerpt":{"rendered":"<p>Encendido del \u00e1rbol de Navidad en Sleeping Giant Acomp\u00e1\u00f1enos en The Lodge at Sleeping Giant para el encendido del \u00e1rbol de Navidad. Celebre la temporada con familiares y amigos, y emp\u00e1pese del esp\u00edritu navide\u00f1o mientras iluminamos la noche juntos. Entretenimiento: Banda de marimba en directo Ubicaci\u00f3n: El patio interior de Sleeping Giant Fecha: 29 de [&hellip;]<\/p>\n","protected":false},"author":4,"featured_media":68979,"parent":0,"menu_order":0,"comment_status":"closed","ping_status":"closed","template":"page-full-width.php","meta":{"_acf_changed":false,"_vp_format_video_url":"","_vp_image_focal_point":[],"footnotes":""},"categories":[199],"tags":[],"class_list":["post-68968","page","type-page","status-publish","has-post-thumbnail","hentry","category-encuentro-tbc"],"acf":[],"yoast_head":"<!-- This site is optimized with the Yoast SEO plugin v27.4 - https:\/\/yoast.com\/product\/yoast-seo-wordpress\/ -->\n<title>Encendido del \u00e1rbol de Navidad en Sleeping Giant - The Belize Collection<\/title>\n<meta name=\"robots\" content=\"index, follow, max-snippet:-1, max-image-preview:large, max-video-preview:-1\" \/>\n<link rel=\"canonical\" href=\"https:\/\/thebelizecollection.com\/es\/encendido-del-arbol-de-navidad-en-sleeping-giant\/\" \/>\n<meta property=\"og:locale\" content=\"es_ES\" \/>\n<meta property=\"og:type\" content=\"article\" \/>\n<meta property=\"og:title\" content=\"Encendido del \u00e1rbol de Navidad en Sleeping Giant - The Belize Collection\" \/>\n<meta property=\"og:description\" content=\"Encendido del \u00e1rbol de Navidad en Sleeping Giant Acomp\u00e1\u00f1enos en The Lodge at Sleeping Giant para el encendido del \u00e1rbol de Navidad. Celebre la temporada con familiares y amigos, y emp\u00e1pese del esp\u00edritu navide\u00f1o mientras iluminamos la noche juntos. Entretenimiento: Banda de marimba en directo Ubicaci\u00f3n: El patio interior de Sleeping Giant Fecha: 29 de [&hellip;]\" \/>\n<meta property=\"og:url\" content=\"https:\/\/thebelizecollection.com\/es\/encendido-del-arbol-de-navidad-en-sleeping-giant\/\" \/>\n<meta property=\"og:site_name\" content=\"The Belize Collection\" \/>\n<meta property=\"article:modified_time\" content=\"2026-03-16T20:51:26+00:00\" \/>\n<meta property=\"og:image\" content=\"https:\/\/thebelizecollection.com\/wp-content\/uploads\/2025\/11\/1200x628-4-1.png\" \/>\n\t<meta property=\"og:image:width\" content=\"2048\" \/>\n\t<meta property=\"og:image:height\" content=\"1365\" \/>\n\t<meta property=\"og:image:type\" content=\"image\/png\" \/>\n<meta name=\"twitter:card\" content=\"summary_large_image\" \/>\n<script type=\"application\/ld+json\" class=\"yoast-schema-graph\">{\"@context\":\"https:\\\/\\\/schema.org\",\"@graph\":[{\"@type\":\"WebPage\",\"@id\":\"https:\\\/\\\/thebelizecollection.com\\\/es\\\/encendido-del-arbol-de-navidad-en-sleeping-giant\\\/\",\"url\":\"https:\\\/\\\/thebelizecollection.com\\\/es\\\/encendido-del-arbol-de-navidad-en-sleeping-giant\\\/\",\"name\":\"Encendido del \u00e1rbol de Navidad en Sleeping Giant - The Belize Collection\",\"isPartOf\":{\"@id\":\"https:\\\/\\\/thebelizecollection.com\\\/es\\\/#website\"},\"primaryImageOfPage\":{\"@id\":\"https:\\\/\\\/thebelizecollection.com\\\/es\\\/encendido-del-arbol-de-navidad-en-sleeping-giant\\\/#primaryimage\"},\"image\":{\"@id\":\"https:\\\/\\\/thebelizecollection.com\\\/es\\\/encendido-del-arbol-de-navidad-en-sleeping-giant\\\/#primaryimage\"},\"thumbnailUrl\":\"https:\\\/\\\/thebelizecollection.com\\\/wp-content\\\/uploads\\\/2025\\\/11\\\/1200x628-4-1.png\",\"datePublished\":\"2025-11-18T16:23:41+00:00\",\"dateModified\":\"2026-03-16T20:51:26+00:00\",\"breadcrumb\":{\"@id\":\"https:\\\/\\\/thebelizecollection.com\\\/es\\\/encendido-del-arbol-de-navidad-en-sleeping-giant\\\/#breadcrumb\"},\"inLanguage\":\"es\",\"potentialAction\":[{\"@type\":\"ReadAction\",\"target\":[\"https:\\\/\\\/thebelizecollection.com\\\/es\\\/encendido-del-arbol-de-navidad-en-sleeping-giant\\\/\"]}]},{\"@type\":\"ImageObject\",\"inLanguage\":\"es\",\"@id\":\"https:\\\/\\\/thebelizecollection.com\\\/es\\\/encendido-del-arbol-de-navidad-en-sleeping-giant\\\/#primaryimage\",\"url\":\"https:\\\/\\\/thebelizecollection.com\\\/wp-content\\\/uploads\\\/2025\\\/11\\\/1200x628-4-1.png\",\"contentUrl\":\"https:\\\/\\\/thebelizecollection.com\\\/wp-content\\\/uploads\\\/2025\\\/11\\\/1200x628-4-1.png\",\"width\":2048,\"height\":1365},{\"@type\":\"BreadcrumbList\",\"@id\":\"https:\\\/\\\/thebelizecollection.com\\\/es\\\/encendido-del-arbol-de-navidad-en-sleeping-giant\\\/#breadcrumb\",\"itemListElement\":[{\"@type\":\"ListItem\",\"position\":1,\"name\":\"Home\",\"item\":\"https:\\\/\\\/thebelizecollection.com\\\/es\\\/the-belize-collection\\\/\"},{\"@type\":\"ListItem\",\"position\":2,\"name\":\"Encendido del \u00e1rbol de Navidad en Sleeping Giant\"}]},{\"@type\":\"WebSite\",\"@id\":\"https:\\\/\\\/thebelizecollection.com\\\/es\\\/#website\",\"url\":\"https:\\\/\\\/thebelizecollection.com\\\/es\\\/\",\"name\":\"The Belize Collection\",\"description\":\"Everything Belize\",\"potentialAction\":[{\"@type\":\"SearchAction\",\"target\":{\"@type\":\"EntryPoint\",\"urlTemplate\":\"https:\\\/\\\/thebelizecollection.com\\\/es\\\/?s={search_term_string}\"},\"query-input\":{\"@type\":\"PropertyValueSpecification\",\"valueRequired\":true,\"valueName\":\"search_term_string\"}}],\"inLanguage\":\"es\"}]}<\/script>\n<!-- \/ Yoast SEO plugin. -->","yoast_head_json":{"title":"Encendido del \u00e1rbol de Navidad en Sleeping Giant - The Belize Collection","robots":{"index":"index","follow":"follow","max-snippet":"max-snippet:-1","max-image-preview":"max-image-preview:large","max-video-preview":"max-video-preview:-1"},"canonical":"https:\/\/thebelizecollection.com\/es\/encendido-del-arbol-de-navidad-en-sleeping-giant\/","og_locale":"es_ES","og_type":"article","og_title":"Encendido del \u00e1rbol de Navidad en Sleeping Giant - The Belize Collection","og_description":"Encendido del \u00e1rbol de Navidad en Sleeping Giant Acomp\u00e1\u00f1enos en The Lodge at Sleeping Giant para el encendido del \u00e1rbol de Navidad. Celebre la temporada con familiares y amigos, y emp\u00e1pese del esp\u00edritu navide\u00f1o mientras iluminamos la noche juntos. Entretenimiento: Banda de marimba en directo Ubicaci\u00f3n: El patio interior de Sleeping Giant Fecha: 29 de [&hellip;]","og_url":"https:\/\/thebelizecollection.com\/es\/encendido-del-arbol-de-navidad-en-sleeping-giant\/","og_site_name":"The Belize Collection","article_modified_time":"2026-03-16T20:51:26+00:00","og_image":[{"width":2048,"height":1365,"url":"https:\/\/thebelizecollection.com\/wp-content\/uploads\/2025\/11\/1200x628-4-1.png","type":"image\/png"}],"twitter_card":"summary_large_image","schema":{"@context":"https:\/\/schema.org","@graph":[{"@type":"WebPage","@id":"https:\/\/thebelizecollection.com\/es\/encendido-del-arbol-de-navidad-en-sleeping-giant\/","url":"https:\/\/thebelizecollection.com\/es\/encendido-del-arbol-de-navidad-en-sleeping-giant\/","name":"Encendido del \u00e1rbol de Navidad en Sleeping Giant - The Belize Collection","isPartOf":{"@id":"https:\/\/thebelizecollection.com\/es\/#website"},"primaryImageOfPage":{"@id":"https:\/\/thebelizecollection.com\/es\/encendido-del-arbol-de-navidad-en-sleeping-giant\/#primaryimage"},"image":{"@id":"https:\/\/thebelizecollection.com\/es\/encendido-del-arbol-de-navidad-en-sleeping-giant\/#primaryimage"},"thumbnailUrl":"https:\/\/thebelizecollection.com\/wp-content\/uploads\/2025\/11\/1200x628-4-1.png","datePublished":"2025-11-18T16:23:41+00:00","dateModified":"2026-03-16T20:51:26+00:00","breadcrumb":{"@id":"https:\/\/thebelizecollection.com\/es\/encendido-del-arbol-de-navidad-en-sleeping-giant\/#breadcrumb"},"inLanguage":"es","potentialAction":[{"@type":"ReadAction","target":["https:\/\/thebelizecollection.com\/es\/encendido-del-arbol-de-navidad-en-sleeping-giant\/"]}]},{"@type":"ImageObject","inLanguage":"es","@id":"https:\/\/thebelizecollection.com\/es\/encendido-del-arbol-de-navidad-en-sleeping-giant\/#primaryimage","url":"https:\/\/thebelizecollection.com\/wp-content\/uploads\/2025\/11\/1200x628-4-1.png","contentUrl":"https:\/\/thebelizecollection.com\/wp-content\/uploads\/2025\/11\/1200x628-4-1.png","width":2048,"height":1365},{"@type":"BreadcrumbList","@id":"https:\/\/thebelizecollection.com\/es\/encendido-del-arbol-de-navidad-en-sleeping-giant\/#breadcrumb","itemListElement":[{"@type":"ListItem","position":1,"name":"Home","item":"https:\/\/thebelizecollection.com\/es\/the-belize-collection\/"},{"@type":"ListItem","position":2,"name":"Encendido del \u00e1rbol de Navidad en Sleeping Giant"}]},{"@type":"WebSite","@id":"https:\/\/thebelizecollection.com\/es\/#website","url":"https:\/\/thebelizecollection.com\/es\/","name":"The Belize Collection","description":"Everything Belize","potentialAction":[{"@type":"SearchAction","target":{"@type":"EntryPoint","urlTemplate":"https:\/\/thebelizecollection.com\/es\/?s={search_term_string}"},"query-input":{"@type":"PropertyValueSpecification","valueRequired":true,"valueName":"search_term_string"}}],"inLanguage":"es"}]}},"jetpack_sharing_enabled":true,"_links":{"self":[{"href":"https:\/\/thebelizecollection.com\/es\/wp-json\/wp\/v2\/pages\/68968","targetHints":{"allow":["GET"]}}],"collection":[{"href":"https:\/\/thebelizecollection.com\/es\/wp-json\/wp\/v2\/pages"}],"about":[{"href":"https:\/\/thebelizecollection.com\/es\/wp-json\/wp\/v2\/types\/page"}],"author":[{"embeddable":true,"href":"https:\/\/thebelizecollection.com\/es\/wp-json\/wp\/v2\/users\/4"}],"replies":[{"embeddable":true,"href":"https:\/\/thebelizecollection.com\/es\/wp-json\/wp\/v2\/comments?post=68968"}],"version-history":[{"count":2,"href":"https:\/\/thebelizecollection.com\/es\/wp-json\/wp\/v2\/pages\/68968\/revisions"}],"predecessor-version":[{"id":69142,"href":"https:\/\/thebelizecollection.com\/es\/wp-json\/wp\/v2\/pages\/68968\/revisions\/69142"}],"wp:featuredmedia":[{"embeddable":true,"href":"https:\/\/thebelizecollection.com\/es\/wp-json\/wp\/v2\/media\/68979"}],"wp:attachment":[{"href":"https:\/\/thebelizecollection.com\/es\/wp-json\/wp\/v2\/media?parent=68968"}],"wp:term":[{"taxonomy":"category","embeddable":true,"href":"https:\/\/thebelizecollection.com\/es\/wp-json\/wp\/v2\/categories?post=68968"},{"taxonomy":"post_tag","embeddable":true,"href":"https:\/\/thebelizecollection.com\/es\/wp-json\/wp\/v2\/tags?post=68968"}],"curies":[{"name":"wp","href":"https:\/\/api.w.org\/{rel}","templated":true}]}}