{"id":69003,"date":"2025-11-28T10:57:30","date_gmt":"2025-11-28T16:57:30","guid":{"rendered":"https:\/\/thebelizecollection.com\/calendarios-festivos-del-resort\/"},"modified":"2026-03-16T14:21:47","modified_gmt":"2026-03-16T20:21:47","slug":"calendarios-festivos-del-resort","status":"publish","type":"page","link":"https:\/\/thebelizecollection.com\/es\/calendarios-festivos-del-resort\/","title":{"rendered":"Calendarios festivos del resort"},"content":{"rendered":"\t\t<div data-elementor-type=\"wp-page\" data-elementor-id=\"69003\" class=\"elementor elementor-69003 elementor-65095\" data-elementor-post-type=\"page\">\n\t\t\t\t<div class=\"elementor-element elementor-element-15ee145 e-con-full e-flex e-con e-parent\" data-id=\"15ee145\" data-element_type=\"container\" data-e-type=\"container\" data-settings=\"{&quot;background_background&quot;:&quot;classic&quot;}\">\n\t\t\t\t<\/div>\n\t\t<div class=\"elementor-element elementor-element-7677409 e-flex e-con-boxed e-con e-parent\" data-id=\"7677409\" data-element_type=\"container\" data-e-type=\"container\">\n\t\t\t\t\t<div class=\"e-con-inner\">\n\t\t\t\t<div class=\"elementor-element elementor-element-4cc9f59 elementor-widget elementor-widget-spacer\" data-id=\"4cc9f59\" data-element_type=\"widget\" data-e-type=\"widget\" data-widget_type=\"spacer.default\">\n\t\t\t\t<div class=\"elementor-widget-container\">\n\t\t\t\t\t\t\t<div class=\"elementor-spacer\">\n\t\t\t<div class=\"elementor-spacer-inner\"><\/div>\n\t\t<\/div>\n\t\t\t\t\t\t<\/div>\n\t\t\t\t<\/div>\n\t\t<div class=\"elementor-element elementor-element-badae30 e-con-full e-flex e-con e-child\" data-id=\"badae30\" data-element_type=\"container\" data-e-type=\"container\">\n\t\t\t\t<div class=\"elementor-element elementor-element-ad57bab elementor-widget elementor-widget-heading\" data-id=\"ad57bab\" data-element_type=\"widget\" data-e-type=\"widget\" data-widget_type=\"heading.default\">\n\t\t\t\t<div class=\"elementor-widget-container\">\n\t\t\t\t\t<h1 class=\"elementor-heading-title elementor-size-default\">CALENDARIOS FESTIVOS DE THE BELIZE COLLECTION<\/h1>\t\t\t\t<\/div>\n\t\t\t\t<\/div>\n\t\t\t\t<\/div>\n\t\t<div class=\"elementor-element elementor-element-4c71464 e-con-full e-flex e-con e-child\" data-id=\"4c71464\" data-element_type=\"container\" data-e-type=\"container\">\n\t\t\t\t<div class=\"elementor-element elementor-element-f6eb3cf elementor-widget elementor-widget-text-editor\" data-id=\"f6eb3cf\" data-element_type=\"widget\" data-e-type=\"widget\" data-widget_type=\"text-editor.default\">\n\t\t\t\t<div class=\"elementor-widget-container\">\n\t\t\t\t\t\t\t\t\t<div class=\"elementor-element elementor-element-3fd73d8 elementor-widget elementor-widget-text-editor\" data-id=\"3fd73d8\" data-element_type=\"widget\" data-widget_type=\"text-editor.default\"><div class=\"elementor-widget-container\">Celebre la magia de la temporada con el Calendario de Navidad de The Belize Collection. Desde experiencias gastron\u00f3micas festivas y actividades para toda la familia hasta ofertas por tiempo limitado y sorpresas navide\u00f1as, cada d\u00eda ofrece algo nuevo para disfrutar en nuestros resorts y restaurantes. Explore lo que sucede durante todo diciembre y haga que su estancia sea alegre, brillante e inolvidable.  <\/div><div> <\/div><\/div><div>Haga clic en los botones de abajo para ver los calendarios y empezar a planificar sus momentos festivos.<\/div>\t\t\t\t\t\t\t\t<\/div>\n\t\t\t\t<\/div>\n\t\t\t\t<\/div>\n\t\t\t\t\t<\/div>\n\t\t\t\t<\/div>\n\t\t<div class=\"elementor-element elementor-element-92a4b8c e-flex e-con-boxed e-con e-parent\" data-id=\"92a4b8c\" data-element_type=\"container\" data-e-type=\"container\">\n\t\t\t\t\t<div class=\"e-con-inner\">\n\t\t\t\t<div class=\"elementor-element elementor-element-2de713f elementor-widget elementor-widget-spacer\" data-id=\"2de713f\" data-element_type=\"widget\" data-e-type=\"widget\" data-widget_type=\"spacer.default\">\n\t\t\t\t<div class=\"elementor-widget-container\">\n\t\t\t\t\t\t\t<div class=\"elementor-spacer\">\n\t\t\t<div class=\"elementor-spacer-inner\"><\/div>\n\t\t<\/div>\n\t\t\t\t\t\t<\/div>\n\t\t\t\t<\/div>\n\t\t\t\t\t<\/div>\n\t\t\t\t<\/div>\n\t\t<div class=\"elementor-element elementor-element-2a6d80e e-grid e-con-boxed e-con e-parent\" data-id=\"2a6d80e\" data-element_type=\"container\" data-e-type=\"container\">\n\t\t\t\t\t<div class=\"e-con-inner\">\n\t\t\t\t<div class=\"elementor-element elementor-element-88a0ec6 elementor-widget elementor-widget-image\" data-id=\"88a0ec6\" data-element_type=\"widget\" data-e-type=\"widget\" data-widget_type=\"image.default\">\n\t\t\t\t<div class=\"elementor-widget-container\">\n\t\t\t\t\t\t\t\t\t\t\t\t\t\t\t\t<a href=\"https:\/\/thebelizecollection.com\/es\/calendario-festivo-the-banks\/\" target=\"_blank\">\n\t\t\t\t\t\t\t<img fetchpriority=\"high\" decoding=\"async\" width=\"300\" height=\"300\" src=\"https:\/\/thebelizecollection.com\/wp-content\/uploads\/2025\/11\/Copy-of-Festive-Calendar-4.png\" class=\"elementor-animation-shrink attachment-medium size-medium wp-image-69009\" alt=\"\" srcset=\"https:\/\/thebelizecollection.com\/wp-content\/uploads\/2025\/11\/Copy-of-Festive-Calendar-4.png 300w, https:\/\/thebelizecollection.com\/wp-content\/uploads\/2025\/11\/Copy-of-Festive-Calendar-4-150x150.png 150w\" sizes=\"(max-width: 300px) 100vw, 300px\" \/>\t\t\t\t\t\t\t\t<\/a>\n\t\t\t\t\t\t\t\t\t\t\t\t\t\t\t<\/div>\n\t\t\t\t<\/div>\n\t\t\t\t<div class=\"elementor-element elementor-element-374ddd9 elementor-widget elementor-widget-image\" data-id=\"374ddd9\" data-element_type=\"widget\" data-e-type=\"widget\" data-widget_type=\"image.default\">\n\t\t\t\t<div class=\"elementor-widget-container\">\n\t\t\t\t\t\t\t\t\t\t\t\t\t\t\t\t<a href=\"https:\/\/thebelizecollection.com\/festive-calendar-the-rainforest-lodge-at-sleeping-giant\/\" target=\"_blank\">\n\t\t\t\t\t\t\t<img decoding=\"async\" width=\"300\" height=\"300\" src=\"https:\/\/thebelizecollection.com\/wp-content\/uploads\/2025\/11\/Copy-of-Festive-Calendar-3.png\" class=\"elementor-animation-shrink attachment-medium size-medium wp-image-69010\" alt=\"\" srcset=\"https:\/\/thebelizecollection.com\/wp-content\/uploads\/2025\/11\/Copy-of-Festive-Calendar-3.png 300w, https:\/\/thebelizecollection.com\/wp-content\/uploads\/2025\/11\/Copy-of-Festive-Calendar-3-150x150.png 150w\" sizes=\"(max-width: 300px) 100vw, 300px\" \/>\t\t\t\t\t\t\t\t<\/a>\n\t\t\t\t\t\t\t\t\t\t\t\t\t\t\t<\/div>\n\t\t\t\t<\/div>\n\t\t\t\t<div class=\"elementor-element elementor-element-13225a3 elementor-widget elementor-widget-image\" data-id=\"13225a3\" data-element_type=\"widget\" data-e-type=\"widget\" data-widget_type=\"image.default\">\n\t\t\t\t<div class=\"elementor-widget-container\">\n\t\t\t\t\t\t\t\t\t\t\t\t\t\t\t\t<a href=\"https:\/\/thebelizecollection.com\/es\/calendario-festivo-umaya-resort-and-adventures\/\" target=\"_blank\">\n\t\t\t\t\t\t\t<img decoding=\"async\" width=\"300\" height=\"300\" src=\"https:\/\/thebelizecollection.com\/wp-content\/uploads\/2025\/11\/UMY-Flyer.png\" class=\"elementor-animation-shrink attachment-medium size-medium wp-image-69008\" alt=\"\" srcset=\"https:\/\/thebelizecollection.com\/wp-content\/uploads\/2025\/11\/UMY-Flyer.png 300w, https:\/\/thebelizecollection.com\/wp-content\/uploads\/2025\/11\/UMY-Flyer-150x150.png 150w\" sizes=\"(max-width: 300px) 100vw, 300px\" \/>\t\t\t\t\t\t\t\t<\/a>\n\t\t\t\t\t\t\t\t\t\t\t\t\t\t\t<\/div>\n\t\t\t\t<\/div>\n\t\t\t\t<div class=\"elementor-element elementor-element-a02fe29 elementor-widget elementor-widget-image\" data-id=\"a02fe29\" data-element_type=\"widget\" data-e-type=\"widget\" data-widget_type=\"image.default\">\n\t\t\t\t<div class=\"elementor-widget-container\">\n\t\t\t\t\t\t\t\t\t\t\t\t\t\t\t\t<a href=\"https:\/\/thebelizecollection.com\/festive-calendar-the-lodge-at-jaguar-reef\/\" target=\"_blank\">\n\t\t\t\t\t\t\t<img loading=\"lazy\" decoding=\"async\" width=\"300\" height=\"300\" src=\"https:\/\/thebelizecollection.com\/wp-content\/uploads\/2025\/11\/Copy-of-Festive-Calendar-2.png\" class=\"elementor-animation-shrink attachment-medium size-medium wp-image-69005\" alt=\"\" srcset=\"https:\/\/thebelizecollection.com\/wp-content\/uploads\/2025\/11\/Copy-of-Festive-Calendar-2.png 300w, https:\/\/thebelizecollection.com\/wp-content\/uploads\/2025\/11\/Copy-of-Festive-Calendar-2-150x150.png 150w\" sizes=\"(max-width: 300px) 100vw, 300px\" \/>\t\t\t\t\t\t\t\t<\/a>\n\t\t\t\t\t\t\t\t\t\t\t\t\t\t\t<\/div>\n\t\t\t\t<\/div>\n\t\t\t\t\t<\/div>\n\t\t\t\t<\/div>\n\t\t<div class=\"elementor-element elementor-element-d2bcf71 e-flex e-con-boxed e-con e-parent\" data-id=\"d2bcf71\" data-element_type=\"container\" data-e-type=\"container\">\n\t\t\t\t\t<div class=\"e-con-inner\">\n\t\t\t\t<div class=\"elementor-element elementor-element-d5c264e elementor-widget elementor-widget-spacer\" data-id=\"d5c264e\" data-element_type=\"widget\" data-e-type=\"widget\" data-widget_type=\"spacer.default\">\n\t\t\t\t<div class=\"elementor-widget-container\">\n\t\t\t\t\t\t\t<div class=\"elementor-spacer\">\n\t\t\t<div class=\"elementor-spacer-inner\"><\/div>\n\t\t<\/div>\n\t\t\t\t\t\t<\/div>\n\t\t\t\t<\/div>\n\t\t\t\t\t<\/div>\n\t\t\t\t<\/div>\n\t\t\t\t<\/div>\n\t\t","protected":false},"excerpt":{"rendered":"<p>CALENDARIOS FESTIVOS DE THE BELIZE COLLECTION Celebre la magia de la temporada con el Calendario de Navidad de The Belize Collection. Desde experiencias gastron\u00f3micas festivas y actividades para toda la familia hasta ofertas por tiempo limitado y sorpresas navide\u00f1as, cada d\u00eda ofrece algo nuevo para disfrutar en nuestros resorts y restaurantes. Explore lo que sucede [&hellip;]<\/p>\n","protected":false},"author":4,"featured_media":69007,"parent":0,"menu_order":0,"comment_status":"closed","ping_status":"closed","template":"page-full-width.php","meta":{"_acf_changed":false,"_vp_format_video_url":"","_vp_image_focal_point":[],"footnotes":""},"categories":[199],"tags":[],"class_list":["post-69003","page","type-page","status-publish","has-post-thumbnail","hentry","category-encuentro-tbc"],"acf":[],"yoast_head":"<!-- This site is optimized with the Yoast SEO plugin v27.4 - https:\/\/yoast.com\/product\/yoast-seo-wordpress\/ -->\n<title>Calendarios festivos del resort - The Belize Collection<\/title>\n<meta name=\"robots\" content=\"index, follow, max-snippet:-1, max-image-preview:large, max-video-preview:-1\" \/>\n<link rel=\"canonical\" href=\"https:\/\/thebelizecollection.com\/es\/calendarios-festivos-del-resort\/\" \/>\n<meta property=\"og:locale\" content=\"es_ES\" \/>\n<meta property=\"og:type\" content=\"article\" \/>\n<meta property=\"og:title\" content=\"Calendarios festivos del resort - The Belize Collection\" \/>\n<meta property=\"og:description\" content=\"CALENDARIOS FESTIVOS DE THE BELIZE COLLECTION Celebre la magia de la temporada con el Calendario de Navidad de The Belize Collection. Desde experiencias gastron\u00f3micas festivas y actividades para toda la familia hasta ofertas por tiempo limitado y sorpresas navide\u00f1as, cada d\u00eda ofrece algo nuevo para disfrutar en nuestros resorts y restaurantes. Explore lo que sucede [&hellip;]\" \/>\n<meta property=\"og:url\" content=\"https:\/\/thebelizecollection.com\/es\/calendarios-festivos-del-resort\/\" \/>\n<meta property=\"og:site_name\" content=\"The Belize Collection\" \/>\n<meta property=\"article:modified_time\" content=\"2026-03-16T20:21:47+00:00\" \/>\n<meta property=\"og:image\" content=\"https:\/\/thebelizecollection.com\/wp-content\/uploads\/2025\/11\/Copy-of-Festive-Calendar.png\" \/>\n\t<meta property=\"og:image:width\" content=\"2048\" \/>\n\t<meta property=\"og:image:height\" content=\"1365\" \/>\n\t<meta property=\"og:image:type\" content=\"image\/png\" \/>\n<meta name=\"twitter:card\" content=\"summary_large_image\" \/>\n<script type=\"application\/ld+json\" class=\"yoast-schema-graph\">{\"@context\":\"https:\\\/\\\/schema.org\",\"@graph\":[{\"@type\":\"WebPage\",\"@id\":\"https:\\\/\\\/thebelizecollection.com\\\/es\\\/calendarios-festivos-del-resort\\\/\",\"url\":\"https:\\\/\\\/thebelizecollection.com\\\/es\\\/calendarios-festivos-del-resort\\\/\",\"name\":\"Calendarios festivos del resort - The Belize Collection\",\"isPartOf\":{\"@id\":\"https:\\\/\\\/thebelizecollection.com\\\/es\\\/#website\"},\"primaryImageOfPage\":{\"@id\":\"https:\\\/\\\/thebelizecollection.com\\\/es\\\/calendarios-festivos-del-resort\\\/#primaryimage\"},\"image\":{\"@id\":\"https:\\\/\\\/thebelizecollection.com\\\/es\\\/calendarios-festivos-del-resort\\\/#primaryimage\"},\"thumbnailUrl\":\"https:\\\/\\\/thebelizecollection.com\\\/wp-content\\\/uploads\\\/2025\\\/11\\\/Copy-of-Festive-Calendar.png\",\"datePublished\":\"2025-11-28T16:57:30+00:00\",\"dateModified\":\"2026-03-16T20:21:47+00:00\",\"breadcrumb\":{\"@id\":\"https:\\\/\\\/thebelizecollection.com\\\/es\\\/calendarios-festivos-del-resort\\\/#breadcrumb\"},\"inLanguage\":\"es\",\"potentialAction\":[{\"@type\":\"ReadAction\",\"target\":[\"https:\\\/\\\/thebelizecollection.com\\\/es\\\/calendarios-festivos-del-resort\\\/\"]}]},{\"@type\":\"ImageObject\",\"inLanguage\":\"es\",\"@id\":\"https:\\\/\\\/thebelizecollection.com\\\/es\\\/calendarios-festivos-del-resort\\\/#primaryimage\",\"url\":\"https:\\\/\\\/thebelizecollection.com\\\/wp-content\\\/uploads\\\/2025\\\/11\\\/Copy-of-Festive-Calendar.png\",\"contentUrl\":\"https:\\\/\\\/thebelizecollection.com\\\/wp-content\\\/uploads\\\/2025\\\/11\\\/Copy-of-Festive-Calendar.png\",\"width\":2048,\"height\":1365},{\"@type\":\"BreadcrumbList\",\"@id\":\"https:\\\/\\\/thebelizecollection.com\\\/es\\\/calendarios-festivos-del-resort\\\/#breadcrumb\",\"itemListElement\":[{\"@type\":\"ListItem\",\"position\":1,\"name\":\"Home\",\"item\":\"https:\\\/\\\/thebelizecollection.com\\\/es\\\/the-belize-collection\\\/\"},{\"@type\":\"ListItem\",\"position\":2,\"name\":\"Calendarios festivos del resort\"}]},{\"@type\":\"WebSite\",\"@id\":\"https:\\\/\\\/thebelizecollection.com\\\/es\\\/#website\",\"url\":\"https:\\\/\\\/thebelizecollection.com\\\/es\\\/\",\"name\":\"The Belize Collection\",\"description\":\"Everything Belize\",\"potentialAction\":[{\"@type\":\"SearchAction\",\"target\":{\"@type\":\"EntryPoint\",\"urlTemplate\":\"https:\\\/\\\/thebelizecollection.com\\\/es\\\/?s={search_term_string}\"},\"query-input\":{\"@type\":\"PropertyValueSpecification\",\"valueRequired\":true,\"valueName\":\"search_term_string\"}}],\"inLanguage\":\"es\"}]}<\/script>\n<!-- \/ Yoast SEO plugin. -->","yoast_head_json":{"title":"Calendarios festivos del resort - The Belize Collection","robots":{"index":"index","follow":"follow","max-snippet":"max-snippet:-1","max-image-preview":"max-image-preview:large","max-video-preview":"max-video-preview:-1"},"canonical":"https:\/\/thebelizecollection.com\/es\/calendarios-festivos-del-resort\/","og_locale":"es_ES","og_type":"article","og_title":"Calendarios festivos del resort - The Belize Collection","og_description":"CALENDARIOS FESTIVOS DE THE BELIZE COLLECTION Celebre la magia de la temporada con el Calendario de Navidad de The Belize Collection. Desde experiencias gastron\u00f3micas festivas y actividades para toda la familia hasta ofertas por tiempo limitado y sorpresas navide\u00f1as, cada d\u00eda ofrece algo nuevo para disfrutar en nuestros resorts y restaurantes. Explore lo que sucede [&hellip;]","og_url":"https:\/\/thebelizecollection.com\/es\/calendarios-festivos-del-resort\/","og_site_name":"The Belize Collection","article_modified_time":"2026-03-16T20:21:47+00:00","og_image":[{"width":2048,"height":1365,"url":"https:\/\/thebelizecollection.com\/wp-content\/uploads\/2025\/11\/Copy-of-Festive-Calendar.png","type":"image\/png"}],"twitter_card":"summary_large_image","schema":{"@context":"https:\/\/schema.org","@graph":[{"@type":"WebPage","@id":"https:\/\/thebelizecollection.com\/es\/calendarios-festivos-del-resort\/","url":"https:\/\/thebelizecollection.com\/es\/calendarios-festivos-del-resort\/","name":"Calendarios festivos del resort - The Belize Collection","isPartOf":{"@id":"https:\/\/thebelizecollection.com\/es\/#website"},"primaryImageOfPage":{"@id":"https:\/\/thebelizecollection.com\/es\/calendarios-festivos-del-resort\/#primaryimage"},"image":{"@id":"https:\/\/thebelizecollection.com\/es\/calendarios-festivos-del-resort\/#primaryimage"},"thumbnailUrl":"https:\/\/thebelizecollection.com\/wp-content\/uploads\/2025\/11\/Copy-of-Festive-Calendar.png","datePublished":"2025-11-28T16:57:30+00:00","dateModified":"2026-03-16T20:21:47+00:00","breadcrumb":{"@id":"https:\/\/thebelizecollection.com\/es\/calendarios-festivos-del-resort\/#breadcrumb"},"inLanguage":"es","potentialAction":[{"@type":"ReadAction","target":["https:\/\/thebelizecollection.com\/es\/calendarios-festivos-del-resort\/"]}]},{"@type":"ImageObject","inLanguage":"es","@id":"https:\/\/thebelizecollection.com\/es\/calendarios-festivos-del-resort\/#primaryimage","url":"https:\/\/thebelizecollection.com\/wp-content\/uploads\/2025\/11\/Copy-of-Festive-Calendar.png","contentUrl":"https:\/\/thebelizecollection.com\/wp-content\/uploads\/2025\/11\/Copy-of-Festive-Calendar.png","width":2048,"height":1365},{"@type":"BreadcrumbList","@id":"https:\/\/thebelizecollection.com\/es\/calendarios-festivos-del-resort\/#breadcrumb","itemListElement":[{"@type":"ListItem","position":1,"name":"Home","item":"https:\/\/thebelizecollection.com\/es\/the-belize-collection\/"},{"@type":"ListItem","position":2,"name":"Calendarios festivos del resort"}]},{"@type":"WebSite","@id":"https:\/\/thebelizecollection.com\/es\/#website","url":"https:\/\/thebelizecollection.com\/es\/","name":"The Belize Collection","description":"Everything Belize","potentialAction":[{"@type":"SearchAction","target":{"@type":"EntryPoint","urlTemplate":"https:\/\/thebelizecollection.com\/es\/?s={search_term_string}"},"query-input":{"@type":"PropertyValueSpecification","valueRequired":true,"valueName":"search_term_string"}}],"inLanguage":"es"}]}},"jetpack_sharing_enabled":true,"_links":{"self":[{"href":"https:\/\/thebelizecollection.com\/es\/wp-json\/wp\/v2\/pages\/69003","targetHints":{"allow":["GET"]}}],"collection":[{"href":"https:\/\/thebelizecollection.com\/es\/wp-json\/wp\/v2\/pages"}],"about":[{"href":"https:\/\/thebelizecollection.com\/es\/wp-json\/wp\/v2\/types\/page"}],"author":[{"embeddable":true,"href":"https:\/\/thebelizecollection.com\/es\/wp-json\/wp\/v2\/users\/4"}],"replies":[{"embeddable":true,"href":"https:\/\/thebelizecollection.com\/es\/wp-json\/wp\/v2\/comments?post=69003"}],"version-history":[{"count":1,"href":"https:\/\/thebelizecollection.com\/es\/wp-json\/wp\/v2\/pages\/69003\/revisions"}],"predecessor-version":[{"id":69012,"href":"https:\/\/thebelizecollection.com\/es\/wp-json\/wp\/v2\/pages\/69003\/revisions\/69012"}],"wp:featuredmedia":[{"embeddable":true,"href":"https:\/\/thebelizecollection.com\/es\/wp-json\/wp\/v2\/media\/69007"}],"wp:attachment":[{"href":"https:\/\/thebelizecollection.com\/es\/wp-json\/wp\/v2\/media?parent=69003"}],"wp:term":[{"taxonomy":"category","embeddable":true,"href":"https:\/\/thebelizecollection.com\/es\/wp-json\/wp\/v2\/categories?post=69003"},{"taxonomy":"post_tag","embeddable":true,"href":"https:\/\/thebelizecollection.com\/es\/wp-json\/wp\/v2\/tags?post=69003"}],"curies":[{"name":"wp","href":"https:\/\/api.w.org\/{rel}","templated":true}]}}