{"id":69022,"date":"2026-02-04T11:22:01","date_gmt":"2026-02-04T17:22:01","guid":{"rendered":"https:\/\/thebelizecollection.com\/dia-mundial-de-la-vida-silvestre\/"},"modified":"2026-03-16T16:48:56","modified_gmt":"2026-03-16T22:48:56","slug":"dia-mundial-de-la-vida-silvestre","status":"publish","type":"page","link":"https:\/\/thebelizecollection.com\/es\/dia-mundial-de-la-vida-silvestre\/","title":{"rendered":"D\u00eda Mundial de la Vida Silvestre"},"content":{"rendered":"\t\t<div data-elementor-type=\"wp-page\" data-elementor-id=\"69022\" class=\"elementor elementor-69022 elementor-67875\" data-elementor-post-type=\"page\">\n\t\t\t\t<div class=\"elementor-element elementor-element-e0c3fa8 e-con-full e-flex e-con e-parent\" data-id=\"e0c3fa8\" data-element_type=\"container\" data-e-type=\"container\" data-settings=\"{&quot;background_background&quot;:&quot;classic&quot;}\">\n\t\t\t\t<\/div>\n\t\t<div class=\"elementor-element elementor-element-22753ee e-flex e-con-boxed e-con e-parent\" data-id=\"22753ee\" data-element_type=\"container\" data-e-type=\"container\">\n\t\t\t\t\t<div class=\"e-con-inner\">\n\t\t\t\t<div class=\"elementor-element elementor-element-f1d6bf9 elementor-widget elementor-widget-spacer\" data-id=\"f1d6bf9\" data-element_type=\"widget\" data-e-type=\"widget\" data-widget_type=\"spacer.default\">\n\t\t\t\t<div class=\"elementor-widget-container\">\n\t\t\t\t\t\t\t<div class=\"elementor-spacer\">\n\t\t\t<div class=\"elementor-spacer-inner\"><\/div>\n\t\t<\/div>\n\t\t\t\t\t\t<\/div>\n\t\t\t\t<\/div>\n\t\t\t\t\t<\/div>\n\t\t\t\t<\/div>\n\t\t<div class=\"elementor-element elementor-element-e5b8605 e-flex e-con-boxed e-con e-parent\" data-id=\"e5b8605\" data-element_type=\"container\" data-e-type=\"container\">\n\t\t\t\t\t<div class=\"e-con-inner\">\n\t\t<div class=\"elementor-element elementor-element-5863e3a e-con-full e-flex e-con e-child\" data-id=\"5863e3a\" data-element_type=\"container\" data-e-type=\"container\">\n\t\t\t\t<div class=\"elementor-element elementor-element-2d3aff2 elementor-widget elementor-widget-heading\" data-id=\"2d3aff2\" data-element_type=\"widget\" data-e-type=\"widget\" data-widget_type=\"heading.default\">\n\t\t\t\t<div class=\"elementor-widget-container\">\n\t\t\t\t\t<h1 class=\"elementor-heading-title elementor-size-default\">D\u00eda Mundial de la Vida Silvestre<\/h1>\t\t\t\t<\/div>\n\t\t\t\t<\/div>\n\t\t\t\t<div class=\"elementor-element elementor-element-db9c635 elementor-widget elementor-widget-text-editor\" data-id=\"db9c635\" data-element_type=\"widget\" data-e-type=\"widget\" data-widget_type=\"text-editor.default\">\n\t\t\t\t<div class=\"elementor-widget-container\">\n\t\t\t\t\t\t\t\t\t<div class=\"elementor-element elementor-element-3fd73d8 elementor-widget elementor-widget-text-editor\" data-id=\"3fd73d8\" data-element_type=\"widget\" data-widget_type=\"text-editor.default\"><div class=\"elementor-widget-container\">Acomp\u00e1\u00f1enos en nuestros complejos para una conversaci\u00f3n inspiradora con conservacionistas dedicados. Descubra c\u00f3mo puede generar un impacto positivo, aprenda sobre la fauna y los ecosistemas locales, y escuche historias de primera mano de quienes protegen nuestro mundo natural.<\/div><\/div>\t\t\t\t\t\t\t\t<\/div>\n\t\t\t\t<\/div>\n\t\t\t\t<\/div>\n\t\t\t\t\t<\/div>\n\t\t\t\t<\/div>\n\t\t<div class=\"elementor-element elementor-element-6eebbce e-flex e-con-boxed e-con e-parent\" data-id=\"6eebbce\" data-element_type=\"container\" data-e-type=\"container\">\n\t\t\t\t\t<div class=\"e-con-inner\">\n\t\t<div class=\"elementor-element elementor-element-8f792de e-con-full e-flex e-con e-child\" data-id=\"8f792de\" data-element_type=\"container\" data-e-type=\"container\">\n\t\t\t\t<div class=\"elementor-element elementor-element-afcc79b elementor-widget elementor-widget-image\" data-id=\"afcc79b\" data-element_type=\"widget\" data-e-type=\"widget\" data-widget_type=\"image.default\">\n\t\t\t\t<div class=\"elementor-widget-container\">\n\t\t\t\t\t\t\t\t\t\t\t\t\t\t\t<img fetchpriority=\"high\" decoding=\"async\" width=\"819\" height=\"1024\" src=\"https:\/\/thebelizecollection.com\/wp-content\/uploads\/2026\/02\/TBRSGL-COFFEE-WITH-CONSERVATIONIST-FT.-BELIZE-WILD-CATS-INFEED-1080X1350PX-819x1024.jpg\" class=\"attachment-large size-large wp-image-67881\" alt=\"\" srcset=\"https:\/\/thebelizecollection.com\/wp-content\/uploads\/2026\/02\/TBRSGL-COFFEE-WITH-CONSERVATIONIST-FT.-BELIZE-WILD-CATS-INFEED-1080X1350PX-819x1024.jpg 819w, https:\/\/thebelizecollection.com\/wp-content\/uploads\/2026\/02\/TBRSGL-COFFEE-WITH-CONSERVATIONIST-FT.-BELIZE-WILD-CATS-INFEED-1080X1350PX-240x300.jpg 240w, https:\/\/thebelizecollection.com\/wp-content\/uploads\/2026\/02\/TBRSGL-COFFEE-WITH-CONSERVATIONIST-FT.-BELIZE-WILD-CATS-INFEED-1080X1350PX-768x960.jpg 768w, https:\/\/thebelizecollection.com\/wp-content\/uploads\/2026\/02\/TBRSGL-COFFEE-WITH-CONSERVATIONIST-FT.-BELIZE-WILD-CATS-INFEED-1080X1350PX-1229x1536.jpg 1229w, https:\/\/thebelizecollection.com\/wp-content\/uploads\/2026\/02\/TBRSGL-COFFEE-WITH-CONSERVATIONIST-FT.-BELIZE-WILD-CATS-INFEED-1080X1350PX-500x625.jpg 500w, https:\/\/thebelizecollection.com\/wp-content\/uploads\/2026\/02\/TBRSGL-COFFEE-WITH-CONSERVATIONIST-FT.-BELIZE-WILD-CATS-INFEED-1080X1350PX-800x1000.jpg 800w, https:\/\/thebelizecollection.com\/wp-content\/uploads\/2026\/02\/TBRSGL-COFFEE-WITH-CONSERVATIONIST-FT.-BELIZE-WILD-CATS-INFEED-1080X1350PX-1280x1600.jpg 1280w, https:\/\/thebelizecollection.com\/wp-content\/uploads\/2026\/02\/TBRSGL-COFFEE-WITH-CONSERVATIONIST-FT.-BELIZE-WILD-CATS-INFEED-1080X1350PX.jpg 1638w\" sizes=\"(max-width: 819px) 100vw, 819px\" \/>\t\t\t\t\t\t\t\t\t\t\t\t\t\t\t<\/div>\n\t\t\t\t<\/div>\n\t\t\t\t<div class=\"elementor-element elementor-element-7d1bcef elementor-widget elementor-widget-text-editor\" data-id=\"7d1bcef\" data-element_type=\"widget\" data-e-type=\"widget\" data-widget_type=\"text-editor.default\">\n\t\t\t\t<div class=\"elementor-widget-container\">\n\t\t\t\t\t\t\t\t\t<p><strong>Resort: <\/strong>The Banks<\/p><p><strong>Ubicaci\u00f3n del evento: <span style=\"font-weight: 400;\">Humo Deck<\/span><\/strong><\/p><p><strong>Fecha:<\/strong> 28 de febrero de 2026<\/p><p><strong>Hora:<\/strong> 08:00<\/p>\t\t\t\t\t\t\t\t<\/div>\n\t\t\t\t<\/div>\n\t\t\t\t<div class=\"elementor-element elementor-element-2ab020a elementor-align-left elementor-widget elementor-widget-button\" data-id=\"2ab020a\" data-element_type=\"widget\" data-e-type=\"widget\" data-widget_type=\"button.default\">\n\t\t\t\t<div class=\"elementor-widget-container\">\n\t\t\t\t\t\t\t\t\t<div class=\"elementor-button-wrapper\">\n\t\t\t\t\t<a class=\"elementor-button elementor-button-link elementor-size-sm\" href=\"tel:+15016092099\">\n\t\t\t\t\t\t<span class=\"elementor-button-content-wrapper\">\n\t\t\t\t\t\t\t\t\t<span class=\"elementor-button-text\">Haga clic aqu\u00ed para confirmar su asistencia<\/span>\n\t\t\t\t\t<\/span>\n\t\t\t\t\t<\/a>\n\t\t\t\t<\/div>\n\t\t\t\t\t\t\t\t<\/div>\n\t\t\t\t<\/div>\n\t\t\t\t<\/div>\n\t\t<div class=\"elementor-element elementor-element-9f503cf e-con-full e-flex e-con e-child\" data-id=\"9f503cf\" data-element_type=\"container\" data-e-type=\"container\">\n\t\t\t\t<div class=\"elementor-element elementor-element-e88c1e5 elementor-widget elementor-widget-image\" data-id=\"e88c1e5\" data-element_type=\"widget\" data-e-type=\"widget\" data-widget_type=\"image.default\">\n\t\t\t\t<div class=\"elementor-widget-container\">\n\t\t\t\t\t\t\t\t\t\t\t\t\t\t\t<img decoding=\"async\" width=\"819\" height=\"1024\" src=\"https:\/\/thebelizecollection.com\/wp-content\/uploads\/2026\/02\/JRLABR-COFFEE-WITH-CONSERVATIONIST-FT.-THE-BELIZE-ZOO-INFEED-1080X1350PX-819x1024.jpg\" class=\"attachment-large size-large wp-image-67879\" alt=\"\" srcset=\"https:\/\/thebelizecollection.com\/wp-content\/uploads\/2026\/02\/JRLABR-COFFEE-WITH-CONSERVATIONIST-FT.-THE-BELIZE-ZOO-INFEED-1080X1350PX-819x1024.jpg 819w, https:\/\/thebelizecollection.com\/wp-content\/uploads\/2026\/02\/JRLABR-COFFEE-WITH-CONSERVATIONIST-FT.-THE-BELIZE-ZOO-INFEED-1080X1350PX-240x300.jpg 240w, https:\/\/thebelizecollection.com\/wp-content\/uploads\/2026\/02\/JRLABR-COFFEE-WITH-CONSERVATIONIST-FT.-THE-BELIZE-ZOO-INFEED-1080X1350PX-768x960.jpg 768w, https:\/\/thebelizecollection.com\/wp-content\/uploads\/2026\/02\/JRLABR-COFFEE-WITH-CONSERVATIONIST-FT.-THE-BELIZE-ZOO-INFEED-1080X1350PX-1229x1536.jpg 1229w, https:\/\/thebelizecollection.com\/wp-content\/uploads\/2026\/02\/JRLABR-COFFEE-WITH-CONSERVATIONIST-FT.-THE-BELIZE-ZOO-INFEED-1080X1350PX-500x625.jpg 500w, https:\/\/thebelizecollection.com\/wp-content\/uploads\/2026\/02\/JRLABR-COFFEE-WITH-CONSERVATIONIST-FT.-THE-BELIZE-ZOO-INFEED-1080X1350PX-800x1000.jpg 800w, https:\/\/thebelizecollection.com\/wp-content\/uploads\/2026\/02\/JRLABR-COFFEE-WITH-CONSERVATIONIST-FT.-THE-BELIZE-ZOO-INFEED-1080X1350PX-1280x1600.jpg 1280w, https:\/\/thebelizecollection.com\/wp-content\/uploads\/2026\/02\/JRLABR-COFFEE-WITH-CONSERVATIONIST-FT.-THE-BELIZE-ZOO-INFEED-1080X1350PX.jpg 1638w\" sizes=\"(max-width: 819px) 100vw, 819px\" \/>\t\t\t\t\t\t\t\t\t\t\t\t\t\t\t<\/div>\n\t\t\t\t<\/div>\n\t\t\t\t<div class=\"elementor-element elementor-element-fa5213d elementor-widget elementor-widget-text-editor\" data-id=\"fa5213d\" data-element_type=\"widget\" data-e-type=\"widget\" data-widget_type=\"text-editor.default\">\n\t\t\t\t<div class=\"elementor-widget-container\">\n\t\t\t\t\t\t\t\t\t<p><strong>Resort: <\/strong>The Lodge at Jaguar Reef<\/p><p><strong>Ubicaci\u00f3n del evento: <span style=\"font-weight: 400;\">Paddle House<\/span><\/strong><\/p><p><strong>Fecha:<\/strong> 28 de febrero de 2026<\/p><p><strong>Hora:<\/strong> 08:00<\/p>\t\t\t\t\t\t\t\t<\/div>\n\t\t\t\t<\/div>\n\t\t\t\t<div class=\"elementor-element elementor-element-9c0eef9 elementor-align-left elementor-widget elementor-widget-button\" data-id=\"9c0eef9\" data-element_type=\"widget\" data-e-type=\"widget\" data-widget_type=\"button.default\">\n\t\t\t\t<div class=\"elementor-widget-container\">\n\t\t\t\t\t\t\t\t\t<div class=\"elementor-button-wrapper\">\n\t\t\t\t\t<a class=\"elementor-button elementor-button-link elementor-size-sm\" href=\"tel:+15016156208\">\n\t\t\t\t\t\t<span class=\"elementor-button-content-wrapper\">\n\t\t\t\t\t\t\t\t\t<span class=\"elementor-button-text\">Haga clic aqu\u00ed para confirmar su asistencia<\/span>\n\t\t\t\t\t<\/span>\n\t\t\t\t\t<\/a>\n\t\t\t\t<\/div>\n\t\t\t\t\t\t\t\t<\/div>\n\t\t\t\t<\/div>\n\t\t\t\t<\/div>\n\t\t<div class=\"elementor-element elementor-element-46686a8 e-con-full e-flex e-con e-child\" data-id=\"46686a8\" data-element_type=\"container\" data-e-type=\"container\">\n\t\t\t\t<div class=\"elementor-element elementor-element-7d45a99 elementor-widget elementor-widget-image\" data-id=\"7d45a99\" data-element_type=\"widget\" data-e-type=\"widget\" data-widget_type=\"image.default\">\n\t\t\t\t<div class=\"elementor-widget-container\">\n\t\t\t\t\t\t\t\t\t\t\t\t\t\t\t<img decoding=\"async\" width=\"819\" height=\"1024\" src=\"https:\/\/thebelizecollection.com\/wp-content\/uploads\/2026\/02\/UMY-COCKTAILS-WITH-CONSERVATIONIST-FT.-CRC-INFEED-1080X1350PX-819x1024.jpg\" class=\"attachment-large size-large wp-image-67877\" alt=\"\" srcset=\"https:\/\/thebelizecollection.com\/wp-content\/uploads\/2026\/02\/UMY-COCKTAILS-WITH-CONSERVATIONIST-FT.-CRC-INFEED-1080X1350PX-819x1024.jpg 819w, https:\/\/thebelizecollection.com\/wp-content\/uploads\/2026\/02\/UMY-COCKTAILS-WITH-CONSERVATIONIST-FT.-CRC-INFEED-1080X1350PX-240x300.jpg 240w, https:\/\/thebelizecollection.com\/wp-content\/uploads\/2026\/02\/UMY-COCKTAILS-WITH-CONSERVATIONIST-FT.-CRC-INFEED-1080X1350PX-768x960.jpg 768w, https:\/\/thebelizecollection.com\/wp-content\/uploads\/2026\/02\/UMY-COCKTAILS-WITH-CONSERVATIONIST-FT.-CRC-INFEED-1080X1350PX-1229x1536.jpg 1229w, https:\/\/thebelizecollection.com\/wp-content\/uploads\/2026\/02\/UMY-COCKTAILS-WITH-CONSERVATIONIST-FT.-CRC-INFEED-1080X1350PX-500x625.jpg 500w, https:\/\/thebelizecollection.com\/wp-content\/uploads\/2026\/02\/UMY-COCKTAILS-WITH-CONSERVATIONIST-FT.-CRC-INFEED-1080X1350PX-800x1000.jpg 800w, https:\/\/thebelizecollection.com\/wp-content\/uploads\/2026\/02\/UMY-COCKTAILS-WITH-CONSERVATIONIST-FT.-CRC-INFEED-1080X1350PX-1280x1600.jpg 1280w, https:\/\/thebelizecollection.com\/wp-content\/uploads\/2026\/02\/UMY-COCKTAILS-WITH-CONSERVATIONIST-FT.-CRC-INFEED-1080X1350PX.jpg 1638w\" sizes=\"(max-width: 819px) 100vw, 819px\" \/>\t\t\t\t\t\t\t\t\t\t\t\t\t\t\t<\/div>\n\t\t\t\t<\/div>\n\t\t\t\t<div class=\"elementor-element elementor-element-526bc19 elementor-widget elementor-widget-text-editor\" data-id=\"526bc19\" data-element_type=\"widget\" data-e-type=\"widget\" data-widget_type=\"text-editor.default\">\n\t\t\t\t<div class=\"elementor-widget-container\">\n\t\t\t\t\t\t\t\t\t<p><strong>Resort: <\/strong>Umaya Resort &amp; Adventure<\/p><p><strong>Ubicaci\u00f3n del evento: <span style=\"font-weight: 400;\">Casa De Maiz<\/span><\/strong><\/p><p><strong>Fecha:<\/strong> 28 de febrero de 2026<\/p><p><strong>Hora:<\/strong> 17:00<\/p>\t\t\t\t\t\t\t\t<\/div>\n\t\t\t\t<\/div>\n\t\t\t\t<div class=\"elementor-element elementor-element-99b682f elementor-align-left elementor-widget elementor-widget-button\" data-id=\"99b682f\" data-element_type=\"widget\" data-e-type=\"widget\" data-widget_type=\"button.default\">\n\t\t\t\t<div class=\"elementor-widget-container\">\n\t\t\t\t\t\t\t\t\t<div class=\"elementor-button-wrapper\">\n\t\t\t\t\t<a class=\"elementor-button elementor-button-link elementor-size-sm\" href=\"tel:+15016139860\">\n\t\t\t\t\t\t<span class=\"elementor-button-content-wrapper\">\n\t\t\t\t\t\t\t\t\t<span class=\"elementor-button-text\">Haga clic aqu\u00ed para confirmar su asistencia<\/span>\n\t\t\t\t\t<\/span>\n\t\t\t\t\t<\/a>\n\t\t\t\t<\/div>\n\t\t\t\t\t\t\t\t<\/div>\n\t\t\t\t<\/div>\n\t\t\t\t<\/div>\n\t\t\t\t\t<\/div>\n\t\t\t\t<\/div>\n\t\t<div class=\"elementor-element elementor-element-73cd0e7 e-flex e-con-boxed e-con e-parent\" data-id=\"73cd0e7\" data-element_type=\"container\" data-e-type=\"container\">\n\t\t\t\t\t<div class=\"e-con-inner\">\n\t\t\t\t<div class=\"elementor-element elementor-element-d294a06 elementor-widget elementor-widget-spacer\" data-id=\"d294a06\" data-element_type=\"widget\" data-e-type=\"widget\" data-widget_type=\"spacer.default\">\n\t\t\t\t<div class=\"elementor-widget-container\">\n\t\t\t\t\t\t\t<div class=\"elementor-spacer\">\n\t\t\t<div class=\"elementor-spacer-inner\"><\/div>\n\t\t<\/div>\n\t\t\t\t\t\t<\/div>\n\t\t\t\t<\/div>\n\t\t\t\t\t<\/div>\n\t\t\t\t<\/div>\n\t\t\t\t<\/div>\n\t\t","protected":false},"excerpt":{"rendered":"<p>D\u00eda Mundial de la Vida Silvestre Acomp\u00e1\u00f1enos en nuestros complejos para una conversaci\u00f3n inspiradora con conservacionistas dedicados. Descubra c\u00f3mo puede generar un impacto positivo, aprenda sobre la fauna y los ecosistemas locales, y escuche historias de primera mano de quienes protegen nuestro mundo natural. Resort: The Banks Ubicaci\u00f3n del evento: Humo Deck Fecha: 28 de [&hellip;]<\/p>\n","protected":false},"author":4,"featured_media":69174,"parent":0,"menu_order":0,"comment_status":"closed","ping_status":"closed","template":"page-full-width.php","meta":{"_acf_changed":false,"_vp_format_video_url":"","_vp_image_focal_point":[],"footnotes":""},"categories":[199],"tags":[],"class_list":["post-69022","page","type-page","status-publish","has-post-thumbnail","hentry","category-encuentro-tbc"],"acf":[],"yoast_head":"<!-- This site is optimized with the Yoast SEO plugin v27.4 - https:\/\/yoast.com\/product\/yoast-seo-wordpress\/ -->\n<title>D\u00eda Mundial de la Vida Silvestre - The Belize Collection<\/title>\n<meta name=\"robots\" content=\"index, follow, max-snippet:-1, max-image-preview:large, max-video-preview:-1\" \/>\n<link rel=\"canonical\" href=\"https:\/\/thebelizecollection.com\/es\/dia-mundial-de-la-vida-silvestre\/\" \/>\n<meta property=\"og:locale\" content=\"es_ES\" \/>\n<meta property=\"og:type\" content=\"article\" \/>\n<meta property=\"og:title\" content=\"D\u00eda Mundial de la Vida Silvestre - The Belize Collection\" \/>\n<meta property=\"og:description\" content=\"D\u00eda Mundial de la Vida Silvestre Acomp\u00e1\u00f1enos en nuestros complejos para una conversaci\u00f3n inspiradora con conservacionistas dedicados. Descubra c\u00f3mo puede generar un impacto positivo, aprenda sobre la fauna y los ecosistemas locales, y escuche historias de primera mano de quienes protegen nuestro mundo natural. Resort: The Banks Ubicaci\u00f3n del evento: Humo Deck Fecha: 28 de [&hellip;]\" \/>\n<meta property=\"og:url\" content=\"https:\/\/thebelizecollection.com\/es\/dia-mundial-de-la-vida-silvestre\/\" \/>\n<meta property=\"og:site_name\" content=\"The Belize Collection\" \/>\n<meta property=\"article:modified_time\" content=\"2026-03-16T22:48:56+00:00\" \/>\n<meta property=\"og:image\" content=\"https:\/\/thebelizecollection.com\/wp-content\/uploads\/2025\/05\/Scarlet-Macaw-Tour-02.jpg\" \/>\n\t<meta property=\"og:image:width\" content=\"1920\" \/>\n\t<meta property=\"og:image:height\" content=\"1280\" \/>\n\t<meta property=\"og:image:type\" content=\"image\/jpeg\" \/>\n<meta name=\"twitter:card\" content=\"summary_large_image\" \/>\n<meta name=\"twitter:label1\" content=\"Tiempo de lectura\" \/>\n\t<meta name=\"twitter:data1\" content=\"1 minuto\" \/>\n<script type=\"application\/ld+json\" class=\"yoast-schema-graph\">{\"@context\":\"https:\\\/\\\/schema.org\",\"@graph\":[{\"@type\":\"WebPage\",\"@id\":\"https:\\\/\\\/thebelizecollection.com\\\/es\\\/dia-mundial-de-la-vida-silvestre\\\/\",\"url\":\"https:\\\/\\\/thebelizecollection.com\\\/es\\\/dia-mundial-de-la-vida-silvestre\\\/\",\"name\":\"D\u00eda Mundial de la Vida Silvestre - The Belize Collection\",\"isPartOf\":{\"@id\":\"https:\\\/\\\/thebelizecollection.com\\\/es\\\/#website\"},\"primaryImageOfPage\":{\"@id\":\"https:\\\/\\\/thebelizecollection.com\\\/es\\\/dia-mundial-de-la-vida-silvestre\\\/#primaryimage\"},\"image\":{\"@id\":\"https:\\\/\\\/thebelizecollection.com\\\/es\\\/dia-mundial-de-la-vida-silvestre\\\/#primaryimage\"},\"thumbnailUrl\":\"https:\\\/\\\/thebelizecollection.com\\\/wp-content\\\/uploads\\\/2025\\\/05\\\/Scarlet-Macaw-Tour-02.jpg\",\"datePublished\":\"2026-02-04T17:22:01+00:00\",\"dateModified\":\"2026-03-16T22:48:56+00:00\",\"breadcrumb\":{\"@id\":\"https:\\\/\\\/thebelizecollection.com\\\/es\\\/dia-mundial-de-la-vida-silvestre\\\/#breadcrumb\"},\"inLanguage\":\"es\",\"potentialAction\":[{\"@type\":\"ReadAction\",\"target\":[\"https:\\\/\\\/thebelizecollection.com\\\/es\\\/dia-mundial-de-la-vida-silvestre\\\/\"]}]},{\"@type\":\"ImageObject\",\"inLanguage\":\"es\",\"@id\":\"https:\\\/\\\/thebelizecollection.com\\\/es\\\/dia-mundial-de-la-vida-silvestre\\\/#primaryimage\",\"url\":\"https:\\\/\\\/thebelizecollection.com\\\/wp-content\\\/uploads\\\/2025\\\/05\\\/Scarlet-Macaw-Tour-02.jpg\",\"contentUrl\":\"https:\\\/\\\/thebelizecollection.com\\\/wp-content\\\/uploads\\\/2025\\\/05\\\/Scarlet-Macaw-Tour-02.jpg\",\"width\":1920,\"height\":1280},{\"@type\":\"BreadcrumbList\",\"@id\":\"https:\\\/\\\/thebelizecollection.com\\\/es\\\/dia-mundial-de-la-vida-silvestre\\\/#breadcrumb\",\"itemListElement\":[{\"@type\":\"ListItem\",\"position\":1,\"name\":\"Home\",\"item\":\"https:\\\/\\\/thebelizecollection.com\\\/es\\\/the-belize-collection\\\/\"},{\"@type\":\"ListItem\",\"position\":2,\"name\":\"D\u00eda Mundial de la Vida Silvestre\"}]},{\"@type\":\"WebSite\",\"@id\":\"https:\\\/\\\/thebelizecollection.com\\\/es\\\/#website\",\"url\":\"https:\\\/\\\/thebelizecollection.com\\\/es\\\/\",\"name\":\"The Belize Collection\",\"description\":\"Everything Belize\",\"potentialAction\":[{\"@type\":\"SearchAction\",\"target\":{\"@type\":\"EntryPoint\",\"urlTemplate\":\"https:\\\/\\\/thebelizecollection.com\\\/es\\\/?s={search_term_string}\"},\"query-input\":{\"@type\":\"PropertyValueSpecification\",\"valueRequired\":true,\"valueName\":\"search_term_string\"}}],\"inLanguage\":\"es\"}]}<\/script>\n<!-- \/ Yoast SEO plugin. -->","yoast_head_json":{"title":"D\u00eda Mundial de la Vida Silvestre - The Belize Collection","robots":{"index":"index","follow":"follow","max-snippet":"max-snippet:-1","max-image-preview":"max-image-preview:large","max-video-preview":"max-video-preview:-1"},"canonical":"https:\/\/thebelizecollection.com\/es\/dia-mundial-de-la-vida-silvestre\/","og_locale":"es_ES","og_type":"article","og_title":"D\u00eda Mundial de la Vida Silvestre - The Belize Collection","og_description":"D\u00eda Mundial de la Vida Silvestre Acomp\u00e1\u00f1enos en nuestros complejos para una conversaci\u00f3n inspiradora con conservacionistas dedicados. Descubra c\u00f3mo puede generar un impacto positivo, aprenda sobre la fauna y los ecosistemas locales, y escuche historias de primera mano de quienes protegen nuestro mundo natural. Resort: The Banks Ubicaci\u00f3n del evento: Humo Deck Fecha: 28 de [&hellip;]","og_url":"https:\/\/thebelizecollection.com\/es\/dia-mundial-de-la-vida-silvestre\/","og_site_name":"The Belize Collection","article_modified_time":"2026-03-16T22:48:56+00:00","og_image":[{"width":1920,"height":1280,"url":"https:\/\/thebelizecollection.com\/wp-content\/uploads\/2025\/05\/Scarlet-Macaw-Tour-02.jpg","type":"image\/jpeg"}],"twitter_card":"summary_large_image","twitter_misc":{"Tiempo de lectura":"1 minuto"},"schema":{"@context":"https:\/\/schema.org","@graph":[{"@type":"WebPage","@id":"https:\/\/thebelizecollection.com\/es\/dia-mundial-de-la-vida-silvestre\/","url":"https:\/\/thebelizecollection.com\/es\/dia-mundial-de-la-vida-silvestre\/","name":"D\u00eda Mundial de la Vida Silvestre - The Belize Collection","isPartOf":{"@id":"https:\/\/thebelizecollection.com\/es\/#website"},"primaryImageOfPage":{"@id":"https:\/\/thebelizecollection.com\/es\/dia-mundial-de-la-vida-silvestre\/#primaryimage"},"image":{"@id":"https:\/\/thebelizecollection.com\/es\/dia-mundial-de-la-vida-silvestre\/#primaryimage"},"thumbnailUrl":"https:\/\/thebelizecollection.com\/wp-content\/uploads\/2025\/05\/Scarlet-Macaw-Tour-02.jpg","datePublished":"2026-02-04T17:22:01+00:00","dateModified":"2026-03-16T22:48:56+00:00","breadcrumb":{"@id":"https:\/\/thebelizecollection.com\/es\/dia-mundial-de-la-vida-silvestre\/#breadcrumb"},"inLanguage":"es","potentialAction":[{"@type":"ReadAction","target":["https:\/\/thebelizecollection.com\/es\/dia-mundial-de-la-vida-silvestre\/"]}]},{"@type":"ImageObject","inLanguage":"es","@id":"https:\/\/thebelizecollection.com\/es\/dia-mundial-de-la-vida-silvestre\/#primaryimage","url":"https:\/\/thebelizecollection.com\/wp-content\/uploads\/2025\/05\/Scarlet-Macaw-Tour-02.jpg","contentUrl":"https:\/\/thebelizecollection.com\/wp-content\/uploads\/2025\/05\/Scarlet-Macaw-Tour-02.jpg","width":1920,"height":1280},{"@type":"BreadcrumbList","@id":"https:\/\/thebelizecollection.com\/es\/dia-mundial-de-la-vida-silvestre\/#breadcrumb","itemListElement":[{"@type":"ListItem","position":1,"name":"Home","item":"https:\/\/thebelizecollection.com\/es\/the-belize-collection\/"},{"@type":"ListItem","position":2,"name":"D\u00eda Mundial de la Vida Silvestre"}]},{"@type":"WebSite","@id":"https:\/\/thebelizecollection.com\/es\/#website","url":"https:\/\/thebelizecollection.com\/es\/","name":"The Belize Collection","description":"Everything Belize","potentialAction":[{"@type":"SearchAction","target":{"@type":"EntryPoint","urlTemplate":"https:\/\/thebelizecollection.com\/es\/?s={search_term_string}"},"query-input":{"@type":"PropertyValueSpecification","valueRequired":true,"valueName":"search_term_string"}}],"inLanguage":"es"}]}},"jetpack_sharing_enabled":true,"_links":{"self":[{"href":"https:\/\/thebelizecollection.com\/es\/wp-json\/wp\/v2\/pages\/69022","targetHints":{"allow":["GET"]}}],"collection":[{"href":"https:\/\/thebelizecollection.com\/es\/wp-json\/wp\/v2\/pages"}],"about":[{"href":"https:\/\/thebelizecollection.com\/es\/wp-json\/wp\/v2\/types\/page"}],"author":[{"embeddable":true,"href":"https:\/\/thebelizecollection.com\/es\/wp-json\/wp\/v2\/users\/4"}],"replies":[{"embeddable":true,"href":"https:\/\/thebelizecollection.com\/es\/wp-json\/wp\/v2\/comments?post=69022"}],"version-history":[{"count":2,"href":"https:\/\/thebelizecollection.com\/es\/wp-json\/wp\/v2\/pages\/69022\/revisions"}],"predecessor-version":[{"id":69176,"href":"https:\/\/thebelizecollection.com\/es\/wp-json\/wp\/v2\/pages\/69022\/revisions\/69176"}],"wp:featuredmedia":[{"embeddable":true,"href":"https:\/\/thebelizecollection.com\/es\/wp-json\/wp\/v2\/media\/69174"}],"wp:attachment":[{"href":"https:\/\/thebelizecollection.com\/es\/wp-json\/wp\/v2\/media?parent=69022"}],"wp:term":[{"taxonomy":"category","embeddable":true,"href":"https:\/\/thebelizecollection.com\/es\/wp-json\/wp\/v2\/categories?post=69022"},{"taxonomy":"post_tag","embeddable":true,"href":"https:\/\/thebelizecollection.com\/es\/wp-json\/wp\/v2\/tags?post=69022"}],"curies":[{"name":"wp","href":"https:\/\/api.w.org\/{rel}","templated":true}]}}