{"id":69083,"date":"2025-11-18T11:15:25","date_gmt":"2025-11-18T17:15:25","guid":{"rendered":"https:\/\/thebelizecollection.com\/trail-tales\/"},"modified":"2026-03-16T14:46:52","modified_gmt":"2026-03-16T20:46:52","slug":"trail-tales","status":"publish","type":"page","link":"https:\/\/thebelizecollection.com\/es\/trail-tales\/","title":{"rendered":"Trail Tales"},"content":{"rendered":"\t\t<div data-elementor-type=\"wp-page\" data-elementor-id=\"69083\" class=\"elementor elementor-69083 elementor-64898\" data-elementor-post-type=\"page\">\n\t\t\t\t<div class=\"elementor-element elementor-element-3c1b90c e-con-full e-flex e-con e-parent\" data-id=\"3c1b90c\" data-element_type=\"container\" data-e-type=\"container\" data-settings=\"{&quot;background_background&quot;:&quot;classic&quot;}\">\n\t\t\t\t<div class=\"elementor-element elementor-element-c625b24 elementor-widget elementor-widget-heading\" data-id=\"c625b24\" data-element_type=\"widget\" data-e-type=\"widget\" data-widget_type=\"heading.default\">\n\t\t\t\t<div class=\"elementor-widget-container\">\n\t\t\t\t\t<h1 class=\"elementor-heading-title elementor-size-default\">Trail Tales<\/h1>\t\t\t\t<\/div>\n\t\t\t\t<\/div>\n\t\t\t\t<\/div>\n\t\t<div class=\"elementor-element elementor-element-d14caad e-flex e-con-boxed e-con e-parent\" data-id=\"d14caad\" data-element_type=\"container\" data-e-type=\"container\">\n\t\t\t\t\t<div class=\"e-con-inner\">\n\t\t\t\t<div class=\"elementor-element elementor-element-5413837 elementor-widget elementor-widget-image\" data-id=\"5413837\" data-element_type=\"widget\" data-e-type=\"widget\" data-widget_type=\"image.default\">\n\t\t\t\t<div class=\"elementor-widget-container\">\n\t\t\t\t\t\t\t\t\t\t\t\t\t\t\t<img decoding=\"async\" width=\"100\" height=\"100\" src=\"https:\/\/thebelizecollection.com\/wp-content\/uploads\/2025\/04\/the-Belize-collection-flower-logo.png\" class=\"attachment-full size-full wp-image-14319\" alt=\"\" \/>\t\t\t\t\t\t\t\t\t\t\t\t\t\t\t<\/div>\n\t\t\t\t<\/div>\n\t\t\t\t\t<\/div>\n\t\t\t\t<\/div>\n\t\t<div class=\"elementor-element elementor-element-7f320ab e-flex e-con-boxed elementor-invisible e-con e-parent\" data-id=\"7f320ab\" data-element_type=\"container\" data-e-type=\"container\" data-settings=\"{&quot;animation&quot;:&quot;slideInLeft&quot;}\">\n\t\t\t\t\t<div class=\"e-con-inner\">\n\t\t<div class=\"elementor-element elementor-element-b03b0f2 e-grid e-con-full e-con e-child\" data-id=\"b03b0f2\" data-element_type=\"container\" data-e-type=\"container\">\n\t\t\t\t<div class=\"elementor-element elementor-element-8147749 elementor-widget elementor-widget-heading\" data-id=\"8147749\" data-element_type=\"widget\" data-e-type=\"widget\" data-widget_type=\"heading.default\">\n\t\t\t\t<div class=\"elementor-widget-container\">\n\t\t\t\t\t<h1 class=\"elementor-heading-title elementor-size-default\">DESCRIPCI\u00d3N GENERAL<\/h1>\t\t\t\t<\/div>\n\t\t\t\t<\/div>\n\t\t\t\t<div class=\"elementor-element elementor-element-02b1a26 elementor-widget-divider--view-line elementor-widget elementor-widget-divider\" data-id=\"02b1a26\" data-element_type=\"widget\" data-e-type=\"widget\" data-widget_type=\"divider.default\">\n\t\t\t\t<div class=\"elementor-widget-container\">\n\t\t\t\t\t\t\t<div class=\"elementor-divider\">\n\t\t\t<span class=\"elementor-divider-separator\">\n\t\t\t\t\t\t<\/span>\n\t\t<\/div>\n\t\t\t\t\t\t<\/div>\n\t\t\t\t<\/div>\n\t\t\t\t<\/div>\n\t\t\t\t\t<\/div>\n\t\t\t\t<\/div>\n\t\t<div class=\"elementor-element elementor-element-b7809ce e-flex e-con-boxed elementor-invisible e-con e-parent\" data-id=\"b7809ce\" data-element_type=\"container\" data-e-type=\"container\" data-settings=\"{&quot;animation&quot;:&quot;fadeInUp&quot;}\">\n\t\t\t\t\t<div class=\"e-con-inner\">\n\t\t\t\t<div class=\"elementor-element elementor-element-fb76b58 elementor-widget elementor-widget-text-editor\" data-id=\"fb76b58\" data-element_type=\"widget\" data-e-type=\"widget\" data-widget_type=\"text-editor.default\">\n\t\t\t\t<div class=\"elementor-widget-container\">\n\t\t\t\t\t\t\t\t\t<p>En The Belize Collection, estamos comprometidos con la protecci\u00f3n de la incre\u00edble vida silvestre de Belice. Trail Tales es un proyecto de monitoreo de fauna que utiliza una red de c\u00e1maras trampa instaladas en los terrenos de The Rainforest Lodge at Sleeping Giant para rastrear y estudiar a los felinos salvajes y otras especies esquivas. Al observar a estos animales en sus h\u00e1bitats naturales, podemos comprender mejor sus comportamientos, movimientos e interacciones con el ecosistema. Este es un proyecto en colaboraci\u00f3n con Belize Wild Cats.   <\/p>\t\t\t\t\t\t\t\t<\/div>\n\t\t\t\t<\/div>\n\t\t\t\t<div class=\"elementor-element elementor-element-e61a395 elementor-widget elementor-widget-spacer\" data-id=\"e61a395\" data-element_type=\"widget\" data-e-type=\"widget\" data-widget_type=\"spacer.default\">\n\t\t\t\t<div class=\"elementor-widget-container\">\n\t\t\t\t\t\t\t<div class=\"elementor-spacer\">\n\t\t\t<div class=\"elementor-spacer-inner\"><\/div>\n\t\t<\/div>\n\t\t\t\t\t\t<\/div>\n\t\t\t\t<\/div>\n\t\t\t\t\t<\/div>\n\t\t\t\t<\/div>\n\t\t<div class=\"elementor-element elementor-element-49cc02a e-flex e-con-boxed e-con e-parent\" data-id=\"49cc02a\" data-element_type=\"container\" data-e-type=\"container\">\n\t\t\t\t\t<div class=\"e-con-inner\">\n\t\t<div class=\"elementor-element elementor-element-6294336 e-con-full e-flex e-con e-child\" data-id=\"6294336\" data-element_type=\"container\" data-e-type=\"container\" data-settings=\"{&quot;animation&quot;:&quot;none&quot;}\">\n\t\t\t\t<div class=\"elementor-element elementor-element-db047ce elementor-invisible elementor-widget elementor-widget-heading\" data-id=\"db047ce\" data-element_type=\"widget\" data-e-type=\"widget\" data-settings=\"{&quot;_animation&quot;:&quot;fadeInLeft&quot;}\" data-widget_type=\"heading.default\">\n\t\t\t\t<div class=\"elementor-widget-container\">\n\t\t\t\t\t<h1 class=\"elementor-heading-title elementor-size-default\">Prop\u00f3sito del proyecto<\/h1>\t\t\t\t<\/div>\n\t\t\t\t<\/div>\n\t\t\t\t<div class=\"elementor-element elementor-element-f8482ca elementor-invisible elementor-widget elementor-widget-text-editor\" data-id=\"f8482ca\" data-element_type=\"widget\" data-e-type=\"widget\" data-settings=\"{&quot;_animation&quot;:&quot;fadeInUp&quot;}\" data-widget_type=\"text-editor.default\">\n\t\t\t\t<div class=\"elementor-widget-container\">\n\t\t\t\t\t\t\t\t\t<p>El proyecto est\u00e1 dise\u00f1ado para recopilar datos en tiempo real y de forma no invasiva sobre la presencia, el comportamiento y el movimiento de la fauna silvestre. Esta informaci\u00f3n es inestimable para el monitoreo de poblaciones, el estudio de patrones ecol\u00f3gicos, la detecci\u00f3n de amenazas potenciales y la medici\u00f3n de la efectividad de los esfuerzos de conservaci\u00f3n. <\/p><p>El rastreo de la fauna va m\u00e1s all\u00e1 de las observaciones de las c\u00e1maras. Al estudiar huellas, excrementos, marcas y otros indicios, podemos descubrir c\u00f3mo se mueven los animales, c\u00f3mo cazan y c\u00f3mo establecen sus territorios. Estos datos de rastreo complementan la informaci\u00f3n de las c\u00e1maras trampa, creando una base de datos exhaustiva de la vida silvestre de la zona. En conjunto, estos conocimientos refuerzan nuestra capacidad para proteger h\u00e1bitats cr\u00edticos, monitorear la biodiversidad y garantizar la salud de nuestros ecosistemas.   <\/p>\t\t\t\t\t\t\t\t<\/div>\n\t\t\t\t<\/div>\n\t\t\t\t<div class=\"elementor-element elementor-element-eb37731 elementor-widget elementor-widget-spacer\" data-id=\"eb37731\" data-element_type=\"widget\" data-e-type=\"widget\" data-widget_type=\"spacer.default\">\n\t\t\t\t<div class=\"elementor-widget-container\">\n\t\t\t\t\t\t\t<div class=\"elementor-spacer\">\n\t\t\t<div class=\"elementor-spacer-inner\"><\/div>\n\t\t<\/div>\n\t\t\t\t\t\t<\/div>\n\t\t\t\t<\/div>\n\t\t\t\t<\/div>\n\t\t<div class=\"elementor-element elementor-element-1b13766 e-con-full e-flex elementor-invisible e-con e-child\" data-id=\"1b13766\" data-element_type=\"container\" data-e-type=\"container\" data-settings=\"{&quot;background_background&quot;:&quot;video&quot;,&quot;background_video_link&quot;:&quot;https:\\\/\\\/thebelizecollection.com\\\/wp-content\\\/uploads\\\/2025\\\/11\\\/Copy-of-coati-3.mp4&quot;,&quot;background_play_on_mobile&quot;:&quot;yes&quot;,&quot;animation&quot;:&quot;fadeInUp&quot;}\">\n\t\t<div class=\"elementor-background-video-container\">\n\t\t\t\t\t\t\t<video class=\"elementor-background-video-hosted\" role=\"presentation\" autoplay muted playsinline loop><\/video>\n\t\t\t\t\t<\/div>\t\t<\/div>\n\t\t\t\t\t<\/div>\n\t\t\t\t<\/div>\n\t\t<div class=\"elementor-element elementor-element-ab719ea e-flex e-con-boxed elementor-invisible e-con e-parent\" data-id=\"ab719ea\" data-element_type=\"container\" data-e-type=\"container\" data-settings=\"{&quot;animation&quot;:&quot;slideInLeft&quot;}\">\n\t\t\t\t\t<div class=\"e-con-inner\">\n\t\t<div class=\"elementor-element elementor-element-b046d29 e-grid e-con-full e-con e-child\" data-id=\"b046d29\" data-element_type=\"container\" data-e-type=\"container\">\n\t\t\t\t<div class=\"elementor-element elementor-element-3d6fb24 elementor-widget elementor-widget-heading\" data-id=\"3d6fb24\" data-element_type=\"widget\" data-e-type=\"widget\" data-widget_type=\"heading.default\">\n\t\t\t\t<div class=\"elementor-widget-container\">\n\t\t\t\t\t<h1 class=\"elementor-heading-title elementor-size-default\">C\u00f3digo de conducta para la observaci\u00f3n de fauna<\/h1>\t\t\t\t<\/div>\n\t\t\t\t<\/div>\n\t\t\t\t<div class=\"elementor-element elementor-element-5470d3b elementor-widget-divider--view-line elementor-widget elementor-widget-divider\" data-id=\"5470d3b\" data-element_type=\"widget\" data-e-type=\"widget\" data-widget_type=\"divider.default\">\n\t\t\t\t<div class=\"elementor-widget-container\">\n\t\t\t\t\t\t\t<div class=\"elementor-divider\">\n\t\t\t<span class=\"elementor-divider-separator\">\n\t\t\t\t\t\t<\/span>\n\t\t<\/div>\n\t\t\t\t\t\t<\/div>\n\t\t\t\t<\/div>\n\t\t\t\t<\/div>\n\t\t\t\t\t<\/div>\n\t\t\t\t<\/div>\n\t\t<div class=\"elementor-element elementor-element-a01a371 e-flex e-con-boxed elementor-invisible e-con e-parent\" data-id=\"a01a371\" data-element_type=\"container\" data-e-type=\"container\" data-settings=\"{&quot;animation&quot;:&quot;fadeInUp&quot;}\">\n\t\t\t\t\t<div class=\"e-con-inner\">\n\t\t\t\t<div class=\"elementor-element elementor-element-6f9229f elementor-widget elementor-widget-text-editor\" data-id=\"6f9229f\" data-element_type=\"widget\" data-e-type=\"widget\" data-widget_type=\"text-editor.default\">\n\t\t\t\t<div class=\"elementor-widget-container\">\n\t\t\t\t\t\t\t\t\t<p>Al explorar los terrenos de The Rainforest Lodge at Sleeping Giant, es importante interactuar con la fauna de manera segura y respetuosa. La siguiente tabla ofrece una gu\u00eda sencilla de lo que se debe y no se debe hacer como referencia cada vez que encuentre animales en la propiedad. <\/p>\t\t\t\t\t\t\t\t<\/div>\n\t\t\t\t<\/div>\n\t\t\t\t<div class=\"elementor-element elementor-element-558a74d elementor-widget elementor-widget-text-editor\" data-id=\"558a74d\" data-element_type=\"widget\" data-e-type=\"widget\" data-widget_type=\"text-editor.default\">\n\t\t\t\t<div class=\"elementor-widget-container\">\n\t\t\t\t\t\t\t\t\t<table style=\"width: 100%; border-collapse: collapse; text-align: left;\"><thead><tr style=\"background-color: #a8506e; color: white;\"><th style=\"padding: 12px; border: 1px solid #ddd;\">Qu\u00e9 hacer<\/th><th style=\"padding: 12px; border: 1px solid #ddd;\">Qu\u00e9 no hacer<\/th><\/tr><\/thead><tbody><tr><td style=\"padding: 12px; border: 1px solid #ddd;\">Observe la fauna desde una distancia segura.<\/td><td style=\"padding: 12px; border: 1px solid #ddd;\">No se acerque, persiga ni intente tocar a los animales.<\/td><\/tr><tr><td style=\"padding: 12px; border: 1px solid #ddd;\">Permanezca en silencio y minimice los movimientos bruscos.<\/td><td style=\"padding: 12px; border: 1px solid #ddd;\">No haga ruidos fuertes ni asuste a los animales.<\/td><\/tr><tr><td style=\"padding: 12px; border: 1px solid #ddd;\">Tome fotos sin usar flash.<\/td><td style=\"padding: 12px; border: 1px solid #ddd;\">No utilice fotograf\u00eda con flash, ya que puede asustar o da\u00f1ar a los animales.<\/td><\/tr><tr><td style=\"padding: 12px; border: 1px solid #ddd;\">Respete los h\u00e1bitats naturales y permanezca en los senderos designados.<\/td><td style=\"padding: 12px; border: 1px solid #ddd;\">No perturbe nidos, madrigueras ni zonas de alimentaci\u00f3n.<\/td><\/tr><tr><td style=\"padding: 12px; border: 1px solid #ddd;\">Mantenga su comida y basura resguardadas.<\/td><td style=\"padding: 12px; border: 1px solid #ddd;\">No alimente a la fauna ni deje restos de comida.<\/td><\/tr><tr><td style=\"padding: 12px; border: 1px solid #ddd;\">Siga las pautas proporcionadas por el guardaparque o el personal del establecimiento.<\/td><td style=\"padding: 12px; border: 1px solid #ddd;\">No ignore las se\u00f1ales, normas o instrucciones de los guardaparques o del personal del establecimiento.<\/td><\/tr><tr><td style=\"padding: 12px; border: 1px solid #ddd;\">Aprecie a los animales en su comportamiento natural.<\/td><td style=\"padding: 12px; border: 1px solid #ddd;\">No intente provocar, atraer ni manipular a la fauna silvestre.<\/td><\/tr><tr><td style=\"padding: 12px; border: 1px solid #ddd;\">Informe a las autoridades sobre animales heridos o en peligro.<\/td><td style=\"padding: 12px; border: 1px solid #ddd;\">No intente rescatar o capturar animales salvajes por su cuenta.<\/td><\/tr><\/tbody><\/table>\t\t\t\t\t\t\t\t<\/div>\n\t\t\t\t<\/div>\n\t\t\t\t\t<\/div>\n\t\t\t\t<\/div>\n\t\t<div class=\"elementor-element elementor-element-4536384 e-flex e-con-boxed e-con e-parent\" data-id=\"4536384\" data-element_type=\"container\" data-e-type=\"container\">\n\t\t\t\t\t<div class=\"e-con-inner\">\n\t\t\t\t<div class=\"elementor-element elementor-element-5d73869 elementor-widget elementor-widget-spacer\" data-id=\"5d73869\" data-element_type=\"widget\" data-e-type=\"widget\" data-widget_type=\"spacer.default\">\n\t\t\t\t<div class=\"elementor-widget-container\">\n\t\t\t\t\t\t\t<div class=\"elementor-spacer\">\n\t\t\t<div class=\"elementor-spacer-inner\"><\/div>\n\t\t<\/div>\n\t\t\t\t\t\t<\/div>\n\t\t\t\t<\/div>\n\t\t\t\t\t<\/div>\n\t\t\t\t<\/div>\n\t\t<div class=\"elementor-element elementor-element-8e8a4c3 e-flex e-con-boxed elementor-invisible e-con e-parent\" data-id=\"8e8a4c3\" data-element_type=\"container\" data-e-type=\"container\" data-settings=\"{&quot;animation&quot;:&quot;fadeInUp&quot;}\">\n\t\t\t\t\t<div class=\"e-con-inner\">\n\t\t\t\t<div class=\"elementor-element elementor-element-f9c7c1a elementor-widget elementor-widget-text-editor\" data-id=\"f9c7c1a\" data-element_type=\"widget\" data-e-type=\"widget\" data-widget_type=\"text-editor.default\">\n\t\t\t\t<div class=\"elementor-widget-container\">\n\t\t\t\t\t\t\t\t\t<p>Apoye el proyecto Trail Tales y ay\u00fadenos a proteger la fauna y los h\u00e1bitats naturales de Belice. Su contribuci\u00f3n marca una verdadera diferencia. \u00a1Participe hoy mismo!   <\/p>\t\t\t\t\t\t\t\t<\/div>\n\t\t\t\t<\/div>\n\t\t\t\t<div class=\"elementor-element elementor-element-33548e8 elementor-align-center elementor-widget elementor-widget-paypal-button\" data-id=\"33548e8\" data-element_type=\"widget\" data-e-type=\"widget\" data-settings=\"{&quot;merchant_account&quot;:&quot;simple&quot;}\" data-widget_type=\"paypal-button.default\">\n\t\t\t\t<div class=\"elementor-widget-container\">\n\t\t\t\t\t\t\t\t\t<div class=\"elementor-button-wrapper\">\n\t\t\t\t\t\t\t<form action=\"https:\/\/www.paypal.com\/cgi-bin\/webscr\" method=\"post\" target=\"_blank\">\n\t\t\t<input type=\"hidden\" name=\"cmd\" value=\"_donations\" \/>\n\t\t\t<input type=\"hidden\" name=\"business\" value=\"debi@belizewildcats.com\" \/>\n\t\t\t<input type=\"hidden\" name=\"lc\" value=\"US\" \/>\n\t\t\t<input type=\"hidden\" name=\"item_name\" value=\"\" \/>\n\t\t\t<input type=\"hidden\" name=\"item_number\" value=\"\" \/>\n\t\t\t<input type=\"hidden\" name=\"currency_code\" value=\"USD\" \/>\n\t\t\t<input type=\"hidden\" name=\"amount\" value=\"1\" \/>\n\t\t\t<input type=\"hidden\" name=\"no_note\" value=\"1\">\n\n\t\t\t\t\t<button class=\"elementor-button elementor-size-sm elementor-paypal-legacy elementor-payment-button\" role=\"button\" type=\"submit\">\n\t\t\t\t\t<span class=\"elementor-button-content-wrapper\">\n\t\t\t\t\t\t<span class=\"elementor-button-icon\">\n\t\t\t\t<svg aria-hidden=\"true\" class=\"e-font-icon-svg e-fab-paypal\" viewBox=\"0 0 384 512\" xmlns=\"http:\/\/www.w3.org\/2000\/svg\"><path d=\"M111.4 295.9c-3.5 19.2-17.4 108.7-21.5 134-.3 1.8-1 2.5-3 2.5H12.3c-7.6 0-13.1-6.6-12.1-13.9L58.8 46.6c1.5-9.6 10.1-16.9 20-16.9 152.3 0 165.1-3.7 204 11.4 60.1 23.3 65.6 79.5 44 140.3-21.5 62.6-72.5 89.5-140.1 90.3-43.4.7-69.5-7-75.3 24.2zM357.1 152c-1.8-1.3-2.5-1.8-3 1.3-2 11.4-5.1 22.5-8.8 33.6-39.9 113.8-150.5 103.9-204.5 103.9-6.1 0-10.1 3.3-10.9 9.4-22.6 140.4-27.1 169.7-27.1 169.7-1 7.1 3.5 12.9 10.6 12.9h63.5c8.6 0 15.7-6.3 17.4-14.9.7-5.4-1.1 6.1 14.4-91.3 4.6-22 14.3-19.7 29.3-19.7 71 0 126.4-28.8 142.9-112.3 6.5-34.8 4.6-71.4-23.8-92.6z\"><\/path><\/svg>\t\t\t<\/span>\n\t\t\t\t\t\t\t\t\t<span class=\"elementor-button-text\">APOYE EL PROYECTO TRAIL TALES<\/span>\n\t\t\t\t\t<\/span>\n\t\t\t\t<\/button>\n\t\t\t\t<\/form>\n\t\t\t\t\t\t<\/div>\n\t\t\t\t\t\t\t\t<\/div>\n\t\t\t\t<\/div>\n\t\t\t\t\t<\/div>\n\t\t\t\t<\/div>\n\t\t\t\t<\/div>\n\t\t","protected":false},"excerpt":{"rendered":"<p>Trail Tales DESCRIPCI\u00d3N GENERAL En The Belize Collection, estamos comprometidos con la protecci\u00f3n de la incre\u00edble vida silvestre de Belice. Trail Tales es un proyecto de monitoreo de fauna que utiliza una red de c\u00e1maras trampa instaladas en los terrenos de The Rainforest Lodge at Sleeping Giant para rastrear y estudiar a los felinos salvajes [&hellip;]<\/p>\n","protected":false},"author":4,"featured_media":0,"parent":0,"menu_order":0,"comment_status":"closed","ping_status":"closed","template":"page-full-width.php","meta":{"_acf_changed":false,"_vp_format_video_url":"","_vp_image_focal_point":[],"footnotes":""},"categories":[],"tags":[],"class_list":["post-69083","page","type-page","status-publish","hentry"],"acf":[],"yoast_head":"<!-- This site is optimized with the Yoast SEO plugin v27.4 - https:\/\/yoast.com\/product\/yoast-seo-wordpress\/ -->\n<title>Trail Tales - The Belize Collection<\/title>\n<meta name=\"robots\" content=\"index, follow, max-snippet:-1, max-image-preview:large, max-video-preview:-1\" \/>\n<link rel=\"canonical\" href=\"https:\/\/thebelizecollection.com\/es\/trail-tales\/\" \/>\n<meta property=\"og:locale\" content=\"es_ES\" \/>\n<meta property=\"og:type\" content=\"article\" \/>\n<meta property=\"og:title\" content=\"Trail Tales - The Belize Collection\" \/>\n<meta property=\"og:description\" content=\"Trail Tales DESCRIPCI\u00d3N GENERAL En The Belize Collection, estamos comprometidos con la protecci\u00f3n de la incre\u00edble vida silvestre de Belice. Trail Tales es un proyecto de monitoreo de fauna que utiliza una red de c\u00e1maras trampa instaladas en los terrenos de The Rainforest Lodge at Sleeping Giant para rastrear y estudiar a los felinos salvajes [&hellip;]\" \/>\n<meta property=\"og:url\" content=\"https:\/\/thebelizecollection.com\/es\/trail-tales\/\" \/>\n<meta property=\"og:site_name\" content=\"The Belize Collection\" \/>\n<meta property=\"article:modified_time\" content=\"2026-03-16T20:46:52+00:00\" \/>\n<meta property=\"og:image\" content=\"https:\/\/thebelizecollection.com\/wp-content\/uploads\/2025\/04\/the-Belize-collection-flower-logo.png\" \/>\n\t<meta property=\"og:image:width\" content=\"100\" \/>\n\t<meta property=\"og:image:height\" content=\"100\" \/>\n\t<meta property=\"og:image:type\" content=\"image\/png\" \/>\n<meta name=\"twitter:card\" content=\"summary_large_image\" \/>\n<meta name=\"twitter:label1\" content=\"Tiempo de lectura\" \/>\n\t<meta name=\"twitter:data1\" content=\"3 minutos\" \/>\n<script type=\"application\/ld+json\" class=\"yoast-schema-graph\">{\"@context\":\"https:\\\/\\\/schema.org\",\"@graph\":[{\"@type\":\"WebPage\",\"@id\":\"https:\\\/\\\/thebelizecollection.com\\\/es\\\/trail-tales\\\/\",\"url\":\"https:\\\/\\\/thebelizecollection.com\\\/es\\\/trail-tales\\\/\",\"name\":\"Trail Tales - The Belize Collection\",\"isPartOf\":{\"@id\":\"https:\\\/\\\/thebelizecollection.com\\\/es\\\/#website\"},\"primaryImageOfPage\":{\"@id\":\"https:\\\/\\\/thebelizecollection.com\\\/es\\\/trail-tales\\\/#primaryimage\"},\"image\":{\"@id\":\"https:\\\/\\\/thebelizecollection.com\\\/es\\\/trail-tales\\\/#primaryimage\"},\"thumbnailUrl\":\"https:\\\/\\\/thebelizecollection.com\\\/wp-content\\\/uploads\\\/2025\\\/04\\\/the-Belize-collection-flower-logo.png\",\"datePublished\":\"2025-11-18T17:15:25+00:00\",\"dateModified\":\"2026-03-16T20:46:52+00:00\",\"breadcrumb\":{\"@id\":\"https:\\\/\\\/thebelizecollection.com\\\/es\\\/trail-tales\\\/#breadcrumb\"},\"inLanguage\":\"es\",\"potentialAction\":[{\"@type\":\"ReadAction\",\"target\":[\"https:\\\/\\\/thebelizecollection.com\\\/es\\\/trail-tales\\\/\"]}]},{\"@type\":\"ImageObject\",\"inLanguage\":\"es\",\"@id\":\"https:\\\/\\\/thebelizecollection.com\\\/es\\\/trail-tales\\\/#primaryimage\",\"url\":\"https:\\\/\\\/thebelizecollection.com\\\/wp-content\\\/uploads\\\/2025\\\/04\\\/the-Belize-collection-flower-logo.png\",\"contentUrl\":\"https:\\\/\\\/thebelizecollection.com\\\/wp-content\\\/uploads\\\/2025\\\/04\\\/the-Belize-collection-flower-logo.png\"},{\"@type\":\"BreadcrumbList\",\"@id\":\"https:\\\/\\\/thebelizecollection.com\\\/es\\\/trail-tales\\\/#breadcrumb\",\"itemListElement\":[{\"@type\":\"ListItem\",\"position\":1,\"name\":\"Home\",\"item\":\"https:\\\/\\\/thebelizecollection.com\\\/es\\\/the-belize-collection\\\/\"},{\"@type\":\"ListItem\",\"position\":2,\"name\":\"Trail Tales\"}]},{\"@type\":\"WebSite\",\"@id\":\"https:\\\/\\\/thebelizecollection.com\\\/es\\\/#website\",\"url\":\"https:\\\/\\\/thebelizecollection.com\\\/es\\\/\",\"name\":\"The Belize Collection\",\"description\":\"Everything Belize\",\"potentialAction\":[{\"@type\":\"SearchAction\",\"target\":{\"@type\":\"EntryPoint\",\"urlTemplate\":\"https:\\\/\\\/thebelizecollection.com\\\/es\\\/?s={search_term_string}\"},\"query-input\":{\"@type\":\"PropertyValueSpecification\",\"valueRequired\":true,\"valueName\":\"search_term_string\"}}],\"inLanguage\":\"es\"}]}<\/script>\n<!-- \/ Yoast SEO plugin. -->","yoast_head_json":{"title":"Trail Tales - The Belize Collection","robots":{"index":"index","follow":"follow","max-snippet":"max-snippet:-1","max-image-preview":"max-image-preview:large","max-video-preview":"max-video-preview:-1"},"canonical":"https:\/\/thebelizecollection.com\/es\/trail-tales\/","og_locale":"es_ES","og_type":"article","og_title":"Trail Tales - The Belize Collection","og_description":"Trail Tales DESCRIPCI\u00d3N GENERAL En The Belize Collection, estamos comprometidos con la protecci\u00f3n de la incre\u00edble vida silvestre de Belice. Trail Tales es un proyecto de monitoreo de fauna que utiliza una red de c\u00e1maras trampa instaladas en los terrenos de The Rainforest Lodge at Sleeping Giant para rastrear y estudiar a los felinos salvajes [&hellip;]","og_url":"https:\/\/thebelizecollection.com\/es\/trail-tales\/","og_site_name":"The Belize Collection","article_modified_time":"2026-03-16T20:46:52+00:00","og_image":[{"width":100,"height":100,"url":"https:\/\/thebelizecollection.com\/wp-content\/uploads\/2025\/04\/the-Belize-collection-flower-logo.png","type":"image\/png"}],"twitter_card":"summary_large_image","twitter_misc":{"Tiempo de lectura":"3 minutos"},"schema":{"@context":"https:\/\/schema.org","@graph":[{"@type":"WebPage","@id":"https:\/\/thebelizecollection.com\/es\/trail-tales\/","url":"https:\/\/thebelizecollection.com\/es\/trail-tales\/","name":"Trail Tales - The Belize Collection","isPartOf":{"@id":"https:\/\/thebelizecollection.com\/es\/#website"},"primaryImageOfPage":{"@id":"https:\/\/thebelizecollection.com\/es\/trail-tales\/#primaryimage"},"image":{"@id":"https:\/\/thebelizecollection.com\/es\/trail-tales\/#primaryimage"},"thumbnailUrl":"https:\/\/thebelizecollection.com\/wp-content\/uploads\/2025\/04\/the-Belize-collection-flower-logo.png","datePublished":"2025-11-18T17:15:25+00:00","dateModified":"2026-03-16T20:46:52+00:00","breadcrumb":{"@id":"https:\/\/thebelizecollection.com\/es\/trail-tales\/#breadcrumb"},"inLanguage":"es","potentialAction":[{"@type":"ReadAction","target":["https:\/\/thebelizecollection.com\/es\/trail-tales\/"]}]},{"@type":"ImageObject","inLanguage":"es","@id":"https:\/\/thebelizecollection.com\/es\/trail-tales\/#primaryimage","url":"https:\/\/thebelizecollection.com\/wp-content\/uploads\/2025\/04\/the-Belize-collection-flower-logo.png","contentUrl":"https:\/\/thebelizecollection.com\/wp-content\/uploads\/2025\/04\/the-Belize-collection-flower-logo.png"},{"@type":"BreadcrumbList","@id":"https:\/\/thebelizecollection.com\/es\/trail-tales\/#breadcrumb","itemListElement":[{"@type":"ListItem","position":1,"name":"Home","item":"https:\/\/thebelizecollection.com\/es\/the-belize-collection\/"},{"@type":"ListItem","position":2,"name":"Trail Tales"}]},{"@type":"WebSite","@id":"https:\/\/thebelizecollection.com\/es\/#website","url":"https:\/\/thebelizecollection.com\/es\/","name":"The Belize Collection","description":"Everything Belize","potentialAction":[{"@type":"SearchAction","target":{"@type":"EntryPoint","urlTemplate":"https:\/\/thebelizecollection.com\/es\/?s={search_term_string}"},"query-input":{"@type":"PropertyValueSpecification","valueRequired":true,"valueName":"search_term_string"}}],"inLanguage":"es"}]}},"jetpack_sharing_enabled":true,"_links":{"self":[{"href":"https:\/\/thebelizecollection.com\/es\/wp-json\/wp\/v2\/pages\/69083","targetHints":{"allow":["GET"]}}],"collection":[{"href":"https:\/\/thebelizecollection.com\/es\/wp-json\/wp\/v2\/pages"}],"about":[{"href":"https:\/\/thebelizecollection.com\/es\/wp-json\/wp\/v2\/types\/page"}],"author":[{"embeddable":true,"href":"https:\/\/thebelizecollection.com\/es\/wp-json\/wp\/v2\/users\/4"}],"replies":[{"embeddable":true,"href":"https:\/\/thebelizecollection.com\/es\/wp-json\/wp\/v2\/comments?post=69083"}],"version-history":[{"count":1,"href":"https:\/\/thebelizecollection.com\/es\/wp-json\/wp\/v2\/pages\/69083\/revisions"}],"predecessor-version":[{"id":69112,"href":"https:\/\/thebelizecollection.com\/es\/wp-json\/wp\/v2\/pages\/69083\/revisions\/69112"}],"wp:attachment":[{"href":"https:\/\/thebelizecollection.com\/es\/wp-json\/wp\/v2\/media?parent=69083"}],"wp:term":[{"taxonomy":"category","embeddable":true,"href":"https:\/\/thebelizecollection.com\/es\/wp-json\/wp\/v2\/categories?post=69083"},{"taxonomy":"post_tag","embeddable":true,"href":"https:\/\/thebelizecollection.com\/es\/wp-json\/wp\/v2\/tags?post=69083"}],"curies":[{"name":"wp","href":"https:\/\/api.w.org\/{rel}","templated":true}]}}