{"id":69084,"date":"2025-10-09T10:16:46","date_gmt":"2025-10-09T16:16:46","guid":{"rendered":"https:\/\/thebelizecollection.com\/folclore-junto-al-fuego\/"},"modified":"2026-03-16T14:45:22","modified_gmt":"2026-03-16T20:45:22","slug":"folclore-junto-al-fuego","status":"publish","type":"page","link":"https:\/\/thebelizecollection.com\/es\/folclore-junto-al-fuego\/","title":{"rendered":"Folclore junto al fuego"},"content":{"rendered":"\t\t<div data-elementor-type=\"wp-page\" data-elementor-id=\"69084\" class=\"elementor elementor-69084 elementor-63967\" data-elementor-post-type=\"page\">\n\t\t\t\t<div class=\"elementor-element elementor-element-a7e927c e-con-full e-flex e-con e-parent\" data-id=\"a7e927c\" data-element_type=\"container\" data-e-type=\"container\" data-settings=\"{&quot;background_background&quot;:&quot;classic&quot;}\">\n\t\t\t\t<\/div>\n\t\t<div class=\"elementor-element elementor-element-4ceee2b e-flex e-con-boxed e-con e-parent\" data-id=\"4ceee2b\" data-element_type=\"container\" data-e-type=\"container\">\n\t\t\t\t\t<div class=\"e-con-inner\">\n\t\t\t\t<div class=\"elementor-element elementor-element-2862095 elementor-widget elementor-widget-spacer\" data-id=\"2862095\" data-element_type=\"widget\" data-e-type=\"widget\" data-widget_type=\"spacer.default\">\n\t\t\t\t<div class=\"elementor-widget-container\">\n\t\t\t\t\t\t\t<div class=\"elementor-spacer\">\n\t\t\t<div class=\"elementor-spacer-inner\"><\/div>\n\t\t<\/div>\n\t\t\t\t\t\t<\/div>\n\t\t\t\t<\/div>\n\t\t\t\t\t<\/div>\n\t\t\t\t<\/div>\n\t\t<div class=\"elementor-element elementor-element-180663d e-flex e-con-boxed e-con e-parent\" data-id=\"180663d\" data-element_type=\"container\" data-e-type=\"container\">\n\t\t\t\t\t<div class=\"e-con-inner\">\n\t\t<div class=\"elementor-element elementor-element-d9a2a35 e-con-full e-flex e-con e-child\" data-id=\"d9a2a35\" data-element_type=\"container\" data-e-type=\"container\">\n\t\t\t\t<div class=\"elementor-element elementor-element-a2b53ec elementor-widget elementor-widget-heading\" data-id=\"a2b53ec\" data-element_type=\"widget\" data-e-type=\"widget\" data-widget_type=\"heading.default\">\n\t\t\t\t<div class=\"elementor-widget-container\">\n\t\t\t\t\t<h1 class=\"elementor-heading-title elementor-size-default\">Noche de Terror<\/h1>\t\t\t\t<\/div>\n\t\t\t\t<\/div>\n\t\t\t\t<div class=\"elementor-element elementor-element-0c6e08e elementor-widget elementor-widget-text-editor\" data-id=\"0c6e08e\" data-element_type=\"widget\" data-e-type=\"widget\" data-widget_type=\"text-editor.default\">\n\t\t\t\t<div class=\"elementor-widget-container\">\n\t\t\t\t\t\t\t\t\t<p>\u00danase a nosotros en The Lodge at Jaguar Reef para una acogedora velada bajo las estrellas mientras proyectamos la querida pel\u00edcula Coco junto al fuego. Re\u00fanase con amigos y familiares para una noche llena de risas, m\u00fasica y la magia de contar historias. Acom\u00f3dese junto al fuego y disfrute de los c\u00f3modos asientos y un toque de tradici\u00f3n belice\u00f1a.  <\/p>\t\t\t\t\t\t\t\t<\/div>\n\t\t\t\t<\/div>\n\t\t\t\t<div class=\"elementor-element elementor-element-763cc7b elementor-widget elementor-widget-text-editor\" data-id=\"763cc7b\" data-element_type=\"widget\" data-e-type=\"widget\" data-widget_type=\"text-editor.default\">\n\t\t\t\t<div class=\"elementor-widget-container\">\n\t\t\t\t\t\t\t\t\t<p><strong>Lugar:<\/strong> The Lodge at Jaguar Reef<\/p><p><strong>Fecha:<\/strong> 31 de octubre de 2025<\/p><p><strong>Hora:<\/strong> 17:00 a 21:00<\/p>\t\t\t\t\t\t\t\t<\/div>\n\t\t\t\t<\/div>\n\t\t\t\t<div class=\"elementor-element elementor-element-6a8f4b0 elementor-widget elementor-widget-heading\" data-id=\"6a8f4b0\" data-element_type=\"widget\" data-e-type=\"widget\" data-widget_type=\"heading.default\">\n\t\t\t\t<div class=\"elementor-widget-container\">\n\t\t\t\t\t<h1 class=\"elementor-heading-title elementor-size-default\">Puntos destacados del evento<\/h1>\t\t\t\t<\/div>\n\t\t\t\t<\/div>\n\t\t\t\t<div class=\"elementor-element elementor-element-88b65df elementor-widget elementor-widget-text-editor\" data-id=\"88b65df\" data-element_type=\"widget\" data-e-type=\"widget\" data-widget_type=\"text-editor.default\">\n\t\t\t\t<div class=\"elementor-widget-container\">\n\t\t\t\t\t\t\t\t\t<ul><li>Decoraci\u00f3n de galletas de Halloween<\/li><li>Cuentacuentos junto al fuego<\/li><li>Noche de cine: \u201cCoco\u201d<\/li><li>Palomitas y bolsas de dulces de cortes\u00eda<\/li><li>Ofertas especiales de bebidas espeluznantes en el carrito de bar<\/li><\/ul>\t\t\t\t\t\t\t\t<\/div>\n\t\t\t\t<\/div>\n\t\t\t\t<div class=\"elementor-element elementor-element-5fd7fe4 elementor-widget elementor-widget-button\" data-id=\"5fd7fe4\" data-element_type=\"widget\" data-e-type=\"widget\" data-widget_type=\"button.default\">\n\t\t\t\t<div class=\"elementor-widget-container\">\n\t\t\t\t\t\t\t\t\t<div class=\"elementor-button-wrapper\">\n\t\t\t\t\t<a class=\"elementor-button elementor-button-link elementor-size-sm\" href=\"tel:+501-615-6208\">\n\t\t\t\t\t\t<span class=\"elementor-button-content-wrapper\">\n\t\t\t\t\t\t\t\t\t<span class=\"elementor-button-text\">Haga clic aqu\u00ed para confirmar su asistencia<\/span>\n\t\t\t\t\t<\/span>\n\t\t\t\t\t<\/a>\n\t\t\t\t<\/div>\n\t\t\t\t\t\t\t\t<\/div>\n\t\t\t\t<\/div>\n\t\t\t\t<\/div>\n\t\t<div class=\"elementor-element elementor-element-3e767e2 e-con-full e-flex e-con e-child\" data-id=\"3e767e2\" data-element_type=\"container\" data-e-type=\"container\" data-settings=\"{&quot;background_background&quot;:&quot;classic&quot;}\">\n\t\t\t\t<\/div>\n\t\t\t\t\t<\/div>\n\t\t\t\t<\/div>\n\t\t<div class=\"elementor-element elementor-element-3198b8e e-flex e-con-boxed e-con e-parent\" data-id=\"3198b8e\" data-element_type=\"container\" data-e-type=\"container\">\n\t\t\t\t\t<div class=\"e-con-inner\">\n\t\t\t\t<div class=\"elementor-element elementor-element-3fcee6d elementor-widget elementor-widget-spacer\" data-id=\"3fcee6d\" data-element_type=\"widget\" data-e-type=\"widget\" data-widget_type=\"spacer.default\">\n\t\t\t\t<div class=\"elementor-widget-container\">\n\t\t\t\t\t\t\t<div class=\"elementor-spacer\">\n\t\t\t<div class=\"elementor-spacer-inner\"><\/div>\n\t\t<\/div>\n\t\t\t\t\t\t<\/div>\n\t\t\t\t<\/div>\n\t\t\t\t\t<\/div>\n\t\t\t\t<\/div>\n\t\t\t\t<\/div>\n\t\t","protected":false},"excerpt":{"rendered":"<p>Noche de Terror \u00danase a nosotros en The Lodge at Jaguar Reef para una acogedora velada bajo las estrellas mientras proyectamos la querida pel\u00edcula Coco junto al fuego. Re\u00fanase con amigos y familiares para una noche llena de risas, m\u00fasica y la magia de contar historias. Acom\u00f3dese junto al fuego y disfrute de los c\u00f3modos [&hellip;]<\/p>\n","protected":false},"author":4,"featured_media":69088,"parent":0,"menu_order":0,"comment_status":"closed","ping_status":"closed","template":"page-full-width.php","meta":{"_acf_changed":false,"_vp_format_video_url":"","_vp_image_focal_point":[],"footnotes":""},"categories":[199],"tags":[],"class_list":["post-69084","page","type-page","status-publish","has-post-thumbnail","hentry","category-encuentro-tbc"],"acf":[],"yoast_head":"<!-- This site is optimized with the Yoast SEO plugin v27.4 - https:\/\/yoast.com\/product\/yoast-seo-wordpress\/ -->\n<title>Folclore junto al fuego - The Belize Collection<\/title>\n<meta name=\"robots\" content=\"index, follow, max-snippet:-1, max-image-preview:large, max-video-preview:-1\" \/>\n<link rel=\"canonical\" href=\"https:\/\/thebelizecollection.com\/es\/folclore-junto-al-fuego\/\" \/>\n<meta property=\"og:locale\" content=\"es_ES\" \/>\n<meta property=\"og:type\" content=\"article\" \/>\n<meta property=\"og:title\" content=\"Folclore junto al fuego - The Belize Collection\" \/>\n<meta property=\"og:description\" content=\"Noche de Terror \u00danase a nosotros en The Lodge at Jaguar Reef para una acogedora velada bajo las estrellas mientras proyectamos la querida pel\u00edcula Coco junto al fuego. Re\u00fanase con amigos y familiares para una noche llena de risas, m\u00fasica y la magia de contar historias. Acom\u00f3dese junto al fuego y disfrute de los c\u00f3modos [&hellip;]\" \/>\n<meta property=\"og:url\" content=\"https:\/\/thebelizecollection.com\/es\/folclore-junto-al-fuego\/\" \/>\n<meta property=\"og:site_name\" content=\"The Belize Collection\" \/>\n<meta property=\"article:modified_time\" content=\"2026-03-16T20:45:22+00:00\" \/>\n<meta property=\"og:image\" content=\"https:\/\/thebelizecollection.com\/wp-content\/uploads\/2025\/10\/JRL-Folklore-by-the-Fire-Cookie-Decorating-2.jpg\" \/>\n\t<meta property=\"og:image:width\" content=\"2048\" \/>\n\t<meta property=\"og:image:height\" content=\"1365\" \/>\n\t<meta property=\"og:image:type\" content=\"image\/jpeg\" \/>\n<meta name=\"twitter:card\" content=\"summary_large_image\" \/>\n<meta name=\"twitter:label1\" content=\"Tiempo de lectura\" \/>\n\t<meta name=\"twitter:data1\" content=\"1 minuto\" \/>\n<script type=\"application\/ld+json\" class=\"yoast-schema-graph\">{\"@context\":\"https:\\\/\\\/schema.org\",\"@graph\":[{\"@type\":\"WebPage\",\"@id\":\"https:\\\/\\\/thebelizecollection.com\\\/es\\\/folclore-junto-al-fuego\\\/\",\"url\":\"https:\\\/\\\/thebelizecollection.com\\\/es\\\/folclore-junto-al-fuego\\\/\",\"name\":\"Folclore junto al fuego - The Belize Collection\",\"isPartOf\":{\"@id\":\"https:\\\/\\\/thebelizecollection.com\\\/es\\\/#website\"},\"primaryImageOfPage\":{\"@id\":\"https:\\\/\\\/thebelizecollection.com\\\/es\\\/folclore-junto-al-fuego\\\/#primaryimage\"},\"image\":{\"@id\":\"https:\\\/\\\/thebelizecollection.com\\\/es\\\/folclore-junto-al-fuego\\\/#primaryimage\"},\"thumbnailUrl\":\"https:\\\/\\\/thebelizecollection.com\\\/wp-content\\\/uploads\\\/2025\\\/10\\\/JRL-Folklore-by-the-Fire-Cookie-Decorating-2.jpg\",\"datePublished\":\"2025-10-09T16:16:46+00:00\",\"dateModified\":\"2026-03-16T20:45:22+00:00\",\"breadcrumb\":{\"@id\":\"https:\\\/\\\/thebelizecollection.com\\\/es\\\/folclore-junto-al-fuego\\\/#breadcrumb\"},\"inLanguage\":\"es\",\"potentialAction\":[{\"@type\":\"ReadAction\",\"target\":[\"https:\\\/\\\/thebelizecollection.com\\\/es\\\/folclore-junto-al-fuego\\\/\"]}]},{\"@type\":\"ImageObject\",\"inLanguage\":\"es\",\"@id\":\"https:\\\/\\\/thebelizecollection.com\\\/es\\\/folclore-junto-al-fuego\\\/#primaryimage\",\"url\":\"https:\\\/\\\/thebelizecollection.com\\\/wp-content\\\/uploads\\\/2025\\\/10\\\/JRL-Folklore-by-the-Fire-Cookie-Decorating-2.jpg\",\"contentUrl\":\"https:\\\/\\\/thebelizecollection.com\\\/wp-content\\\/uploads\\\/2025\\\/10\\\/JRL-Folklore-by-the-Fire-Cookie-Decorating-2.jpg\",\"width\":2048,\"height\":1365},{\"@type\":\"BreadcrumbList\",\"@id\":\"https:\\\/\\\/thebelizecollection.com\\\/es\\\/folclore-junto-al-fuego\\\/#breadcrumb\",\"itemListElement\":[{\"@type\":\"ListItem\",\"position\":1,\"name\":\"Home\",\"item\":\"https:\\\/\\\/thebelizecollection.com\\\/es\\\/the-belize-collection\\\/\"},{\"@type\":\"ListItem\",\"position\":2,\"name\":\"Folclore junto al fuego\"}]},{\"@type\":\"WebSite\",\"@id\":\"https:\\\/\\\/thebelizecollection.com\\\/es\\\/#website\",\"url\":\"https:\\\/\\\/thebelizecollection.com\\\/es\\\/\",\"name\":\"The Belize Collection\",\"description\":\"Everything Belize\",\"potentialAction\":[{\"@type\":\"SearchAction\",\"target\":{\"@type\":\"EntryPoint\",\"urlTemplate\":\"https:\\\/\\\/thebelizecollection.com\\\/es\\\/?s={search_term_string}\"},\"query-input\":{\"@type\":\"PropertyValueSpecification\",\"valueRequired\":true,\"valueName\":\"search_term_string\"}}],\"inLanguage\":\"es\"}]}<\/script>\n<!-- \/ Yoast SEO plugin. -->","yoast_head_json":{"title":"Folclore junto al fuego - The Belize Collection","robots":{"index":"index","follow":"follow","max-snippet":"max-snippet:-1","max-image-preview":"max-image-preview:large","max-video-preview":"max-video-preview:-1"},"canonical":"https:\/\/thebelizecollection.com\/es\/folclore-junto-al-fuego\/","og_locale":"es_ES","og_type":"article","og_title":"Folclore junto al fuego - The Belize Collection","og_description":"Noche de Terror \u00danase a nosotros en The Lodge at Jaguar Reef para una acogedora velada bajo las estrellas mientras proyectamos la querida pel\u00edcula Coco junto al fuego. Re\u00fanase con amigos y familiares para una noche llena de risas, m\u00fasica y la magia de contar historias. Acom\u00f3dese junto al fuego y disfrute de los c\u00f3modos [&hellip;]","og_url":"https:\/\/thebelizecollection.com\/es\/folclore-junto-al-fuego\/","og_site_name":"The Belize Collection","article_modified_time":"2026-03-16T20:45:22+00:00","og_image":[{"width":2048,"height":1365,"url":"https:\/\/thebelizecollection.com\/wp-content\/uploads\/2025\/10\/JRL-Folklore-by-the-Fire-Cookie-Decorating-2.jpg","type":"image\/jpeg"}],"twitter_card":"summary_large_image","twitter_misc":{"Tiempo de lectura":"1 minuto"},"schema":{"@context":"https:\/\/schema.org","@graph":[{"@type":"WebPage","@id":"https:\/\/thebelizecollection.com\/es\/folclore-junto-al-fuego\/","url":"https:\/\/thebelizecollection.com\/es\/folclore-junto-al-fuego\/","name":"Folclore junto al fuego - The Belize Collection","isPartOf":{"@id":"https:\/\/thebelizecollection.com\/es\/#website"},"primaryImageOfPage":{"@id":"https:\/\/thebelizecollection.com\/es\/folclore-junto-al-fuego\/#primaryimage"},"image":{"@id":"https:\/\/thebelizecollection.com\/es\/folclore-junto-al-fuego\/#primaryimage"},"thumbnailUrl":"https:\/\/thebelizecollection.com\/wp-content\/uploads\/2025\/10\/JRL-Folklore-by-the-Fire-Cookie-Decorating-2.jpg","datePublished":"2025-10-09T16:16:46+00:00","dateModified":"2026-03-16T20:45:22+00:00","breadcrumb":{"@id":"https:\/\/thebelizecollection.com\/es\/folclore-junto-al-fuego\/#breadcrumb"},"inLanguage":"es","potentialAction":[{"@type":"ReadAction","target":["https:\/\/thebelizecollection.com\/es\/folclore-junto-al-fuego\/"]}]},{"@type":"ImageObject","inLanguage":"es","@id":"https:\/\/thebelizecollection.com\/es\/folclore-junto-al-fuego\/#primaryimage","url":"https:\/\/thebelizecollection.com\/wp-content\/uploads\/2025\/10\/JRL-Folklore-by-the-Fire-Cookie-Decorating-2.jpg","contentUrl":"https:\/\/thebelizecollection.com\/wp-content\/uploads\/2025\/10\/JRL-Folklore-by-the-Fire-Cookie-Decorating-2.jpg","width":2048,"height":1365},{"@type":"BreadcrumbList","@id":"https:\/\/thebelizecollection.com\/es\/folclore-junto-al-fuego\/#breadcrumb","itemListElement":[{"@type":"ListItem","position":1,"name":"Home","item":"https:\/\/thebelizecollection.com\/es\/the-belize-collection\/"},{"@type":"ListItem","position":2,"name":"Folclore junto al fuego"}]},{"@type":"WebSite","@id":"https:\/\/thebelizecollection.com\/es\/#website","url":"https:\/\/thebelizecollection.com\/es\/","name":"The Belize Collection","description":"Everything Belize","potentialAction":[{"@type":"SearchAction","target":{"@type":"EntryPoint","urlTemplate":"https:\/\/thebelizecollection.com\/es\/?s={search_term_string}"},"query-input":{"@type":"PropertyValueSpecification","valueRequired":true,"valueName":"search_term_string"}}],"inLanguage":"es"}]}},"jetpack_sharing_enabled":true,"_links":{"self":[{"href":"https:\/\/thebelizecollection.com\/es\/wp-json\/wp\/v2\/pages\/69084","targetHints":{"allow":["GET"]}}],"collection":[{"href":"https:\/\/thebelizecollection.com\/es\/wp-json\/wp\/v2\/pages"}],"about":[{"href":"https:\/\/thebelizecollection.com\/es\/wp-json\/wp\/v2\/types\/page"}],"author":[{"embeddable":true,"href":"https:\/\/thebelizecollection.com\/es\/wp-json\/wp\/v2\/users\/4"}],"replies":[{"embeddable":true,"href":"https:\/\/thebelizecollection.com\/es\/wp-json\/wp\/v2\/comments?post=69084"}],"version-history":[{"count":1,"href":"https:\/\/thebelizecollection.com\/es\/wp-json\/wp\/v2\/pages\/69084\/revisions"}],"predecessor-version":[{"id":69095,"href":"https:\/\/thebelizecollection.com\/es\/wp-json\/wp\/v2\/pages\/69084\/revisions\/69095"}],"wp:featuredmedia":[{"embeddable":true,"href":"https:\/\/thebelizecollection.com\/es\/wp-json\/wp\/v2\/media\/69088"}],"wp:attachment":[{"href":"https:\/\/thebelizecollection.com\/es\/wp-json\/wp\/v2\/media?parent=69084"}],"wp:term":[{"taxonomy":"category","embeddable":true,"href":"https:\/\/thebelizecollection.com\/es\/wp-json\/wp\/v2\/categories?post=69084"},{"taxonomy":"post_tag","embeddable":true,"href":"https:\/\/thebelizecollection.com\/es\/wp-json\/wp\/v2\/tags?post=69084"}],"curies":[{"name":"wp","href":"https:\/\/api.w.org\/{rel}","templated":true}]}}