{"id":69113,"date":"2025-11-30T12:36:36","date_gmt":"2025-11-30T18:36:36","guid":{"rendered":"https:\/\/thebelizecollection.com\/mindfulness-en-la-selva\/"},"modified":"2026-03-16T14:58:34","modified_gmt":"2026-03-16T20:58:34","slug":"mindfulness-en-la-selva","status":"publish","type":"page","link":"https:\/\/thebelizecollection.com\/es\/mindfulness-en-la-selva\/","title":{"rendered":"Mindfulness en la selva"},"content":{"rendered":"\t\t<div data-elementor-type=\"wp-page\" data-elementor-id=\"69113\" class=\"elementor elementor-69113 elementor-65022\" data-elementor-post-type=\"page\">\n\t\t\t\t<div class=\"elementor-element elementor-element-bf3986e e-con-full e-flex e-con e-parent\" data-id=\"bf3986e\" data-element_type=\"container\" data-e-type=\"container\" data-settings=\"{&quot;background_background&quot;:&quot;classic&quot;}\">\n\t\t\t\t<div class=\"elementor-element elementor-element-8762e47 elementor-widget elementor-widget-heading\" data-id=\"8762e47\" data-element_type=\"widget\" data-e-type=\"widget\" data-widget_type=\"heading.default\">\n\t\t\t\t<div class=\"elementor-widget-container\">\n\t\t\t\t\t<h1 class=\"elementor-heading-title elementor-size-default\">Mindfulness en la selva<\/h1>\t\t\t\t<\/div>\n\t\t\t\t<\/div>\n\t\t\t\t<\/div>\n\t\t<div class=\"elementor-element elementor-element-5bf7a92 e-flex e-con-boxed e-con e-parent\" data-id=\"5bf7a92\" data-element_type=\"container\" data-e-type=\"container\">\n\t\t\t\t\t<div class=\"e-con-inner\">\n\t\t\t\t<div class=\"elementor-element elementor-element-944d698 elementor-widget elementor-widget-spacer\" data-id=\"944d698\" data-element_type=\"widget\" data-e-type=\"widget\" data-widget_type=\"spacer.default\">\n\t\t\t\t<div class=\"elementor-widget-container\">\n\t\t\t\t\t\t\t<div class=\"elementor-spacer\">\n\t\t\t<div class=\"elementor-spacer-inner\"><\/div>\n\t\t<\/div>\n\t\t\t\t\t\t<\/div>\n\t\t\t\t<\/div>\n\t\t\t\t\t<\/div>\n\t\t\t\t<\/div>\n\t\t<div class=\"elementor-element elementor-element-39c5137 e-flex e-con-boxed e-con e-parent\" data-id=\"39c5137\" data-element_type=\"container\" data-e-type=\"container\">\n\t\t\t\t\t<div class=\"e-con-inner\">\n\t\t<div class=\"elementor-element elementor-element-ee3712f e-con-full e-flex e-con e-child\" data-id=\"ee3712f\" data-element_type=\"container\" data-e-type=\"container\">\n\t\t\t\t<div class=\"elementor-element elementor-element-ebd4ba7 elementor-widget elementor-widget-heading\" data-id=\"ebd4ba7\" data-element_type=\"widget\" data-e-type=\"widget\" data-widget_type=\"heading.default\">\n\t\t\t\t<div class=\"elementor-widget-container\">\n\t\t\t\t\t<h1 class=\"elementor-heading-title elementor-size-default\">Mindfulness en la selva<\/h1>\t\t\t\t<\/div>\n\t\t\t\t<\/div>\n\t\t\t\t<div class=\"elementor-element elementor-element-f0adf3e elementor-widget elementor-widget-text-editor\" data-id=\"f0adf3e\" data-element_type=\"widget\" data-e-type=\"widget\" data-widget_type=\"text-editor.default\">\n\t\t\t\t<div class=\"elementor-widget-container\">\n\t\t\t\t\t\t\t\t\t<div class=\"elementor-element elementor-element-3fd73d8 elementor-widget elementor-widget-text-editor\" data-id=\"3fd73d8\" data-element_type=\"widget\" data-widget_type=\"text-editor.default\"><div class=\"elementor-widget-container\"><div class=\"elementor-element elementor-element-5853513 elementor-widget elementor-widget-text-editor\" data-id=\"5853513\" data-element_type=\"widget\" data-widget_type=\"text-editor.default\"><div class=\"elementor-widget-container\"><div class=\"elementor-element elementor-element-5853513 elementor-widget elementor-widget-text-editor\" data-id=\"5853513\" data-element_type=\"widget\" data-widget_type=\"text-editor.default\"><div class=\"elementor-widget-container\"><div class=\"elementor-element elementor-element-3fd73d8 elementor-widget elementor-widget-text-editor\" data-id=\"3fd73d8\" data-element_type=\"widget\" data-widget_type=\"text-editor.default\"><div class=\"elementor-widget-container\"><div class=\"elementor-element elementor-element-5853513 elementor-widget elementor-widget-text-editor\" data-id=\"5853513\" data-element_type=\"widget\" data-widget_type=\"text-editor.default\"><div class=\"elementor-widget-container\"><div class=\"elementor-element elementor-element-5853513 elementor-widget elementor-widget-text-editor\" data-id=\"5853513\" data-element_type=\"widget\" data-widget_type=\"text-editor.default\"><div class=\"elementor-widget-container\"><div class=\"elementor-element elementor-element-3fd73d8 elementor-widget elementor-widget-text-editor\" data-id=\"3fd73d8\" data-element_type=\"widget\" data-widget_type=\"text-editor.default\"><div class=\"elementor-widget-container\"><div class=\"elementor-element elementor-element-3fd73d8 elementor-widget elementor-widget-text-editor\" data-id=\"3fd73d8\" data-element_type=\"widget\" data-widget_type=\"text-editor.default\"><div class=\"elementor-widget-container\"><div class=\"elementor-element elementor-element-3fd73d8 elementor-widget elementor-widget-text-editor\" data-id=\"3fd73d8\" data-element_type=\"widget\" data-widget_type=\"text-editor.default\"><div class=\"elementor-widget-container\"><div class=\"elementor-element elementor-element-3fd73d8 elementor-widget elementor-widget-text-editor\" data-id=\"3fd73d8\" data-element_type=\"widget\" data-widget_type=\"text-editor.default\"><div class=\"elementor-widget-container\"><div class=\"elementor-element elementor-element-3fd73d8 elementor-widget elementor-widget-text-editor\" data-id=\"3fd73d8\" data-element_type=\"widget\" data-widget_type=\"text-editor.default\"><div class=\"elementor-widget-container\"><div class=\"elementor-element elementor-element-5853513 elementor-widget elementor-widget-text-editor\" data-id=\"5853513\" data-element_type=\"widget\" data-widget_type=\"text-editor.default\"><div class=\"elementor-widget-container\"><div class=\"elementor-element elementor-element-5853513 elementor-widget elementor-widget-text-editor\" data-id=\"5853513\" data-element_type=\"widget\" data-widget_type=\"text-editor.default\"><div class=\"elementor-widget-container\"><div class=\"elementor-element elementor-element-3fd73d8 elementor-widget elementor-widget-text-editor\" data-id=\"3fd73d8\" data-element_type=\"widget\" data-widget_type=\"text-editor.default\"><div class=\"elementor-widget-container\"><div class=\"elementor-element elementor-element-5853513 elementor-widget elementor-widget-text-editor\" data-id=\"5853513\" data-element_type=\"widget\" data-widget_type=\"text-editor.default\"><div class=\"elementor-widget-container\"><div class=\"elementor-element elementor-element-5853513 elementor-widget elementor-widget-text-editor\" data-id=\"5853513\" data-element_type=\"widget\" data-widget_type=\"text-editor.default\"><div class=\"elementor-widget-container\"><div class=\"elementor-element elementor-element-3fd73d8 elementor-widget elementor-widget-text-editor\" data-id=\"3fd73d8\" data-element_type=\"widget\" data-widget_type=\"text-editor.default\"><div class=\"elementor-widget-container\"><div class=\"elementor-element elementor-element-3fd73d8 elementor-widget elementor-widget-text-editor\" data-id=\"3fd73d8\" data-element_type=\"widget\" data-widget_type=\"text-editor.default\"><div class=\"elementor-widget-container\"><p>Acomp\u00e1\u00f1enos en una experiencia de mindfulness de 2 horas en nuestra exclusiva plataforma de yoga, situada en plena selva tropical. Un espacio tranquilo para respirar, reconectar y estar plenamente presente. <\/p><p>Dirigida por Jane Mackler, instructora certificada de mindfulness, esta sesi\u00f3n inmersiva incluye estiramientos, caminatas y alimentaci\u00f3n consciente, as\u00ed como meditaciones de visualizaci\u00f3n guiada. Tambi\u00e9n se llevar\u00e1 a casa herramientas pr\u00e1cticas de mindfulness que le ayudar\u00e1n a vivir con mayor calma, conciencia y facilidad mucho despu\u00e9s de su estancia en la selva. <\/p><\/div><\/div><\/div><\/div><\/div><\/div><\/div><\/div><\/div><\/div><\/div><\/div><\/div><\/div><\/div><\/div><\/div><\/div><\/div><\/div><\/div><\/div><\/div><\/div><\/div><\/div><\/div><\/div><\/div><\/div><\/div><\/div><\/div><\/div><\/div><\/div>\t\t\t\t\t\t\t\t<\/div>\n\t\t\t\t<\/div>\n\t\t\t\t<div class=\"elementor-element elementor-element-f2a4709 elementor-widget elementor-widget-text-editor\" data-id=\"f2a4709\" data-element_type=\"widget\" data-e-type=\"widget\" data-widget_type=\"text-editor.default\">\n\t\t\t\t<div class=\"elementor-widget-container\">\n\t\t\t\t\t\t\t\t\t<p>Precio: 50 $ USD m\u00e1s impuestos<\/p><p>Ubicaci\u00f3n: Plataforma de yoga en Sleeping Giant<\/p><p>Fecha: 4 de enero de 2025<\/p><p>Hora: de 10:00 a 12:00<\/p>\t\t\t\t\t\t\t\t<\/div>\n\t\t\t\t<\/div>\n\t\t\t\t<div class=\"elementor-element elementor-element-827be1d elementor-widget elementor-widget-heading\" data-id=\"827be1d\" data-element_type=\"widget\" data-e-type=\"widget\" data-widget_type=\"heading.default\">\n\t\t\t\t<div class=\"elementor-widget-container\">\n\t\t\t\t\t<h1 class=\"elementor-heading-title elementor-size-default\">Incluye<\/h1>\t\t\t\t<\/div>\n\t\t\t\t<\/div>\n\t\t<div class=\"elementor-element elementor-element-2b93635 e-grid e-con-full e-con e-child\" data-id=\"2b93635\" data-element_type=\"container\" data-e-type=\"container\">\n\t\t\t\t<div class=\"elementor-element elementor-element-2a0a2f5 elementor-widget elementor-widget-text-editor\" data-id=\"2a0a2f5\" data-element_type=\"widget\" data-e-type=\"widget\" data-widget_type=\"text-editor.default\">\n\t\t\t\t<div class=\"elementor-widget-container\">\n\t\t\t\t\t\t\t\t\t<ul><li>Taller de mindfulness<\/li><li>Agua y t\u00e9<\/li><li>Fruta y aperitivos<\/li><li>Esterilla de yoga<\/li><\/ul>\t\t\t\t\t\t\t\t<\/div>\n\t\t\t\t<\/div>\n\t\t\t\t<\/div>\n\t\t\t\t<div class=\"elementor-element elementor-element-4086e63 elementor-mobile-align-center elementor-widget elementor-widget-button\" data-id=\"4086e63\" data-element_type=\"widget\" data-e-type=\"widget\" data-widget_type=\"button.default\">\n\t\t\t\t<div class=\"elementor-widget-container\">\n\t\t\t\t\t\t\t\t\t<div class=\"elementor-button-wrapper\">\n\t\t\t\t\t<a class=\"elementor-button elementor-button-link elementor-size-sm\" href=\"tel:+501%20615-2167\">\n\t\t\t\t\t\t<span class=\"elementor-button-content-wrapper\">\n\t\t\t\t\t\t\t\t\t<span class=\"elementor-button-text\">Haga clic aqu\u00ed para confirmar su asistencia<\/span>\n\t\t\t\t\t<\/span>\n\t\t\t\t\t<\/a>\n\t\t\t\t<\/div>\n\t\t\t\t\t\t\t\t<\/div>\n\t\t\t\t<\/div>\n\t\t\t\t<\/div>\n\t\t<div class=\"elementor-element elementor-element-05a2c3d e-con-full elementor-hidden-mobile e-flex e-con e-child\" data-id=\"05a2c3d\" data-element_type=\"container\" data-e-type=\"container\" data-settings=\"{&quot;background_background&quot;:&quot;classic&quot;}\">\n\t\t\t\t<\/div>\n\t\t\t\t\t<\/div>\n\t\t\t\t<\/div>\n\t\t<div class=\"elementor-element elementor-element-97d46d5 e-flex e-con-boxed e-con e-parent\" data-id=\"97d46d5\" data-element_type=\"container\" data-e-type=\"container\">\n\t\t\t\t\t<div class=\"e-con-inner\">\n\t\t\t\t<div class=\"elementor-element elementor-element-d00493b elementor-widget elementor-widget-spacer\" data-id=\"d00493b\" data-element_type=\"widget\" data-e-type=\"widget\" data-widget_type=\"spacer.default\">\n\t\t\t\t<div class=\"elementor-widget-container\">\n\t\t\t\t\t\t\t<div class=\"elementor-spacer\">\n\t\t\t<div class=\"elementor-spacer-inner\"><\/div>\n\t\t<\/div>\n\t\t\t\t\t\t<\/div>\n\t\t\t\t<\/div>\n\t\t\t\t<div class=\"elementor-element elementor-element-6d4e40b elementor-widget elementor-widget-heading\" data-id=\"6d4e40b\" data-element_type=\"widget\" data-e-type=\"widget\" data-widget_type=\"heading.default\">\n\t\t\t\t<div class=\"elementor-widget-container\">\n\t\t\t\t\t<h1 class=\"elementor-heading-title elementor-size-default\">Programa de mindfulness<\/h1>\t\t\t\t<\/div>\n\t\t\t\t<\/div>\n\t\t\t\t<div class=\"elementor-element elementor-element-8e89755 elementor-widget elementor-widget-text-editor\" data-id=\"8e89755\" data-element_type=\"widget\" data-e-type=\"widget\" data-widget_type=\"text-editor.default\">\n\t\t\t\t<div class=\"elementor-widget-container\">\n\t\t\t\t\t\t\t\t\t<table style=\"border-collapse: collapse; width: 100%;\">\n  <thead>\n    <tr style=\"background-color: #a8506e; color: white;\">\n      <th style=\"padding: 8px; text-align: left;\">Hora<\/th>\n      <th style=\"padding: 8px; text-align: left;\">Actividad<\/th>\n    <\/tr>\n  <\/thead>\n  <tbody>\n    <tr>\n      <td>9:45<\/td>\n      <td>Recogida en furgoneta en la recepci\u00f3n de Sleeping Giant para el traslado a la plataforma de yoga<\/td>\n    <\/tr>\n    <tr>\n      <td>10:00 \u2013 11:00<\/td>\n      <td>Llegada y bienvenida: c\u00edrculo de apertura, meditaci\u00f3n de enraizamiento, estiramientos conscientes \/ yoga suave<\/td>\n    <\/tr>\n    <tr>\n      <td>11:00 \u2013 11:20<\/td>\n      <td>Caminata consciente por la naturaleza: actividad de los 5 sentidos<\/td>\n    <\/tr>\n    <tr>\n      <td>11:20 \u2013 11:40<\/td>\n      <td>Alimentaci\u00f3n consciente y consejos informales de mindfulness<\/td>\n    <\/tr>\n    <tr>\n      <td>11:40 \u2013 12:00<\/td>\n      <td>Meditaci\u00f3n de clausura<\/td>\n    <\/tr>\n    <tr>\n      <td>12:00<\/td>\n      <td>Salida<\/td>\n    <\/tr>\n  <\/tbody>\n<\/table>\n\t\t\t\t\t\t\t\t<\/div>\n\t\t\t\t<\/div>\n\t\t\t\t\t<\/div>\n\t\t\t\t<\/div>\n\t\t<div class=\"elementor-element elementor-element-3f59f43 e-flex e-con-boxed e-con e-parent\" data-id=\"3f59f43\" data-element_type=\"container\" data-e-type=\"container\">\n\t\t\t\t\t<div class=\"e-con-inner\">\n\t\t\t\t<div class=\"elementor-element elementor-element-543fd6d elementor-widget elementor-widget-spacer\" data-id=\"543fd6d\" data-element_type=\"widget\" data-e-type=\"widget\" data-widget_type=\"spacer.default\">\n\t\t\t\t<div class=\"elementor-widget-container\">\n\t\t\t\t\t\t\t<div class=\"elementor-spacer\">\n\t\t\t<div class=\"elementor-spacer-inner\"><\/div>\n\t\t<\/div>\n\t\t\t\t\t\t<\/div>\n\t\t\t\t<\/div>\n\t\t\t\t\t<\/div>\n\t\t\t\t<\/div>\n\t\t<div class=\"elementor-element elementor-element-a91f26b e-flex e-con-boxed e-con e-parent\" data-id=\"a91f26b\" data-element_type=\"container\" data-e-type=\"container\">\n\t\t\t\t\t<div class=\"e-con-inner\">\n\t\t<div class=\"elementor-element elementor-element-1d9fccb e-con-full e-flex e-con e-child\" data-id=\"1d9fccb\" data-element_type=\"container\" data-e-type=\"container\" data-settings=\"{&quot;background_background&quot;:&quot;classic&quot;}\">\n\t\t\t\t<div class=\"elementor-element elementor-element-57fd3ea elementor-widget elementor-widget-spacer\" data-id=\"57fd3ea\" data-element_type=\"widget\" data-e-type=\"widget\" data-widget_type=\"spacer.default\">\n\t\t\t\t<div class=\"elementor-widget-container\">\n\t\t\t\t\t\t\t<div class=\"elementor-spacer\">\n\t\t\t<div class=\"elementor-spacer-inner\"><\/div>\n\t\t<\/div>\n\t\t\t\t\t\t<\/div>\n\t\t\t\t<\/div>\n\t\t\t\t<\/div>\n\t\t<div class=\"elementor-element elementor-element-1f373b5 e-con-full e-flex e-con e-child\" data-id=\"1f373b5\" data-element_type=\"container\" data-e-type=\"container\">\n\t\t\t\t<div class=\"elementor-element elementor-element-8aad77c elementor-widget elementor-widget-heading\" data-id=\"8aad77c\" data-element_type=\"widget\" data-e-type=\"widget\" data-widget_type=\"heading.default\">\n\t\t\t\t<div class=\"elementor-widget-container\">\n\t\t\t\t\t<h1 class=\"elementor-heading-title elementor-size-default\">Sobre Jane Mackler<\/h1>\t\t\t\t<\/div>\n\t\t\t\t<\/div>\n\t\t\t\t<div class=\"elementor-element elementor-element-16adc28 elementor-widget elementor-widget-text-editor\" data-id=\"16adc28\" data-element_type=\"widget\" data-e-type=\"widget\" data-widget_type=\"text-editor.default\">\n\t\t\t\t<div class=\"elementor-widget-container\">\n\t\t\t\t\t\t\t\t\t<p>Conozca a Jane Mackler, instructora certificada de mindfulness con una licenciatura en Psicolog\u00eda por la Universidad de Tufts. Con a\u00f1os de experiencia en EE. UU., Belice y M\u00e9xico, Jane da vida al mindfulness de una forma calmada y estimulante a la vez. Ha trabajado como coach de salud conductual en Calm, crea relajantes visualizaciones guiadas para Aura Meditation &amp; Sleep y fund\u00f3 el Centro de Educaci\u00f3n Contemplativa de la Universidad de Quintana Roo. Jane tambi\u00e9n desarroll\u00f3 Belize Pathways to Wellbeing, ayudando a las personas a sentirse m\u00e1s centradas, relajadas y equilibradas.    <\/p><p>Descubra m\u00e1s en: <a href=\"https:\/\/www.janespathways.com\/\">janespathways.com<\/a><\/p>\t\t\t\t\t\t\t\t<\/div>\n\t\t\t\t<\/div>\n\t\t\t\t<\/div>\n\t\t\t\t\t<\/div>\n\t\t\t\t<\/div>\n\t\t<div class=\"elementor-element elementor-element-7f74e92 e-flex e-con-boxed e-con e-parent\" data-id=\"7f74e92\" data-element_type=\"container\" data-e-type=\"container\">\n\t\t\t\t\t<div class=\"e-con-inner\">\n\t\t\t\t<div class=\"elementor-element elementor-element-d0ad691 elementor-widget elementor-widget-spacer\" data-id=\"d0ad691\" data-element_type=\"widget\" data-e-type=\"widget\" data-widget_type=\"spacer.default\">\n\t\t\t\t<div class=\"elementor-widget-container\">\n\t\t\t\t\t\t\t<div class=\"elementor-spacer\">\n\t\t\t<div class=\"elementor-spacer-inner\"><\/div>\n\t\t<\/div>\n\t\t\t\t\t\t<\/div>\n\t\t\t\t<\/div>\n\t\t\t\t\t<\/div>\n\t\t\t\t<\/div>\n\t\t\t\t<\/div>\n\t\t","protected":false},"excerpt":{"rendered":"<p>Mindfulness en la selva Mindfulness en la selva Acomp\u00e1\u00f1enos en una experiencia de mindfulness de 2 horas en nuestra exclusiva plataforma de yoga, situada en plena selva tropical. Un espacio tranquilo para respirar, reconectar y estar plenamente presente. Dirigida por Jane Mackler, instructora certificada de mindfulness, esta sesi\u00f3n inmersiva incluye estiramientos, caminatas y alimentaci\u00f3n consciente, [&hellip;]<\/p>\n","protected":false},"author":4,"featured_media":69131,"parent":0,"menu_order":0,"comment_status":"closed","ping_status":"closed","template":"page-full-width.php","meta":{"_acf_changed":false,"_vp_format_video_url":"","_vp_image_focal_point":[],"footnotes":""},"categories":[199],"tags":[],"class_list":["post-69113","page","type-page","status-publish","has-post-thumbnail","hentry","category-encuentro-tbc"],"acf":[],"yoast_head":"<!-- This site is optimized with the Yoast SEO plugin v27.4 - https:\/\/yoast.com\/product\/yoast-seo-wordpress\/ -->\n<title>Mindfulness en la selva - The Belize Collection<\/title>\n<meta name=\"robots\" content=\"index, follow, max-snippet:-1, max-image-preview:large, max-video-preview:-1\" \/>\n<link rel=\"canonical\" href=\"https:\/\/thebelizecollection.com\/es\/mindfulness-en-la-selva\/\" \/>\n<meta property=\"og:locale\" content=\"es_ES\" \/>\n<meta property=\"og:type\" content=\"article\" \/>\n<meta property=\"og:title\" content=\"Mindfulness en la selva - The Belize Collection\" \/>\n<meta property=\"og:description\" content=\"Mindfulness en la selva Mindfulness en la selva Acomp\u00e1\u00f1enos en una experiencia de mindfulness de 2 horas en nuestra exclusiva plataforma de yoga, situada en plena selva tropical. Un espacio tranquilo para respirar, reconectar y estar plenamente presente. Dirigida por Jane Mackler, instructora certificada de mindfulness, esta sesi\u00f3n inmersiva incluye estiramientos, caminatas y alimentaci\u00f3n consciente, [&hellip;]\" \/>\n<meta property=\"og:url\" content=\"https:\/\/thebelizecollection.com\/es\/mindfulness-en-la-selva\/\" \/>\n<meta property=\"og:site_name\" content=\"The Belize Collection\" \/>\n<meta property=\"article:modified_time\" content=\"2026-03-16T20:58:34+00:00\" \/>\n<meta property=\"og:image\" content=\"https:\/\/thebelizecollection.com\/wp-content\/uploads\/2025\/12\/FB-post-ad-1.png\" \/>\n\t<meta property=\"og:image:width\" content=\"2048\" \/>\n\t<meta property=\"og:image:height\" content=\"1365\" \/>\n\t<meta property=\"og:image:type\" content=\"image\/png\" \/>\n<meta name=\"twitter:card\" content=\"summary_large_image\" \/>\n<meta name=\"twitter:label1\" content=\"Tiempo de lectura\" \/>\n\t<meta name=\"twitter:data1\" content=\"1 minuto\" \/>\n<script type=\"application\/ld+json\" class=\"yoast-schema-graph\">{\"@context\":\"https:\\\/\\\/schema.org\",\"@graph\":[{\"@type\":\"WebPage\",\"@id\":\"https:\\\/\\\/thebelizecollection.com\\\/es\\\/mindfulness-en-la-selva\\\/\",\"url\":\"https:\\\/\\\/thebelizecollection.com\\\/es\\\/mindfulness-en-la-selva\\\/\",\"name\":\"Mindfulness en la selva - The Belize Collection\",\"isPartOf\":{\"@id\":\"https:\\\/\\\/thebelizecollection.com\\\/es\\\/#website\"},\"primaryImageOfPage\":{\"@id\":\"https:\\\/\\\/thebelizecollection.com\\\/es\\\/mindfulness-en-la-selva\\\/#primaryimage\"},\"image\":{\"@id\":\"https:\\\/\\\/thebelizecollection.com\\\/es\\\/mindfulness-en-la-selva\\\/#primaryimage\"},\"thumbnailUrl\":\"https:\\\/\\\/thebelizecollection.com\\\/wp-content\\\/uploads\\\/2025\\\/12\\\/FB-post-ad-1.png\",\"datePublished\":\"2025-11-30T18:36:36+00:00\",\"dateModified\":\"2026-03-16T20:58:34+00:00\",\"breadcrumb\":{\"@id\":\"https:\\\/\\\/thebelizecollection.com\\\/es\\\/mindfulness-en-la-selva\\\/#breadcrumb\"},\"inLanguage\":\"es\",\"potentialAction\":[{\"@type\":\"ReadAction\",\"target\":[\"https:\\\/\\\/thebelizecollection.com\\\/es\\\/mindfulness-en-la-selva\\\/\"]}]},{\"@type\":\"ImageObject\",\"inLanguage\":\"es\",\"@id\":\"https:\\\/\\\/thebelizecollection.com\\\/es\\\/mindfulness-en-la-selva\\\/#primaryimage\",\"url\":\"https:\\\/\\\/thebelizecollection.com\\\/wp-content\\\/uploads\\\/2025\\\/12\\\/FB-post-ad-1.png\",\"contentUrl\":\"https:\\\/\\\/thebelizecollection.com\\\/wp-content\\\/uploads\\\/2025\\\/12\\\/FB-post-ad-1.png\",\"width\":2048,\"height\":1365},{\"@type\":\"BreadcrumbList\",\"@id\":\"https:\\\/\\\/thebelizecollection.com\\\/es\\\/mindfulness-en-la-selva\\\/#breadcrumb\",\"itemListElement\":[{\"@type\":\"ListItem\",\"position\":1,\"name\":\"Home\",\"item\":\"https:\\\/\\\/thebelizecollection.com\\\/es\\\/the-belize-collection\\\/\"},{\"@type\":\"ListItem\",\"position\":2,\"name\":\"Mindfulness en la selva\"}]},{\"@type\":\"WebSite\",\"@id\":\"https:\\\/\\\/thebelizecollection.com\\\/es\\\/#website\",\"url\":\"https:\\\/\\\/thebelizecollection.com\\\/es\\\/\",\"name\":\"The Belize Collection\",\"description\":\"Everything Belize\",\"potentialAction\":[{\"@type\":\"SearchAction\",\"target\":{\"@type\":\"EntryPoint\",\"urlTemplate\":\"https:\\\/\\\/thebelizecollection.com\\\/es\\\/?s={search_term_string}\"},\"query-input\":{\"@type\":\"PropertyValueSpecification\",\"valueRequired\":true,\"valueName\":\"search_term_string\"}}],\"inLanguage\":\"es\"}]}<\/script>\n<!-- \/ Yoast SEO plugin. -->","yoast_head_json":{"title":"Mindfulness en la selva - The Belize Collection","robots":{"index":"index","follow":"follow","max-snippet":"max-snippet:-1","max-image-preview":"max-image-preview:large","max-video-preview":"max-video-preview:-1"},"canonical":"https:\/\/thebelizecollection.com\/es\/mindfulness-en-la-selva\/","og_locale":"es_ES","og_type":"article","og_title":"Mindfulness en la selva - The Belize Collection","og_description":"Mindfulness en la selva Mindfulness en la selva Acomp\u00e1\u00f1enos en una experiencia de mindfulness de 2 horas en nuestra exclusiva plataforma de yoga, situada en plena selva tropical. Un espacio tranquilo para respirar, reconectar y estar plenamente presente. Dirigida por Jane Mackler, instructora certificada de mindfulness, esta sesi\u00f3n inmersiva incluye estiramientos, caminatas y alimentaci\u00f3n consciente, [&hellip;]","og_url":"https:\/\/thebelizecollection.com\/es\/mindfulness-en-la-selva\/","og_site_name":"The Belize Collection","article_modified_time":"2026-03-16T20:58:34+00:00","og_image":[{"width":2048,"height":1365,"url":"https:\/\/thebelizecollection.com\/wp-content\/uploads\/2025\/12\/FB-post-ad-1.png","type":"image\/png"}],"twitter_card":"summary_large_image","twitter_misc":{"Tiempo de lectura":"1 minuto"},"schema":{"@context":"https:\/\/schema.org","@graph":[{"@type":"WebPage","@id":"https:\/\/thebelizecollection.com\/es\/mindfulness-en-la-selva\/","url":"https:\/\/thebelizecollection.com\/es\/mindfulness-en-la-selva\/","name":"Mindfulness en la selva - The Belize Collection","isPartOf":{"@id":"https:\/\/thebelizecollection.com\/es\/#website"},"primaryImageOfPage":{"@id":"https:\/\/thebelizecollection.com\/es\/mindfulness-en-la-selva\/#primaryimage"},"image":{"@id":"https:\/\/thebelizecollection.com\/es\/mindfulness-en-la-selva\/#primaryimage"},"thumbnailUrl":"https:\/\/thebelizecollection.com\/wp-content\/uploads\/2025\/12\/FB-post-ad-1.png","datePublished":"2025-11-30T18:36:36+00:00","dateModified":"2026-03-16T20:58:34+00:00","breadcrumb":{"@id":"https:\/\/thebelizecollection.com\/es\/mindfulness-en-la-selva\/#breadcrumb"},"inLanguage":"es","potentialAction":[{"@type":"ReadAction","target":["https:\/\/thebelizecollection.com\/es\/mindfulness-en-la-selva\/"]}]},{"@type":"ImageObject","inLanguage":"es","@id":"https:\/\/thebelizecollection.com\/es\/mindfulness-en-la-selva\/#primaryimage","url":"https:\/\/thebelizecollection.com\/wp-content\/uploads\/2025\/12\/FB-post-ad-1.png","contentUrl":"https:\/\/thebelizecollection.com\/wp-content\/uploads\/2025\/12\/FB-post-ad-1.png","width":2048,"height":1365},{"@type":"BreadcrumbList","@id":"https:\/\/thebelizecollection.com\/es\/mindfulness-en-la-selva\/#breadcrumb","itemListElement":[{"@type":"ListItem","position":1,"name":"Home","item":"https:\/\/thebelizecollection.com\/es\/the-belize-collection\/"},{"@type":"ListItem","position":2,"name":"Mindfulness en la selva"}]},{"@type":"WebSite","@id":"https:\/\/thebelizecollection.com\/es\/#website","url":"https:\/\/thebelizecollection.com\/es\/","name":"The Belize Collection","description":"Everything Belize","potentialAction":[{"@type":"SearchAction","target":{"@type":"EntryPoint","urlTemplate":"https:\/\/thebelizecollection.com\/es\/?s={search_term_string}"},"query-input":{"@type":"PropertyValueSpecification","valueRequired":true,"valueName":"search_term_string"}}],"inLanguage":"es"}]}},"jetpack_sharing_enabled":true,"_links":{"self":[{"href":"https:\/\/thebelizecollection.com\/es\/wp-json\/wp\/v2\/pages\/69113","targetHints":{"allow":["GET"]}}],"collection":[{"href":"https:\/\/thebelizecollection.com\/es\/wp-json\/wp\/v2\/pages"}],"about":[{"href":"https:\/\/thebelizecollection.com\/es\/wp-json\/wp\/v2\/types\/page"}],"author":[{"embeddable":true,"href":"https:\/\/thebelizecollection.com\/es\/wp-json\/wp\/v2\/users\/4"}],"replies":[{"embeddable":true,"href":"https:\/\/thebelizecollection.com\/es\/wp-json\/wp\/v2\/comments?post=69113"}],"version-history":[{"count":2,"href":"https:\/\/thebelizecollection.com\/es\/wp-json\/wp\/v2\/pages\/69113\/revisions"}],"predecessor-version":[{"id":69149,"href":"https:\/\/thebelizecollection.com\/es\/wp-json\/wp\/v2\/pages\/69113\/revisions\/69149"}],"wp:featuredmedia":[{"embeddable":true,"href":"https:\/\/thebelizecollection.com\/es\/wp-json\/wp\/v2\/media\/69131"}],"wp:attachment":[{"href":"https:\/\/thebelizecollection.com\/es\/wp-json\/wp\/v2\/media?parent=69113"}],"wp:term":[{"taxonomy":"category","embeddable":true,"href":"https:\/\/thebelizecollection.com\/es\/wp-json\/wp\/v2\/categories?post=69113"},{"taxonomy":"post_tag","embeddable":true,"href":"https:\/\/thebelizecollection.com\/es\/wp-json\/wp\/v2\/tags?post=69113"}],"curies":[{"name":"wp","href":"https:\/\/api.w.org\/{rel}","templated":true}]}}