{"id":69132,"date":"2025-10-21T11:11:59","date_gmt":"2025-10-21T17:11:59","guid":{"rendered":"https:\/\/thebelizecollection.com\/como-llegar-a-nuestros-resorts\/"},"modified":"2026-03-16T14:49:32","modified_gmt":"2026-03-16T20:49:32","slug":"como-llegar-a-nuestros-resorts","status":"publish","type":"page","link":"https:\/\/thebelizecollection.com\/es\/como-llegar-a-nuestros-resorts\/","title":{"rendered":"C\u00f3mo llegar a nuestros resorts"},"content":{"rendered":"\t\t<div data-elementor-type=\"wp-page\" data-elementor-id=\"69132\" class=\"elementor elementor-69132 elementor-64348\" data-elementor-post-type=\"page\">\n\t\t\t\t<div class=\"elementor-element elementor-element-63ed8a3 e-con-full e-flex e-con e-parent\" data-id=\"63ed8a3\" data-element_type=\"container\" data-e-type=\"container\" data-settings=\"{&quot;background_background&quot;:&quot;classic&quot;}\">\n\t\t\t\t<div class=\"elementor-element elementor-element-1c042bd elementor-widget elementor-widget-heading\" data-id=\"1c042bd\" data-element_type=\"widget\" data-e-type=\"widget\" data-widget_type=\"heading.default\">\n\t\t\t\t<div class=\"elementor-widget-container\">\n\t\t\t\t\t<h1 class=\"elementor-heading-title elementor-size-default\">C\u00d3MO LLEGAR A NUESTROS RESORTS<\/h1>\t\t\t\t<\/div>\n\t\t\t\t<\/div>\n\t\t\t\t<\/div>\n\t\t<div class=\"elementor-element elementor-element-7607496 e-flex e-con-boxed e-con e-parent\" data-id=\"7607496\" data-element_type=\"container\" data-e-type=\"container\">\n\t\t\t\t\t<div class=\"e-con-inner\">\n\t\t\t\t<div class=\"elementor-element elementor-element-d223924 elementor-widget elementor-widget-spacer\" data-id=\"d223924\" data-element_type=\"widget\" data-e-type=\"widget\" data-widget_type=\"spacer.default\">\n\t\t\t\t<div class=\"elementor-widget-container\">\n\t\t\t\t\t\t\t<div class=\"elementor-spacer\">\n\t\t\t<div class=\"elementor-spacer-inner\"><\/div>\n\t\t<\/div>\n\t\t\t\t\t\t<\/div>\n\t\t\t\t<\/div>\n\t\t\t\t<div class=\"elementor-element elementor-element-3965f13 elementor-widget elementor-widget-heading\" data-id=\"3965f13\" data-element_type=\"widget\" data-e-type=\"widget\" data-widget_type=\"heading.default\">\n\t\t\t\t<div class=\"elementor-widget-container\">\n\t\t\t\t\t<h1 class=\"elementor-heading-title elementor-size-default\">C\u00d3MO LLEGAR A NUESTROS RESORTS<\/h1>\t\t\t\t<\/div>\n\t\t\t\t<\/div>\n\t\t\t\t<div class=\"elementor-element elementor-element-bb0aeca elementor-widget elementor-widget-image\" data-id=\"bb0aeca\" data-element_type=\"widget\" data-e-type=\"widget\" data-widget_type=\"image.default\">\n\t\t\t\t<div class=\"elementor-widget-container\">\n\t\t\t\t\t\t\t\t\t\t\t\t\t\t\t\t<a href=\"https:\/\/thebelizecollection.com\/wp-content\/uploads\/2025\/08\/TBC_Local-Map_FinalCRV_1400-x-800.jpg\" data-elementor-open-lightbox=\"yes\" data-elementor-lightbox-title=\"TBC_Local-Map_FinalCRV_1400-x-800\" data-e-action-hash=\"#elementor-action%3Aaction%3Dlightbox%26settings%3DeyJpZCI6NjkzODQsInVybCI6Imh0dHBzOlwvXC90aGViZWxpemVjb2xsZWN0aW9uLmNvbVwvd3AtY29udGVudFwvdXBsb2Fkc1wvMjAyNVwvMDhcL1RCQ19Mb2NhbC1NYXBfRmluYWxDUlZfMTQwMC14LTgwMC5qcGcifQ%3D%3D\">\n\t\t\t\t\t\t\t<img fetchpriority=\"high\" decoding=\"async\" width=\"1400\" height=\"800\" src=\"https:\/\/thebelizecollection.com\/wp-content\/uploads\/2025\/08\/TBC_Local-Map_FinalCRV_1400-x-800.jpg\" class=\"attachment-full size-full wp-image-69384\" alt=\"\" srcset=\"https:\/\/thebelizecollection.com\/wp-content\/uploads\/2025\/08\/TBC_Local-Map_FinalCRV_1400-x-800.jpg 1400w, https:\/\/thebelizecollection.com\/wp-content\/uploads\/2025\/08\/TBC_Local-Map_FinalCRV_1400-x-800-300x171.jpg 300w, https:\/\/thebelizecollection.com\/wp-content\/uploads\/2025\/08\/TBC_Local-Map_FinalCRV_1400-x-800-1024x585.jpg 1024w, https:\/\/thebelizecollection.com\/wp-content\/uploads\/2025\/08\/TBC_Local-Map_FinalCRV_1400-x-800-768x439.jpg 768w, https:\/\/thebelizecollection.com\/wp-content\/uploads\/2025\/08\/TBC_Local-Map_FinalCRV_1400-x-800-500x286.jpg 500w, https:\/\/thebelizecollection.com\/wp-content\/uploads\/2025\/08\/TBC_Local-Map_FinalCRV_1400-x-800-800x457.jpg 800w, https:\/\/thebelizecollection.com\/wp-content\/uploads\/2025\/08\/TBC_Local-Map_FinalCRV_1400-x-800-1280x731.jpg 1280w\" sizes=\"(max-width: 1400px) 100vw, 1400px\" \/>\t\t\t\t\t\t\t\t<\/a>\n\t\t\t\t\t\t\t\t\t\t\t\t\t\t\t<\/div>\n\t\t\t\t<\/div>\n\t\t\t\t<div class=\"elementor-element elementor-element-45b9a38 elementor-widget elementor-widget-text-editor\" data-id=\"45b9a38\" data-element_type=\"widget\" data-e-type=\"widget\" data-widget_type=\"text-editor.default\">\n\t\t\t\t<div class=\"elementor-widget-container\">\n\t\t\t\t\t\t\t\t\t<div class=\"elementor-element elementor-element-3fd73d8 elementor-widget elementor-widget-text-editor\" data-id=\"3fd73d8\" data-element_type=\"widget\" data-widget_type=\"text-editor.default\"><div class=\"elementor-widget-container\"><div class=\"elementor-element elementor-element-3fd73d8 elementor-widget elementor-widget-text-editor\" data-id=\"3fd73d8\" data-element_type=\"widget\" data-widget_type=\"text-editor.default\"><div class=\"elementor-widget-container\"><p>Ofrecemos traslados por carretera desde el aeropuerto a los resorts. Tambi\u00e9n podemos ayudarle a reservar vuelos nacionales hacia\/desde The Lodge at Jaguar Reef, Almond Beach Resort y Umaya Resort &amp; Adventures. <\/p><p>Para solicitar precios y reservar su traslado, env\u00ede un correo electr\u00f3nico a <a href=\"mailto:reservations@thebelizecollection.com\">reservations@thebelizecollection.com<\/a>.<\/p><\/div><\/div><\/div><\/div>\t\t\t\t\t\t\t\t<\/div>\n\t\t\t\t<\/div>\n\t\t\t\t\t<\/div>\n\t\t\t\t<\/div>\n\t\t<div class=\"elementor-element elementor-element-c9cf76a e-flex e-con-boxed e-con e-parent\" data-id=\"c9cf76a\" data-element_type=\"container\" data-e-type=\"container\">\n\t\t\t\t\t<div class=\"e-con-inner\">\n\t\t\t\t<div class=\"elementor-element elementor-element-3d871de elementor-widget elementor-widget-heading\" data-id=\"3d871de\" data-element_type=\"widget\" data-e-type=\"widget\" data-widget_type=\"heading.default\">\n\t\t\t\t<div class=\"elementor-widget-container\">\n\t\t\t\t\t<h1 class=\"elementor-heading-title elementor-size-default\">TIEMPOS DE TRASLADO<\/h1>\t\t\t\t<\/div>\n\t\t\t\t<\/div>\n\t\t\t\t<div class=\"elementor-element elementor-element-35630c1 elementor-widget elementor-widget-text-editor\" data-id=\"35630c1\" data-element_type=\"widget\" data-e-type=\"widget\" data-widget_type=\"text-editor.default\">\n\t\t\t\t<div class=\"elementor-widget-container\">\n\t\t\t\t\t\t\t\t\t<table style=\"width: 100%; border-collapse: collapse; border: 1px solid #ccc; font-family: Arial, sans-serif;\"><thead style=\"background-color: #a8506e; color: white;\"><tr><th style=\"padding: 12px; border: 1px solid #ccc;\">Resort<\/th><th style=\"padding: 12px; border: 1px solid #ccc;\">Traslado por carretera<\/th><th style=\"padding: 12px; border: 1px solid #ccc;\">Vuelo + Traslado<\/th><th style=\"padding: 12px; border: 1px solid #ccc;\">Notas<\/th><\/tr><\/thead><tbody><tr><td style=\"padding: 12px; border: 1px solid #ccc;\"><strong>The Rainforest Lodge at Sleeping Giant \/ The Banks Resort<\/strong><\/td><td style=\"padding: 12px; border: 1px solid #ccc;\">Aprox. 1 &#8211; 1,5 horas<\/td><td style=\"padding: 12px; border: 1px solid #ccc;\">Vuelo de 30 min a SGL + 5 min en coche<\/td><td style=\"padding: 12px; border: 1px solid #ccc;\">M\u00e1s cercano a BZE, traslado en helic\u00f3ptero privado y luego un corto traslado terrestre<\/td><\/tr><tr><td style=\"padding: 12px; border: 1px solid #ccc;\"><strong>The Lodge at Jaguar Reef \/ The Resort at Almond Beach<\/strong><\/td><td style=\"padding: 12px; border: 1px solid #ccc;\">Aprox. 2,5 &#8211; 3 horas<\/td><td style=\"padding: 12px; border: 1px solid #ccc;\">Vuelo de 15 &#8211; 20 min a DGA + 30 &#8211; 40 min en coche<\/td><td style=\"padding: 12px; border: 1px solid #ccc;\">Los vuelos aterrizan en Dangriga, luego un corto traslado terrestre a Hopkins<\/td><\/tr><tr><td style=\"padding: 12px; border: 1px solid #ccc;\"><strong>Umaya Resort &amp; Adventures (Placencia)<\/strong><\/td><td style=\"padding: 12px; border: 1px solid #ccc;\">Aprox. 3,5 &#8211; 4 horas<\/td><td style=\"padding: 12px; border: 1px solid #ccc;\">Vuelo de 35 min a PLJ + 10 &#8211; 15 min en coche<\/td><td style=\"padding: 12px; border: 1px solid #ccc;\">Los vuelos aterrizan en Placencia; la opci\u00f3n m\u00e1s corta para viajes de larga distancia<\/td><\/tr><\/tbody><\/table>\t\t\t\t\t\t\t\t<\/div>\n\t\t\t\t<\/div>\n\t\t\t\t<div class=\"elementor-element elementor-element-83f8951 elementor-widget elementor-widget-text-editor\" data-id=\"83f8951\" data-element_type=\"widget\" data-e-type=\"widget\" data-widget_type=\"text-editor.default\">\n\t\t\t\t<div class=\"elementor-widget-container\">\n\t\t\t\t\t\t\t\t\t<div class=\"elementor-element elementor-element-3fd73d8 elementor-widget elementor-widget-text-editor\" data-id=\"3fd73d8\" data-element_type=\"widget\" data-widget_type=\"text-editor.default\"><div class=\"elementor-widget-container\"><p><strong>BZE<\/strong> &#8211; Aeropuerto Internacional Philip S. W. Goldson (Ciudad de Belice)<\/p><p><strong>SGL <\/strong>&#8211; Helipuerto en The Rainforest Lodge at Sleeping Giant<\/p><p><strong>DGA<\/strong> &#8211; Pista de aterrizaje de Dangriga<\/p><p><strong>PLJ<\/strong> &#8211; Pista de aterrizaje de Placencia<\/p><p><strong>Traslado por carretera <\/strong>&#8211; Transporte terrestre proporcionado por The Belize Collection<\/p><p><strong>Vuelo + Traslado<\/strong> &#8211; Vuelo nacional desde BZE a la pista de aterrizaje m\u00e1s cercana, seguido de un traslado terrestre al resort<\/p><p><em>*Tenga en cuenta que los traslados deben reservarse y pagarse al menos 48 horas antes de su llegada.<\/em><\/p><\/div><\/div>\t\t\t\t\t\t\t\t<\/div>\n\t\t\t\t<\/div>\n\t\t\t\t\t<\/div>\n\t\t\t\t<\/div>\n\t\t<div class=\"elementor-element elementor-element-0c2f4da e-flex e-con-boxed e-con e-parent\" data-id=\"0c2f4da\" data-element_type=\"container\" data-e-type=\"container\">\n\t\t\t\t\t<div class=\"e-con-inner\">\n\t\t\t\t<div class=\"elementor-element elementor-element-72e0e8b elementor-widget elementor-widget-spacer\" data-id=\"72e0e8b\" data-element_type=\"widget\" data-e-type=\"widget\" data-widget_type=\"spacer.default\">\n\t\t\t\t<div class=\"elementor-widget-container\">\n\t\t\t\t\t\t\t<div class=\"elementor-spacer\">\n\t\t\t<div class=\"elementor-spacer-inner\"><\/div>\n\t\t<\/div>\n\t\t\t\t\t\t<\/div>\n\t\t\t\t<\/div>\n\t\t\t\t\t<\/div>\n\t\t\t\t<\/div>\n\t\t<div class=\"elementor-element elementor-element-42e1693 e-grid e-con-boxed e-con e-parent\" data-id=\"42e1693\" data-element_type=\"container\" data-e-type=\"container\">\n\t\t\t\t\t<div class=\"e-con-inner\">\n\t\t\t\t<div class=\"elementor-element elementor-element-b853239 elementor-align-center elementor-widget elementor-widget-button\" data-id=\"b853239\" data-element_type=\"widget\" data-e-type=\"widget\" data-widget_type=\"button.default\">\n\t\t\t\t<div class=\"elementor-widget-container\">\n\t\t\t\t\t\t\t\t\t<div class=\"elementor-button-wrapper\">\n\t\t\t\t\t<a class=\"elementor-button elementor-button-link elementor-size-sm\" href=\"https:\/\/thebelizecollection.com\/how-to-get-here\/\">\n\t\t\t\t\t\t<span class=\"elementor-button-content-wrapper\">\n\t\t\t\t\t\t\t\t\t<span class=\"elementor-button-text\">VOLVER A NUESTRO MAPA DE VUELOS<\/span>\n\t\t\t\t\t<\/span>\n\t\t\t\t\t<\/a>\n\t\t\t\t<\/div>\n\t\t\t\t\t\t\t\t<\/div>\n\t\t\t\t<\/div>\n\t\t\t\t<div class=\"elementor-element elementor-element-6016deb elementor-align-center elementor-widget elementor-widget-button\" data-id=\"6016deb\" data-element_type=\"widget\" data-e-type=\"widget\" data-widget_type=\"button.default\">\n\t\t\t\t<div class=\"elementor-widget-container\">\n\t\t\t\t\t\t\t\t\t<div class=\"elementor-button-wrapper\">\n\t\t\t\t\t<a class=\"elementor-button elementor-button-link elementor-size-sm\" href=\"https:\/\/thebelizecollection.com\/astrum-helicopters\/\">\n\t\t\t\t\t\t<span class=\"elementor-button-content-wrapper\">\n\t\t\t\t\t\t\t\t\t<span class=\"elementor-button-text\">Reserve un PASEO EN HELIC\u00d3PTERO PRIVADO<\/span>\n\t\t\t\t\t<\/span>\n\t\t\t\t\t<\/a>\n\t\t\t\t<\/div>\n\t\t\t\t\t\t\t\t<\/div>\n\t\t\t\t<\/div>\n\t\t\t\t\t<\/div>\n\t\t\t\t<\/div>\n\t\t<div class=\"elementor-element elementor-element-c201606 e-flex e-con-boxed e-con e-parent\" data-id=\"c201606\" data-element_type=\"container\" data-e-type=\"container\">\n\t\t\t\t\t<div class=\"e-con-inner\">\n\t\t\t\t<div class=\"elementor-element elementor-element-38bd54a elementor-widget elementor-widget-spacer\" data-id=\"38bd54a\" data-element_type=\"widget\" data-e-type=\"widget\" data-widget_type=\"spacer.default\">\n\t\t\t\t<div class=\"elementor-widget-container\">\n\t\t\t\t\t\t\t<div class=\"elementor-spacer\">\n\t\t\t<div class=\"elementor-spacer-inner\"><\/div>\n\t\t<\/div>\n\t\t\t\t\t\t<\/div>\n\t\t\t\t<\/div>\n\t\t\t\t\t<\/div>\n\t\t\t\t<\/div>\n\t\t\t\t<\/div>\n\t\t","protected":false},"excerpt":{"rendered":"<p>C\u00d3MO LLEGAR A NUESTROS RESORTS C\u00d3MO LLEGAR A NUESTROS RESORTS Ofrecemos traslados por carretera desde el aeropuerto a los resorts. Tambi\u00e9n podemos ayudarle a reservar vuelos nacionales hacia\/desde The Lodge at Jaguar Reef, Almond Beach Resort y Umaya Resort &amp; Adventures. Para solicitar precios y reservar su traslado, env\u00ede un correo electr\u00f3nico a reservations@thebelizecollection.com. TIEMPOS [&hellip;]<\/p>\n","protected":false},"author":4,"featured_media":0,"parent":0,"menu_order":0,"comment_status":"closed","ping_status":"closed","template":"page-full-width.php","meta":{"_acf_changed":false,"_vp_format_video_url":"","_vp_image_focal_point":[],"footnotes":""},"categories":[],"tags":[],"class_list":["post-69132","page","type-page","status-publish","hentry"],"acf":[],"yoast_head":"<!-- This site is optimized with the Yoast SEO plugin v27.4 - https:\/\/yoast.com\/product\/yoast-seo-wordpress\/ -->\n<title>C\u00f3mo llegar a nuestros resorts - The Belize Collection<\/title>\n<meta name=\"robots\" content=\"index, follow, max-snippet:-1, max-image-preview:large, max-video-preview:-1\" \/>\n<link rel=\"canonical\" href=\"https:\/\/thebelizecollection.com\/es\/como-llegar-a-nuestros-resorts\/\" \/>\n<meta property=\"og:locale\" content=\"es_ES\" \/>\n<meta property=\"og:type\" content=\"article\" \/>\n<meta property=\"og:title\" content=\"C\u00f3mo llegar a nuestros resorts - The Belize Collection\" \/>\n<meta property=\"og:description\" content=\"C\u00d3MO LLEGAR A NUESTROS RESORTS C\u00d3MO LLEGAR A NUESTROS RESORTS Ofrecemos traslados por carretera desde el aeropuerto a los resorts. Tambi\u00e9n podemos ayudarle a reservar vuelos nacionales hacia\/desde The Lodge at Jaguar Reef, Almond Beach Resort y Umaya Resort &amp; Adventures. Para solicitar precios y reservar su traslado, env\u00ede un correo electr\u00f3nico a reservations@thebelizecollection.com. TIEMPOS [&hellip;]\" \/>\n<meta property=\"og:url\" content=\"https:\/\/thebelizecollection.com\/es\/como-llegar-a-nuestros-resorts\/\" \/>\n<meta property=\"og:site_name\" content=\"The Belize Collection\" \/>\n<meta property=\"article:modified_time\" content=\"2026-03-16T20:49:32+00:00\" \/>\n<meta property=\"og:image\" content=\"https:\/\/thebelizecollection.com\/wp-content\/uploads\/2025\/08\/TBC_Local-Map_FinalCRV_1400-x-800.jpg\" \/>\n\t<meta property=\"og:image:width\" content=\"1400\" \/>\n\t<meta property=\"og:image:height\" content=\"800\" \/>\n\t<meta property=\"og:image:type\" content=\"image\/jpeg\" \/>\n<meta name=\"twitter:card\" content=\"summary_large_image\" \/>\n<meta name=\"twitter:label1\" content=\"Tiempo de lectura\" \/>\n\t<meta name=\"twitter:data1\" content=\"1 minuto\" \/>\n<script type=\"application\/ld+json\" class=\"yoast-schema-graph\">{\"@context\":\"https:\\\/\\\/schema.org\",\"@graph\":[{\"@type\":\"WebPage\",\"@id\":\"https:\\\/\\\/thebelizecollection.com\\\/es\\\/como-llegar-a-nuestros-resorts\\\/\",\"url\":\"https:\\\/\\\/thebelizecollection.com\\\/es\\\/como-llegar-a-nuestros-resorts\\\/\",\"name\":\"C\u00f3mo llegar a nuestros resorts - The Belize Collection\",\"isPartOf\":{\"@id\":\"https:\\\/\\\/thebelizecollection.com\\\/es\\\/#website\"},\"primaryImageOfPage\":{\"@id\":\"https:\\\/\\\/thebelizecollection.com\\\/es\\\/como-llegar-a-nuestros-resorts\\\/#primaryimage\"},\"image\":{\"@id\":\"https:\\\/\\\/thebelizecollection.com\\\/es\\\/como-llegar-a-nuestros-resorts\\\/#primaryimage\"},\"thumbnailUrl\":\"https:\\\/\\\/thebelizecollection.com\\\/wp-content\\\/uploads\\\/2025\\\/08\\\/TBC_Local-Map_FinalCRV_1400-x-800.jpg\",\"datePublished\":\"2025-10-21T17:11:59+00:00\",\"dateModified\":\"2026-03-16T20:49:32+00:00\",\"breadcrumb\":{\"@id\":\"https:\\\/\\\/thebelizecollection.com\\\/es\\\/como-llegar-a-nuestros-resorts\\\/#breadcrumb\"},\"inLanguage\":\"es\",\"potentialAction\":[{\"@type\":\"ReadAction\",\"target\":[\"https:\\\/\\\/thebelizecollection.com\\\/es\\\/como-llegar-a-nuestros-resorts\\\/\"]}]},{\"@type\":\"ImageObject\",\"inLanguage\":\"es\",\"@id\":\"https:\\\/\\\/thebelizecollection.com\\\/es\\\/como-llegar-a-nuestros-resorts\\\/#primaryimage\",\"url\":\"https:\\\/\\\/thebelizecollection.com\\\/wp-content\\\/uploads\\\/2025\\\/08\\\/TBC_Local-Map_FinalCRV_1400-x-800.jpg\",\"contentUrl\":\"https:\\\/\\\/thebelizecollection.com\\\/wp-content\\\/uploads\\\/2025\\\/08\\\/TBC_Local-Map_FinalCRV_1400-x-800.jpg\"},{\"@type\":\"BreadcrumbList\",\"@id\":\"https:\\\/\\\/thebelizecollection.com\\\/es\\\/como-llegar-a-nuestros-resorts\\\/#breadcrumb\",\"itemListElement\":[{\"@type\":\"ListItem\",\"position\":1,\"name\":\"Home\",\"item\":\"https:\\\/\\\/thebelizecollection.com\\\/es\\\/the-belize-collection\\\/\"},{\"@type\":\"ListItem\",\"position\":2,\"name\":\"C\u00f3mo llegar a nuestros resorts\"}]},{\"@type\":\"WebSite\",\"@id\":\"https:\\\/\\\/thebelizecollection.com\\\/es\\\/#website\",\"url\":\"https:\\\/\\\/thebelizecollection.com\\\/es\\\/\",\"name\":\"The Belize Collection\",\"description\":\"Everything Belize\",\"potentialAction\":[{\"@type\":\"SearchAction\",\"target\":{\"@type\":\"EntryPoint\",\"urlTemplate\":\"https:\\\/\\\/thebelizecollection.com\\\/es\\\/?s={search_term_string}\"},\"query-input\":{\"@type\":\"PropertyValueSpecification\",\"valueRequired\":true,\"valueName\":\"search_term_string\"}}],\"inLanguage\":\"es\"}]}<\/script>\n<!-- \/ Yoast SEO plugin. -->","yoast_head_json":{"title":"C\u00f3mo llegar a nuestros resorts - The Belize Collection","robots":{"index":"index","follow":"follow","max-snippet":"max-snippet:-1","max-image-preview":"max-image-preview:large","max-video-preview":"max-video-preview:-1"},"canonical":"https:\/\/thebelizecollection.com\/es\/como-llegar-a-nuestros-resorts\/","og_locale":"es_ES","og_type":"article","og_title":"C\u00f3mo llegar a nuestros resorts - The Belize Collection","og_description":"C\u00d3MO LLEGAR A NUESTROS RESORTS C\u00d3MO LLEGAR A NUESTROS RESORTS Ofrecemos traslados por carretera desde el aeropuerto a los resorts. Tambi\u00e9n podemos ayudarle a reservar vuelos nacionales hacia\/desde The Lodge at Jaguar Reef, Almond Beach Resort y Umaya Resort &amp; Adventures. Para solicitar precios y reservar su traslado, env\u00ede un correo electr\u00f3nico a reservations@thebelizecollection.com. TIEMPOS [&hellip;]","og_url":"https:\/\/thebelizecollection.com\/es\/como-llegar-a-nuestros-resorts\/","og_site_name":"The Belize Collection","article_modified_time":"2026-03-16T20:49:32+00:00","og_image":[{"width":1400,"height":800,"url":"https:\/\/thebelizecollection.com\/wp-content\/uploads\/2025\/08\/TBC_Local-Map_FinalCRV_1400-x-800.jpg","type":"image\/jpeg"}],"twitter_card":"summary_large_image","twitter_misc":{"Tiempo de lectura":"1 minuto"},"schema":{"@context":"https:\/\/schema.org","@graph":[{"@type":"WebPage","@id":"https:\/\/thebelizecollection.com\/es\/como-llegar-a-nuestros-resorts\/","url":"https:\/\/thebelizecollection.com\/es\/como-llegar-a-nuestros-resorts\/","name":"C\u00f3mo llegar a nuestros resorts - The Belize Collection","isPartOf":{"@id":"https:\/\/thebelizecollection.com\/es\/#website"},"primaryImageOfPage":{"@id":"https:\/\/thebelizecollection.com\/es\/como-llegar-a-nuestros-resorts\/#primaryimage"},"image":{"@id":"https:\/\/thebelizecollection.com\/es\/como-llegar-a-nuestros-resorts\/#primaryimage"},"thumbnailUrl":"https:\/\/thebelizecollection.com\/wp-content\/uploads\/2025\/08\/TBC_Local-Map_FinalCRV_1400-x-800.jpg","datePublished":"2025-10-21T17:11:59+00:00","dateModified":"2026-03-16T20:49:32+00:00","breadcrumb":{"@id":"https:\/\/thebelizecollection.com\/es\/como-llegar-a-nuestros-resorts\/#breadcrumb"},"inLanguage":"es","potentialAction":[{"@type":"ReadAction","target":["https:\/\/thebelizecollection.com\/es\/como-llegar-a-nuestros-resorts\/"]}]},{"@type":"ImageObject","inLanguage":"es","@id":"https:\/\/thebelizecollection.com\/es\/como-llegar-a-nuestros-resorts\/#primaryimage","url":"https:\/\/thebelizecollection.com\/wp-content\/uploads\/2025\/08\/TBC_Local-Map_FinalCRV_1400-x-800.jpg","contentUrl":"https:\/\/thebelizecollection.com\/wp-content\/uploads\/2025\/08\/TBC_Local-Map_FinalCRV_1400-x-800.jpg"},{"@type":"BreadcrumbList","@id":"https:\/\/thebelizecollection.com\/es\/como-llegar-a-nuestros-resorts\/#breadcrumb","itemListElement":[{"@type":"ListItem","position":1,"name":"Home","item":"https:\/\/thebelizecollection.com\/es\/the-belize-collection\/"},{"@type":"ListItem","position":2,"name":"C\u00f3mo llegar a nuestros resorts"}]},{"@type":"WebSite","@id":"https:\/\/thebelizecollection.com\/es\/#website","url":"https:\/\/thebelizecollection.com\/es\/","name":"The Belize Collection","description":"Everything Belize","potentialAction":[{"@type":"SearchAction","target":{"@type":"EntryPoint","urlTemplate":"https:\/\/thebelizecollection.com\/es\/?s={search_term_string}"},"query-input":{"@type":"PropertyValueSpecification","valueRequired":true,"valueName":"search_term_string"}}],"inLanguage":"es"}]}},"jetpack_sharing_enabled":true,"_links":{"self":[{"href":"https:\/\/thebelizecollection.com\/es\/wp-json\/wp\/v2\/pages\/69132","targetHints":{"allow":["GET"]}}],"collection":[{"href":"https:\/\/thebelizecollection.com\/es\/wp-json\/wp\/v2\/pages"}],"about":[{"href":"https:\/\/thebelizecollection.com\/es\/wp-json\/wp\/v2\/types\/page"}],"author":[{"embeddable":true,"href":"https:\/\/thebelizecollection.com\/es\/wp-json\/wp\/v2\/users\/4"}],"replies":[{"embeddable":true,"href":"https:\/\/thebelizecollection.com\/es\/wp-json\/wp\/v2\/comments?post=69132"}],"version-history":[{"count":1,"href":"https:\/\/thebelizecollection.com\/es\/wp-json\/wp\/v2\/pages\/69132\/revisions"}],"predecessor-version":[{"id":69136,"href":"https:\/\/thebelizecollection.com\/es\/wp-json\/wp\/v2\/pages\/69132\/revisions\/69136"}],"wp:attachment":[{"href":"https:\/\/thebelizecollection.com\/es\/wp-json\/wp\/v2\/media?parent=69132"}],"wp:term":[{"taxonomy":"category","embeddable":true,"href":"https:\/\/thebelizecollection.com\/es\/wp-json\/wp\/v2\/categories?post=69132"},{"taxonomy":"post_tag","embeddable":true,"href":"https:\/\/thebelizecollection.com\/es\/wp-json\/wp\/v2\/tags?post=69132"}],"curies":[{"name":"wp","href":"https:\/\/api.w.org\/{rel}","templated":true}]}}