{"id":69183,"date":"2025-09-19T08:51:22","date_gmt":"2025-09-19T14:51:22","guid":{"rendered":"https:\/\/thebelizecollection.com\/ritmos-costeros\/"},"modified":"2026-03-16T17:37:47","modified_gmt":"2026-03-16T23:37:47","slug":"ritmos-costeros","status":"publish","type":"page","link":"https:\/\/thebelizecollection.com\/es\/ritmos-costeros\/","title":{"rendered":"Ritmos costeros"},"content":{"rendered":"\t\t<div data-elementor-type=\"wp-page\" data-elementor-id=\"69183\" class=\"elementor elementor-69183 elementor-63335\" data-elementor-post-type=\"page\">\n\t\t\t\t<div class=\"elementor-element elementor-element-18f9bb3 e-con-full e-flex e-con e-parent\" data-id=\"18f9bb3\" data-element_type=\"container\" data-e-type=\"container\" data-settings=\"{&quot;background_background&quot;:&quot;classic&quot;}\">\n\t\t\t\t<\/div>\n\t\t<div class=\"elementor-element elementor-element-37162ff e-flex e-con-boxed e-con e-parent\" data-id=\"37162ff\" data-element_type=\"container\" data-e-type=\"container\">\n\t\t\t\t\t<div class=\"e-con-inner\">\n\t\t\t\t<div class=\"elementor-element elementor-element-32fee3b elementor-widget elementor-widget-spacer\" data-id=\"32fee3b\" data-element_type=\"widget\" data-e-type=\"widget\" data-widget_type=\"spacer.default\">\n\t\t\t\t<div class=\"elementor-widget-container\">\n\t\t\t\t\t\t\t<div class=\"elementor-spacer\">\n\t\t\t<div class=\"elementor-spacer-inner\"><\/div>\n\t\t<\/div>\n\t\t\t\t\t\t<\/div>\n\t\t\t\t<\/div>\n\t\t\t\t\t<\/div>\n\t\t\t\t<\/div>\n\t\t<div class=\"elementor-element elementor-element-4a26b0b e-flex e-con-boxed e-con e-parent\" data-id=\"4a26b0b\" data-element_type=\"container\" data-e-type=\"container\">\n\t\t\t\t\t<div class=\"e-con-inner\">\n\t\t<div class=\"elementor-element elementor-element-e966fcd e-con-full e-flex e-con e-child\" data-id=\"e966fcd\" data-element_type=\"container\" data-e-type=\"container\">\n\t\t\t\t<div class=\"elementor-element elementor-element-77241ba elementor-widget elementor-widget-heading\" data-id=\"77241ba\" data-element_type=\"widget\" data-e-type=\"widget\" data-widget_type=\"heading.default\">\n\t\t\t\t<div class=\"elementor-widget-container\">\n\t\t\t\t\t<h1 class=\"elementor-heading-title elementor-size-default\">Ritmos costeros<\/h1>\t\t\t\t<\/div>\n\t\t\t\t<\/div>\n\t\t\t\t<div class=\"elementor-element elementor-element-3477195 elementor-widget elementor-widget-text-editor\" data-id=\"3477195\" data-element_type=\"widget\" data-e-type=\"widget\" data-widget_type=\"text-editor.default\">\n\t\t\t\t<div class=\"elementor-widget-container\">\n\t\t\t\t\t\t\t\t\t<div class=\"elementor-element elementor-element-3fd73d8 elementor-widget elementor-widget-text-editor\" data-id=\"3fd73d8\" data-element_type=\"widget\" data-widget_type=\"text-editor.default\"><div class=\"elementor-widget-container\">Acomp\u00e1\u00f1enos en Paddle House, en The Lodge at Jaguar Reef, para <em data-start=\"223\" data-end=\"240\" data-is-only-node=\"\">Ritmos costeros, <\/em>nuestra primera noche de jazz. Disfrute de una velada de m\u00fasica en directo suave con Loreto Pelayo, Ryan Delvin e Ian Ashby. Env\u00ede un WhatsApp o llame al <a href=\"tel:+501-615-2167\" data-wplink-edit=\"true\">(501) 615-2167<\/a> para reservar ahora.  <\/div><\/div>\t\t\t\t\t\t\t\t<\/div>\n\t\t\t\t<\/div>\n\t\t\t\t<div class=\"elementor-element elementor-element-d9b4613 elementor-widget elementor-widget-text-editor\" data-id=\"d9b4613\" data-element_type=\"widget\" data-e-type=\"widget\" data-widget_type=\"text-editor.default\">\n\t\t\t\t<div class=\"elementor-widget-container\">\n\t\t\t\t\t\t\t\t\t<p><strong>Ubicaci\u00f3n: <\/strong>Paddle House<\/p><p><strong>Fecha:<\/strong> 11 de octubre de 2025<\/p><p><strong>Hora:<\/strong> 18:00 \u2013 20:00<\/p><p><strong>Precio:<\/strong> 20 $ USD por persona <em>(el precio de la entrada incluye una copa de vino)<\/em><\/p>\t\t\t\t\t\t\t\t<\/div>\n\t\t\t\t<\/div>\n\t\t\t\t<div class=\"elementor-element elementor-element-d07b9c7 elementor-widget elementor-widget-button\" data-id=\"d07b9c7\" data-element_type=\"widget\" data-e-type=\"widget\" data-widget_type=\"button.default\">\n\t\t\t\t<div class=\"elementor-widget-container\">\n\t\t\t\t\t\t\t\t\t<div class=\"elementor-button-wrapper\">\n\t\t\t\t\t<a class=\"elementor-button elementor-button-link elementor-size-sm\" href=\"tel:+501-615-2167\">\n\t\t\t\t\t\t<span class=\"elementor-button-content-wrapper\">\n\t\t\t\t\t\t\t\t\t<span class=\"elementor-button-text\">Haga clic aqu\u00ed para confirmar su asistencia<\/span>\n\t\t\t\t\t<\/span>\n\t\t\t\t\t<\/a>\n\t\t\t\t<\/div>\n\t\t\t\t\t\t\t\t<\/div>\n\t\t\t\t<\/div>\n\t\t\t\t<\/div>\n\t\t<div class=\"elementor-element elementor-element-fb08bde e-con-full e-flex e-con e-child\" data-id=\"fb08bde\" data-element_type=\"container\" data-e-type=\"container\" data-settings=\"{&quot;background_background&quot;:&quot;classic&quot;}\">\n\t\t\t\t<\/div>\n\t\t\t\t\t<\/div>\n\t\t\t\t<\/div>\n\t\t<div class=\"elementor-element elementor-element-d4eb3c1 e-flex e-con-boxed e-con e-parent\" data-id=\"d4eb3c1\" data-element_type=\"container\" data-e-type=\"container\">\n\t\t\t\t\t<div class=\"e-con-inner\">\n\t\t\t\t<div class=\"elementor-element elementor-element-fb605d0 elementor-widget elementor-widget-spacer\" data-id=\"fb605d0\" data-element_type=\"widget\" data-e-type=\"widget\" data-widget_type=\"spacer.default\">\n\t\t\t\t<div class=\"elementor-widget-container\">\n\t\t\t\t\t\t\t<div class=\"elementor-spacer\">\n\t\t\t<div class=\"elementor-spacer-inner\"><\/div>\n\t\t<\/div>\n\t\t\t\t\t\t<\/div>\n\t\t\t\t<\/div>\n\t\t\t\t\t<\/div>\n\t\t\t\t<\/div>\n\t\t<div class=\"elementor-element elementor-element-fb931bf e-flex e-con-boxed e-con e-parent\" data-id=\"fb931bf\" data-element_type=\"container\" data-e-type=\"container\">\n\t\t\t\t\t<div class=\"e-con-inner\">\n\t\t\t\t<div class=\"elementor-element elementor-element-ca22903 elementor-widget elementor-widget-heading\" data-id=\"ca22903\" data-element_type=\"widget\" data-e-type=\"widget\" data-widget_type=\"heading.default\">\n\t\t\t\t<div class=\"elementor-widget-container\">\n\t\t\t\t\t<h1 class=\"elementor-heading-title elementor-size-default\">Conozca a los artistas<\/h1>\t\t\t\t<\/div>\n\t\t\t\t<\/div>\n\t\t\t\t\t<\/div>\n\t\t\t\t<\/div>\n\t\t<div class=\"elementor-element elementor-element-8d0f503 e-flex e-con-boxed e-con e-parent\" data-id=\"8d0f503\" data-element_type=\"container\" data-e-type=\"container\">\n\t\t\t\t\t<div class=\"e-con-inner\">\n\t\t<div class=\"elementor-element elementor-element-e1e4260 e-con-full e-flex e-con e-child\" data-id=\"e1e4260\" data-element_type=\"container\" data-e-type=\"container\">\n\t\t\t\t<div class=\"elementor-element elementor-element-357c2d3 elementor-widget elementor-widget-image\" data-id=\"357c2d3\" data-element_type=\"widget\" data-e-type=\"widget\" data-widget_type=\"image.default\">\n\t\t\t\t<div class=\"elementor-widget-container\">\n\t\t\t\t\t\t\t\t\t\t\t\t\t\t\t<img fetchpriority=\"high\" decoding=\"async\" width=\"1024\" height=\"1024\" src=\"https:\/\/thebelizecollection.com\/wp-content\/uploads\/2025\/09\/Loretto-1024x1024.jpg\" class=\"attachment-large size-large wp-image-69187\" alt=\"\" srcset=\"https:\/\/thebelizecollection.com\/wp-content\/uploads\/2025\/09\/Loretto-1024x1024.jpg 1024w, https:\/\/thebelizecollection.com\/wp-content\/uploads\/2025\/09\/Loretto-300x300.jpg 300w, https:\/\/thebelizecollection.com\/wp-content\/uploads\/2025\/09\/Loretto-150x150.jpg 150w, https:\/\/thebelizecollection.com\/wp-content\/uploads\/2025\/09\/Loretto-768x768.jpg 768w, https:\/\/thebelizecollection.com\/wp-content\/uploads\/2025\/09\/Loretto-1536x1536.jpg 1536w, https:\/\/thebelizecollection.com\/wp-content\/uploads\/2025\/09\/Loretto-500x500.jpg 500w, https:\/\/thebelizecollection.com\/wp-content\/uploads\/2025\/09\/Loretto-800x800.jpg 800w, https:\/\/thebelizecollection.com\/wp-content\/uploads\/2025\/09\/Loretto-1280x1280.jpg 1280w, https:\/\/thebelizecollection.com\/wp-content\/uploads\/2025\/09\/Loretto-1920x1920.jpg 1920w, https:\/\/thebelizecollection.com\/wp-content\/uploads\/2025\/09\/Loretto-650x650.jpg 650w, https:\/\/thebelizecollection.com\/wp-content\/uploads\/2025\/09\/Loretto-1300x1300.jpg 1300w, https:\/\/thebelizecollection.com\/wp-content\/uploads\/2025\/09\/Loretto.jpg 2048w\" sizes=\"(max-width: 1024px) 100vw, 1024px\" \/>\t\t\t\t\t\t\t\t\t\t\t\t\t\t\t<\/div>\n\t\t\t\t<\/div>\n\t\t\t\t<div class=\"elementor-element elementor-element-683182a elementor-widget elementor-widget-heading\" data-id=\"683182a\" data-element_type=\"widget\" data-e-type=\"widget\" data-widget_type=\"heading.default\">\n\t\t\t\t<div class=\"elementor-widget-container\">\n\t\t\t\t\t<h1 class=\"elementor-heading-title elementor-size-default\">Loretto Pelayo<\/h1>\t\t\t\t<\/div>\n\t\t\t\t<\/div>\n\t\t\t\t<\/div>\n\t\t<div class=\"elementor-element elementor-element-46cee05 e-con-full e-flex e-con e-child\" data-id=\"46cee05\" data-element_type=\"container\" data-e-type=\"container\">\n\t\t\t\t<div class=\"elementor-element elementor-element-e5004f3 elementor-widget elementor-widget-image\" data-id=\"e5004f3\" data-element_type=\"widget\" data-e-type=\"widget\" data-widget_type=\"image.default\">\n\t\t\t\t<div class=\"elementor-widget-container\">\n\t\t\t\t\t\t\t\t\t\t\t\t\t\t\t<img decoding=\"async\" width=\"1024\" height=\"1024\" src=\"https:\/\/thebelizecollection.com\/wp-content\/uploads\/2025\/09\/Ryan-1024x1024.jpg\" class=\"attachment-large size-large wp-image-69188\" alt=\"\" srcset=\"https:\/\/thebelizecollection.com\/wp-content\/uploads\/2025\/09\/Ryan-1024x1024.jpg 1024w, https:\/\/thebelizecollection.com\/wp-content\/uploads\/2025\/09\/Ryan-300x300.jpg 300w, https:\/\/thebelizecollection.com\/wp-content\/uploads\/2025\/09\/Ryan-150x150.jpg 150w, https:\/\/thebelizecollection.com\/wp-content\/uploads\/2025\/09\/Ryan-768x768.jpg 768w, https:\/\/thebelizecollection.com\/wp-content\/uploads\/2025\/09\/Ryan-1536x1536.jpg 1536w, https:\/\/thebelizecollection.com\/wp-content\/uploads\/2025\/09\/Ryan-500x500.jpg 500w, https:\/\/thebelizecollection.com\/wp-content\/uploads\/2025\/09\/Ryan-800x800.jpg 800w, https:\/\/thebelizecollection.com\/wp-content\/uploads\/2025\/09\/Ryan-1280x1280.jpg 1280w, https:\/\/thebelizecollection.com\/wp-content\/uploads\/2025\/09\/Ryan-1920x1920.jpg 1920w, https:\/\/thebelizecollection.com\/wp-content\/uploads\/2025\/09\/Ryan-650x650.jpg 650w, https:\/\/thebelizecollection.com\/wp-content\/uploads\/2025\/09\/Ryan-1300x1300.jpg 1300w, https:\/\/thebelizecollection.com\/wp-content\/uploads\/2025\/09\/Ryan.jpg 2048w\" sizes=\"(max-width: 1024px) 100vw, 1024px\" \/>\t\t\t\t\t\t\t\t\t\t\t\t\t\t\t<\/div>\n\t\t\t\t<\/div>\n\t\t\t\t<div class=\"elementor-element elementor-element-02f7894 elementor-widget elementor-widget-heading\" data-id=\"02f7894\" data-element_type=\"widget\" data-e-type=\"widget\" data-widget_type=\"heading.default\">\n\t\t\t\t<div class=\"elementor-widget-container\">\n\t\t\t\t\t<h1 class=\"elementor-heading-title elementor-size-default\">Ryan Delvin<\/h1>\t\t\t\t<\/div>\n\t\t\t\t<\/div>\n\t\t\t\t<\/div>\n\t\t<div class=\"elementor-element elementor-element-bd1a809 e-con-full e-flex e-con e-child\" data-id=\"bd1a809\" data-element_type=\"container\" data-e-type=\"container\">\n\t\t\t\t<div class=\"elementor-element elementor-element-c560199 elementor-widget elementor-widget-image\" data-id=\"c560199\" data-element_type=\"widget\" data-e-type=\"widget\" data-widget_type=\"image.default\">\n\t\t\t\t<div class=\"elementor-widget-container\">\n\t\t\t\t\t\t\t\t\t\t\t\t\t\t\t<img decoding=\"async\" width=\"1024\" height=\"1024\" src=\"https:\/\/thebelizecollection.com\/wp-content\/uploads\/2025\/09\/Ian-1024x1024.png\" class=\"attachment-large size-large wp-image-69189\" alt=\"\" srcset=\"https:\/\/thebelizecollection.com\/wp-content\/uploads\/2025\/09\/Ian-1024x1024.png 1024w, https:\/\/thebelizecollection.com\/wp-content\/uploads\/2025\/09\/Ian-300x300.png 300w, https:\/\/thebelizecollection.com\/wp-content\/uploads\/2025\/09\/Ian-150x150.png 150w, https:\/\/thebelizecollection.com\/wp-content\/uploads\/2025\/09\/Ian-768x768.png 768w, https:\/\/thebelizecollection.com\/wp-content\/uploads\/2025\/09\/Ian-500x500.png 500w, https:\/\/thebelizecollection.com\/wp-content\/uploads\/2025\/09\/Ian-800x800.png 800w, https:\/\/thebelizecollection.com\/wp-content\/uploads\/2025\/09\/Ian-650x650.png 650w, https:\/\/thebelizecollection.com\/wp-content\/uploads\/2025\/09\/Ian.png 1200w\" sizes=\"(max-width: 1024px) 100vw, 1024px\" \/>\t\t\t\t\t\t\t\t\t\t\t\t\t\t\t<\/div>\n\t\t\t\t<\/div>\n\t\t\t\t<div class=\"elementor-element elementor-element-84fd69f elementor-widget elementor-widget-heading\" data-id=\"84fd69f\" data-element_type=\"widget\" data-e-type=\"widget\" data-widget_type=\"heading.default\">\n\t\t\t\t<div class=\"elementor-widget-container\">\n\t\t\t\t\t<h1 class=\"elementor-heading-title elementor-size-default\">Ian Ashby<\/h1>\t\t\t\t<\/div>\n\t\t\t\t<\/div>\n\t\t\t\t<\/div>\n\t\t\t\t\t<\/div>\n\t\t\t\t<\/div>\n\t\t\t\t<\/div>\n\t\t","protected":false},"excerpt":{"rendered":"<p>Ritmos costeros Acomp\u00e1\u00f1enos en Paddle House, en The Lodge at Jaguar Reef, para Ritmos costeros, nuestra primera noche de jazz. Disfrute de una velada de m\u00fasica en directo suave con Loreto Pelayo, Ryan Delvin e Ian Ashby. Env\u00ede un WhatsApp o llame al (501) 615-2167 para reservar ahora. Ubicaci\u00f3n: Paddle House Fecha: 11 de octubre [&hellip;]<\/p>\n","protected":false},"author":4,"featured_media":69185,"parent":0,"menu_order":0,"comment_status":"closed","ping_status":"closed","template":"page-full-width.php","meta":{"_acf_changed":false,"_vp_format_video_url":"","_vp_image_focal_point":[],"footnotes":""},"categories":[199],"tags":[],"class_list":["post-69183","page","type-page","status-publish","has-post-thumbnail","hentry","category-encuentro-tbc"],"acf":[],"yoast_head":"<!-- This site is optimized with the Yoast SEO plugin v27.4 - https:\/\/yoast.com\/product\/yoast-seo-wordpress\/ -->\n<title>Ritmos costeros - The Belize Collection<\/title>\n<meta name=\"robots\" content=\"index, follow, max-snippet:-1, max-image-preview:large, max-video-preview:-1\" \/>\n<link rel=\"canonical\" href=\"https:\/\/thebelizecollection.com\/es\/ritmos-costeros\/\" \/>\n<meta property=\"og:locale\" content=\"es_ES\" \/>\n<meta property=\"og:type\" content=\"article\" \/>\n<meta property=\"og:title\" content=\"Ritmos costeros - The Belize Collection\" \/>\n<meta property=\"og:description\" content=\"Ritmos costeros Acomp\u00e1\u00f1enos en Paddle House, en The Lodge at Jaguar Reef, para Ritmos costeros, nuestra primera noche de jazz. Disfrute de una velada de m\u00fasica en directo suave con Loreto Pelayo, Ryan Delvin e Ian Ashby. Env\u00ede un WhatsApp o llame al (501) 615-2167 para reservar ahora. Ubicaci\u00f3n: Paddle House Fecha: 11 de octubre [&hellip;]\" \/>\n<meta property=\"og:url\" content=\"https:\/\/thebelizecollection.com\/es\/ritmos-costeros\/\" \/>\n<meta property=\"og:site_name\" content=\"The Belize Collection\" \/>\n<meta property=\"article:modified_time\" content=\"2026-03-16T23:37:47+00:00\" \/>\n<meta property=\"og:image\" content=\"https:\/\/thebelizecollection.com\/wp-content\/uploads\/2025\/09\/JRL-Jazz-Night-2048x1365-1.jpg\" \/>\n\t<meta property=\"og:image:width\" content=\"2048\" \/>\n\t<meta property=\"og:image:height\" content=\"1365\" \/>\n\t<meta property=\"og:image:type\" content=\"image\/jpeg\" \/>\n<meta name=\"twitter:card\" content=\"summary_large_image\" \/>\n<script type=\"application\/ld+json\" class=\"yoast-schema-graph\">{\"@context\":\"https:\\\/\\\/schema.org\",\"@graph\":[{\"@type\":\"WebPage\",\"@id\":\"https:\\\/\\\/thebelizecollection.com\\\/es\\\/ritmos-costeros\\\/\",\"url\":\"https:\\\/\\\/thebelizecollection.com\\\/es\\\/ritmos-costeros\\\/\",\"name\":\"Ritmos costeros - The Belize Collection\",\"isPartOf\":{\"@id\":\"https:\\\/\\\/thebelizecollection.com\\\/es\\\/#website\"},\"primaryImageOfPage\":{\"@id\":\"https:\\\/\\\/thebelizecollection.com\\\/es\\\/ritmos-costeros\\\/#primaryimage\"},\"image\":{\"@id\":\"https:\\\/\\\/thebelizecollection.com\\\/es\\\/ritmos-costeros\\\/#primaryimage\"},\"thumbnailUrl\":\"https:\\\/\\\/thebelizecollection.com\\\/wp-content\\\/uploads\\\/2025\\\/09\\\/JRL-Jazz-Night-2048x1365-1.jpg\",\"datePublished\":\"2025-09-19T14:51:22+00:00\",\"dateModified\":\"2026-03-16T23:37:47+00:00\",\"breadcrumb\":{\"@id\":\"https:\\\/\\\/thebelizecollection.com\\\/es\\\/ritmos-costeros\\\/#breadcrumb\"},\"inLanguage\":\"es\",\"potentialAction\":[{\"@type\":\"ReadAction\",\"target\":[\"https:\\\/\\\/thebelizecollection.com\\\/es\\\/ritmos-costeros\\\/\"]}]},{\"@type\":\"ImageObject\",\"inLanguage\":\"es\",\"@id\":\"https:\\\/\\\/thebelizecollection.com\\\/es\\\/ritmos-costeros\\\/#primaryimage\",\"url\":\"https:\\\/\\\/thebelizecollection.com\\\/wp-content\\\/uploads\\\/2025\\\/09\\\/JRL-Jazz-Night-2048x1365-1.jpg\",\"contentUrl\":\"https:\\\/\\\/thebelizecollection.com\\\/wp-content\\\/uploads\\\/2025\\\/09\\\/JRL-Jazz-Night-2048x1365-1.jpg\",\"width\":2048,\"height\":1365},{\"@type\":\"BreadcrumbList\",\"@id\":\"https:\\\/\\\/thebelizecollection.com\\\/es\\\/ritmos-costeros\\\/#breadcrumb\",\"itemListElement\":[{\"@type\":\"ListItem\",\"position\":1,\"name\":\"Home\",\"item\":\"https:\\\/\\\/thebelizecollection.com\\\/es\\\/the-belize-collection\\\/\"},{\"@type\":\"ListItem\",\"position\":2,\"name\":\"Ritmos costeros\"}]},{\"@type\":\"WebSite\",\"@id\":\"https:\\\/\\\/thebelizecollection.com\\\/es\\\/#website\",\"url\":\"https:\\\/\\\/thebelizecollection.com\\\/es\\\/\",\"name\":\"The Belize Collection\",\"description\":\"Everything Belize\",\"potentialAction\":[{\"@type\":\"SearchAction\",\"target\":{\"@type\":\"EntryPoint\",\"urlTemplate\":\"https:\\\/\\\/thebelizecollection.com\\\/es\\\/?s={search_term_string}\"},\"query-input\":{\"@type\":\"PropertyValueSpecification\",\"valueRequired\":true,\"valueName\":\"search_term_string\"}}],\"inLanguage\":\"es\"}]}<\/script>\n<!-- \/ Yoast SEO plugin. -->","yoast_head_json":{"title":"Ritmos costeros - The Belize Collection","robots":{"index":"index","follow":"follow","max-snippet":"max-snippet:-1","max-image-preview":"max-image-preview:large","max-video-preview":"max-video-preview:-1"},"canonical":"https:\/\/thebelizecollection.com\/es\/ritmos-costeros\/","og_locale":"es_ES","og_type":"article","og_title":"Ritmos costeros - The Belize Collection","og_description":"Ritmos costeros Acomp\u00e1\u00f1enos en Paddle House, en The Lodge at Jaguar Reef, para Ritmos costeros, nuestra primera noche de jazz. Disfrute de una velada de m\u00fasica en directo suave con Loreto Pelayo, Ryan Delvin e Ian Ashby. Env\u00ede un WhatsApp o llame al (501) 615-2167 para reservar ahora. Ubicaci\u00f3n: Paddle House Fecha: 11 de octubre [&hellip;]","og_url":"https:\/\/thebelizecollection.com\/es\/ritmos-costeros\/","og_site_name":"The Belize Collection","article_modified_time":"2026-03-16T23:37:47+00:00","og_image":[{"width":2048,"height":1365,"url":"https:\/\/thebelizecollection.com\/wp-content\/uploads\/2025\/09\/JRL-Jazz-Night-2048x1365-1.jpg","type":"image\/jpeg"}],"twitter_card":"summary_large_image","schema":{"@context":"https:\/\/schema.org","@graph":[{"@type":"WebPage","@id":"https:\/\/thebelizecollection.com\/es\/ritmos-costeros\/","url":"https:\/\/thebelizecollection.com\/es\/ritmos-costeros\/","name":"Ritmos costeros - The Belize Collection","isPartOf":{"@id":"https:\/\/thebelizecollection.com\/es\/#website"},"primaryImageOfPage":{"@id":"https:\/\/thebelizecollection.com\/es\/ritmos-costeros\/#primaryimage"},"image":{"@id":"https:\/\/thebelizecollection.com\/es\/ritmos-costeros\/#primaryimage"},"thumbnailUrl":"https:\/\/thebelizecollection.com\/wp-content\/uploads\/2025\/09\/JRL-Jazz-Night-2048x1365-1.jpg","datePublished":"2025-09-19T14:51:22+00:00","dateModified":"2026-03-16T23:37:47+00:00","breadcrumb":{"@id":"https:\/\/thebelizecollection.com\/es\/ritmos-costeros\/#breadcrumb"},"inLanguage":"es","potentialAction":[{"@type":"ReadAction","target":["https:\/\/thebelizecollection.com\/es\/ritmos-costeros\/"]}]},{"@type":"ImageObject","inLanguage":"es","@id":"https:\/\/thebelizecollection.com\/es\/ritmos-costeros\/#primaryimage","url":"https:\/\/thebelizecollection.com\/wp-content\/uploads\/2025\/09\/JRL-Jazz-Night-2048x1365-1.jpg","contentUrl":"https:\/\/thebelizecollection.com\/wp-content\/uploads\/2025\/09\/JRL-Jazz-Night-2048x1365-1.jpg","width":2048,"height":1365},{"@type":"BreadcrumbList","@id":"https:\/\/thebelizecollection.com\/es\/ritmos-costeros\/#breadcrumb","itemListElement":[{"@type":"ListItem","position":1,"name":"Home","item":"https:\/\/thebelizecollection.com\/es\/the-belize-collection\/"},{"@type":"ListItem","position":2,"name":"Ritmos costeros"}]},{"@type":"WebSite","@id":"https:\/\/thebelizecollection.com\/es\/#website","url":"https:\/\/thebelizecollection.com\/es\/","name":"The Belize Collection","description":"Everything Belize","potentialAction":[{"@type":"SearchAction","target":{"@type":"EntryPoint","urlTemplate":"https:\/\/thebelizecollection.com\/es\/?s={search_term_string}"},"query-input":{"@type":"PropertyValueSpecification","valueRequired":true,"valueName":"search_term_string"}}],"inLanguage":"es"}]}},"jetpack_sharing_enabled":true,"_links":{"self":[{"href":"https:\/\/thebelizecollection.com\/es\/wp-json\/wp\/v2\/pages\/69183","targetHints":{"allow":["GET"]}}],"collection":[{"href":"https:\/\/thebelizecollection.com\/es\/wp-json\/wp\/v2\/pages"}],"about":[{"href":"https:\/\/thebelizecollection.com\/es\/wp-json\/wp\/v2\/types\/page"}],"author":[{"embeddable":true,"href":"https:\/\/thebelizecollection.com\/es\/wp-json\/wp\/v2\/users\/4"}],"replies":[{"embeddable":true,"href":"https:\/\/thebelizecollection.com\/es\/wp-json\/wp\/v2\/comments?post=69183"}],"version-history":[{"count":2,"href":"https:\/\/thebelizecollection.com\/es\/wp-json\/wp\/v2\/pages\/69183\/revisions"}],"predecessor-version":[{"id":69230,"href":"https:\/\/thebelizecollection.com\/es\/wp-json\/wp\/v2\/pages\/69183\/revisions\/69230"}],"wp:featuredmedia":[{"embeddable":true,"href":"https:\/\/thebelizecollection.com\/es\/wp-json\/wp\/v2\/media\/69185"}],"wp:attachment":[{"href":"https:\/\/thebelizecollection.com\/es\/wp-json\/wp\/v2\/media?parent=69183"}],"wp:term":[{"taxonomy":"category","embeddable":true,"href":"https:\/\/thebelizecollection.com\/es\/wp-json\/wp\/v2\/categories?post=69183"},{"taxonomy":"post_tag","embeddable":true,"href":"https:\/\/thebelizecollection.com\/es\/wp-json\/wp\/v2\/tags?post=69183"}],"curies":[{"name":"wp","href":"https:\/\/api.w.org\/{rel}","templated":true}]}}