{"id":69264,"date":"2025-09-17T14:21:33","date_gmt":"2025-09-17T20:21:33","guid":{"rendered":"https:\/\/thebelizecollection.com\/descubra-el-mundo-maya\/"},"modified":"2026-03-16T17:48:32","modified_gmt":"2026-03-16T23:48:32","slug":"descubra-el-mundo-maya","status":"publish","type":"page","link":"https:\/\/thebelizecollection.com\/es\/descubra-el-mundo-maya\/","title":{"rendered":"Descubra el Mundo Maya"},"content":{"rendered":"\t\t<div data-elementor-type=\"wp-page\" data-elementor-id=\"69264\" class=\"elementor elementor-69264 elementor-63294\" data-elementor-post-type=\"page\">\n\t\t\t\t<div class=\"elementor-element elementor-element-099a814 e-con-full elementor-hidden-mobile e-flex e-con e-parent\" data-id=\"099a814\" data-element_type=\"container\" data-e-type=\"container\" data-settings=\"{&quot;background_background&quot;:&quot;classic&quot;}\">\n\t\t\t\t<\/div>\n\t\t<div class=\"elementor-element elementor-element-7b4ae98 e-flex e-con-boxed e-con e-parent\" data-id=\"7b4ae98\" data-element_type=\"container\" data-e-type=\"container\">\n\t\t\t\t\t<div class=\"e-con-inner\">\n\t\t<div class=\"elementor-element elementor-element-dd51f1e e-con-full e-flex e-con e-child\" data-id=\"dd51f1e\" data-element_type=\"container\" data-e-type=\"container\" data-settings=\"{&quot;background_background&quot;:&quot;classic&quot;}\">\n\t\t\t\t<\/div>\n\t\t<div class=\"elementor-element elementor-element-c56142c e-con-full e-flex e-con e-child\" data-id=\"c56142c\" data-element_type=\"container\" data-e-type=\"container\">\n\t\t\t\t<div class=\"elementor-element elementor-element-bd08f74 elementor-widget elementor-widget-heading\" data-id=\"bd08f74\" data-element_type=\"widget\" data-e-type=\"widget\" data-widget_type=\"heading.default\">\n\t\t\t\t<div class=\"elementor-widget-container\">\n\t\t\t\t\t<h1 class=\"elementor-heading-title elementor-size-default\">Descubra el Mundo Maya<\/h1>\t\t\t\t<\/div>\n\t\t\t\t<\/div>\n\t\t\t\t<div class=\"elementor-element elementor-element-cb0c736 elementor-widget elementor-widget-heading\" data-id=\"cb0c736\" data-element_type=\"widget\" data-e-type=\"widget\" data-widget_type=\"heading.default\">\n\t\t\t\t<div class=\"elementor-widget-container\">\n\t\t\t\t\t<h3 class=\"elementor-heading-title elementor-size-default\">Descubra los Secretos de Centroam\u00e9rica<\/h3>\t\t\t\t<\/div>\n\t\t\t\t<\/div>\n\t\t\t\t<div class=\"elementor-element elementor-element-14bac4c elementor-widget elementor-widget-text-editor\" data-id=\"14bac4c\" data-element_type=\"widget\" data-e-type=\"widget\" data-widget_type=\"text-editor.default\">\n\t\t\t\t<div class=\"elementor-widget-container\">\n\t\t\t\t\t\t\t\t\t<div class=\"elementor-element elementor-element-3fd73d8 elementor-widget elementor-widget-text-editor\" data-id=\"3fd73d8\" data-element_type=\"widget\" data-widget_type=\"text-editor.default\"><div class=\"elementor-widget-container\"><span class=\"TextRun SCXW125948553 BCX0\" lang=\"EN-BZ\" xml:lang=\"EN-BZ\" data-contrast=\"auto\"><span class=\"NormalTextRun SCXW125948553 BCX0\">Con este paquete vacacional, <\/span><span class=\"NormalTextRun SCXW125948553 BCX0\">su aventura comienza en<\/span> <span class=\"NormalTextRun SCXW125948553 BCX0\">el lago Pet\u00e9n Itz\u00e1<\/span><span class=\"NormalTextRun SCXW125948553 BCX0\"> en Guatemala<\/span><span class=\"NormalTextRun SCXW125948553 BCX0\">,<\/span> <span class=\"NormalTextRun SCXW125948553 BCX0\">envuelto en una serena tranquilidad. Una vez cruzada la frontera, su viaje le llevar\u00e1 a<\/span> <span class=\"NormalTextRun SCXW125948553 BCX0\"> la <\/span><span class=\"NormalTextRun SCXW125948553 BCX0\">exuberante<\/span><span class=\"NormalTextRun SCXW125948553 BCX0\"> selva<\/span><span class=\"NormalTextRun SCXW125948553 BCX0\"> de Belice<\/span><span class=\"NormalTextRun SCXW125948553 BCX0\">, donde <\/span><span class=\"NormalTextRun SCXW125948553 BCX0\">podr\u00e1<\/span><span class=\"NormalTextRun SCXW125948553 BCX0\"> desconectar<\/span><span class=\"NormalTextRun SCXW125948553 BCX0\"> del<\/span><span class=\"NormalTextRun SCXW125948553 BCX0\"> estr\u00e9s diario<\/span><span class=\"NormalTextRun SCXW125948553 BCX0\">. <\/span><span class=\"NormalTextRun SCXW125948553 BCX0\">Dise\u00f1adas para<\/span><span class=\"NormalTextRun SCXW125948553 BCX0\"> el viajero curioso<\/span><span class=\"NormalTextRun SCXW125948553 BCX0\">, <\/span><span class=\"NormalTextRun SCXW125948553 BCX0\">estas actividades se adentran en el Mundo Maya<\/span><span class=\"NormalTextRun SCXW125948553 BCX0\"> que se extiende por Centroam\u00e9rica.<\/span><\/span><\/div><\/div>\t\t\t\t\t\t\t\t<\/div>\n\t\t\t\t<\/div>\n\t\t\t\t<div class=\"elementor-element elementor-element-87e31eb elementor-widget elementor-widget-heading\" data-id=\"87e31eb\" data-element_type=\"widget\" data-e-type=\"widget\" data-widget_type=\"heading.default\">\n\t\t\t\t<div class=\"elementor-widget-container\">\n\t\t\t\t\t<h2 class=\"elementor-heading-title elementor-size-default\">Incluido en esta experiencia:<\/h2>\t\t\t\t<\/div>\n\t\t\t\t<\/div>\n\t\t\t\t<div class=\"elementor-element elementor-element-12eab30 elementor-widget elementor-widget-text-editor\" data-id=\"12eab30\" data-element_type=\"widget\" data-e-type=\"widget\" data-widget_type=\"text-editor.default\">\n\t\t\t\t<div class=\"elementor-widget-container\">\n\t\t\t\t\t\t\t\t\t<p aria-level=\"3\"><strong>En Bolontiku <\/strong><\/p><ul><li><span data-contrast=\"auto\">Traslado por carretera desde el Aeropuerto Internacional de Flores hasta el muelle del lago, seguido de traslado en barco al hotel<\/span><span data-ccp-props=\"{}\"> <\/span><\/li><li><span data-contrast=\"auto\">3 noches en una Suite con vistas al jard\u00edn o Suite con vistas al lago<\/span><span data-ccp-props=\"{}\"> <\/span><\/li><li><span data-contrast=\"auto\">Desayuno diario de 2 platos y cena de 3 platos con zumo y caf\u00e9<\/span><span data-ccp-props=\"{}\"> <\/span><\/li><li><span data-contrast=\"auto\">Tour arqueol\u00f3gico de Tikal de d\u00eda completo para dos<\/span><span data-ccp-props=\"{}\"> <\/span><\/li><li><span data-contrast=\"auto\">Tour arqueol\u00f3gico de Tayasal de medio d\u00eda para dos<\/span><span data-ccp-props=\"{}\"> <\/span><\/li><li><span data-contrast=\"auto\">Tour a pie por la ciudad de Flores, Guatemala<\/span><span data-ccp-props=\"{}\"> <\/span><\/li><li><span data-contrast=\"auto\">Traslado privado de Bolontiku a la frontera occidental de Belice\/Guatemala<\/span><span data-ccp-props=\"{}\"> <\/span><\/li><\/ul><p aria-level=\"3\"><strong>En The Rainforest Lodge at Sleeping Giant <\/strong><\/p><ul><li><span data-contrast=\"auto\">Traslado privado por carretera desde la frontera occidental de Belice\/Guatemala <\/span><span data-ccp-props=\"{}\"> <\/span><\/li><li><span data-contrast=\"auto\">Estancia de 3 a 4 noches en una Suite con vistas al r\u00edo o Suite con vistas a la monta\u00f1a con piscina de inmersi\u00f3n<\/span><span data-ccp-props=\"{}\"> <\/span><\/li><li><span data-contrast=\"auto\">Desayuno diario de 1 plato, almuerzo de 2 platos y cena de 3 platos con zumo, caf\u00e9 y agua<\/span><span data-ccp-props=\"{}\"> <\/span><\/li><li><span data-contrast=\"auto\">Clase de cocina maya para dos. <\/span><span data-ccp-props=\"{}\"> <\/span><ul><li><i><span data-contrast=\"auto\">El tour es personalizable. Los hu\u00e9spedes tambi\u00e9n pueden elegir entre el Tour a caballo o el Tour a la cueva ceremonial. <\/span><\/i><span data-ccp-props=\"{}\"> <\/span><\/li><\/ul><\/li><li><span data-contrast=\"auto\">Traslado privado desde The Rainforest Lodge at Sleeping Giant al Aeropuerto Internacional de Belice<\/span><span data-ccp-props=\"{}\"> <\/span><\/li><\/ul>\t\t\t\t\t\t\t\t<\/div>\n\t\t\t\t<\/div>\n\t\t\t\t<div class=\"elementor-element elementor-element-570ddb8 elementor-widget elementor-widget-heading\" data-id=\"570ddb8\" data-element_type=\"widget\" data-e-type=\"widget\" data-widget_type=\"heading.default\">\n\t\t\t\t<div class=\"elementor-widget-container\">\n\t\t\t\t\t<h2 class=\"elementor-heading-title elementor-size-default\">Precio a partir de 6.000 $ USD<\/h2>\t\t\t\t<\/div>\n\t\t\t\t<\/div>\n\t\t\t\t<div class=\"elementor-element elementor-element-ca2a751 elementor-widget elementor-widget-text-editor\" data-id=\"ca2a751\" data-element_type=\"widget\" data-e-type=\"widget\" data-widget_type=\"text-editor.default\">\n\t\t\t\t<div class=\"elementor-widget-container\">\n\t\t\t\t\t\t\t\t\t<ul><li><span data-contrast=\"auto\">Incluye todos los impuestos y tasas<\/span><span data-ccp-props=\"{\"201341983\":0,\"335559739\":0,\"335559740\":240}\"> <\/span><\/li><li><span data-contrast=\"auto\">El precio est\u00e1 en USD y se basa en ocupaci\u00f3n doble<\/span><span data-ccp-props=\"{\"201341983\":0,\"335559739\":0,\"335559740\":240}\"> <\/span><\/li><li><span data-contrast=\"auto\">Las porciones no utilizadas del paquete no se pueden reclamar como cr\u00e9dito<\/span><span data-ccp-props=\"{\"201341983\":0,\"335559739\":0,\"335559740\":240}\"> <\/span><\/li><li><span data-contrast=\"auto\">Pueden aplicarse otras condiciones<\/span><span data-ccp-props=\"{\"201341983\":0,\"335559739\":0,\"335559740\":240}\"> <\/span><\/li><\/ul>\t\t\t\t\t\t\t\t<\/div>\n\t\t\t\t<\/div>\n\t\t<div class=\"elementor-element elementor-element-6835a3e e-grid e-con-full e-con e-child\" data-id=\"6835a3e\" data-element_type=\"container\" data-e-type=\"container\">\n\t\t\t\t<div class=\"elementor-element elementor-element-35a6f72 elementor-align-left elementor-widget elementor-widget-button\" data-id=\"35a6f72\" data-element_type=\"widget\" data-e-type=\"widget\" data-widget_type=\"button.default\">\n\t\t\t\t<div class=\"elementor-widget-container\">\n\t\t\t\t\t\t\t\t\t<div class=\"elementor-button-wrapper\">\n\t\t\t\t\t<a class=\"elementor-button elementor-button-link elementor-size-sm\" href=\"https:\/\/thebelizecollection.com\/es\/contacto\/\">\n\t\t\t\t\t\t<span class=\"elementor-button-content-wrapper\">\n\t\t\t\t\t\t\t\t\t<span class=\"elementor-button-text\">CONTACTO<\/span>\n\t\t\t\t\t<\/span>\n\t\t\t\t\t<\/a>\n\t\t\t\t<\/div>\n\t\t\t\t\t\t\t\t<\/div>\n\t\t\t\t<\/div>\n\t\t\t\t<div class=\"elementor-element elementor-element-9019179 elementor-align-left elementor-widget elementor-widget-button\" data-id=\"9019179\" data-element_type=\"widget\" data-e-type=\"widget\" data-widget_type=\"button.default\">\n\t\t\t\t<div class=\"elementor-widget-container\">\n\t\t\t\t\t\t\t\t\t<div class=\"elementor-button-wrapper\">\n\t\t\t\t\t<a class=\"elementor-button elementor-button-link elementor-size-sm\" href=\"https:\/\/thebelizecollection.com\/vacation-packages\/\">\n\t\t\t\t\t\t<span class=\"elementor-button-content-wrapper\">\n\t\t\t\t\t\t<span class=\"elementor-button-icon\">\n\t\t\t\t<svg aria-hidden=\"true\" class=\"e-font-icon-svg e-fas-arrow-left\" viewBox=\"0 0 448 512\" xmlns=\"http:\/\/www.w3.org\/2000\/svg\"><path d=\"M257.5 445.1l-22.2 22.2c-9.4 9.4-24.6 9.4-33.9 0L7 273c-9.4-9.4-9.4-24.6 0-33.9L201.4 44.7c9.4-9.4 24.6-9.4 33.9 0l22.2 22.2c9.5 9.5 9.3 25-.4 34.3L136.6 216H424c13.3 0 24 10.7 24 24v32c0 13.3-10.7 24-24 24H136.6l120.5 114.8c9.8 9.3 10 24.8.4 34.3z\"><\/path><\/svg>\t\t\t<\/span>\n\t\t\t\t\t\t\t\t\t<span class=\"elementor-button-text\">VER PAQUETES DE VACACIONES<\/span>\n\t\t\t\t\t<\/span>\n\t\t\t\t\t<\/a>\n\t\t\t\t<\/div>\n\t\t\t\t\t\t\t\t<\/div>\n\t\t\t\t<\/div>\n\t\t\t\t<\/div>\n\t\t\t\t<\/div>\n\t\t\t\t\t<\/div>\n\t\t\t\t<\/div>\n\t\t\t\t<\/div>\n\t\t","protected":false},"excerpt":{"rendered":"<p>Descubra el Mundo Maya Descubra los Secretos de Centroam\u00e9rica Con este paquete vacacional, su aventura comienza en el lago Pet\u00e9n Itz\u00e1 en Guatemala, envuelto en una serena tranquilidad. Una vez cruzada la frontera, su viaje le llevar\u00e1 a la exuberante selva de Belice, donde podr\u00e1 desconectar del estr\u00e9s diario. Dise\u00f1adas para el viajero curioso, estas [&hellip;]<\/p>\n","protected":false},"author":4,"featured_media":0,"parent":0,"menu_order":0,"comment_status":"closed","ping_status":"closed","template":"page-full-width.php","meta":{"_acf_changed":false,"_vp_format_video_url":"","_vp_image_focal_point":[],"footnotes":""},"categories":[],"tags":[],"class_list":["post-69264","page","type-page","status-publish","hentry"],"acf":[],"yoast_head":"<!-- This site is optimized with the Yoast SEO plugin v27.4 - https:\/\/yoast.com\/product\/yoast-seo-wordpress\/ -->\n<title>Descubra el Mundo Maya - The Belize Collection<\/title>\n<meta name=\"robots\" content=\"index, follow, max-snippet:-1, max-image-preview:large, max-video-preview:-1\" \/>\n<link rel=\"canonical\" href=\"https:\/\/thebelizecollection.com\/es\/descubra-el-mundo-maya\/\" \/>\n<meta property=\"og:locale\" content=\"es_ES\" \/>\n<meta property=\"og:type\" content=\"article\" \/>\n<meta property=\"og:title\" content=\"Descubra el Mundo Maya - The Belize Collection\" \/>\n<meta property=\"og:description\" content=\"Descubra el Mundo Maya Descubra los Secretos de Centroam\u00e9rica Con este paquete vacacional, su aventura comienza en el lago Pet\u00e9n Itz\u00e1 en Guatemala, envuelto en una serena tranquilidad. Una vez cruzada la frontera, su viaje le llevar\u00e1 a la exuberante selva de Belice, donde podr\u00e1 desconectar del estr\u00e9s diario. Dise\u00f1adas para el viajero curioso, estas [&hellip;]\" \/>\n<meta property=\"og:url\" content=\"https:\/\/thebelizecollection.com\/es\/descubra-el-mundo-maya\/\" \/>\n<meta property=\"og:site_name\" content=\"The Belize Collection\" \/>\n<meta property=\"article:modified_time\" content=\"2026-03-16T23:48:32+00:00\" \/>\n<meta name=\"twitter:card\" content=\"summary_large_image\" \/>\n<meta name=\"twitter:label1\" content=\"Tiempo de lectura\" \/>\n\t<meta name=\"twitter:data1\" content=\"2 minutos\" \/>\n<script type=\"application\/ld+json\" class=\"yoast-schema-graph\">{\"@context\":\"https:\\\/\\\/schema.org\",\"@graph\":[{\"@type\":\"WebPage\",\"@id\":\"https:\\\/\\\/thebelizecollection.com\\\/es\\\/descubra-el-mundo-maya\\\/\",\"url\":\"https:\\\/\\\/thebelizecollection.com\\\/es\\\/descubra-el-mundo-maya\\\/\",\"name\":\"Descubra el Mundo Maya - The Belize Collection\",\"isPartOf\":{\"@id\":\"https:\\\/\\\/thebelizecollection.com\\\/es\\\/#website\"},\"datePublished\":\"2025-09-17T20:21:33+00:00\",\"dateModified\":\"2026-03-16T23:48:32+00:00\",\"breadcrumb\":{\"@id\":\"https:\\\/\\\/thebelizecollection.com\\\/es\\\/descubra-el-mundo-maya\\\/#breadcrumb\"},\"inLanguage\":\"es\",\"potentialAction\":[{\"@type\":\"ReadAction\",\"target\":[\"https:\\\/\\\/thebelizecollection.com\\\/es\\\/descubra-el-mundo-maya\\\/\"]}]},{\"@type\":\"BreadcrumbList\",\"@id\":\"https:\\\/\\\/thebelizecollection.com\\\/es\\\/descubra-el-mundo-maya\\\/#breadcrumb\",\"itemListElement\":[{\"@type\":\"ListItem\",\"position\":1,\"name\":\"Home\",\"item\":\"https:\\\/\\\/thebelizecollection.com\\\/es\\\/the-belize-collection\\\/\"},{\"@type\":\"ListItem\",\"position\":2,\"name\":\"Descubra el Mundo Maya\"}]},{\"@type\":\"WebSite\",\"@id\":\"https:\\\/\\\/thebelizecollection.com\\\/es\\\/#website\",\"url\":\"https:\\\/\\\/thebelizecollection.com\\\/es\\\/\",\"name\":\"The Belize Collection\",\"description\":\"Everything Belize\",\"potentialAction\":[{\"@type\":\"SearchAction\",\"target\":{\"@type\":\"EntryPoint\",\"urlTemplate\":\"https:\\\/\\\/thebelizecollection.com\\\/es\\\/?s={search_term_string}\"},\"query-input\":{\"@type\":\"PropertyValueSpecification\",\"valueRequired\":true,\"valueName\":\"search_term_string\"}}],\"inLanguage\":\"es\"}]}<\/script>\n<!-- \/ Yoast SEO plugin. -->","yoast_head_json":{"title":"Descubra el Mundo Maya - The Belize Collection","robots":{"index":"index","follow":"follow","max-snippet":"max-snippet:-1","max-image-preview":"max-image-preview:large","max-video-preview":"max-video-preview:-1"},"canonical":"https:\/\/thebelizecollection.com\/es\/descubra-el-mundo-maya\/","og_locale":"es_ES","og_type":"article","og_title":"Descubra el Mundo Maya - The Belize Collection","og_description":"Descubra el Mundo Maya Descubra los Secretos de Centroam\u00e9rica Con este paquete vacacional, su aventura comienza en el lago Pet\u00e9n Itz\u00e1 en Guatemala, envuelto en una serena tranquilidad. Una vez cruzada la frontera, su viaje le llevar\u00e1 a la exuberante selva de Belice, donde podr\u00e1 desconectar del estr\u00e9s diario. Dise\u00f1adas para el viajero curioso, estas [&hellip;]","og_url":"https:\/\/thebelizecollection.com\/es\/descubra-el-mundo-maya\/","og_site_name":"The Belize Collection","article_modified_time":"2026-03-16T23:48:32+00:00","twitter_card":"summary_large_image","twitter_misc":{"Tiempo de lectura":"2 minutos"},"schema":{"@context":"https:\/\/schema.org","@graph":[{"@type":"WebPage","@id":"https:\/\/thebelizecollection.com\/es\/descubra-el-mundo-maya\/","url":"https:\/\/thebelizecollection.com\/es\/descubra-el-mundo-maya\/","name":"Descubra el Mundo Maya - The Belize Collection","isPartOf":{"@id":"https:\/\/thebelizecollection.com\/es\/#website"},"datePublished":"2025-09-17T20:21:33+00:00","dateModified":"2026-03-16T23:48:32+00:00","breadcrumb":{"@id":"https:\/\/thebelizecollection.com\/es\/descubra-el-mundo-maya\/#breadcrumb"},"inLanguage":"es","potentialAction":[{"@type":"ReadAction","target":["https:\/\/thebelizecollection.com\/es\/descubra-el-mundo-maya\/"]}]},{"@type":"BreadcrumbList","@id":"https:\/\/thebelizecollection.com\/es\/descubra-el-mundo-maya\/#breadcrumb","itemListElement":[{"@type":"ListItem","position":1,"name":"Home","item":"https:\/\/thebelizecollection.com\/es\/the-belize-collection\/"},{"@type":"ListItem","position":2,"name":"Descubra el Mundo Maya"}]},{"@type":"WebSite","@id":"https:\/\/thebelizecollection.com\/es\/#website","url":"https:\/\/thebelizecollection.com\/es\/","name":"The Belize Collection","description":"Everything Belize","potentialAction":[{"@type":"SearchAction","target":{"@type":"EntryPoint","urlTemplate":"https:\/\/thebelizecollection.com\/es\/?s={search_term_string}"},"query-input":{"@type":"PropertyValueSpecification","valueRequired":true,"valueName":"search_term_string"}}],"inLanguage":"es"}]}},"jetpack_sharing_enabled":true,"_links":{"self":[{"href":"https:\/\/thebelizecollection.com\/es\/wp-json\/wp\/v2\/pages\/69264","targetHints":{"allow":["GET"]}}],"collection":[{"href":"https:\/\/thebelizecollection.com\/es\/wp-json\/wp\/v2\/pages"}],"about":[{"href":"https:\/\/thebelizecollection.com\/es\/wp-json\/wp\/v2\/types\/page"}],"author":[{"embeddable":true,"href":"https:\/\/thebelizecollection.com\/es\/wp-json\/wp\/v2\/users\/4"}],"replies":[{"embeddable":true,"href":"https:\/\/thebelizecollection.com\/es\/wp-json\/wp\/v2\/comments?post=69264"}],"version-history":[{"count":1,"href":"https:\/\/thebelizecollection.com\/es\/wp-json\/wp\/v2\/pages\/69264\/revisions"}],"predecessor-version":[{"id":69284,"href":"https:\/\/thebelizecollection.com\/es\/wp-json\/wp\/v2\/pages\/69264\/revisions\/69284"}],"wp:attachment":[{"href":"https:\/\/thebelizecollection.com\/es\/wp-json\/wp\/v2\/media?parent=69264"}],"wp:term":[{"taxonomy":"category","embeddable":true,"href":"https:\/\/thebelizecollection.com\/es\/wp-json\/wp\/v2\/categories?post=69264"},{"taxonomy":"post_tag","embeddable":true,"href":"https:\/\/thebelizecollection.com\/es\/wp-json\/wp\/v2\/tags?post=69264"}],"curies":[{"name":"wp","href":"https:\/\/api.w.org\/{rel}","templated":true}]}}