{"id":69321,"date":"2025-08-13T11:34:19","date_gmt":"2025-08-13T17:34:19","guid":{"rendered":"https:\/\/thebelizecollection.com\/mini-lobster-fest-y-mercado-artesanal\/"},"modified":"2026-03-17T07:19:33","modified_gmt":"2026-03-17T13:19:33","slug":"mini-lobster-fest-y-mercado-artesanal","status":"publish","type":"page","link":"https:\/\/thebelizecollection.com\/es\/mini-lobster-fest-y-mercado-artesanal\/","title":{"rendered":"Mini Lobster Fest y mercado artesanal"},"content":{"rendered":"\t\t<div data-elementor-type=\"wp-page\" data-elementor-id=\"69321\" class=\"elementor elementor-69321 elementor-62101\" data-elementor-post-type=\"page\">\n\t\t\t\t<div class=\"elementor-element elementor-element-f8281b3 e-con-full e-flex e-con e-parent\" data-id=\"f8281b3\" data-element_type=\"container\" data-e-type=\"container\" data-settings=\"{&quot;background_background&quot;:&quot;classic&quot;}\">\n\t\t\t\t<\/div>\n\t\t<div class=\"elementor-element elementor-element-e44afdd e-flex e-con-boxed e-con e-parent\" data-id=\"e44afdd\" data-element_type=\"container\" data-e-type=\"container\">\n\t\t\t\t\t<div class=\"e-con-inner\">\n\t\t\t\t<div class=\"elementor-element elementor-element-3ca3843 elementor-widget elementor-widget-spacer\" data-id=\"3ca3843\" data-element_type=\"widget\" data-e-type=\"widget\" data-widget_type=\"spacer.default\">\n\t\t\t\t<div class=\"elementor-widget-container\">\n\t\t\t\t\t\t\t<div class=\"elementor-spacer\">\n\t\t\t<div class=\"elementor-spacer-inner\"><\/div>\n\t\t<\/div>\n\t\t\t\t\t\t<\/div>\n\t\t\t\t<\/div>\n\t\t\t\t\t<\/div>\n\t\t\t\t<\/div>\n\t\t<div class=\"elementor-element elementor-element-91f727c e-flex e-con-boxed e-con e-parent\" data-id=\"91f727c\" data-element_type=\"container\" data-e-type=\"container\">\n\t\t\t\t\t<div class=\"e-con-inner\">\n\t\t\t\t<div class=\"elementor-element elementor-element-7032c7f elementor-widget elementor-widget-heading\" data-id=\"7032c7f\" data-element_type=\"widget\" data-e-type=\"widget\" data-widget_type=\"heading.default\">\n\t\t\t\t<div class=\"elementor-widget-container\">\n\t\t\t\t\t<h1 class=\"elementor-heading-title elementor-size-default\">Mini Lobster Fest y mercado artesanal<\/h1>\t\t\t\t<\/div>\n\t\t\t\t<\/div>\n\t\t\t\t\t<\/div>\n\t\t\t\t<\/div>\n\t\t<div class=\"elementor-element elementor-element-3b44373 e-flex e-con-boxed e-con e-parent\" data-id=\"3b44373\" data-element_type=\"container\" data-e-type=\"container\">\n\t\t\t\t\t<div class=\"e-con-inner\">\n\t\t<div class=\"elementor-element elementor-element-9669da9 e-con-full e-flex e-con e-child\" data-id=\"9669da9\" data-element_type=\"container\" data-e-type=\"container\" data-settings=\"{&quot;background_background&quot;:&quot;classic&quot;}\">\n\t\t\t\t<div class=\"elementor-element elementor-element-0b4fa11 elementor-widget elementor-widget-spacer\" data-id=\"0b4fa11\" data-element_type=\"widget\" data-e-type=\"widget\" data-widget_type=\"spacer.default\">\n\t\t\t\t<div class=\"elementor-widget-container\">\n\t\t\t\t\t\t\t<div class=\"elementor-spacer\">\n\t\t\t<div class=\"elementor-spacer-inner\"><\/div>\n\t\t<\/div>\n\t\t\t\t\t\t<\/div>\n\t\t\t\t<\/div>\n\t\t\t\t<\/div>\n\t\t<div class=\"elementor-element elementor-element-60d1894 e-con-full e-flex e-con e-child\" data-id=\"60d1894\" data-element_type=\"container\" data-e-type=\"container\">\n\t\t\t\t<div class=\"elementor-element elementor-element-75d2e05 elementor-widget elementor-widget-heading\" data-id=\"75d2e05\" data-element_type=\"widget\" data-e-type=\"widget\" data-widget_type=\"heading.default\">\n\t\t\t\t<div class=\"elementor-widget-container\">\n\t\t\t\t\t<h1 class=\"elementor-heading-title elementor-size-default\">Batalla de cocteler\u00eda<\/h1>\t\t\t\t<\/div>\n\t\t\t\t<\/div>\n\t\t\t\t<div class=\"elementor-element elementor-element-ca3601b elementor-widget elementor-widget-text-editor\" data-id=\"ca3601b\" data-element_type=\"widget\" data-e-type=\"widget\" data-widget_type=\"text-editor.default\">\n\t\t\t\t<div class=\"elementor-widget-container\">\n\t\t\t\t\t\t\t\t\t<div class=\"elementor-element elementor-element-3fd73d8 elementor-widget elementor-widget-text-editor\" data-id=\"3fd73d8\" data-element_type=\"widget\" data-widget_type=\"text-editor.default\"><div class=\"elementor-widget-container\">\u00a1Acomp\u00e1\u00f1enos mientras tres extraordinarios bartenders se enfrentan en la gran final de la Batalla de cocteler\u00eda! Su objetivo final: ser nombrados Maestros Mix\u00f3logos y obtener el prestigio no solo para ellos, sino tambi\u00e9n para el complejo que representan. Los tres complejos que participan en la competici\u00f3n son The Rainforest Lodge at Sleeping Giant, The Lodge at Jaguar Reef y Umaya Resort. Mientras el jurado delibera, sea testigo del choque de creatividad, destreza y pasi\u00f3n en los c\u00f3cteles, mientras los campeones vigentes de cada complejo demuestran su talento tras la barra. Tanto si es un experto en c\u00f3cteles, un aspirante a mix\u00f3logo o simplemente busca una forma divertida de pasar el fin de semana, este evento promete ser una emocionante celebraci\u00f3n del arte de la cocteler\u00eda.    <\/div><\/div>\t\t\t\t\t\t\t\t<\/div>\n\t\t\t\t<\/div>\n\t\t\t\t<\/div>\n\t\t\t\t\t<\/div>\n\t\t\t\t<\/div>\n\t\t<div class=\"elementor-element elementor-element-1ec4d11 e-flex e-con-boxed e-con e-parent\" data-id=\"1ec4d11\" data-element_type=\"container\" data-e-type=\"container\">\n\t\t\t\t\t<div class=\"e-con-inner\">\n\t\t\t\t<div class=\"elementor-element elementor-element-345dc2d elementor-widget elementor-widget-spacer\" data-id=\"345dc2d\" data-element_type=\"widget\" data-e-type=\"widget\" data-widget_type=\"spacer.default\">\n\t\t\t\t<div class=\"elementor-widget-container\">\n\t\t\t\t\t\t\t<div class=\"elementor-spacer\">\n\t\t\t<div class=\"elementor-spacer-inner\"><\/div>\n\t\t<\/div>\n\t\t\t\t\t\t<\/div>\n\t\t\t\t<\/div>\n\t\t\t\t\t<\/div>\n\t\t\t\t<\/div>\n\t\t<div class=\"elementor-element elementor-element-803a7f8 e-flex e-con-boxed e-con e-parent\" data-id=\"803a7f8\" data-element_type=\"container\" data-e-type=\"container\">\n\t\t\t\t\t<div class=\"e-con-inner\">\n\t\t<div class=\"elementor-element elementor-element-e31c580 e-con-full e-flex e-con e-child\" data-id=\"e31c580\" data-element_type=\"container\" data-e-type=\"container\">\n\t\t\t\t<div class=\"elementor-element elementor-element-f23ac72 elementor-widget elementor-widget-heading\" data-id=\"f23ac72\" data-element_type=\"widget\" data-e-type=\"widget\" data-widget_type=\"heading.default\">\n\t\t\t\t<div class=\"elementor-widget-container\">\n\t\t\t\t\t<h1 class=\"elementor-heading-title elementor-size-default\">Mercado artesanal<\/h1>\t\t\t\t<\/div>\n\t\t\t\t<\/div>\n\t\t\t\t<div class=\"elementor-element elementor-element-d5196b8 elementor-widget elementor-widget-text-editor\" data-id=\"d5196b8\" data-element_type=\"widget\" data-e-type=\"widget\" data-widget_type=\"text-editor.default\">\n\t\t\t\t<div class=\"elementor-widget-container\">\n\t\t\t\t\t\t\t\t\t<div class=\"elementor-element elementor-element-3fd73d8 elementor-widget elementor-widget-text-editor\" data-id=\"3fd73d8\" data-element_type=\"widget\" data-widget_type=\"text-editor.default\"><div class=\"elementor-widget-container\">Descubra los tesoros de la artesan\u00eda belice\u00f1a en el Lobster Fest y mercado artesanal de este a\u00f1o, donde encontrar\u00e1 una gran variedad de productos artesanales \u00fanicos. Saboree exquisitos platos de langosta preparados por nuestro talentoso chef, mientras conoce a los artesanos locales y apoya e impulsa a estos talentosos emprendedores de la zona. <\/div><\/div>\t\t\t\t\t\t\t\t<\/div>\n\t\t\t\t<\/div>\n\t\t\t\t<\/div>\n\t\t<div class=\"elementor-element elementor-element-791e05d e-con-full e-flex e-con e-child\" data-id=\"791e05d\" data-element_type=\"container\" data-e-type=\"container\" data-settings=\"{&quot;background_background&quot;:&quot;classic&quot;}\">\n\t\t\t\t<div class=\"elementor-element elementor-element-d181a1d elementor-widget elementor-widget-spacer\" data-id=\"d181a1d\" data-element_type=\"widget\" data-e-type=\"widget\" data-widget_type=\"spacer.default\">\n\t\t\t\t<div class=\"elementor-widget-container\">\n\t\t\t\t\t\t\t<div class=\"elementor-spacer\">\n\t\t\t<div class=\"elementor-spacer-inner\"><\/div>\n\t\t<\/div>\n\t\t\t\t\t\t<\/div>\n\t\t\t\t<\/div>\n\t\t\t\t<\/div>\n\t\t\t\t\t<\/div>\n\t\t\t\t<\/div>\n\t\t<div class=\"elementor-element elementor-element-133ccd4 e-flex e-con-boxed e-con e-parent\" data-id=\"133ccd4\" data-element_type=\"container\" data-e-type=\"container\">\n\t\t\t\t\t<div class=\"e-con-inner\">\n\t\t\t\t<div class=\"elementor-element elementor-element-1c32d65 elementor-widget elementor-widget-spacer\" data-id=\"1c32d65\" data-element_type=\"widget\" data-e-type=\"widget\" data-widget_type=\"spacer.default\">\n\t\t\t\t<div class=\"elementor-widget-container\">\n\t\t\t\t\t\t\t<div class=\"elementor-spacer\">\n\t\t\t<div class=\"elementor-spacer-inner\"><\/div>\n\t\t<\/div>\n\t\t\t\t\t\t<\/div>\n\t\t\t\t<\/div>\n\t\t\t\t\t<\/div>\n\t\t\t\t<\/div>\n\t\t<div class=\"elementor-element elementor-element-ca5c2b4 e-flex e-con-boxed e-con e-parent\" data-id=\"ca5c2b4\" data-element_type=\"container\" data-e-type=\"container\">\n\t\t\t\t\t<div class=\"e-con-inner\">\n\t\t<div class=\"elementor-element elementor-element-c83537a e-con-full e-flex e-con e-child\" data-id=\"c83537a\" data-element_type=\"container\" data-e-type=\"container\" data-settings=\"{&quot;background_background&quot;:&quot;classic&quot;}\">\n\t\t\t\t<div class=\"elementor-element elementor-element-fd0579f elementor-widget elementor-widget-spacer\" data-id=\"fd0579f\" data-element_type=\"widget\" data-e-type=\"widget\" data-widget_type=\"spacer.default\">\n\t\t\t\t<div class=\"elementor-widget-container\">\n\t\t\t\t\t\t\t<div class=\"elementor-spacer\">\n\t\t\t<div class=\"elementor-spacer-inner\"><\/div>\n\t\t<\/div>\n\t\t\t\t\t\t<\/div>\n\t\t\t\t<\/div>\n\t\t\t\t<\/div>\n\t\t<div class=\"elementor-element elementor-element-feb58d9 e-con-full e-flex e-con e-child\" data-id=\"feb58d9\" data-element_type=\"container\" data-e-type=\"container\">\n\t\t\t\t<div class=\"elementor-element elementor-element-6575dac elementor-widget elementor-widget-heading\" data-id=\"6575dac\" data-element_type=\"widget\" data-e-type=\"widget\" data-widget_type=\"heading.default\">\n\t\t\t\t<div class=\"elementor-widget-container\">\n\t\t\t\t\t<h1 class=\"elementor-heading-title elementor-size-default\">Entretenimiento<\/h1>\t\t\t\t<\/div>\n\t\t\t\t<\/div>\n\t\t\t\t<div class=\"elementor-element elementor-element-0f4fff2 elementor-widget elementor-widget-text-editor\" data-id=\"0f4fff2\" data-element_type=\"widget\" data-e-type=\"widget\" data-widget_type=\"text-editor.default\">\n\t\t\t\t<div class=\"elementor-widget-container\">\n\t\t\t\t\t\t\t\t\t<div class=\"elementor-element elementor-element-3fd73d8 elementor-widget elementor-widget-text-editor\" data-id=\"3fd73d8\" data-element_type=\"widget\" data-widget_type=\"text-editor.default\"><div class=\"elementor-widget-container\"><p>Pasee por la playa ba\u00f1ada por el sol en The Lodge at Jaguar Reef, mientras la m\u00fasica de las bandas locales cautiva su alma. D\u00e9jese llevar por los ritmos producidos por los grupos musicales de la zona. Cuando el apetito llame a su puerta, dir\u00edjase a los puestos de comida, donde le espera una selecci\u00f3n de deliciosos platos de langosta. No se pierda esta extraordinaria experiencia en la playa, donde la sinfon\u00eda de las olas se une a la armon\u00eda de los instrumentos musicales locales.   <\/p><p>En 2023, el aire se llen\u00f3 de los ritmos producidos por The Panerrifix Steelband.<\/p><\/div><\/div>\t\t\t\t\t\t\t\t<\/div>\n\t\t\t\t<\/div>\n\t\t\t\t<div class=\"elementor-element elementor-element-0018e21 elementor-widget elementor-widget-button\" data-id=\"0018e21\" data-element_type=\"widget\" data-e-type=\"widget\" data-widget_type=\"button.default\">\n\t\t\t\t<div class=\"elementor-widget-container\">\n\t\t\t\t\t\t\t\t\t<div class=\"elementor-button-wrapper\">\n\t\t\t\t\t<a class=\"elementor-button elementor-button-link elementor-size-sm\" href=\"tel:+501-609-6825\">\n\t\t\t\t\t\t<span class=\"elementor-button-content-wrapper\">\n\t\t\t\t\t\t\t\t\t<span class=\"elementor-button-text\">Haga clic aqu\u00ed para confirmar su asistencia<\/span>\n\t\t\t\t\t<\/span>\n\t\t\t\t\t<\/a>\n\t\t\t\t<\/div>\n\t\t\t\t\t\t\t\t<\/div>\n\t\t\t\t<\/div>\n\t\t\t\t<\/div>\n\t\t\t\t\t<\/div>\n\t\t\t\t<\/div>\n\t\t<div class=\"elementor-element elementor-element-a8c0924 e-flex e-con-boxed e-con e-parent\" data-id=\"a8c0924\" data-element_type=\"container\" data-e-type=\"container\">\n\t\t\t\t\t<div class=\"e-con-inner\">\n\t\t\t\t<div class=\"elementor-element elementor-element-c210741 elementor-widget elementor-widget-spacer\" data-id=\"c210741\" data-element_type=\"widget\" data-e-type=\"widget\" data-widget_type=\"spacer.default\">\n\t\t\t\t<div class=\"elementor-widget-container\">\n\t\t\t\t\t\t\t<div class=\"elementor-spacer\">\n\t\t\t<div class=\"elementor-spacer-inner\"><\/div>\n\t\t<\/div>\n\t\t\t\t\t\t<\/div>\n\t\t\t\t<\/div>\n\t\t\t\t\t<\/div>\n\t\t\t\t<\/div>\n\t\t\t\t<\/div>\n\t\t","protected":false},"excerpt":{"rendered":"<p>Mini Lobster Fest y mercado artesanal Batalla de cocteler\u00eda \u00a1Acomp\u00e1\u00f1enos mientras tres extraordinarios bartenders se enfrentan en la gran final de la Batalla de cocteler\u00eda! Su objetivo final: ser nombrados Maestros Mix\u00f3logos y obtener el prestigio no solo para ellos, sino tambi\u00e9n para el complejo que representan. Los tres complejos que participan en la competici\u00f3n [&hellip;]<\/p>\n","protected":false},"author":4,"featured_media":69338,"parent":0,"menu_order":0,"comment_status":"closed","ping_status":"closed","template":"page-full-width.php","meta":{"_acf_changed":false,"_vp_format_video_url":"","_vp_image_focal_point":[],"footnotes":""},"categories":[199],"tags":[],"class_list":["post-69321","page","type-page","status-publish","has-post-thumbnail","hentry","category-encuentro-tbc"],"acf":[],"yoast_head":"<!-- This site is optimized with the Yoast SEO plugin v27.4 - https:\/\/yoast.com\/product\/yoast-seo-wordpress\/ -->\n<title>Mini Lobster Fest y mercado artesanal - The Belize Collection<\/title>\n<meta name=\"robots\" content=\"index, follow, max-snippet:-1, max-image-preview:large, max-video-preview:-1\" \/>\n<link rel=\"canonical\" href=\"https:\/\/thebelizecollection.com\/es\/mini-lobster-fest-y-mercado-artesanal\/\" \/>\n<meta property=\"og:locale\" content=\"es_ES\" \/>\n<meta property=\"og:type\" content=\"article\" \/>\n<meta property=\"og:title\" content=\"Mini Lobster Fest y mercado artesanal - The Belize Collection\" \/>\n<meta property=\"og:description\" content=\"Mini Lobster Fest y mercado artesanal Batalla de cocteler\u00eda \u00a1Acomp\u00e1\u00f1enos mientras tres extraordinarios bartenders se enfrentan en la gran final de la Batalla de cocteler\u00eda! Su objetivo final: ser nombrados Maestros Mix\u00f3logos y obtener el prestigio no solo para ellos, sino tambi\u00e9n para el complejo que representan. Los tres complejos que participan en la competici\u00f3n [&hellip;]\" \/>\n<meta property=\"og:url\" content=\"https:\/\/thebelizecollection.com\/es\/mini-lobster-fest-y-mercado-artesanal\/\" \/>\n<meta property=\"og:site_name\" content=\"The Belize Collection\" \/>\n<meta property=\"article:modified_time\" content=\"2026-03-17T13:19:33+00:00\" \/>\n<meta property=\"og:image\" content=\"https:\/\/thebelizecollection.com\/wp-content\/uploads\/2025\/07\/2023-PLACENCIA-LOBSTER-FEST-0513-webpd-scaled.webp\" \/>\n\t<meta property=\"og:image:width\" content=\"2048\" \/>\n\t<meta property=\"og:image:height\" content=\"1365\" \/>\n\t<meta property=\"og:image:type\" content=\"image\/webp\" \/>\n<meta name=\"twitter:card\" content=\"summary_large_image\" \/>\n<meta name=\"twitter:label1\" content=\"Tiempo de lectura\" \/>\n\t<meta name=\"twitter:data1\" content=\"2 minutos\" \/>\n<script type=\"application\/ld+json\" class=\"yoast-schema-graph\">{\"@context\":\"https:\\\/\\\/schema.org\",\"@graph\":[{\"@type\":\"WebPage\",\"@id\":\"https:\\\/\\\/thebelizecollection.com\\\/es\\\/mini-lobster-fest-y-mercado-artesanal\\\/\",\"url\":\"https:\\\/\\\/thebelizecollection.com\\\/es\\\/mini-lobster-fest-y-mercado-artesanal\\\/\",\"name\":\"Mini Lobster Fest y mercado artesanal - The Belize Collection\",\"isPartOf\":{\"@id\":\"https:\\\/\\\/thebelizecollection.com\\\/es\\\/#website\"},\"primaryImageOfPage\":{\"@id\":\"https:\\\/\\\/thebelizecollection.com\\\/es\\\/mini-lobster-fest-y-mercado-artesanal\\\/#primaryimage\"},\"image\":{\"@id\":\"https:\\\/\\\/thebelizecollection.com\\\/es\\\/mini-lobster-fest-y-mercado-artesanal\\\/#primaryimage\"},\"thumbnailUrl\":\"https:\\\/\\\/thebelizecollection.com\\\/wp-content\\\/uploads\\\/2025\\\/07\\\/2023-PLACENCIA-LOBSTER-FEST-0513-webpd-scaled.webp\",\"datePublished\":\"2025-08-13T17:34:19+00:00\",\"dateModified\":\"2026-03-17T13:19:33+00:00\",\"breadcrumb\":{\"@id\":\"https:\\\/\\\/thebelizecollection.com\\\/es\\\/mini-lobster-fest-y-mercado-artesanal\\\/#breadcrumb\"},\"inLanguage\":\"es\",\"potentialAction\":[{\"@type\":\"ReadAction\",\"target\":[\"https:\\\/\\\/thebelizecollection.com\\\/es\\\/mini-lobster-fest-y-mercado-artesanal\\\/\"]}]},{\"@type\":\"ImageObject\",\"inLanguage\":\"es\",\"@id\":\"https:\\\/\\\/thebelizecollection.com\\\/es\\\/mini-lobster-fest-y-mercado-artesanal\\\/#primaryimage\",\"url\":\"https:\\\/\\\/thebelizecollection.com\\\/wp-content\\\/uploads\\\/2025\\\/07\\\/2023-PLACENCIA-LOBSTER-FEST-0513-webpd-scaled.webp\",\"contentUrl\":\"https:\\\/\\\/thebelizecollection.com\\\/wp-content\\\/uploads\\\/2025\\\/07\\\/2023-PLACENCIA-LOBSTER-FEST-0513-webpd-scaled.webp\",\"width\":2048,\"height\":1365},{\"@type\":\"BreadcrumbList\",\"@id\":\"https:\\\/\\\/thebelizecollection.com\\\/es\\\/mini-lobster-fest-y-mercado-artesanal\\\/#breadcrumb\",\"itemListElement\":[{\"@type\":\"ListItem\",\"position\":1,\"name\":\"Home\",\"item\":\"https:\\\/\\\/thebelizecollection.com\\\/es\\\/the-belize-collection\\\/\"},{\"@type\":\"ListItem\",\"position\":2,\"name\":\"Mini Lobster Fest y mercado artesanal\"}]},{\"@type\":\"WebSite\",\"@id\":\"https:\\\/\\\/thebelizecollection.com\\\/es\\\/#website\",\"url\":\"https:\\\/\\\/thebelizecollection.com\\\/es\\\/\",\"name\":\"The Belize Collection\",\"description\":\"Everything Belize\",\"potentialAction\":[{\"@type\":\"SearchAction\",\"target\":{\"@type\":\"EntryPoint\",\"urlTemplate\":\"https:\\\/\\\/thebelizecollection.com\\\/es\\\/?s={search_term_string}\"},\"query-input\":{\"@type\":\"PropertyValueSpecification\",\"valueRequired\":true,\"valueName\":\"search_term_string\"}}],\"inLanguage\":\"es\"}]}<\/script>\n<!-- \/ Yoast SEO plugin. -->","yoast_head_json":{"title":"Mini Lobster Fest y mercado artesanal - The Belize Collection","robots":{"index":"index","follow":"follow","max-snippet":"max-snippet:-1","max-image-preview":"max-image-preview:large","max-video-preview":"max-video-preview:-1"},"canonical":"https:\/\/thebelizecollection.com\/es\/mini-lobster-fest-y-mercado-artesanal\/","og_locale":"es_ES","og_type":"article","og_title":"Mini Lobster Fest y mercado artesanal - The Belize Collection","og_description":"Mini Lobster Fest y mercado artesanal Batalla de cocteler\u00eda \u00a1Acomp\u00e1\u00f1enos mientras tres extraordinarios bartenders se enfrentan en la gran final de la Batalla de cocteler\u00eda! Su objetivo final: ser nombrados Maestros Mix\u00f3logos y obtener el prestigio no solo para ellos, sino tambi\u00e9n para el complejo que representan. Los tres complejos que participan en la competici\u00f3n [&hellip;]","og_url":"https:\/\/thebelizecollection.com\/es\/mini-lobster-fest-y-mercado-artesanal\/","og_site_name":"The Belize Collection","article_modified_time":"2026-03-17T13:19:33+00:00","og_image":[{"width":2048,"height":1365,"url":"https:\/\/thebelizecollection.com\/wp-content\/uploads\/2025\/07\/2023-PLACENCIA-LOBSTER-FEST-0513-webpd-scaled.webp","type":"image\/webp"}],"twitter_card":"summary_large_image","twitter_misc":{"Tiempo de lectura":"2 minutos"},"schema":{"@context":"https:\/\/schema.org","@graph":[{"@type":"WebPage","@id":"https:\/\/thebelizecollection.com\/es\/mini-lobster-fest-y-mercado-artesanal\/","url":"https:\/\/thebelizecollection.com\/es\/mini-lobster-fest-y-mercado-artesanal\/","name":"Mini Lobster Fest y mercado artesanal - The Belize Collection","isPartOf":{"@id":"https:\/\/thebelizecollection.com\/es\/#website"},"primaryImageOfPage":{"@id":"https:\/\/thebelizecollection.com\/es\/mini-lobster-fest-y-mercado-artesanal\/#primaryimage"},"image":{"@id":"https:\/\/thebelizecollection.com\/es\/mini-lobster-fest-y-mercado-artesanal\/#primaryimage"},"thumbnailUrl":"https:\/\/thebelizecollection.com\/wp-content\/uploads\/2025\/07\/2023-PLACENCIA-LOBSTER-FEST-0513-webpd-scaled.webp","datePublished":"2025-08-13T17:34:19+00:00","dateModified":"2026-03-17T13:19:33+00:00","breadcrumb":{"@id":"https:\/\/thebelizecollection.com\/es\/mini-lobster-fest-y-mercado-artesanal\/#breadcrumb"},"inLanguage":"es","potentialAction":[{"@type":"ReadAction","target":["https:\/\/thebelizecollection.com\/es\/mini-lobster-fest-y-mercado-artesanal\/"]}]},{"@type":"ImageObject","inLanguage":"es","@id":"https:\/\/thebelizecollection.com\/es\/mini-lobster-fest-y-mercado-artesanal\/#primaryimage","url":"https:\/\/thebelizecollection.com\/wp-content\/uploads\/2025\/07\/2023-PLACENCIA-LOBSTER-FEST-0513-webpd-scaled.webp","contentUrl":"https:\/\/thebelizecollection.com\/wp-content\/uploads\/2025\/07\/2023-PLACENCIA-LOBSTER-FEST-0513-webpd-scaled.webp","width":2048,"height":1365},{"@type":"BreadcrumbList","@id":"https:\/\/thebelizecollection.com\/es\/mini-lobster-fest-y-mercado-artesanal\/#breadcrumb","itemListElement":[{"@type":"ListItem","position":1,"name":"Home","item":"https:\/\/thebelizecollection.com\/es\/the-belize-collection\/"},{"@type":"ListItem","position":2,"name":"Mini Lobster Fest y mercado artesanal"}]},{"@type":"WebSite","@id":"https:\/\/thebelizecollection.com\/es\/#website","url":"https:\/\/thebelizecollection.com\/es\/","name":"The Belize Collection","description":"Everything Belize","potentialAction":[{"@type":"SearchAction","target":{"@type":"EntryPoint","urlTemplate":"https:\/\/thebelizecollection.com\/es\/?s={search_term_string}"},"query-input":{"@type":"PropertyValueSpecification","valueRequired":true,"valueName":"search_term_string"}}],"inLanguage":"es"}]}},"jetpack_sharing_enabled":true,"_links":{"self":[{"href":"https:\/\/thebelizecollection.com\/es\/wp-json\/wp\/v2\/pages\/69321","targetHints":{"allow":["GET"]}}],"collection":[{"href":"https:\/\/thebelizecollection.com\/es\/wp-json\/wp\/v2\/pages"}],"about":[{"href":"https:\/\/thebelizecollection.com\/es\/wp-json\/wp\/v2\/types\/page"}],"author":[{"embeddable":true,"href":"https:\/\/thebelizecollection.com\/es\/wp-json\/wp\/v2\/users\/4"}],"replies":[{"embeddable":true,"href":"https:\/\/thebelizecollection.com\/es\/wp-json\/wp\/v2\/comments?post=69321"}],"version-history":[{"count":2,"href":"https:\/\/thebelizecollection.com\/es\/wp-json\/wp\/v2\/pages\/69321\/revisions"}],"predecessor-version":[{"id":69454,"href":"https:\/\/thebelizecollection.com\/es\/wp-json\/wp\/v2\/pages\/69321\/revisions\/69454"}],"wp:featuredmedia":[{"embeddable":true,"href":"https:\/\/thebelizecollection.com\/es\/wp-json\/wp\/v2\/media\/69338"}],"wp:attachment":[{"href":"https:\/\/thebelizecollection.com\/es\/wp-json\/wp\/v2\/media?parent=69321"}],"wp:term":[{"taxonomy":"category","embeddable":true,"href":"https:\/\/thebelizecollection.com\/es\/wp-json\/wp\/v2\/categories?post=69321"},{"taxonomy":"post_tag","embeddable":true,"href":"https:\/\/thebelizecollection.com\/es\/wp-json\/wp\/v2\/tags?post=69321"}],"curies":[{"name":"wp","href":"https:\/\/api.w.org\/{rel}","templated":true}]}}