{"id":69322,"date":"2025-08-12T15:03:44","date_gmt":"2025-08-12T21:03:44","guid":{"rendered":"https:\/\/thebelizecollection.com\/happy-hour-en-the-banks\/"},"modified":"2026-03-17T08:18:29","modified_gmt":"2026-03-17T14:18:29","slug":"happy-hour-en-the-banks","status":"publish","type":"page","link":"https:\/\/thebelizecollection.com\/es\/encuentros\/happy-hour-en-the-banks\/","title":{"rendered":"Happy Hour en The Banks"},"content":{"rendered":"\t\t<div data-elementor-type=\"wp-page\" data-elementor-id=\"69322\" class=\"elementor elementor-69322 elementor-61986\" data-elementor-post-type=\"page\">\n\t\t\t\t<div class=\"elementor-element elementor-element-c2e0909 e-con-full e-flex e-con e-parent\" data-id=\"c2e0909\" data-element_type=\"container\" data-e-type=\"container\" data-settings=\"{&quot;background_background&quot;:&quot;classic&quot;}\">\n\t\t\t\t<\/div>\n\t\t<div class=\"elementor-element elementor-element-26c2265 e-flex e-con-boxed e-con e-parent\" data-id=\"26c2265\" data-element_type=\"container\" data-e-type=\"container\">\n\t\t\t\t\t<div class=\"e-con-inner\">\n\t\t\t\t<div class=\"elementor-element elementor-element-3e10aa3 elementor-widget elementor-widget-spacer\" data-id=\"3e10aa3\" data-element_type=\"widget\" data-e-type=\"widget\" data-widget_type=\"spacer.default\">\n\t\t\t\t<div class=\"elementor-widget-container\">\n\t\t\t\t\t\t\t<div class=\"elementor-spacer\">\n\t\t\t<div class=\"elementor-spacer-inner\"><\/div>\n\t\t<\/div>\n\t\t\t\t\t\t<\/div>\n\t\t\t\t<\/div>\n\t\t\t\t\t<\/div>\n\t\t\t\t<\/div>\n\t\t<div class=\"elementor-element elementor-element-3f60b41 e-flex e-con-boxed e-con e-parent\" data-id=\"3f60b41\" data-element_type=\"container\" data-e-type=\"container\">\n\t\t\t\t\t<div class=\"e-con-inner\">\n\t\t<div class=\"elementor-element elementor-element-87eb38d e-con-full e-flex e-con e-child\" data-id=\"87eb38d\" data-element_type=\"container\" data-e-type=\"container\">\n\t\t\t\t<div class=\"elementor-element elementor-element-dda9927 elementor-widget elementor-widget-heading\" data-id=\"dda9927\" data-element_type=\"widget\" data-e-type=\"widget\" data-widget_type=\"heading.default\">\n\t\t\t\t<div class=\"elementor-widget-container\">\n\t\t\t\t\t<h1 class=\"elementor-heading-title elementor-size-default\">Happy Hour<\/h1>\t\t\t\t<\/div>\n\t\t\t\t<\/div>\n\t\t\t\t<div class=\"elementor-element elementor-element-5cef2ec elementor-widget elementor-widget-text-editor\" data-id=\"5cef2ec\" data-element_type=\"widget\" data-e-type=\"widget\" data-widget_type=\"text-editor.default\">\n\t\t\t\t<div class=\"elementor-widget-container\">\n\t\t\t\t\t\t\t\t\t<div class=\"elementor-element elementor-element-3fd73d8 elementor-widget elementor-widget-text-editor\" data-id=\"3fd73d8\" data-element_type=\"widget\" data-widget_type=\"text-editor.default\"><div class=\"elementor-widget-container\">Acomp\u00e1\u00f1enos al Happy Hour en The Banks. Disfrute de descuentos especiales en bebidas y deliciosas tapas mientras se relaja al ritmo vibrante de DJ Rebel. Traiga a sus amigos y disfrute de una noche llena de buena comida, gran m\u00fasica y una compa\u00f1\u00eda a\u00fan mejor.  <\/div><\/div>\t\t\t\t\t\t\t\t<\/div>\n\t\t\t\t<\/div>\n\t\t\t\t<div class=\"elementor-element elementor-element-da22de5 elementor-widget elementor-widget-text-editor\" data-id=\"da22de5\" data-element_type=\"widget\" data-e-type=\"widget\" data-widget_type=\"text-editor.default\">\n\t\t\t\t<div class=\"elementor-widget-container\">\n\t\t\t\t\t\t\t\t\t<p><strong>Ubicaci\u00f3n:<\/strong> Humo Bar<\/p><p><strong>Fecha:<\/strong> 30 de julio de 2025<\/p><p><strong>Hora:<\/strong> 15:00 &#8211; 18:00<\/p><p><strong>Promoci\u00f3n de bebidas:<\/strong> 25% de descuento en cervezas locales, mojitos, margaritas y pi\u00f1as coladas<\/p><p><strong>Promoci\u00f3n de tapas:<\/strong> Sardinas crujientes con alioli, bocados de salchicha con ensalada de puerro, tostadas crujientes de panceta de cerdo y tacos crujientes de salchicha de cerdo <\/p>\t\t\t\t\t\t\t\t<\/div>\n\t\t\t\t<\/div>\n\t\t\t\t<div class=\"elementor-element elementor-element-91ffd86 elementor-widget elementor-widget-button\" data-id=\"91ffd86\" data-element_type=\"widget\" data-e-type=\"widget\" data-widget_type=\"button.default\">\n\t\t\t\t<div class=\"elementor-widget-container\">\n\t\t\t\t\t\t\t\t\t<div class=\"elementor-button-wrapper\">\n\t\t\t\t\t<a class=\"elementor-button elementor-button-link elementor-size-sm\" href=\"tel:+501-609-6825\">\n\t\t\t\t\t\t<span class=\"elementor-button-content-wrapper\">\n\t\t\t\t\t\t\t\t\t<span class=\"elementor-button-text\">Haga clic aqu\u00ed para confirmar su asistencia<\/span>\n\t\t\t\t\t<\/span>\n\t\t\t\t\t<\/a>\n\t\t\t\t<\/div>\n\t\t\t\t\t\t\t\t<\/div>\n\t\t\t\t<\/div>\n\t\t\t\t<\/div>\n\t\t<div class=\"elementor-element elementor-element-57d987d e-con-full e-flex e-con e-child\" data-id=\"57d987d\" data-element_type=\"container\" data-e-type=\"container\" data-settings=\"{&quot;background_background&quot;:&quot;classic&quot;}\">\n\t\t\t\t<\/div>\n\t\t\t\t\t<\/div>\n\t\t\t\t<\/div>\n\t\t<div class=\"elementor-element elementor-element-baf3b16 e-flex e-con-boxed e-con e-parent\" data-id=\"baf3b16\" data-element_type=\"container\" data-e-type=\"container\">\n\t\t\t\t\t<div class=\"e-con-inner\">\n\t\t\t\t<div class=\"elementor-element elementor-element-713634b elementor-widget elementor-widget-heading\" data-id=\"713634b\" data-element_type=\"widget\" data-e-type=\"widget\" data-widget_type=\"heading.default\">\n\t\t\t\t<div class=\"elementor-widget-container\">\n\t\t\t\t\t<h1 class=\"elementor-heading-title elementor-size-default\">Horario del servicio de traslado<\/h1>\t\t\t\t<\/div>\n\t\t\t\t<\/div>\n\t\t\t\t<div class=\"elementor-element elementor-element-707d7be elementor-widget elementor-widget-text-editor\" data-id=\"707d7be\" data-element_type=\"widget\" data-e-type=\"widget\" data-widget_type=\"text-editor.default\">\n\t\t\t\t<div class=\"elementor-widget-container\">\n\t\t\t\t\t\t\t\t\t<div class=\"elementor-element elementor-element-3fd73d8 elementor-widget elementor-widget-text-editor\" data-id=\"3fd73d8\" data-element_type=\"widget\" data-widget_type=\"text-editor.default\"><div class=\"elementor-widget-container\">Los traslados gratuitos saldr\u00e1n desde The Governor General Field y regresar\u00e1n al mismo lugar. Por favor, aseg\u00farese de llegar a tiempo para la salida y consulte el horario para su viaje de regreso. <\/div><\/div>\t\t\t\t\t\t\t\t<\/div>\n\t\t\t\t<\/div>\n\t\t\t\t<div class=\"elementor-element elementor-element-c443313 elementor-widget elementor-widget-text-editor\" data-id=\"c443313\" data-element_type=\"widget\" data-e-type=\"widget\" data-widget_type=\"text-editor.default\">\n\t\t\t\t<div class=\"elementor-widget-container\">\n\t\t\t\t\t\t\t\t\t<div class=\"elementor-element elementor-element-3fd73d8 elementor-widget elementor-widget-text-editor\" data-id=\"3fd73d8\" data-element_type=\"widget\" data-widget_type=\"text-editor.default\"><div class=\"elementor-widget-container\">\n<table id=\"tablepress-94\" class=\"tablepress tablepress-id-94 tbody-has-connected-cells\">\n<tbody class=\"row-hover\">\n<tr class=\"row-1\">\n\t<td class=\"column-1\"><\/td><td class=\"column-2\"><b>Pickup Time<\/b><\/td><td class=\"column-3\"><b>Drop Off Time<\/b><\/td>\n<\/tr>\n<tr class=\"row-2\">\n\t<td class=\"column-1\"><b>Shuttle 1<\/b><\/td><td class=\"column-2\">2:00 P.M.<\/td><td class=\"column-3\">6:00 P.M.<\/td>\n<\/tr>\n<tr class=\"row-3\">\n\t<td class=\"column-1\"><b>Shuttle 2<\/b><\/td><td class=\"column-2\">3:00 P.M.<\/td><td class=\"column-3\">7:00 P.M.<\/td>\n<\/tr>\n<tr class=\"row-4\">\n\t<td colspan=\"3\" class=\"column-1\"><em>*Please contact us at +501 615-2167 to confirm space availability.<\/em><\/td>\n<\/tr>\n<\/tbody>\n<\/table>\n<!-- #tablepress-94 from cache --><\/div><\/div>\t\t\t\t\t\t\t\t<\/div>\n\t\t\t\t<\/div>\n\t\t\t\t\t<\/div>\n\t\t\t\t<\/div>\n\t\t<div class=\"elementor-element elementor-element-e884c00 e-flex e-con-boxed e-con e-parent\" data-id=\"e884c00\" data-element_type=\"container\" data-e-type=\"container\">\n\t\t\t\t\t<div class=\"e-con-inner\">\n\t\t\t\t<div class=\"elementor-element elementor-element-edf6e4c elementor-widget elementor-widget-spacer\" data-id=\"edf6e4c\" data-element_type=\"widget\" data-e-type=\"widget\" data-widget_type=\"spacer.default\">\n\t\t\t\t<div class=\"elementor-widget-container\">\n\t\t\t\t\t\t\t<div class=\"elementor-spacer\">\n\t\t\t<div class=\"elementor-spacer-inner\"><\/div>\n\t\t<\/div>\n\t\t\t\t\t\t<\/div>\n\t\t\t\t<\/div>\n\t\t\t\t\t<\/div>\n\t\t\t\t<\/div>\n\t\t\t\t<\/div>\n\t\t","protected":false},"excerpt":{"rendered":"<p>Happy Hour Acomp\u00e1\u00f1enos al Happy Hour en The Banks. Disfrute de descuentos especiales en bebidas y deliciosas tapas mientras se relaja al ritmo vibrante de DJ Rebel. Traiga a sus amigos y disfrute de una noche llena de buena comida, gran m\u00fasica y una compa\u00f1\u00eda a\u00fan mejor. Ubicaci\u00f3n: Humo Bar Fecha: 30 de julio de [&hellip;]<\/p>\n","protected":false},"author":2,"featured_media":69339,"parent":69524,"menu_order":0,"comment_status":"closed","ping_status":"closed","template":"page-full-width.php","meta":{"_acf_changed":false,"_vp_format_video_url":"","_vp_image_focal_point":[],"footnotes":""},"categories":[199],"tags":[],"class_list":["post-69322","page","type-page","status-publish","has-post-thumbnail","hentry","category-encuentro-tbc"],"acf":[],"yoast_head":"<!-- This site is optimized with the Yoast SEO plugin v27.4 - https:\/\/yoast.com\/product\/yoast-seo-wordpress\/ -->\n<title>Happy Hour en The Banks - The Belize Collection<\/title>\n<meta name=\"robots\" content=\"index, follow, max-snippet:-1, max-image-preview:large, max-video-preview:-1\" \/>\n<link rel=\"canonical\" href=\"https:\/\/thebelizecollection.com\/es\/encuentros\/happy-hour-en-the-banks\/\" \/>\n<meta property=\"og:locale\" content=\"es_ES\" \/>\n<meta property=\"og:type\" content=\"article\" \/>\n<meta property=\"og:title\" content=\"Happy Hour en The Banks - The Belize Collection\" \/>\n<meta property=\"og:description\" content=\"Happy Hour Acomp\u00e1\u00f1enos al Happy Hour en The Banks. Disfrute de descuentos especiales en bebidas y deliciosas tapas mientras se relaja al ritmo vibrante de DJ Rebel. Traiga a sus amigos y disfrute de una noche llena de buena comida, gran m\u00fasica y una compa\u00f1\u00eda a\u00fan mejor. Ubicaci\u00f3n: Humo Bar Fecha: 30 de julio de [&hellip;]\" \/>\n<meta property=\"og:url\" content=\"https:\/\/thebelizecollection.com\/es\/encuentros\/happy-hour-en-the-banks\/\" \/>\n<meta property=\"og:site_name\" content=\"The Belize Collection\" \/>\n<meta property=\"article:modified_time\" content=\"2026-03-17T14:18:29+00:00\" \/>\n<meta property=\"og:image\" content=\"https:\/\/thebelizecollection.com\/wp-content\/uploads\/2025\/08\/5.jpg\" \/>\n\t<meta property=\"og:image:width\" content=\"1620\" \/>\n\t<meta property=\"og:image:height\" content=\"1080\" \/>\n\t<meta property=\"og:image:type\" content=\"image\/jpeg\" \/>\n<meta name=\"twitter:card\" content=\"summary_large_image\" \/>\n<meta name=\"twitter:label1\" content=\"Tiempo de lectura\" \/>\n\t<meta name=\"twitter:data1\" content=\"1 minuto\" \/>\n<script type=\"application\/ld+json\" class=\"yoast-schema-graph\">{\"@context\":\"https:\\\/\\\/schema.org\",\"@graph\":[{\"@type\":\"WebPage\",\"@id\":\"https:\\\/\\\/thebelizecollection.com\\\/es\\\/encuentros\\\/happy-hour-en-the-banks\\\/\",\"url\":\"https:\\\/\\\/thebelizecollection.com\\\/es\\\/encuentros\\\/happy-hour-en-the-banks\\\/\",\"name\":\"Happy Hour en The Banks - The Belize Collection\",\"isPartOf\":{\"@id\":\"https:\\\/\\\/thebelizecollection.com\\\/es\\\/#website\"},\"primaryImageOfPage\":{\"@id\":\"https:\\\/\\\/thebelizecollection.com\\\/es\\\/encuentros\\\/happy-hour-en-the-banks\\\/#primaryimage\"},\"image\":{\"@id\":\"https:\\\/\\\/thebelizecollection.com\\\/es\\\/encuentros\\\/happy-hour-en-the-banks\\\/#primaryimage\"},\"thumbnailUrl\":\"https:\\\/\\\/thebelizecollection.com\\\/wp-content\\\/uploads\\\/2025\\\/08\\\/5.jpg\",\"datePublished\":\"2025-08-12T21:03:44+00:00\",\"dateModified\":\"2026-03-17T14:18:29+00:00\",\"breadcrumb\":{\"@id\":\"https:\\\/\\\/thebelizecollection.com\\\/es\\\/encuentros\\\/happy-hour-en-the-banks\\\/#breadcrumb\"},\"inLanguage\":\"es\",\"potentialAction\":[{\"@type\":\"ReadAction\",\"target\":[\"https:\\\/\\\/thebelizecollection.com\\\/es\\\/encuentros\\\/happy-hour-en-the-banks\\\/\"]}]},{\"@type\":\"ImageObject\",\"inLanguage\":\"es\",\"@id\":\"https:\\\/\\\/thebelizecollection.com\\\/es\\\/encuentros\\\/happy-hour-en-the-banks\\\/#primaryimage\",\"url\":\"https:\\\/\\\/thebelizecollection.com\\\/wp-content\\\/uploads\\\/2025\\\/08\\\/5.jpg\",\"contentUrl\":\"https:\\\/\\\/thebelizecollection.com\\\/wp-content\\\/uploads\\\/2025\\\/08\\\/5.jpg\",\"width\":1620,\"height\":1080},{\"@type\":\"BreadcrumbList\",\"@id\":\"https:\\\/\\\/thebelizecollection.com\\\/es\\\/encuentros\\\/happy-hour-en-the-banks\\\/#breadcrumb\",\"itemListElement\":[{\"@type\":\"ListItem\",\"position\":1,\"name\":\"Home\",\"item\":\"https:\\\/\\\/thebelizecollection.com\\\/es\\\/the-belize-collection\\\/\"},{\"@type\":\"ListItem\",\"position\":2,\"name\":\"Encuentros\",\"item\":\"https:\\\/\\\/thebelizecollection.com\\\/es\\\/encuentros\\\/\"},{\"@type\":\"ListItem\",\"position\":3,\"name\":\"Happy Hour en The Banks\"}]},{\"@type\":\"WebSite\",\"@id\":\"https:\\\/\\\/thebelizecollection.com\\\/es\\\/#website\",\"url\":\"https:\\\/\\\/thebelizecollection.com\\\/es\\\/\",\"name\":\"The Belize Collection\",\"description\":\"Everything Belize\",\"potentialAction\":[{\"@type\":\"SearchAction\",\"target\":{\"@type\":\"EntryPoint\",\"urlTemplate\":\"https:\\\/\\\/thebelizecollection.com\\\/es\\\/?s={search_term_string}\"},\"query-input\":{\"@type\":\"PropertyValueSpecification\",\"valueRequired\":true,\"valueName\":\"search_term_string\"}}],\"inLanguage\":\"es\"}]}<\/script>\n<!-- \/ Yoast SEO plugin. -->","yoast_head_json":{"title":"Happy Hour en The Banks - The Belize Collection","robots":{"index":"index","follow":"follow","max-snippet":"max-snippet:-1","max-image-preview":"max-image-preview:large","max-video-preview":"max-video-preview:-1"},"canonical":"https:\/\/thebelizecollection.com\/es\/encuentros\/happy-hour-en-the-banks\/","og_locale":"es_ES","og_type":"article","og_title":"Happy Hour en The Banks - The Belize Collection","og_description":"Happy Hour Acomp\u00e1\u00f1enos al Happy Hour en The Banks. Disfrute de descuentos especiales en bebidas y deliciosas tapas mientras se relaja al ritmo vibrante de DJ Rebel. Traiga a sus amigos y disfrute de una noche llena de buena comida, gran m\u00fasica y una compa\u00f1\u00eda a\u00fan mejor. Ubicaci\u00f3n: Humo Bar Fecha: 30 de julio de [&hellip;]","og_url":"https:\/\/thebelizecollection.com\/es\/encuentros\/happy-hour-en-the-banks\/","og_site_name":"The Belize Collection","article_modified_time":"2026-03-17T14:18:29+00:00","og_image":[{"width":1620,"height":1080,"url":"https:\/\/thebelizecollection.com\/wp-content\/uploads\/2025\/08\/5.jpg","type":"image\/jpeg"}],"twitter_card":"summary_large_image","twitter_misc":{"Tiempo de lectura":"1 minuto"},"schema":{"@context":"https:\/\/schema.org","@graph":[{"@type":"WebPage","@id":"https:\/\/thebelizecollection.com\/es\/encuentros\/happy-hour-en-the-banks\/","url":"https:\/\/thebelizecollection.com\/es\/encuentros\/happy-hour-en-the-banks\/","name":"Happy Hour en The Banks - The Belize Collection","isPartOf":{"@id":"https:\/\/thebelizecollection.com\/es\/#website"},"primaryImageOfPage":{"@id":"https:\/\/thebelizecollection.com\/es\/encuentros\/happy-hour-en-the-banks\/#primaryimage"},"image":{"@id":"https:\/\/thebelizecollection.com\/es\/encuentros\/happy-hour-en-the-banks\/#primaryimage"},"thumbnailUrl":"https:\/\/thebelizecollection.com\/wp-content\/uploads\/2025\/08\/5.jpg","datePublished":"2025-08-12T21:03:44+00:00","dateModified":"2026-03-17T14:18:29+00:00","breadcrumb":{"@id":"https:\/\/thebelizecollection.com\/es\/encuentros\/happy-hour-en-the-banks\/#breadcrumb"},"inLanguage":"es","potentialAction":[{"@type":"ReadAction","target":["https:\/\/thebelizecollection.com\/es\/encuentros\/happy-hour-en-the-banks\/"]}]},{"@type":"ImageObject","inLanguage":"es","@id":"https:\/\/thebelizecollection.com\/es\/encuentros\/happy-hour-en-the-banks\/#primaryimage","url":"https:\/\/thebelizecollection.com\/wp-content\/uploads\/2025\/08\/5.jpg","contentUrl":"https:\/\/thebelizecollection.com\/wp-content\/uploads\/2025\/08\/5.jpg","width":1620,"height":1080},{"@type":"BreadcrumbList","@id":"https:\/\/thebelizecollection.com\/es\/encuentros\/happy-hour-en-the-banks\/#breadcrumb","itemListElement":[{"@type":"ListItem","position":1,"name":"Home","item":"https:\/\/thebelizecollection.com\/es\/the-belize-collection\/"},{"@type":"ListItem","position":2,"name":"Encuentros","item":"https:\/\/thebelizecollection.com\/es\/encuentros\/"},{"@type":"ListItem","position":3,"name":"Happy Hour en The Banks"}]},{"@type":"WebSite","@id":"https:\/\/thebelizecollection.com\/es\/#website","url":"https:\/\/thebelizecollection.com\/es\/","name":"The Belize Collection","description":"Everything Belize","potentialAction":[{"@type":"SearchAction","target":{"@type":"EntryPoint","urlTemplate":"https:\/\/thebelizecollection.com\/es\/?s={search_term_string}"},"query-input":{"@type":"PropertyValueSpecification","valueRequired":true,"valueName":"search_term_string"}}],"inLanguage":"es"}]}},"jetpack_sharing_enabled":true,"_links":{"self":[{"href":"https:\/\/thebelizecollection.com\/es\/wp-json\/wp\/v2\/pages\/69322","targetHints":{"allow":["GET"]}}],"collection":[{"href":"https:\/\/thebelizecollection.com\/es\/wp-json\/wp\/v2\/pages"}],"about":[{"href":"https:\/\/thebelizecollection.com\/es\/wp-json\/wp\/v2\/types\/page"}],"author":[{"embeddable":true,"href":"https:\/\/thebelizecollection.com\/es\/wp-json\/wp\/v2\/users\/2"}],"replies":[{"embeddable":true,"href":"https:\/\/thebelizecollection.com\/es\/wp-json\/wp\/v2\/comments?post=69322"}],"version-history":[{"count":2,"href":"https:\/\/thebelizecollection.com\/es\/wp-json\/wp\/v2\/pages\/69322\/revisions"}],"predecessor-version":[{"id":69387,"href":"https:\/\/thebelizecollection.com\/es\/wp-json\/wp\/v2\/pages\/69322\/revisions\/69387"}],"up":[{"embeddable":true,"href":"https:\/\/thebelizecollection.com\/es\/wp-json\/wp\/v2\/pages\/69524"}],"wp:featuredmedia":[{"embeddable":true,"href":"https:\/\/thebelizecollection.com\/es\/wp-json\/wp\/v2\/media\/69339"}],"wp:attachment":[{"href":"https:\/\/thebelizecollection.com\/es\/wp-json\/wp\/v2\/media?parent=69322"}],"wp:term":[{"taxonomy":"category","embeddable":true,"href":"https:\/\/thebelizecollection.com\/es\/wp-json\/wp\/v2\/categories?post=69322"},{"taxonomy":"post_tag","embeddable":true,"href":"https:\/\/thebelizecollection.com\/es\/wp-json\/wp\/v2\/tags?post=69322"}],"curies":[{"name":"wp","href":"https:\/\/api.w.org\/{rel}","templated":true}]}}