{"id":69324,"date":"2025-08-12T14:48:00","date_gmt":"2025-08-12T20:48:00","guid":{"rendered":"https:\/\/thebelizecollection.com\/batalla-de-los-barmanes\/"},"modified":"2026-03-17T08:35:47","modified_gmt":"2026-03-17T14:35:47","slug":"batalla-de-los-barmanes","status":"publish","type":"page","link":"https:\/\/thebelizecollection.com\/es\/encuentros\/batalla-de-los-barmanes\/","title":{"rendered":"Batalla de los b\u00e1rmanes"},"content":{"rendered":"\t\t<div data-elementor-type=\"wp-page\" data-elementor-id=\"69324\" class=\"elementor elementor-69324 elementor-61982\" data-elementor-post-type=\"page\">\n\t\t\t\t<div class=\"elementor-element elementor-element-61661b2 e-con-full e-flex e-con e-parent\" data-id=\"61661b2\" data-element_type=\"container\" data-e-type=\"container\" data-settings=\"{&quot;background_background&quot;:&quot;classic&quot;}\">\n\t\t\t\t<\/div>\n\t\t<div class=\"elementor-element elementor-element-99548b6 e-flex e-con-boxed e-con e-parent\" data-id=\"99548b6\" data-element_type=\"container\" data-e-type=\"container\">\n\t\t\t\t\t<div class=\"e-con-inner\">\n\t\t\t\t<div class=\"elementor-element elementor-element-43a382a elementor-widget elementor-widget-spacer\" data-id=\"43a382a\" data-element_type=\"widget\" data-e-type=\"widget\" data-widget_type=\"spacer.default\">\n\t\t\t\t<div class=\"elementor-widget-container\">\n\t\t\t\t\t\t\t<div class=\"elementor-spacer\">\n\t\t\t<div class=\"elementor-spacer-inner\"><\/div>\n\t\t<\/div>\n\t\t\t\t\t\t<\/div>\n\t\t\t\t<\/div>\n\t\t\t\t\t<\/div>\n\t\t\t\t<\/div>\n\t\t<div class=\"elementor-element elementor-element-cd31e2c e-flex e-con-boxed e-con e-parent\" data-id=\"cd31e2c\" data-element_type=\"container\" data-e-type=\"container\">\n\t\t\t\t\t<div class=\"e-con-inner\">\n\t\t<div class=\"elementor-element elementor-element-39594b1 e-con-full e-flex e-con e-child\" data-id=\"39594b1\" data-element_type=\"container\" data-e-type=\"container\">\n\t\t\t\t<div class=\"elementor-element elementor-element-d49a284 elementor-widget elementor-widget-heading\" data-id=\"d49a284\" data-element_type=\"widget\" data-e-type=\"widget\" data-widget_type=\"heading.default\">\n\t\t\t\t<div class=\"elementor-widget-container\">\n\t\t\t\t\t<h1 class=\"elementor-heading-title elementor-size-default\">Batalla de los b\u00e1rmanes<\/h1>\t\t\t\t<\/div>\n\t\t\t\t<\/div>\n\t\t\t\t<div class=\"elementor-element elementor-element-d3643e7 elementor-widget elementor-widget-text-editor\" data-id=\"d3643e7\" data-element_type=\"widget\" data-e-type=\"widget\" data-widget_type=\"text-editor.default\">\n\t\t\t\t<div class=\"elementor-widget-container\">\n\t\t\t\t\t\t\t\t\t<div class=\"elementor-element elementor-element-3fd73d8 elementor-widget elementor-widget-text-editor\" data-id=\"3fd73d8\" data-element_type=\"widget\" data-widget_type=\"text-editor.default\"><div class=\"elementor-widget-container\">The Belize Collection le invita a acompa\u00f1arnos en nuestra tercera Batalla anual de los b\u00e1rmanes, \u00a1una celebraci\u00f3n del D\u00eda Mundial del C\u00f3ctel! Un d\u00eda lleno de diversi\u00f3n y sabor en el que reuniremos a tres b\u00e1rmanes con talento en cada uno de nuestros resorts (Umaya Resort, The Lodge at Jaguar Reef, The Rainforest Lodge at Sleeping Giant y The Banks) para competir en un concurso de tres rondas. Cada c\u00f3ctel se evaluar\u00e1 en funci\u00f3n del sabor, la presentaci\u00f3n y la creatividad. \u00a1Acomp\u00e1\u00f1enos en este evento en el que cada sorbo cuenta! \u00a1Salud!    <\/div><\/div>\t\t\t\t\t\t\t\t<\/div>\n\t\t\t\t<\/div>\n\t\t\t\t<div class=\"elementor-element elementor-element-dccc459 elementor-widget elementor-widget-button\" data-id=\"dccc459\" data-element_type=\"widget\" data-e-type=\"widget\" data-widget_type=\"button.default\">\n\t\t\t\t<div class=\"elementor-widget-container\">\n\t\t\t\t\t\t\t\t\t<div class=\"elementor-button-wrapper\">\n\t\t\t\t\t<a class=\"elementor-button elementor-button-link elementor-size-sm\" href=\"http:\/\/info@thebelizecollection.com\">\n\t\t\t\t\t\t<span class=\"elementor-button-content-wrapper\">\n\t\t\t\t\t\t\t\t\t<span class=\"elementor-button-text\">Haga clic aqu\u00ed para confirmar su asistencia<\/span>\n\t\t\t\t\t<\/span>\n\t\t\t\t\t<\/a>\n\t\t\t\t<\/div>\n\t\t\t\t\t\t\t\t<\/div>\n\t\t\t\t<\/div>\n\t\t\t\t<\/div>\n\t\t<div class=\"elementor-element elementor-element-0052661 e-con-full e-flex e-con e-child\" data-id=\"0052661\" data-element_type=\"container\" data-e-type=\"container\" data-settings=\"{&quot;background_background&quot;:&quot;classic&quot;}\">\n\t\t\t\t<div class=\"elementor-element elementor-element-8f23e48 elementor-widget elementor-widget-spacer\" data-id=\"8f23e48\" data-element_type=\"widget\" data-e-type=\"widget\" data-widget_type=\"spacer.default\">\n\t\t\t\t<div class=\"elementor-widget-container\">\n\t\t\t\t\t\t\t<div class=\"elementor-spacer\">\n\t\t\t<div class=\"elementor-spacer-inner\"><\/div>\n\t\t<\/div>\n\t\t\t\t\t\t<\/div>\n\t\t\t\t<\/div>\n\t\t\t\t<\/div>\n\t\t\t\t\t<\/div>\n\t\t\t\t<\/div>\n\t\t<div class=\"elementor-element elementor-element-25bcdf8 e-flex e-con-boxed e-con e-parent\" data-id=\"25bcdf8\" data-element_type=\"container\" data-e-type=\"container\">\n\t\t\t\t\t<div class=\"e-con-inner\">\n\t\t<div class=\"elementor-element elementor-element-d019e3f e-con-full e-flex e-con e-child\" data-id=\"d019e3f\" data-element_type=\"container\" data-e-type=\"container\">\n\t\t\t\t<div class=\"elementor-element elementor-element-1a95914 elementor-widget elementor-widget-heading\" data-id=\"1a95914\" data-element_type=\"widget\" data-e-type=\"widget\" data-widget_type=\"heading.default\">\n\t\t\t\t<div class=\"elementor-widget-container\">\n\t\t\t\t\t<h1 class=\"elementor-heading-title elementor-size-default\">The Rainforest Lodge at Sleeping Giant\n<br>&amp; The Banks Resort<\/h1>\t\t\t\t<\/div>\n\t\t\t\t<\/div>\n\t\t\t\t<div class=\"elementor-element elementor-element-498b0a5 elementor-widget elementor-widget-text-editor\" data-id=\"498b0a5\" data-element_type=\"widget\" data-e-type=\"widget\" data-widget_type=\"text-editor.default\">\n\t\t\t\t<div class=\"elementor-widget-container\">\n\t\t\t\t\t\t\t\t\t<div class=\"elementor-element elementor-element-01ee361 elementor-widget elementor-widget-text-editor\" data-id=\"01ee361\" data-element_type=\"widget\" data-widget_type=\"text-editor.default\"><div class=\"elementor-widget-container\"><p><b>Fecha<\/b>: 13 de mayo de 2025<\/p><p><strong>Ubicaci\u00f3n:<\/strong> Humo Bar<\/p><p><b>A partir de las<\/b>: 10:00<\/p><\/div><\/div><div class=\"elementor-element elementor-element-87423ed elementor-widget elementor-widget-spacer\" data-id=\"87423ed\" data-element_type=\"widget\" data-widget_type=\"spacer.default\"><div class=\"elementor-widget-container\"><div class=\"elementor-spacer\"> <\/div><\/div><\/div>\t\t\t\t\t\t\t\t<\/div>\n\t\t\t\t<\/div>\n\t\t\t\t<\/div>\n\t\t<div class=\"elementor-element elementor-element-c60477f e-con-full e-flex e-con e-child\" data-id=\"c60477f\" data-element_type=\"container\" data-e-type=\"container\">\n\t\t\t\t<div class=\"elementor-element elementor-element-44a9124 elementor-widget elementor-widget-heading\" data-id=\"44a9124\" data-element_type=\"widget\" data-e-type=\"widget\" data-widget_type=\"heading.default\">\n\t\t\t\t<div class=\"elementor-widget-container\">\n\t\t\t\t\t<h1 class=\"elementor-heading-title elementor-size-default\">Umaya Resort &amp; Adventures\u200b<\/h1>\t\t\t\t<\/div>\n\t\t\t\t<\/div>\n\t\t\t\t<div class=\"elementor-element elementor-element-7e7f0c7 elementor-widget elementor-widget-text-editor\" data-id=\"7e7f0c7\" data-element_type=\"widget\" data-e-type=\"widget\" data-widget_type=\"text-editor.default\">\n\t\t\t\t<div class=\"elementor-widget-container\">\n\t\t\t\t\t\t\t\t\t<div class=\"elementor-element elementor-element-44c48e4 elementor-widget elementor-widget-text-editor\" data-id=\"44c48e4\" data-element_type=\"widget\" data-widget_type=\"text-editor.default\"><div class=\"elementor-widget-container\"><p><b>Fecha<\/b>: 13 de mayo de 2025<\/p><p><b>Ubicaci\u00f3n<\/b>: Palapa junto a la playa<\/p><p><b>A partir de las<\/b>: 13:00<\/p><\/div><\/div><div class=\"elementor-element elementor-element-89e9133 elementor-widget elementor-widget-spacer\" data-id=\"89e9133\" data-element_type=\"widget\" data-widget_type=\"spacer.default\"><div class=\"elementor-widget-container\"><div class=\"elementor-spacer\"> <\/div><\/div><\/div>\t\t\t\t\t\t\t\t<\/div>\n\t\t\t\t<\/div>\n\t\t\t\t<\/div>\n\t\t<div class=\"elementor-element elementor-element-e6244af e-con-full e-flex e-con e-child\" data-id=\"e6244af\" data-element_type=\"container\" data-e-type=\"container\">\n\t\t\t\t<div class=\"elementor-element elementor-element-ddc09cb elementor-widget elementor-widget-heading\" data-id=\"ddc09cb\" data-element_type=\"widget\" data-e-type=\"widget\" data-widget_type=\"heading.default\">\n\t\t\t\t<div class=\"elementor-widget-container\">\n\t\t\t\t\t<h1 class=\"elementor-heading-title elementor-size-default\">The Lodge at Jaguar Reef &amp;\nThe Resort at Almond Beach<\/h1>\t\t\t\t<\/div>\n\t\t\t\t<\/div>\n\t\t\t\t<div class=\"elementor-element elementor-element-1e68184 elementor-widget elementor-widget-text-editor\" data-id=\"1e68184\" data-element_type=\"widget\" data-e-type=\"widget\" data-widget_type=\"text-editor.default\">\n\t\t\t\t<div class=\"elementor-widget-container\">\n\t\t\t\t\t\t\t\t\t<p><b>Fecha<\/b>: 13 de mayo de 2025<\/p><p><strong>Ubicaci\u00f3n:<\/strong> Sala de conferencias<\/p><p><b>A partir de las<\/b>: 10:00<\/p>\t\t\t\t\t\t\t\t<\/div>\n\t\t\t\t<\/div>\n\t\t\t\t<\/div>\n\t\t\t\t\t<\/div>\n\t\t\t\t<\/div>\n\t\t<div class=\"elementor-element elementor-element-bb4e97e e-flex e-con-boxed e-con e-parent\" data-id=\"bb4e97e\" data-element_type=\"container\" data-e-type=\"container\">\n\t\t\t\t\t<div class=\"e-con-inner\">\n\t\t\t\t<div class=\"elementor-element elementor-element-480f235 elementor-widget elementor-widget-spacer\" data-id=\"480f235\" data-element_type=\"widget\" data-e-type=\"widget\" data-widget_type=\"spacer.default\">\n\t\t\t\t<div class=\"elementor-widget-container\">\n\t\t\t\t\t\t\t<div class=\"elementor-spacer\">\n\t\t\t<div class=\"elementor-spacer-inner\"><\/div>\n\t\t<\/div>\n\t\t\t\t\t\t<\/div>\n\t\t\t\t<\/div>\n\t\t\t\t\t<\/div>\n\t\t\t\t<\/div>\n\t\t\t\t<\/div>\n\t\t","protected":false},"excerpt":{"rendered":"<p>Batalla de los b\u00e1rmanes The Belize Collection le invita a acompa\u00f1arnos en nuestra tercera Batalla anual de los b\u00e1rmanes, \u00a1una celebraci\u00f3n del D\u00eda Mundial del C\u00f3ctel! Un d\u00eda lleno de diversi\u00f3n y sabor en el que reuniremos a tres b\u00e1rmanes con talento en cada uno de nuestros resorts (Umaya Resort, The Lodge at Jaguar Reef, [&hellip;]<\/p>\n","protected":false},"author":2,"featured_media":69340,"parent":69524,"menu_order":0,"comment_status":"closed","ping_status":"closed","template":"page-full-width.php","meta":{"_acf_changed":false,"_vp_format_video_url":"","_vp_image_focal_point":[],"footnotes":""},"categories":[199],"tags":[],"class_list":["post-69324","page","type-page","status-publish","has-post-thumbnail","hentry","category-encuentro-tbc"],"acf":[],"yoast_head":"<!-- This site is optimized with the Yoast SEO plugin v27.4 - https:\/\/yoast.com\/product\/yoast-seo-wordpress\/ -->\n<title>Batalla de los b\u00e1rmanes - The Belize Collection<\/title>\n<meta name=\"robots\" content=\"index, follow, max-snippet:-1, max-image-preview:large, max-video-preview:-1\" \/>\n<link rel=\"canonical\" href=\"https:\/\/thebelizecollection.com\/es\/encuentros\/batalla-de-los-barmanes\/\" \/>\n<meta property=\"og:locale\" content=\"es_ES\" \/>\n<meta property=\"og:type\" content=\"article\" \/>\n<meta property=\"og:title\" content=\"Batalla de los b\u00e1rmanes - The Belize Collection\" \/>\n<meta property=\"og:description\" content=\"Batalla de los b\u00e1rmanes The Belize Collection le invita a acompa\u00f1arnos en nuestra tercera Batalla anual de los b\u00e1rmanes, \u00a1una celebraci\u00f3n del D\u00eda Mundial del C\u00f3ctel! Un d\u00eda lleno de diversi\u00f3n y sabor en el que reuniremos a tres b\u00e1rmanes con talento en cada uno de nuestros resorts (Umaya Resort, The Lodge at Jaguar Reef, [&hellip;]\" \/>\n<meta property=\"og:url\" content=\"https:\/\/thebelizecollection.com\/es\/encuentros\/batalla-de-los-barmanes\/\" \/>\n<meta property=\"og:site_name\" content=\"The Belize Collection\" \/>\n<meta property=\"article:modified_time\" content=\"2026-03-17T14:35:47+00:00\" \/>\n<meta property=\"og:image\" content=\"https:\/\/thebelizecollection.com\/wp-content\/uploads\/2025\/08\/TBC-Bartender-Comp.jpg\" \/>\n\t<meta property=\"og:image:width\" content=\"1920\" \/>\n\t<meta property=\"og:image:height\" content=\"1280\" \/>\n\t<meta property=\"og:image:type\" content=\"image\/jpeg\" \/>\n<meta name=\"twitter:card\" content=\"summary_large_image\" \/>\n<meta name=\"twitter:label1\" content=\"Tiempo de lectura\" \/>\n\t<meta name=\"twitter:data1\" content=\"1 minuto\" \/>\n<script type=\"application\/ld+json\" class=\"yoast-schema-graph\">{\"@context\":\"https:\\\/\\\/schema.org\",\"@graph\":[{\"@type\":\"WebPage\",\"@id\":\"https:\\\/\\\/thebelizecollection.com\\\/es\\\/encuentros\\\/batalla-de-los-barmanes\\\/\",\"url\":\"https:\\\/\\\/thebelizecollection.com\\\/es\\\/encuentros\\\/batalla-de-los-barmanes\\\/\",\"name\":\"Batalla de los b\u00e1rmanes - The Belize Collection\",\"isPartOf\":{\"@id\":\"https:\\\/\\\/thebelizecollection.com\\\/es\\\/#website\"},\"primaryImageOfPage\":{\"@id\":\"https:\\\/\\\/thebelizecollection.com\\\/es\\\/encuentros\\\/batalla-de-los-barmanes\\\/#primaryimage\"},\"image\":{\"@id\":\"https:\\\/\\\/thebelizecollection.com\\\/es\\\/encuentros\\\/batalla-de-los-barmanes\\\/#primaryimage\"},\"thumbnailUrl\":\"https:\\\/\\\/thebelizecollection.com\\\/wp-content\\\/uploads\\\/2025\\\/08\\\/TBC-Bartender-Comp.jpg\",\"datePublished\":\"2025-08-12T20:48:00+00:00\",\"dateModified\":\"2026-03-17T14:35:47+00:00\",\"breadcrumb\":{\"@id\":\"https:\\\/\\\/thebelizecollection.com\\\/es\\\/encuentros\\\/batalla-de-los-barmanes\\\/#breadcrumb\"},\"inLanguage\":\"es\",\"potentialAction\":[{\"@type\":\"ReadAction\",\"target\":[\"https:\\\/\\\/thebelizecollection.com\\\/es\\\/encuentros\\\/batalla-de-los-barmanes\\\/\"]}]},{\"@type\":\"ImageObject\",\"inLanguage\":\"es\",\"@id\":\"https:\\\/\\\/thebelizecollection.com\\\/es\\\/encuentros\\\/batalla-de-los-barmanes\\\/#primaryimage\",\"url\":\"https:\\\/\\\/thebelizecollection.com\\\/wp-content\\\/uploads\\\/2025\\\/08\\\/TBC-Bartender-Comp.jpg\",\"contentUrl\":\"https:\\\/\\\/thebelizecollection.com\\\/wp-content\\\/uploads\\\/2025\\\/08\\\/TBC-Bartender-Comp.jpg\",\"width\":1920,\"height\":1280},{\"@type\":\"BreadcrumbList\",\"@id\":\"https:\\\/\\\/thebelizecollection.com\\\/es\\\/encuentros\\\/batalla-de-los-barmanes\\\/#breadcrumb\",\"itemListElement\":[{\"@type\":\"ListItem\",\"position\":1,\"name\":\"Home\",\"item\":\"https:\\\/\\\/thebelizecollection.com\\\/es\\\/the-belize-collection\\\/\"},{\"@type\":\"ListItem\",\"position\":2,\"name\":\"Encuentros\",\"item\":\"https:\\\/\\\/thebelizecollection.com\\\/es\\\/encuentros\\\/\"},{\"@type\":\"ListItem\",\"position\":3,\"name\":\"Batalla de los b\u00e1rmanes\"}]},{\"@type\":\"WebSite\",\"@id\":\"https:\\\/\\\/thebelizecollection.com\\\/es\\\/#website\",\"url\":\"https:\\\/\\\/thebelizecollection.com\\\/es\\\/\",\"name\":\"The Belize Collection\",\"description\":\"Everything Belize\",\"potentialAction\":[{\"@type\":\"SearchAction\",\"target\":{\"@type\":\"EntryPoint\",\"urlTemplate\":\"https:\\\/\\\/thebelizecollection.com\\\/es\\\/?s={search_term_string}\"},\"query-input\":{\"@type\":\"PropertyValueSpecification\",\"valueRequired\":true,\"valueName\":\"search_term_string\"}}],\"inLanguage\":\"es\"}]}<\/script>\n<!-- \/ Yoast SEO plugin. -->","yoast_head_json":{"title":"Batalla de los b\u00e1rmanes - The Belize Collection","robots":{"index":"index","follow":"follow","max-snippet":"max-snippet:-1","max-image-preview":"max-image-preview:large","max-video-preview":"max-video-preview:-1"},"canonical":"https:\/\/thebelizecollection.com\/es\/encuentros\/batalla-de-los-barmanes\/","og_locale":"es_ES","og_type":"article","og_title":"Batalla de los b\u00e1rmanes - The Belize Collection","og_description":"Batalla de los b\u00e1rmanes The Belize Collection le invita a acompa\u00f1arnos en nuestra tercera Batalla anual de los b\u00e1rmanes, \u00a1una celebraci\u00f3n del D\u00eda Mundial del C\u00f3ctel! Un d\u00eda lleno de diversi\u00f3n y sabor en el que reuniremos a tres b\u00e1rmanes con talento en cada uno de nuestros resorts (Umaya Resort, The Lodge at Jaguar Reef, [&hellip;]","og_url":"https:\/\/thebelizecollection.com\/es\/encuentros\/batalla-de-los-barmanes\/","og_site_name":"The Belize Collection","article_modified_time":"2026-03-17T14:35:47+00:00","og_image":[{"width":1920,"height":1280,"url":"https:\/\/thebelizecollection.com\/wp-content\/uploads\/2025\/08\/TBC-Bartender-Comp.jpg","type":"image\/jpeg"}],"twitter_card":"summary_large_image","twitter_misc":{"Tiempo de lectura":"1 minuto"},"schema":{"@context":"https:\/\/schema.org","@graph":[{"@type":"WebPage","@id":"https:\/\/thebelizecollection.com\/es\/encuentros\/batalla-de-los-barmanes\/","url":"https:\/\/thebelizecollection.com\/es\/encuentros\/batalla-de-los-barmanes\/","name":"Batalla de los b\u00e1rmanes - The Belize Collection","isPartOf":{"@id":"https:\/\/thebelizecollection.com\/es\/#website"},"primaryImageOfPage":{"@id":"https:\/\/thebelizecollection.com\/es\/encuentros\/batalla-de-los-barmanes\/#primaryimage"},"image":{"@id":"https:\/\/thebelizecollection.com\/es\/encuentros\/batalla-de-los-barmanes\/#primaryimage"},"thumbnailUrl":"https:\/\/thebelizecollection.com\/wp-content\/uploads\/2025\/08\/TBC-Bartender-Comp.jpg","datePublished":"2025-08-12T20:48:00+00:00","dateModified":"2026-03-17T14:35:47+00:00","breadcrumb":{"@id":"https:\/\/thebelizecollection.com\/es\/encuentros\/batalla-de-los-barmanes\/#breadcrumb"},"inLanguage":"es","potentialAction":[{"@type":"ReadAction","target":["https:\/\/thebelizecollection.com\/es\/encuentros\/batalla-de-los-barmanes\/"]}]},{"@type":"ImageObject","inLanguage":"es","@id":"https:\/\/thebelizecollection.com\/es\/encuentros\/batalla-de-los-barmanes\/#primaryimage","url":"https:\/\/thebelizecollection.com\/wp-content\/uploads\/2025\/08\/TBC-Bartender-Comp.jpg","contentUrl":"https:\/\/thebelizecollection.com\/wp-content\/uploads\/2025\/08\/TBC-Bartender-Comp.jpg","width":1920,"height":1280},{"@type":"BreadcrumbList","@id":"https:\/\/thebelizecollection.com\/es\/encuentros\/batalla-de-los-barmanes\/#breadcrumb","itemListElement":[{"@type":"ListItem","position":1,"name":"Home","item":"https:\/\/thebelizecollection.com\/es\/the-belize-collection\/"},{"@type":"ListItem","position":2,"name":"Encuentros","item":"https:\/\/thebelizecollection.com\/es\/encuentros\/"},{"@type":"ListItem","position":3,"name":"Batalla de los b\u00e1rmanes"}]},{"@type":"WebSite","@id":"https:\/\/thebelizecollection.com\/es\/#website","url":"https:\/\/thebelizecollection.com\/es\/","name":"The Belize Collection","description":"Everything Belize","potentialAction":[{"@type":"SearchAction","target":{"@type":"EntryPoint","urlTemplate":"https:\/\/thebelizecollection.com\/es\/?s={search_term_string}"},"query-input":{"@type":"PropertyValueSpecification","valueRequired":true,"valueName":"search_term_string"}}],"inLanguage":"es"}]}},"jetpack_sharing_enabled":true,"_links":{"self":[{"href":"https:\/\/thebelizecollection.com\/es\/wp-json\/wp\/v2\/pages\/69324","targetHints":{"allow":["GET"]}}],"collection":[{"href":"https:\/\/thebelizecollection.com\/es\/wp-json\/wp\/v2\/pages"}],"about":[{"href":"https:\/\/thebelizecollection.com\/es\/wp-json\/wp\/v2\/types\/page"}],"author":[{"embeddable":true,"href":"https:\/\/thebelizecollection.com\/es\/wp-json\/wp\/v2\/users\/2"}],"replies":[{"embeddable":true,"href":"https:\/\/thebelizecollection.com\/es\/wp-json\/wp\/v2\/comments?post=69324"}],"version-history":[{"count":4,"href":"https:\/\/thebelizecollection.com\/es\/wp-json\/wp\/v2\/pages\/69324\/revisions"}],"predecessor-version":[{"id":69544,"href":"https:\/\/thebelizecollection.com\/es\/wp-json\/wp\/v2\/pages\/69324\/revisions\/69544"}],"up":[{"embeddable":true,"href":"https:\/\/thebelizecollection.com\/es\/wp-json\/wp\/v2\/pages\/69524"}],"wp:featuredmedia":[{"embeddable":true,"href":"https:\/\/thebelizecollection.com\/es\/wp-json\/wp\/v2\/media\/69340"}],"wp:attachment":[{"href":"https:\/\/thebelizecollection.com\/es\/wp-json\/wp\/v2\/media?parent=69324"}],"wp:term":[{"taxonomy":"category","embeddable":true,"href":"https:\/\/thebelizecollection.com\/es\/wp-json\/wp\/v2\/categories?post=69324"},{"taxonomy":"post_tag","embeddable":true,"href":"https:\/\/thebelizecollection.com\/es\/wp-json\/wp\/v2\/tags?post=69324"}],"curies":[{"name":"wp","href":"https:\/\/api.w.org\/{rel}","templated":true}]}}