{"id":69533,"date":"2025-05-12T15:51:45","date_gmt":"2025-05-12T21:51:45","guid":{"rendered":"https:\/\/thebelizecollection.com\/equilibrio-perfecto-aventura-relajacion\/"},"modified":"2026-03-17T08:32:24","modified_gmt":"2026-03-17T14:32:24","slug":"equilibrio-perfecto-aventura-relajacion","status":"publish","type":"page","link":"https:\/\/thebelizecollection.com\/es\/equilibrio-perfecto-aventura-relajacion\/","title":{"rendered":"Equilibrio perfecto &#8211; Aventura + Relajaci\u00f3n"},"content":{"rendered":"\t\t<div data-elementor-type=\"wp-page\" data-elementor-id=\"69533\" class=\"elementor elementor-69533 elementor-14777\" data-elementor-post-type=\"page\">\n\t\t\t\t<div class=\"elementor-element elementor-element-68a0ac7d e-con-full elementor-hidden-mobile e-flex e-con e-parent\" data-id=\"68a0ac7d\" data-element_type=\"container\" data-e-type=\"container\" data-settings=\"{&quot;background_background&quot;:&quot;classic&quot;}\">\n\t\t\t\t<\/div>\n\t\t<div class=\"elementor-element elementor-element-5ac1e7b2 e-flex e-con-boxed e-con e-parent\" data-id=\"5ac1e7b2\" data-element_type=\"container\" data-e-type=\"container\">\n\t\t\t\t\t<div class=\"e-con-inner\">\n\t\t<div class=\"elementor-element elementor-element-56c14a26 e-con-full e-flex e-con e-child\" data-id=\"56c14a26\" data-element_type=\"container\" data-e-type=\"container\" data-settings=\"{&quot;background_background&quot;:&quot;classic&quot;}\">\n\t\t\t\t<\/div>\n\t\t<div class=\"elementor-element elementor-element-1616f2f0 e-con-full e-flex e-con e-child\" data-id=\"1616f2f0\" data-element_type=\"container\" data-e-type=\"container\">\n\t\t\t\t<div class=\"elementor-element elementor-element-2c6fae8c elementor-widget elementor-widget-heading\" data-id=\"2c6fae8c\" data-element_type=\"widget\" data-e-type=\"widget\" data-widget_type=\"heading.default\">\n\t\t\t\t<div class=\"elementor-widget-container\">\n\t\t\t\t\t<h1 class=\"elementor-heading-title elementor-size-default\">Equilibrio perfecto ~ Aventura + Relajaci\u00f3n<\/h1>\t\t\t\t<\/div>\n\t\t\t\t<\/div>\n\t\t\t\t<div class=\"elementor-element elementor-element-5169814d elementor-widget elementor-widget-heading\" data-id=\"5169814d\" data-element_type=\"widget\" data-e-type=\"widget\" data-widget_type=\"heading.default\">\n\t\t\t\t<div class=\"elementor-widget-container\">\n\t\t\t\t\t<h3 class=\"elementor-heading-title elementor-size-default\">Zen &amp; Adrenalina<\/h3>\t\t\t\t<\/div>\n\t\t\t\t<\/div>\n\t\t\t\t<div class=\"elementor-element elementor-element-7facdba2 elementor-widget elementor-widget-text-editor\" data-id=\"7facdba2\" data-element_type=\"widget\" data-e-type=\"widget\" data-widget_type=\"text-editor.default\">\n\t\t\t\t<div class=\"elementor-widget-container\">\n\t\t\t\t\t\t\t\t\t<div class=\"elementor-element elementor-element-3fd73d8 elementor-widget elementor-widget-text-editor\" data-id=\"3fd73d8\" data-element_type=\"widget\" data-widget_type=\"text-editor.default\"><div class=\"elementor-widget-container\">\u00bfLe cuesta encontrar el equilibrio? Encuentre el reinicio perfecto con nosotros. Disfrute de pura relajaci\u00f3n en la pen\u00ednsula de Placencia con espectaculares puestas de sol en la laguna y descanso junto al mar. Contin\u00fae con una escapada a la selva tropical, llena de senderos para explorar y los relajantes sonidos de la naturaleza.   <\/div><\/div>\t\t\t\t\t\t\t\t<\/div>\n\t\t\t\t<\/div>\n\t\t\t\t<div class=\"elementor-element elementor-element-6d90738d elementor-widget elementor-widget-heading\" data-id=\"6d90738d\" data-element_type=\"widget\" data-e-type=\"widget\" data-widget_type=\"heading.default\">\n\t\t\t\t<div class=\"elementor-widget-container\">\n\t\t\t\t\t<h2 class=\"elementor-heading-title elementor-size-default\">Incluido en esta experiencia:<\/h2>\t\t\t\t<\/div>\n\t\t\t\t<\/div>\n\t\t\t\t<div class=\"elementor-element elementor-element-eb87e32 elementor-widget elementor-widget-text-editor\" data-id=\"eb87e32\" data-element_type=\"widget\" data-e-type=\"widget\" data-widget_type=\"text-editor.default\">\n\t\t\t\t<div class=\"elementor-widget-container\">\n\t\t\t\t\t\t\t\t\t<ul><li>Alojamiento de 3 noches en una unidad frente a la playa de 1 dormitorio en Umaya Resort<\/li><li>Alojamiento de 3 noches en una suite con vistas al r\u00edo en The Rainforest Lodge at Sleeping Giant<\/li><li>R\u00e9gimen de comidas activo en Umaya Resort durante 3 d\u00edas<\/li><li>R\u00e9gimen de comidas activo en The Rainforest Lodge at Sleeping Giant durante 3 d\u00edas<\/li><li>Excursi\u00f3n por el r\u00edo Monkey y avistamiento de manat\u00edes, y snorkel<\/li><li>Experiencia de cocina maya y visita al sitio maya de Xunantunich<\/li><li>Traslado desde el Aeropuerto Internacional de Belice a The Rainforest Lodge at Sleeping Giant<\/li><li>Traslado privado desde The Rainforest Lodge at Sleeping Giant a Umaya Resort<\/li><li>Vuelo de ida desde el Aeropuerto de Placencia al Aeropuerto Internacional de Belice<\/li><li>Masaje rom\u00e1ntico y relajante para parejas<\/li><\/ul>\t\t\t\t\t\t\t\t<\/div>\n\t\t\t\t<\/div>\n\t\t\t\t<div class=\"elementor-element elementor-element-9955ef7 elementor-widget elementor-widget-heading\" data-id=\"9955ef7\" data-element_type=\"widget\" data-e-type=\"widget\" data-widget_type=\"heading.default\">\n\t\t\t\t<div class=\"elementor-widget-container\">\n\t\t\t\t\t<h2 class=\"elementor-heading-title elementor-size-default\">A PARTIR DE 4.800,00 $ USD<\/h2>\t\t\t\t<\/div>\n\t\t\t\t<\/div>\n\t\t\t\t<div class=\"elementor-element elementor-element-8112a02 elementor-widget elementor-widget-text-editor\" data-id=\"8112a02\" data-element_type=\"widget\" data-e-type=\"widget\" data-widget_type=\"text-editor.default\">\n\t\t\t\t<div class=\"elementor-widget-container\">\n\t\t\t\t\t\t\t\t\t<div class=\"elementor-element elementor-element-3fd73d8 elementor-widget elementor-widget-text-editor\" data-id=\"3fd73d8\" data-element_type=\"widget\" data-widget_type=\"text-editor.default\"><div class=\"elementor-widget-container\"><ul><li>El precio del paquete est\u00e1 basado en 2 personas.<\/li><\/ul><\/div><\/div>\t\t\t\t\t\t\t\t<\/div>\n\t\t\t\t<\/div>\n\t\t<div class=\"elementor-element elementor-element-c29d8e0 e-grid e-con-full e-con e-child\" data-id=\"c29d8e0\" data-element_type=\"container\" data-e-type=\"container\">\n\t\t\t\t<div class=\"elementor-element elementor-element-5c8a7061 elementor-align-left elementor-widget elementor-widget-button\" data-id=\"5c8a7061\" data-element_type=\"widget\" data-e-type=\"widget\" data-widget_type=\"button.default\">\n\t\t\t\t<div class=\"elementor-widget-container\">\n\t\t\t\t\t\t\t\t\t<div class=\"elementor-button-wrapper\">\n\t\t\t\t\t<a class=\"elementor-button elementor-button-link elementor-size-sm\" href=\"https:\/\/thebelizecollection.com\/es\/contacto\/\">\n\t\t\t\t\t\t<span class=\"elementor-button-content-wrapper\">\n\t\t\t\t\t\t\t\t\t<span class=\"elementor-button-text\">CONTACTO<\/span>\n\t\t\t\t\t<\/span>\n\t\t\t\t\t<\/a>\n\t\t\t\t<\/div>\n\t\t\t\t\t\t\t\t<\/div>\n\t\t\t\t<\/div>\n\t\t\t\t<div class=\"elementor-element elementor-element-8333828 elementor-align-left elementor-widget elementor-widget-button\" data-id=\"8333828\" data-element_type=\"widget\" data-e-type=\"widget\" data-widget_type=\"button.default\">\n\t\t\t\t<div class=\"elementor-widget-container\">\n\t\t\t\t\t\t\t\t\t<div class=\"elementor-button-wrapper\">\n\t\t\t\t\t<a class=\"elementor-button elementor-button-link elementor-size-sm\" href=\"https:\/\/thebelizecollection.com\/vacation-packages\/\">\n\t\t\t\t\t\t<span class=\"elementor-button-content-wrapper\">\n\t\t\t\t\t\t<span class=\"elementor-button-icon\">\n\t\t\t\t<svg aria-hidden=\"true\" class=\"e-font-icon-svg e-fas-arrow-left\" viewBox=\"0 0 448 512\" xmlns=\"http:\/\/www.w3.org\/2000\/svg\"><path d=\"M257.5 445.1l-22.2 22.2c-9.4 9.4-24.6 9.4-33.9 0L7 273c-9.4-9.4-9.4-24.6 0-33.9L201.4 44.7c9.4-9.4 24.6-9.4 33.9 0l22.2 22.2c9.5 9.5 9.3 25-.4 34.3L136.6 216H424c13.3 0 24 10.7 24 24v32c0 13.3-10.7 24-24 24H136.6l120.5 114.8c9.8 9.3 10 24.8.4 34.3z\"><\/path><\/svg>\t\t\t<\/span>\n\t\t\t\t\t\t\t\t\t<span class=\"elementor-button-text\">VER PAQUETES DE VACACIONES<\/span>\n\t\t\t\t\t<\/span>\n\t\t\t\t\t<\/a>\n\t\t\t\t<\/div>\n\t\t\t\t\t\t\t\t<\/div>\n\t\t\t\t<\/div>\n\t\t\t\t<\/div>\n\t\t\t\t<\/div>\n\t\t\t\t\t<\/div>\n\t\t\t\t<\/div>\n\t\t<div class=\"elementor-element elementor-element-37d7ae38 e-flex e-con-boxed e-con e-parent\" data-id=\"37d7ae38\" data-element_type=\"container\" data-e-type=\"container\">\n\t\t\t\t\t<div class=\"e-con-inner\">\n\t\t\t\t<div class=\"elementor-element elementor-element-4ba762c5 elementor-widget elementor-widget-spacer\" data-id=\"4ba762c5\" data-element_type=\"widget\" data-e-type=\"widget\" data-widget_type=\"spacer.default\">\n\t\t\t\t<div class=\"elementor-widget-container\">\n\t\t\t\t\t\t\t<div class=\"elementor-spacer\">\n\t\t\t<div class=\"elementor-spacer-inner\"><\/div>\n\t\t<\/div>\n\t\t\t\t\t\t<\/div>\n\t\t\t\t<\/div>\n\t\t\t\t\t<\/div>\n\t\t\t\t<\/div>\n\t\t\t\t<\/div>\n\t\t","protected":false},"excerpt":{"rendered":"<p>Equilibrio perfecto ~ Aventura + Relajaci\u00f3n Zen &amp; Adrenalina \u00bfLe cuesta encontrar el equilibrio? Encuentre el reinicio perfecto con nosotros. Disfrute de pura relajaci\u00f3n en la pen\u00ednsula de Placencia con espectaculares puestas de sol en la laguna y descanso junto al mar. Contin\u00fae con una escapada a la selva tropical, llena de senderos para explorar [&hellip;]<\/p>\n","protected":false},"author":2,"featured_media":0,"parent":0,"menu_order":0,"comment_status":"closed","ping_status":"closed","template":"page-full-width.php","meta":{"_acf_changed":false,"_vp_format_video_url":"","_vp_image_focal_point":[],"footnotes":""},"categories":[],"tags":[],"class_list":["post-69533","page","type-page","status-publish","hentry"],"acf":[],"yoast_head":"<!-- This site is optimized with the Yoast SEO plugin v27.4 - https:\/\/yoast.com\/product\/yoast-seo-wordpress\/ -->\n<title>Equilibrio perfecto - Aventura + Relajaci\u00f3n - The Belize Collection<\/title>\n<meta name=\"robots\" content=\"index, follow, max-snippet:-1, max-image-preview:large, max-video-preview:-1\" \/>\n<link rel=\"canonical\" href=\"https:\/\/thebelizecollection.com\/es\/equilibrio-perfecto-aventura-relajacion\/\" \/>\n<meta property=\"og:locale\" content=\"es_ES\" \/>\n<meta property=\"og:type\" content=\"article\" \/>\n<meta property=\"og:title\" content=\"Equilibrio perfecto - Aventura + Relajaci\u00f3n - The Belize Collection\" \/>\n<meta property=\"og:description\" content=\"Equilibrio perfecto ~ Aventura + Relajaci\u00f3n Zen &amp; Adrenalina \u00bfLe cuesta encontrar el equilibrio? Encuentre el reinicio perfecto con nosotros. Disfrute de pura relajaci\u00f3n en la pen\u00ednsula de Placencia con espectaculares puestas de sol en la laguna y descanso junto al mar. Contin\u00fae con una escapada a la selva tropical, llena de senderos para explorar [&hellip;]\" \/>\n<meta property=\"og:url\" content=\"https:\/\/thebelizecollection.com\/es\/equilibrio-perfecto-aventura-relajacion\/\" \/>\n<meta property=\"og:site_name\" content=\"The Belize Collection\" \/>\n<meta property=\"article:modified_time\" content=\"2026-03-17T14:32:24+00:00\" \/>\n<meta name=\"twitter:card\" content=\"summary_large_image\" \/>\n<meta name=\"twitter:label1\" content=\"Tiempo de lectura\" \/>\n\t<meta name=\"twitter:data1\" content=\"1 minuto\" \/>\n<script type=\"application\/ld+json\" class=\"yoast-schema-graph\">{\"@context\":\"https:\\\/\\\/schema.org\",\"@graph\":[{\"@type\":\"WebPage\",\"@id\":\"https:\\\/\\\/thebelizecollection.com\\\/es\\\/equilibrio-perfecto-aventura-relajacion\\\/\",\"url\":\"https:\\\/\\\/thebelizecollection.com\\\/es\\\/equilibrio-perfecto-aventura-relajacion\\\/\",\"name\":\"Equilibrio perfecto - Aventura + Relajaci\u00f3n - The Belize Collection\",\"isPartOf\":{\"@id\":\"https:\\\/\\\/thebelizecollection.com\\\/es\\\/#website\"},\"datePublished\":\"2025-05-12T21:51:45+00:00\",\"dateModified\":\"2026-03-17T14:32:24+00:00\",\"breadcrumb\":{\"@id\":\"https:\\\/\\\/thebelizecollection.com\\\/es\\\/equilibrio-perfecto-aventura-relajacion\\\/#breadcrumb\"},\"inLanguage\":\"es\",\"potentialAction\":[{\"@type\":\"ReadAction\",\"target\":[\"https:\\\/\\\/thebelizecollection.com\\\/es\\\/equilibrio-perfecto-aventura-relajacion\\\/\"]}]},{\"@type\":\"BreadcrumbList\",\"@id\":\"https:\\\/\\\/thebelizecollection.com\\\/es\\\/equilibrio-perfecto-aventura-relajacion\\\/#breadcrumb\",\"itemListElement\":[{\"@type\":\"ListItem\",\"position\":1,\"name\":\"Home\",\"item\":\"https:\\\/\\\/thebelizecollection.com\\\/es\\\/the-belize-collection\\\/\"},{\"@type\":\"ListItem\",\"position\":2,\"name\":\"Equilibrio perfecto &#8211; Aventura + Relajaci\u00f3n\"}]},{\"@type\":\"WebSite\",\"@id\":\"https:\\\/\\\/thebelizecollection.com\\\/es\\\/#website\",\"url\":\"https:\\\/\\\/thebelizecollection.com\\\/es\\\/\",\"name\":\"The Belize Collection\",\"description\":\"Everything Belize\",\"potentialAction\":[{\"@type\":\"SearchAction\",\"target\":{\"@type\":\"EntryPoint\",\"urlTemplate\":\"https:\\\/\\\/thebelizecollection.com\\\/es\\\/?s={search_term_string}\"},\"query-input\":{\"@type\":\"PropertyValueSpecification\",\"valueRequired\":true,\"valueName\":\"search_term_string\"}}],\"inLanguage\":\"es\"}]}<\/script>\n<!-- \/ Yoast SEO plugin. -->","yoast_head_json":{"title":"Equilibrio perfecto - Aventura + Relajaci\u00f3n - The Belize Collection","robots":{"index":"index","follow":"follow","max-snippet":"max-snippet:-1","max-image-preview":"max-image-preview:large","max-video-preview":"max-video-preview:-1"},"canonical":"https:\/\/thebelizecollection.com\/es\/equilibrio-perfecto-aventura-relajacion\/","og_locale":"es_ES","og_type":"article","og_title":"Equilibrio perfecto - Aventura + Relajaci\u00f3n - The Belize Collection","og_description":"Equilibrio perfecto ~ Aventura + Relajaci\u00f3n Zen &amp; Adrenalina \u00bfLe cuesta encontrar el equilibrio? Encuentre el reinicio perfecto con nosotros. Disfrute de pura relajaci\u00f3n en la pen\u00ednsula de Placencia con espectaculares puestas de sol en la laguna y descanso junto al mar. Contin\u00fae con una escapada a la selva tropical, llena de senderos para explorar [&hellip;]","og_url":"https:\/\/thebelizecollection.com\/es\/equilibrio-perfecto-aventura-relajacion\/","og_site_name":"The Belize Collection","article_modified_time":"2026-03-17T14:32:24+00:00","twitter_card":"summary_large_image","twitter_misc":{"Tiempo de lectura":"1 minuto"},"schema":{"@context":"https:\/\/schema.org","@graph":[{"@type":"WebPage","@id":"https:\/\/thebelizecollection.com\/es\/equilibrio-perfecto-aventura-relajacion\/","url":"https:\/\/thebelizecollection.com\/es\/equilibrio-perfecto-aventura-relajacion\/","name":"Equilibrio perfecto - Aventura + Relajaci\u00f3n - The Belize Collection","isPartOf":{"@id":"https:\/\/thebelizecollection.com\/es\/#website"},"datePublished":"2025-05-12T21:51:45+00:00","dateModified":"2026-03-17T14:32:24+00:00","breadcrumb":{"@id":"https:\/\/thebelizecollection.com\/es\/equilibrio-perfecto-aventura-relajacion\/#breadcrumb"},"inLanguage":"es","potentialAction":[{"@type":"ReadAction","target":["https:\/\/thebelizecollection.com\/es\/equilibrio-perfecto-aventura-relajacion\/"]}]},{"@type":"BreadcrumbList","@id":"https:\/\/thebelizecollection.com\/es\/equilibrio-perfecto-aventura-relajacion\/#breadcrumb","itemListElement":[{"@type":"ListItem","position":1,"name":"Home","item":"https:\/\/thebelizecollection.com\/es\/the-belize-collection\/"},{"@type":"ListItem","position":2,"name":"Equilibrio perfecto &#8211; Aventura + Relajaci\u00f3n"}]},{"@type":"WebSite","@id":"https:\/\/thebelizecollection.com\/es\/#website","url":"https:\/\/thebelizecollection.com\/es\/","name":"The Belize Collection","description":"Everything Belize","potentialAction":[{"@type":"SearchAction","target":{"@type":"EntryPoint","urlTemplate":"https:\/\/thebelizecollection.com\/es\/?s={search_term_string}"},"query-input":{"@type":"PropertyValueSpecification","valueRequired":true,"valueName":"search_term_string"}}],"inLanguage":"es"}]}},"jetpack_sharing_enabled":true,"_links":{"self":[{"href":"https:\/\/thebelizecollection.com\/es\/wp-json\/wp\/v2\/pages\/69533","targetHints":{"allow":["GET"]}}],"collection":[{"href":"https:\/\/thebelizecollection.com\/es\/wp-json\/wp\/v2\/pages"}],"about":[{"href":"https:\/\/thebelizecollection.com\/es\/wp-json\/wp\/v2\/types\/page"}],"author":[{"embeddable":true,"href":"https:\/\/thebelizecollection.com\/es\/wp-json\/wp\/v2\/users\/2"}],"replies":[{"embeddable":true,"href":"https:\/\/thebelizecollection.com\/es\/wp-json\/wp\/v2\/comments?post=69533"}],"version-history":[{"count":1,"href":"https:\/\/thebelizecollection.com\/es\/wp-json\/wp\/v2\/pages\/69533\/revisions"}],"predecessor-version":[{"id":69541,"href":"https:\/\/thebelizecollection.com\/es\/wp-json\/wp\/v2\/pages\/69533\/revisions\/69541"}],"wp:attachment":[{"href":"https:\/\/thebelizecollection.com\/es\/wp-json\/wp\/v2\/media?parent=69533"}],"wp:term":[{"taxonomy":"category","embeddable":true,"href":"https:\/\/thebelizecollection.com\/es\/wp-json\/wp\/v2\/categories?post=69533"},{"taxonomy":"post_tag","embeddable":true,"href":"https:\/\/thebelizecollection.com\/es\/wp-json\/wp\/v2\/tags?post=69533"}],"curies":[{"name":"wp","href":"https:\/\/api.w.org\/{rel}","templated":true}]}}