{"id":69552,"date":"2025-05-05T14:01:52","date_gmt":"2025-05-05T20:01:52","guid":{"rendered":"https:\/\/thebelizecollection.com\/paquetes-de-fuga-romantica-en-belice\/"},"modified":"2026-03-17T08:40:41","modified_gmt":"2026-03-17T14:40:41","slug":"paquetes-de-fuga-romantica-en-belice","status":"publish","type":"page","link":"https:\/\/thebelizecollection.com\/es\/paquetes-de-fuga-romantica-en-belice\/","title":{"rendered":"Paquetes de fuga rom\u00e1ntica en Belice"},"content":{"rendered":"\t\t<div data-elementor-type=\"wp-page\" data-elementor-id=\"69552\" class=\"elementor elementor-69552 elementor-14709\" data-elementor-post-type=\"page\">\n\t\t\t\t<div class=\"elementor-element elementor-element-33e0ed2 e-con-full elementor-hidden-mobile e-flex e-con e-parent\" data-id=\"33e0ed2\" data-element_type=\"container\" data-e-type=\"container\" data-settings=\"{&quot;background_background&quot;:&quot;classic&quot;}\">\n\t\t\t\t<\/div>\n\t\t<div class=\"elementor-element elementor-element-12e81f3c e-flex e-con-boxed e-con e-parent\" data-id=\"12e81f3c\" data-element_type=\"container\" data-e-type=\"container\">\n\t\t\t\t\t<div class=\"e-con-inner\">\n\t\t<div class=\"elementor-element elementor-element-38783ed3 e-con-full e-flex e-con e-child\" data-id=\"38783ed3\" data-element_type=\"container\" data-e-type=\"container\" data-settings=\"{&quot;background_background&quot;:&quot;classic&quot;}\">\n\t\t\t\t<\/div>\n\t\t<div class=\"elementor-element elementor-element-5647634b e-con-full e-flex e-con e-child\" data-id=\"5647634b\" data-element_type=\"container\" data-e-type=\"container\">\n\t\t\t\t<div class=\"elementor-element elementor-element-4b537b86 elementor-widget elementor-widget-heading\" data-id=\"4b537b86\" data-element_type=\"widget\" data-e-type=\"widget\" data-widget_type=\"heading.default\">\n\t\t\t\t<div class=\"elementor-widget-container\">\n\t\t\t\t\t<h1 class=\"elementor-heading-title elementor-size-default\">Paquetes de fuga rom\u00e1ntica en Belice<\/h1>\t\t\t\t<\/div>\n\t\t\t\t<\/div>\n\t\t\t\t<div class=\"elementor-element elementor-element-774f407a elementor-widget elementor-widget-heading\" data-id=\"774f407a\" data-element_type=\"widget\" data-e-type=\"widget\" data-widget_type=\"heading.default\">\n\t\t\t\t<div class=\"elementor-widget-container\">\n\t\t\t\t\t<h3 class=\"elementor-heading-title elementor-size-default\">Diga \u201cs\u00ed, quiero\u201d con la boda de destino perfecta<\/h3>\t\t\t\t<\/div>\n\t\t\t\t<\/div>\n\t\t\t\t<div class=\"elementor-element elementor-element-7d242ddc elementor-widget elementor-widget-text-editor\" data-id=\"7d242ddc\" data-element_type=\"widget\" data-e-type=\"widget\" data-widget_type=\"text-editor.default\">\n\t\t\t\t<div class=\"elementor-widget-container\">\n\t\t\t\t\t\t\t\t\t<div class=\"elementor-element elementor-element-3fd73d8 elementor-widget elementor-widget-text-editor\" data-id=\"3fd73d8\" data-element_type=\"widget\" data-widget_type=\"text-editor.default\"><div class=\"elementor-widget-container\">\u00a1Celebre su uni\u00f3n cas\u00e1ndose en el para\u00edso! En The Belize Collection, le ofrecemos lo mejor de ambos mundos: sum\u00e9rjase en la exuberante selva belice\u00f1a o en las playas de arena blanca. Sabemos lo estresante que puede ser planificar una boda, pero con nuestro equipo de expertos meticulosos, se sentir\u00e1 como en casa y no tendr\u00e1 que preocuparse por nada mientras se prepara para su boda en el para\u00edso. Para casarse en Belice, la pareja deber\u00e1 permanecer en el pa\u00eds un m\u00ednimo de tres d\u00edas antes de solicitar la licencia de matrimonio. El primer d\u00eda laborable tras esos tres d\u00edas, la solicitud de matrimonio puede presentarse en la Oficina del Registro. El proceso de solicitud dura un d\u00eda y requiere prueba de ciudadan\u00eda con el pasaporte, un certificado de nacimiento original y, si procede, la sentencia de divorcio original o el certificado de defunci\u00f3n. Estos documentos deber\u00e1n estar firmados por un juez de paz.      <\/div><\/div>\t\t\t\t\t\t\t\t<\/div>\n\t\t\t\t<\/div>\n\t\t\t\t<div class=\"elementor-element elementor-element-2a27efd4 elementor-widget elementor-widget-heading\" data-id=\"2a27efd4\" data-element_type=\"widget\" data-e-type=\"widget\" data-widget_type=\"heading.default\">\n\t\t\t\t<div class=\"elementor-widget-container\">\n\t\t\t\t\t<h2 class=\"elementor-heading-title elementor-size-default\">Incluido en esta experiencia:<\/h2>\t\t\t\t<\/div>\n\t\t\t\t<\/div>\n\t\t\t\t<div class=\"elementor-element elementor-element-3fceb046 elementor-widget elementor-widget-text-editor\" data-id=\"3fceb046\" data-element_type=\"widget\" data-e-type=\"widget\" data-widget_type=\"text-editor.default\">\n\t\t\t\t<div class=\"elementor-widget-container\">\n\t\t\t\t\t\t\t\t\t<ul><li>Coordinador\/a de bodas previo al viaje para ayudar con todos los preparativos antes de la boda<\/li><li>Licencia y certificado de matrimonio<\/li><li>Coordinador\/a de bodas en el resort<\/li><li>M\u00fasica de ceremonia pregrabada<\/li><li>Oficiante de la ceremonia<\/li><li>Arco nupcial<\/li><li>Ramo de novia tropical y prendido<\/li><li>Tarta de un piso<\/li><li>1 botella de champ\u00e1n<\/li><li>Montaje de cena rom\u00e1ntica privada para 2<\/li><li>Todas las propinas e impuestos<\/li><\/ul>\t\t\t\t\t\t\t\t<\/div>\n\t\t\t\t<\/div>\n\t\t\t\t<div class=\"elementor-element elementor-element-13dda294 elementor-widget elementor-widget-heading\" data-id=\"13dda294\" data-element_type=\"widget\" data-e-type=\"widget\" data-widget_type=\"heading.default\">\n\t\t\t\t<div class=\"elementor-widget-container\">\n\t\t\t\t\t<h2 class=\"elementor-heading-title elementor-size-default\">DESDE 3.400,00 $ USD<\/h2>\t\t\t\t<\/div>\n\t\t\t\t<\/div>\n\t\t\t\t<div class=\"elementor-element elementor-element-57227174 elementor-widget elementor-widget-text-editor\" data-id=\"57227174\" data-element_type=\"widget\" data-e-type=\"widget\" data-widget_type=\"text-editor.default\">\n\t\t\t\t<div class=\"elementor-widget-container\">\n\t\t\t\t\t\t\t\t\t<ul><li class=\"elementor-element elementor-element-3fd73d8 elementor-widget elementor-widget-text-editor\" data-id=\"3fd73d8\" data-element_type=\"widget\" data-widget_type=\"text-editor.default\"><div class=\"elementor-widget-container\"><p>El precio del paquete est\u00e1 basado en 2 personas.<\/p><\/div><\/li><\/ul>\t\t\t\t\t\t\t\t<\/div>\n\t\t\t\t<\/div>\n\t\t<div class=\"elementor-element elementor-element-abd2a41 e-grid e-con-full e-con e-child\" data-id=\"abd2a41\" data-element_type=\"container\" data-e-type=\"container\">\n\t\t\t\t<div class=\"elementor-element elementor-element-715642fc elementor-align-left elementor-widget elementor-widget-button\" data-id=\"715642fc\" data-element_type=\"widget\" data-e-type=\"widget\" data-widget_type=\"button.default\">\n\t\t\t\t<div class=\"elementor-widget-container\">\n\t\t\t\t\t\t\t\t\t<div class=\"elementor-button-wrapper\">\n\t\t\t\t\t<a class=\"elementor-button elementor-button-link elementor-size-sm\" href=\"https:\/\/thebelizecollection.com\/es\/contacto\/\">\n\t\t\t\t\t\t<span class=\"elementor-button-content-wrapper\">\n\t\t\t\t\t\t\t\t\t<span class=\"elementor-button-text\">CONTACTO<\/span>\n\t\t\t\t\t<\/span>\n\t\t\t\t\t<\/a>\n\t\t\t\t<\/div>\n\t\t\t\t\t\t\t\t<\/div>\n\t\t\t\t<\/div>\n\t\t\t\t<div class=\"elementor-element elementor-element-b99eeb0 elementor-align-left elementor-widget elementor-widget-button\" data-id=\"b99eeb0\" data-element_type=\"widget\" data-e-type=\"widget\" data-widget_type=\"button.default\">\n\t\t\t\t<div class=\"elementor-widget-container\">\n\t\t\t\t\t\t\t\t\t<div class=\"elementor-button-wrapper\">\n\t\t\t\t\t<a class=\"elementor-button elementor-button-link elementor-size-sm\" href=\"https:\/\/thebelizecollection.com\/vacation-packages\/\">\n\t\t\t\t\t\t<span class=\"elementor-button-content-wrapper\">\n\t\t\t\t\t\t<span class=\"elementor-button-icon\">\n\t\t\t\t<svg aria-hidden=\"true\" class=\"e-font-icon-svg e-fas-arrow-left\" viewBox=\"0 0 448 512\" xmlns=\"http:\/\/www.w3.org\/2000\/svg\"><path d=\"M257.5 445.1l-22.2 22.2c-9.4 9.4-24.6 9.4-33.9 0L7 273c-9.4-9.4-9.4-24.6 0-33.9L201.4 44.7c9.4-9.4 24.6-9.4 33.9 0l22.2 22.2c9.5 9.5 9.3 25-.4 34.3L136.6 216H424c13.3 0 24 10.7 24 24v32c0 13.3-10.7 24-24 24H136.6l120.5 114.8c9.8 9.3 10 24.8.4 34.3z\"><\/path><\/svg>\t\t\t<\/span>\n\t\t\t\t\t\t\t\t\t<span class=\"elementor-button-text\">VER PAQUETES DE VACACIONES<\/span>\n\t\t\t\t\t<\/span>\n\t\t\t\t\t<\/a>\n\t\t\t\t<\/div>\n\t\t\t\t\t\t\t\t<\/div>\n\t\t\t\t<\/div>\n\t\t\t\t<\/div>\n\t\t\t\t<\/div>\n\t\t\t\t\t<\/div>\n\t\t\t\t<\/div>\n\t\t<div class=\"elementor-element elementor-element-6ce4e926 e-flex e-con-boxed e-con e-parent\" data-id=\"6ce4e926\" data-element_type=\"container\" data-e-type=\"container\">\n\t\t\t\t\t<div class=\"e-con-inner\">\n\t\t\t\t<div class=\"elementor-element elementor-element-7873cc68 elementor-widget elementor-widget-spacer\" data-id=\"7873cc68\" data-element_type=\"widget\" data-e-type=\"widget\" data-widget_type=\"spacer.default\">\n\t\t\t\t<div class=\"elementor-widget-container\">\n\t\t\t\t\t\t\t<div class=\"elementor-spacer\">\n\t\t\t<div class=\"elementor-spacer-inner\"><\/div>\n\t\t<\/div>\n\t\t\t\t\t\t<\/div>\n\t\t\t\t<\/div>\n\t\t\t\t\t<\/div>\n\t\t\t\t<\/div>\n\t\t\t\t<\/div>\n\t\t","protected":false},"excerpt":{"rendered":"<p>Paquetes de fuga rom\u00e1ntica en Belice Diga \u201cs\u00ed, quiero\u201d con la boda de destino perfecta \u00a1Celebre su uni\u00f3n cas\u00e1ndose en el para\u00edso! En The Belize Collection, le ofrecemos lo mejor de ambos mundos: sum\u00e9rjase en la exuberante selva belice\u00f1a o en las playas de arena blanca. Sabemos lo estresante que puede ser planificar una boda, [&hellip;]<\/p>\n","protected":false},"author":2,"featured_media":0,"parent":0,"menu_order":0,"comment_status":"closed","ping_status":"closed","template":"page-full-width.php","meta":{"_acf_changed":false,"_vp_format_video_url":"","_vp_image_focal_point":[],"footnotes":""},"categories":[],"tags":[],"class_list":["post-69552","page","type-page","status-publish","hentry"],"acf":[],"yoast_head":"<!-- This site is optimized with the Yoast SEO plugin v27.4 - https:\/\/yoast.com\/product\/yoast-seo-wordpress\/ -->\n<title>Paquetes de fuga rom\u00e1ntica en Belice - The Belize Collection<\/title>\n<meta name=\"robots\" content=\"index, follow, max-snippet:-1, max-image-preview:large, max-video-preview:-1\" \/>\n<link rel=\"canonical\" href=\"https:\/\/thebelizecollection.com\/es\/paquetes-de-fuga-romantica-en-belice\/\" \/>\n<meta property=\"og:locale\" content=\"es_ES\" \/>\n<meta property=\"og:type\" content=\"article\" \/>\n<meta property=\"og:title\" content=\"Paquetes de fuga rom\u00e1ntica en Belice - The Belize Collection\" \/>\n<meta property=\"og:description\" content=\"Paquetes de fuga rom\u00e1ntica en Belice Diga \u201cs\u00ed, quiero\u201d con la boda de destino perfecta \u00a1Celebre su uni\u00f3n cas\u00e1ndose en el para\u00edso! En The Belize Collection, le ofrecemos lo mejor de ambos mundos: sum\u00e9rjase en la exuberante selva belice\u00f1a o en las playas de arena blanca. Sabemos lo estresante que puede ser planificar una boda, [&hellip;]\" \/>\n<meta property=\"og:url\" content=\"https:\/\/thebelizecollection.com\/es\/paquetes-de-fuga-romantica-en-belice\/\" \/>\n<meta property=\"og:site_name\" content=\"The Belize Collection\" \/>\n<meta property=\"article:modified_time\" content=\"2026-03-17T14:40:41+00:00\" \/>\n<meta name=\"twitter:card\" content=\"summary_large_image\" \/>\n<meta name=\"twitter:label1\" content=\"Tiempo de lectura\" \/>\n\t<meta name=\"twitter:data1\" content=\"1 minuto\" \/>\n<script type=\"application\/ld+json\" class=\"yoast-schema-graph\">{\"@context\":\"https:\\\/\\\/schema.org\",\"@graph\":[{\"@type\":\"WebPage\",\"@id\":\"https:\\\/\\\/thebelizecollection.com\\\/es\\\/paquetes-de-fuga-romantica-en-belice\\\/\",\"url\":\"https:\\\/\\\/thebelizecollection.com\\\/es\\\/paquetes-de-fuga-romantica-en-belice\\\/\",\"name\":\"Paquetes de fuga rom\u00e1ntica en Belice - The Belize Collection\",\"isPartOf\":{\"@id\":\"https:\\\/\\\/thebelizecollection.com\\\/es\\\/#website\"},\"datePublished\":\"2025-05-05T20:01:52+00:00\",\"dateModified\":\"2026-03-17T14:40:41+00:00\",\"breadcrumb\":{\"@id\":\"https:\\\/\\\/thebelizecollection.com\\\/es\\\/paquetes-de-fuga-romantica-en-belice\\\/#breadcrumb\"},\"inLanguage\":\"es\",\"potentialAction\":[{\"@type\":\"ReadAction\",\"target\":[\"https:\\\/\\\/thebelizecollection.com\\\/es\\\/paquetes-de-fuga-romantica-en-belice\\\/\"]}]},{\"@type\":\"BreadcrumbList\",\"@id\":\"https:\\\/\\\/thebelizecollection.com\\\/es\\\/paquetes-de-fuga-romantica-en-belice\\\/#breadcrumb\",\"itemListElement\":[{\"@type\":\"ListItem\",\"position\":1,\"name\":\"Home\",\"item\":\"https:\\\/\\\/thebelizecollection.com\\\/es\\\/the-belize-collection\\\/\"},{\"@type\":\"ListItem\",\"position\":2,\"name\":\"Paquetes de fuga rom\u00e1ntica en Belice\"}]},{\"@type\":\"WebSite\",\"@id\":\"https:\\\/\\\/thebelizecollection.com\\\/es\\\/#website\",\"url\":\"https:\\\/\\\/thebelizecollection.com\\\/es\\\/\",\"name\":\"The Belize Collection\",\"description\":\"Everything Belize\",\"potentialAction\":[{\"@type\":\"SearchAction\",\"target\":{\"@type\":\"EntryPoint\",\"urlTemplate\":\"https:\\\/\\\/thebelizecollection.com\\\/es\\\/?s={search_term_string}\"},\"query-input\":{\"@type\":\"PropertyValueSpecification\",\"valueRequired\":true,\"valueName\":\"search_term_string\"}}],\"inLanguage\":\"es\"}]}<\/script>\n<!-- \/ Yoast SEO plugin. -->","yoast_head_json":{"title":"Paquetes de fuga rom\u00e1ntica en Belice - The Belize Collection","robots":{"index":"index","follow":"follow","max-snippet":"max-snippet:-1","max-image-preview":"max-image-preview:large","max-video-preview":"max-video-preview:-1"},"canonical":"https:\/\/thebelizecollection.com\/es\/paquetes-de-fuga-romantica-en-belice\/","og_locale":"es_ES","og_type":"article","og_title":"Paquetes de fuga rom\u00e1ntica en Belice - The Belize Collection","og_description":"Paquetes de fuga rom\u00e1ntica en Belice Diga \u201cs\u00ed, quiero\u201d con la boda de destino perfecta \u00a1Celebre su uni\u00f3n cas\u00e1ndose en el para\u00edso! En The Belize Collection, le ofrecemos lo mejor de ambos mundos: sum\u00e9rjase en la exuberante selva belice\u00f1a o en las playas de arena blanca. Sabemos lo estresante que puede ser planificar una boda, [&hellip;]","og_url":"https:\/\/thebelizecollection.com\/es\/paquetes-de-fuga-romantica-en-belice\/","og_site_name":"The Belize Collection","article_modified_time":"2026-03-17T14:40:41+00:00","twitter_card":"summary_large_image","twitter_misc":{"Tiempo de lectura":"1 minuto"},"schema":{"@context":"https:\/\/schema.org","@graph":[{"@type":"WebPage","@id":"https:\/\/thebelizecollection.com\/es\/paquetes-de-fuga-romantica-en-belice\/","url":"https:\/\/thebelizecollection.com\/es\/paquetes-de-fuga-romantica-en-belice\/","name":"Paquetes de fuga rom\u00e1ntica en Belice - The Belize Collection","isPartOf":{"@id":"https:\/\/thebelizecollection.com\/es\/#website"},"datePublished":"2025-05-05T20:01:52+00:00","dateModified":"2026-03-17T14:40:41+00:00","breadcrumb":{"@id":"https:\/\/thebelizecollection.com\/es\/paquetes-de-fuga-romantica-en-belice\/#breadcrumb"},"inLanguage":"es","potentialAction":[{"@type":"ReadAction","target":["https:\/\/thebelizecollection.com\/es\/paquetes-de-fuga-romantica-en-belice\/"]}]},{"@type":"BreadcrumbList","@id":"https:\/\/thebelizecollection.com\/es\/paquetes-de-fuga-romantica-en-belice\/#breadcrumb","itemListElement":[{"@type":"ListItem","position":1,"name":"Home","item":"https:\/\/thebelizecollection.com\/es\/the-belize-collection\/"},{"@type":"ListItem","position":2,"name":"Paquetes de fuga rom\u00e1ntica en Belice"}]},{"@type":"WebSite","@id":"https:\/\/thebelizecollection.com\/es\/#website","url":"https:\/\/thebelizecollection.com\/es\/","name":"The Belize Collection","description":"Everything Belize","potentialAction":[{"@type":"SearchAction","target":{"@type":"EntryPoint","urlTemplate":"https:\/\/thebelizecollection.com\/es\/?s={search_term_string}"},"query-input":{"@type":"PropertyValueSpecification","valueRequired":true,"valueName":"search_term_string"}}],"inLanguage":"es"}]}},"jetpack_sharing_enabled":true,"_links":{"self":[{"href":"https:\/\/thebelizecollection.com\/es\/wp-json\/wp\/v2\/pages\/69552","targetHints":{"allow":["GET"]}}],"collection":[{"href":"https:\/\/thebelizecollection.com\/es\/wp-json\/wp\/v2\/pages"}],"about":[{"href":"https:\/\/thebelizecollection.com\/es\/wp-json\/wp\/v2\/types\/page"}],"author":[{"embeddable":true,"href":"https:\/\/thebelizecollection.com\/es\/wp-json\/wp\/v2\/users\/2"}],"replies":[{"embeddable":true,"href":"https:\/\/thebelizecollection.com\/es\/wp-json\/wp\/v2\/comments?post=69552"}],"version-history":[{"count":1,"href":"https:\/\/thebelizecollection.com\/es\/wp-json\/wp\/v2\/pages\/69552\/revisions"}],"predecessor-version":[{"id":69559,"href":"https:\/\/thebelizecollection.com\/es\/wp-json\/wp\/v2\/pages\/69552\/revisions\/69559"}],"wp:attachment":[{"href":"https:\/\/thebelizecollection.com\/es\/wp-json\/wp\/v2\/media?parent=69552"}],"wp:term":[{"taxonomy":"category","embeddable":true,"href":"https:\/\/thebelizecollection.com\/es\/wp-json\/wp\/v2\/categories?post=69552"},{"taxonomy":"post_tag","embeddable":true,"href":"https:\/\/thebelizecollection.com\/es\/wp-json\/wp\/v2\/tags?post=69552"}],"curies":[{"name":"wp","href":"https:\/\/api.w.org\/{rel}","templated":true}]}}