{"id":69562,"date":"2025-05-12T15:02:23","date_gmt":"2025-05-12T21:02:23","guid":{"rendered":"https:\/\/thebelizecollection.com\/experiencia-definitiva-de-playa-y-selva\/"},"modified":"2026-03-17T08:42:01","modified_gmt":"2026-03-17T14:42:01","slug":"experiencia-definitiva-de-playa-y-selva","status":"publish","type":"page","link":"https:\/\/thebelizecollection.com\/es\/experiencia-definitiva-de-playa-y-selva\/","title":{"rendered":"Experiencia definitiva de playa y selva"},"content":{"rendered":"\t\t<div data-elementor-type=\"wp-page\" data-elementor-id=\"69562\" class=\"elementor elementor-69562 elementor-14750\" data-elementor-post-type=\"page\">\n\t\t\t\t<div class=\"elementor-element elementor-element-b4437ba e-con-full elementor-hidden-mobile e-flex e-con e-parent\" data-id=\"b4437ba\" data-element_type=\"container\" data-e-type=\"container\" data-settings=\"{&quot;background_background&quot;:&quot;classic&quot;}\">\n\t\t\t\t<\/div>\n\t\t<div class=\"elementor-element elementor-element-30d8c751 e-flex e-con-boxed e-con e-parent\" data-id=\"30d8c751\" data-element_type=\"container\" data-e-type=\"container\">\n\t\t\t\t\t<div class=\"e-con-inner\">\n\t\t<div class=\"elementor-element elementor-element-15d16773 e-con-full e-flex e-con e-child\" data-id=\"15d16773\" data-element_type=\"container\" data-e-type=\"container\" data-settings=\"{&quot;background_background&quot;:&quot;classic&quot;}\">\n\t\t\t\t<\/div>\n\t\t<div class=\"elementor-element elementor-element-150e02b9 e-con-full e-flex e-con e-child\" data-id=\"150e02b9\" data-element_type=\"container\" data-e-type=\"container\">\n\t\t\t\t<div class=\"elementor-element elementor-element-8857413 elementor-widget elementor-widget-heading\" data-id=\"8857413\" data-element_type=\"widget\" data-e-type=\"widget\" data-widget_type=\"heading.default\">\n\t\t\t\t<div class=\"elementor-widget-container\">\n\t\t\t\t\t<h1 class=\"elementor-heading-title elementor-size-default\">Experiencia definitiva de playa y selva<\/h1>\t\t\t\t<\/div>\n\t\t\t\t<\/div>\n\t\t\t\t<div class=\"elementor-element elementor-element-7e810c3d elementor-widget elementor-widget-heading\" data-id=\"7e810c3d\" data-element_type=\"widget\" data-e-type=\"widget\" data-widget_type=\"heading.default\">\n\t\t\t\t<div class=\"elementor-widget-container\">\n\t\t\t\t\t<h3 class=\"elementor-heading-title elementor-size-default\">Una aventura inolvidable en Belice<\/h3>\t\t\t\t<\/div>\n\t\t\t\t<\/div>\n\t\t\t\t<div class=\"elementor-element elementor-element-26da4d8b elementor-widget elementor-widget-text-editor\" data-id=\"26da4d8b\" data-element_type=\"widget\" data-e-type=\"widget\" data-widget_type=\"text-editor.default\">\n\t\t\t\t<div class=\"elementor-widget-container\">\n\t\t\t\t\t\t\t\t\t<div class=\"elementor-element elementor-element-3fd73d8 elementor-widget elementor-widget-text-editor\" data-id=\"3fd73d8\" data-element_type=\"widget\" data-widget_type=\"text-editor.default\"><div class=\"elementor-widget-container\">Disfrute de la experiencia definitiva de playa y selva con 7 noches repartidas entre la soleada isla de Ambergris Caye y la exuberante selva tropical de Sleeping Giant. Sum\u00e9rjase en la naturaleza con 3 noches en The Rainforest Lodge at Sleeping Giant y disfrute del sol en el Victoria House Resort &amp; Spa. <\/div><\/div>\t\t\t\t\t\t\t\t<\/div>\n\t\t\t\t<\/div>\n\t\t\t\t<div class=\"elementor-element elementor-element-1cba1f69 elementor-widget elementor-widget-heading\" data-id=\"1cba1f69\" data-element_type=\"widget\" data-e-type=\"widget\" data-widget_type=\"heading.default\">\n\t\t\t\t<div class=\"elementor-widget-container\">\n\t\t\t\t\t<h2 class=\"elementor-heading-title elementor-size-default\">Incluido en esta experiencia:<\/h2>\t\t\t\t<\/div>\n\t\t\t\t<\/div>\n\t\t\t\t<div class=\"elementor-element elementor-element-5ee9a8a4 elementor-widget elementor-widget-text-editor\" data-id=\"5ee9a8a4\" data-element_type=\"widget\" data-e-type=\"widget\" data-widget_type=\"text-editor.default\">\n\t\t\t\t<div class=\"elementor-widget-container\">\n\t\t\t\t\t\t\t\t\t<p><strong>En The Rainforest Lodge at Sleeping Giant:<\/strong><\/p><ul><li>Traslado desde el aeropuerto internacional hasta The Rainforest Lodge at Sleeping Giant.<\/li><li>Tres (3) noches en una caba\u00f1a de lujo junto al arroyo o suite con vistas al r\u00edo (seg\u00fan disponibilidad).<\/li><li>Desayuno, almuerzo y cena para 2 personas, con cena servida en el galardonado restaurante Grove House o en Don Tonitio&#8217;s Pizzeria.<\/li><li>Visita a las ruinas mayas de Xunantunich.<\/li><li>Experiencia de cocina maya.<\/li><li>Masaje de aromaterapia para dos (1 hora).<\/li><li>Traslado desde Sleeping Giant Rainforest Lodge hasta el aeropuerto internacional o municipal.<\/li><li>Todos los impuestos.<\/li><\/ul><p><strong>En Victoria House &amp; Spa:<\/strong><\/p><ul><li>Cuatro (4) noches en una casita o habitaci\u00f3n Palmetto.<\/li><li>Desayuno, almuerzo y cena.<\/li><li>Bebida de bienvenida<\/li><li>Alquiler de carrito de golf por 1 d\u00eda<\/li><li>1 excursi\u00f3n de pesca, barbacoa y esn\u00f3rquel.<\/li><\/ul>\t\t\t\t\t\t\t\t<\/div>\n\t\t\t\t<\/div>\n\t\t\t\t<div class=\"elementor-element elementor-element-7900592f elementor-widget elementor-widget-heading\" data-id=\"7900592f\" data-element_type=\"widget\" data-e-type=\"widget\" data-widget_type=\"heading.default\">\n\t\t\t\t<div class=\"elementor-widget-container\">\n\t\t\t\t\t<h2 class=\"elementor-heading-title elementor-size-default\">DESDE $5.800,00 USD<\/h2>\t\t\t\t<\/div>\n\t\t\t\t<\/div>\n\t\t\t\t<div class=\"elementor-element elementor-element-5b8cd2cd elementor-widget elementor-widget-text-editor\" data-id=\"5b8cd2cd\" data-element_type=\"widget\" data-e-type=\"widget\" data-widget_type=\"text-editor.default\">\n\t\t\t\t<div class=\"elementor-widget-container\">\n\t\t\t\t\t\t\t\t\t<div class=\"elementor-element elementor-element-3fd73d8 elementor-widget elementor-widget-text-editor\" data-id=\"3fd73d8\" data-element_type=\"widget\" data-widget_type=\"text-editor.default\"><div class=\"elementor-widget-container\"><ul><li>El precio del paquete est\u00e1 basado en 2 personas.<\/li><\/ul><\/div><\/div>\t\t\t\t\t\t\t\t<\/div>\n\t\t\t\t<\/div>\n\t\t<div class=\"elementor-element elementor-element-0392c37 e-grid e-con-full e-con e-child\" data-id=\"0392c37\" data-element_type=\"container\" data-e-type=\"container\">\n\t\t\t\t<div class=\"elementor-element elementor-element-19822619 elementor-align-left elementor-widget elementor-widget-button\" data-id=\"19822619\" data-element_type=\"widget\" data-e-type=\"widget\" data-widget_type=\"button.default\">\n\t\t\t\t<div class=\"elementor-widget-container\">\n\t\t\t\t\t\t\t\t\t<div class=\"elementor-button-wrapper\">\n\t\t\t\t\t<a class=\"elementor-button elementor-button-link elementor-size-sm\" href=\"https:\/\/thebelizecollection.com\/es\/contacto\/\">\n\t\t\t\t\t\t<span class=\"elementor-button-content-wrapper\">\n\t\t\t\t\t\t\t\t\t<span class=\"elementor-button-text\">CONTACTO<\/span>\n\t\t\t\t\t<\/span>\n\t\t\t\t\t<\/a>\n\t\t\t\t<\/div>\n\t\t\t\t\t\t\t\t<\/div>\n\t\t\t\t<\/div>\n\t\t\t\t<div class=\"elementor-element elementor-element-e4f6050 elementor-align-left elementor-widget elementor-widget-button\" data-id=\"e4f6050\" data-element_type=\"widget\" data-e-type=\"widget\" data-widget_type=\"button.default\">\n\t\t\t\t<div class=\"elementor-widget-container\">\n\t\t\t\t\t\t\t\t\t<div class=\"elementor-button-wrapper\">\n\t\t\t\t\t<a class=\"elementor-button elementor-button-link elementor-size-sm\" href=\"https:\/\/thebelizecollection.com\/vacation-packages\/\">\n\t\t\t\t\t\t<span class=\"elementor-button-content-wrapper\">\n\t\t\t\t\t\t<span class=\"elementor-button-icon\">\n\t\t\t\t<svg aria-hidden=\"true\" class=\"e-font-icon-svg e-fas-arrow-left\" viewBox=\"0 0 448 512\" xmlns=\"http:\/\/www.w3.org\/2000\/svg\"><path d=\"M257.5 445.1l-22.2 22.2c-9.4 9.4-24.6 9.4-33.9 0L7 273c-9.4-9.4-9.4-24.6 0-33.9L201.4 44.7c9.4-9.4 24.6-9.4 33.9 0l22.2 22.2c9.5 9.5 9.3 25-.4 34.3L136.6 216H424c13.3 0 24 10.7 24 24v32c0 13.3-10.7 24-24 24H136.6l120.5 114.8c9.8 9.3 10 24.8.4 34.3z\"><\/path><\/svg>\t\t\t<\/span>\n\t\t\t\t\t\t\t\t\t<span class=\"elementor-button-text\">VER PAQUETES DE VACACIONES<\/span>\n\t\t\t\t\t<\/span>\n\t\t\t\t\t<\/a>\n\t\t\t\t<\/div>\n\t\t\t\t\t\t\t\t<\/div>\n\t\t\t\t<\/div>\n\t\t\t\t<\/div>\n\t\t\t\t<\/div>\n\t\t\t\t\t<\/div>\n\t\t\t\t<\/div>\n\t\t<div class=\"elementor-element elementor-element-60599987 e-flex e-con-boxed e-con e-parent\" data-id=\"60599987\" data-element_type=\"container\" data-e-type=\"container\">\n\t\t\t\t\t<div class=\"e-con-inner\">\n\t\t\t\t<div class=\"elementor-element elementor-element-28996469 elementor-widget elementor-widget-spacer\" data-id=\"28996469\" data-element_type=\"widget\" data-e-type=\"widget\" data-widget_type=\"spacer.default\">\n\t\t\t\t<div class=\"elementor-widget-container\">\n\t\t\t\t\t\t\t<div class=\"elementor-spacer\">\n\t\t\t<div class=\"elementor-spacer-inner\"><\/div>\n\t\t<\/div>\n\t\t\t\t\t\t<\/div>\n\t\t\t\t<\/div>\n\t\t\t\t\t<\/div>\n\t\t\t\t<\/div>\n\t\t\t\t<\/div>\n\t\t","protected":false},"excerpt":{"rendered":"<p>Experiencia definitiva de playa y selva Una aventura inolvidable en Belice Disfrute de la experiencia definitiva de playa y selva con 7 noches repartidas entre la soleada isla de Ambergris Caye y la exuberante selva tropical de Sleeping Giant. Sum\u00e9rjase en la naturaleza con 3 noches en The Rainforest Lodge at Sleeping Giant y disfrute [&hellip;]<\/p>\n","protected":false},"author":2,"featured_media":0,"parent":0,"menu_order":0,"comment_status":"closed","ping_status":"closed","template":"page-full-width.php","meta":{"_acf_changed":false,"_vp_format_video_url":"","_vp_image_focal_point":[],"footnotes":""},"categories":[],"tags":[],"class_list":["post-69562","page","type-page","status-publish","hentry"],"acf":[],"yoast_head":"<!-- This site is optimized with the Yoast SEO plugin v27.4 - https:\/\/yoast.com\/product\/yoast-seo-wordpress\/ -->\n<title>Experiencia definitiva de playa y selva - The Belize Collection<\/title>\n<meta name=\"robots\" content=\"index, follow, max-snippet:-1, max-image-preview:large, max-video-preview:-1\" \/>\n<link rel=\"canonical\" href=\"https:\/\/thebelizecollection.com\/es\/experiencia-definitiva-de-playa-y-selva\/\" \/>\n<meta property=\"og:locale\" content=\"es_ES\" \/>\n<meta property=\"og:type\" content=\"article\" \/>\n<meta property=\"og:title\" content=\"Experiencia definitiva de playa y selva - The Belize Collection\" \/>\n<meta property=\"og:description\" content=\"Experiencia definitiva de playa y selva Una aventura inolvidable en Belice Disfrute de la experiencia definitiva de playa y selva con 7 noches repartidas entre la soleada isla de Ambergris Caye y la exuberante selva tropical de Sleeping Giant. Sum\u00e9rjase en la naturaleza con 3 noches en The Rainforest Lodge at Sleeping Giant y disfrute [&hellip;]\" \/>\n<meta property=\"og:url\" content=\"https:\/\/thebelizecollection.com\/es\/experiencia-definitiva-de-playa-y-selva\/\" \/>\n<meta property=\"og:site_name\" content=\"The Belize Collection\" \/>\n<meta property=\"article:modified_time\" content=\"2026-03-17T14:42:01+00:00\" \/>\n<meta name=\"twitter:card\" content=\"summary_large_image\" \/>\n<meta name=\"twitter:label1\" content=\"Tiempo de lectura\" \/>\n\t<meta name=\"twitter:data1\" content=\"1 minuto\" \/>\n<script type=\"application\/ld+json\" class=\"yoast-schema-graph\">{\"@context\":\"https:\\\/\\\/schema.org\",\"@graph\":[{\"@type\":\"WebPage\",\"@id\":\"https:\\\/\\\/thebelizecollection.com\\\/es\\\/experiencia-definitiva-de-playa-y-selva\\\/\",\"url\":\"https:\\\/\\\/thebelizecollection.com\\\/es\\\/experiencia-definitiva-de-playa-y-selva\\\/\",\"name\":\"Experiencia definitiva de playa y selva - The Belize Collection\",\"isPartOf\":{\"@id\":\"https:\\\/\\\/thebelizecollection.com\\\/es\\\/#website\"},\"datePublished\":\"2025-05-12T21:02:23+00:00\",\"dateModified\":\"2026-03-17T14:42:01+00:00\",\"breadcrumb\":{\"@id\":\"https:\\\/\\\/thebelizecollection.com\\\/es\\\/experiencia-definitiva-de-playa-y-selva\\\/#breadcrumb\"},\"inLanguage\":\"es\",\"potentialAction\":[{\"@type\":\"ReadAction\",\"target\":[\"https:\\\/\\\/thebelizecollection.com\\\/es\\\/experiencia-definitiva-de-playa-y-selva\\\/\"]}]},{\"@type\":\"BreadcrumbList\",\"@id\":\"https:\\\/\\\/thebelizecollection.com\\\/es\\\/experiencia-definitiva-de-playa-y-selva\\\/#breadcrumb\",\"itemListElement\":[{\"@type\":\"ListItem\",\"position\":1,\"name\":\"Home\",\"item\":\"https:\\\/\\\/thebelizecollection.com\\\/es\\\/the-belize-collection\\\/\"},{\"@type\":\"ListItem\",\"position\":2,\"name\":\"Experiencia definitiva de playa y selva\"}]},{\"@type\":\"WebSite\",\"@id\":\"https:\\\/\\\/thebelizecollection.com\\\/es\\\/#website\",\"url\":\"https:\\\/\\\/thebelizecollection.com\\\/es\\\/\",\"name\":\"The Belize Collection\",\"description\":\"Everything Belize\",\"potentialAction\":[{\"@type\":\"SearchAction\",\"target\":{\"@type\":\"EntryPoint\",\"urlTemplate\":\"https:\\\/\\\/thebelizecollection.com\\\/es\\\/?s={search_term_string}\"},\"query-input\":{\"@type\":\"PropertyValueSpecification\",\"valueRequired\":true,\"valueName\":\"search_term_string\"}}],\"inLanguage\":\"es\"}]}<\/script>\n<!-- \/ Yoast SEO plugin. -->","yoast_head_json":{"title":"Experiencia definitiva de playa y selva - The Belize Collection","robots":{"index":"index","follow":"follow","max-snippet":"max-snippet:-1","max-image-preview":"max-image-preview:large","max-video-preview":"max-video-preview:-1"},"canonical":"https:\/\/thebelizecollection.com\/es\/experiencia-definitiva-de-playa-y-selva\/","og_locale":"es_ES","og_type":"article","og_title":"Experiencia definitiva de playa y selva - The Belize Collection","og_description":"Experiencia definitiva de playa y selva Una aventura inolvidable en Belice Disfrute de la experiencia definitiva de playa y selva con 7 noches repartidas entre la soleada isla de Ambergris Caye y la exuberante selva tropical de Sleeping Giant. Sum\u00e9rjase en la naturaleza con 3 noches en The Rainforest Lodge at Sleeping Giant y disfrute [&hellip;]","og_url":"https:\/\/thebelizecollection.com\/es\/experiencia-definitiva-de-playa-y-selva\/","og_site_name":"The Belize Collection","article_modified_time":"2026-03-17T14:42:01+00:00","twitter_card":"summary_large_image","twitter_misc":{"Tiempo de lectura":"1 minuto"},"schema":{"@context":"https:\/\/schema.org","@graph":[{"@type":"WebPage","@id":"https:\/\/thebelizecollection.com\/es\/experiencia-definitiva-de-playa-y-selva\/","url":"https:\/\/thebelizecollection.com\/es\/experiencia-definitiva-de-playa-y-selva\/","name":"Experiencia definitiva de playa y selva - The Belize Collection","isPartOf":{"@id":"https:\/\/thebelizecollection.com\/es\/#website"},"datePublished":"2025-05-12T21:02:23+00:00","dateModified":"2026-03-17T14:42:01+00:00","breadcrumb":{"@id":"https:\/\/thebelizecollection.com\/es\/experiencia-definitiva-de-playa-y-selva\/#breadcrumb"},"inLanguage":"es","potentialAction":[{"@type":"ReadAction","target":["https:\/\/thebelizecollection.com\/es\/experiencia-definitiva-de-playa-y-selva\/"]}]},{"@type":"BreadcrumbList","@id":"https:\/\/thebelizecollection.com\/es\/experiencia-definitiva-de-playa-y-selva\/#breadcrumb","itemListElement":[{"@type":"ListItem","position":1,"name":"Home","item":"https:\/\/thebelizecollection.com\/es\/the-belize-collection\/"},{"@type":"ListItem","position":2,"name":"Experiencia definitiva de playa y selva"}]},{"@type":"WebSite","@id":"https:\/\/thebelizecollection.com\/es\/#website","url":"https:\/\/thebelizecollection.com\/es\/","name":"The Belize Collection","description":"Everything Belize","potentialAction":[{"@type":"SearchAction","target":{"@type":"EntryPoint","urlTemplate":"https:\/\/thebelizecollection.com\/es\/?s={search_term_string}"},"query-input":{"@type":"PropertyValueSpecification","valueRequired":true,"valueName":"search_term_string"}}],"inLanguage":"es"}]}},"jetpack_sharing_enabled":true,"_links":{"self":[{"href":"https:\/\/thebelizecollection.com\/es\/wp-json\/wp\/v2\/pages\/69562","targetHints":{"allow":["GET"]}}],"collection":[{"href":"https:\/\/thebelizecollection.com\/es\/wp-json\/wp\/v2\/pages"}],"about":[{"href":"https:\/\/thebelizecollection.com\/es\/wp-json\/wp\/v2\/types\/page"}],"author":[{"embeddable":true,"href":"https:\/\/thebelizecollection.com\/es\/wp-json\/wp\/v2\/users\/2"}],"replies":[{"embeddable":true,"href":"https:\/\/thebelizecollection.com\/es\/wp-json\/wp\/v2\/comments?post=69562"}],"version-history":[{"count":1,"href":"https:\/\/thebelizecollection.com\/es\/wp-json\/wp\/v2\/pages\/69562\/revisions"}],"predecessor-version":[{"id":69570,"href":"https:\/\/thebelizecollection.com\/es\/wp-json\/wp\/v2\/pages\/69562\/revisions\/69570"}],"wp:attachment":[{"href":"https:\/\/thebelizecollection.com\/es\/wp-json\/wp\/v2\/media?parent=69562"}],"wp:term":[{"taxonomy":"category","embeddable":true,"href":"https:\/\/thebelizecollection.com\/es\/wp-json\/wp\/v2\/categories?post=69562"},{"taxonomy":"post_tag","embeddable":true,"href":"https:\/\/thebelizecollection.com\/es\/wp-json\/wp\/v2\/tags?post=69562"}],"curies":[{"name":"wp","href":"https:\/\/api.w.org\/{rel}","templated":true}]}}