{"id":69699,"date":"2025-05-13T12:47:06","date_gmt":"2025-05-13T18:47:06","guid":{"rendered":"https:\/\/thebelizecollection.com\/activities-spanish\/crucero-por-el-rio-sittee-y-tour-de-vida-silvestre\/"},"modified":"2026-03-17T09:53:20","modified_gmt":"2026-03-17T15:53:20","slug":"crucero-por-el-rio-sittee-y-tour-de-vida-silvestre","status":"publish","type":"page","link":"https:\/\/thebelizecollection.com\/es\/activities-spanish\/crucero-por-el-rio-sittee-y-tour-de-vida-silvestre\/","title":{"rendered":"Crucero por el r\u00edo Sittee y tour de vida silvestre"},"content":{"rendered":"\t\t<div data-elementor-type=\"wp-page\" data-elementor-id=\"69699\" class=\"elementor elementor-69699 elementor-15067\" data-elementor-post-type=\"page\">\n\t\t\t\t<div class=\"elementor-element elementor-element-57b5452f e-con-full elementor-hidden-mobile e-flex e-con e-parent\" data-id=\"57b5452f\" data-element_type=\"container\" data-e-type=\"container\" data-settings=\"{&quot;background_background&quot;:&quot;classic&quot;}\">\n\t\t\t\t<\/div>\n\t\t<div class=\"elementor-element elementor-element-1dfd205b e-flex e-con-boxed e-con e-parent\" data-id=\"1dfd205b\" data-element_type=\"container\" data-e-type=\"container\">\n\t\t\t\t\t<div class=\"e-con-inner\">\n\t\t<div class=\"elementor-element elementor-element-83d080d e-con-full e-flex e-con e-child\" data-id=\"83d080d\" data-element_type=\"container\" data-e-type=\"container\">\n\t\t\t\t<div class=\"elementor-element elementor-element-11dc1f6a elementor-widget elementor-widget-heading\" data-id=\"11dc1f6a\" data-element_type=\"widget\" data-e-type=\"widget\" data-widget_type=\"heading.default\">\n\t\t\t\t<div class=\"elementor-widget-container\">\n\t\t\t\t\t<h1 class=\"elementor-heading-title elementor-size-default\">Crucero por el r\u00edo Sittee y tour de vida silvestre<\/h1>\t\t\t\t<\/div>\n\t\t\t\t<\/div>\n\t\t\t\t<div class=\"elementor-element elementor-element-bc92e45 elementor-widget elementor-widget-heading\" data-id=\"bc92e45\" data-element_type=\"widget\" data-e-type=\"widget\" data-widget_type=\"heading.default\">\n\t\t\t\t<div class=\"elementor-widget-container\">\n\t\t\t\t\t<h3 class=\"elementor-heading-title elementor-size-default\">Sale desde Hopkins<\/h3>\t\t\t\t<\/div>\n\t\t\t\t<\/div>\n\t\t\t\t<div class=\"elementor-element elementor-element-7d688417 elementor-widget elementor-widget-text-editor\" data-id=\"7d688417\" data-element_type=\"widget\" data-e-type=\"widget\" data-widget_type=\"text-editor.default\">\n\t\t\t\t<div class=\"elementor-widget-container\">\n\t\t\t\t\t\t\t\t\t<div class=\"elementor-element elementor-element-3fd73d8 elementor-widget elementor-widget-text-editor\" data-id=\"3fd73d8\" data-element_type=\"widget\" data-widget_type=\"text-editor.default\"><div class=\"elementor-widget-container\"> <br>Disfrute de un paseo en lancha motora por el tranquilo r\u00edo Sittee, rodeado de una flora ex\u00f3tica. Deje que los colores del sol le cautiven mientras se pone lentamente en el horizonte. Observe a su alrededor para avistar aves coloridas, iguanas nadando, cocodrilos o el apacible manat\u00ed.   <\/div><\/div>\t\t\t\t\t\t\t\t<\/div>\n\t\t\t\t<\/div>\n\t\t\t\t<div class=\"elementor-element elementor-element-1e63e370 elementor-widget elementor-widget-text-editor\" data-id=\"1e63e370\" data-element_type=\"widget\" data-e-type=\"widget\" data-widget_type=\"text-editor.default\">\n\t\t\t\t<div class=\"elementor-widget-container\">\n\t\t\t\t\t\t\t\t\t\n<table id=\"tablepress-54\" class=\"tablepress tablepress-id-54 tbody-has-connected-cells\">\n<tbody class=\"row-striping row-hover\">\n<tr class=\"row-1\">\n\t<td class=\"column-1\"><b>Prices starting at:<\/b><\/td><td class=\"column-2\">$70 USD per person<\/td>\n<\/tr>\n<tr class=\"row-2\">\n\t<td class=\"column-1\"><b>Available:<\/b><\/td><td class=\"column-2\">Everyday<\/td>\n<\/tr>\n<tr class=\"row-3\">\n\t<td class=\"column-1\"><b>Duration:<\/b><\/td><td class=\"column-2\">2 Hrs 30 Mins<\/td>\n<\/tr>\n<tr class=\"row-4\">\n\t<td class=\"column-1\"><b>Departs:<\/b><\/td><td class=\"column-2\">5:30 p.m.<\/td>\n<\/tr>\n<tr class=\"row-5\">\n\t<td class=\"column-1\"><b>Returns:<\/b><\/td><td class=\"column-2\">8:00 p.m.<\/td>\n<\/tr>\n<tr class=\"row-6\">\n\t<td class=\"column-1\"><b>Intensity<\/b><\/td><td class=\"column-2\">Easy<\/td>\n<\/tr>\n<tr class=\"row-7\">\n\t<td class=\"column-1\"><b>Meals:<\/b><\/td><td class=\"column-2\">Not included<\/td>\n<\/tr>\n<tr class=\"row-8\">\n\t<td class=\"column-1\"><b>Bring Along:<\/b><\/td><td class=\"column-2\">Repellant, comfortable clothing, and a hat<\/td>\n<\/tr>\n<tr class=\"row-9\">\n\t<td colspan=\"2\" class=\"column-1\"><small><center>All tours are subject to 12.5% General Sales Tax and 10% Resort Fee<\/center><\/small><\/td>\n<\/tr>\n<\/tbody>\n<\/table>\n<!-- #tablepress-54 from cache -->\t\t\t\t\t\t\t\t<\/div>\n\t\t\t\t<\/div>\n\t\t\t\t<\/div>\n\t\t<div class=\"elementor-element elementor-element-15c104d9 e-con-full e-flex e-con e-child\" data-id=\"15c104d9\" data-element_type=\"container\" data-e-type=\"container\">\n\t\t\t\t<div class=\"elementor-element elementor-element-2a2f568 elementor-widget elementor-widget-spacer\" data-id=\"2a2f568\" data-element_type=\"widget\" data-e-type=\"widget\" data-widget_type=\"spacer.default\">\n\t\t\t\t<div class=\"elementor-widget-container\">\n\t\t\t\t\t\t\t<div class=\"elementor-spacer\">\n\t\t\t<div class=\"elementor-spacer-inner\"><\/div>\n\t\t<\/div>\n\t\t\t\t\t\t<\/div>\n\t\t\t\t<\/div>\n\t\t\t\t<div class=\"elementor-element elementor-element-64ea0c37 elementor-widget elementor-widget-heading\" data-id=\"64ea0c37\" data-element_type=\"widget\" data-e-type=\"widget\" data-widget_type=\"heading.default\">\n\t\t\t\t<div class=\"elementor-widget-container\">\n\t\t\t\t\t<h2 class=\"elementor-heading-title elementor-size-default\">\u00a1Vamos!<\/h2>\t\t\t\t<\/div>\n\t\t\t\t<\/div>\n\t\t\t\t<div class=\"elementor-element elementor-element-2503fe13 elementor-button-align-stretch elementor-widget elementor-widget-form\" data-id=\"2503fe13\" data-element_type=\"widget\" data-e-type=\"widget\" data-settings=\"{&quot;step_next_label&quot;:&quot;Next&quot;,&quot;step_previous_label&quot;:&quot;Previous&quot;,&quot;button_width&quot;:&quot;100&quot;,&quot;step_type&quot;:&quot;number_text&quot;,&quot;step_icon_shape&quot;:&quot;circle&quot;}\" data-widget_type=\"form.default\">\n\t\t\t\t<div class=\"elementor-widget-container\">\n\t\t\t\t\t\t\t<form class=\"elementor-form\" method=\"post\" name=\"New Form\" aria-label=\"New Form\">\n\t\t\t<input type=\"hidden\" name=\"post_id\" value=\"69699\"\/>\n\t\t\t<input type=\"hidden\" name=\"form_id\" value=\"2503fe13\"\/>\n\t\t\t<input type=\"hidden\" name=\"referer_title\" value=\"Crucero por el r\u00edo Sittee y tour de vida silvestre - The Belize Collection\" \/>\n\n\t\t\t\t\t\t\t<input type=\"hidden\" name=\"queried_id\" value=\"69699\"\/>\n\t\t\t\n\t\t\t<div class=\"elementor-form-fields-wrapper elementor-labels-above\">\n\t\t\t\t\t\t\t\t<div class=\"elementor-field-type-text elementor-field-group elementor-column elementor-field-group-name elementor-col-50 elementor-field-required elementor-mark-required\">\n\t\t\t\t\t\t\t\t\t\t\t\t<label for=\"form-field-name\" class=\"elementor-field-label\">\n\t\t\t\t\t\t\t\tFirst Name\t\t\t\t\t\t\t<\/label>\n\t\t\t\t\t\t\t\t\t\t\t\t\t\t<input size=\"1\" type=\"text\" name=\"form_fields[name]\" id=\"form-field-name\" class=\"elementor-field elementor-size-sm  elementor-field-textual\" required=\"required\">\n\t\t\t\t\t\t\t\t\t\t\t<\/div>\n\t\t\t\t\t\t\t\t<div class=\"elementor-field-type-text elementor-field-group elementor-column elementor-field-group-field_18a1f36 elementor-col-50 elementor-field-required elementor-mark-required\">\n\t\t\t\t\t\t\t\t\t\t\t\t<label for=\"form-field-field_18a1f36\" class=\"elementor-field-label\">\n\t\t\t\t\t\t\t\tLast Name\t\t\t\t\t\t\t<\/label>\n\t\t\t\t\t\t\t\t\t\t\t\t\t\t<input size=\"1\" type=\"text\" name=\"form_fields[field_18a1f36]\" id=\"form-field-field_18a1f36\" class=\"elementor-field elementor-size-sm  elementor-field-textual\" required=\"required\">\n\t\t\t\t\t\t\t\t\t\t\t<\/div>\n\t\t\t\t\t\t\t\t<div class=\"elementor-field-type-email elementor-field-group elementor-column elementor-field-group-email elementor-col-50 elementor-field-required elementor-mark-required\">\n\t\t\t\t\t\t\t\t\t\t\t\t<label for=\"form-field-email\" class=\"elementor-field-label\">\n\t\t\t\t\t\t\t\tEmail\t\t\t\t\t\t\t<\/label>\n\t\t\t\t\t\t\t\t\t\t\t\t\t\t<input size=\"1\" type=\"email\" name=\"form_fields[email]\" id=\"form-field-email\" class=\"elementor-field elementor-size-sm  elementor-field-textual\" required=\"required\">\n\t\t\t\t\t\t\t\t\t\t\t<\/div>\n\t\t\t\t\t\t\t\t<div class=\"elementor-field-type-tel elementor-field-group elementor-column elementor-field-group-field_ce2fed0 elementor-col-50\">\n\t\t\t\t\t\t\t\t\t\t\t\t<label for=\"form-field-field_ce2fed0\" class=\"elementor-field-label\">\n\t\t\t\t\t\t\t\tPhone\t\t\t\t\t\t\t<\/label>\n\t\t\t\t\t\t\t\t<input size=\"1\" type=\"tel\" name=\"form_fields[field_ce2fed0]\" id=\"form-field-field_ce2fed0\" class=\"elementor-field elementor-size-sm  elementor-field-textual\" pattern=\"[0-9()#&amp;+*-=.]+\" title=\"Solo se aceptan n\u00fameros y caracteres de tel\u00e9fono (#,-,*,etc).\">\n\n\t\t\t\t\t\t<\/div>\n\t\t\t\t\t\t\t\t<div class=\"elementor-field-type-text elementor-field-group elementor-column elementor-field-group-field_648d8d3 elementor-col-100 elementor-field-required elementor-mark-required\">\n\t\t\t\t\t\t\t\t\t\t\t\t<label for=\"form-field-field_648d8d3\" class=\"elementor-field-label\">\n\t\t\t\t\t\t\t\t\u00bfEn qu\u00e9 tour est\u00e1 interesado?\t\t\t\t\t\t\t<\/label>\n\t\t\t\t\t\t\t\t\t\t\t\t\t\t<input size=\"1\" type=\"text\" name=\"form_fields[field_648d8d3]\" id=\"form-field-field_648d8d3\" class=\"elementor-field elementor-size-sm  elementor-field-textual\" placeholder=\" Tour por el r\u00edo Sittee y vida silvestre\" required=\"required\">\n\t\t\t\t\t\t\t\t\t\t\t<\/div>\n\t\t\t\t\t\t\t\t<div class=\"elementor-field-type-date elementor-field-group elementor-column elementor-field-group-field_7e96a82 elementor-col-33 elementor-field-required elementor-mark-required\">\n\t\t\t\t\t\t\t\t\t\t\t\t<label for=\"form-field-field_7e96a82\" class=\"elementor-field-label\">\n\t\t\t\t\t\t\t\tFecha\t\t\t\t\t\t\t<\/label>\n\t\t\t\t\t\t\n\t\t<input type=\"date\" name=\"form_fields[field_7e96a82]\" id=\"form-field-field_7e96a82\" class=\"elementor-field elementor-size-sm  elementor-field-textual elementor-date-field\" required=\"required\" pattern=\"[0-9]{4}-[0-9]{2}-[0-9]{2}\">\n\t\t\t\t\t\t<\/div>\n\t\t\t\t\t\t\t\t<div class=\"elementor-field-type-number elementor-field-group elementor-column elementor-field-group-field_a30da8f elementor-col-33 elementor-field-required elementor-mark-required\">\n\t\t\t\t\t\t\t\t\t\t\t\t<label for=\"form-field-field_a30da8f\" class=\"elementor-field-label\">\n\t\t\t\t\t\t\t\tN\u00famero de adultos\t\t\t\t\t\t\t<\/label>\n\t\t\t\t\t\t\t\t\t<input type=\"number\" name=\"form_fields[field_a30da8f]\" id=\"form-field-field_a30da8f\" class=\"elementor-field elementor-size-sm  elementor-field-textual\" required=\"required\" min=\"\" max=\"\" >\n\t\t\t\t\t\t<\/div>\n\t\t\t\t\t\t\t\t<div class=\"elementor-field-type-number elementor-field-group elementor-column elementor-field-group-field_e653c70 elementor-col-33 elementor-field-required elementor-mark-required\">\n\t\t\t\t\t\t\t\t\t\t\t\t<label for=\"form-field-field_e653c70\" class=\"elementor-field-label\">\n\t\t\t\t\t\t\t\tN\u00famero de ni\u00f1os\t\t\t\t\t\t\t<\/label>\n\t\t\t\t\t\t\t\t\t<input type=\"number\" name=\"form_fields[field_e653c70]\" id=\"form-field-field_e653c70\" class=\"elementor-field elementor-size-sm  elementor-field-textual\" required=\"required\" min=\"\" max=\"\" >\n\t\t\t\t\t\t<\/div>\n\t\t\t\t\t\t\t\t<div class=\"elementor-field-type-textarea elementor-field-group elementor-column elementor-field-group-message elementor-col-100\">\n\t\t\t\t\t\t\t\t\t\t\t\t<label for=\"form-field-message\" class=\"elementor-field-label\">\n\t\t\t\t\t\t\t\tMensaje\t\t\t\t\t\t\t<\/label>\n\t\t\t\t\t\t<textarea class=\"elementor-field-textual elementor-field  elementor-size-sm\" name=\"form_fields[message]\" id=\"form-field-message\" rows=\"8\" placeholder=\"\u00bfHay algo m\u00e1s que le gustar\u00eda decirnos o preguntarnos?\"><\/textarea>\t\t\t\t<\/div>\n\t\t\t\t\t\t\t\t<div class=\"elementor-field-group elementor-column elementor-field-type-submit elementor-col-100 e-form__buttons\">\n\t\t\t\t\t<button class=\"elementor-button elementor-size-md\" type=\"submit\">\n\t\t\t\t\t\t<span class=\"elementor-button-content-wrapper\">\n\t\t\t\t\t\t\t\t\t\t\t\t\t\t\t\t\t\t\t\t\t\t<span class=\"elementor-button-text\">Send<\/span>\n\t\t\t\t\t\t\t\t\t\t\t\t\t<\/span>\n\t\t\t\t\t<\/button>\n\t\t\t\t<\/div>\n\t\t\t<\/div>\n\t\t<\/form>\n\t\t\t\t\t\t<\/div>\n\t\t\t\t<\/div>\n\t\t\t\t<\/div>\n\t\t\t\t\t<\/div>\n\t\t\t\t<\/div>\n\t\t<div class=\"elementor-element elementor-element-9fca132 e-flex e-con-boxed e-con e-parent\" data-id=\"9fca132\" data-element_type=\"container\" data-e-type=\"container\">\n\t\t\t\t\t<div class=\"e-con-inner\">\n\t\t\t\t<div class=\"elementor-element elementor-element-9066e94 elementor-widget elementor-widget-spacer\" data-id=\"9066e94\" data-element_type=\"widget\" data-e-type=\"widget\" data-widget_type=\"spacer.default\">\n\t\t\t\t<div class=\"elementor-widget-container\">\n\t\t\t\t\t\t\t<div class=\"elementor-spacer\">\n\t\t\t<div class=\"elementor-spacer-inner\"><\/div>\n\t\t<\/div>\n\t\t\t\t\t\t<\/div>\n\t\t\t\t<\/div>\n\t\t\t\t\t<\/div>\n\t\t\t\t<\/div>\n\t\t<div class=\"elementor-element elementor-element-1ccec145 e-con-full e-flex e-con e-parent\" data-id=\"1ccec145\" data-element_type=\"container\" data-e-type=\"container\" data-settings=\"{&quot;background_background&quot;:&quot;classic&quot;}\">\n\t\t\t\t<\/div>\n\t\t\t\t<\/div>\n\t\t","protected":false},"excerpt":{"rendered":"<p>Crucero por el r\u00edo Sittee y tour de vida silvestre Sale desde Hopkins Disfrute de un paseo en lancha motora por el tranquilo r\u00edo Sittee, rodeado de una flora ex\u00f3tica. Deje que los colores del sol le cautiven mientras se pone lentamente en el horizonte. Observe a su alrededor para avistar aves coloridas, iguanas nadando, [&hellip;]<\/p>\n","protected":false},"author":2,"featured_media":0,"parent":66105,"menu_order":0,"comment_status":"closed","ping_status":"closed","template":"page-full-width.php","meta":{"_acf_changed":false,"_vp_format_video_url":"","_vp_image_focal_point":[],"footnotes":""},"categories":[],"tags":[],"class_list":["post-69699","page","type-page","status-publish","hentry"],"acf":[],"yoast_head":"<!-- This site is optimized with the Yoast SEO plugin v27.5 - https:\/\/yoast.com\/product\/yoast-seo-wordpress\/ -->\n<title>Crucero por el r\u00edo Sittee y tour de vida silvestre - The Belize Collection<\/title>\n<meta name=\"robots\" content=\"index, follow, max-snippet:-1, max-image-preview:large, max-video-preview:-1\" \/>\n<link rel=\"canonical\" href=\"https:\/\/thebelizecollection.com\/es\/activities-spanish\/crucero-por-el-rio-sittee-y-tour-de-vida-silvestre\/\" \/>\n<meta property=\"og:locale\" content=\"es_ES\" \/>\n<meta property=\"og:type\" content=\"article\" \/>\n<meta property=\"og:title\" content=\"Crucero por el r\u00edo Sittee y tour de vida silvestre - The Belize Collection\" \/>\n<meta property=\"og:description\" content=\"Crucero por el r\u00edo Sittee y tour de vida silvestre Sale desde Hopkins Disfrute de un paseo en lancha motora por el tranquilo r\u00edo Sittee, rodeado de una flora ex\u00f3tica. Deje que los colores del sol le cautiven mientras se pone lentamente en el horizonte. Observe a su alrededor para avistar aves coloridas, iguanas nadando, [&hellip;]\" \/>\n<meta property=\"og:url\" content=\"https:\/\/thebelizecollection.com\/es\/activities-spanish\/crucero-por-el-rio-sittee-y-tour-de-vida-silvestre\/\" \/>\n<meta property=\"og:site_name\" content=\"The Belize Collection\" \/>\n<meta property=\"article:modified_time\" content=\"2026-03-17T15:53:20+00:00\" \/>\n<meta name=\"twitter:card\" content=\"summary_large_image\" \/>\n<script type=\"application\/ld+json\" class=\"yoast-schema-graph\">{\"@context\":\"https:\\\/\\\/schema.org\",\"@graph\":[{\"@type\":\"WebPage\",\"@id\":\"https:\\\/\\\/thebelizecollection.com\\\/es\\\/activities-spanish\\\/crucero-por-el-rio-sittee-y-tour-de-vida-silvestre\\\/\",\"url\":\"https:\\\/\\\/thebelizecollection.com\\\/es\\\/activities-spanish\\\/crucero-por-el-rio-sittee-y-tour-de-vida-silvestre\\\/\",\"name\":\"Crucero por el r\u00edo Sittee y tour de vida silvestre - The Belize Collection\",\"isPartOf\":{\"@id\":\"https:\\\/\\\/thebelizecollection.com\\\/es\\\/#website\"},\"datePublished\":\"2025-05-13T18:47:06+00:00\",\"dateModified\":\"2026-03-17T15:53:20+00:00\",\"breadcrumb\":{\"@id\":\"https:\\\/\\\/thebelizecollection.com\\\/es\\\/activities-spanish\\\/crucero-por-el-rio-sittee-y-tour-de-vida-silvestre\\\/#breadcrumb\"},\"inLanguage\":\"es\",\"potentialAction\":[{\"@type\":\"ReadAction\",\"target\":[\"https:\\\/\\\/thebelizecollection.com\\\/es\\\/activities-spanish\\\/crucero-por-el-rio-sittee-y-tour-de-vida-silvestre\\\/\"]}]},{\"@type\":\"BreadcrumbList\",\"@id\":\"https:\\\/\\\/thebelizecollection.com\\\/es\\\/activities-spanish\\\/crucero-por-el-rio-sittee-y-tour-de-vida-silvestre\\\/#breadcrumb\",\"itemListElement\":[{\"@type\":\"ListItem\",\"position\":1,\"name\":\"Home\",\"item\":\"https:\\\/\\\/thebelizecollection.com\\\/es\\\/the-belize-collection\\\/\"},{\"@type\":\"ListItem\",\"position\":2,\"name\":\"Actividades\",\"item\":\"https:\\\/\\\/thebelizecollection.com\\\/es\\\/activities-spanish\\\/\"},{\"@type\":\"ListItem\",\"position\":3,\"name\":\"Crucero por el r\u00edo Sittee y tour de vida silvestre\"}]},{\"@type\":\"WebSite\",\"@id\":\"https:\\\/\\\/thebelizecollection.com\\\/es\\\/#website\",\"url\":\"https:\\\/\\\/thebelizecollection.com\\\/es\\\/\",\"name\":\"The Belize Collection\",\"description\":\"Everything Belize\",\"potentialAction\":[{\"@type\":\"SearchAction\",\"target\":{\"@type\":\"EntryPoint\",\"urlTemplate\":\"https:\\\/\\\/thebelizecollection.com\\\/es\\\/?s={search_term_string}\"},\"query-input\":{\"@type\":\"PropertyValueSpecification\",\"valueRequired\":true,\"valueName\":\"search_term_string\"}}],\"inLanguage\":\"es\"}]}<\/script>\n<!-- \/ Yoast SEO plugin. -->","yoast_head_json":{"title":"Crucero por el r\u00edo Sittee y tour de vida silvestre - The Belize Collection","robots":{"index":"index","follow":"follow","max-snippet":"max-snippet:-1","max-image-preview":"max-image-preview:large","max-video-preview":"max-video-preview:-1"},"canonical":"https:\/\/thebelizecollection.com\/es\/activities-spanish\/crucero-por-el-rio-sittee-y-tour-de-vida-silvestre\/","og_locale":"es_ES","og_type":"article","og_title":"Crucero por el r\u00edo Sittee y tour de vida silvestre - The Belize Collection","og_description":"Crucero por el r\u00edo Sittee y tour de vida silvestre Sale desde Hopkins Disfrute de un paseo en lancha motora por el tranquilo r\u00edo Sittee, rodeado de una flora ex\u00f3tica. Deje que los colores del sol le cautiven mientras se pone lentamente en el horizonte. Observe a su alrededor para avistar aves coloridas, iguanas nadando, [&hellip;]","og_url":"https:\/\/thebelizecollection.com\/es\/activities-spanish\/crucero-por-el-rio-sittee-y-tour-de-vida-silvestre\/","og_site_name":"The Belize Collection","article_modified_time":"2026-03-17T15:53:20+00:00","twitter_card":"summary_large_image","schema":{"@context":"https:\/\/schema.org","@graph":[{"@type":"WebPage","@id":"https:\/\/thebelizecollection.com\/es\/activities-spanish\/crucero-por-el-rio-sittee-y-tour-de-vida-silvestre\/","url":"https:\/\/thebelizecollection.com\/es\/activities-spanish\/crucero-por-el-rio-sittee-y-tour-de-vida-silvestre\/","name":"Crucero por el r\u00edo Sittee y tour de vida silvestre - The Belize Collection","isPartOf":{"@id":"https:\/\/thebelizecollection.com\/es\/#website"},"datePublished":"2025-05-13T18:47:06+00:00","dateModified":"2026-03-17T15:53:20+00:00","breadcrumb":{"@id":"https:\/\/thebelizecollection.com\/es\/activities-spanish\/crucero-por-el-rio-sittee-y-tour-de-vida-silvestre\/#breadcrumb"},"inLanguage":"es","potentialAction":[{"@type":"ReadAction","target":["https:\/\/thebelizecollection.com\/es\/activities-spanish\/crucero-por-el-rio-sittee-y-tour-de-vida-silvestre\/"]}]},{"@type":"BreadcrumbList","@id":"https:\/\/thebelizecollection.com\/es\/activities-spanish\/crucero-por-el-rio-sittee-y-tour-de-vida-silvestre\/#breadcrumb","itemListElement":[{"@type":"ListItem","position":1,"name":"Home","item":"https:\/\/thebelizecollection.com\/es\/the-belize-collection\/"},{"@type":"ListItem","position":2,"name":"Actividades","item":"https:\/\/thebelizecollection.com\/es\/activities-spanish\/"},{"@type":"ListItem","position":3,"name":"Crucero por el r\u00edo Sittee y tour de vida silvestre"}]},{"@type":"WebSite","@id":"https:\/\/thebelizecollection.com\/es\/#website","url":"https:\/\/thebelizecollection.com\/es\/","name":"The Belize Collection","description":"Everything Belize","potentialAction":[{"@type":"SearchAction","target":{"@type":"EntryPoint","urlTemplate":"https:\/\/thebelizecollection.com\/es\/?s={search_term_string}"},"query-input":{"@type":"PropertyValueSpecification","valueRequired":true,"valueName":"search_term_string"}}],"inLanguage":"es"}]}},"jetpack_sharing_enabled":true,"_links":{"self":[{"href":"https:\/\/thebelizecollection.com\/es\/wp-json\/wp\/v2\/pages\/69699","targetHints":{"allow":["GET"]}}],"collection":[{"href":"https:\/\/thebelizecollection.com\/es\/wp-json\/wp\/v2\/pages"}],"about":[{"href":"https:\/\/thebelizecollection.com\/es\/wp-json\/wp\/v2\/types\/page"}],"author":[{"embeddable":true,"href":"https:\/\/thebelizecollection.com\/es\/wp-json\/wp\/v2\/users\/2"}],"replies":[{"embeddable":true,"href":"https:\/\/thebelizecollection.com\/es\/wp-json\/wp\/v2\/comments?post=69699"}],"version-history":[{"count":2,"href":"https:\/\/thebelizecollection.com\/es\/wp-json\/wp\/v2\/pages\/69699\/revisions"}],"predecessor-version":[{"id":69752,"href":"https:\/\/thebelizecollection.com\/es\/wp-json\/wp\/v2\/pages\/69699\/revisions\/69752"}],"up":[{"embeddable":true,"href":"https:\/\/thebelizecollection.com\/es\/wp-json\/wp\/v2\/pages\/66105"}],"wp:attachment":[{"href":"https:\/\/thebelizecollection.com\/es\/wp-json\/wp\/v2\/media?parent=69699"}],"wp:term":[{"taxonomy":"category","embeddable":true,"href":"https:\/\/thebelizecollection.com\/es\/wp-json\/wp\/v2\/categories?post=69699"},{"taxonomy":"post_tag","embeddable":true,"href":"https:\/\/thebelizecollection.com\/es\/wp-json\/wp\/v2\/tags?post=69699"}],"curies":[{"name":"wp","href":"https:\/\/api.w.org\/{rel}","templated":true}]}}