{"id":69841,"date":"2025-08-21T10:47:18","date_gmt":"2025-08-21T16:47:18","guid":{"rendered":"https:\/\/thebelizecollection.com\/4-a-carrera-rugiente-por-los-jaguares\/"},"modified":"2026-04-21T20:37:45","modified_gmt":"2026-04-22T02:37:45","slug":"4-a-carrera-rugiente-por-los-jaguares","status":"publish","type":"page","link":"https:\/\/thebelizecollection.com\/es\/4-a-carrera-rugiente-por-los-jaguares\/","title":{"rendered":"4.\u00aa Carrera Rugiente por los Jaguares"},"content":{"rendered":"\t\t<div data-elementor-type=\"wp-page\" data-elementor-id=\"69841\" class=\"elementor elementor-69841 elementor-62453\" data-elementor-post-type=\"page\">\n\t\t\t\t<div class=\"elementor-element elementor-element-e227695 e-con-full e-flex e-con e-parent\" data-id=\"e227695\" data-element_type=\"container\" data-e-type=\"container\" data-settings=\"{&quot;background_background&quot;:&quot;classic&quot;}\">\n\t\t\t\t<\/div>\n\t\t<div class=\"elementor-element elementor-element-5c8f192 e-flex e-con-boxed e-con e-parent\" data-id=\"5c8f192\" data-element_type=\"container\" data-e-type=\"container\">\n\t\t\t\t\t<div class=\"e-con-inner\">\n\t\t\t\t<div class=\"elementor-element elementor-element-fa9dd0c elementor-widget elementor-widget-spacer\" data-id=\"fa9dd0c\" data-element_type=\"widget\" data-e-type=\"widget\" data-widget_type=\"spacer.default\">\n\t\t\t\t<div class=\"elementor-widget-container\">\n\t\t\t\t\t\t\t<div class=\"elementor-spacer\">\n\t\t\t<div class=\"elementor-spacer-inner\"><\/div>\n\t\t<\/div>\n\t\t\t\t\t\t<\/div>\n\t\t\t\t<\/div>\n\t\t\t\t\t<\/div>\n\t\t\t\t<\/div>\n\t\t<div class=\"elementor-element elementor-element-496c6c2 e-flex e-con-boxed e-con e-parent\" data-id=\"496c6c2\" data-element_type=\"container\" data-e-type=\"container\">\n\t\t\t\t\t<div class=\"e-con-inner\">\n\t\t<div class=\"elementor-element elementor-element-c41c7e6 e-con-full e-flex e-con e-child\" data-id=\"c41c7e6\" data-element_type=\"container\" data-e-type=\"container\">\n\t\t\t\t<div class=\"elementor-element elementor-element-d7cfdab elementor-widget elementor-widget-heading\" data-id=\"d7cfdab\" data-element_type=\"widget\" data-e-type=\"widget\" data-widget_type=\"heading.default\">\n\t\t\t\t<div class=\"elementor-widget-container\">\n\t\t\t\t\t<h1 class=\"elementor-heading-title elementor-size-default\">De The Belize Collection<\/h1>\t\t\t\t<\/div>\n\t\t\t\t<\/div>\n\t\t\t\t<div class=\"elementor-element elementor-element-4004436 elementor-widget elementor-widget-heading\" data-id=\"4004436\" data-element_type=\"widget\" data-e-type=\"widget\" data-widget_type=\"heading.default\">\n\t\t\t\t<div class=\"elementor-widget-container\">\n\t\t\t\t\t<h1 class=\"elementor-heading-title elementor-size-default\">4.\u00aa Carrera Rugiente por los Jaguares<\/h1>\t\t\t\t<\/div>\n\t\t\t\t<\/div>\n\t\t\t\t<div class=\"elementor-element elementor-element-424f1ca elementor-widget elementor-widget-text-editor\" data-id=\"424f1ca\" data-element_type=\"widget\" data-e-type=\"widget\" data-widget_type=\"text-editor.default\">\n\t\t\t\t<div class=\"elementor-widget-container\">\n\t\t\t\t\t\t\t\t\t<div class=\"elementor-element elementor-element-3fd73d8 elementor-widget elementor-widget-text-editor\" data-id=\"3fd73d8\" data-element_type=\"widget\" data-widget_type=\"text-editor.default\"><div class=\"elementor-widget-container\">El D\u00eda Internacional del Jaguar se celebra anualmente el 29 de noviembre. La Carrera Rugiente por los Jaguares sensibiliza sobre la conservaci\u00f3n de la biodiversidad como evento de recaudaci\u00f3n de fondos para el Programa de Conflicto Humano-Jaguar del Zool\u00f3gico de Belice. &#8211; <\/div><\/div>\t\t\t\t\t\t\t\t<\/div>\n\t\t\t\t<\/div>\n\t\t\t\t<div class=\"elementor-element elementor-element-036ba12 elementor-widget elementor-widget-text-editor\" data-id=\"036ba12\" data-element_type=\"widget\" data-e-type=\"widget\" data-widget_type=\"text-editor.default\">\n\t\t\t\t<div class=\"elementor-widget-container\">\n\t\t\t\t\t\t\t\t\t<div class=\"elementor-element elementor-element-7b6add7 elementor-widget elementor-widget-text-editor\" data-id=\"7b6add7\" data-element_type=\"widget\" data-widget_type=\"text-editor.default\"><div class=\"elementor-widget-container\"><div class=\"elementor-element elementor-element-7b6add7 elementor-widget elementor-widget-text-editor\" data-id=\"7b6add7\" data-element_type=\"widget\" data-widget_type=\"text-editor.default\"><div class=\"elementor-widget-container\"><div class=\"elementor-element elementor-element-66dba51 elementor-widget elementor-widget-text-editor\" data-id=\"66dba51\" data-element_type=\"widget\" data-widget_type=\"text-editor.default\"><div class=\"elementor-widget-container\"><p><strong>Fecha:<\/strong> 23 de noviembre de 2025<\/p><div class=\"elementor-element elementor-element-0bab296 elementor-widget elementor-widget-text-editor\" data-id=\"0bab296\" data-element_type=\"widget\" data-widget_type=\"text-editor.default\"><div class=\"elementor-widget-container\"><p><strong>Hora: <\/strong><span class=\"single-location term-101\">6:00 a.m.<\/span><\/p><div class=\"elementor-element elementor-element-0bab296 elementor-widget elementor-widget-text-editor\" data-id=\"0bab296\" data-element_type=\"widget\" data-widget_type=\"text-editor.default\"><div class=\"elementor-widget-container\"><p><strong>Ubicaci\u00f3n: <\/strong><span class=\"single-location term-101\">Zool\u00f3gico de Belice<\/span><\/p><\/div><\/div><\/div><\/div><\/div><\/div><\/div><\/div><div class=\"elementor-element elementor-element-1e366c3 elementor-widget elementor-widget-text-editor\" data-id=\"1e366c3\" data-element_type=\"widget\" data-widget_type=\"text-editor.default\"><div class=\"elementor-widget-container\"> <\/div><\/div><\/div><\/div>\t\t\t\t\t\t\t\t<\/div>\n\t\t\t\t<\/div>\n\t\t\t\t<div class=\"elementor-element elementor-element-b7cfd48 elementor-widget elementor-widget-button\" data-id=\"b7cfd48\" data-element_type=\"widget\" data-e-type=\"widget\" data-widget_type=\"button.default\">\n\t\t\t\t<div class=\"elementor-widget-container\">\n\t\t\t\t\t\t\t\t\t<div class=\"elementor-button-wrapper\">\n\t\t\t\t\t<a class=\"elementor-button elementor-button-link elementor-size-sm\" href=\"https:\/\/www.belizezoo.org\/run-for-jaguars-registration\/\">\n\t\t\t\t\t\t<span class=\"elementor-button-content-wrapper\">\n\t\t\t\t\t\t\t\t\t<span class=\"elementor-button-text\">M\u00c1S INFORMACI\u00d3N Y REGISTRO<\/span>\n\t\t\t\t\t<\/span>\n\t\t\t\t\t<\/a>\n\t\t\t\t<\/div>\n\t\t\t\t\t\t\t\t<\/div>\n\t\t\t\t<\/div>\n\t\t\t\t<\/div>\n\t\t<div class=\"elementor-element elementor-element-cdb8f28 e-con-full e-flex e-con e-child\" data-id=\"cdb8f28\" data-element_type=\"container\" data-e-type=\"container\" data-settings=\"{&quot;background_background&quot;:&quot;classic&quot;}\">\n\t\t\t\t<\/div>\n\t\t\t\t\t<\/div>\n\t\t\t\t<\/div>\n\t\t<div class=\"elementor-element elementor-element-62844cf e-flex e-con-boxed e-con e-parent\" data-id=\"62844cf\" data-element_type=\"container\" data-e-type=\"container\">\n\t\t\t\t\t<div class=\"e-con-inner\">\n\t\t\t\t<div class=\"elementor-element elementor-element-55595e0 elementor-widget elementor-widget-spacer\" data-id=\"55595e0\" data-element_type=\"widget\" data-e-type=\"widget\" data-widget_type=\"spacer.default\">\n\t\t\t\t<div class=\"elementor-widget-container\">\n\t\t\t\t\t\t\t<div class=\"elementor-spacer\">\n\t\t\t<div class=\"elementor-spacer-inner\"><\/div>\n\t\t<\/div>\n\t\t\t\t\t\t<\/div>\n\t\t\t\t<\/div>\n\t\t\t\t\t<\/div>\n\t\t\t\t<\/div>\n\t\t\t\t<\/div>\n\t\t","protected":false},"excerpt":{"rendered":"<p>De The Belize Collection 4.\u00aa Carrera Rugiente por los Jaguares El D\u00eda Internacional del Jaguar se celebra anualmente el 29 de noviembre. La Carrera Rugiente por los Jaguares sensibiliza sobre la conservaci\u00f3n de la biodiversidad como evento de recaudaci\u00f3n de fondos para el Programa de Conflicto Humano-Jaguar del Zool\u00f3gico de Belice. &#8211; Fecha: 23 de [&hellip;]<\/p>\n","protected":false},"author":4,"featured_media":69845,"parent":0,"menu_order":0,"comment_status":"closed","ping_status":"closed","template":"page-full-width.php","meta":{"_acf_changed":false,"_vp_format_video_url":"","_vp_image_focal_point":[],"footnotes":""},"categories":[199],"tags":[],"class_list":["post-69841","page","type-page","status-publish","has-post-thumbnail","hentry","category-encuentro-tbc"],"acf":[],"yoast_head":"<!-- This site is optimized with the Yoast SEO plugin v27.4 - https:\/\/yoast.com\/product\/yoast-seo-wordpress\/ -->\n<title>4.\u00aa Carrera Rugiente por los Jaguares - The Belize Collection<\/title>\n<meta name=\"robots\" content=\"index, follow, max-snippet:-1, max-image-preview:large, max-video-preview:-1\" \/>\n<link rel=\"canonical\" href=\"https:\/\/thebelizecollection.com\/es\/4-a-carrera-rugiente-por-los-jaguares\/\" \/>\n<meta property=\"og:locale\" content=\"es_ES\" \/>\n<meta property=\"og:type\" content=\"article\" \/>\n<meta property=\"og:title\" content=\"4.\u00aa Carrera Rugiente por los Jaguares - The Belize Collection\" \/>\n<meta property=\"og:description\" content=\"De The Belize Collection 4.\u00aa Carrera Rugiente por los Jaguares El D\u00eda Internacional del Jaguar se celebra anualmente el 29 de noviembre. La Carrera Rugiente por los Jaguares sensibiliza sobre la conservaci\u00f3n de la biodiversidad como evento de recaudaci\u00f3n de fondos para el Programa de Conflicto Humano-Jaguar del Zool\u00f3gico de Belice. &#8211; Fecha: 23 de [&hellip;]\" \/>\n<meta property=\"og:url\" content=\"https:\/\/thebelizecollection.com\/es\/4-a-carrera-rugiente-por-los-jaguares\/\" \/>\n<meta property=\"og:site_name\" content=\"The Belize Collection\" \/>\n<meta property=\"article:modified_time\" content=\"2026-04-22T02:37:45+00:00\" \/>\n<meta property=\"og:image\" content=\"https:\/\/thebelizecollection.com\/wp-content\/uploads\/2025\/08\/223A2881.jpg\" \/>\n\t<meta property=\"og:image:width\" content=\"2048\" \/>\n\t<meta property=\"og:image:height\" content=\"1365\" \/>\n\t<meta property=\"og:image:type\" content=\"image\/jpeg\" \/>\n<meta name=\"twitter:card\" content=\"summary_large_image\" \/>\n<script type=\"application\/ld+json\" class=\"yoast-schema-graph\">{\"@context\":\"https:\\\/\\\/schema.org\",\"@graph\":[{\"@type\":\"WebPage\",\"@id\":\"https:\\\/\\\/thebelizecollection.com\\\/es\\\/4-a-carrera-rugiente-por-los-jaguares\\\/\",\"url\":\"https:\\\/\\\/thebelizecollection.com\\\/es\\\/4-a-carrera-rugiente-por-los-jaguares\\\/\",\"name\":\"4.\u00aa Carrera Rugiente por los Jaguares - The Belize Collection\",\"isPartOf\":{\"@id\":\"https:\\\/\\\/thebelizecollection.com\\\/es\\\/#website\"},\"primaryImageOfPage\":{\"@id\":\"https:\\\/\\\/thebelizecollection.com\\\/es\\\/4-a-carrera-rugiente-por-los-jaguares\\\/#primaryimage\"},\"image\":{\"@id\":\"https:\\\/\\\/thebelizecollection.com\\\/es\\\/4-a-carrera-rugiente-por-los-jaguares\\\/#primaryimage\"},\"thumbnailUrl\":\"https:\\\/\\\/thebelizecollection.com\\\/wp-content\\\/uploads\\\/2025\\\/08\\\/223A2881.jpg\",\"datePublished\":\"2025-08-21T16:47:18+00:00\",\"dateModified\":\"2026-04-22T02:37:45+00:00\",\"breadcrumb\":{\"@id\":\"https:\\\/\\\/thebelizecollection.com\\\/es\\\/4-a-carrera-rugiente-por-los-jaguares\\\/#breadcrumb\"},\"inLanguage\":\"es\",\"potentialAction\":[{\"@type\":\"ReadAction\",\"target\":[\"https:\\\/\\\/thebelizecollection.com\\\/es\\\/4-a-carrera-rugiente-por-los-jaguares\\\/\"]}]},{\"@type\":\"ImageObject\",\"inLanguage\":\"es\",\"@id\":\"https:\\\/\\\/thebelizecollection.com\\\/es\\\/4-a-carrera-rugiente-por-los-jaguares\\\/#primaryimage\",\"url\":\"https:\\\/\\\/thebelizecollection.com\\\/wp-content\\\/uploads\\\/2025\\\/08\\\/223A2881.jpg\",\"contentUrl\":\"https:\\\/\\\/thebelizecollection.com\\\/wp-content\\\/uploads\\\/2025\\\/08\\\/223A2881.jpg\",\"width\":2048,\"height\":1365},{\"@type\":\"BreadcrumbList\",\"@id\":\"https:\\\/\\\/thebelizecollection.com\\\/es\\\/4-a-carrera-rugiente-por-los-jaguares\\\/#breadcrumb\",\"itemListElement\":[{\"@type\":\"ListItem\",\"position\":1,\"name\":\"Home\",\"item\":\"https:\\\/\\\/thebelizecollection.com\\\/es\\\/the-belize-collection\\\/\"},{\"@type\":\"ListItem\",\"position\":2,\"name\":\"4.\u00aa Carrera Rugiente por los Jaguares\"}]},{\"@type\":\"WebSite\",\"@id\":\"https:\\\/\\\/thebelizecollection.com\\\/es\\\/#website\",\"url\":\"https:\\\/\\\/thebelizecollection.com\\\/es\\\/\",\"name\":\"The Belize Collection\",\"description\":\"Everything Belize\",\"potentialAction\":[{\"@type\":\"SearchAction\",\"target\":{\"@type\":\"EntryPoint\",\"urlTemplate\":\"https:\\\/\\\/thebelizecollection.com\\\/es\\\/?s={search_term_string}\"},\"query-input\":{\"@type\":\"PropertyValueSpecification\",\"valueRequired\":true,\"valueName\":\"search_term_string\"}}],\"inLanguage\":\"es\"}]}<\/script>\n<!-- \/ Yoast SEO plugin. -->","yoast_head_json":{"title":"4.\u00aa Carrera Rugiente por los Jaguares - The Belize Collection","robots":{"index":"index","follow":"follow","max-snippet":"max-snippet:-1","max-image-preview":"max-image-preview:large","max-video-preview":"max-video-preview:-1"},"canonical":"https:\/\/thebelizecollection.com\/es\/4-a-carrera-rugiente-por-los-jaguares\/","og_locale":"es_ES","og_type":"article","og_title":"4.\u00aa Carrera Rugiente por los Jaguares - The Belize Collection","og_description":"De The Belize Collection 4.\u00aa Carrera Rugiente por los Jaguares El D\u00eda Internacional del Jaguar se celebra anualmente el 29 de noviembre. La Carrera Rugiente por los Jaguares sensibiliza sobre la conservaci\u00f3n de la biodiversidad como evento de recaudaci\u00f3n de fondos para el Programa de Conflicto Humano-Jaguar del Zool\u00f3gico de Belice. &#8211; Fecha: 23 de [&hellip;]","og_url":"https:\/\/thebelizecollection.com\/es\/4-a-carrera-rugiente-por-los-jaguares\/","og_site_name":"The Belize Collection","article_modified_time":"2026-04-22T02:37:45+00:00","og_image":[{"width":2048,"height":1365,"url":"https:\/\/thebelizecollection.com\/wp-content\/uploads\/2025\/08\/223A2881.jpg","type":"image\/jpeg"}],"twitter_card":"summary_large_image","schema":{"@context":"https:\/\/schema.org","@graph":[{"@type":"WebPage","@id":"https:\/\/thebelizecollection.com\/es\/4-a-carrera-rugiente-por-los-jaguares\/","url":"https:\/\/thebelizecollection.com\/es\/4-a-carrera-rugiente-por-los-jaguares\/","name":"4.\u00aa Carrera Rugiente por los Jaguares - The Belize Collection","isPartOf":{"@id":"https:\/\/thebelizecollection.com\/es\/#website"},"primaryImageOfPage":{"@id":"https:\/\/thebelizecollection.com\/es\/4-a-carrera-rugiente-por-los-jaguares\/#primaryimage"},"image":{"@id":"https:\/\/thebelizecollection.com\/es\/4-a-carrera-rugiente-por-los-jaguares\/#primaryimage"},"thumbnailUrl":"https:\/\/thebelizecollection.com\/wp-content\/uploads\/2025\/08\/223A2881.jpg","datePublished":"2025-08-21T16:47:18+00:00","dateModified":"2026-04-22T02:37:45+00:00","breadcrumb":{"@id":"https:\/\/thebelizecollection.com\/es\/4-a-carrera-rugiente-por-los-jaguares\/#breadcrumb"},"inLanguage":"es","potentialAction":[{"@type":"ReadAction","target":["https:\/\/thebelizecollection.com\/es\/4-a-carrera-rugiente-por-los-jaguares\/"]}]},{"@type":"ImageObject","inLanguage":"es","@id":"https:\/\/thebelizecollection.com\/es\/4-a-carrera-rugiente-por-los-jaguares\/#primaryimage","url":"https:\/\/thebelizecollection.com\/wp-content\/uploads\/2025\/08\/223A2881.jpg","contentUrl":"https:\/\/thebelizecollection.com\/wp-content\/uploads\/2025\/08\/223A2881.jpg","width":2048,"height":1365},{"@type":"BreadcrumbList","@id":"https:\/\/thebelizecollection.com\/es\/4-a-carrera-rugiente-por-los-jaguares\/#breadcrumb","itemListElement":[{"@type":"ListItem","position":1,"name":"Home","item":"https:\/\/thebelizecollection.com\/es\/the-belize-collection\/"},{"@type":"ListItem","position":2,"name":"4.\u00aa Carrera Rugiente por los Jaguares"}]},{"@type":"WebSite","@id":"https:\/\/thebelizecollection.com\/es\/#website","url":"https:\/\/thebelizecollection.com\/es\/","name":"The Belize Collection","description":"Everything Belize","potentialAction":[{"@type":"SearchAction","target":{"@type":"EntryPoint","urlTemplate":"https:\/\/thebelizecollection.com\/es\/?s={search_term_string}"},"query-input":{"@type":"PropertyValueSpecification","valueRequired":true,"valueName":"search_term_string"}}],"inLanguage":"es"}]}},"jetpack_sharing_enabled":true,"_links":{"self":[{"href":"https:\/\/thebelizecollection.com\/es\/wp-json\/wp\/v2\/pages\/69841","targetHints":{"allow":["GET"]}}],"collection":[{"href":"https:\/\/thebelizecollection.com\/es\/wp-json\/wp\/v2\/pages"}],"about":[{"href":"https:\/\/thebelizecollection.com\/es\/wp-json\/wp\/v2\/types\/page"}],"author":[{"embeddable":true,"href":"https:\/\/thebelizecollection.com\/es\/wp-json\/wp\/v2\/users\/4"}],"replies":[{"embeddable":true,"href":"https:\/\/thebelizecollection.com\/es\/wp-json\/wp\/v2\/comments?post=69841"}],"version-history":[{"count":7,"href":"https:\/\/thebelizecollection.com\/es\/wp-json\/wp\/v2\/pages\/69841\/revisions"}],"predecessor-version":[{"id":74340,"href":"https:\/\/thebelizecollection.com\/es\/wp-json\/wp\/v2\/pages\/69841\/revisions\/74340"}],"wp:featuredmedia":[{"embeddable":true,"href":"https:\/\/thebelizecollection.com\/es\/wp-json\/wp\/v2\/media\/69845"}],"wp:attachment":[{"href":"https:\/\/thebelizecollection.com\/es\/wp-json\/wp\/v2\/media?parent=69841"}],"wp:term":[{"taxonomy":"category","embeddable":true,"href":"https:\/\/thebelizecollection.com\/es\/wp-json\/wp\/v2\/categories?post=69841"},{"taxonomy":"post_tag","embeddable":true,"href":"https:\/\/thebelizecollection.com\/es\/wp-json\/wp\/v2\/tags?post=69841"}],"curies":[{"name":"wp","href":"https:\/\/api.w.org\/{rel}","templated":true}]}}