{"id":69854,"date":"2026-03-11T09:55:42","date_gmt":"2026-03-11T15:55:42","guid":{"rendered":"https:\/\/thebelizecollection.com\/ritmos-junto-al-rio-2\/"},"modified":"2026-03-17T11:29:30","modified_gmt":"2026-03-17T17:29:30","slug":"ritmos-junto-al-rio-2","status":"publish","type":"page","link":"https:\/\/thebelizecollection.com\/es\/ritmos-junto-al-rio-2\/","title":{"rendered":"Ritmos junto al r\u00edo"},"content":{"rendered":"\t\t<div data-elementor-type=\"wp-page\" data-elementor-id=\"69854\" class=\"elementor elementor-69854 elementor-68598\" data-elementor-post-type=\"page\">\n\t\t\t\t<div class=\"elementor-element elementor-element-e0c3fa8 e-con-full e-flex e-con e-parent\" data-id=\"e0c3fa8\" data-element_type=\"container\" data-e-type=\"container\" data-settings=\"{&quot;background_background&quot;:&quot;classic&quot;}\">\n\t\t\t\t<\/div>\n\t\t<div class=\"elementor-element elementor-element-22753ee e-flex e-con-boxed e-con e-parent\" data-id=\"22753ee\" data-element_type=\"container\" data-e-type=\"container\">\n\t\t\t\t\t<div class=\"e-con-inner\">\n\t\t\t\t<div class=\"elementor-element elementor-element-f1d6bf9 elementor-widget elementor-widget-spacer\" data-id=\"f1d6bf9\" data-element_type=\"widget\" data-e-type=\"widget\" data-widget_type=\"spacer.default\">\n\t\t\t\t<div class=\"elementor-widget-container\">\n\t\t\t\t\t\t\t<div class=\"elementor-spacer\">\n\t\t\t<div class=\"elementor-spacer-inner\"><\/div>\n\t\t<\/div>\n\t\t\t\t\t\t<\/div>\n\t\t\t\t<\/div>\n\t\t\t\t\t<\/div>\n\t\t\t\t<\/div>\n\t\t<div class=\"elementor-element elementor-element-e5b8605 e-flex e-con-boxed e-con e-parent\" data-id=\"e5b8605\" data-element_type=\"container\" data-e-type=\"container\">\n\t\t\t\t\t<div class=\"e-con-inner\">\n\t\t<div class=\"elementor-element elementor-element-5863e3a e-con-full e-flex e-con e-child\" data-id=\"5863e3a\" data-element_type=\"container\" data-e-type=\"container\">\n\t\t\t\t<div class=\"elementor-element elementor-element-2d3aff2 elementor-widget elementor-widget-heading\" data-id=\"2d3aff2\" data-element_type=\"widget\" data-e-type=\"widget\" data-widget_type=\"heading.default\">\n\t\t\t\t<div class=\"elementor-widget-container\">\n\t\t\t\t\t<h1 class=\"elementor-heading-title elementor-size-default\">Ritmos junto al r\u00edo<\/h1>\t\t\t\t<\/div>\n\t\t\t\t<\/div>\n\t\t\t\t<div class=\"elementor-element elementor-element-db9c635 elementor-widget elementor-widget-text-editor\" data-id=\"db9c635\" data-element_type=\"widget\" data-e-type=\"widget\" data-widget_type=\"text-editor.default\">\n\t\t\t\t<div class=\"elementor-widget-container\">\n\t\t\t\t\t\t\t\t\t<div class=\"elementor-element elementor-element-3fd73d8 elementor-widget elementor-widget-text-editor\" data-id=\"3fd73d8\" data-element_type=\"widget\" data-widget_type=\"text-editor.default\"><div class=\"elementor-widget-container\">Acomp\u00e1\u00f1enos en una noche elegante de jazz en vivo bajo las estrellas en The Banks Resort. Deje que el ritmo ribere\u00f1o de la velada le cautive con melod\u00edas conmovedoras, un entorno exuberante y c\u00f3cteles de autor del bar Humo. Reserve su cena con antelaci\u00f3n. Aforo limitado. Confirme su asistencia por WhatsApp <a href=\"callto:+501-615-2167\">+501-615-2167<\/a>. <\/div><\/div>\t\t\t\t\t\t\t\t<\/div>\n\t\t\t\t<\/div>\n\t\t\t\t<div class=\"elementor-element elementor-element-df230a5 elementor-widget elementor-widget-text-editor\" data-id=\"df230a5\" data-element_type=\"widget\" data-e-type=\"widget\" data-widget_type=\"text-editor.default\">\n\t\t\t\t<div class=\"elementor-widget-container\">\n\t\t\t\t\t\t\t\t\t<p><strong>Ubicaci\u00f3n: <span style=\"font-weight: 400;\">Humo Restaurant &amp; Bar<\/span><\/strong><\/p><p><strong>Fecha:<\/strong> 26 de marzo de 2026<\/p><p><strong>Hora:<\/strong> 19:00 &#8211; 21:00<\/p><p><strong>Precio:<\/strong> 20 $ USD por persona <em>(el precio de la entrada incluye una copa de vino o una cerveza)<\/em><\/p>\t\t\t\t\t\t\t\t<\/div>\n\t\t\t\t<\/div>\n\t\t\t\t<div class=\"elementor-element elementor-element-d5c7fba elementor-widget elementor-widget-button\" data-id=\"d5c7fba\" data-element_type=\"widget\" data-e-type=\"widget\" data-widget_type=\"button.default\">\n\t\t\t\t<div class=\"elementor-widget-container\">\n\t\t\t\t\t\t\t\t\t<div class=\"elementor-button-wrapper\">\n\t\t\t\t\t<a class=\"elementor-button elementor-button-link elementor-size-sm\" href=\"mailto:reservations@thebelizecollection.com\">\n\t\t\t\t\t\t<span class=\"elementor-button-content-wrapper\">\n\t\t\t\t\t\t\t\t\t<span class=\"elementor-button-text\">Haga clic aqu\u00ed para confirmar su asistencia<\/span>\n\t\t\t\t\t<\/span>\n\t\t\t\t\t<\/a>\n\t\t\t\t<\/div>\n\t\t\t\t\t\t\t\t<\/div>\n\t\t\t\t<\/div>\n\t\t\t\t<\/div>\n\t\t<div class=\"elementor-element elementor-element-f2f5dbf e-con-full e-flex e-con e-child\" data-id=\"f2f5dbf\" data-element_type=\"container\" data-e-type=\"container\" data-settings=\"{&quot;background_background&quot;:&quot;classic&quot;}\">\n\t\t\t\t<\/div>\n\t\t\t\t\t<\/div>\n\t\t\t\t<\/div>\n\t\t<div class=\"elementor-element elementor-element-482a04c e-flex e-con-boxed e-con e-parent\" data-id=\"482a04c\" data-element_type=\"container\" data-e-type=\"container\">\n\t\t\t\t\t<div class=\"e-con-inner\">\n\t\t\t\t<div class=\"elementor-element elementor-element-355d8fa elementor-widget elementor-widget-spacer\" data-id=\"355d8fa\" data-element_type=\"widget\" data-e-type=\"widget\" data-widget_type=\"spacer.default\">\n\t\t\t\t<div class=\"elementor-widget-container\">\n\t\t\t\t\t\t\t<div class=\"elementor-spacer\">\n\t\t\t<div class=\"elementor-spacer-inner\"><\/div>\n\t\t<\/div>\n\t\t\t\t\t\t<\/div>\n\t\t\t\t<\/div>\n\t\t\t\t\t<\/div>\n\t\t\t\t<\/div>\n\t\t<div class=\"elementor-element elementor-element-2a190b4 e-flex e-con-boxed e-con e-parent\" data-id=\"2a190b4\" data-element_type=\"container\" data-e-type=\"container\">\n\t\t\t\t\t<div class=\"e-con-inner\">\n\t\t\t\t<div class=\"elementor-element elementor-element-7e3d1a7 elementor-widget elementor-widget-heading\" data-id=\"7e3d1a7\" data-element_type=\"widget\" data-e-type=\"widget\" data-widget_type=\"heading.default\">\n\t\t\t\t<div class=\"elementor-widget-container\">\n\t\t\t\t\t<h1 class=\"elementor-heading-title elementor-size-default\">Ari y Anton<\/h1>\t\t\t\t<\/div>\n\t\t\t\t<\/div>\n\t\t\t\t<div class=\"elementor-element elementor-element-a1b8f90 elementor-widget elementor-widget-text-editor\" data-id=\"a1b8f90\" data-element_type=\"widget\" data-e-type=\"widget\" data-widget_type=\"text-editor.default\">\n\t\t\t\t<div class=\"elementor-widget-container\">\n\t\t\t\t\t\t\t\t\t<div class=\"elementor-element elementor-element-3fd73d8 elementor-widget elementor-widget-text-editor\" data-id=\"3fd73d8\" data-element_type=\"widget\" data-widget_type=\"text-editor.default\"><div class=\"elementor-widget-container\"><p>Anton Alvarez y Arianna Quiroz son un din\u00e1mico d\u00fao musical nacido y afincado en Belice, Centroam\u00e9rica, que aporta casi una d\u00e9cada de experiencia a los escenarios. Conocidos por su fluida qu\u00edmica y su sonido rico y conmovedor, se inspiran en leyendas como Stevie Wonder, Ella Fitzgerald, Chet Baker y The Beatles, fusionando jazz, soul y R&amp;B en un estilo de actuaci\u00f3n elegante y emotivo. <\/p><p>Juntos, han actuado por toda Centroam\u00e9rica y Estados Unidos, cautivando al p\u00fablico con su refinado arte y su repertorio atemporal. Ya sea interpretando cl\u00e1sicos muy queridos o presentando sus propios arreglos \u00fanicos, Anton y Arianna crean una atm\u00f3sfera c\u00e1lida y sofisticada. <\/p><\/div><\/div>\t\t\t\t\t\t\t\t<\/div>\n\t\t\t\t<\/div>\n\t\t\t\t\t<\/div>\n\t\t\t\t<\/div>\n\t\t<div class=\"elementor-element elementor-element-73cd0e7 e-flex e-con-boxed e-con e-parent\" data-id=\"73cd0e7\" data-element_type=\"container\" data-e-type=\"container\">\n\t\t\t\t\t<div class=\"e-con-inner\">\n\t\t\t\t<div class=\"elementor-element elementor-element-d294a06 elementor-widget elementor-widget-spacer\" data-id=\"d294a06\" data-element_type=\"widget\" data-e-type=\"widget\" data-widget_type=\"spacer.default\">\n\t\t\t\t<div class=\"elementor-widget-container\">\n\t\t\t\t\t\t\t<div class=\"elementor-spacer\">\n\t\t\t<div class=\"elementor-spacer-inner\"><\/div>\n\t\t<\/div>\n\t\t\t\t\t\t<\/div>\n\t\t\t\t<\/div>\n\t\t\t\t\t<\/div>\n\t\t\t\t<\/div>\n\t\t\t\t<\/div>\n\t\t","protected":false},"excerpt":{"rendered":"<p>Ritmos junto al r\u00edo Acomp\u00e1\u00f1enos en una noche elegante de jazz en vivo bajo las estrellas en The Banks Resort. Deje que el ritmo ribere\u00f1o de la velada le cautive con melod\u00edas conmovedoras, un entorno exuberante y c\u00f3cteles de autor del bar Humo. Reserve su cena con antelaci\u00f3n. Aforo limitado. Confirme su asistencia por WhatsApp [&hellip;]<\/p>\n","protected":false},"author":4,"featured_media":68485,"parent":0,"menu_order":0,"comment_status":"closed","ping_status":"closed","template":"page-full-width.php","meta":{"_acf_changed":false,"_vp_format_video_url":"","_vp_image_focal_point":[],"footnotes":""},"categories":[199],"tags":[],"class_list":["post-69854","page","type-page","status-publish","has-post-thumbnail","hentry","category-encuentro-tbc"],"acf":[],"yoast_head":"<!-- This site is optimized with the Yoast SEO plugin v27.4 - https:\/\/yoast.com\/product\/yoast-seo-wordpress\/ -->\n<title>Ritmos junto al r\u00edo - The Belize Collection<\/title>\n<meta name=\"robots\" content=\"index, follow, max-snippet:-1, max-image-preview:large, max-video-preview:-1\" \/>\n<link rel=\"canonical\" href=\"https:\/\/thebelizecollection.com\/es\/ritmos-junto-al-rio-2\/\" \/>\n<meta property=\"og:locale\" content=\"es_ES\" \/>\n<meta property=\"og:type\" content=\"article\" \/>\n<meta property=\"og:title\" content=\"Ritmos junto al r\u00edo - The Belize Collection\" \/>\n<meta property=\"og:description\" content=\"Ritmos junto al r\u00edo Acomp\u00e1\u00f1enos en una noche elegante de jazz en vivo bajo las estrellas en The Banks Resort. Deje que el ritmo ribere\u00f1o de la velada le cautive con melod\u00edas conmovedoras, un entorno exuberante y c\u00f3cteles de autor del bar Humo. Reserve su cena con antelaci\u00f3n. Aforo limitado. Confirme su asistencia por WhatsApp [&hellip;]\" \/>\n<meta property=\"og:url\" content=\"https:\/\/thebelizecollection.com\/es\/ritmos-junto-al-rio-2\/\" \/>\n<meta property=\"og:site_name\" content=\"The Belize Collection\" \/>\n<meta property=\"article:modified_time\" content=\"2026-03-17T17:29:30+00:00\" \/>\n<meta property=\"og:image\" content=\"https:\/\/thebelizecollection.com\/wp-content\/uploads\/2026\/03\/Riverside-Rhythms_1200x628-1.jpg\" \/>\n\t<meta property=\"og:image:width\" content=\"2048\" \/>\n\t<meta property=\"og:image:height\" content=\"1365\" \/>\n\t<meta property=\"og:image:type\" content=\"image\/jpeg\" \/>\n<meta name=\"twitter:card\" content=\"summary_large_image\" \/>\n<meta name=\"twitter:label1\" content=\"Tiempo de lectura\" \/>\n\t<meta name=\"twitter:data1\" content=\"1 minuto\" \/>\n<script type=\"application\/ld+json\" class=\"yoast-schema-graph\">{\"@context\":\"https:\\\/\\\/schema.org\",\"@graph\":[{\"@type\":\"WebPage\",\"@id\":\"https:\\\/\\\/thebelizecollection.com\\\/es\\\/ritmos-junto-al-rio-2\\\/\",\"url\":\"https:\\\/\\\/thebelizecollection.com\\\/es\\\/ritmos-junto-al-rio-2\\\/\",\"name\":\"Ritmos junto al r\u00edo - The Belize Collection\",\"isPartOf\":{\"@id\":\"https:\\\/\\\/thebelizecollection.com\\\/es\\\/#website\"},\"primaryImageOfPage\":{\"@id\":\"https:\\\/\\\/thebelizecollection.com\\\/es\\\/ritmos-junto-al-rio-2\\\/#primaryimage\"},\"image\":{\"@id\":\"https:\\\/\\\/thebelizecollection.com\\\/es\\\/ritmos-junto-al-rio-2\\\/#primaryimage\"},\"thumbnailUrl\":\"https:\\\/\\\/thebelizecollection.com\\\/wp-content\\\/uploads\\\/2026\\\/03\\\/Riverside-Rhythms_1200x628-1.jpg\",\"datePublished\":\"2026-03-11T15:55:42+00:00\",\"dateModified\":\"2026-03-17T17:29:30+00:00\",\"breadcrumb\":{\"@id\":\"https:\\\/\\\/thebelizecollection.com\\\/es\\\/ritmos-junto-al-rio-2\\\/#breadcrumb\"},\"inLanguage\":\"es\",\"potentialAction\":[{\"@type\":\"ReadAction\",\"target\":[\"https:\\\/\\\/thebelizecollection.com\\\/es\\\/ritmos-junto-al-rio-2\\\/\"]}]},{\"@type\":\"ImageObject\",\"inLanguage\":\"es\",\"@id\":\"https:\\\/\\\/thebelizecollection.com\\\/es\\\/ritmos-junto-al-rio-2\\\/#primaryimage\",\"url\":\"https:\\\/\\\/thebelizecollection.com\\\/wp-content\\\/uploads\\\/2026\\\/03\\\/Riverside-Rhythms_1200x628-1.jpg\",\"contentUrl\":\"https:\\\/\\\/thebelizecollection.com\\\/wp-content\\\/uploads\\\/2026\\\/03\\\/Riverside-Rhythms_1200x628-1.jpg\",\"width\":2048,\"height\":1365},{\"@type\":\"BreadcrumbList\",\"@id\":\"https:\\\/\\\/thebelizecollection.com\\\/es\\\/ritmos-junto-al-rio-2\\\/#breadcrumb\",\"itemListElement\":[{\"@type\":\"ListItem\",\"position\":1,\"name\":\"Home\",\"item\":\"https:\\\/\\\/thebelizecollection.com\\\/es\\\/the-belize-collection\\\/\"},{\"@type\":\"ListItem\",\"position\":2,\"name\":\"Ritmos junto al r\u00edo\"}]},{\"@type\":\"WebSite\",\"@id\":\"https:\\\/\\\/thebelizecollection.com\\\/es\\\/#website\",\"url\":\"https:\\\/\\\/thebelizecollection.com\\\/es\\\/\",\"name\":\"The Belize Collection\",\"description\":\"Everything Belize\",\"potentialAction\":[{\"@type\":\"SearchAction\",\"target\":{\"@type\":\"EntryPoint\",\"urlTemplate\":\"https:\\\/\\\/thebelizecollection.com\\\/es\\\/?s={search_term_string}\"},\"query-input\":{\"@type\":\"PropertyValueSpecification\",\"valueRequired\":true,\"valueName\":\"search_term_string\"}}],\"inLanguage\":\"es\"}]}<\/script>\n<!-- \/ Yoast SEO plugin. -->","yoast_head_json":{"title":"Ritmos junto al r\u00edo - The Belize Collection","robots":{"index":"index","follow":"follow","max-snippet":"max-snippet:-1","max-image-preview":"max-image-preview:large","max-video-preview":"max-video-preview:-1"},"canonical":"https:\/\/thebelizecollection.com\/es\/ritmos-junto-al-rio-2\/","og_locale":"es_ES","og_type":"article","og_title":"Ritmos junto al r\u00edo - The Belize Collection","og_description":"Ritmos junto al r\u00edo Acomp\u00e1\u00f1enos en una noche elegante de jazz en vivo bajo las estrellas en The Banks Resort. Deje que el ritmo ribere\u00f1o de la velada le cautive con melod\u00edas conmovedoras, un entorno exuberante y c\u00f3cteles de autor del bar Humo. Reserve su cena con antelaci\u00f3n. Aforo limitado. Confirme su asistencia por WhatsApp [&hellip;]","og_url":"https:\/\/thebelizecollection.com\/es\/ritmos-junto-al-rio-2\/","og_site_name":"The Belize Collection","article_modified_time":"2026-03-17T17:29:30+00:00","og_image":[{"width":2048,"height":1365,"url":"https:\/\/thebelizecollection.com\/wp-content\/uploads\/2026\/03\/Riverside-Rhythms_1200x628-1.jpg","type":"image\/jpeg"}],"twitter_card":"summary_large_image","twitter_misc":{"Tiempo de lectura":"1 minuto"},"schema":{"@context":"https:\/\/schema.org","@graph":[{"@type":"WebPage","@id":"https:\/\/thebelizecollection.com\/es\/ritmos-junto-al-rio-2\/","url":"https:\/\/thebelizecollection.com\/es\/ritmos-junto-al-rio-2\/","name":"Ritmos junto al r\u00edo - The Belize Collection","isPartOf":{"@id":"https:\/\/thebelizecollection.com\/es\/#website"},"primaryImageOfPage":{"@id":"https:\/\/thebelizecollection.com\/es\/ritmos-junto-al-rio-2\/#primaryimage"},"image":{"@id":"https:\/\/thebelizecollection.com\/es\/ritmos-junto-al-rio-2\/#primaryimage"},"thumbnailUrl":"https:\/\/thebelizecollection.com\/wp-content\/uploads\/2026\/03\/Riverside-Rhythms_1200x628-1.jpg","datePublished":"2026-03-11T15:55:42+00:00","dateModified":"2026-03-17T17:29:30+00:00","breadcrumb":{"@id":"https:\/\/thebelizecollection.com\/es\/ritmos-junto-al-rio-2\/#breadcrumb"},"inLanguage":"es","potentialAction":[{"@type":"ReadAction","target":["https:\/\/thebelizecollection.com\/es\/ritmos-junto-al-rio-2\/"]}]},{"@type":"ImageObject","inLanguage":"es","@id":"https:\/\/thebelizecollection.com\/es\/ritmos-junto-al-rio-2\/#primaryimage","url":"https:\/\/thebelizecollection.com\/wp-content\/uploads\/2026\/03\/Riverside-Rhythms_1200x628-1.jpg","contentUrl":"https:\/\/thebelizecollection.com\/wp-content\/uploads\/2026\/03\/Riverside-Rhythms_1200x628-1.jpg","width":2048,"height":1365},{"@type":"BreadcrumbList","@id":"https:\/\/thebelizecollection.com\/es\/ritmos-junto-al-rio-2\/#breadcrumb","itemListElement":[{"@type":"ListItem","position":1,"name":"Home","item":"https:\/\/thebelizecollection.com\/es\/the-belize-collection\/"},{"@type":"ListItem","position":2,"name":"Ritmos junto al r\u00edo"}]},{"@type":"WebSite","@id":"https:\/\/thebelizecollection.com\/es\/#website","url":"https:\/\/thebelizecollection.com\/es\/","name":"The Belize Collection","description":"Everything Belize","potentialAction":[{"@type":"SearchAction","target":{"@type":"EntryPoint","urlTemplate":"https:\/\/thebelizecollection.com\/es\/?s={search_term_string}"},"query-input":{"@type":"PropertyValueSpecification","valueRequired":true,"valueName":"search_term_string"}}],"inLanguage":"es"}]}},"jetpack_sharing_enabled":true,"_links":{"self":[{"href":"https:\/\/thebelizecollection.com\/es\/wp-json\/wp\/v2\/pages\/69854","targetHints":{"allow":["GET"]}}],"collection":[{"href":"https:\/\/thebelizecollection.com\/es\/wp-json\/wp\/v2\/pages"}],"about":[{"href":"https:\/\/thebelizecollection.com\/es\/wp-json\/wp\/v2\/types\/page"}],"author":[{"embeddable":true,"href":"https:\/\/thebelizecollection.com\/es\/wp-json\/wp\/v2\/users\/4"}],"replies":[{"embeddable":true,"href":"https:\/\/thebelizecollection.com\/es\/wp-json\/wp\/v2\/comments?post=69854"}],"version-history":[{"count":1,"href":"https:\/\/thebelizecollection.com\/es\/wp-json\/wp\/v2\/pages\/69854\/revisions"}],"predecessor-version":[{"id":69869,"href":"https:\/\/thebelizecollection.com\/es\/wp-json\/wp\/v2\/pages\/69854\/revisions\/69869"}],"wp:featuredmedia":[{"embeddable":true,"href":"https:\/\/thebelizecollection.com\/es\/wp-json\/wp\/v2\/media\/68485"}],"wp:attachment":[{"href":"https:\/\/thebelizecollection.com\/es\/wp-json\/wp\/v2\/media?parent=69854"}],"wp:term":[{"taxonomy":"category","embeddable":true,"href":"https:\/\/thebelizecollection.com\/es\/wp-json\/wp\/v2\/categories?post=69854"},{"taxonomy":"post_tag","embeddable":true,"href":"https:\/\/thebelizecollection.com\/es\/wp-json\/wp\/v2\/tags?post=69854"}],"curies":[{"name":"wp","href":"https:\/\/api.w.org\/{rel}","templated":true}]}}