{"id":71225,"date":"2026-02-10T10:00:00","date_gmt":"2026-02-10T16:00:00","guid":{"rendered":"https:\/\/thebelizecollection.com\/retiro-idilico-en-belice-2\/"},"modified":"2026-04-01T16:35:25","modified_gmt":"2026-04-01T22:35:25","slug":"retiro-idilico-en-belice-2","status":"publish","type":"page","link":"https:\/\/thebelizecollection.com\/es\/retiro-idilico-en-belice-2\/","title":{"rendered":"Retiro id\u00edlico en Belice"},"content":{"rendered":"\t\t<div data-elementor-type=\"wp-page\" data-elementor-id=\"71225\" class=\"elementor elementor-71225 elementor-69156\" data-elementor-post-type=\"page\">\n\t\t\t\t<div class=\"elementor-element elementor-element-bf3986e e-con-full e-flex e-con e-parent\" data-id=\"bf3986e\" data-element_type=\"container\" data-e-type=\"container\" data-settings=\"{&quot;background_background&quot;:&quot;classic&quot;}\">\n\t\t\t\t<div class=\"elementor-element elementor-element-8762e47 elementor-widget elementor-widget-heading\" data-id=\"8762e47\" data-element_type=\"widget\" data-e-type=\"widget\" data-widget_type=\"heading.default\">\n\t\t\t\t<div class=\"elementor-widget-container\">\n\t\t\t\t\t<h1 class=\"elementor-heading-title elementor-size-default\">Retiro id\u00edlico en Belice<\/h1>\t\t\t\t<\/div>\n\t\t\t\t<\/div>\n\t\t\t\t<\/div>\n\t\t<div class=\"elementor-element elementor-element-5bf7a92 e-flex e-con-boxed e-con e-parent\" data-id=\"5bf7a92\" data-element_type=\"container\" data-e-type=\"container\">\n\t\t\t\t\t<div class=\"e-con-inner\">\n\t\t\t\t<div class=\"elementor-element elementor-element-944d698 elementor-widget elementor-widget-spacer\" data-id=\"944d698\" data-element_type=\"widget\" data-e-type=\"widget\" data-widget_type=\"spacer.default\">\n\t\t\t\t<div class=\"elementor-widget-container\">\n\t\t\t\t\t\t\t<div class=\"elementor-spacer\">\n\t\t\t<div class=\"elementor-spacer-inner\"><\/div>\n\t\t<\/div>\n\t\t\t\t\t\t<\/div>\n\t\t\t\t<\/div>\n\t\t<div class=\"elementor-element elementor-element-057d08c e-con-full e-flex e-con e-child\" data-id=\"057d08c\" data-element_type=\"container\" data-e-type=\"container\">\n\t\t\t\t<div class=\"elementor-element elementor-element-387aa21 elementor-widget elementor-widget-heading\" data-id=\"387aa21\" data-element_type=\"widget\" data-e-type=\"widget\" data-widget_type=\"heading.default\">\n\t\t\t\t<div class=\"elementor-widget-container\">\n\t\t\t\t\t<h1 class=\"elementor-heading-title elementor-size-default\">Retiro id\u00edlico en Belice<\/h1>\t\t\t\t<\/div>\n\t\t\t\t<\/div>\n\t\t\t\t<div class=\"elementor-element elementor-element-0ffb826 elementor-widget elementor-widget-heading\" data-id=\"0ffb826\" data-element_type=\"widget\" data-e-type=\"widget\" data-widget_type=\"heading.default\">\n\t\t\t\t<div class=\"elementor-widget-container\">\n\t\t\t\t\t<h3 class=\"elementor-heading-title elementor-size-default\">Encu\u00e9ntrese en el para\u00edso: del 22 al 30 de abril de 2026<\/h3>\t\t\t\t<\/div>\n\t\t\t\t<\/div>\n\t\t\t\t<div class=\"elementor-element elementor-element-be760d0 elementor-widget elementor-widget-text-editor\" data-id=\"be760d0\" data-element_type=\"widget\" data-e-type=\"widget\" data-widget_type=\"text-editor.default\">\n\t\t\t\t<div class=\"elementor-widget-container\">\n\t\t\t\t\t\t\t\t\t<p>Esc\u00e1pese del ajetreo y el bullicio de la vida diaria y sum\u00e9rjase en la tranquilidad de Belice con el Retiro id\u00edlico en Belice de YogaVacays. Esta experiencia revitalizante est\u00e1 dise\u00f1ada para cualquier persona que busque una combinaci\u00f3n armoniosa de yoga, aventura y relajaci\u00f3n en medio de la impresionante belleza natural de Centroam\u00e9rica. <\/p>\t\t\t\t\t\t\t\t<\/div>\n\t\t\t\t<\/div>\n\t\t\t\t<div class=\"elementor-element elementor-element-4c783b8 elementor-widget elementor-widget-heading\" data-id=\"4c783b8\" data-element_type=\"widget\" data-e-type=\"widget\" data-widget_type=\"heading.default\">\n\t\t\t\t<div class=\"elementor-widget-container\">\n\t\t\t\t\t<h4 class=\"elementor-heading-title elementor-size-default\">Incluido en esta experiencia:<\/h4>\t\t\t\t<\/div>\n\t\t\t\t<\/div>\n\t\t\t\t<div class=\"elementor-element elementor-element-6010cd2 elementor-widget elementor-widget-text-editor\" data-id=\"6010cd2\" data-element_type=\"widget\" data-e-type=\"widget\" data-widget_type=\"text-editor.default\">\n\t\t\t\t<div class=\"elementor-widget-container\">\n\t\t\t\t\t\t\t\t\t<ul><li>Siete desayunos, siete cenas de grupo y bebidas no alcoh\u00f3licas<\/li><li>Ocho noches de alojamiento<\/li><li>Nueve sesiones de yoga en lugares inspiradores<\/li><li>Transporte entre los dos resorts<\/li><\/ul>\t\t\t\t\t\t\t\t<\/div>\n\t\t\t\t<\/div>\n\t\t\t\t<\/div>\n\t\t\t\t\t<\/div>\n\t\t\t\t<\/div>\n\t\t<div class=\"elementor-element elementor-element-97d46d5 e-flex e-con-boxed e-con e-parent\" data-id=\"97d46d5\" data-element_type=\"container\" data-e-type=\"container\">\n\t\t\t\t\t<div class=\"e-con-inner\">\n\t\t\t\t<div class=\"elementor-element elementor-element-6d4e40b elementor-widget elementor-widget-heading\" data-id=\"6d4e40b\" data-element_type=\"widget\" data-e-type=\"widget\" data-widget_type=\"heading.default\">\n\t\t\t\t<div class=\"elementor-widget-container\">\n\t\t\t\t\t<h1 class=\"elementor-heading-title elementor-size-default\">Itinerario de The Banks (d\u00edas 1-4)<\/h1>\t\t\t\t<\/div>\n\t\t\t\t<\/div>\n\t\t\t\t<div class=\"elementor-element elementor-element-8e89755 elementor-widget elementor-widget-text-editor\" data-id=\"8e89755\" data-element_type=\"widget\" data-e-type=\"widget\" data-widget_type=\"text-editor.default\">\n\t\t\t\t<div class=\"elementor-widget-container\">\n\t\t\t\t\t\t\t\t\t<table>\n<thead>\n<tr style=\"background-color: #a8506e; color: #ffffff;\">\n<th>D\u00eda<\/th>\n<th>Fecha<\/th>\n<th>Itinerario<\/th>\n<\/tr>\n<\/thead>\n<tbody>\n<tr>\n<td>D\u00eda 1<\/td>\n<td><span style=\"white-space: normal;\">22 de abril de 2026<\/span><\/td>\n<td>\n<ul>\n<li>Llegada a The Banks<\/li>\n<li>Cena de bienvenida<\/li>\n<\/ul>\n<\/td>\n<\/tr>\n<tr>\n<td>D\u00eda 2<\/td>\n<td>23 de abril de 2026<\/td>\n<td>\n<div><br><\/div>\n<ul>\n<li>Desayuno en The Banks<\/li>\n<li>Yoga a media ma\u00f1ana en la plataforma de yoga junto al arroyo<\/li>\n<li>Tarde libre para actividades opcionales<\/li>\n<li>Cena en Sleeping Giant<\/li>\n<\/ul>\n<\/td>\n<\/tr>\n<tr>\n<td>D\u00eda 3<\/td>\n<td>24 de abril de 2026<\/td>\n<td>\n<ul>\n<li>Yoga al despertar en la plataforma de yoga junto al arroyo<\/li>\n<li>Desayuno en The Banks<\/li>\n<li>El resto del d\u00eda es libre para actividades opcionales<\/li>\n<li>Cena de grupo<\/li>\n<\/ul>\n<\/td>\n<\/tr>\n<tr>\n<td>D\u00eda 4<\/td>\n<td>25 de abril de 2026<\/td>\n<td>\n<ul>\n<li>Desayuno en The Banks<\/li>\n<li>D\u00eda libre para actividades opcionales<\/li>\n<li>Yoga al atardecer<\/li>\n<li>Cena en The Banks<\/li>\n<\/ul>\n<\/td>\n<\/tr>\n<\/tbody>\n<\/table>\t\t\t\t\t\t\t\t<\/div>\n\t\t\t\t<\/div>\n\t\t\t\t<div class=\"elementor-element elementor-element-5d10bbc elementor-widget elementor-widget-spacer\" data-id=\"5d10bbc\" data-element_type=\"widget\" data-e-type=\"widget\" data-widget_type=\"spacer.default\">\n\t\t\t\t<div class=\"elementor-widget-container\">\n\t\t\t\t\t\t\t<div class=\"elementor-spacer\">\n\t\t\t<div class=\"elementor-spacer-inner\"><\/div>\n\t\t<\/div>\n\t\t\t\t\t\t<\/div>\n\t\t\t\t<\/div>\n\t\t\t\t<div class=\"elementor-element elementor-element-8697dcb elementor-widget elementor-widget-heading\" data-id=\"8697dcb\" data-element_type=\"widget\" data-e-type=\"widget\" data-widget_type=\"heading.default\">\n\t\t\t\t<div class=\"elementor-widget-container\">\n\t\t\t\t\t<h1 class=\"elementor-heading-title elementor-size-default\">Itinerario de Umaya Resort &amp; Adventure (d\u00edas 5-9)<\/h1>\t\t\t\t<\/div>\n\t\t\t\t<\/div>\n\t\t\t\t<div class=\"elementor-element elementor-element-9a4bb2e elementor-widget elementor-widget-text-editor\" data-id=\"9a4bb2e\" data-element_type=\"widget\" data-e-type=\"widget\" data-widget_type=\"text-editor.default\">\n\t\t\t\t<div class=\"elementor-widget-container\">\n\t\t\t\t\t\t\t\t\t<table><thead><tr style=\"background-color: #a8506e; color: #ffffff;\"><th>D\u00eda<\/th><th>Fecha<\/th><th>Itinerario<\/th><\/tr><\/thead><tbody><tr><td>D\u00eda 5<\/td><td>26 de abril de 2026<\/td><td><ul><li>Brunch en The Banks<\/li><li>Traslado a Umaya por la hermosa Hummingbird Highway<\/li><li>Registro de entrada en Umaya<\/li><li>Tarde libre<\/li><li>Cena de bienvenida junto a la playa<\/li><\/ul><\/td><\/tr><tr><td>D\u00eda 6<\/td><td>27 de abril de 2026<\/td><td><ul><li>Yoga al amanecer en la palapa de la playa<\/li><li>Desayuno en Umaya<\/li><li>Yoga a media ma\u00f1ana en la sala de eventos<\/li><li>Almuerzo por su cuenta<\/li><li>Tarde libre para actividades opcionales<\/li><li>Cena por su cuenta<\/li><\/ul><\/td><\/tr><tr><td>D\u00eda 7<\/td><td>28 de abril de 2026<\/td><td><ul><li>Yoga al amanecer en la palapa de la playa<\/li><li>Desayuno en Umaya<\/li><li>Pueblo de Placencia (almuerzo por su cuenta)<\/li><li>Placencia Yacht Club para yoga por la tarde y cena al atardecer<\/li><\/ul><\/td><\/tr><tr><td>D\u00eda 8<\/td><td>29 de abril de 2026<\/td><td><ul><li>Desayuno en Umaya<\/li><li><span style=\"background-color: #ffffff;\">D\u00eda libre para actividades opcionales<\/span><\/li><li>Yoga al atardecer en el muelle de la laguna<\/li><li>Cena en Umaya<\/li><\/ul><\/td><\/tr><tr><td>D\u00eda 9<\/td><td>30 de abril de 2026<\/td><td><ul><li>Salidas desde Placencia o Ciudad de Belice<\/li><\/ul><\/td><\/tr><\/tbody><\/table>\t\t\t\t\t\t\t\t<\/div>\n\t\t\t\t<\/div>\n\t\t\t\t<div class=\"elementor-element elementor-element-346752f elementor-widget elementor-widget-spacer\" data-id=\"346752f\" data-element_type=\"widget\" data-e-type=\"widget\" data-widget_type=\"spacer.default\">\n\t\t\t\t<div class=\"elementor-widget-container\">\n\t\t\t\t\t\t\t<div class=\"elementor-spacer\">\n\t\t\t<div class=\"elementor-spacer-inner\"><\/div>\n\t\t<\/div>\n\t\t\t\t\t\t<\/div>\n\t\t\t\t<\/div>\n\t\t\t\t<div class=\"elementor-element elementor-element-48ed577 elementor-widget elementor-widget-heading\" data-id=\"48ed577\" data-element_type=\"widget\" data-e-type=\"widget\" data-widget_type=\"heading.default\">\n\t\t\t\t<div class=\"elementor-widget-container\">\n\t\t\t\t\t<h1 class=\"elementor-heading-title elementor-size-default\">Precios<\/h1>\t\t\t\t<\/div>\n\t\t\t\t<\/div>\n\t\t\t\t<div class=\"elementor-element elementor-element-debfa86 elementor-widget elementor-widget-text-editor\" data-id=\"debfa86\" data-element_type=\"widget\" data-e-type=\"widget\" data-widget_type=\"text-editor.default\">\n\t\t\t\t<div class=\"elementor-widget-container\">\n\t\t\t\t\t\t\t\t\t<table style=\"width: 100%; border-collapse: collapse; border: 1px solid #ddd;\"><thead style=\"background-color: #a8506e; color: #ffffff;\"><tr><th style=\"padding: 8px; border: 1px solid #ddd;\">Opci\u00f3n<\/th><th style=\"padding: 8px; border: 1px solid #ddd;\">Precio<\/th><th style=\"padding: 8px; border: 1px solid #ddd;\">Hu\u00e9spedes \/ Habitaci\u00f3n<\/th><th style=\"padding: 8px; border: 1px solid #ddd;\">Detalles<\/th><\/tr><\/thead><tbody><tr><td style=\"padding: 8px; border: 1px solid #ddd;\">Opci\u00f3n 1<\/td><td style=\"padding: 8px; border: 1px solid #ddd;\">USD $5.650,00<br><br><br><\/td><td style=\"padding: 8px; border: 1px solid #ddd;\">2 hu\u00e9spedes<\/td><td style=\"padding: 8px; border: 1px solid #ddd;\">1 dormitorio en Umaya Resort &amp; Adventures y 1 dormitorio en The Banks<\/td><\/tr><tr><td style=\"padding: 8px; border: 1px solid #ddd;\">Opci\u00f3n 2<\/td><td style=\"padding: 8px; border: 1px solid #ddd;\"><span style=\"white-space: normal;\">USD $2.950,00<\/span><\/td><td style=\"padding: 8px; border: 1px solid #ddd;\">Compartido<\/td><td style=\"padding: 8px; border: 1px solid #ddd;\">Alojamiento compartido: 2 y 3 dormitorios en The Banks, 2 dormitorios en Umaya<\/td><\/tr><tr><td style=\"padding: 8px; border: 1px solid #ddd;\">Opci\u00f3n 3<\/td><td style=\"padding: 8px; border: 1px solid #ddd;\"><span style=\"white-space: normal;\">USD $3.800,00<\/span><\/td><td style=\"padding: 8px; border: 1px solid #ddd;\">1 hu\u00e9sped<\/td><td style=\"padding: 8px; border: 1px solid #ddd;\">1 dormitorio en Umaya y 1 dormitorio en The Banks (ocupaci\u00f3n individual, sin compartir)<\/td><\/tr><\/tbody><\/table>\t\t\t\t\t\t\t\t<\/div>\n\t\t\t\t<\/div>\n\t\t\t\t<div class=\"elementor-element elementor-element-c6e248e elementor-widget elementor-widget-spacer\" data-id=\"c6e248e\" data-element_type=\"widget\" data-e-type=\"widget\" data-widget_type=\"spacer.default\">\n\t\t\t\t<div class=\"elementor-widget-container\">\n\t\t\t\t\t\t\t<div class=\"elementor-spacer\">\n\t\t\t<div class=\"elementor-spacer-inner\"><\/div>\n\t\t<\/div>\n\t\t\t\t\t\t<\/div>\n\t\t\t\t<\/div>\n\t\t\t\t<div class=\"elementor-element elementor-element-509a9c6 elementor-widget elementor-widget-heading\" data-id=\"509a9c6\" data-element_type=\"widget\" data-e-type=\"widget\" data-widget_type=\"heading.default\">\n\t\t\t\t<div class=\"elementor-widget-container\">\n\t\t\t\t\t<h1 class=\"elementor-heading-title elementor-size-default\">Reserve su plaza <\/h1>\t\t\t\t<\/div>\n\t\t\t\t<\/div>\n\t\t\t\t<div class=\"elementor-element elementor-element-a7cbf79 elementor-widget elementor-widget-text-editor\" data-id=\"a7cbf79\" data-element_type=\"widget\" data-e-type=\"widget\" data-widget_type=\"text-editor.default\">\n\t\t\t\t<div class=\"elementor-widget-container\">\n\t\t\t\t\t\t\t\t\t<p>Emprenda un viaje de autodescubrimiento y renovaci\u00f3n en uno de los destinos m\u00e1s bellos del mundo. Para fechas, precios y mucha m\u00e1s informaci\u00f3n, visite nuestro sitio web en <a href=\"http:\/\/www.yogavacays.com\">www.yogavacays.com<\/a> o llame a Colleen Westphal al <a href=\"callto:971-485-3603\">971-485-3603<\/a> o env\u00ede un correo electr\u00f3nico a <a href=\"mailto:colleen.westphal@yogavacays.com\">colleen.westphal@yogavacays.com<\/a>. <\/p>\t\t\t\t\t\t\t\t<\/div>\n\t\t\t\t<\/div>\n\t\t\t\t\t<\/div>\n\t\t\t\t<\/div>\n\t\t<div class=\"elementor-element elementor-element-3f59f43 e-flex e-con-boxed e-con e-parent\" data-id=\"3f59f43\" data-element_type=\"container\" data-e-type=\"container\">\n\t\t\t\t\t<div class=\"e-con-inner\">\n\t\t\t\t<div class=\"elementor-element elementor-element-543fd6d elementor-widget elementor-widget-spacer\" data-id=\"543fd6d\" data-element_type=\"widget\" data-e-type=\"widget\" data-widget_type=\"spacer.default\">\n\t\t\t\t<div class=\"elementor-widget-container\">\n\t\t\t\t\t\t\t<div class=\"elementor-spacer\">\n\t\t\t<div class=\"elementor-spacer-inner\"><\/div>\n\t\t<\/div>\n\t\t\t\t\t\t<\/div>\n\t\t\t\t<\/div>\n\t\t\t\t\t<\/div>\n\t\t\t\t<\/div>\n\t\t<div class=\"elementor-element elementor-element-a91f26b e-flex e-con-boxed e-con e-parent\" data-id=\"a91f26b\" data-element_type=\"container\" data-e-type=\"container\">\n\t\t\t\t\t<div class=\"e-con-inner\">\n\t\t<div class=\"elementor-element elementor-element-1d9fccb e-con-full e-flex e-con e-child\" data-id=\"1d9fccb\" data-element_type=\"container\" data-e-type=\"container\" data-settings=\"{&quot;background_background&quot;:&quot;classic&quot;}\">\n\t\t\t\t<div class=\"elementor-element elementor-element-57fd3ea elementor-widget elementor-widget-spacer\" data-id=\"57fd3ea\" data-element_type=\"widget\" data-e-type=\"widget\" data-widget_type=\"spacer.default\">\n\t\t\t\t<div class=\"elementor-widget-container\">\n\t\t\t\t\t\t\t<div class=\"elementor-spacer\">\n\t\t\t<div class=\"elementor-spacer-inner\"><\/div>\n\t\t<\/div>\n\t\t\t\t\t\t<\/div>\n\t\t\t\t<\/div>\n\t\t\t\t<\/div>\n\t\t<div class=\"elementor-element elementor-element-1f373b5 e-con-full e-flex e-con e-child\" data-id=\"1f373b5\" data-element_type=\"container\" data-e-type=\"container\">\n\t\t\t\t<div class=\"elementor-element elementor-element-8aad77c elementor-widget elementor-widget-heading\" data-id=\"8aad77c\" data-element_type=\"widget\" data-e-type=\"widget\" data-widget_type=\"heading.default\">\n\t\t\t\t<div class=\"elementor-widget-container\">\n\t\t\t\t\t<h1 class=\"elementor-heading-title elementor-size-default\">Acerca de Colleen Westphal<\/h1>\t\t\t\t<\/div>\n\t\t\t\t<\/div>\n\t\t\t\t<div class=\"elementor-element elementor-element-16adc28 elementor-widget elementor-widget-text-editor\" data-id=\"16adc28\" data-element_type=\"widget\" data-e-type=\"widget\" data-widget_type=\"text-editor.default\">\n\t\t\t\t<div class=\"elementor-widget-container\">\n\t\t\t\t\t\t\t\t\t<p>Tras mudarme de Canad\u00e1 a Oreg\u00f3n en la adolescencia, desarroll\u00e9 una carrera en el desarrollo y las ventas de diagn\u00f3sticos de laboratorio, viajando ampliamente por el oeste de EE. UU. El yoga pas\u00f3 a formar parte de mi vida en 1996 tras un accidente de coche, y desde entonces he experimentado su poderosa capacidad para sanar, calmar y restablecer el equilibrio. Mi primera visita a Belice en 2019 inspir\u00f3 una profunda conexi\u00f3n que me llev\u00f3, ya jubilada, a cumplir mi sue\u00f1o de organizar all\u00ed retiros de yoga. Combinando mi amor por las personas, los viajes y el yoga, creo experiencias de retiro significativas y espero darle la bienvenida a Belice.  <\/p><p>Descubra m\u00e1s en: <a href=\"https:\/\/yogavacays.com\/\">https:\/\/yogavacays.com\/<\/a><\/p>\t\t\t\t\t\t\t\t<\/div>\n\t\t\t\t<\/div>\n\t\t\t\t<\/div>\n\t\t\t\t\t<\/div>\n\t\t\t\t<\/div>\n\t\t<div class=\"elementor-element elementor-element-7f74e92 e-flex e-con-boxed e-con e-parent\" data-id=\"7f74e92\" data-element_type=\"container\" data-e-type=\"container\">\n\t\t\t\t\t<div class=\"e-con-inner\">\n\t\t\t\t<div class=\"elementor-element elementor-element-d0ad691 elementor-widget elementor-widget-spacer\" data-id=\"d0ad691\" data-element_type=\"widget\" data-e-type=\"widget\" data-widget_type=\"spacer.default\">\n\t\t\t\t<div class=\"elementor-widget-container\">\n\t\t\t\t\t\t\t<div class=\"elementor-spacer\">\n\t\t\t<div class=\"elementor-spacer-inner\"><\/div>\n\t\t<\/div>\n\t\t\t\t\t\t<\/div>\n\t\t\t\t<\/div>\n\t\t\t\t\t<\/div>\n\t\t\t\t<\/div>\n\t\t\t\t<\/div>\n\t\t","protected":false},"excerpt":{"rendered":"<p>Retiro id\u00edlico en Belice Retiro id\u00edlico en Belice Encu\u00e9ntrese en el para\u00edso: del 22 al 30 de abril de 2026 Esc\u00e1pese del ajetreo y el bullicio de la vida diaria y sum\u00e9rjase en la tranquilidad de Belice con el Retiro id\u00edlico en Belice de YogaVacays. Esta experiencia revitalizante est\u00e1 dise\u00f1ada para cualquier persona que busque [&hellip;]<\/p>\n","protected":false},"author":4,"featured_media":0,"parent":0,"menu_order":0,"comment_status":"closed","ping_status":"closed","template":"page-full-width.php","meta":{"_acf_changed":false,"_vp_format_video_url":"","_vp_image_focal_point":[],"footnotes":""},"categories":[199],"tags":[],"class_list":["post-71225","page","type-page","status-publish","hentry","category-encuentro-tbc"],"acf":[],"yoast_head":"<!-- This site is optimized with the Yoast SEO plugin v27.4 - https:\/\/yoast.com\/product\/yoast-seo-wordpress\/ -->\n<title>Retiro id\u00edlico en Belice - The Belize Collection<\/title>\n<meta name=\"robots\" content=\"index, follow, max-snippet:-1, max-image-preview:large, max-video-preview:-1\" \/>\n<link rel=\"canonical\" href=\"https:\/\/thebelizecollection.com\/es\/retiro-idilico-en-belice-2\/\" \/>\n<meta property=\"og:locale\" content=\"es_ES\" \/>\n<meta property=\"og:type\" content=\"article\" \/>\n<meta property=\"og:title\" content=\"Retiro id\u00edlico en Belice - The Belize Collection\" \/>\n<meta property=\"og:description\" content=\"Retiro id\u00edlico en Belice Retiro id\u00edlico en Belice Encu\u00e9ntrese en el para\u00edso: del 22 al 30 de abril de 2026 Esc\u00e1pese del ajetreo y el bullicio de la vida diaria y sum\u00e9rjase en la tranquilidad de Belice con el Retiro id\u00edlico en Belice de YogaVacays. Esta experiencia revitalizante est\u00e1 dise\u00f1ada para cualquier persona que busque [&hellip;]\" \/>\n<meta property=\"og:url\" content=\"https:\/\/thebelizecollection.com\/es\/retiro-idilico-en-belice-2\/\" \/>\n<meta property=\"og:site_name\" content=\"The Belize Collection\" \/>\n<meta property=\"article:modified_time\" content=\"2026-04-01T22:35:25+00:00\" \/>\n<meta name=\"twitter:card\" content=\"summary_large_image\" \/>\n<meta name=\"twitter:label1\" content=\"Tiempo de lectura\" \/>\n\t<meta name=\"twitter:data1\" content=\"3 minutos\" \/>\n<script type=\"application\/ld+json\" class=\"yoast-schema-graph\">{\"@context\":\"https:\\\/\\\/schema.org\",\"@graph\":[{\"@type\":\"WebPage\",\"@id\":\"https:\\\/\\\/thebelizecollection.com\\\/es\\\/retiro-idilico-en-belice-2\\\/\",\"url\":\"https:\\\/\\\/thebelizecollection.com\\\/es\\\/retiro-idilico-en-belice-2\\\/\",\"name\":\"Retiro id\u00edlico en Belice - The Belize Collection\",\"isPartOf\":{\"@id\":\"https:\\\/\\\/thebelizecollection.com\\\/es\\\/#website\"},\"datePublished\":\"2026-02-10T16:00:00+00:00\",\"dateModified\":\"2026-04-01T22:35:25+00:00\",\"breadcrumb\":{\"@id\":\"https:\\\/\\\/thebelizecollection.com\\\/es\\\/retiro-idilico-en-belice-2\\\/#breadcrumb\"},\"inLanguage\":\"es\",\"potentialAction\":[{\"@type\":\"ReadAction\",\"target\":[\"https:\\\/\\\/thebelizecollection.com\\\/es\\\/retiro-idilico-en-belice-2\\\/\"]}]},{\"@type\":\"BreadcrumbList\",\"@id\":\"https:\\\/\\\/thebelizecollection.com\\\/es\\\/retiro-idilico-en-belice-2\\\/#breadcrumb\",\"itemListElement\":[{\"@type\":\"ListItem\",\"position\":1,\"name\":\"Home\",\"item\":\"https:\\\/\\\/thebelizecollection.com\\\/es\\\/the-belize-collection\\\/\"},{\"@type\":\"ListItem\",\"position\":2,\"name\":\"Retiro id\u00edlico en Belice\"}]},{\"@type\":\"WebSite\",\"@id\":\"https:\\\/\\\/thebelizecollection.com\\\/es\\\/#website\",\"url\":\"https:\\\/\\\/thebelizecollection.com\\\/es\\\/\",\"name\":\"The Belize Collection\",\"description\":\"Everything Belize\",\"potentialAction\":[{\"@type\":\"SearchAction\",\"target\":{\"@type\":\"EntryPoint\",\"urlTemplate\":\"https:\\\/\\\/thebelizecollection.com\\\/es\\\/?s={search_term_string}\"},\"query-input\":{\"@type\":\"PropertyValueSpecification\",\"valueRequired\":true,\"valueName\":\"search_term_string\"}}],\"inLanguage\":\"es\"}]}<\/script>\n<!-- \/ Yoast SEO plugin. -->","yoast_head_json":{"title":"Retiro id\u00edlico en Belice - The Belize Collection","robots":{"index":"index","follow":"follow","max-snippet":"max-snippet:-1","max-image-preview":"max-image-preview:large","max-video-preview":"max-video-preview:-1"},"canonical":"https:\/\/thebelizecollection.com\/es\/retiro-idilico-en-belice-2\/","og_locale":"es_ES","og_type":"article","og_title":"Retiro id\u00edlico en Belice - The Belize Collection","og_description":"Retiro id\u00edlico en Belice Retiro id\u00edlico en Belice Encu\u00e9ntrese en el para\u00edso: del 22 al 30 de abril de 2026 Esc\u00e1pese del ajetreo y el bullicio de la vida diaria y sum\u00e9rjase en la tranquilidad de Belice con el Retiro id\u00edlico en Belice de YogaVacays. Esta experiencia revitalizante est\u00e1 dise\u00f1ada para cualquier persona que busque [&hellip;]","og_url":"https:\/\/thebelizecollection.com\/es\/retiro-idilico-en-belice-2\/","og_site_name":"The Belize Collection","article_modified_time":"2026-04-01T22:35:25+00:00","twitter_card":"summary_large_image","twitter_misc":{"Tiempo de lectura":"3 minutos"},"schema":{"@context":"https:\/\/schema.org","@graph":[{"@type":"WebPage","@id":"https:\/\/thebelizecollection.com\/es\/retiro-idilico-en-belice-2\/","url":"https:\/\/thebelizecollection.com\/es\/retiro-idilico-en-belice-2\/","name":"Retiro id\u00edlico en Belice - The Belize Collection","isPartOf":{"@id":"https:\/\/thebelizecollection.com\/es\/#website"},"datePublished":"2026-02-10T16:00:00+00:00","dateModified":"2026-04-01T22:35:25+00:00","breadcrumb":{"@id":"https:\/\/thebelizecollection.com\/es\/retiro-idilico-en-belice-2\/#breadcrumb"},"inLanguage":"es","potentialAction":[{"@type":"ReadAction","target":["https:\/\/thebelizecollection.com\/es\/retiro-idilico-en-belice-2\/"]}]},{"@type":"BreadcrumbList","@id":"https:\/\/thebelizecollection.com\/es\/retiro-idilico-en-belice-2\/#breadcrumb","itemListElement":[{"@type":"ListItem","position":1,"name":"Home","item":"https:\/\/thebelizecollection.com\/es\/the-belize-collection\/"},{"@type":"ListItem","position":2,"name":"Retiro id\u00edlico en Belice"}]},{"@type":"WebSite","@id":"https:\/\/thebelizecollection.com\/es\/#website","url":"https:\/\/thebelizecollection.com\/es\/","name":"The Belize Collection","description":"Everything Belize","potentialAction":[{"@type":"SearchAction","target":{"@type":"EntryPoint","urlTemplate":"https:\/\/thebelizecollection.com\/es\/?s={search_term_string}"},"query-input":{"@type":"PropertyValueSpecification","valueRequired":true,"valueName":"search_term_string"}}],"inLanguage":"es"}]}},"jetpack_sharing_enabled":true,"_links":{"self":[{"href":"https:\/\/thebelizecollection.com\/es\/wp-json\/wp\/v2\/pages\/71225","targetHints":{"allow":["GET"]}}],"collection":[{"href":"https:\/\/thebelizecollection.com\/es\/wp-json\/wp\/v2\/pages"}],"about":[{"href":"https:\/\/thebelizecollection.com\/es\/wp-json\/wp\/v2\/types\/page"}],"author":[{"embeddable":true,"href":"https:\/\/thebelizecollection.com\/es\/wp-json\/wp\/v2\/users\/4"}],"replies":[{"embeddable":true,"href":"https:\/\/thebelizecollection.com\/es\/wp-json\/wp\/v2\/comments?post=71225"}],"version-history":[{"count":3,"href":"https:\/\/thebelizecollection.com\/es\/wp-json\/wp\/v2\/pages\/71225\/revisions"}],"predecessor-version":[{"id":71303,"href":"https:\/\/thebelizecollection.com\/es\/wp-json\/wp\/v2\/pages\/71225\/revisions\/71303"}],"wp:attachment":[{"href":"https:\/\/thebelizecollection.com\/es\/wp-json\/wp\/v2\/media?parent=71225"}],"wp:term":[{"taxonomy":"category","embeddable":true,"href":"https:\/\/thebelizecollection.com\/es\/wp-json\/wp\/v2\/categories?post=71225"},{"taxonomy":"post_tag","embeddable":true,"href":"https:\/\/thebelizecollection.com\/es\/wp-json\/wp\/v2\/tags?post=71225"}],"curies":[{"name":"wp","href":"https:\/\/api.w.org\/{rel}","templated":true}]}}