{"id":71226,"date":"2026-04-14T15:23:41","date_gmt":"2026-04-14T21:23:41","guid":{"rendered":"https:\/\/thebelizecollection.com\/cena-del-enologo\/"},"modified":"2026-04-15T16:46:21","modified_gmt":"2026-04-15T22:46:21","slug":"cena-del-enologo","status":"publish","type":"page","link":"https:\/\/thebelizecollection.com\/es\/cena-del-enologo\/","title":{"rendered":"Cena del En\u00f3logo"},"content":{"rendered":"\t\t<div data-elementor-type=\"wp-page\" data-elementor-id=\"71226\" class=\"elementor elementor-71226 elementor-71138\" data-elementor-post-type=\"page\">\n\t\t\t\t<div class=\"elementor-element elementor-element-90356e4 e-con-full e-flex e-con e-parent\" data-id=\"90356e4\" data-element_type=\"container\" data-e-type=\"container\" data-settings=\"{&quot;background_background&quot;:&quot;classic&quot;}\">\n\t\t\t\t<\/div>\n\t\t<div class=\"elementor-element elementor-element-b6a47dc e-flex e-con-boxed e-con e-parent\" data-id=\"b6a47dc\" data-element_type=\"container\" data-e-type=\"container\">\n\t\t\t\t\t<div class=\"e-con-inner\">\n\t\t\t\t<div class=\"elementor-element elementor-element-52b771d elementor-widget elementor-widget-spacer\" data-id=\"52b771d\" data-element_type=\"widget\" data-e-type=\"widget\" data-widget_type=\"spacer.default\">\n\t\t\t\t<div class=\"elementor-widget-container\">\n\t\t\t\t\t\t\t<div class=\"elementor-spacer\">\n\t\t\t<div class=\"elementor-spacer-inner\"><\/div>\n\t\t<\/div>\n\t\t\t\t\t\t<\/div>\n\t\t\t\t<\/div>\n\t\t\t\t\t<\/div>\n\t\t\t\t<\/div>\n\t\t<div class=\"elementor-element elementor-element-f320cc8 e-flex e-con-boxed e-con e-parent\" data-id=\"f320cc8\" data-element_type=\"container\" data-e-type=\"container\">\n\t\t\t\t\t<div class=\"e-con-inner\">\n\t\t<div class=\"elementor-element elementor-element-5cf0646 e-con-full e-flex e-con e-child\" data-id=\"5cf0646\" data-element_type=\"container\" data-e-type=\"container\">\n\t\t\t\t<div class=\"elementor-element elementor-element-d34d32c elementor-widget elementor-widget-heading\" data-id=\"d34d32c\" data-element_type=\"widget\" data-e-type=\"widget\" data-widget_type=\"heading.default\">\n\t\t\t\t<div class=\"elementor-widget-container\">\n\t\t\t\t\t<h1 class=\"elementor-heading-title elementor-size-default\">Cena del En\u00f3logo<\/h1>\t\t\t\t<\/div>\n\t\t\t\t<\/div>\n\t\t\t\t<div class=\"elementor-element elementor-element-20c32f2 elementor-widget elementor-widget-text-editor\" data-id=\"20c32f2\" data-element_type=\"widget\" data-e-type=\"widget\" data-widget_type=\"text-editor.default\">\n\t\t\t\t<div class=\"elementor-widget-container\">\n\t\t\t\t\t\t\t\t\t<div class=\"elementor-element elementor-element-3fd73d8 elementor-widget elementor-widget-text-editor\" data-id=\"3fd73d8\" data-element_type=\"widget\" data-widget_type=\"text-editor.default\"><div class=\"elementor-widget-container\"><p>\u00danase a nosotros en Placencia para disfrutar de una velada \u00fanica en Blue Reef Beach and Marina.<\/p><p>Nos hemos asociado con Chefs of Belize para ofrecerle una experiencia gastron\u00f3mica \u00edntima y relajada con un men\u00fa de precio fijo maridado con vinos. Podr\u00e1 degustar platos elaborados con esmero mientras los en\u00f3logos le gu\u00edan a trav\u00e9s de cada maridaje, haciendo que la experiencia sea divertida, interactiva y llena de sabor. <\/p><p>Es una aut\u00e9ntica experiencia culinaria belice\u00f1a que no querr\u00e1 perderse.<\/p><\/div><\/div>\t\t\t\t\t\t\t\t<\/div>\n\t\t\t\t<\/div>\n\t\t\t\t<div class=\"elementor-element elementor-element-4f89b1f elementor-widget elementor-widget-text-editor\" data-id=\"4f89b1f\" data-element_type=\"widget\" data-e-type=\"widget\" data-widget_type=\"text-editor.default\">\n\t\t\t\t<div class=\"elementor-widget-container\">\n\t\t\t\t\t\t\t\t\t<p><strong>Ubicaci\u00f3n:<\/strong> Bamboo Beach Bistro<\/p><p><strong>Fecha:<\/strong> Viernes, 1 de mayo de 2026<\/p><p><strong>Hora:<\/strong> A partir de las 18:00<\/p><p><strong>Precio:<\/strong> $160,00<\/p><p><em>Las entradas deben adquirirse a trav\u00e9s de los puntos de venta de Belize; los detalles estar\u00e1n disponibles pr\u00f3ximamente.<\/em><\/p>\t\t\t\t\t\t\t\t<\/div>\n\t\t\t\t<\/div>\n\t\t\t\t<div class=\"elementor-element elementor-element-f868212 elementor-widget elementor-widget-button\" data-id=\"f868212\" data-element_type=\"widget\" data-e-type=\"widget\" data-widget_type=\"button.default\">\n\t\t\t\t<div class=\"elementor-widget-container\">\n\t\t\t\t\t\t\t\t\t<div class=\"elementor-button-wrapper\">\n\t\t\t\t\t<a class=\"elementor-button elementor-button-link elementor-size-sm\" href=\"mailto:reservations@thebelizecollection.com\">\n\t\t\t\t\t\t<span class=\"elementor-button-content-wrapper\">\n\t\t\t\t\t\t\t\t\t<span class=\"elementor-button-text\">Haga clic aqu\u00ed para confirmar su asistencia<\/span>\n\t\t\t\t\t<\/span>\n\t\t\t\t\t<\/a>\n\t\t\t\t<\/div>\n\t\t\t\t\t\t\t\t<\/div>\n\t\t\t\t<\/div>\n\t\t\t\t<\/div>\n\t\t<div class=\"elementor-element elementor-element-fd989d7 e-con-full e-flex e-con e-child\" data-id=\"fd989d7\" data-element_type=\"container\" data-e-type=\"container\" data-settings=\"{&quot;background_background&quot;:&quot;classic&quot;}\">\n\t\t\t\t<\/div>\n\t\t\t\t\t<\/div>\n\t\t\t\t<\/div>\n\t\t<div class=\"elementor-element elementor-element-5833a0d e-flex e-con-boxed e-con e-parent\" data-id=\"5833a0d\" data-element_type=\"container\" data-e-type=\"container\">\n\t\t\t\t\t<div class=\"e-con-inner\">\n\t\t\t\t<div class=\"elementor-element elementor-element-cc607f1 elementor-widget elementor-widget-spacer\" data-id=\"cc607f1\" data-element_type=\"widget\" data-e-type=\"widget\" data-widget_type=\"spacer.default\">\n\t\t\t\t<div class=\"elementor-widget-container\">\n\t\t\t\t\t\t\t<div class=\"elementor-spacer\">\n\t\t\t<div class=\"elementor-spacer-inner\"><\/div>\n\t\t<\/div>\n\t\t\t\t\t\t<\/div>\n\t\t\t\t<\/div>\n\t\t\t\t\t<\/div>\n\t\t\t\t<\/div>\n\t\t\t\t<\/div>\n\t\t","protected":false},"excerpt":{"rendered":"<p>Cena del En\u00f3logo \u00danase a nosotros en Placencia para disfrutar de una velada \u00fanica en Blue Reef Beach and Marina. Nos hemos asociado con Chefs of Belize para ofrecerle una experiencia gastron\u00f3mica \u00edntima y relajada con un men\u00fa de precio fijo maridado con vinos. Podr\u00e1 degustar platos elaborados con esmero mientras los en\u00f3logos le gu\u00edan [&hellip;]<\/p>\n","protected":false},"author":4,"featured_media":71142,"parent":0,"menu_order":0,"comment_status":"closed","ping_status":"closed","template":"page-full-width.php","meta":{"_acf_changed":false,"_vp_format_video_url":"","_vp_image_focal_point":[],"footnotes":""},"categories":[199],"tags":[],"class_list":["post-71226","page","type-page","status-publish","has-post-thumbnail","hentry","category-encuentro-tbc"],"acf":[],"yoast_head":"<!-- This site is optimized with the Yoast SEO plugin v27.4 - https:\/\/yoast.com\/product\/yoast-seo-wordpress\/ -->\n<title>Cena del En\u00f3logo - The Belize Collection<\/title>\n<meta name=\"robots\" content=\"index, follow, max-snippet:-1, max-image-preview:large, max-video-preview:-1\" \/>\n<link rel=\"canonical\" href=\"https:\/\/thebelizecollection.com\/es\/cena-del-enologo\/\" \/>\n<meta property=\"og:locale\" content=\"es_ES\" \/>\n<meta property=\"og:type\" content=\"article\" \/>\n<meta property=\"og:title\" content=\"Cena del En\u00f3logo - The Belize Collection\" \/>\n<meta property=\"og:description\" content=\"Cena del En\u00f3logo \u00danase a nosotros en Placencia para disfrutar de una velada \u00fanica en Blue Reef Beach and Marina. Nos hemos asociado con Chefs of Belize para ofrecerle una experiencia gastron\u00f3mica \u00edntima y relajada con un men\u00fa de precio fijo maridado con vinos. Podr\u00e1 degustar platos elaborados con esmero mientras los en\u00f3logos le gu\u00edan [&hellip;]\" \/>\n<meta property=\"og:url\" content=\"https:\/\/thebelizecollection.com\/es\/cena-del-enologo\/\" \/>\n<meta property=\"og:site_name\" content=\"The Belize Collection\" \/>\n<meta property=\"article:modified_time\" content=\"2026-04-15T22:46:21+00:00\" \/>\n<meta property=\"og:image\" content=\"https:\/\/thebelizecollection.com\/wp-content\/uploads\/2026\/03\/115-18-1-1-18-18-28m.jpg\" \/>\n\t<meta property=\"og:image:width\" content=\"720\" \/>\n\t<meta property=\"og:image:height\" content=\"481\" \/>\n\t<meta property=\"og:image:type\" content=\"image\/jpeg\" \/>\n<meta name=\"twitter:card\" content=\"summary_large_image\" \/>\n<meta name=\"twitter:label1\" content=\"Tiempo de lectura\" \/>\n\t<meta name=\"twitter:data1\" content=\"1 minuto\" \/>\n<script type=\"application\/ld+json\" class=\"yoast-schema-graph\">{\"@context\":\"https:\\\/\\\/schema.org\",\"@graph\":[{\"@type\":\"WebPage\",\"@id\":\"https:\\\/\\\/thebelizecollection.com\\\/es\\\/cena-del-enologo\\\/\",\"url\":\"https:\\\/\\\/thebelizecollection.com\\\/es\\\/cena-del-enologo\\\/\",\"name\":\"Cena del En\u00f3logo - The Belize Collection\",\"isPartOf\":{\"@id\":\"https:\\\/\\\/thebelizecollection.com\\\/es\\\/#website\"},\"primaryImageOfPage\":{\"@id\":\"https:\\\/\\\/thebelizecollection.com\\\/es\\\/cena-del-enologo\\\/#primaryimage\"},\"image\":{\"@id\":\"https:\\\/\\\/thebelizecollection.com\\\/es\\\/cena-del-enologo\\\/#primaryimage\"},\"thumbnailUrl\":\"https:\\\/\\\/thebelizecollection.com\\\/wp-content\\\/uploads\\\/2026\\\/03\\\/115-18-1-1-18-18-28m.jpg\",\"datePublished\":\"2026-04-14T21:23:41+00:00\",\"dateModified\":\"2026-04-15T22:46:21+00:00\",\"breadcrumb\":{\"@id\":\"https:\\\/\\\/thebelizecollection.com\\\/es\\\/cena-del-enologo\\\/#breadcrumb\"},\"inLanguage\":\"es\",\"potentialAction\":[{\"@type\":\"ReadAction\",\"target\":[\"https:\\\/\\\/thebelizecollection.com\\\/es\\\/cena-del-enologo\\\/\"]}]},{\"@type\":\"ImageObject\",\"inLanguage\":\"es\",\"@id\":\"https:\\\/\\\/thebelizecollection.com\\\/es\\\/cena-del-enologo\\\/#primaryimage\",\"url\":\"https:\\\/\\\/thebelizecollection.com\\\/wp-content\\\/uploads\\\/2026\\\/03\\\/115-18-1-1-18-18-28m.jpg\",\"contentUrl\":\"https:\\\/\\\/thebelizecollection.com\\\/wp-content\\\/uploads\\\/2026\\\/03\\\/115-18-1-1-18-18-28m.jpg\",\"width\":720,\"height\":481},{\"@type\":\"BreadcrumbList\",\"@id\":\"https:\\\/\\\/thebelizecollection.com\\\/es\\\/cena-del-enologo\\\/#breadcrumb\",\"itemListElement\":[{\"@type\":\"ListItem\",\"position\":1,\"name\":\"Home\",\"item\":\"https:\\\/\\\/thebelizecollection.com\\\/es\\\/the-belize-collection\\\/\"},{\"@type\":\"ListItem\",\"position\":2,\"name\":\"Cena del En\u00f3logo\"}]},{\"@type\":\"WebSite\",\"@id\":\"https:\\\/\\\/thebelizecollection.com\\\/es\\\/#website\",\"url\":\"https:\\\/\\\/thebelizecollection.com\\\/es\\\/\",\"name\":\"The Belize Collection\",\"description\":\"Everything Belize\",\"potentialAction\":[{\"@type\":\"SearchAction\",\"target\":{\"@type\":\"EntryPoint\",\"urlTemplate\":\"https:\\\/\\\/thebelizecollection.com\\\/es\\\/?s={search_term_string}\"},\"query-input\":{\"@type\":\"PropertyValueSpecification\",\"valueRequired\":true,\"valueName\":\"search_term_string\"}}],\"inLanguage\":\"es\"}]}<\/script>\n<!-- \/ Yoast SEO plugin. -->","yoast_head_json":{"title":"Cena del En\u00f3logo - The Belize Collection","robots":{"index":"index","follow":"follow","max-snippet":"max-snippet:-1","max-image-preview":"max-image-preview:large","max-video-preview":"max-video-preview:-1"},"canonical":"https:\/\/thebelizecollection.com\/es\/cena-del-enologo\/","og_locale":"es_ES","og_type":"article","og_title":"Cena del En\u00f3logo - The Belize Collection","og_description":"Cena del En\u00f3logo \u00danase a nosotros en Placencia para disfrutar de una velada \u00fanica en Blue Reef Beach and Marina. Nos hemos asociado con Chefs of Belize para ofrecerle una experiencia gastron\u00f3mica \u00edntima y relajada con un men\u00fa de precio fijo maridado con vinos. Podr\u00e1 degustar platos elaborados con esmero mientras los en\u00f3logos le gu\u00edan [&hellip;]","og_url":"https:\/\/thebelizecollection.com\/es\/cena-del-enologo\/","og_site_name":"The Belize Collection","article_modified_time":"2026-04-15T22:46:21+00:00","og_image":[{"width":720,"height":481,"url":"https:\/\/thebelizecollection.com\/wp-content\/uploads\/2026\/03\/115-18-1-1-18-18-28m.jpg","type":"image\/jpeg"}],"twitter_card":"summary_large_image","twitter_misc":{"Tiempo de lectura":"1 minuto"},"schema":{"@context":"https:\/\/schema.org","@graph":[{"@type":"WebPage","@id":"https:\/\/thebelizecollection.com\/es\/cena-del-enologo\/","url":"https:\/\/thebelizecollection.com\/es\/cena-del-enologo\/","name":"Cena del En\u00f3logo - The Belize Collection","isPartOf":{"@id":"https:\/\/thebelizecollection.com\/es\/#website"},"primaryImageOfPage":{"@id":"https:\/\/thebelizecollection.com\/es\/cena-del-enologo\/#primaryimage"},"image":{"@id":"https:\/\/thebelizecollection.com\/es\/cena-del-enologo\/#primaryimage"},"thumbnailUrl":"https:\/\/thebelizecollection.com\/wp-content\/uploads\/2026\/03\/115-18-1-1-18-18-28m.jpg","datePublished":"2026-04-14T21:23:41+00:00","dateModified":"2026-04-15T22:46:21+00:00","breadcrumb":{"@id":"https:\/\/thebelizecollection.com\/es\/cena-del-enologo\/#breadcrumb"},"inLanguage":"es","potentialAction":[{"@type":"ReadAction","target":["https:\/\/thebelizecollection.com\/es\/cena-del-enologo\/"]}]},{"@type":"ImageObject","inLanguage":"es","@id":"https:\/\/thebelizecollection.com\/es\/cena-del-enologo\/#primaryimage","url":"https:\/\/thebelizecollection.com\/wp-content\/uploads\/2026\/03\/115-18-1-1-18-18-28m.jpg","contentUrl":"https:\/\/thebelizecollection.com\/wp-content\/uploads\/2026\/03\/115-18-1-1-18-18-28m.jpg","width":720,"height":481},{"@type":"BreadcrumbList","@id":"https:\/\/thebelizecollection.com\/es\/cena-del-enologo\/#breadcrumb","itemListElement":[{"@type":"ListItem","position":1,"name":"Home","item":"https:\/\/thebelizecollection.com\/es\/the-belize-collection\/"},{"@type":"ListItem","position":2,"name":"Cena del En\u00f3logo"}]},{"@type":"WebSite","@id":"https:\/\/thebelizecollection.com\/es\/#website","url":"https:\/\/thebelizecollection.com\/es\/","name":"The Belize Collection","description":"Everything Belize","potentialAction":[{"@type":"SearchAction","target":{"@type":"EntryPoint","urlTemplate":"https:\/\/thebelizecollection.com\/es\/?s={search_term_string}"},"query-input":{"@type":"PropertyValueSpecification","valueRequired":true,"valueName":"search_term_string"}}],"inLanguage":"es"}]}},"jetpack_sharing_enabled":true,"_links":{"self":[{"href":"https:\/\/thebelizecollection.com\/es\/wp-json\/wp\/v2\/pages\/71226","targetHints":{"allow":["GET"]}}],"collection":[{"href":"https:\/\/thebelizecollection.com\/es\/wp-json\/wp\/v2\/pages"}],"about":[{"href":"https:\/\/thebelizecollection.com\/es\/wp-json\/wp\/v2\/types\/page"}],"author":[{"embeddable":true,"href":"https:\/\/thebelizecollection.com\/es\/wp-json\/wp\/v2\/users\/4"}],"replies":[{"embeddable":true,"href":"https:\/\/thebelizecollection.com\/es\/wp-json\/wp\/v2\/comments?post=71226"}],"version-history":[{"count":4,"href":"https:\/\/thebelizecollection.com\/es\/wp-json\/wp\/v2\/pages\/71226\/revisions"}],"predecessor-version":[{"id":71254,"href":"https:\/\/thebelizecollection.com\/es\/wp-json\/wp\/v2\/pages\/71226\/revisions\/71254"}],"wp:featuredmedia":[{"embeddable":true,"href":"https:\/\/thebelizecollection.com\/es\/wp-json\/wp\/v2\/media\/71142"}],"wp:attachment":[{"href":"https:\/\/thebelizecollection.com\/es\/wp-json\/wp\/v2\/media?parent=71226"}],"wp:term":[{"taxonomy":"category","embeddable":true,"href":"https:\/\/thebelizecollection.com\/es\/wp-json\/wp\/v2\/categories?post=71226"},{"taxonomy":"post_tag","embeddable":true,"href":"https:\/\/thebelizecollection.com\/es\/wp-json\/wp\/v2\/tags?post=71226"}],"curies":[{"name":"wp","href":"https:\/\/api.w.org\/{rel}","templated":true}]}}