{"id":71232,"date":"2025-10-27T11:11:01","date_gmt":"2025-10-27T17:11:01","guid":{"rendered":"https:\/\/thebelizecollection.com\/traslados-privados-de-astrum-helicopters-3\/"},"modified":"2026-04-01T09:36:13","modified_gmt":"2026-04-01T15:36:13","slug":"traslados-privados-de-astrum-helicopters-3","status":"publish","type":"page","link":"https:\/\/thebelizecollection.com\/es\/traslados-privados-de-astrum-helicopters-3\/","title":{"rendered":"Traslados privados de Astrum Helicopters"},"content":{"rendered":"\t\t<div data-elementor-type=\"wp-page\" data-elementor-id=\"71232\" class=\"elementor elementor-71232 elementor-69137\" data-elementor-post-type=\"page\">\n\t\t\t\t<div class=\"elementor-element elementor-element-7cfa4c3 e-con-full e-flex e-con e-parent\" data-id=\"7cfa4c3\" data-element_type=\"container\" data-e-type=\"container\" data-settings=\"{&quot;background_background&quot;:&quot;classic&quot;}\">\n\t\t\t\t<div class=\"elementor-element elementor-element-56b9864 elementor-widget elementor-widget-heading\" data-id=\"56b9864\" data-element_type=\"widget\" data-e-type=\"widget\" data-widget_type=\"heading.default\">\n\t\t\t\t<div class=\"elementor-widget-container\">\n\t\t\t\t\t<h1 class=\"elementor-heading-title elementor-size-default\">TRASLADO PRIVADO EN HELIC\u00d3PTERO ASTRUM<\/h1>\t\t\t\t<\/div>\n\t\t\t\t<\/div>\n\t\t\t\t<\/div>\n\t\t<div class=\"elementor-element elementor-element-2ca1e34 e-flex e-con-boxed e-con e-parent\" data-id=\"2ca1e34\" data-element_type=\"container\" data-e-type=\"container\">\n\t\t\t\t\t<div class=\"e-con-inner\">\n\t\t\t\t<div class=\"elementor-element elementor-element-4eacea4 elementor-widget elementor-widget-spacer\" data-id=\"4eacea4\" data-element_type=\"widget\" data-e-type=\"widget\" data-widget_type=\"spacer.default\">\n\t\t\t\t<div class=\"elementor-widget-container\">\n\t\t\t\t\t\t\t<div class=\"elementor-spacer\">\n\t\t\t<div class=\"elementor-spacer-inner\"><\/div>\n\t\t<\/div>\n\t\t\t\t\t\t<\/div>\n\t\t\t\t<\/div>\n\t\t\t\t<div class=\"elementor-element elementor-element-f011552 elementor-widget elementor-widget-heading\" data-id=\"f011552\" data-element_type=\"widget\" data-e-type=\"widget\" data-widget_type=\"heading.default\">\n\t\t\t\t<div class=\"elementor-widget-container\">\n\t\t\t\t\t<h1 class=\"elementor-heading-title elementor-size-default\">TRASLADO PRIVADO EN HELIC\u00d3PTERO ASTRUM<\/h1>\t\t\t\t<\/div>\n\t\t\t\t<\/div>\n\t\t\t\t<div class=\"elementor-element elementor-element-fe14807 elementor-widget elementor-widget-text-editor\" data-id=\"fe14807\" data-element_type=\"widget\" data-e-type=\"widget\" data-widget_type=\"text-editor.default\">\n\t\t\t\t<div class=\"elementor-widget-container\">\n\t\t\t\t\t\t\t\t\t<div class=\"elementor-element elementor-element-3fd73d8 elementor-widget elementor-widget-text-editor\" data-id=\"3fd73d8\" data-element_type=\"widget\" data-widget_type=\"text-editor.default\"><div class=\"elementor-widget-container\"><div class=\"elementor-element elementor-element-3fd73d8 elementor-widget elementor-widget-text-editor\" data-id=\"3fd73d8\" data-element_type=\"widget\" data-widget_type=\"text-editor.default\"><div class=\"elementor-widget-container\"><p>Si prefiere evitar el trayecto por carretera, puede llegar con estilo con traslados privados en helic\u00f3ptero disponibles a The Rainforest Lodge at Sleeping Giant, The Banks y The Lodge at Jaguar Reef a trav\u00e9s de Astrum Helicopters. Elija un vuelo directo desde el Aeropuerto Internacional de Belice hasta el resort, u opte por una ruta panor\u00e1mica que sobrevuela las Monta\u00f1as Mayas y cascadas o el impresionante Blue Hole. <\/p><\/div><\/div><\/div><\/div>\t\t\t\t\t\t\t\t<\/div>\n\t\t\t\t<\/div>\n\t\t\t\t<div class=\"elementor-element elementor-element-cceb6cd elementor-widget elementor-widget-spacer\" data-id=\"cceb6cd\" data-element_type=\"widget\" data-e-type=\"widget\" data-widget_type=\"spacer.default\">\n\t\t\t\t<div class=\"elementor-widget-container\">\n\t\t\t\t\t\t\t<div class=\"elementor-spacer\">\n\t\t\t<div class=\"elementor-spacer-inner\"><\/div>\n\t\t<\/div>\n\t\t\t\t\t\t<\/div>\n\t\t\t\t<\/div>\n\t\t\t\t<div class=\"elementor-element elementor-element-cd1b52b elementor-widget elementor-widget-text-editor\" data-id=\"cd1b52b\" data-element_type=\"widget\" data-e-type=\"widget\" data-widget_type=\"text-editor.default\">\n\t\t\t\t<div class=\"elementor-widget-container\">\n\t\t\t\t\t\t\t\t\t<div class=\"elementor-element elementor-element-3fd73d8 elementor-widget elementor-widget-text-editor\" data-id=\"3fd73d8\" data-element_type=\"widget\" data-widget_type=\"text-editor.default\"><div class=\"elementor-widget-container\"><div class=\"elementor-element elementor-element-3fd73d8 elementor-widget elementor-widget-text-editor\" data-id=\"3fd73d8\" data-element_type=\"widget\" data-widget_type=\"text-editor.default\"><div class=\"elementor-widget-container\"><p>Desde el Aeropuerto Internacional de Belice hasta The Rainforest Lodge at Sleeping Giant &amp; The Banks:<\/p><\/div><\/div><\/div><\/div>\t\t\t\t\t\t\t\t<\/div>\n\t\t\t\t<\/div>\n\t\t\t\t<div class=\"elementor-element elementor-element-707a083 elementor-widget elementor-widget-text-editor\" data-id=\"707a083\" data-element_type=\"widget\" data-e-type=\"widget\" data-widget_type=\"text-editor.default\">\n\t\t\t\t<div class=\"elementor-widget-container\">\n\t\t\t\t\t\t\t\t\t<table style=\"width:100%; border-collapse: collapse; text-align: left;\">\n  <thead style=\"background-color: #A8506E; color: white;\">\n    <tr>\n      <th>Ruta<\/th>\n      <th>Tiempo de vuelo<\/th>\n      <th>Precio (3 pasajeros)<\/th>\n      <th>Precio (5 pasajeros)<\/th>\n    <\/tr>\n  <\/thead>\n  <tbody>\n    <tr>\n      <td>Directo: Aeropuerto BZE \u2194 Sleeping Giant<\/td>\n      <td>30 min<\/td>\n      <td>2.095 $<\/td>\n      <td>2.328 $<\/td>\n    <\/tr>\n    <tr>\n      <td>Aeropuerto BZE \u2194 Sleeping Giant v\u00eda Monta\u00f1as Mayas y Cascadas<\/td>\n      <td>54 min<\/td>\n      <td>2.793 $<\/td>\n      <td>3.103 $<\/td>\n    <\/tr>\n    <tr>\n      <td>Aeropuerto BZE \u2194 Sleeping Giant v\u00eda Blue Hole de Belice<\/td>\n      <td>1 h 18 min<\/td>\n      <td>3.724 $<\/td>\n      <td>4.138 $<\/td>\n    <\/tr>\n  <\/tbody>\n<\/table>\n\t\t\t\t\t\t\t\t<\/div>\n\t\t\t\t<\/div>\n\t\t\t\t<div class=\"elementor-element elementor-element-e8d486a elementor-widget elementor-widget-spacer\" data-id=\"e8d486a\" data-element_type=\"widget\" data-e-type=\"widget\" data-widget_type=\"spacer.default\">\n\t\t\t\t<div class=\"elementor-widget-container\">\n\t\t\t\t\t\t\t<div class=\"elementor-spacer\">\n\t\t\t<div class=\"elementor-spacer-inner\"><\/div>\n\t\t<\/div>\n\t\t\t\t\t\t<\/div>\n\t\t\t\t<\/div>\n\t\t\t\t<div class=\"elementor-element elementor-element-02ac9cd elementor-widget elementor-widget-text-editor\" data-id=\"02ac9cd\" data-element_type=\"widget\" data-e-type=\"widget\" data-widget_type=\"text-editor.default\">\n\t\t\t\t<div class=\"elementor-widget-container\">\n\t\t\t\t\t\t\t\t\t<div class=\"elementor-element elementor-element-3fd73d8 elementor-widget elementor-widget-text-editor\" data-id=\"3fd73d8\" data-element_type=\"widget\" data-widget_type=\"text-editor.default\"><div class=\"elementor-widget-container\"><div class=\"elementor-element elementor-element-3fd73d8 elementor-widget elementor-widget-text-editor\" data-id=\"3fd73d8\" data-element_type=\"widget\" data-widget_type=\"text-editor.default\"><div class=\"elementor-widget-container\"><p>Los hu\u00e9spedes llegar\u00e1n al Aeropuerto de Dangriga y ser\u00e1n trasladados a The Lodge at Jaguar Reef.<\/p><p>Desde el Aeropuerto Internacional de Belice hasta The Lodge at Jaguar Reef:<\/p><\/div><\/div><\/div><\/div>\t\t\t\t\t\t\t\t<\/div>\n\t\t\t\t<\/div>\n\t\t\t\t<div class=\"elementor-element elementor-element-0d11007 elementor-widget elementor-widget-text-editor\" data-id=\"0d11007\" data-element_type=\"widget\" data-e-type=\"widget\" data-widget_type=\"text-editor.default\">\n\t\t\t\t<div class=\"elementor-widget-container\">\n\t\t\t\t\t\t\t\t\t<table style=\"width:100%; border-collapse: collapse; text-align: left;\">\n  <thead style=\"background-color: #A8506E; color: white;\">\n    <tr>\n      <th>Traslado en helic\u00f3ptero<\/th>\n      <th>Tiempo de vuelo<\/th>\n      <th>Precio (3 pasajeros)<\/th>\n      <th>Precio (5 pasajeros)<\/th>\n    <\/tr>\n  <\/thead>\n  <tbody>\n    <tr>\n      <td>Directo: Aeropuerto BZE \u2194 Aeropuerto de Dangriga<\/td>\n      <td>30 min<\/td>\n      <td>2.095 $<\/td>\n      <td>2.328 $<\/td>\n    <\/tr>\n    <tr>\n      <td>Aeropuerto BZE \u2194 Aeropuerto de Dangriga v\u00eda Monta\u00f1as y Cascadas<\/td>\n      <td>48 min<\/td>\n      <td>2.793 $<\/td>\n      <td>3.103 $<\/td>\n    <\/tr>\n    <tr>\n      <td>Aeropuerto BZE \u2194 Aeropuerto de Dangriga v\u00eda Arrecife<\/td>\n      <td>48 min<\/td>\n      <td>2.793 $<\/td>\n      <td>3.103 $<\/td>\n    <\/tr>\n    <tr>\n      <td>Aeropuerto BZE \u2194 Aeropuerto de Dangriga v\u00eda Blue Hole de Belice<\/td>\n      <td>1 h 12 min<\/td>\n      <td>3.724 $<\/td>\n      <td>4.138 $<\/td>\n    <\/tr>\n  <\/tbody>\n<\/table>\n\t\t\t\t\t\t\t\t<\/div>\n\t\t\t\t<\/div>\n\t\t\t\t<div class=\"elementor-element elementor-element-2add30a elementor-widget elementor-widget-spacer\" data-id=\"2add30a\" data-element_type=\"widget\" data-e-type=\"widget\" data-widget_type=\"spacer.default\">\n\t\t\t\t<div class=\"elementor-widget-container\">\n\t\t\t\t\t\t\t<div class=\"elementor-spacer\">\n\t\t\t<div class=\"elementor-spacer-inner\"><\/div>\n\t\t<\/div>\n\t\t\t\t\t\t<\/div>\n\t\t\t\t<\/div>\n\t\t\t\t<div class=\"elementor-element elementor-element-70f24ee elementor-widget elementor-widget-text-editor\" data-id=\"70f24ee\" data-element_type=\"widget\" data-e-type=\"widget\" data-widget_type=\"text-editor.default\">\n\t\t\t\t<div class=\"elementor-widget-container\">\n\t\t\t\t\t\t\t\t\t<div class=\"elementor-element elementor-element-3fd73d8 elementor-widget elementor-widget-text-editor\" data-id=\"3fd73d8\" data-element_type=\"widget\" data-widget_type=\"text-editor.default\"><div class=\"elementor-widget-container\"><div class=\"elementor-element elementor-element-3fd73d8 elementor-widget elementor-widget-text-editor\" data-id=\"3fd73d8\" data-element_type=\"widget\" data-widget_type=\"text-editor.default\"><div class=\"elementor-widget-container\"><p>Cont\u00e1ctenos en <a href=\"mailto:reservations@thebelizecollection.com\">reservations@thebelizecollection.com<\/a> para reservar.<\/p><p><em>Los vuelos deben organizarse con al menos 30 d\u00edas de antelaci\u00f3n.<\/em><\/p><\/div><\/div><\/div><\/div>\t\t\t\t\t\t\t\t<\/div>\n\t\t\t\t<\/div>\n\t\t\t\t<div class=\"elementor-element elementor-element-ed11469 elementor-widget elementor-widget-spacer\" data-id=\"ed11469\" data-element_type=\"widget\" data-e-type=\"widget\" data-widget_type=\"spacer.default\">\n\t\t\t\t<div class=\"elementor-widget-container\">\n\t\t\t\t\t\t\t<div class=\"elementor-spacer\">\n\t\t\t<div class=\"elementor-spacer-inner\"><\/div>\n\t\t<\/div>\n\t\t\t\t\t\t<\/div>\n\t\t\t\t<\/div>\n\t\t\t\t\t<\/div>\n\t\t\t\t<\/div>\n\t\t<div class=\"elementor-element elementor-element-328ce6f e-grid e-con-boxed e-con e-parent\" data-id=\"328ce6f\" data-element_type=\"container\" data-e-type=\"container\">\n\t\t\t\t\t<div class=\"e-con-inner\">\n\t\t\t\t<div class=\"elementor-element elementor-element-2a49e5e elementor-align-center elementor-widget elementor-widget-button\" data-id=\"2a49e5e\" data-element_type=\"widget\" data-e-type=\"widget\" data-widget_type=\"button.default\">\n\t\t\t\t<div class=\"elementor-widget-container\">\n\t\t\t\t\t\t\t\t\t<div class=\"elementor-button-wrapper\">\n\t\t\t\t\t<a class=\"elementor-button elementor-button-link elementor-size-sm\" href=\"https:\/\/thebelizecollection.com\/es\/como-llegar\/\">\n\t\t\t\t\t\t<span class=\"elementor-button-content-wrapper\">\n\t\t\t\t\t\t\t\t\t<span class=\"elementor-button-text\">VOLVER A NUESTRO MAPA DE VUELOS<\/span>\n\t\t\t\t\t<\/span>\n\t\t\t\t\t<\/a>\n\t\t\t\t<\/div>\n\t\t\t\t\t\t\t\t<\/div>\n\t\t\t\t<\/div>\n\t\t\t\t<div class=\"elementor-element elementor-element-2dab4a6 elementor-align-center elementor-widget elementor-widget-button\" data-id=\"2dab4a6\" data-element_type=\"widget\" data-e-type=\"widget\" data-widget_type=\"button.default\">\n\t\t\t\t<div class=\"elementor-widget-container\">\n\t\t\t\t\t\t\t\t\t<div class=\"elementor-button-wrapper\">\n\t\t\t\t\t<a class=\"elementor-button elementor-button-link elementor-size-sm\" href=\"https:\/\/thebelizecollection.com\/es\/como-llegar-a-nuestros-resorts\/\">\n\t\t\t\t\t\t<span class=\"elementor-button-content-wrapper\">\n\t\t\t\t\t\t\t\t\t<span class=\"elementor-button-text\">C\u00d3MO LLEGAR A NUESTROS RESORTS<\/span>\n\t\t\t\t\t<\/span>\n\t\t\t\t\t<\/a>\n\t\t\t\t<\/div>\n\t\t\t\t\t\t\t\t<\/div>\n\t\t\t\t<\/div>\n\t\t\t\t\t<\/div>\n\t\t\t\t<\/div>\n\t\t<div class=\"elementor-element elementor-element-7563d9c e-flex e-con-boxed e-con e-parent\" data-id=\"7563d9c\" data-element_type=\"container\" data-e-type=\"container\">\n\t\t\t\t\t<div class=\"e-con-inner\">\n\t\t\t\t<div class=\"elementor-element elementor-element-e6c947c elementor-widget elementor-widget-spacer\" data-id=\"e6c947c\" data-element_type=\"widget\" data-e-type=\"widget\" data-widget_type=\"spacer.default\">\n\t\t\t\t<div class=\"elementor-widget-container\">\n\t\t\t\t\t\t\t<div class=\"elementor-spacer\">\n\t\t\t<div class=\"elementor-spacer-inner\"><\/div>\n\t\t<\/div>\n\t\t\t\t\t\t<\/div>\n\t\t\t\t<\/div>\n\t\t\t\t\t<\/div>\n\t\t\t\t<\/div>\n\t\t\t\t<\/div>\n\t\t","protected":false},"excerpt":{"rendered":"<p>TRASLADO PRIVADO EN HELIC\u00d3PTERO ASTRUM TRASLADO PRIVADO EN HELIC\u00d3PTERO ASTRUM Si prefiere evitar el trayecto por carretera, puede llegar con estilo con traslados privados en helic\u00f3ptero disponibles a The Rainforest Lodge at Sleeping Giant, The Banks y The Lodge at Jaguar Reef a trav\u00e9s de Astrum Helicopters. Elija un vuelo directo desde el Aeropuerto Internacional [&hellip;]<\/p>\n","protected":false},"author":4,"featured_media":0,"parent":0,"menu_order":0,"comment_status":"closed","ping_status":"closed","template":"page-full-width.php","meta":{"_acf_changed":false,"_vp_format_video_url":"","_vp_image_focal_point":[],"footnotes":""},"categories":[],"tags":[],"class_list":["post-71232","page","type-page","status-publish","hentry"],"acf":[],"yoast_head":"<!-- This site is optimized with the Yoast SEO plugin v27.4 - https:\/\/yoast.com\/product\/yoast-seo-wordpress\/ -->\n<title>Traslados privados de Astrum Helicopters - The Belize Collection<\/title>\n<meta name=\"robots\" content=\"index, follow, max-snippet:-1, max-image-preview:large, max-video-preview:-1\" \/>\n<link rel=\"canonical\" href=\"https:\/\/thebelizecollection.com\/es\/traslados-privados-de-astrum-helicopters-3\/\" \/>\n<meta property=\"og:locale\" content=\"es_ES\" \/>\n<meta property=\"og:type\" content=\"article\" \/>\n<meta property=\"og:title\" content=\"Traslados privados de Astrum Helicopters - The Belize Collection\" \/>\n<meta property=\"og:description\" content=\"TRASLADO PRIVADO EN HELIC\u00d3PTERO ASTRUM TRASLADO PRIVADO EN HELIC\u00d3PTERO ASTRUM Si prefiere evitar el trayecto por carretera, puede llegar con estilo con traslados privados en helic\u00f3ptero disponibles a The Rainforest Lodge at Sleeping Giant, The Banks y The Lodge at Jaguar Reef a trav\u00e9s de Astrum Helicopters. Elija un vuelo directo desde el Aeropuerto Internacional [&hellip;]\" \/>\n<meta property=\"og:url\" content=\"https:\/\/thebelizecollection.com\/es\/traslados-privados-de-astrum-helicopters-3\/\" \/>\n<meta property=\"og:site_name\" content=\"The Belize Collection\" \/>\n<meta property=\"article:modified_time\" content=\"2026-04-01T15:36:13+00:00\" \/>\n<meta name=\"twitter:card\" content=\"summary_large_image\" \/>\n<meta name=\"twitter:label1\" content=\"Tiempo de lectura\" \/>\n\t<meta name=\"twitter:data1\" content=\"1 minuto\" \/>\n<script type=\"application\/ld+json\" class=\"yoast-schema-graph\">{\"@context\":\"https:\\\/\\\/schema.org\",\"@graph\":[{\"@type\":\"WebPage\",\"@id\":\"https:\\\/\\\/thebelizecollection.com\\\/es\\\/traslados-privados-de-astrum-helicopters-3\\\/\",\"url\":\"https:\\\/\\\/thebelizecollection.com\\\/es\\\/traslados-privados-de-astrum-helicopters-3\\\/\",\"name\":\"Traslados privados de Astrum Helicopters - The Belize Collection\",\"isPartOf\":{\"@id\":\"https:\\\/\\\/thebelizecollection.com\\\/es\\\/#website\"},\"datePublished\":\"2025-10-27T17:11:01+00:00\",\"dateModified\":\"2026-04-01T15:36:13+00:00\",\"breadcrumb\":{\"@id\":\"https:\\\/\\\/thebelizecollection.com\\\/es\\\/traslados-privados-de-astrum-helicopters-3\\\/#breadcrumb\"},\"inLanguage\":\"es\",\"potentialAction\":[{\"@type\":\"ReadAction\",\"target\":[\"https:\\\/\\\/thebelizecollection.com\\\/es\\\/traslados-privados-de-astrum-helicopters-3\\\/\"]}]},{\"@type\":\"BreadcrumbList\",\"@id\":\"https:\\\/\\\/thebelizecollection.com\\\/es\\\/traslados-privados-de-astrum-helicopters-3\\\/#breadcrumb\",\"itemListElement\":[{\"@type\":\"ListItem\",\"position\":1,\"name\":\"Home\",\"item\":\"https:\\\/\\\/thebelizecollection.com\\\/es\\\/the-belize-collection\\\/\"},{\"@type\":\"ListItem\",\"position\":2,\"name\":\"Traslados privados de Astrum Helicopters\"}]},{\"@type\":\"WebSite\",\"@id\":\"https:\\\/\\\/thebelizecollection.com\\\/es\\\/#website\",\"url\":\"https:\\\/\\\/thebelizecollection.com\\\/es\\\/\",\"name\":\"The Belize Collection\",\"description\":\"Everything Belize\",\"potentialAction\":[{\"@type\":\"SearchAction\",\"target\":{\"@type\":\"EntryPoint\",\"urlTemplate\":\"https:\\\/\\\/thebelizecollection.com\\\/es\\\/?s={search_term_string}\"},\"query-input\":{\"@type\":\"PropertyValueSpecification\",\"valueRequired\":true,\"valueName\":\"search_term_string\"}}],\"inLanguage\":\"es\"}]}<\/script>\n<!-- \/ Yoast SEO plugin. -->","yoast_head_json":{"title":"Traslados privados de Astrum Helicopters - The Belize Collection","robots":{"index":"index","follow":"follow","max-snippet":"max-snippet:-1","max-image-preview":"max-image-preview:large","max-video-preview":"max-video-preview:-1"},"canonical":"https:\/\/thebelizecollection.com\/es\/traslados-privados-de-astrum-helicopters-3\/","og_locale":"es_ES","og_type":"article","og_title":"Traslados privados de Astrum Helicopters - The Belize Collection","og_description":"TRASLADO PRIVADO EN HELIC\u00d3PTERO ASTRUM TRASLADO PRIVADO EN HELIC\u00d3PTERO ASTRUM Si prefiere evitar el trayecto por carretera, puede llegar con estilo con traslados privados en helic\u00f3ptero disponibles a The Rainforest Lodge at Sleeping Giant, The Banks y The Lodge at Jaguar Reef a trav\u00e9s de Astrum Helicopters. Elija un vuelo directo desde el Aeropuerto Internacional [&hellip;]","og_url":"https:\/\/thebelizecollection.com\/es\/traslados-privados-de-astrum-helicopters-3\/","og_site_name":"The Belize Collection","article_modified_time":"2026-04-01T15:36:13+00:00","twitter_card":"summary_large_image","twitter_misc":{"Tiempo de lectura":"1 minuto"},"schema":{"@context":"https:\/\/schema.org","@graph":[{"@type":"WebPage","@id":"https:\/\/thebelizecollection.com\/es\/traslados-privados-de-astrum-helicopters-3\/","url":"https:\/\/thebelizecollection.com\/es\/traslados-privados-de-astrum-helicopters-3\/","name":"Traslados privados de Astrum Helicopters - The Belize Collection","isPartOf":{"@id":"https:\/\/thebelizecollection.com\/es\/#website"},"datePublished":"2025-10-27T17:11:01+00:00","dateModified":"2026-04-01T15:36:13+00:00","breadcrumb":{"@id":"https:\/\/thebelizecollection.com\/es\/traslados-privados-de-astrum-helicopters-3\/#breadcrumb"},"inLanguage":"es","potentialAction":[{"@type":"ReadAction","target":["https:\/\/thebelizecollection.com\/es\/traslados-privados-de-astrum-helicopters-3\/"]}]},{"@type":"BreadcrumbList","@id":"https:\/\/thebelizecollection.com\/es\/traslados-privados-de-astrum-helicopters-3\/#breadcrumb","itemListElement":[{"@type":"ListItem","position":1,"name":"Home","item":"https:\/\/thebelizecollection.com\/es\/the-belize-collection\/"},{"@type":"ListItem","position":2,"name":"Traslados privados de Astrum Helicopters"}]},{"@type":"WebSite","@id":"https:\/\/thebelizecollection.com\/es\/#website","url":"https:\/\/thebelizecollection.com\/es\/","name":"The Belize Collection","description":"Everything Belize","potentialAction":[{"@type":"SearchAction","target":{"@type":"EntryPoint","urlTemplate":"https:\/\/thebelizecollection.com\/es\/?s={search_term_string}"},"query-input":{"@type":"PropertyValueSpecification","valueRequired":true,"valueName":"search_term_string"}}],"inLanguage":"es"}]}},"jetpack_sharing_enabled":true,"_links":{"self":[{"href":"https:\/\/thebelizecollection.com\/es\/wp-json\/wp\/v2\/pages\/71232","targetHints":{"allow":["GET"]}}],"collection":[{"href":"https:\/\/thebelizecollection.com\/es\/wp-json\/wp\/v2\/pages"}],"about":[{"href":"https:\/\/thebelizecollection.com\/es\/wp-json\/wp\/v2\/types\/page"}],"author":[{"embeddable":true,"href":"https:\/\/thebelizecollection.com\/es\/wp-json\/wp\/v2\/users\/4"}],"replies":[{"embeddable":true,"href":"https:\/\/thebelizecollection.com\/es\/wp-json\/wp\/v2\/comments?post=71232"}],"version-history":[{"count":2,"href":"https:\/\/thebelizecollection.com\/es\/wp-json\/wp\/v2\/pages\/71232\/revisions"}],"predecessor-version":[{"id":71248,"href":"https:\/\/thebelizecollection.com\/es\/wp-json\/wp\/v2\/pages\/71232\/revisions\/71248"}],"wp:attachment":[{"href":"https:\/\/thebelizecollection.com\/es\/wp-json\/wp\/v2\/media?parent=71232"}],"wp:term":[{"taxonomy":"category","embeddable":true,"href":"https:\/\/thebelizecollection.com\/es\/wp-json\/wp\/v2\/categories?post=71232"},{"taxonomy":"post_tag","embeddable":true,"href":"https:\/\/thebelizecollection.com\/es\/wp-json\/wp\/v2\/tags?post=71232"}],"curies":[{"name":"wp","href":"https:\/\/api.w.org\/{rel}","templated":true}]}}