{"id":71240,"date":"2026-03-25T11:31:43","date_gmt":"2026-03-25T17:31:43","guid":{"rendered":"https:\/\/thebelizecollection.com\/escapada-a-la-selva-y-playa-de-belice\/"},"modified":"2026-04-01T16:32:06","modified_gmt":"2026-04-01T22:32:06","slug":"escapada-a-la-selva-y-playa-de-belice","status":"publish","type":"page","link":"https:\/\/thebelizecollection.com\/es\/escapada-a-la-selva-y-playa-de-belice\/","title":{"rendered":"Escapada a la Selva y Playa de Belice"},"content":{"rendered":"\t\t<div data-elementor-type=\"wp-page\" data-elementor-id=\"71240\" class=\"elementor elementor-71240 elementor-70776\" data-elementor-post-type=\"page\">\n\t\t\t\t<div class=\"elementor-element elementor-element-77efa722 e-con-full elementor-hidden-mobile e-flex e-con e-parent\" data-id=\"77efa722\" data-element_type=\"container\" data-e-type=\"container\" data-settings=\"{&quot;background_background&quot;:&quot;classic&quot;}\">\n\t\t\t\t<\/div>\n\t\t<div class=\"elementor-element elementor-element-61e72602 e-flex e-con-boxed e-con e-parent\" data-id=\"61e72602\" data-element_type=\"container\" data-e-type=\"container\">\n\t\t\t\t\t<div class=\"e-con-inner\">\n\t\t<div class=\"elementor-element elementor-element-4a8c92e4 e-con-full e-flex e-con e-child\" data-id=\"4a8c92e4\" data-element_type=\"container\" data-e-type=\"container\" data-settings=\"{&quot;background_background&quot;:&quot;classic&quot;}\">\n\t\t\t\t<\/div>\n\t\t<div class=\"elementor-element elementor-element-30a4e8bc e-con-full e-flex e-con e-child\" data-id=\"30a4e8bc\" data-element_type=\"container\" data-e-type=\"container\">\n\t\t\t\t<div class=\"elementor-element elementor-element-194eaabd elementor-widget elementor-widget-heading\" data-id=\"194eaabd\" data-element_type=\"widget\" data-e-type=\"widget\" data-widget_type=\"heading.default\">\n\t\t\t\t<div class=\"elementor-widget-container\">\n\t\t\t\t\t<h1 class=\"elementor-heading-title elementor-size-default\">Escapada a la Selva y Playa de Belice<\/h1>\t\t\t\t<\/div>\n\t\t\t\t<\/div>\n\t\t\t\t<div class=\"elementor-element elementor-element-19cf3edc elementor-widget elementor-widget-heading\" data-id=\"19cf3edc\" data-element_type=\"widget\" data-e-type=\"widget\" data-widget_type=\"heading.default\">\n\t\t\t\t<div class=\"elementor-widget-container\">\n\t\t\t\t\t<h3 class=\"elementor-heading-title elementor-size-default\">Descubra Belice, de la Selva a la Costa<\/h3>\t\t\t\t<\/div>\n\t\t\t\t<\/div>\n\t\t\t\t<div class=\"elementor-element elementor-element-2f5a4680 elementor-widget elementor-widget-text-editor\" data-id=\"2f5a4680\" data-element_type=\"widget\" data-e-type=\"widget\" data-widget_type=\"text-editor.default\">\n\t\t\t\t<div class=\"elementor-widget-container\">\n\t\t\t\t\t\t\t\t\t<div class=\"elementor-element elementor-element-3fd73d8 elementor-widget elementor-widget-text-editor\" data-id=\"3fd73d8\" data-element_type=\"widget\" data-widget_type=\"text-editor.default\"><div class=\"elementor-widget-container\">Emb\u00e1rquese en un viaje por el coraz\u00f3n de Belice, donde cada momento combina aventura, cultura y relajaci\u00f3n. Comience su escapada en las exuberantes selvas tropicales de The Rainforest Lodge at Sleeping Giant, donde las serenas vistas al r\u00edo y los sonidos de la naturaleza crean el tel\u00f3n de fondo perfecto. Luego, deje que el viaje contin\u00fae mientras se traslada a la costa caribe\u00f1a en The Lodge at Jaguar Reef. Aqu\u00ed, playas de arena fina, aguas turquesas y vibrantes arrecifes de coral le invitan a hacer snorkel, nadar o simplemente relajarse con lujo. Cada d\u00eda trae nuevas experiencias, desde la gastronom\u00eda local hasta excursiones inolvidables, creando el equilibrio perfecto entre aventura y tranquilidad. Ya sea que busque una escapada rom\u00e1ntica, un retiro de lujo o una aventura inmersiva, este paquete le ofrece lo mejor de Belice en un viaje sin interrupciones.     <\/div><\/div>\t\t\t\t\t\t\t\t<\/div>\n\t\t\t\t<\/div>\n\t\t\t\t<div class=\"elementor-element elementor-element-1cf9d517 elementor-widget elementor-widget-heading\" data-id=\"1cf9d517\" data-element_type=\"widget\" data-e-type=\"widget\" data-widget_type=\"heading.default\">\n\t\t\t\t<div class=\"elementor-widget-container\">\n\t\t\t\t\t<h2 class=\"elementor-heading-title elementor-size-default\">Incluido en esta experiencia:<\/h2>\t\t\t\t<\/div>\n\t\t\t\t<\/div>\n\t\t\t\t<div class=\"elementor-element elementor-element-1ea6bd6 elementor-widget elementor-widget-text-editor\" data-id=\"1ea6bd6\" data-element_type=\"widget\" data-e-type=\"widget\" data-widget_type=\"text-editor.default\">\n\t\t\t\t<div class=\"elementor-widget-container\">\n\t\t\t\t\t\t\t\t\t<div class=\"elementor-element elementor-element-3fd73d8 elementor-widget elementor-widget-text-editor\" data-id=\"3fd73d8\" data-element_type=\"widget\" data-widget_type=\"text-editor.default\"><div class=\"elementor-widget-container\"><ul><li aria-level=\"1\">Traslado privado desde el Aeropuerto Internacional de Belice a The Rainforest Lodge at Sleeping Giant el d\u00eda de llegada<\/li><li aria-level=\"1\">Estancia de 3 noches en una suite con vistas al r\u00edo y piscina privada<\/li><li aria-level=\"1\">Desayuno diario de 1 plato, cena de 2 y 3 platos. Recargo de 18,38 US$ por langosta y filetes <\/li><li aria-level=\"1\">Tour a las ruinas mayas de Xunantunich para 2 personas<\/li><li aria-level=\"1\">Traslado privado a The Lodge at Jaguar Reef<\/li><li aria-level=\"1\">Estancia de 4 noches en una suite Deluxe con piscina privada<\/li><li aria-level=\"1\">Desayuno diario de 1 plato, cena de 2 y 3 platos. Recargo de 18,38 US$ por langosta y filetes <\/li><li aria-level=\"1\">Tour de snorkel en South Water Caye para 2 personas<\/li><li aria-level=\"1\">Traslado privado al Aeropuerto Internacional de Belice el d\u00eda de salida<\/li><\/ul><\/div><\/div>\t\t\t\t\t\t\t\t<\/div>\n\t\t\t\t<\/div>\n\t\t\t\t<div class=\"elementor-element elementor-element-573cab3b elementor-widget elementor-widget-heading\" data-id=\"573cab3b\" data-element_type=\"widget\" data-e-type=\"widget\" data-widget_type=\"heading.default\">\n\t\t\t\t<div class=\"elementor-widget-container\">\n\t\t\t\t\t<h2 class=\"elementor-heading-title elementor-size-default\">DESDE 4.999,00 USD<\/h2>\t\t\t\t<\/div>\n\t\t\t\t<\/div>\n\t\t\t\t<div class=\"elementor-element elementor-element-6af4589d elementor-widget elementor-widget-text-editor\" data-id=\"6af4589d\" data-element_type=\"widget\" data-e-type=\"widget\" data-widget_type=\"text-editor.default\">\n\t\t\t\t<div class=\"elementor-widget-container\">\n\t\t\t\t\t\t\t\t\t<div class=\"elementor-element elementor-element-3fd73d8 elementor-widget elementor-widget-text-editor\" data-id=\"3fd73d8\" data-element_type=\"widget\" data-widget_type=\"text-editor.default\"><div class=\"elementor-widget-container\"><ul><li>El precio del paquete est\u00e1 basado en 2 personas.<\/li><\/ul><\/div><\/div>\t\t\t\t\t\t\t\t<\/div>\n\t\t\t\t<\/div>\n\t\t<div class=\"elementor-element elementor-element-af947ac e-grid e-con-full e-con e-child\" data-id=\"af947ac\" data-element_type=\"container\" data-e-type=\"container\">\n\t\t\t\t<div class=\"elementor-element elementor-element-2179d652 elementor-align-left elementor-widget elementor-widget-button\" data-id=\"2179d652\" data-element_type=\"widget\" data-e-type=\"widget\" data-widget_type=\"button.default\">\n\t\t\t\t<div class=\"elementor-widget-container\">\n\t\t\t\t\t\t\t\t\t<div class=\"elementor-button-wrapper\">\n\t\t\t\t\t<a class=\"elementor-button elementor-button-link elementor-size-sm\" href=\"https:\/\/thebelizecollection.com\/es\/contacto\/\">\n\t\t\t\t\t\t<span class=\"elementor-button-content-wrapper\">\n\t\t\t\t\t\t\t\t\t<span class=\"elementor-button-text\">CONTACTO<\/span>\n\t\t\t\t\t<\/span>\n\t\t\t\t\t<\/a>\n\t\t\t\t<\/div>\n\t\t\t\t\t\t\t\t<\/div>\n\t\t\t\t<\/div>\n\t\t\t\t<div class=\"elementor-element elementor-element-8ac75dd elementor-align-left elementor-widget elementor-widget-button\" data-id=\"8ac75dd\" data-element_type=\"widget\" data-e-type=\"widget\" id=\"tbc-go-back\" data-widget_type=\"button.default\">\n\t\t\t\t<div class=\"elementor-widget-container\">\n\t\t\t\t\t\t\t\t\t<div class=\"elementor-button-wrapper\">\n\t\t\t\t\t<a class=\"elementor-button elementor-button-link elementor-size-sm\" href=\"https:\/\/thebelizecollection.com\/vacation-packages\/\">\n\t\t\t\t\t\t<span class=\"elementor-button-content-wrapper\">\n\t\t\t\t\t\t<span class=\"elementor-button-icon\">\n\t\t\t\t<svg aria-hidden=\"true\" class=\"e-font-icon-svg e-fas-arrow-left\" viewBox=\"0 0 448 512\" xmlns=\"http:\/\/www.w3.org\/2000\/svg\"><path d=\"M257.5 445.1l-22.2 22.2c-9.4 9.4-24.6 9.4-33.9 0L7 273c-9.4-9.4-9.4-24.6 0-33.9L201.4 44.7c9.4-9.4 24.6-9.4 33.9 0l22.2 22.2c9.5 9.5 9.3 25-.4 34.3L136.6 216H424c13.3 0 24 10.7 24 24v32c0 13.3-10.7 24-24 24H136.6l120.5 114.8c9.8 9.3 10 24.8.4 34.3z\"><\/path><\/svg>\t\t\t<\/span>\n\t\t\t\t\t\t\t\t\t<span class=\"elementor-button-text\">VER PAQUETES DE VACACIONES<\/span>\n\t\t\t\t\t<\/span>\n\t\t\t\t\t<\/a>\n\t\t\t\t<\/div>\n\t\t\t\t\t\t\t\t<\/div>\n\t\t\t\t<\/div>\n\t\t\t\t<\/div>\n\t\t\t\t<\/div>\n\t\t\t\t\t<\/div>\n\t\t\t\t<\/div>\n\t\t<div class=\"elementor-element elementor-element-24c626f2 e-flex e-con-boxed e-con e-parent\" data-id=\"24c626f2\" data-element_type=\"container\" data-e-type=\"container\">\n\t\t\t\t\t<div class=\"e-con-inner\">\n\t\t\t\t<div class=\"elementor-element elementor-element-bb33e2 elementor-widget elementor-widget-spacer\" data-id=\"bb33e2\" data-element_type=\"widget\" data-e-type=\"widget\" data-widget_type=\"spacer.default\">\n\t\t\t\t<div class=\"elementor-widget-container\">\n\t\t\t\t\t\t\t<div class=\"elementor-spacer\">\n\t\t\t<div class=\"elementor-spacer-inner\"><\/div>\n\t\t<\/div>\n\t\t\t\t\t\t<\/div>\n\t\t\t\t<\/div>\n\t\t\t\t\t<\/div>\n\t\t\t\t<\/div>\n\t\t\t\t<\/div>\n\t\t","protected":false},"excerpt":{"rendered":"<p>Escapada a la Selva y Playa de Belice Descubra Belice, de la Selva a la Costa Emb\u00e1rquese en un viaje por el coraz\u00f3n de Belice, donde cada momento combina aventura, cultura y relajaci\u00f3n. Comience su escapada en las exuberantes selvas tropicales de The Rainforest Lodge at Sleeping Giant, donde las serenas vistas al r\u00edo y [&hellip;]<\/p>\n","protected":false},"author":4,"featured_media":0,"parent":0,"menu_order":0,"comment_status":"closed","ping_status":"closed","template":"page-full-width.php","meta":{"_acf_changed":false,"_vp_format_video_url":"","_vp_image_focal_point":[],"footnotes":""},"categories":[],"tags":[],"class_list":["post-71240","page","type-page","status-publish","hentry"],"acf":[],"yoast_head":"<!-- This site is optimized with the Yoast SEO plugin v27.4 - https:\/\/yoast.com\/product\/yoast-seo-wordpress\/ -->\n<title>Escapada a la Selva y Playa de Belice - The Belize Collection<\/title>\n<meta name=\"robots\" content=\"index, follow, max-snippet:-1, max-image-preview:large, max-video-preview:-1\" \/>\n<link rel=\"canonical\" href=\"https:\/\/thebelizecollection.com\/es\/escapada-a-la-selva-y-playa-de-belice\/\" \/>\n<meta property=\"og:locale\" content=\"es_ES\" \/>\n<meta property=\"og:type\" content=\"article\" \/>\n<meta property=\"og:title\" content=\"Escapada a la Selva y Playa de Belice - The Belize Collection\" \/>\n<meta property=\"og:description\" content=\"Escapada a la Selva y Playa de Belice Descubra Belice, de la Selva a la Costa Emb\u00e1rquese en un viaje por el coraz\u00f3n de Belice, donde cada momento combina aventura, cultura y relajaci\u00f3n. Comience su escapada en las exuberantes selvas tropicales de The Rainforest Lodge at Sleeping Giant, donde las serenas vistas al r\u00edo y [&hellip;]\" \/>\n<meta property=\"og:url\" content=\"https:\/\/thebelizecollection.com\/es\/escapada-a-la-selva-y-playa-de-belice\/\" \/>\n<meta property=\"og:site_name\" content=\"The Belize Collection\" \/>\n<meta property=\"article:modified_time\" content=\"2026-04-01T22:32:06+00:00\" \/>\n<meta name=\"twitter:card\" content=\"summary_large_image\" \/>\n<meta name=\"twitter:label1\" content=\"Tiempo de lectura\" \/>\n\t<meta name=\"twitter:data1\" content=\"1 minuto\" \/>\n<script type=\"application\/ld+json\" class=\"yoast-schema-graph\">{\"@context\":\"https:\\\/\\\/schema.org\",\"@graph\":[{\"@type\":\"WebPage\",\"@id\":\"https:\\\/\\\/thebelizecollection.com\\\/es\\\/escapada-a-la-selva-y-playa-de-belice\\\/\",\"url\":\"https:\\\/\\\/thebelizecollection.com\\\/es\\\/escapada-a-la-selva-y-playa-de-belice\\\/\",\"name\":\"Escapada a la Selva y Playa de Belice - The Belize Collection\",\"isPartOf\":{\"@id\":\"https:\\\/\\\/thebelizecollection.com\\\/es\\\/#website\"},\"datePublished\":\"2026-03-25T17:31:43+00:00\",\"dateModified\":\"2026-04-01T22:32:06+00:00\",\"breadcrumb\":{\"@id\":\"https:\\\/\\\/thebelizecollection.com\\\/es\\\/escapada-a-la-selva-y-playa-de-belice\\\/#breadcrumb\"},\"inLanguage\":\"es\",\"potentialAction\":[{\"@type\":\"ReadAction\",\"target\":[\"https:\\\/\\\/thebelizecollection.com\\\/es\\\/escapada-a-la-selva-y-playa-de-belice\\\/\"]}]},{\"@type\":\"BreadcrumbList\",\"@id\":\"https:\\\/\\\/thebelizecollection.com\\\/es\\\/escapada-a-la-selva-y-playa-de-belice\\\/#breadcrumb\",\"itemListElement\":[{\"@type\":\"ListItem\",\"position\":1,\"name\":\"Home\",\"item\":\"https:\\\/\\\/thebelizecollection.com\\\/es\\\/the-belize-collection\\\/\"},{\"@type\":\"ListItem\",\"position\":2,\"name\":\"Escapada a la Selva y Playa de Belice\"}]},{\"@type\":\"WebSite\",\"@id\":\"https:\\\/\\\/thebelizecollection.com\\\/es\\\/#website\",\"url\":\"https:\\\/\\\/thebelizecollection.com\\\/es\\\/\",\"name\":\"The Belize Collection\",\"description\":\"Everything Belize\",\"potentialAction\":[{\"@type\":\"SearchAction\",\"target\":{\"@type\":\"EntryPoint\",\"urlTemplate\":\"https:\\\/\\\/thebelizecollection.com\\\/es\\\/?s={search_term_string}\"},\"query-input\":{\"@type\":\"PropertyValueSpecification\",\"valueRequired\":true,\"valueName\":\"search_term_string\"}}],\"inLanguage\":\"es\"}]}<\/script>\n<!-- \/ Yoast SEO plugin. -->","yoast_head_json":{"title":"Escapada a la Selva y Playa de Belice - The Belize Collection","robots":{"index":"index","follow":"follow","max-snippet":"max-snippet:-1","max-image-preview":"max-image-preview:large","max-video-preview":"max-video-preview:-1"},"canonical":"https:\/\/thebelizecollection.com\/es\/escapada-a-la-selva-y-playa-de-belice\/","og_locale":"es_ES","og_type":"article","og_title":"Escapada a la Selva y Playa de Belice - The Belize Collection","og_description":"Escapada a la Selva y Playa de Belice Descubra Belice, de la Selva a la Costa Emb\u00e1rquese en un viaje por el coraz\u00f3n de Belice, donde cada momento combina aventura, cultura y relajaci\u00f3n. Comience su escapada en las exuberantes selvas tropicales de The Rainforest Lodge at Sleeping Giant, donde las serenas vistas al r\u00edo y [&hellip;]","og_url":"https:\/\/thebelizecollection.com\/es\/escapada-a-la-selva-y-playa-de-belice\/","og_site_name":"The Belize Collection","article_modified_time":"2026-04-01T22:32:06+00:00","twitter_card":"summary_large_image","twitter_misc":{"Tiempo de lectura":"1 minuto"},"schema":{"@context":"https:\/\/schema.org","@graph":[{"@type":"WebPage","@id":"https:\/\/thebelizecollection.com\/es\/escapada-a-la-selva-y-playa-de-belice\/","url":"https:\/\/thebelizecollection.com\/es\/escapada-a-la-selva-y-playa-de-belice\/","name":"Escapada a la Selva y Playa de Belice - The Belize Collection","isPartOf":{"@id":"https:\/\/thebelizecollection.com\/es\/#website"},"datePublished":"2026-03-25T17:31:43+00:00","dateModified":"2026-04-01T22:32:06+00:00","breadcrumb":{"@id":"https:\/\/thebelizecollection.com\/es\/escapada-a-la-selva-y-playa-de-belice\/#breadcrumb"},"inLanguage":"es","potentialAction":[{"@type":"ReadAction","target":["https:\/\/thebelizecollection.com\/es\/escapada-a-la-selva-y-playa-de-belice\/"]}]},{"@type":"BreadcrumbList","@id":"https:\/\/thebelizecollection.com\/es\/escapada-a-la-selva-y-playa-de-belice\/#breadcrumb","itemListElement":[{"@type":"ListItem","position":1,"name":"Home","item":"https:\/\/thebelizecollection.com\/es\/the-belize-collection\/"},{"@type":"ListItem","position":2,"name":"Escapada a la Selva y Playa de Belice"}]},{"@type":"WebSite","@id":"https:\/\/thebelizecollection.com\/es\/#website","url":"https:\/\/thebelizecollection.com\/es\/","name":"The Belize Collection","description":"Everything Belize","potentialAction":[{"@type":"SearchAction","target":{"@type":"EntryPoint","urlTemplate":"https:\/\/thebelizecollection.com\/es\/?s={search_term_string}"},"query-input":{"@type":"PropertyValueSpecification","valueRequired":true,"valueName":"search_term_string"}}],"inLanguage":"es"}]}},"jetpack_sharing_enabled":true,"_links":{"self":[{"href":"https:\/\/thebelizecollection.com\/es\/wp-json\/wp\/v2\/pages\/71240","targetHints":{"allow":["GET"]}}],"collection":[{"href":"https:\/\/thebelizecollection.com\/es\/wp-json\/wp\/v2\/pages"}],"about":[{"href":"https:\/\/thebelizecollection.com\/es\/wp-json\/wp\/v2\/types\/page"}],"author":[{"embeddable":true,"href":"https:\/\/thebelizecollection.com\/es\/wp-json\/wp\/v2\/users\/4"}],"replies":[{"embeddable":true,"href":"https:\/\/thebelizecollection.com\/es\/wp-json\/wp\/v2\/comments?post=71240"}],"version-history":[{"count":6,"href":"https:\/\/thebelizecollection.com\/es\/wp-json\/wp\/v2\/pages\/71240\/revisions"}],"predecessor-version":[{"id":71281,"href":"https:\/\/thebelizecollection.com\/es\/wp-json\/wp\/v2\/pages\/71240\/revisions\/71281"}],"wp:attachment":[{"href":"https:\/\/thebelizecollection.com\/es\/wp-json\/wp\/v2\/media?parent=71240"}],"wp:term":[{"taxonomy":"category","embeddable":true,"href":"https:\/\/thebelizecollection.com\/es\/wp-json\/wp\/v2\/categories?post=71240"},{"taxonomy":"post_tag","embeddable":true,"href":"https:\/\/thebelizecollection.com\/es\/wp-json\/wp\/v2\/tags?post=71240"}],"curies":[{"name":"wp","href":"https:\/\/api.w.org\/{rel}","templated":true}]}}