{"id":71243,"date":"2026-03-16T13:35:29","date_gmt":"2026-03-16T19:35:29","guid":{"rendered":"https:\/\/thebelizecollection.com\/diseno\/"},"modified":"2026-04-01T16:34:22","modified_gmt":"2026-04-01T22:34:22","slug":"diseno","status":"publish","type":"page","link":"https:\/\/thebelizecollection.com\/es\/diseno\/","title":{"rendered":"Dise\u00f1o"},"content":{"rendered":"\t\t<div data-elementor-type=\"wp-page\" data-elementor-id=\"71243\" class=\"elementor elementor-71243 elementor-68875\" data-elementor-post-type=\"page\">\n\t\t\t\t<div class=\"elementor-element elementor-element-a8f0035 e-con-full elementor-hidden-mobile e-flex e-con e-parent\" data-id=\"a8f0035\" data-element_type=\"container\" data-e-type=\"container\" data-settings=\"{&quot;background_background&quot;:&quot;classic&quot;}\">\n\t\t\t\t<\/div>\n\t\t<div class=\"elementor-element elementor-element-2f4a6c5 e-flex e-con-boxed e-con e-parent\" data-id=\"2f4a6c5\" data-element_type=\"container\" data-e-type=\"container\">\n\t\t\t\t\t<div class=\"e-con-inner\">\n\t\t\t\t<div class=\"elementor-element elementor-element-106104e elementor-widget elementor-widget-spacer\" data-id=\"106104e\" data-element_type=\"widget\" data-e-type=\"widget\" data-widget_type=\"spacer.default\">\n\t\t\t\t<div class=\"elementor-widget-container\">\n\t\t\t\t\t\t\t<div class=\"elementor-spacer\">\n\t\t\t<div class=\"elementor-spacer-inner\"><\/div>\n\t\t<\/div>\n\t\t\t\t\t\t<\/div>\n\t\t\t\t<\/div>\n\t\t\t\t<div class=\"elementor-element elementor-element-b5964dd elementor-widget elementor-widget-heading\" data-id=\"b5964dd\" data-element_type=\"widget\" data-e-type=\"widget\" data-widget_type=\"heading.default\">\n\t\t\t\t<div class=\"elementor-widget-container\">\n\t\t\t\t\t<h1 class=\"elementor-heading-title elementor-size-default\">Resorts inspirados en la naturaleza y la cultura belice\u00f1as<\/h1>\t\t\t\t<\/div>\n\t\t\t\t<\/div>\n\t\t\t\t<div class=\"elementor-element elementor-element-111b4b1 elementor-widget elementor-widget-text-editor\" data-id=\"111b4b1\" data-element_type=\"widget\" data-e-type=\"widget\" data-widget_type=\"text-editor.default\">\n\t\t\t\t<div class=\"elementor-widget-container\">\n\t\t\t\t\t\t\t\t\t<div class=\"elementor-element elementor-element-3fd73d8 elementor-widget elementor-widget-text-editor\" data-id=\"3fd73d8\" data-element_type=\"widget\" data-widget_type=\"text-editor.default\"><div class=\"elementor-widget-container\"><p>Imagine el momento\u2026 cuando entre en su suite y sienta instant\u00e1neamente la conexi\u00f3n con el entorno tropical.<\/p><p>Busca algo m\u00e1s que ubicaci\u00f3n y comodidad al considerar su alojamiento y, s\u00ed, los resorts de The Belize Collection destacan en ambos aspectos. Pero m\u00e1s all\u00e1 de las ubicaciones privilegiadas, cada elecci\u00f3n de dise\u00f1o se realiza para estimular su curiosidad, de modo que pueda relajarse en espacios restauradores que se despliegan como experiencias multisensoriales belice\u00f1as sumamente intrigantes y que destilan tranquilidad. <\/p><p>Conceptualizados en colaboraci\u00f3n con el talento local de dise\u00f1o de interiores Michelle Oliver y su hija Brittnay Tench. Este estudio fundado y dirigido por mujeres no solo se alinea con nuestros valores, sino que tambi\u00e9n crea interiores que suspenden el tiempo. Evocadores e inconfundiblemente belice\u00f1os.  <\/p><p>Tambi\u00e9n descubrir\u00e1 que nada resulta excesivo y, sin embargo, ning\u00fan detalle se pasa por alto. Los espacios abiertos con puertas correderas de cristal hacen que sea deliciosamente dif\u00edcil distinguir el interior del exterior, invit\u00e1ndole siempre a conectar con el paisaje circundante. <\/p><\/div><\/div>\t\t\t\t\t\t\t\t<\/div>\n\t\t\t\t<\/div>\n\t\t\t\t\t<\/div>\n\t\t\t\t<\/div>\n\t\t<div class=\"elementor-element elementor-element-9b51dfc e-flex e-con-boxed e-con e-parent\" data-id=\"9b51dfc\" data-element_type=\"container\" data-e-type=\"container\">\n\t\t\t\t\t<div class=\"e-con-inner\">\n\t\t\t\t<div class=\"elementor-element elementor-element-67f549f elementor-widget elementor-widget-heading\" data-id=\"67f549f\" data-element_type=\"widget\" data-e-type=\"widget\" data-widget_type=\"heading.default\">\n\t\t\t\t<div class=\"elementor-widget-container\">\n\t\t\t\t\t<h1 class=\"elementor-heading-title elementor-size-default\">Siempre una predilecci\u00f3n por los toques t\u00e1ctiles, escult\u00f3ricos y naturales<\/h1>\t\t\t\t<\/div>\n\t\t\t\t<\/div>\n\t\t\t\t<div class=\"elementor-element elementor-element-3d5de6f elementor-widget elementor-widget-text-editor\" data-id=\"3d5de6f\" data-element_type=\"widget\" data-e-type=\"widget\" data-widget_type=\"text-editor.default\">\n\t\t\t\t<div class=\"elementor-widget-container\">\n\t\t\t\t\t\t\t\t\t<div class=\"elementor-element elementor-element-3fd73d8 elementor-widget elementor-widget-text-editor\" data-id=\"3fd73d8\" data-element_type=\"widget\" data-widget_type=\"text-editor.default\"><div class=\"elementor-widget-container\"><p>En <strong>The Lodge at Jaguar Reef<\/strong>, son los azules del mar Caribe, los retratos ecl\u00e9cticos de gran formato y las esculturas murales tridimensionales hechas con hebras de c\u00e1scara de coco y calabazas secas, suspendidas como tesoros recogidos de la costa, las que ofrecen <strong>los fundamentos est\u00e9ticos de una intensa historia belice\u00f1a<\/strong>.<\/p><p>Mientras tanto, en <strong>The Lodge at Sleeping Giant<\/strong> o en su hermana m\u00e1s contempor\u00e1nea <strong>The Banks<\/strong>, marav\u00edllese con las paletas de colores de las suites que combinan tonos de maderas c\u00e1lidas con paredes decorativas de grandes hojas de pl\u00e1tano. Es algo relacionado con <strong>la fusi\u00f3n de materiales t\u00e1ctiles<\/strong> lo que trae el tr\u00f3pico al interior, mientras que los techos altos y las ventanas de gran tama\u00f1o a\u00f1aden atractivo. <\/p><p>Por encima de todo, lo que hace que esto resulte tan gratificante es saber que se trata de <strong>piezas artesanales de origen \u00e9tico creadas por Eliza Barbacy de Itzawood<\/strong>.<\/p><p>Junto con su equipo local, reforestan activamente y trabajan con maderas certificadas FSC, siguiendo un calendario que determina cu\u00e1ndo se puede talar un \u00e1rbol y cu\u00e1ntos deben replantarse a cambio. Es una doble victoria: <strong>repoblar la Reserva de la Biosfera Maya<\/strong> mientras se crean oportunidades de educaci\u00f3n y <strong>empleo<\/strong> para artesanos locales, muchos de ellos mujeres. <\/p><p>Independientemente del resort que elija como hogar, nuestro estilo caracter\u00edstico de l\u00e1mparas y cestas de rat\u00e1n, tejidas a mano con la generosidad de la selva, conmemora la tradici\u00f3n local. Le llamar\u00e1n la atenci\u00f3n en la recepci\u00f3n, de nuevo en nuestros restaurantes y bares y, por supuesto, en sus aposentos privados. <\/p><\/div><\/div>\t\t\t\t\t\t\t\t<\/div>\n\t\t\t\t<\/div>\n\t\t\t\t\t<\/div>\n\t\t\t\t<\/div>\n\t\t<div class=\"elementor-element elementor-element-f70bc1a e-flex e-con-boxed e-con e-parent\" data-id=\"f70bc1a\" data-element_type=\"container\" data-e-type=\"container\">\n\t\t\t\t\t<div class=\"e-con-inner\">\n\t\t\t\t<div class=\"elementor-element elementor-element-7a07397 elementor-widget elementor-widget-spacer\" data-id=\"7a07397\" data-element_type=\"widget\" data-e-type=\"widget\" data-widget_type=\"spacer.default\">\n\t\t\t\t<div class=\"elementor-widget-container\">\n\t\t\t\t\t\t\t<div class=\"elementor-spacer\">\n\t\t\t<div class=\"elementor-spacer-inner\"><\/div>\n\t\t<\/div>\n\t\t\t\t\t\t<\/div>\n\t\t\t\t<\/div>\n\t\t\t\t\t<\/div>\n\t\t\t\t<\/div>\n\t\t\t\t<\/div>\n\t\t","protected":false},"excerpt":{"rendered":"<p>Resorts inspirados en la naturaleza y la cultura belice\u00f1as Imagine el momento\u2026 cuando entre en su suite y sienta instant\u00e1neamente la conexi\u00f3n con el entorno tropical. Busca algo m\u00e1s que ubicaci\u00f3n y comodidad al considerar su alojamiento y, s\u00ed, los resorts de The Belize Collection destacan en ambos aspectos. Pero m\u00e1s all\u00e1 de las ubicaciones [&hellip;]<\/p>\n","protected":false},"author":4,"featured_media":75078,"parent":0,"menu_order":0,"comment_status":"closed","ping_status":"closed","template":"page-full-width.php","meta":{"_acf_changed":false,"_vp_format_video_url":"","_vp_image_focal_point":[],"footnotes":""},"categories":[],"tags":[],"class_list":["post-71243","page","type-page","status-publish","has-post-thumbnail","hentry"],"acf":[],"yoast_head":"<!-- This site is optimized with the Yoast SEO plugin v27.5 - https:\/\/yoast.com\/product\/yoast-seo-wordpress\/ -->\n<title>Dise\u00f1o - The Belize Collection<\/title>\n<meta name=\"description\" content=\"Los resorts de The Belize Collection est\u00e1n inspirados en el entorno y dise\u00f1ados con materiales t\u00e1ctiles y arte local para crear espacios restauradores.\" \/>\n<meta name=\"robots\" content=\"index, follow, max-snippet:-1, max-image-preview:large, max-video-preview:-1\" \/>\n<link rel=\"canonical\" href=\"https:\/\/thebelizecollection.com\/es\/diseno\/\" \/>\n<meta property=\"og:locale\" content=\"es_ES\" \/>\n<meta property=\"og:type\" content=\"article\" \/>\n<meta property=\"og:title\" content=\"Dise\u00f1o - The Belize Collection\" \/>\n<meta property=\"og:description\" content=\"Los resorts de The Belize Collection est\u00e1n inspirados en el entorno y dise\u00f1ados con materiales t\u00e1ctiles y arte local para crear espacios restauradores.\" \/>\n<meta property=\"og:url\" content=\"https:\/\/thebelizecollection.com\/es\/diseno\/\" \/>\n<meta property=\"og:site_name\" content=\"The Belize Collection\" \/>\n<meta property=\"article:modified_time\" content=\"2026-04-01T22:34:22+00:00\" \/>\n<meta name=\"twitter:card\" content=\"summary_large_image\" \/>\n<meta name=\"twitter:label1\" content=\"Tiempo de lectura\" \/>\n\t<meta name=\"twitter:data1\" content=\"2 minutos\" \/>\n<script type=\"application\/ld+json\" class=\"yoast-schema-graph\">{\"@context\":\"https:\\\/\\\/schema.org\",\"@graph\":[{\"@type\":\"WebPage\",\"@id\":\"https:\\\/\\\/thebelizecollection.com\\\/es\\\/diseno\\\/\",\"url\":\"https:\\\/\\\/thebelizecollection.com\\\/es\\\/diseno\\\/\",\"name\":\"Dise\u00f1o - The Belize Collection\",\"isPartOf\":{\"@id\":\"https:\\\/\\\/thebelizecollection.com\\\/es\\\/#website\"},\"primaryImageOfPage\":{\"@id\":\"https:\\\/\\\/thebelizecollection.com\\\/es\\\/diseno\\\/#primaryimage\"},\"image\":{\"@id\":\"https:\\\/\\\/thebelizecollection.com\\\/es\\\/diseno\\\/#primaryimage\"},\"thumbnailUrl\":\"https:\\\/\\\/thebelizecollection.com\\\/wp-content\\\/uploads\\\/2025\\\/09\\\/223A3418-scaled.jpg\",\"datePublished\":\"2026-03-16T19:35:29+00:00\",\"dateModified\":\"2026-04-01T22:34:22+00:00\",\"description\":\"Los resorts de The Belize Collection est\u00e1n inspirados en el entorno y dise\u00f1ados con materiales t\u00e1ctiles y arte local para crear espacios restauradores.\",\"breadcrumb\":{\"@id\":\"https:\\\/\\\/thebelizecollection.com\\\/es\\\/diseno\\\/#breadcrumb\"},\"inLanguage\":\"es\",\"potentialAction\":[{\"@type\":\"ReadAction\",\"target\":[\"https:\\\/\\\/thebelizecollection.com\\\/es\\\/diseno\\\/\"]}]},{\"@type\":\"ImageObject\",\"inLanguage\":\"es\",\"@id\":\"https:\\\/\\\/thebelizecollection.com\\\/es\\\/diseno\\\/#primaryimage\",\"url\":\"https:\\\/\\\/thebelizecollection.com\\\/wp-content\\\/uploads\\\/2025\\\/09\\\/223A3418-scaled.jpg\",\"contentUrl\":\"https:\\\/\\\/thebelizecollection.com\\\/wp-content\\\/uploads\\\/2025\\\/09\\\/223A3418-scaled.jpg\",\"width\":2048,\"height\":1365},{\"@type\":\"BreadcrumbList\",\"@id\":\"https:\\\/\\\/thebelizecollection.com\\\/es\\\/diseno\\\/#breadcrumb\",\"itemListElement\":[{\"@type\":\"ListItem\",\"position\":1,\"name\":\"Home\",\"item\":\"https:\\\/\\\/thebelizecollection.com\\\/es\\\/the-belize-collection\\\/\"},{\"@type\":\"ListItem\",\"position\":2,\"name\":\"Dise\u00f1o\"}]},{\"@type\":\"WebSite\",\"@id\":\"https:\\\/\\\/thebelizecollection.com\\\/es\\\/#website\",\"url\":\"https:\\\/\\\/thebelizecollection.com\\\/es\\\/\",\"name\":\"The Belize Collection\",\"description\":\"Everything Belize\",\"potentialAction\":[{\"@type\":\"SearchAction\",\"target\":{\"@type\":\"EntryPoint\",\"urlTemplate\":\"https:\\\/\\\/thebelizecollection.com\\\/es\\\/?s={search_term_string}\"},\"query-input\":{\"@type\":\"PropertyValueSpecification\",\"valueRequired\":true,\"valueName\":\"search_term_string\"}}],\"inLanguage\":\"es\"}]}<\/script>\n<!-- \/ Yoast SEO plugin. -->","yoast_head_json":{"title":"Dise\u00f1o - The Belize Collection","description":"Los resorts de The Belize Collection est\u00e1n inspirados en el entorno y dise\u00f1ados con materiales t\u00e1ctiles y arte local para crear espacios restauradores.","robots":{"index":"index","follow":"follow","max-snippet":"max-snippet:-1","max-image-preview":"max-image-preview:large","max-video-preview":"max-video-preview:-1"},"canonical":"https:\/\/thebelizecollection.com\/es\/diseno\/","og_locale":"es_ES","og_type":"article","og_title":"Dise\u00f1o - The Belize Collection","og_description":"Los resorts de The Belize Collection est\u00e1n inspirados en el entorno y dise\u00f1ados con materiales t\u00e1ctiles y arte local para crear espacios restauradores.","og_url":"https:\/\/thebelizecollection.com\/es\/diseno\/","og_site_name":"The Belize Collection","article_modified_time":"2026-04-01T22:34:22+00:00","twitter_card":"summary_large_image","twitter_misc":{"Tiempo de lectura":"2 minutos"},"schema":{"@context":"https:\/\/schema.org","@graph":[{"@type":"WebPage","@id":"https:\/\/thebelizecollection.com\/es\/diseno\/","url":"https:\/\/thebelizecollection.com\/es\/diseno\/","name":"Dise\u00f1o - The Belize Collection","isPartOf":{"@id":"https:\/\/thebelizecollection.com\/es\/#website"},"primaryImageOfPage":{"@id":"https:\/\/thebelizecollection.com\/es\/diseno\/#primaryimage"},"image":{"@id":"https:\/\/thebelizecollection.com\/es\/diseno\/#primaryimage"},"thumbnailUrl":"https:\/\/thebelizecollection.com\/wp-content\/uploads\/2025\/09\/223A3418-scaled.jpg","datePublished":"2026-03-16T19:35:29+00:00","dateModified":"2026-04-01T22:34:22+00:00","description":"Los resorts de The Belize Collection est\u00e1n inspirados en el entorno y dise\u00f1ados con materiales t\u00e1ctiles y arte local para crear espacios restauradores.","breadcrumb":{"@id":"https:\/\/thebelizecollection.com\/es\/diseno\/#breadcrumb"},"inLanguage":"es","potentialAction":[{"@type":"ReadAction","target":["https:\/\/thebelizecollection.com\/es\/diseno\/"]}]},{"@type":"ImageObject","inLanguage":"es","@id":"https:\/\/thebelizecollection.com\/es\/diseno\/#primaryimage","url":"https:\/\/thebelizecollection.com\/wp-content\/uploads\/2025\/09\/223A3418-scaled.jpg","contentUrl":"https:\/\/thebelizecollection.com\/wp-content\/uploads\/2025\/09\/223A3418-scaled.jpg","width":2048,"height":1365},{"@type":"BreadcrumbList","@id":"https:\/\/thebelizecollection.com\/es\/diseno\/#breadcrumb","itemListElement":[{"@type":"ListItem","position":1,"name":"Home","item":"https:\/\/thebelizecollection.com\/es\/the-belize-collection\/"},{"@type":"ListItem","position":2,"name":"Dise\u00f1o"}]},{"@type":"WebSite","@id":"https:\/\/thebelizecollection.com\/es\/#website","url":"https:\/\/thebelizecollection.com\/es\/","name":"The Belize Collection","description":"Everything Belize","potentialAction":[{"@type":"SearchAction","target":{"@type":"EntryPoint","urlTemplate":"https:\/\/thebelizecollection.com\/es\/?s={search_term_string}"},"query-input":{"@type":"PropertyValueSpecification","valueRequired":true,"valueName":"search_term_string"}}],"inLanguage":"es"}]}},"jetpack_sharing_enabled":true,"_links":{"self":[{"href":"https:\/\/thebelizecollection.com\/es\/wp-json\/wp\/v2\/pages\/71243","targetHints":{"allow":["GET"]}}],"collection":[{"href":"https:\/\/thebelizecollection.com\/es\/wp-json\/wp\/v2\/pages"}],"about":[{"href":"https:\/\/thebelizecollection.com\/es\/wp-json\/wp\/v2\/types\/page"}],"author":[{"embeddable":true,"href":"https:\/\/thebelizecollection.com\/es\/wp-json\/wp\/v2\/users\/4"}],"replies":[{"embeddable":true,"href":"https:\/\/thebelizecollection.com\/es\/wp-json\/wp\/v2\/comments?post=71243"}],"version-history":[{"count":2,"href":"https:\/\/thebelizecollection.com\/es\/wp-json\/wp\/v2\/pages\/71243\/revisions"}],"predecessor-version":[{"id":71247,"href":"https:\/\/thebelizecollection.com\/es\/wp-json\/wp\/v2\/pages\/71243\/revisions\/71247"}],"wp:featuredmedia":[{"embeddable":true,"href":"https:\/\/thebelizecollection.com\/es\/wp-json\/wp\/v2\/media\/75078"}],"wp:attachment":[{"href":"https:\/\/thebelizecollection.com\/es\/wp-json\/wp\/v2\/media?parent=71243"}],"wp:term":[{"taxonomy":"category","embeddable":true,"href":"https:\/\/thebelizecollection.com\/es\/wp-json\/wp\/v2\/categories?post=71243"},{"taxonomy":"post_tag","embeddable":true,"href":"https:\/\/thebelizecollection.com\/es\/wp-json\/wp\/v2\/tags?post=71243"}],"curies":[{"name":"wp","href":"https:\/\/api.w.org\/{rel}","templated":true}]}}