{"id":71276,"date":"2026-04-14T15:23:41","date_gmt":"2026-04-14T21:23:41","guid":{"rendered":"https:\/\/thebelizecollection.com\/diner-du-vigneron\/"},"modified":"2026-04-22T08:25:44","modified_gmt":"2026-04-22T14:25:44","slug":"diner-du-vigneron","status":"publish","type":"page","link":"https:\/\/thebelizecollection.com\/fr\/diner-du-vigneron\/","title":{"rendered":"D\u00eener du vigneron"},"content":{"rendered":"\t\t<div data-elementor-type=\"wp-page\" data-elementor-id=\"71276\" class=\"elementor elementor-71276 elementor-71138\" data-elementor-post-type=\"page\">\n\t\t\t\t<div class=\"elementor-element elementor-element-90356e4 e-con-full e-flex e-con e-parent\" data-id=\"90356e4\" data-element_type=\"container\" data-e-type=\"container\" data-settings=\"{&quot;background_background&quot;:&quot;classic&quot;}\">\n\t\t\t\t<\/div>\n\t\t<div class=\"elementor-element elementor-element-b6a47dc e-flex e-con-boxed e-con e-parent\" data-id=\"b6a47dc\" data-element_type=\"container\" data-e-type=\"container\">\n\t\t\t\t\t<div class=\"e-con-inner\">\n\t\t\t\t<div class=\"elementor-element elementor-element-52b771d elementor-widget elementor-widget-spacer\" data-id=\"52b771d\" data-element_type=\"widget\" data-e-type=\"widget\" data-widget_type=\"spacer.default\">\n\t\t\t\t<div class=\"elementor-widget-container\">\n\t\t\t\t\t\t\t<div class=\"elementor-spacer\">\n\t\t\t<div class=\"elementor-spacer-inner\"><\/div>\n\t\t<\/div>\n\t\t\t\t\t\t<\/div>\n\t\t\t\t<\/div>\n\t\t\t\t\t<\/div>\n\t\t\t\t<\/div>\n\t\t<div class=\"elementor-element elementor-element-f320cc8 e-flex e-con-boxed e-con e-parent\" data-id=\"f320cc8\" data-element_type=\"container\" data-e-type=\"container\">\n\t\t\t\t\t<div class=\"e-con-inner\">\n\t\t<div class=\"elementor-element elementor-element-5cf0646 e-con-full e-flex e-con e-child\" data-id=\"5cf0646\" data-element_type=\"container\" data-e-type=\"container\">\n\t\t\t\t<div class=\"elementor-element elementor-element-d34d32c elementor-widget elementor-widget-heading\" data-id=\"d34d32c\" data-element_type=\"widget\" data-e-type=\"widget\" data-widget_type=\"heading.default\">\n\t\t\t\t<div class=\"elementor-widget-container\">\n\t\t\t\t\t<h1 class=\"elementor-heading-title elementor-size-default\">D\u00eener du vigneron<\/h1>\t\t\t\t<\/div>\n\t\t\t\t<\/div>\n\t\t\t\t<div class=\"elementor-element elementor-element-20c32f2 elementor-widget elementor-widget-text-editor\" data-id=\"20c32f2\" data-element_type=\"widget\" data-e-type=\"widget\" data-widget_type=\"text-editor.default\">\n\t\t\t\t<div class=\"elementor-widget-container\">\n\t\t\t\t\t\t\t\t\t<div class=\"elementor-element elementor-element-3fd73d8 elementor-widget elementor-widget-text-editor\" data-id=\"3fd73d8\" data-element_type=\"widget\" data-widget_type=\"text-editor.default\"><div class=\"elementor-widget-container\"><p>Rejoignez-nous \u00e0 Placencia pour une soir\u00e9e unique au Blue Reef Beach and Marina.<\/p><p>Nous nous sommes associ\u00e9s aux Chefs du Belize pour vous proposer une exp\u00e9rience culinaire d\u00e9contract\u00e9e et intimiste, avec un menu \u00e0 prix fixe accompagn\u00e9 de vins. Vous d\u00e9gusterez des plats \u00e9labor\u00e9s avec soin tandis que des vignerons vous guideront \u00e0 travers chaque accord, pour un moment ludique, interactif et riche en saveurs. <\/p><p>C\u2019est une v\u00e9ritable exp\u00e9rience culinaire b\u00e9lizienne \u00e0 ne pas manquer.<\/p><\/div><\/div>\t\t\t\t\t\t\t\t<\/div>\n\t\t\t\t<\/div>\n\t\t\t\t<div class=\"elementor-element elementor-element-4f89b1f elementor-widget elementor-widget-text-editor\" data-id=\"4f89b1f\" data-element_type=\"widget\" data-e-type=\"widget\" data-widget_type=\"text-editor.default\">\n\t\t\t\t<div class=\"elementor-widget-container\">\n\t\t\t\t\t\t\t\t\t<p><strong>Lieu :<\/strong> Bamboo Beach Bistro<\/p><p><strong>Date :<\/strong> vendredi 1er mai 2026<\/p><p><strong>Heure :<\/strong> \u00e0 partir de 18h00<\/p><p><strong>Prix :<\/strong> 160,00 $<\/p><p><em>Les billets doivent \u00eatre achet\u00e9s aupr\u00e8s des points de vente du Belize \u2014 d\u00e9tails \u00e0 venir prochainement.<\/em><\/p>\t\t\t\t\t\t\t\t<\/div>\n\t\t\t\t<\/div>\n\t\t\t\t<div class=\"elementor-element elementor-element-f868212 elementor-widget elementor-widget-button\" data-id=\"f868212\" data-element_type=\"widget\" data-e-type=\"widget\" data-widget_type=\"button.default\">\n\t\t\t\t<div class=\"elementor-widget-container\">\n\t\t\t\t\t\t\t\t\t<div class=\"elementor-button-wrapper\">\n\t\t\t\t\t<a class=\"elementor-button elementor-button-link elementor-size-sm\" href=\"https:\/\/www.blackvines.net\/store\/p\/bvbelize-htyna\">\n\t\t\t\t\t\t<span class=\"elementor-button-content-wrapper\">\n\t\t\t\t\t\t\t\t\t<span class=\"elementor-button-text\">Cliquez ici pour confirmer votre pr\u00e9sence<\/span>\n\t\t\t\t\t<\/span>\n\t\t\t\t\t<\/a>\n\t\t\t\t<\/div>\n\t\t\t\t\t\t\t\t<\/div>\n\t\t\t\t<\/div>\n\t\t\t\t<\/div>\n\t\t<div class=\"elementor-element elementor-element-fd989d7 e-con-full e-flex e-con e-child\" data-id=\"fd989d7\" data-element_type=\"container\" data-e-type=\"container\" data-settings=\"{&quot;background_background&quot;:&quot;classic&quot;}\">\n\t\t\t\t<\/div>\n\t\t\t\t\t<\/div>\n\t\t\t\t<\/div>\n\t\t<div class=\"elementor-element elementor-element-5833a0d e-flex e-con-boxed e-con e-parent\" data-id=\"5833a0d\" data-element_type=\"container\" data-e-type=\"container\">\n\t\t\t\t\t<div class=\"e-con-inner\">\n\t\t\t\t<div class=\"elementor-element elementor-element-cc607f1 elementor-widget elementor-widget-spacer\" data-id=\"cc607f1\" data-element_type=\"widget\" data-e-type=\"widget\" data-widget_type=\"spacer.default\">\n\t\t\t\t<div class=\"elementor-widget-container\">\n\t\t\t\t\t\t\t<div class=\"elementor-spacer\">\n\t\t\t<div class=\"elementor-spacer-inner\"><\/div>\n\t\t<\/div>\n\t\t\t\t\t\t<\/div>\n\t\t\t\t<\/div>\n\t\t\t\t\t<\/div>\n\t\t\t\t<\/div>\n\t\t\t\t<\/div>\n\t\t","protected":false},"excerpt":{"rendered":"<p>D\u00eener du vigneron Rejoignez-nous \u00e0 Placencia pour une soir\u00e9e unique au Blue Reef Beach and Marina. Nous nous sommes associ\u00e9s aux Chefs du Belize pour vous proposer une exp\u00e9rience culinaire d\u00e9contract\u00e9e et intimiste, avec un menu \u00e0 prix fixe accompagn\u00e9 de vins. Vous d\u00e9gusterez des plats \u00e9labor\u00e9s avec soin tandis que des vignerons vous guideront [&hellip;]<\/p>\n","protected":false},"author":4,"featured_media":71140,"parent":0,"menu_order":0,"comment_status":"closed","ping_status":"closed","template":"page-full-width.php","meta":{"_acf_changed":false,"_vp_format_video_url":"","_vp_image_focal_point":[],"footnotes":""},"categories":[206],"tags":[],"class_list":["post-71276","page","type-page","status-publish","has-post-thumbnail","hentry","category-rassemblement-tbc"],"acf":[],"yoast_head":"<!-- This site is optimized with the Yoast SEO plugin v27.4 - https:\/\/yoast.com\/product\/yoast-seo-wordpress\/ -->\n<title>D\u00eener du vigneron - The Belize Collection<\/title>\n<meta name=\"robots\" content=\"index, follow, max-snippet:-1, max-image-preview:large, max-video-preview:-1\" \/>\n<link rel=\"canonical\" href=\"https:\/\/thebelizecollection.com\/fr\/diner-du-vigneron\/\" \/>\n<meta property=\"og:locale\" content=\"fr_FR\" \/>\n<meta property=\"og:type\" content=\"article\" \/>\n<meta property=\"og:title\" content=\"D\u00eener du vigneron - The Belize Collection\" \/>\n<meta property=\"og:description\" content=\"D\u00eener du vigneron Rejoignez-nous \u00e0 Placencia pour une soir\u00e9e unique au Blue Reef Beach and Marina. Nous nous sommes associ\u00e9s aux Chefs du Belize pour vous proposer une exp\u00e9rience culinaire d\u00e9contract\u00e9e et intimiste, avec un menu \u00e0 prix fixe accompagn\u00e9 de vins. Vous d\u00e9gusterez des plats \u00e9labor\u00e9s avec soin tandis que des vignerons vous guideront [&hellip;]\" \/>\n<meta property=\"og:url\" content=\"https:\/\/thebelizecollection.com\/fr\/diner-du-vigneron\/\" \/>\n<meta property=\"og:site_name\" content=\"The Belize Collection\" \/>\n<meta property=\"article:modified_time\" content=\"2026-04-22T14:25:44+00:00\" \/>\n<meta property=\"og:image\" content=\"https:\/\/thebelizecollection.com\/wp-content\/uploads\/2026\/03\/115-18-1-1-18-18-28m.jpg\" \/>\n\t<meta property=\"og:image:width\" content=\"720\" \/>\n\t<meta property=\"og:image:height\" content=\"481\" \/>\n\t<meta property=\"og:image:type\" content=\"image\/jpeg\" \/>\n<meta name=\"twitter:card\" content=\"summary_large_image\" \/>\n<meta name=\"twitter:label1\" content=\"Dur\u00e9e de lecture estim\u00e9e\" \/>\n\t<meta name=\"twitter:data1\" content=\"1 minute\" \/>\n<script type=\"application\/ld+json\" class=\"yoast-schema-graph\">{\"@context\":\"https:\\\/\\\/schema.org\",\"@graph\":[{\"@type\":\"WebPage\",\"@id\":\"https:\\\/\\\/thebelizecollection.com\\\/fr\\\/diner-du-vigneron\\\/\",\"url\":\"https:\\\/\\\/thebelizecollection.com\\\/fr\\\/diner-du-vigneron\\\/\",\"name\":\"D\u00eener du vigneron - The Belize Collection\",\"isPartOf\":{\"@id\":\"https:\\\/\\\/thebelizecollection.com\\\/fr\\\/#website\"},\"primaryImageOfPage\":{\"@id\":\"https:\\\/\\\/thebelizecollection.com\\\/fr\\\/diner-du-vigneron\\\/#primaryimage\"},\"image\":{\"@id\":\"https:\\\/\\\/thebelizecollection.com\\\/fr\\\/diner-du-vigneron\\\/#primaryimage\"},\"thumbnailUrl\":\"https:\\\/\\\/thebelizecollection.com\\\/wp-content\\\/uploads\\\/2026\\\/03\\\/115-18-1-1-18-18-28m.jpg\",\"datePublished\":\"2026-04-14T21:23:41+00:00\",\"dateModified\":\"2026-04-22T14:25:44+00:00\",\"breadcrumb\":{\"@id\":\"https:\\\/\\\/thebelizecollection.com\\\/fr\\\/diner-du-vigneron\\\/#breadcrumb\"},\"inLanguage\":\"fr-FR\",\"potentialAction\":[{\"@type\":\"ReadAction\",\"target\":[\"https:\\\/\\\/thebelizecollection.com\\\/fr\\\/diner-du-vigneron\\\/\"]}]},{\"@type\":\"ImageObject\",\"inLanguage\":\"fr-FR\",\"@id\":\"https:\\\/\\\/thebelizecollection.com\\\/fr\\\/diner-du-vigneron\\\/#primaryimage\",\"url\":\"https:\\\/\\\/thebelizecollection.com\\\/wp-content\\\/uploads\\\/2026\\\/03\\\/115-18-1-1-18-18-28m.jpg\",\"contentUrl\":\"https:\\\/\\\/thebelizecollection.com\\\/wp-content\\\/uploads\\\/2026\\\/03\\\/115-18-1-1-18-18-28m.jpg\",\"width\":720,\"height\":481},{\"@type\":\"BreadcrumbList\",\"@id\":\"https:\\\/\\\/thebelizecollection.com\\\/fr\\\/diner-du-vigneron\\\/#breadcrumb\",\"itemListElement\":[{\"@type\":\"ListItem\",\"position\":1,\"name\":\"Home\",\"item\":\"https:\\\/\\\/thebelizecollection.com\\\/fr\\\/the-belize-collection-2\\\/\"},{\"@type\":\"ListItem\",\"position\":2,\"name\":\"D\u00eener du vigneron\"}]},{\"@type\":\"WebSite\",\"@id\":\"https:\\\/\\\/thebelizecollection.com\\\/fr\\\/#website\",\"url\":\"https:\\\/\\\/thebelizecollection.com\\\/fr\\\/\",\"name\":\"The Belize Collection\",\"description\":\"Everything Belize\",\"potentialAction\":[{\"@type\":\"SearchAction\",\"target\":{\"@type\":\"EntryPoint\",\"urlTemplate\":\"https:\\\/\\\/thebelizecollection.com\\\/fr\\\/?s={search_term_string}\"},\"query-input\":{\"@type\":\"PropertyValueSpecification\",\"valueRequired\":true,\"valueName\":\"search_term_string\"}}],\"inLanguage\":\"fr-FR\"}]}<\/script>\n<!-- \/ Yoast SEO plugin. -->","yoast_head_json":{"title":"D\u00eener du vigneron - The Belize Collection","robots":{"index":"index","follow":"follow","max-snippet":"max-snippet:-1","max-image-preview":"max-image-preview:large","max-video-preview":"max-video-preview:-1"},"canonical":"https:\/\/thebelizecollection.com\/fr\/diner-du-vigneron\/","og_locale":"fr_FR","og_type":"article","og_title":"D\u00eener du vigneron - The Belize Collection","og_description":"D\u00eener du vigneron Rejoignez-nous \u00e0 Placencia pour une soir\u00e9e unique au Blue Reef Beach and Marina. Nous nous sommes associ\u00e9s aux Chefs du Belize pour vous proposer une exp\u00e9rience culinaire d\u00e9contract\u00e9e et intimiste, avec un menu \u00e0 prix fixe accompagn\u00e9 de vins. Vous d\u00e9gusterez des plats \u00e9labor\u00e9s avec soin tandis que des vignerons vous guideront [&hellip;]","og_url":"https:\/\/thebelizecollection.com\/fr\/diner-du-vigneron\/","og_site_name":"The Belize Collection","article_modified_time":"2026-04-22T14:25:44+00:00","og_image":[{"width":720,"height":481,"url":"https:\/\/thebelizecollection.com\/wp-content\/uploads\/2026\/03\/115-18-1-1-18-18-28m.jpg","type":"image\/jpeg"}],"twitter_card":"summary_large_image","twitter_misc":{"Dur\u00e9e de lecture estim\u00e9e":"1 minute"},"schema":{"@context":"https:\/\/schema.org","@graph":[{"@type":"WebPage","@id":"https:\/\/thebelizecollection.com\/fr\/diner-du-vigneron\/","url":"https:\/\/thebelizecollection.com\/fr\/diner-du-vigneron\/","name":"D\u00eener du vigneron - The Belize Collection","isPartOf":{"@id":"https:\/\/thebelizecollection.com\/fr\/#website"},"primaryImageOfPage":{"@id":"https:\/\/thebelizecollection.com\/fr\/diner-du-vigneron\/#primaryimage"},"image":{"@id":"https:\/\/thebelizecollection.com\/fr\/diner-du-vigneron\/#primaryimage"},"thumbnailUrl":"https:\/\/thebelizecollection.com\/wp-content\/uploads\/2026\/03\/115-18-1-1-18-18-28m.jpg","datePublished":"2026-04-14T21:23:41+00:00","dateModified":"2026-04-22T14:25:44+00:00","breadcrumb":{"@id":"https:\/\/thebelizecollection.com\/fr\/diner-du-vigneron\/#breadcrumb"},"inLanguage":"fr-FR","potentialAction":[{"@type":"ReadAction","target":["https:\/\/thebelizecollection.com\/fr\/diner-du-vigneron\/"]}]},{"@type":"ImageObject","inLanguage":"fr-FR","@id":"https:\/\/thebelizecollection.com\/fr\/diner-du-vigneron\/#primaryimage","url":"https:\/\/thebelizecollection.com\/wp-content\/uploads\/2026\/03\/115-18-1-1-18-18-28m.jpg","contentUrl":"https:\/\/thebelizecollection.com\/wp-content\/uploads\/2026\/03\/115-18-1-1-18-18-28m.jpg","width":720,"height":481},{"@type":"BreadcrumbList","@id":"https:\/\/thebelizecollection.com\/fr\/diner-du-vigneron\/#breadcrumb","itemListElement":[{"@type":"ListItem","position":1,"name":"Home","item":"https:\/\/thebelizecollection.com\/fr\/the-belize-collection-2\/"},{"@type":"ListItem","position":2,"name":"D\u00eener du vigneron"}]},{"@type":"WebSite","@id":"https:\/\/thebelizecollection.com\/fr\/#website","url":"https:\/\/thebelizecollection.com\/fr\/","name":"The Belize Collection","description":"Everything Belize","potentialAction":[{"@type":"SearchAction","target":{"@type":"EntryPoint","urlTemplate":"https:\/\/thebelizecollection.com\/fr\/?s={search_term_string}"},"query-input":{"@type":"PropertyValueSpecification","valueRequired":true,"valueName":"search_term_string"}}],"inLanguage":"fr-FR"}]}},"jetpack_sharing_enabled":true,"_links":{"self":[{"href":"https:\/\/thebelizecollection.com\/fr\/wp-json\/wp\/v2\/pages\/71276","targetHints":{"allow":["GET"]}}],"collection":[{"href":"https:\/\/thebelizecollection.com\/fr\/wp-json\/wp\/v2\/pages"}],"about":[{"href":"https:\/\/thebelizecollection.com\/fr\/wp-json\/wp\/v2\/types\/page"}],"author":[{"embeddable":true,"href":"https:\/\/thebelizecollection.com\/fr\/wp-json\/wp\/v2\/users\/4"}],"replies":[{"embeddable":true,"href":"https:\/\/thebelizecollection.com\/fr\/wp-json\/wp\/v2\/comments?post=71276"}],"version-history":[{"count":3,"href":"https:\/\/thebelizecollection.com\/fr\/wp-json\/wp\/v2\/pages\/71276\/revisions"}],"predecessor-version":[{"id":74342,"href":"https:\/\/thebelizecollection.com\/fr\/wp-json\/wp\/v2\/pages\/71276\/revisions\/74342"}],"wp:featuredmedia":[{"embeddable":true,"href":"https:\/\/thebelizecollection.com\/fr\/wp-json\/wp\/v2\/media\/71140"}],"wp:attachment":[{"href":"https:\/\/thebelizecollection.com\/fr\/wp-json\/wp\/v2\/media?parent=71276"}],"wp:term":[{"taxonomy":"category","embeddable":true,"href":"https:\/\/thebelizecollection.com\/fr\/wp-json\/wp\/v2\/categories?post=71276"},{"taxonomy":"post_tag","embeddable":true,"href":"https:\/\/thebelizecollection.com\/fr\/wp-json\/wp\/v2\/tags?post=71276"}],"curies":[{"name":"wp","href":"https:\/\/api.w.org\/{rel}","templated":true}]}}