{"id":71278,"date":"2026-03-16T13:35:29","date_gmt":"2026-03-16T19:35:29","guid":{"rendered":"https:\/\/thebelizecollection.com\/design\/"},"modified":"2026-04-30T09:27:36","modified_gmt":"2026-04-30T15:27:36","slug":"design","status":"publish","type":"page","link":"https:\/\/thebelizecollection.com\/fr\/design\/","title":{"rendered":"Con\u00e7u par le Belize, pour vous | Int\u00e9rieurs des resorts The Belize Collection"},"content":{"rendered":"\t\t<div data-elementor-type=\"wp-page\" data-elementor-id=\"71278\" class=\"elementor elementor-71278 elementor-68875\" data-elementor-post-type=\"page\">\n\t\t\t\t<div class=\"elementor-element elementor-element-a8f0035 e-con-full elementor-hidden-mobile e-flex e-con e-parent\" data-id=\"a8f0035\" data-element_type=\"container\" data-e-type=\"container\" data-settings=\"{&quot;background_background&quot;:&quot;classic&quot;}\">\n\t\t\t\t<\/div>\n\t\t<div class=\"elementor-element elementor-element-2f4a6c5 e-flex e-con-boxed e-con e-parent\" data-id=\"2f4a6c5\" data-element_type=\"container\" data-e-type=\"container\">\n\t\t\t\t\t<div class=\"e-con-inner\">\n\t\t\t\t<div class=\"elementor-element elementor-element-106104e elementor-widget elementor-widget-spacer\" data-id=\"106104e\" data-element_type=\"widget\" data-e-type=\"widget\" data-widget_type=\"spacer.default\">\n\t\t\t\t<div class=\"elementor-widget-container\">\n\t\t\t\t\t\t\t<div class=\"elementor-spacer\">\n\t\t\t<div class=\"elementor-spacer-inner\"><\/div>\n\t\t<\/div>\n\t\t\t\t\t\t<\/div>\n\t\t\t\t<\/div>\n\t\t\t\t<div class=\"elementor-element elementor-element-b5964dd elementor-widget elementor-widget-heading\" data-id=\"b5964dd\" data-element_type=\"widget\" data-e-type=\"widget\" data-widget_type=\"heading.default\">\n\t\t\t\t<div class=\"elementor-widget-container\">\n\t\t\t\t\t<h1 class=\"elementor-heading-title elementor-size-default\">Complexes inspir\u00e9s par la nature et la culture b\u00e9liziennes<\/h1>\t\t\t\t<\/div>\n\t\t\t\t<\/div>\n\t\t\t\t<div class=\"elementor-element elementor-element-111b4b1 elementor-widget elementor-widget-text-editor\" data-id=\"111b4b1\" data-element_type=\"widget\" data-e-type=\"widget\" data-widget_type=\"text-editor.default\">\n\t\t\t\t<div class=\"elementor-widget-container\">\n\t\t\t\t\t\t\t\t\t<div class=\"elementor-element elementor-element-3fd73d8 elementor-widget elementor-widget-text-editor\" data-id=\"3fd73d8\" data-element_type=\"widget\" data-widget_type=\"text-editor.default\"><div class=\"elementor-widget-container\"><p>Imaginez le moment\u2026 o\u00f9 vous entrez dans votre suite et vous sentez instantan\u00e9ment en harmonie avec l\u2019environnement tropical.<\/p><p>Vous recherchez plus qu&#8217;un emplacement et un confort lorsque vous choisissez votre h\u00e9bergement et oui, les complexes The Belize Collection excellent dans les deux. Mais au-del\u00e0 des emplacements privil\u00e9gi\u00e9s, chaque choix de design est fait pour stimuler votre curiosit\u00e9, afin que vous puissiez vous d\u00e9tendre dans des espaces ressour\u00e7ants qui se r\u00e9v\u00e8lent \u00eatre des exp\u00e9riences multisensorielles b\u00e9liziennes \u00f4 combien intrigantes et qui respirent la tranquillit\u00e9. <\/p><p>Conceptualis\u00e9 en collaboration avec Michelle Oliver, talent local en design d\u2019int\u00e9rieur, et sa fille Brittnay Tench. Cette entreprise fond\u00e9e et dirig\u00e9e par des femmes s\u2019aligne non seulement sur nos valeurs, mais cr\u00e9e \u00e9galement des int\u00e9rieurs qui suspendent le temps. \u00c9vocateurs et ind\u00e9niablement b\u00e9liziens.  <\/p><p>Vous r\u00e9aliserez \u00e9galement que rien ne semble excessif et pourtant aucun d\u00e9tail n\u2019est n\u00e9glig\u00e9. Les espaces de vie ouverts avec des portes coulissantes en verre rendent la distinction entre l\u2019int\u00e9rieur et l\u2019ext\u00e9rieur d\u00e9licieusement difficile, vous invitant toujours \u00e0 vous connecter avec le paysage environnant. <\/p><\/div><\/div>\t\t\t\t\t\t\t\t<\/div>\n\t\t\t\t<\/div>\n\t\t\t\t\t<\/div>\n\t\t\t\t<\/div>\n\t\t<div class=\"elementor-element elementor-element-9b51dfc e-flex e-con-boxed e-con e-parent\" data-id=\"9b51dfc\" data-element_type=\"container\" data-e-type=\"container\">\n\t\t\t\t\t<div class=\"e-con-inner\">\n\t\t\t\t<div class=\"elementor-element elementor-element-67f549f elementor-widget elementor-widget-heading\" data-id=\"67f549f\" data-element_type=\"widget\" data-e-type=\"widget\" data-widget_type=\"heading.default\">\n\t\t\t\t<div class=\"elementor-widget-container\">\n\t\t\t\t\t<h1 class=\"elementor-heading-title elementor-size-default\">Toujours un penchant pour les touches tactiles, sculpturales et naturelles<\/h1>\t\t\t\t<\/div>\n\t\t\t\t<\/div>\n\t\t\t\t<div class=\"elementor-element elementor-element-3d5de6f elementor-widget elementor-widget-text-editor\" data-id=\"3d5de6f\" data-element_type=\"widget\" data-e-type=\"widget\" data-widget_type=\"text-editor.default\">\n\t\t\t\t<div class=\"elementor-widget-container\">\n\t\t\t\t\t\t\t\t\t<div class=\"elementor-element elementor-element-3fd73d8 elementor-widget elementor-widget-text-editor\" data-id=\"3fd73d8\" data-element_type=\"widget\" data-widget_type=\"text-editor.default\"><div class=\"elementor-widget-container\"><p>Au <strong>Lodge at Jaguar Reef<\/strong>, ce sont les bleus de la mer des Cara\u00efbes, les grands portraits \u00e9clectiques et les sculptures murales tridimensionnelles faites de brins de coques de noix de coco et de calebasses s\u00e9ch\u00e9es, suspendues comme des tr\u00e9sors ramass\u00e9s sur le rivage, qui offrent <strong>les fondements esth\u00e9tiques d\u2019une histoire b\u00e9lizienne audacieuse<\/strong>.<\/p><p>Pendant ce temps, au <strong>Lodge at Sleeping Giant<\/strong> ou \u00e0 sa s\u0153ur plus contemporaine <strong>The Banks<\/strong>, admirez les palettes de couleurs des suites qui m\u00e9langent des nuances de bois chauds avec des murs d\u2019accent de grandes feuilles de bananier. C\u2019est quelque chose \u00e0 propos de <strong>la fusion des mat\u00e9riaux tactiles<\/strong> qui apporte les tropiques \u00e0 l\u2019int\u00e9rieur, tandis que les hauts plafonds et les fen\u00eatres surdimensionn\u00e9es ajoutent \u00e0 l\u2019attrait. <\/p><p>Surtout, ce qui rend cela si agr\u00e9able, c\u2019est de savoir qu\u2019il s\u2019agit de <strong>pi\u00e8ces artisanales d\u2019origine \u00e9thique d\u2019Eliza Barbacy d\u2019Itzawood<\/strong>.<\/p><p>Avec son \u00e9quipe locale, elle reboise activement et travaille avec des bois certifi\u00e9s FSC, en suivant un calendrier qui d\u00e9termine quand un arbre peut \u00eatre coup\u00e9 et combien doivent \u00eatre replant\u00e9s en retour. C\u2019est une double victoire, <strong>reconstituer la R\u00e9serve de la Biosph\u00e8re Maya<\/strong> tout en cr\u00e9ant des opportunit\u00e9s d\u2019\u00e9ducation et <strong>d\u2019emploi<\/strong> pour les artisans locaux, dont beaucoup sont des femmes. <\/p><p>Quel que soit le complexe que vous consid\u00e9rez comme votre chez-vous, notre look signature de lampes et de paniers en rotin, tiss\u00e9s \u00e0 la main \u00e0 partir des richesses de la jungle, comm\u00e9more le folklore local. Ils attireront votre regard \u00e0 l\u2019arriv\u00e9e, puis dans nos restaurants et bars, et bien s\u00fbr dans vos quartiers priv\u00e9s. <\/p><\/div><\/div>\t\t\t\t\t\t\t\t<\/div>\n\t\t\t\t<\/div>\n\t\t\t\t\t<\/div>\n\t\t\t\t<\/div>\n\t\t<div class=\"elementor-element elementor-element-f70bc1a e-flex e-con-boxed e-con e-parent\" data-id=\"f70bc1a\" data-element_type=\"container\" data-e-type=\"container\">\n\t\t\t\t\t<div class=\"e-con-inner\">\n\t\t\t\t<div class=\"elementor-element elementor-element-7a07397 elementor-widget elementor-widget-spacer\" data-id=\"7a07397\" data-element_type=\"widget\" data-e-type=\"widget\" data-widget_type=\"spacer.default\">\n\t\t\t\t<div class=\"elementor-widget-container\">\n\t\t\t\t\t\t\t<div class=\"elementor-spacer\">\n\t\t\t<div class=\"elementor-spacer-inner\"><\/div>\n\t\t<\/div>\n\t\t\t\t\t\t<\/div>\n\t\t\t\t<\/div>\n\t\t\t\t\t<\/div>\n\t\t\t\t<\/div>\n\t\t\t\t<\/div>\n\t\t","protected":false},"excerpt":{"rendered":"<p>Complexes inspir\u00e9s par la nature et la culture b\u00e9liziennes Imaginez le moment\u2026 o\u00f9 vous entrez dans votre suite et vous sentez instantan\u00e9ment en harmonie avec l\u2019environnement tropical. Vous recherchez plus qu&#8217;un emplacement et un confort lorsque vous choisissez votre h\u00e9bergement et oui, les complexes The Belize Collection excellent dans les deux. Mais au-del\u00e0 des emplacements [&hellip;]<\/p>\n","protected":false},"author":4,"featured_media":75076,"parent":0,"menu_order":0,"comment_status":"closed","ping_status":"closed","template":"page-full-width.php","meta":{"_acf_changed":false,"_vp_format_video_url":"","_vp_image_focal_point":[],"footnotes":""},"categories":[],"tags":[],"class_list":["post-71278","page","type-page","status-publish","has-post-thumbnail","hentry"],"acf":[],"yoast_head":"<!-- This site is optimized with the Yoast SEO plugin v27.5 - https:\/\/yoast.com\/product\/yoast-seo-wordpress\/ -->\n<title>Con\u00e7u par le Belize, pour vous | Int\u00e9rieurs des resorts The Belize Collection - The Belize Collection<\/title>\n<meta name=\"description\" content=\"Entrez et ressentez le Belize. Les resorts The Belize Collection sont con\u00e7us pour vous immerger dans les paysages, les textures et l\u2019\u00e2me des tropiques \u2014 imagin\u00e9s par le cabinet de design local fond\u00e9 par des femmes, Michelle Oliver &amp; Brittnay Tench. Chaque d\u00e9tail est intentionnel, chaque espace une invitation \u00e0 ralentir, \u00e0 regarder de plus pr\u00e8s et \u00e0 vous sentir pleinement chez vous dans l\u2019une des plus belles destinations au monde.\" \/>\n<meta name=\"robots\" content=\"index, follow, max-snippet:-1, max-image-preview:large, max-video-preview:-1\" \/>\n<link rel=\"canonical\" href=\"https:\/\/thebelizecollection.com\/fr\/design\/\" \/>\n<meta property=\"og:locale\" content=\"fr_FR\" \/>\n<meta property=\"og:type\" content=\"article\" \/>\n<meta property=\"og:title\" content=\"Con\u00e7u par le Belize, pour vous | Int\u00e9rieurs des resorts The Belize Collection - The Belize Collection\" \/>\n<meta property=\"og:description\" content=\"Entrez et ressentez le Belize. Les resorts The Belize Collection sont con\u00e7us pour vous immerger dans les paysages, les textures et l\u2019\u00e2me des tropiques \u2014 imagin\u00e9s par le cabinet de design local fond\u00e9 par des femmes, Michelle Oliver &amp; Brittnay Tench. Chaque d\u00e9tail est intentionnel, chaque espace une invitation \u00e0 ralentir, \u00e0 regarder de plus pr\u00e8s et \u00e0 vous sentir pleinement chez vous dans l\u2019une des plus belles destinations au monde.\" \/>\n<meta property=\"og:url\" content=\"https:\/\/thebelizecollection.com\/fr\/design\/\" \/>\n<meta property=\"og:site_name\" content=\"The Belize Collection\" \/>\n<meta property=\"article:modified_time\" content=\"2026-04-30T15:27:36+00:00\" \/>\n<meta property=\"og:image\" content=\"https:\/\/thebelizecollection.com\/wp-content\/uploads\/2025\/09\/223A3418-scaled.jpg\" \/>\n\t<meta property=\"og:image:width\" content=\"2048\" \/>\n\t<meta property=\"og:image:height\" content=\"1365\" \/>\n\t<meta property=\"og:image:type\" content=\"image\/jpeg\" \/>\n<meta name=\"twitter:card\" content=\"summary_large_image\" \/>\n<meta name=\"twitter:label1\" content=\"Dur\u00e9e de lecture estim\u00e9e\" \/>\n\t<meta name=\"twitter:data1\" content=\"3 minutes\" \/>\n<script type=\"application\/ld+json\" class=\"yoast-schema-graph\">{\"@context\":\"https:\\\/\\\/schema.org\",\"@graph\":[{\"@type\":\"WebPage\",\"@id\":\"https:\\\/\\\/thebelizecollection.com\\\/fr\\\/design\\\/\",\"url\":\"https:\\\/\\\/thebelizecollection.com\\\/fr\\\/design\\\/\",\"name\":\"Con\u00e7u par le Belize, pour vous | Int\u00e9rieurs des resorts The Belize Collection - The Belize Collection\",\"isPartOf\":{\"@id\":\"https:\\\/\\\/thebelizecollection.com\\\/fr\\\/#website\"},\"primaryImageOfPage\":{\"@id\":\"https:\\\/\\\/thebelizecollection.com\\\/fr\\\/design\\\/#primaryimage\"},\"image\":{\"@id\":\"https:\\\/\\\/thebelizecollection.com\\\/fr\\\/design\\\/#primaryimage\"},\"thumbnailUrl\":\"https:\\\/\\\/thebelizecollection.com\\\/wp-content\\\/uploads\\\/2025\\\/09\\\/223A3418-scaled.jpg\",\"datePublished\":\"2026-03-16T19:35:29+00:00\",\"dateModified\":\"2026-04-30T15:27:36+00:00\",\"description\":\"Entrez et ressentez le Belize. Les resorts The Belize Collection sont con\u00e7us pour vous immerger dans les paysages, les textures et l\u2019\u00e2me des tropiques \u2014 imagin\u00e9s par le cabinet de design local fond\u00e9 par des femmes, Michelle Oliver & Brittnay Tench. Chaque d\u00e9tail est intentionnel, chaque espace une invitation \u00e0 ralentir, \u00e0 regarder de plus pr\u00e8s et \u00e0 vous sentir pleinement chez vous dans l\u2019une des plus belles destinations au monde.\",\"breadcrumb\":{\"@id\":\"https:\\\/\\\/thebelizecollection.com\\\/fr\\\/design\\\/#breadcrumb\"},\"inLanguage\":\"fr-FR\",\"potentialAction\":[{\"@type\":\"ReadAction\",\"target\":[\"https:\\\/\\\/thebelizecollection.com\\\/fr\\\/design\\\/\"]}]},{\"@type\":\"ImageObject\",\"inLanguage\":\"fr-FR\",\"@id\":\"https:\\\/\\\/thebelizecollection.com\\\/fr\\\/design\\\/#primaryimage\",\"url\":\"https:\\\/\\\/thebelizecollection.com\\\/wp-content\\\/uploads\\\/2025\\\/09\\\/223A3418-scaled.jpg\",\"contentUrl\":\"https:\\\/\\\/thebelizecollection.com\\\/wp-content\\\/uploads\\\/2025\\\/09\\\/223A3418-scaled.jpg\",\"width\":2048,\"height\":1365},{\"@type\":\"BreadcrumbList\",\"@id\":\"https:\\\/\\\/thebelizecollection.com\\\/fr\\\/design\\\/#breadcrumb\",\"itemListElement\":[{\"@type\":\"ListItem\",\"position\":1,\"name\":\"Home\",\"item\":\"https:\\\/\\\/thebelizecollection.com\\\/fr\\\/the-belize-collection-2\\\/\"},{\"@type\":\"ListItem\",\"position\":2,\"name\":\"Con\u00e7u par le Belize, pour vous | Int\u00e9rieurs des resorts The Belize Collection\"}]},{\"@type\":\"WebSite\",\"@id\":\"https:\\\/\\\/thebelizecollection.com\\\/fr\\\/#website\",\"url\":\"https:\\\/\\\/thebelizecollection.com\\\/fr\\\/\",\"name\":\"The Belize Collection\",\"description\":\"Everything Belize\",\"potentialAction\":[{\"@type\":\"SearchAction\",\"target\":{\"@type\":\"EntryPoint\",\"urlTemplate\":\"https:\\\/\\\/thebelizecollection.com\\\/fr\\\/?s={search_term_string}\"},\"query-input\":{\"@type\":\"PropertyValueSpecification\",\"valueRequired\":true,\"valueName\":\"search_term_string\"}}],\"inLanguage\":\"fr-FR\"}]}<\/script>\n<!-- \/ Yoast SEO plugin. -->","yoast_head_json":{"title":"Con\u00e7u par le Belize, pour vous | Int\u00e9rieurs des resorts The Belize Collection - The Belize Collection","description":"Entrez et ressentez le Belize. Les resorts The Belize Collection sont con\u00e7us pour vous immerger dans les paysages, les textures et l\u2019\u00e2me des tropiques \u2014 imagin\u00e9s par le cabinet de design local fond\u00e9 par des femmes, Michelle Oliver & Brittnay Tench. Chaque d\u00e9tail est intentionnel, chaque espace une invitation \u00e0 ralentir, \u00e0 regarder de plus pr\u00e8s et \u00e0 vous sentir pleinement chez vous dans l\u2019une des plus belles destinations au monde.","robots":{"index":"index","follow":"follow","max-snippet":"max-snippet:-1","max-image-preview":"max-image-preview:large","max-video-preview":"max-video-preview:-1"},"canonical":"https:\/\/thebelizecollection.com\/fr\/design\/","og_locale":"fr_FR","og_type":"article","og_title":"Con\u00e7u par le Belize, pour vous | Int\u00e9rieurs des resorts The Belize Collection - The Belize Collection","og_description":"Entrez et ressentez le Belize. Les resorts The Belize Collection sont con\u00e7us pour vous immerger dans les paysages, les textures et l\u2019\u00e2me des tropiques \u2014 imagin\u00e9s par le cabinet de design local fond\u00e9 par des femmes, Michelle Oliver & Brittnay Tench. Chaque d\u00e9tail est intentionnel, chaque espace une invitation \u00e0 ralentir, \u00e0 regarder de plus pr\u00e8s et \u00e0 vous sentir pleinement chez vous dans l\u2019une des plus belles destinations au monde.","og_url":"https:\/\/thebelizecollection.com\/fr\/design\/","og_site_name":"The Belize Collection","article_modified_time":"2026-04-30T15:27:36+00:00","og_image":[{"width":2048,"height":1365,"url":"https:\/\/thebelizecollection.com\/wp-content\/uploads\/2025\/09\/223A3418-scaled.jpg","type":"image\/jpeg"}],"twitter_card":"summary_large_image","twitter_misc":{"Dur\u00e9e de lecture estim\u00e9e":"3 minutes"},"schema":{"@context":"https:\/\/schema.org","@graph":[{"@type":"WebPage","@id":"https:\/\/thebelizecollection.com\/fr\/design\/","url":"https:\/\/thebelizecollection.com\/fr\/design\/","name":"Con\u00e7u par le Belize, pour vous | Int\u00e9rieurs des resorts The Belize Collection - The Belize Collection","isPartOf":{"@id":"https:\/\/thebelizecollection.com\/fr\/#website"},"primaryImageOfPage":{"@id":"https:\/\/thebelizecollection.com\/fr\/design\/#primaryimage"},"image":{"@id":"https:\/\/thebelizecollection.com\/fr\/design\/#primaryimage"},"thumbnailUrl":"https:\/\/thebelizecollection.com\/wp-content\/uploads\/2025\/09\/223A3418-scaled.jpg","datePublished":"2026-03-16T19:35:29+00:00","dateModified":"2026-04-30T15:27:36+00:00","description":"Entrez et ressentez le Belize. Les resorts The Belize Collection sont con\u00e7us pour vous immerger dans les paysages, les textures et l\u2019\u00e2me des tropiques \u2014 imagin\u00e9s par le cabinet de design local fond\u00e9 par des femmes, Michelle Oliver & Brittnay Tench. Chaque d\u00e9tail est intentionnel, chaque espace une invitation \u00e0 ralentir, \u00e0 regarder de plus pr\u00e8s et \u00e0 vous sentir pleinement chez vous dans l\u2019une des plus belles destinations au monde.","breadcrumb":{"@id":"https:\/\/thebelizecollection.com\/fr\/design\/#breadcrumb"},"inLanguage":"fr-FR","potentialAction":[{"@type":"ReadAction","target":["https:\/\/thebelizecollection.com\/fr\/design\/"]}]},{"@type":"ImageObject","inLanguage":"fr-FR","@id":"https:\/\/thebelizecollection.com\/fr\/design\/#primaryimage","url":"https:\/\/thebelizecollection.com\/wp-content\/uploads\/2025\/09\/223A3418-scaled.jpg","contentUrl":"https:\/\/thebelizecollection.com\/wp-content\/uploads\/2025\/09\/223A3418-scaled.jpg","width":2048,"height":1365},{"@type":"BreadcrumbList","@id":"https:\/\/thebelizecollection.com\/fr\/design\/#breadcrumb","itemListElement":[{"@type":"ListItem","position":1,"name":"Home","item":"https:\/\/thebelizecollection.com\/fr\/the-belize-collection-2\/"},{"@type":"ListItem","position":2,"name":"Con\u00e7u par le Belize, pour vous | Int\u00e9rieurs des resorts The Belize Collection"}]},{"@type":"WebSite","@id":"https:\/\/thebelizecollection.com\/fr\/#website","url":"https:\/\/thebelizecollection.com\/fr\/","name":"The Belize Collection","description":"Everything Belize","potentialAction":[{"@type":"SearchAction","target":{"@type":"EntryPoint","urlTemplate":"https:\/\/thebelizecollection.com\/fr\/?s={search_term_string}"},"query-input":{"@type":"PropertyValueSpecification","valueRequired":true,"valueName":"search_term_string"}}],"inLanguage":"fr-FR"}]}},"jetpack_sharing_enabled":true,"_links":{"self":[{"href":"https:\/\/thebelizecollection.com\/fr\/wp-json\/wp\/v2\/pages\/71278","targetHints":{"allow":["GET"]}}],"collection":[{"href":"https:\/\/thebelizecollection.com\/fr\/wp-json\/wp\/v2\/pages"}],"about":[{"href":"https:\/\/thebelizecollection.com\/fr\/wp-json\/wp\/v2\/types\/page"}],"author":[{"embeddable":true,"href":"https:\/\/thebelizecollection.com\/fr\/wp-json\/wp\/v2\/users\/4"}],"replies":[{"embeddable":true,"href":"https:\/\/thebelizecollection.com\/fr\/wp-json\/wp\/v2\/comments?post=71278"}],"version-history":[{"count":3,"href":"https:\/\/thebelizecollection.com\/fr\/wp-json\/wp\/v2\/pages\/71278\/revisions"}],"predecessor-version":[{"id":75901,"href":"https:\/\/thebelizecollection.com\/fr\/wp-json\/wp\/v2\/pages\/71278\/revisions\/75901"}],"wp:featuredmedia":[{"embeddable":true,"href":"https:\/\/thebelizecollection.com\/fr\/wp-json\/wp\/v2\/media\/75076"}],"wp:attachment":[{"href":"https:\/\/thebelizecollection.com\/fr\/wp-json\/wp\/v2\/media?parent=71278"}],"wp:term":[{"taxonomy":"category","embeddable":true,"href":"https:\/\/thebelizecollection.com\/fr\/wp-json\/wp\/v2\/categories?post=71278"},{"taxonomy":"post_tag","embeddable":true,"href":"https:\/\/thebelizecollection.com\/fr\/wp-json\/wp\/v2\/tags?post=71278"}],"curies":[{"name":"wp","href":"https:\/\/api.w.org\/{rel}","templated":true}]}}