{"id":71279,"date":"2026-03-25T11:31:43","date_gmt":"2026-03-25T17:31:43","guid":{"rendered":"https:\/\/thebelizecollection.com\/evasion-jungle-et-plage-au-belize\/"},"modified":"2026-04-21T20:23:35","modified_gmt":"2026-04-22T02:23:35","slug":"evasion-jungle-et-plage-au-belize","status":"publish","type":"page","link":"https:\/\/thebelizecollection.com\/fr\/forfaits-vacances\/evasion-jungle-et-plage-au-belize\/","title":{"rendered":"\u00c9vasion Jungle et Plage au Belize"},"content":{"rendered":"\t\t<div data-elementor-type=\"wp-page\" data-elementor-id=\"71279\" class=\"elementor elementor-71279 elementor-70776\" data-elementor-post-type=\"page\">\n\t\t\t\t<div class=\"elementor-element elementor-element-77efa722 e-con-full elementor-hidden-mobile e-flex e-con e-parent\" data-id=\"77efa722\" data-element_type=\"container\" data-e-type=\"container\" data-settings=\"{&quot;background_background&quot;:&quot;classic&quot;}\">\n\t\t\t\t<\/div>\n\t\t<div class=\"elementor-element elementor-element-61e72602 e-flex e-con-boxed e-con e-parent\" data-id=\"61e72602\" data-element_type=\"container\" data-e-type=\"container\">\n\t\t\t\t\t<div class=\"e-con-inner\">\n\t\t<div class=\"elementor-element elementor-element-4a8c92e4 e-con-full e-flex e-con e-child\" data-id=\"4a8c92e4\" data-element_type=\"container\" data-e-type=\"container\" data-settings=\"{&quot;background_background&quot;:&quot;classic&quot;}\">\n\t\t\t\t<\/div>\n\t\t<div class=\"elementor-element elementor-element-30a4e8bc e-con-full e-flex e-con e-child\" data-id=\"30a4e8bc\" data-element_type=\"container\" data-e-type=\"container\">\n\t\t\t\t<div class=\"elementor-element elementor-element-194eaabd elementor-widget elementor-widget-heading\" data-id=\"194eaabd\" data-element_type=\"widget\" data-e-type=\"widget\" data-widget_type=\"heading.default\">\n\t\t\t\t<div class=\"elementor-widget-container\">\n\t\t\t\t\t<h1 class=\"elementor-heading-title elementor-size-default\">\u00c9vasion Jungle et Plage au Belize<\/h1>\t\t\t\t<\/div>\n\t\t\t\t<\/div>\n\t\t\t\t<div class=\"elementor-element elementor-element-19cf3edc elementor-widget elementor-widget-heading\" data-id=\"19cf3edc\" data-element_type=\"widget\" data-e-type=\"widget\" data-widget_type=\"heading.default\">\n\t\t\t\t<div class=\"elementor-widget-container\">\n\t\t\t\t\t<h3 class=\"elementor-heading-title elementor-size-default\">D\u00e9couvrez le Belize, de la jungle au rivage<\/h3>\t\t\t\t<\/div>\n\t\t\t\t<\/div>\n\t\t\t\t<div class=\"elementor-element elementor-element-2f5a4680 elementor-widget elementor-widget-text-editor\" data-id=\"2f5a4680\" data-element_type=\"widget\" data-e-type=\"widget\" data-widget_type=\"text-editor.default\">\n\t\t\t\t<div class=\"elementor-widget-container\">\n\t\t\t\t\t\t\t\t\t<div class=\"elementor-element elementor-element-3fd73d8 elementor-widget elementor-widget-text-editor\" data-id=\"3fd73d8\" data-element_type=\"widget\" data-widget_type=\"text-editor.default\"><div class=\"elementor-widget-container\">Embarquez pour un voyage au c\u0153ur du Belize, o\u00f9 chaque instant m\u00eale aventure, culture et d\u00e9tente. Commencez votre escapade dans les for\u00eats tropicales luxuriantes au Rainforest Lodge at Sleeping Giant, o\u00f9 les vues sereines sur la rivi\u00e8re et les sons de la nature plantent un d\u00e9cor parfait. Ensuite, poursuivez votre p\u00e9riple vers la c\u00f4te cara\u00efbe au Lodge at Jaguar Reef. Ici, les plages de sable fin, les eaux turquoise et les r\u00e9cifs coralliens vibrants vous invitent \u00e0 la plong\u00e9e avec tuba, \u00e0 la baignade ou simplement \u00e0 la relaxation dans le luxe. Chaque jour apporte de nouvelles exp\u00e9riences, de la cuisine locale aux excursions inoubliables, cr\u00e9ant l\u2019\u00e9quilibre parfait entre aventure et tranquillit\u00e9. Que vous recherchiez une escapade romantique, un s\u00e9jour de luxe ou une aventure immersive, ce forfait offre le meilleur du Belize en un seul voyage fluide.     <\/div><\/div>\t\t\t\t\t\t\t\t<\/div>\n\t\t\t\t<\/div>\n\t\t\t\t<div class=\"elementor-element elementor-element-1cf9d517 elementor-widget elementor-widget-heading\" data-id=\"1cf9d517\" data-element_type=\"widget\" data-e-type=\"widget\" data-widget_type=\"heading.default\">\n\t\t\t\t<div class=\"elementor-widget-container\">\n\t\t\t\t\t<h2 class=\"elementor-heading-title elementor-size-default\">Inclus dans cette exp\u00e9rience :<\/h2>\t\t\t\t<\/div>\n\t\t\t\t<\/div>\n\t\t\t\t<div class=\"elementor-element elementor-element-1ea6bd6 elementor-widget elementor-widget-text-editor\" data-id=\"1ea6bd6\" data-element_type=\"widget\" data-e-type=\"widget\" data-widget_type=\"text-editor.default\">\n\t\t\t\t<div class=\"elementor-widget-container\">\n\t\t\t\t\t\t\t\t\t<div class=\"elementor-element elementor-element-3fd73d8 elementor-widget elementor-widget-text-editor\" data-id=\"3fd73d8\" data-element_type=\"widget\" data-widget_type=\"text-editor.default\"><div class=\"elementor-widget-container\"><ul><li aria-level=\"1\">Transfert priv\u00e9 de l\u2019a\u00e9roport international du Belize au Rainforest Lodge at Sleeping Giant le jour de l\u2019arriv\u00e9e<\/li><li aria-level=\"1\">S\u00e9jour de 3 nuits en Suite Riverview avec piscine priv\u00e9e<\/li><li aria-level=\"1\">Petit-d\u00e9jeuner quotidien (1 plat), d\u00e9jeuner (2 plats) et d\u00eener (3 plats). Suppl\u00e9ment de 18,38 $ US pour le homard et les steaks <\/li><li aria-level=\"1\">Visite des ruines mayas de Xunantunich pour 2 personnes<\/li><li aria-level=\"1\">Transfert priv\u00e9 vers The Lodge at Jaguar Reef<\/li><li aria-level=\"1\">S\u00e9jour de 4 nuits en Suite Deluxe avec piscine priv\u00e9e<\/li><li aria-level=\"1\">Petit-d\u00e9jeuner quotidien (1 plat), d\u00e9jeuner (2 plats) et d\u00eener (3 plats). Suppl\u00e9ment de 18,38 $ US pour le homard et les steaks <\/li><li aria-level=\"1\">Excursion de plong\u00e9e avec tuba \u00e0 South Water Caye pour 2 personnes<\/li><li aria-level=\"1\">Transfert priv\u00e9 vers l\u2019a\u00e9roport international du Belize le jour du d\u00e9part<\/li><\/ul><\/div><\/div>\t\t\t\t\t\t\t\t<\/div>\n\t\t\t\t<\/div>\n\t\t\t\t<div class=\"elementor-element elementor-element-573cab3b elementor-widget elementor-widget-heading\" data-id=\"573cab3b\" data-element_type=\"widget\" data-e-type=\"widget\" data-widget_type=\"heading.default\">\n\t\t\t\t<div class=\"elementor-widget-container\">\n\t\t\t\t\t<h2 class=\"elementor-heading-title elementor-size-default\">\u00c0 PARTIR DE 4\u202f999,00 $ USD<\/h2>\t\t\t\t<\/div>\n\t\t\t\t<\/div>\n\t\t\t\t<div class=\"elementor-element elementor-element-6af4589d elementor-widget elementor-widget-text-editor\" data-id=\"6af4589d\" data-element_type=\"widget\" data-e-type=\"widget\" data-widget_type=\"text-editor.default\">\n\t\t\t\t<div class=\"elementor-widget-container\">\n\t\t\t\t\t\t\t\t\t<div class=\"elementor-element elementor-element-3fd73d8 elementor-widget elementor-widget-text-editor\" data-id=\"3fd73d8\" data-element_type=\"widget\" data-widget_type=\"text-editor.default\"><div class=\"elementor-widget-container\"><ul><li>Le prix du forfait est bas\u00e9 sur 2 personnes.<\/li><\/ul><\/div><\/div>\t\t\t\t\t\t\t\t<\/div>\n\t\t\t\t<\/div>\n\t\t<div class=\"elementor-element elementor-element-af947ac e-grid e-con-full e-con e-child\" data-id=\"af947ac\" data-element_type=\"container\" data-e-type=\"container\">\n\t\t\t\t<div class=\"elementor-element elementor-element-2179d652 elementor-align-left elementor-widget elementor-widget-button\" data-id=\"2179d652\" data-element_type=\"widget\" data-e-type=\"widget\" data-widget_type=\"button.default\">\n\t\t\t\t<div class=\"elementor-widget-container\">\n\t\t\t\t\t\t\t\t\t<div class=\"elementor-button-wrapper\">\n\t\t\t\t\t<a class=\"elementor-button elementor-button-link elementor-size-sm\" href=\"https:\/\/thebelizecollection.com\/fr\/contactez-nous\/\">\n\t\t\t\t\t\t<span class=\"elementor-button-content-wrapper\">\n\t\t\t\t\t\t\t\t\t<span class=\"elementor-button-text\">CONTACTEZ-NOUS<\/span>\n\t\t\t\t\t<\/span>\n\t\t\t\t\t<\/a>\n\t\t\t\t<\/div>\n\t\t\t\t\t\t\t\t<\/div>\n\t\t\t\t<\/div>\n\t\t\t\t<div class=\"elementor-element elementor-element-8ac75dd elementor-align-left elementor-widget elementor-widget-button\" data-id=\"8ac75dd\" data-element_type=\"widget\" data-e-type=\"widget\" id=\"tbc-go-back\" data-widget_type=\"button.default\">\n\t\t\t\t<div class=\"elementor-widget-container\">\n\t\t\t\t\t\t\t\t\t<div class=\"elementor-button-wrapper\">\n\t\t\t\t\t<a class=\"elementor-button elementor-button-link elementor-size-sm\" href=\"https:\/\/thebelizecollection.com\/fr\/forfaits-vacances\/\">\n\t\t\t\t\t\t<span class=\"elementor-button-content-wrapper\">\n\t\t\t\t\t\t<span class=\"elementor-button-icon\">\n\t\t\t\t<svg aria-hidden=\"true\" class=\"e-font-icon-svg e-fas-arrow-left\" viewBox=\"0 0 448 512\" xmlns=\"http:\/\/www.w3.org\/2000\/svg\"><path d=\"M257.5 445.1l-22.2 22.2c-9.4 9.4-24.6 9.4-33.9 0L7 273c-9.4-9.4-9.4-24.6 0-33.9L201.4 44.7c9.4-9.4 24.6-9.4 33.9 0l22.2 22.2c9.5 9.5 9.3 25-.4 34.3L136.6 216H424c13.3 0 24 10.7 24 24v32c0 13.3-10.7 24-24 24H136.6l120.5 114.8c9.8 9.3 10 24.8.4 34.3z\"><\/path><\/svg>\t\t\t<\/span>\n\t\t\t\t\t\t\t\t\t<span class=\"elementor-button-text\">VOIR LES FORFAITS VACANCES<\/span>\n\t\t\t\t\t<\/span>\n\t\t\t\t\t<\/a>\n\t\t\t\t<\/div>\n\t\t\t\t\t\t\t\t<\/div>\n\t\t\t\t<\/div>\n\t\t\t\t<\/div>\n\t\t\t\t<\/div>\n\t\t\t\t\t<\/div>\n\t\t\t\t<\/div>\n\t\t<div class=\"elementor-element elementor-element-24c626f2 e-flex e-con-boxed e-con e-parent\" data-id=\"24c626f2\" data-element_type=\"container\" data-e-type=\"container\">\n\t\t\t\t\t<div class=\"e-con-inner\">\n\t\t\t\t<div class=\"elementor-element elementor-element-bb33e2 elementor-widget elementor-widget-spacer\" data-id=\"bb33e2\" data-element_type=\"widget\" data-e-type=\"widget\" data-widget_type=\"spacer.default\">\n\t\t\t\t<div class=\"elementor-widget-container\">\n\t\t\t\t\t\t\t<div class=\"elementor-spacer\">\n\t\t\t<div class=\"elementor-spacer-inner\"><\/div>\n\t\t<\/div>\n\t\t\t\t\t\t<\/div>\n\t\t\t\t<\/div>\n\t\t\t\t\t<\/div>\n\t\t\t\t<\/div>\n\t\t\t\t<\/div>\n\t\t","protected":false},"excerpt":{"rendered":"<p>\u00c9vasion Jungle et Plage au Belize D\u00e9couvrez le Belize, de la jungle au rivage Embarquez pour un voyage au c\u0153ur du Belize, o\u00f9 chaque instant m\u00eale aventure, culture et d\u00e9tente. Commencez votre escapade dans les for\u00eats tropicales luxuriantes au Rainforest Lodge at Sleeping Giant, o\u00f9 les vues sereines sur la rivi\u00e8re et les sons de [&hellip;]<\/p>\n","protected":false},"author":4,"featured_media":0,"parent":74303,"menu_order":0,"comment_status":"closed","ping_status":"closed","template":"page-full-width.php","meta":{"_acf_changed":false,"_vp_format_video_url":"","_vp_image_focal_point":[],"footnotes":""},"categories":[],"tags":[],"class_list":["post-71279","page","type-page","status-publish","hentry"],"acf":[],"yoast_head":"<!-- This site is optimized with the Yoast SEO plugin v27.4 - https:\/\/yoast.com\/product\/yoast-seo-wordpress\/ -->\n<title>\u00c9vasion Jungle et Plage au Belize - The Belize Collection<\/title>\n<meta name=\"robots\" content=\"index, follow, max-snippet:-1, max-image-preview:large, max-video-preview:-1\" \/>\n<link rel=\"canonical\" href=\"https:\/\/thebelizecollection.com\/fr\/forfaits-vacances\/evasion-jungle-et-plage-au-belize\/\" \/>\n<meta property=\"og:locale\" content=\"fr_FR\" \/>\n<meta property=\"og:type\" content=\"article\" \/>\n<meta property=\"og:title\" content=\"\u00c9vasion Jungle et Plage au Belize - The Belize Collection\" \/>\n<meta property=\"og:description\" content=\"\u00c9vasion Jungle et Plage au Belize D\u00e9couvrez le Belize, de la jungle au rivage Embarquez pour un voyage au c\u0153ur du Belize, o\u00f9 chaque instant m\u00eale aventure, culture et d\u00e9tente. Commencez votre escapade dans les for\u00eats tropicales luxuriantes au Rainforest Lodge at Sleeping Giant, o\u00f9 les vues sereines sur la rivi\u00e8re et les sons de [&hellip;]\" \/>\n<meta property=\"og:url\" content=\"https:\/\/thebelizecollection.com\/fr\/forfaits-vacances\/evasion-jungle-et-plage-au-belize\/\" \/>\n<meta property=\"og:site_name\" content=\"The Belize Collection\" \/>\n<meta property=\"article:modified_time\" content=\"2026-04-22T02:23:35+00:00\" \/>\n<meta name=\"twitter:card\" content=\"summary_large_image\" \/>\n<meta name=\"twitter:label1\" content=\"Dur\u00e9e de lecture estim\u00e9e\" \/>\n\t<meta name=\"twitter:data1\" content=\"2 minutes\" \/>\n<script type=\"application\/ld+json\" class=\"yoast-schema-graph\">{\"@context\":\"https:\\\/\\\/schema.org\",\"@graph\":[{\"@type\":\"WebPage\",\"@id\":\"https:\\\/\\\/thebelizecollection.com\\\/fr\\\/forfaits-vacances\\\/evasion-jungle-et-plage-au-belize\\\/\",\"url\":\"https:\\\/\\\/thebelizecollection.com\\\/fr\\\/forfaits-vacances\\\/evasion-jungle-et-plage-au-belize\\\/\",\"name\":\"\u00c9vasion Jungle et Plage au Belize - The Belize Collection\",\"isPartOf\":{\"@id\":\"https:\\\/\\\/thebelizecollection.com\\\/fr\\\/#website\"},\"datePublished\":\"2026-03-25T17:31:43+00:00\",\"dateModified\":\"2026-04-22T02:23:35+00:00\",\"breadcrumb\":{\"@id\":\"https:\\\/\\\/thebelizecollection.com\\\/fr\\\/forfaits-vacances\\\/evasion-jungle-et-plage-au-belize\\\/#breadcrumb\"},\"inLanguage\":\"fr-FR\",\"potentialAction\":[{\"@type\":\"ReadAction\",\"target\":[\"https:\\\/\\\/thebelizecollection.com\\\/fr\\\/forfaits-vacances\\\/evasion-jungle-et-plage-au-belize\\\/\"]}]},{\"@type\":\"BreadcrumbList\",\"@id\":\"https:\\\/\\\/thebelizecollection.com\\\/fr\\\/forfaits-vacances\\\/evasion-jungle-et-plage-au-belize\\\/#breadcrumb\",\"itemListElement\":[{\"@type\":\"ListItem\",\"position\":1,\"name\":\"Home\",\"item\":\"https:\\\/\\\/thebelizecollection.com\\\/fr\\\/the-belize-collection-2\\\/\"},{\"@type\":\"ListItem\",\"position\":2,\"name\":\"Forfaits Vacances\",\"item\":\"https:\\\/\\\/thebelizecollection.com\\\/fr\\\/forfaits-vacances\\\/\"},{\"@type\":\"ListItem\",\"position\":3,\"name\":\"\u00c9vasion Jungle et Plage au Belize\"}]},{\"@type\":\"WebSite\",\"@id\":\"https:\\\/\\\/thebelizecollection.com\\\/fr\\\/#website\",\"url\":\"https:\\\/\\\/thebelizecollection.com\\\/fr\\\/\",\"name\":\"The Belize Collection\",\"description\":\"Everything Belize\",\"potentialAction\":[{\"@type\":\"SearchAction\",\"target\":{\"@type\":\"EntryPoint\",\"urlTemplate\":\"https:\\\/\\\/thebelizecollection.com\\\/fr\\\/?s={search_term_string}\"},\"query-input\":{\"@type\":\"PropertyValueSpecification\",\"valueRequired\":true,\"valueName\":\"search_term_string\"}}],\"inLanguage\":\"fr-FR\"}]}<\/script>\n<!-- \/ Yoast SEO plugin. -->","yoast_head_json":{"title":"\u00c9vasion Jungle et Plage au Belize - The Belize Collection","robots":{"index":"index","follow":"follow","max-snippet":"max-snippet:-1","max-image-preview":"max-image-preview:large","max-video-preview":"max-video-preview:-1"},"canonical":"https:\/\/thebelizecollection.com\/fr\/forfaits-vacances\/evasion-jungle-et-plage-au-belize\/","og_locale":"fr_FR","og_type":"article","og_title":"\u00c9vasion Jungle et Plage au Belize - The Belize Collection","og_description":"\u00c9vasion Jungle et Plage au Belize D\u00e9couvrez le Belize, de la jungle au rivage Embarquez pour un voyage au c\u0153ur du Belize, o\u00f9 chaque instant m\u00eale aventure, culture et d\u00e9tente. Commencez votre escapade dans les for\u00eats tropicales luxuriantes au Rainforest Lodge at Sleeping Giant, o\u00f9 les vues sereines sur la rivi\u00e8re et les sons de [&hellip;]","og_url":"https:\/\/thebelizecollection.com\/fr\/forfaits-vacances\/evasion-jungle-et-plage-au-belize\/","og_site_name":"The Belize Collection","article_modified_time":"2026-04-22T02:23:35+00:00","twitter_card":"summary_large_image","twitter_misc":{"Dur\u00e9e de lecture estim\u00e9e":"2 minutes"},"schema":{"@context":"https:\/\/schema.org","@graph":[{"@type":"WebPage","@id":"https:\/\/thebelizecollection.com\/fr\/forfaits-vacances\/evasion-jungle-et-plage-au-belize\/","url":"https:\/\/thebelizecollection.com\/fr\/forfaits-vacances\/evasion-jungle-et-plage-au-belize\/","name":"\u00c9vasion Jungle et Plage au Belize - The Belize Collection","isPartOf":{"@id":"https:\/\/thebelizecollection.com\/fr\/#website"},"datePublished":"2026-03-25T17:31:43+00:00","dateModified":"2026-04-22T02:23:35+00:00","breadcrumb":{"@id":"https:\/\/thebelizecollection.com\/fr\/forfaits-vacances\/evasion-jungle-et-plage-au-belize\/#breadcrumb"},"inLanguage":"fr-FR","potentialAction":[{"@type":"ReadAction","target":["https:\/\/thebelizecollection.com\/fr\/forfaits-vacances\/evasion-jungle-et-plage-au-belize\/"]}]},{"@type":"BreadcrumbList","@id":"https:\/\/thebelizecollection.com\/fr\/forfaits-vacances\/evasion-jungle-et-plage-au-belize\/#breadcrumb","itemListElement":[{"@type":"ListItem","position":1,"name":"Home","item":"https:\/\/thebelizecollection.com\/fr\/the-belize-collection-2\/"},{"@type":"ListItem","position":2,"name":"Forfaits Vacances","item":"https:\/\/thebelizecollection.com\/fr\/forfaits-vacances\/"},{"@type":"ListItem","position":3,"name":"\u00c9vasion Jungle et Plage au Belize"}]},{"@type":"WebSite","@id":"https:\/\/thebelizecollection.com\/fr\/#website","url":"https:\/\/thebelizecollection.com\/fr\/","name":"The Belize Collection","description":"Everything Belize","potentialAction":[{"@type":"SearchAction","target":{"@type":"EntryPoint","urlTemplate":"https:\/\/thebelizecollection.com\/fr\/?s={search_term_string}"},"query-input":{"@type":"PropertyValueSpecification","valueRequired":true,"valueName":"search_term_string"}}],"inLanguage":"fr-FR"}]}},"jetpack_sharing_enabled":true,"_links":{"self":[{"href":"https:\/\/thebelizecollection.com\/fr\/wp-json\/wp\/v2\/pages\/71279","targetHints":{"allow":["GET"]}}],"collection":[{"href":"https:\/\/thebelizecollection.com\/fr\/wp-json\/wp\/v2\/pages"}],"about":[{"href":"https:\/\/thebelizecollection.com\/fr\/wp-json\/wp\/v2\/types\/page"}],"author":[{"embeddable":true,"href":"https:\/\/thebelizecollection.com\/fr\/wp-json\/wp\/v2\/users\/4"}],"replies":[{"embeddable":true,"href":"https:\/\/thebelizecollection.com\/fr\/wp-json\/wp\/v2\/comments?post=71279"}],"version-history":[{"count":3,"href":"https:\/\/thebelizecollection.com\/fr\/wp-json\/wp\/v2\/pages\/71279\/revisions"}],"predecessor-version":[{"id":71442,"href":"https:\/\/thebelizecollection.com\/fr\/wp-json\/wp\/v2\/pages\/71279\/revisions\/71442"}],"up":[{"embeddable":true,"href":"https:\/\/thebelizecollection.com\/fr\/wp-json\/wp\/v2\/pages\/74303"}],"wp:attachment":[{"href":"https:\/\/thebelizecollection.com\/fr\/wp-json\/wp\/v2\/media?parent=71279"}],"wp:term":[{"taxonomy":"category","embeddable":true,"href":"https:\/\/thebelizecollection.com\/fr\/wp-json\/wp\/v2\/categories?post=71279"},{"taxonomy":"post_tag","embeddable":true,"href":"https:\/\/thebelizecollection.com\/fr\/wp-json\/wp\/v2\/tags?post=71279"}],"curies":[{"name":"wp","href":"https:\/\/api.w.org\/{rel}","templated":true}]}}